{"id":1855,"date":"2023-07-22T09:58:42","date_gmt":"2023-07-22T01:58:42","guid":{"rendered":"https:\/\/mlkjlasers.com\/?post_type=product&#038;p=1855"},"modified":"2026-01-26T09:23:22","modified_gmt":"2026-01-26T01:23:22","slug":"mlkj-medical-diode-laser-titanium-double-handle-hair-removal-machine-2-3","status":"publish","type":"product","link":"https:\/\/www.mlkjlasers.com\/fr\/product\/mlkj-medical-diode-laser-titanium-double-handle-hair-removal-machine-2-3\/","title":{"rendered":"Technologie d'\u00e9pilation laser \u00e0 diode approuv\u00e9e par la FDA 808 machine d'\u00e9pilation laser \u00e0 diode\u00a0"},"content":{"rendered":"<table style=\"border-collapse: collapse; width: 100%; height: 174px;\">\n<tbody>\n<tr style=\"height: 16px;\">\n<td style=\"width: 44.9553%; height: 16px;\"><span style=\"font-family: helvetica, arial, sans-serif; color: #000000; font-size: 14pt;\">Machine d'\u00e9pilation laser \u00e0 diode MLKJ\u00a0<\/span><\/td>\n<td style=\"width: 55.0447%; height: 16px;\"><span style=\"font-family: helvetica, arial, sans-serif; color: #000000; font-size: 14pt;\">Num\u00e9ro de mod\u00e8le: Laser de diode V17<\/span><\/td>\n<\/tr>\n<tr style=\"height: 24px;\">\n<td style=\"width: 44.9553%; height: 24px;\"><span style=\"font-family: helvetica, arial, sans-serif; color: #000000; font-size: 14pt;\">Longueur d'onde: 808nm ou 755 808 1064nm<\/span><\/td>\n<td style=\"width: 55.0447%; height: 24px;\"><span style=\"font-family: helvetica, arial, sans-serif; color: #000000; font-size: 14pt;\">Taille de l'\u00e9cran: \u00e9cran tactile de 12 pouces<\/span><\/td>\n<\/tr>\n<tr style=\"height: 24px;\">\n<td style=\"width: 44.9553%; height: 24px;\"><span style=\"font-family: helvetica, arial, sans-serif; color: #000000; font-size: 14pt;\">Dur\u00e9e de vie : 40 millions de coups<\/span><\/td>\n<td style=\"width: 55.0447%; height: 24px;\"><span style=\"font-family: helvetica, arial, sans-serif; color: #000000; font-size: 14pt;\">Dur\u00e9e de l'impulsion: 10-300ms<\/span><\/td>\n<\/tr>\n<tr style=\"height: 24px;\">\n<td style=\"width: 44.9553%; height: 24px;\"><span style=\"font-family: helvetica, arial, sans-serif; color: #000000; font-size: 14pt;\">Bande laser: 100w pour chacun, barre laser coh\u00e9rente de l'Am\u00e9rique<\/span><\/td>\n<td style=\"width: 55.0447%; height: 24px;\"><span style=\"font-family: helvetica, arial, sans-serif; color: #000000; font-size: 14pt;\">Fr\u00e9quence: 1-10hz<\/span><\/td>\n<\/tr>\n<tr style=\"height: 24px;\">\n<td style=\"width: 44.9553%; height: 24px;\"><span style=\"font-family: helvetica, arial, sans-serif; color: #000000; font-size: 14pt;\">Taille du point: taille du point 12x20mm et 12x35mm<\/span><\/td>\n<td style=\"width: 55.0447%; height: 24px;\"><span style=\"font-family: helvetica, arial, sans-serif; color: #000000; font-size: 14pt;\">\u00c9nergie: 1-150J<\/span><\/td>\n<\/tr>\n<tr style=\"height: 24px;\">\n<td style=\"width: 44.9553%; height: 24px;\"><span style=\"font-family: helvetica, arial, sans-serif; color: #000000; font-size: 14pt;\">Syst\u00e8me de refroidissement: TEC air d'eau<\/span><\/td>\n<td style=\"width: 55.0447%; height: 24px;\"><span style=\"font-family: helvetica, arial, sans-serif; color: #000000; font-size: 14pt;\">Puissance de la machine: 3000W<\/span><\/td>\n<\/tr>\n<tr style=\"height: 24px;\">\n<td style=\"width: 44.9553%; height: 24px;\"><span style=\"font-family: helvetica, arial, sans-serif; color: #000000; font-size: 14pt;\">Tension: AC110V 60HZ \/ AC220V 50HZ<\/span><\/td>\n<td style=\"width: 55.0447%; height: 24px;\"><span style=\"font-family: helvetica, arial, sans-serif; color: #000000; font-size: 14pt;\">Taille de la machine: 1000mm * 480mm * 520mm<\/span><\/td>\n<\/tr>\n<tr style=\"height: 14px;\">\n<td style=\"width: 44.9553%; height: 14px;\"><span style=\"font-family: helvetica, arial, sans-serif; color: #000000; font-size: 14pt;\">Paquet: Bo\u00eete en aluminium<\/span><\/td>\n<td style=\"width: 55.0447%; height: 14px;\"><span style=\"font-family: helvetica, arial, sans-serif; color: #000000; font-size: 14pt;\">Garantie de service: 2 ans de garantie<\/span><\/td>\n<\/tr>\n<\/tbody>\n<\/table>\n<div><\/div>\n<div><span style=\"font-size: 14pt;\"><img fetchpriority=\"high\" decoding=\"async\" class=\"aligncenter wp-image-3542\" src=\"https:\/\/www.mlkjlasers.com\/wp-content\/uploads\/2026\/01\/808V174K-\u5c4f\u8be6\u60c5\u98751.jpg\" alt=\"\" width=\"1920\" height=\"2442\" srcset=\"https:\/\/www.mlkjlasers.com\/wp-content\/uploads\/2026\/01\/808V174K-\u5c4f\u8be6\u60c5\u98751.jpg 750w, https:\/\/www.mlkjlasers.com\/wp-content\/uploads\/2026\/01\/808V174K-\u5c4f\u8be6\u60c5\u98751-236x300.jpg 236w, https:\/\/www.mlkjlasers.com\/wp-content\/uploads\/2026\/01\/808V174K-\u5c4f\u8be6\u60c5\u98751-600x763.jpg 600w\" sizes=\"(max-width: 1920px) 100vw, 1920px\" \/><\/span><\/div>\n<div><\/div>\n<div><\/div>\n<div><span style=\"font-family: helvetica, arial, sans-serif; font-size: 14pt;\"><strong>L'\u00e9dition MLKJ combine 3 longueurs d'onde laser en une seule pi\u00e8ce \u00e0 main innovante, ciblant simultan\u00e9ment diff\u00e9rentes profondeurs de tissu ainsi que des structures anatomiques au sein du follicule pileux.<\/strong><\/span><\/div>\n<div>\n<div>\n<div class=\"J_module\">\n<div class=\"detail-decorate-json-renderer-container\">\n<div class=\"magic-4\">\n<div class=\"magic-5\">\n<div class=\"magic-6\" data-spm-anchor-id=\"a2700.wholesale.0.i58.1c986547E0aT7y\">\n<div class=\"magic-7\">\n<div style=\"text-align: left;\"><\/div>\n<div style=\"text-align: left;\"><span class=\"magic-9\" style=\"font-family: helvetica, arial, sans-serif; color: #000000; font-size: 14pt;\">TEC\/Compressor est une technologie avanc\u00e9e qui refroidit en permanence la peau et facilite la temp\u00e9rature contr\u00f4l\u00e9e pendant tout le traitement. Les feuilles TEC sur la poign\u00e9e minimisent les risques \u00e9pidermiques tout en conservant la chaleur. La temp\u00e9rature reste contr\u00f4l\u00e9e et constante, ce qui contribue \u00e0 l\u2019efficacit\u00e9 de la diode. Les patients peuvent maintenant profiter d'une exp\u00e9rience totalement sans douleur, fra\u00eeche et confortable tout au long de la s\u00e9ance.<\/span><\/div>\n<div><img decoding=\"async\" class=\"aligncenter wp-image-3547\" src=\"https:\/\/www.mlkjlasers.com\/wp-content\/uploads\/2026\/01\/808V174K-\u5c4f\u8be6\u60c5\u98756.jpg\" alt=\"\" width=\"1920\" height=\"1892\" srcset=\"https:\/\/www.mlkjlasers.com\/wp-content\/uploads\/2026\/01\/808V174K-\u5c4f\u8be6\u60c5\u98756.jpg 750w, https:\/\/www.mlkjlasers.com\/wp-content\/uploads\/2026\/01\/808V174K-\u5c4f\u8be6\u60c5\u98756-300x296.jpg 300w, https:\/\/www.mlkjlasers.com\/wp-content\/uploads\/2026\/01\/808V174K-\u5c4f\u8be6\u60c5\u98756-600x591.jpg 600w, https:\/\/www.mlkjlasers.com\/wp-content\/uploads\/2026\/01\/808V174K-\u5c4f\u8be6\u60c5\u98756-100x100.jpg 100w\" sizes=\"(max-width: 1920px) 100vw, 1920px\" \/><\/div>\n<\/div>\n<\/div>\n<\/div>\n<\/div>\n<\/div>\n<\/div>\n<\/div>\n<div class=\"text-title\">\n<div><\/div>\n<div class=\"magic-17\"><span class=\"magic-9\" style=\"color: #000000; font-family: helvetica, arial, sans-serif; font-size: 14pt;\" data-spm-anchor-id=\"a2700.wholesale.0.i63.1c986547E0aT7y\">12*20mm ou 12*35mm taille de tache adapt\u00e9e \u00e0 toutes les parties d'\u00e9pilation<\/span><\/div>\n<\/div>\n<div class=\"text-content\">\n<div class=\"magic-17\" data-spm-anchor-id=\"a2700.wholesale.0.i64.1c986547E0aT7y\"><span class=\"magic-18\" style=\"color: #000000; font-family: helvetica, arial, sans-serif; font-size: 14pt;\"><b data-spm-anchor-id=\"a2700.wholesale.0.i66.1c986547E0aT7y\">3&#8212; 5 sessions obtiennent le r\u00e9sultat d'\u00e9pilation \u00e0 vie, \u00e9pilation permanente<\/b><\/span><\/div>\n<div data-spm-anchor-id=\"a2700.wholesale.0.i64.1c986547E0aT7y\"><\/div>\n<div data-spm-anchor-id=\"a2700.wholesale.0.i64.1c986547E0aT7y\">\n<div class=\"magic-17\" data-spm-anchor-id=\"a2700.wholesale.0.i68.1c986547E0aT7y\"><span class=\"magic-35\" style=\"font-family: helvetica, arial, sans-serif; font-size: 14pt;\">* S\u00e9curitaire, rapide, <b>Sans douleur<\/b>,<b>permanent<\/b><\/span><\/div>\n<div class=\"magic-17\" data-spm-anchor-id=\"a2700.wholesale.0.i68.1c986547E0aT7y\"><span class=\"magic-35\" style=\"font-family: helvetica, arial, sans-serif; font-size: 14pt;\">* Pour toutes les \u00e9pilation de la peau et des cheveux<\/span><\/div>\n<div>\n<div class=\"magic-17\"><span style=\"font-family: helvetica, arial, sans-serif; font-size: 14pt;\">* Pas de temps d'arr\u00eat<\/span><\/div>\n<div class=\"magic-17\" data-spm-anchor-id=\"a2700.wholesale.0.i67.1c986547E0aT7y\"><span style=\"font-family: helvetica, arial, sans-serif; font-size: 14pt;\">* Aucun effet secondaire<\/span><\/div>\n<\/div>\n<\/div>\n<\/div>\n<\/div>\n<div><span style=\"font-size: 14pt;\"><img decoding=\"async\" class=\"aligncenter wp-image-3549\" src=\"https:\/\/www.mlkjlasers.com\/wp-content\/uploads\/2026\/01\/808V174K-\u5c4f\u8be6\u60c5\u98758.jpg\" alt=\"\" width=\"1920\" height=\"1426\" srcset=\"https:\/\/www.mlkjlasers.com\/wp-content\/uploads\/2026\/01\/808V174K-\u5c4f\u8be6\u60c5\u98758.jpg 750w, https:\/\/www.mlkjlasers.com\/wp-content\/uploads\/2026\/01\/808V174K-\u5c4f\u8be6\u60c5\u98758-300x223.jpg 300w, https:\/\/www.mlkjlasers.com\/wp-content\/uploads\/2026\/01\/808V174K-\u5c4f\u8be6\u60c5\u98758-600x446.jpg 600w\" sizes=\"(max-width: 1920px) 100vw, 1920px\" \/><\/span><\/div>\n<div><\/div>\n<div><span style=\"font-family: helvetica, arial, sans-serif; font-size: 14pt;\">En combinant les niveaux d'absorption et de p\u00e9n\u00e9tration de trois longueurs d'onde diff\u00e9rentes, ainsi que la couverture du traitement, le confort et la faible maintenance du laser \u00e0 diode, obtient le traitement d'\u00e9pilation le plus s\u00fbr et le plus complet disponible aujourd'hui.<\/span><\/div>\n<div>\n<p><span style=\"font-family: helvetica, arial, sans-serif; font-size: 14pt;\"><strong>3 longueurs d'onde combin\u00e9es couvrant le spectre de traitement optimal<\/strong><\/span><br \/>\n<span style=\"font-family: helvetica, arial, sans-serif; font-size: 14pt;\"><strong>Pratiquement indolore<\/strong><\/span><br \/>\n<span style=\"font-family: helvetica, arial, sans-serif; font-size: 14pt;\"><strong>Dossier de s\u00e9curit\u00e9 prouv\u00e9<\/strong><\/span><br \/>\n<span style=\"font-family: helvetica, arial, sans-serif; font-size: 14pt;\"><strong>Tous les types de peau, m\u00eame la peau brons\u00e9e<\/strong><\/span><\/p>\n<\/div>\n<div><span style=\"color: #000000; font-family: helvetica, arial, sans-serif; font-size: 14pt;\"><img loading=\"lazy\" decoding=\"async\" class=\"aligncenter wp-image-3545\" src=\"https:\/\/www.mlkjlasers.com\/wp-content\/uploads\/2026\/01\/808V174K-\u5c4f\u8be6\u60c5\u98754.jpg\" alt=\"\" width=\"1920\" height=\"2079\" srcset=\"https:\/\/www.mlkjlasers.com\/wp-content\/uploads\/2026\/01\/808V174K-\u5c4f\u8be6\u60c5\u98754.jpg 750w, https:\/\/www.mlkjlasers.com\/wp-content\/uploads\/2026\/01\/808V174K-\u5c4f\u8be6\u60c5\u98754-277x300.jpg 277w, https:\/\/www.mlkjlasers.com\/wp-content\/uploads\/2026\/01\/808V174K-\u5c4f\u8be6\u60c5\u98754-600x650.jpg 600w\" sizes=\"(max-width: 1920px) 100vw, 1920px\" \/><\/span><\/div>\n<div><\/div>\n<div><span style=\"font-family: helvetica, arial, sans-serif; font-size: 14pt;\"><strong>ALEX 755nm Longueur d'onde: <\/strong><\/span><\/div>\n<div><span style=\"font-family: helvetica, arial, sans-serif; font-size: 14pt;\">Id\u00e9al pour une large gamme de types de cheveux et de couleurs, en particulier les cheveux clairs et minces. Offre une puissante absorption d'\u00e9nergie par le chromophore de m\u00e9lanine. <\/span><\/div>\n<div><span style=\"font-family: helvetica, arial, sans-serif; font-size: 14pt;\">Vise le bulge du follicule pileux avec une p\u00e9n\u00e9tration plus superficielle. Particuli\u00e8rement efficace pour les cheveux dans des zones comme les sourcils et la l\u00e8vre sup\u00e9rieure. <\/span><\/div>\n<div><\/div>\n<div><span style=\"font-family: helvetica, arial, sans-serif; font-size: 14pt;\"><strong>VITESSE Longueur d'onde 808nm:<\/strong><\/span><\/div>\n<div><span style=\"font-family: helvetica, arial, sans-serif; font-size: 14pt;\"> Longueur d'onde classique dans l'\u00e9pilation laser (810nm). Offre une p\u00e9n\u00e9tration profonde du follicule pileux avec une puissance moyenne \u00e9lev\u00e9e. <\/span><\/div>\n<div><span style=\"font-family: helvetica, arial, sans-serif; font-size: 14pt;\">La grande taille du point de 3,5 cm permet un traitement rapide. Absorbe mod\u00e9r\u00e9ment la m\u00e9lanine, ce qui la rend s\u00fbre pour les types de peau plus fonc\u00e9s. <\/span><\/div>\n<div><span style=\"font-family: helvetica, arial, sans-serif; font-size: 14pt;\">Vise le bulbe et le bulbe du follicule pileux. Id\u00e9al pour traiter des zones comme les bras, les jambes, les joues et la barbe. <\/span><\/div>\n<div><\/div>\n<div><span style=\"font-family: helvetica, arial, sans-serif; font-size: 14pt;\"><strong>DIODE LASER YAG 1064 pour la peau plus fonc\u00e9e: <\/strong><\/span><\/div>\n<div><span style=\"font-family: helvetica, arial, sans-serif; font-size: 14pt;\">Utilise un laser \u00e0 diode bas\u00e9 sur une longueur d'onde ND: YAG. Absorbe mod\u00e9r\u00e9ment l'\u00e9nergie par le chromophore de m\u00e9lanine, adapt\u00e9 aux teintes de peau plus fonc\u00e9es. <\/span><\/div>\n<div><span style=\"font-family: helvetica, arial, sans-serif; font-size: 14pt;\">Choix optimal pour les patients ayant des teints de peau plus fonc\u00e9s.<\/span><\/div>\n<div>\n<div class=\"J_module\">\n<div class=\"detail-decorate-json-renderer-container\">\n<div class=\"magic-4\">\n<div class=\"magic-5\" data-spm-anchor-id=\"a2700.wholesale.0.i57.1c986547E0aT7y\">\n<div class=\"magic-6\"><span style=\"font-size: 14pt;\"><img loading=\"lazy\" decoding=\"async\" class=\"aligncenter wp-image-3544\" src=\"https:\/\/www.mlkjlasers.com\/wp-content\/uploads\/2026\/01\/808V174K-\u5c4f\u8be6\u60c5\u98753.jpg\" alt=\"\" width=\"1920\" height=\"2132\" srcset=\"https:\/\/www.mlkjlasers.com\/wp-content\/uploads\/2026\/01\/808V174K-\u5c4f\u8be6\u60c5\u98753.jpg 750w, https:\/\/www.mlkjlasers.com\/wp-content\/uploads\/2026\/01\/808V174K-\u5c4f\u8be6\u60c5\u98753-270x300.jpg 270w, https:\/\/www.mlkjlasers.com\/wp-content\/uploads\/2026\/01\/808V174K-\u5c4f\u8be6\u60c5\u98753-600x666.jpg 600w\" sizes=\"(max-width: 1920px) 100vw, 1920px\" \/><\/span><\/div>\n<\/div>\n<\/div>\n<\/div>\n<\/div>\n<\/div>\n<div><\/div>\n<div><span style=\"font-family: helvetica, arial, sans-serif; font-size: 14pt;\">* \u00e9cran tactile personnalisable de 12 pouces<\/span><\/div>\n<div>\n<div class=\"J_module\">\n<div class=\"icbu-pc-images magic-1\">\n<div class=\"flex-layout-v\">\n<div class=\"flex-layout-h magic-1\">\n<div class=\"magic-27\" style=\"text-align: left;\">\n<div class=\"des_detail\">\n<div class=\"magic-17\"><span style=\"font-family: helvetica, arial, sans-serif; font-size: 14pt;\">* Avec masculin et f\u00e9minin, 6 styles de peau \u00e0 choisir<\/span><br \/>\n<span style=\"font-family: helvetica, arial, sans-serif; font-size: 14pt;\">* Facile \u00e0 utiliser, fournissant des comp\u00e9tences op\u00e9rationnelles et des services d'enseignement<\/span><br \/>\n<span style=\"font-family: helvetica, arial, sans-serif; font-size: 14pt;\">* Le logo et la langue gratuits peuvent \u00eatre personnalis\u00e9s sur l'\u00e9cran<\/span><\/div>\n<\/div>\n<\/div>\n<\/div>\n<div class=\"flex-layout-h magic-1\">\n<div><span style=\"font-size: 14pt;\"><img loading=\"lazy\" decoding=\"async\" class=\"aligncenter wp-image-3543\" src=\"https:\/\/www.mlkjlasers.com\/wp-content\/uploads\/2026\/01\/808V174K-\u5c4f\u8be6\u60c5\u98752.jpg\" alt=\"\" width=\"1920\" height=\"1216\" srcset=\"https:\/\/www.mlkjlasers.com\/wp-content\/uploads\/2026\/01\/808V174K-\u5c4f\u8be6\u60c5\u98752.jpg 750w, https:\/\/www.mlkjlasers.com\/wp-content\/uploads\/2026\/01\/808V174K-\u5c4f\u8be6\u60c5\u98752-300x190.jpg 300w, https:\/\/www.mlkjlasers.com\/wp-content\/uploads\/2026\/01\/808V174K-\u5c4f\u8be6\u60c5\u98752-600x380.jpg 600w\" sizes=\"(max-width: 1920px) 100vw, 1920px\" \/><\/span><\/div>\n<\/div>\n<div><\/div>\n<\/div>\n<\/div>\n<\/div>\n<div class=\"J_module\">\n<div class=\"detail-decorate-json-renderer-container\">\n<div>\n<div>\n<div class=\"J_module\">\n<div class=\"detail-decorate-json-renderer-container\">\n<div class=\"magic-4\">\n<div class=\"magic-17\" style=\"text-align: left;\"><span style=\"font-size: 14pt; color: #000000; font-family: helvetica, arial, sans-serif;\"><strong><span class=\"magic-8\"><span class=\"magic-11\">Refroidissement de la machine d'\u00e9pilation laser \u00e0 diode 755 808 1064<\/span><\/span><\/strong><\/span><\/div>\n<div style=\"text-align: left;\"><\/div>\n<div class=\"magic-5\">\n<div class=\"magic-6\" data-spm-anchor-id=\"a2700.wholesale.0.i58.1c986547E0aT7y\">\n<div class=\"magic-7\">\n<div style=\"text-align: left;\" data-spm-anchor-id=\"a2700.wholesale.0.i60.1c986547E0aT7y\"><span style=\"font-family: helvetica, arial, sans-serif; color: #000000; font-size: 14pt;\"><span class=\"magic-9\">* allumer la machine, <\/span>refroidissement imm\u00e9diat, \u00e9pilation imm\u00e9diate <\/span><\/div>\n<div style=\"text-align: left;\"><span class=\"magic-9\" style=\"font-family: helvetica, arial, sans-serif; color: #000000; font-size: 14pt;\">* bon refroidissement plus longue dur\u00e9e de vie de poign\u00e9e<br \/>\n* effet d'\u00e9pilation sans douleur r\u00e9el glace<\/span><\/div>\n<\/div>\n<\/div>\n<\/div>\n<\/div>\n<\/div>\n<\/div>\n<\/div>\n<div class=\"text-content\">\n<div data-spm-anchor-id=\"a2700.wholesale.0.i64.1c986547E0aT7y\">\n<div>\n<div data-spm-anchor-id=\"a2700.wholesale.0.i67.1c986547E0aT7y\"><\/div>\n<div class=\"magic-17\" data-spm-anchor-id=\"a2700.wholesale.0.i67.1c986547E0aT7y\"><span style=\"color: #000000; font-family: helvetica, arial, sans-serif; font-size: 14pt;\">Avant et apr\u00e8s<\/span><\/div>\n<div data-spm-anchor-id=\"a2700.wholesale.0.i67.1c986547E0aT7y\"><img loading=\"lazy\" decoding=\"async\" class=\"aligncenter wp-image-3548\" src=\"https:\/\/www.mlkjlasers.com\/wp-content\/uploads\/2026\/01\/808V174K-\u5c4f\u8be6\u60c5\u98757.jpg\" alt=\"\" width=\"1920\" height=\"1695\" srcset=\"https:\/\/www.mlkjlasers.com\/wp-content\/uploads\/2026\/01\/808V174K-\u5c4f\u8be6\u60c5\u98757.jpg 750w, https:\/\/www.mlkjlasers.com\/wp-content\/uploads\/2026\/01\/808V174K-\u5c4f\u8be6\u60c5\u98757-300x265.jpg 300w, https:\/\/www.mlkjlasers.com\/wp-content\/uploads\/2026\/01\/808V174K-\u5c4f\u8be6\u60c5\u98757-600x530.jpg 600w\" sizes=\"(max-width: 1920px) 100vw, 1920px\" \/><\/div>\n<div data-spm-anchor-id=\"a2700.wholesale.0.i67.1c986547E0aT7y\"><\/div>\n<\/div>\n<\/div>\n<\/div>\n<\/div>\n<\/div>\n<\/div>\n<\/div>\n<div class=\"des_box1\">\n<p>&nbsp;<\/p>\n<p style=\"text-align: center;\"><span style=\"color: #000000; font-family: helvetica, arial, sans-serif; font-size: 14pt;\"><strong>Peut \u00eatre jumel\u00e9 avec la t\u00eate de traitement des cheveux du nez!<\/strong><\/span><br \/>\n<span style=\"color: #000000; font-family: helvetica, arial, sans-serif; font-size: 14pt;\">Pour l'\u00e9pilation de petites pi\u00e8ces, telles que les doigts, les oreilles, les poils du nez, etc.<\/span><\/p>\n<p>&nbsp;<\/p>\n<\/div>\n<p>&nbsp;<\/p>\n<p><span style=\"font-size: 14pt;\"><img loading=\"lazy\" decoding=\"async\" class=\"aligncenter wp-image-3546\" src=\"https:\/\/www.mlkjlasers.com\/wp-content\/uploads\/2026\/01\/808V174K-\u5c4f\u8be6\u60c5\u98755.jpg\" alt=\"\" width=\"1920\" height=\"1190\" srcset=\"https:\/\/www.mlkjlasers.com\/wp-content\/uploads\/2026\/01\/808V174K-\u5c4f\u8be6\u60c5\u98755.jpg 750w, https:\/\/www.mlkjlasers.com\/wp-content\/uploads\/2026\/01\/808V174K-\u5c4f\u8be6\u60c5\u98755-300x186.jpg 300w, https:\/\/www.mlkjlasers.com\/wp-content\/uploads\/2026\/01\/808V174K-\u5c4f\u8be6\u60c5\u98755-600x372.jpg 600w\" sizes=\"(max-width: 1920px) 100vw, 1920px\" \/><\/span><\/p>\n<div class=\"des_detail\">\n<div class=\"magic-17\">\n<div class=\"flex-layout-h magic-1\">\n<div class=\"magic-27\" style=\"text-align: left;\"><span style=\"font-family: helvetica, arial, sans-serif; font-size: 14pt; color: #000000;\"><strong>Rapide et efficace<\/strong><\/span><\/div>\n<div><\/div>\n<\/div>\n<div><span style=\"font-family: helvetica, arial, sans-serif; font-size: 14pt;\">La combinaison de ces longueurs d'onde laser \u00e0 diode fournit une solution compl\u00e8te et efficace pour l'\u00e9pilation de diff\u00e9rents types de cheveux et de couleurs de peau, assurant des r\u00e9sultats optimaux et une s\u00e9curit\u00e9 pour tous les patients.<\/span><\/div>\n<div class=\"flex-layout-h magic-1\">\n<div><\/div>\n<div class=\"magic-27\" style=\"text-align: left;\"><span style=\"font-family: helvetica, arial, sans-serif; font-size: 14pt;\"><span style=\"color: #000000;\">Avec une conception de t\u00eate laser plus grande, ces machines avanc\u00e9es peuvent couvrir plus de surface, <\/span><span style=\"color: #000000;\">rendre le processus d'\u00e9pilation jusqu'\u00e0 40% plus rapide que les syst\u00e8mes conventionnels. <\/span><\/span><\/div>\n<div><\/div>\n<div class=\"magic-27\" style=\"text-align: left;\"><span style=\"font-family: helvetica, arial, sans-serif; color: #000000; font-size: 14pt;\">Cette fonctionnalit\u00e9 qui permet de gagner du temps profite \u00e0 la fois aux clients et aux praticiens, permettant une planification plus efficace et des s\u00e9ances plus rapides.<\/span><\/div>\n<\/div>\n<\/div>\n<\/div>\n<p>&nbsp;<\/p>\n<p>&nbsp;<\/p>\n<div class=\"des_detail\">\n<p><span style=\"font-family: helvetica, arial, sans-serif; color: #000000; font-size: 14pt;\">FDA, CE, ISO13485, et nous cherchons toujours de nouvelles inspirations innovantes pour apporter des produits plus fiables \u00e0 nos partenaires et clients.<\/span><\/p>\n<p><span style=\"font-size: 14pt; font-family: helvetica, arial, sans-serif; color: #0000ff;\"><a style=\"color: #0000ff;\" href=\"https:\/\/www.mlkjlasers.com\/fr\/contact-us\/\" target=\"_blank\" rel=\"noopener\">Contactez-nous maintenant !<\/a><\/span><\/p>\n<p>&nbsp;<\/p>\n<\/div>","protected":false},"excerpt":{"rendered":"<p><span class=\"src\" data-group=\"2-0\">Un taux \u00e9lev\u00e9 de r\u00e9p\u00e9tition de courts impulsions sont livr\u00e9s profond\u00e9ment dans le derme, obtenant une puissance moyenne \u00e9lev\u00e9e et une accumulation de chaleur th\u00e9rapeutiquement efficace, pratiquement sans douleur. <\/span><\/p>\n<p><span class=\"src\" data-group=\"4-0\">Le laser ICE refroidit la surface de la peau, emp\u00eachant les br\u00fblures superficielles pour l'\u00e9pilation indolore. <\/span><\/p>\n<p><span class=\"src\" data-group=\"4-0\">Engagement FDA, CE et ISO. Facile \u00e0 utiliser, fournissant des comp\u00e9tences op\u00e9rationnelles et des services d'enseignement. Logo et langue gratuits peuvent \u00eatre personnalis\u00e9s sur l'\u00e9cran<\/span><\/p>","protected":false},"featured_media":3534,"comment_status":"open","ping_status":"closed","template":"","meta":[],"product_cat":[15],"product_tag":[],"class_list":["post-1855","product","type-product","status-publish","has-post-thumbnail","hentry","product_cat-diode-laser-hair-removal-machine"],"_links":{"self":[{"href":"https:\/\/www.mlkjlasers.com\/fr\/wp-json\/wp\/v2\/product\/1855","targetHints":{"allow":["GET"]}}],"collection":[{"href":"https:\/\/www.mlkjlasers.com\/fr\/wp-json\/wp\/v2\/product"}],"about":[{"href":"https:\/\/www.mlkjlasers.com\/fr\/wp-json\/wp\/v2\/types\/product"}],"replies":[{"embeddable":true,"href":"https:\/\/www.mlkjlasers.com\/fr\/wp-json\/wp\/v2\/comments?post=1855"}],"wp:featuredmedia":[{"embeddable":true,"href":"https:\/\/www.mlkjlasers.com\/fr\/wp-json\/wp\/v2\/media\/3534"}],"wp:attachment":[{"href":"https:\/\/www.mlkjlasers.com\/fr\/wp-json\/wp\/v2\/media?parent=1855"}],"wp:term":[{"taxonomy":"product_cat","embeddable":true,"href":"https:\/\/www.mlkjlasers.com\/fr\/wp-json\/wp\/v2\/product_cat?post=1855"},{"taxonomy":"product_tag","embeddable":true,"href":"https:\/\/www.mlkjlasers.com\/fr\/wp-json\/wp\/v2\/product_tag?post=1855"}],"curies":[{"name":"wp","href":"https:\/\/api.w.org\/{rel}","templated":true}]}}