{"id":1866,"date":"2023-07-22T11:59:32","date_gmt":"2023-07-22T03:59:32","guid":{"rendered":"https:\/\/mlkjlasers.com\/?post_type=product&#038;p=1866"},"modified":"2026-01-27T09:57:11","modified_gmt":"2026-01-27T01:57:11","slug":"nd-yag-laser-tattoo-removal-2","status":"publish","type":"product","link":"https:\/\/www.mlkjlasers.com\/fr\/product\/nd-yag-laser-tattoo-removal-2\/","title":{"rendered":"M\u00e9decine clinique 1064 532 755nm Q-commut\u00e9 nd yag laser picosecond laser portable machine d'enl\u00e8vement du tatouage"},"content":{"rendered":"<div class=\"se4_tit\" style=\"text-align: left;\">\n<div class=\"l right\">\n<p><img fetchpriority=\"high\" decoding=\"async\" class=\"aligncenter size-full wp-image-3641\" src=\"https:\/\/www.mlkjlasers.com\/wp-content\/uploads\/2026\/01\/\u5c0f\u76ae\u79d2\u8be6\u60c5\u9875\u5207\u56fe-4.jpg\" alt=\"\" width=\"1920\" height=\"1080\" srcset=\"https:\/\/www.mlkjlasers.com\/wp-content\/uploads\/2026\/01\/\u5c0f\u76ae\u79d2\u8be6\u60c5\u9875\u5207\u56fe-4.jpg 1920w, https:\/\/www.mlkjlasers.com\/wp-content\/uploads\/2026\/01\/\u5c0f\u76ae\u79d2\u8be6\u60c5\u9875\u5207\u56fe-4-300x169.jpg 300w, https:\/\/www.mlkjlasers.com\/wp-content\/uploads\/2026\/01\/\u5c0f\u76ae\u79d2\u8be6\u60c5\u9875\u5207\u56fe-4-1024x576.jpg 1024w, https:\/\/www.mlkjlasers.com\/wp-content\/uploads\/2026\/01\/\u5c0f\u76ae\u79d2\u8be6\u60c5\u9875\u5207\u56fe-4-768x432.jpg 768w, https:\/\/www.mlkjlasers.com\/wp-content\/uploads\/2026\/01\/\u5c0f\u76ae\u79d2\u8be6\u60c5\u9875\u5207\u56fe-4-1536x864.jpg 1536w, https:\/\/www.mlkjlasers.com\/wp-content\/uploads\/2026\/01\/\u5c0f\u76ae\u79d2\u8be6\u60c5\u9875\u5207\u56fe-4-600x338.jpg 600w\" sizes=\"(max-width: 1920px) 100vw, 1920px\" \/><\/p>\n<\/div>\n<\/div>\n<div class=\"des2\" style=\"text-align: left;\">\n<div class=\"des_box1\">\n<p><strong><span style=\"font-family: helvetica, arial, sans-serif; font-size: 14pt;\">\u00c9quipement laser de picoseconde avec 6 t\u00eates de traitement: fixe 1064&amp; 532nm, 1320nm, 755nm et 1064 &amp; amp r\u00e9glable; 532 nm<\/span><\/strong><br \/>\n<span style=\"font-family: helvetica, arial, sans-serif; font-size: 14pt;\">* 1064nm pour enlever le tatouage de couleur noir, bleu, cyan sur le sourcil, la ligne des l\u00e8vres, le bras et une autre partie du corps.<\/span><br \/>\n<span style=\"font-family: helvetica, arial, sans-serif; font-size: 14pt;\">* 532nm pour enlever le rouge, le caf\u00e9, le tatouage de couleur brune sur le sourcil, la ligne des l\u00e8vres, le bras et une autre partie du corps.<\/span><br \/>\n<span style=\"font-family: helvetica, arial, sans-serif; font-size: 14pt;\">* R\u00e9glable 1064 &amp; amp; 532nm pour l'enl\u00e8vement de tatouages de gros acres.<\/span><br \/>\n<span style=\"font-family: helvetica, arial, sans-serif; font-size: 14pt;\">* 755nm pour l'\u00e9limination de la peau jaune.<\/span><br \/>\n<span style=\"font-family: helvetica, arial, sans-serif; font-size: 14pt;\">* 1320nm pour la poup\u00e9e noire, le rajeunissement de la peau et le blanchiment.<\/span><\/p>\n<\/div>\n<p><span style=\"font-size: 14pt;\"><img decoding=\"async\" class=\"aligncenter size-full wp-image-3638\" src=\"https:\/\/www.mlkjlasers.com\/wp-content\/uploads\/2026\/01\/\u5c0f\u76ae\u79d2\u8be6\u60c5\u9875\u5207\u56fe-1.jpg\" alt=\"\" width=\"1920\" height=\"1080\" srcset=\"https:\/\/www.mlkjlasers.com\/wp-content\/uploads\/2026\/01\/\u5c0f\u76ae\u79d2\u8be6\u60c5\u9875\u5207\u56fe-1.jpg 1920w, https:\/\/www.mlkjlasers.com\/wp-content\/uploads\/2026\/01\/\u5c0f\u76ae\u79d2\u8be6\u60c5\u9875\u5207\u56fe-1-300x169.jpg 300w, https:\/\/www.mlkjlasers.com\/wp-content\/uploads\/2026\/01\/\u5c0f\u76ae\u79d2\u8be6\u60c5\u9875\u5207\u56fe-1-1024x576.jpg 1024w, https:\/\/www.mlkjlasers.com\/wp-content\/uploads\/2026\/01\/\u5c0f\u76ae\u79d2\u8be6\u60c5\u9875\u5207\u56fe-1-768x432.jpg 768w, https:\/\/www.mlkjlasers.com\/wp-content\/uploads\/2026\/01\/\u5c0f\u76ae\u79d2\u8be6\u60c5\u9875\u5207\u56fe-1-1536x864.jpg 1536w, https:\/\/www.mlkjlasers.com\/wp-content\/uploads\/2026\/01\/\u5c0f\u76ae\u79d2\u8be6\u60c5\u9875\u5207\u56fe-1-600x338.jpg 600w\" sizes=\"(max-width: 1920px) 100vw, 1920px\" \/><\/span><\/p>\n<\/div>\n<div class=\"des2\" style=\"text-align: left;\">\n<p><span style=\"font-family: helvetica, arial, sans-serif; font-size: 14pt;\"><strong>Caract\u00e9ristiques techniques Laser Picosencond:<\/strong><\/span><\/p>\n<p><span style=\"font-family: helvetica, arial, sans-serif; font-size: 14pt;\">1) Aucune blessure \u00e0 la peau et au follicule pileux; Pas de risque de cicatrices.<\/span><br \/>\n<span style=\"font-family: helvetica, arial, sans-serif; font-size: 14pt;\">2) Technologie laser haute de soufflage instantan\u00e9e, norme internationale de production, test technique strictement.<\/span><br \/>\n<span style=\"font-family: helvetica, arial, sans-serif; font-size: 14pt;\">3) traitement indolore, peu d'effet secondaire.<\/span><br \/>\n<span style=\"font-family: helvetica, arial, sans-serif; font-size: 14pt;\">4) Le laser de picoseconde utilise la tige laser de liaison cristalline, avec une longue dur\u00e9e de vie de plus de 1 million.<\/span><br \/>\n<span style=\"font-family: helvetica, arial, sans-serif; font-size: 14pt;\">5) 500W puissance DZ, 2 condensateurs, \u00e9nergie max peut atteindre 2000mj.<\/span><br \/>\n<span style=\"font-family: helvetica, arial, sans-serif; font-size: 14pt;\">6) garantie de 2 ans pour la machine, 1 an pour la poign\u00e9e.<\/span><\/p>\n<p><span style=\"font-size: 14pt;\"><img decoding=\"async\" class=\"aligncenter size-full wp-image-3645\" src=\"https:\/\/www.mlkjlasers.com\/wp-content\/uploads\/2026\/01\/\u5c0f\u76ae\u79d2\u8be6\u60c5\u9875\u5207\u56fe-9.jpg\" alt=\"\" width=\"1920\" height=\"1080\" srcset=\"https:\/\/www.mlkjlasers.com\/wp-content\/uploads\/2026\/01\/\u5c0f\u76ae\u79d2\u8be6\u60c5\u9875\u5207\u56fe-9.jpg 1920w, https:\/\/www.mlkjlasers.com\/wp-content\/uploads\/2026\/01\/\u5c0f\u76ae\u79d2\u8be6\u60c5\u9875\u5207\u56fe-9-300x169.jpg 300w, https:\/\/www.mlkjlasers.com\/wp-content\/uploads\/2026\/01\/\u5c0f\u76ae\u79d2\u8be6\u60c5\u9875\u5207\u56fe-9-1024x576.jpg 1024w, https:\/\/www.mlkjlasers.com\/wp-content\/uploads\/2026\/01\/\u5c0f\u76ae\u79d2\u8be6\u60c5\u9875\u5207\u56fe-9-768x432.jpg 768w, https:\/\/www.mlkjlasers.com\/wp-content\/uploads\/2026\/01\/\u5c0f\u76ae\u79d2\u8be6\u60c5\u9875\u5207\u56fe-9-1536x864.jpg 1536w, https:\/\/www.mlkjlasers.com\/wp-content\/uploads\/2026\/01\/\u5c0f\u76ae\u79d2\u8be6\u60c5\u9875\u5207\u56fe-9-600x338.jpg 600w\" sizes=\"(max-width: 1920px) 100vw, 1920px\" \/><\/span><\/p>\n<p><span style=\"font-size: 14pt; font-family: helvetica, arial, sans-serif;\"><strong>Application du laser picoseconde :<\/strong><\/span><\/p>\n<p><span style=\"font-family: helvetica, arial, sans-serif; font-size: 14pt;\">Le laser picosecond portable le plus r\u00e9cent, en plus des t\u00eates laser normales, ajoute \u00e9galement des t\u00eates laser picosecond de 755nm, qui peuvent obtenir une couche plus profonde de la peau et faire un tr\u00e8s bon effet pour toutes sortes de freckles: telles que le chloasma, le pigment d'\u00e2ge, etc.<\/span><\/p>\n<p><span style=\"font-family: helvetica, arial, sans-serif; font-size: 14pt;\">* 1064nm, t\u00eate 532nm peut faire l'enl\u00e8vement du tatouage, l'enl\u00e8vement des lignes oculaires, etc.<\/span><br \/>\n<span style=\"font-family: helvetica, arial, sans-serif; font-size: 14pt;\">* 1320nm peut faire blanchiment de la peau de poup\u00e9e noire.<\/span><\/p>\n<div class=\"des_box1\">\n<p><span style=\"font-size: 14pt;\"><img loading=\"lazy\" decoding=\"async\" class=\"aligncenter wp-image-3642\" src=\"https:\/\/www.mlkjlasers.com\/wp-content\/uploads\/2026\/01\/\u5c0f\u76ae\u79d2\u8be6\u60c5\u9875\u5207\u56fe-5.jpg\" alt=\"\" width=\"1920\" height=\"1728\" srcset=\"https:\/\/www.mlkjlasers.com\/wp-content\/uploads\/2026\/01\/\u5c0f\u76ae\u79d2\u8be6\u60c5\u9875\u5207\u56fe-5.jpg 1200w, https:\/\/www.mlkjlasers.com\/wp-content\/uploads\/2026\/01\/\u5c0f\u76ae\u79d2\u8be6\u60c5\u9875\u5207\u56fe-5-300x270.jpg 300w, https:\/\/www.mlkjlasers.com\/wp-content\/uploads\/2026\/01\/\u5c0f\u76ae\u79d2\u8be6\u60c5\u9875\u5207\u56fe-5-1024x922.jpg 1024w, https:\/\/www.mlkjlasers.com\/wp-content\/uploads\/2026\/01\/\u5c0f\u76ae\u79d2\u8be6\u60c5\u9875\u5207\u56fe-5-768x691.jpg 768w, https:\/\/www.mlkjlasers.com\/wp-content\/uploads\/2026\/01\/\u5c0f\u76ae\u79d2\u8be6\u60c5\u9875\u5207\u56fe-5-600x540.jpg 600w\" sizes=\"(max-width: 1920px) 100vw, 1920px\" \/><\/span><\/p>\n<\/div>\n<\/div>\n<div class=\"des2\">\n<div class=\"des_box1\">\n<div class=\"des\">\n<h3 class=\"contents\" style=\"text-align: left;\"><span style=\"font-family: helvetica, arial, sans-serif; font-size: 14pt;\">Avant et apr\u00e8s<\/span><\/h3>\n<div style=\"text-align: left;\"><span style=\"font-family: helvetica, arial, sans-serif; font-size: 14pt;\"> <img loading=\"lazy\" decoding=\"async\" class=\"aligncenter size-full wp-image-3643\" src=\"https:\/\/www.mlkjlasers.com\/wp-content\/uploads\/2026\/01\/\u5c0f\u76ae\u79d2\u8be6\u60c5\u9875\u5207\u56fe-6.jpg\" alt=\"\" width=\"1700\" height=\"1000\" srcset=\"https:\/\/www.mlkjlasers.com\/wp-content\/uploads\/2026\/01\/\u5c0f\u76ae\u79d2\u8be6\u60c5\u9875\u5207\u56fe-6.jpg 1700w, https:\/\/www.mlkjlasers.com\/wp-content\/uploads\/2026\/01\/\u5c0f\u76ae\u79d2\u8be6\u60c5\u9875\u5207\u56fe-6-300x176.jpg 300w, https:\/\/www.mlkjlasers.com\/wp-content\/uploads\/2026\/01\/\u5c0f\u76ae\u79d2\u8be6\u60c5\u9875\u5207\u56fe-6-1024x602.jpg 1024w, https:\/\/www.mlkjlasers.com\/wp-content\/uploads\/2026\/01\/\u5c0f\u76ae\u79d2\u8be6\u60c5\u9875\u5207\u56fe-6-768x452.jpg 768w, https:\/\/www.mlkjlasers.com\/wp-content\/uploads\/2026\/01\/\u5c0f\u76ae\u79d2\u8be6\u60c5\u9875\u5207\u56fe-6-1536x904.jpg 1536w, https:\/\/www.mlkjlasers.com\/wp-content\/uploads\/2026\/01\/\u5c0f\u76ae\u79d2\u8be6\u60c5\u9875\u5207\u56fe-6-600x353.jpg 600w\" sizes=\"(max-width: 1700px) 100vw, 1700px\" \/><\/span><\/div>\n<div>\n<div style=\"text-align: left;\"><span style=\"font-family: helvetica, arial, sans-serif; font-size: 14pt;\"> <img loading=\"lazy\" decoding=\"async\" class=\"aligncenter size-full wp-image-3640\" src=\"https:\/\/www.mlkjlasers.com\/wp-content\/uploads\/2026\/01\/\u5c0f\u76ae\u79d2\u8be6\u60c5\u9875\u5207\u56fe-3.jpg\" alt=\"\" width=\"1920\" height=\"1516\" srcset=\"https:\/\/www.mlkjlasers.com\/wp-content\/uploads\/2026\/01\/\u5c0f\u76ae\u79d2\u8be6\u60c5\u9875\u5207\u56fe-3.jpg 1920w, https:\/\/www.mlkjlasers.com\/wp-content\/uploads\/2026\/01\/\u5c0f\u76ae\u79d2\u8be6\u60c5\u9875\u5207\u56fe-3-300x237.jpg 300w, https:\/\/www.mlkjlasers.com\/wp-content\/uploads\/2026\/01\/\u5c0f\u76ae\u79d2\u8be6\u60c5\u9875\u5207\u56fe-3-1024x809.jpg 1024w, https:\/\/www.mlkjlasers.com\/wp-content\/uploads\/2026\/01\/\u5c0f\u76ae\u79d2\u8be6\u60c5\u9875\u5207\u56fe-3-768x606.jpg 768w, https:\/\/www.mlkjlasers.com\/wp-content\/uploads\/2026\/01\/\u5c0f\u76ae\u79d2\u8be6\u60c5\u9875\u5207\u56fe-3-1536x1213.jpg 1536w, https:\/\/www.mlkjlasers.com\/wp-content\/uploads\/2026\/01\/\u5c0f\u76ae\u79d2\u8be6\u60c5\u9875\u5207\u56fe-3-600x474.jpg 600w\" sizes=\"(max-width: 1920px) 100vw, 1920px\" \/><\/span><\/div>\n<p style=\"text-align: left;\"><span style=\"font-family: helvetica, arial, sans-serif; font-size: 14pt;\"><strong>* Traiter les taches de peau telles que les freches, les taches de caf\u00e9, les taches de photovieillissement, les marques d'acn\u00e9 et les rides, ainsi que les tatouages rouges et jaunes<\/strong><\/span><br \/>\n<span style=\"font-family: helvetica, arial, sans-serif; font-size: 14pt;\"><strong>* Traiter les taches cutan\u00e9es telles que brunes<\/strong><\/span><br \/>\n<span style=\"font-family: helvetica, arial, sans-serif; font-size: 14pt;\"><strong>* Cyan nevus, Ota nevus, chloasma, pigmentation, ainsi que blanchiment et \u00e9claircissement pour enlever le jaune, peut laver des tatouages noirs et bleus<\/strong><\/span><br \/>\n<span style=\"font-family: helvetica, arial, sans-serif; font-size: 14pt;\"><strong>* Traitez les trous d'acn\u00e9, r\u00e9tr\u00e9cissez les pores, serrez la peau et obtenez l'effet du rajeunissement de la peau.<\/strong><\/span><\/p>\n<div class=\"des\" style=\"text-align: left;\">\n<div class=\"des_item\">\n<table style=\"border-collapse: collapse; width: 100%; height: 120px;\">\n<tbody>\n<tr style=\"height: 24px;\">\n<td style=\"width: 50%; height: 24px;\"><span style=\"font-family: helvetica, arial, sans-serif; font-size: 14pt;\">Avantage<\/span><\/td>\n<td style=\"width: 50%; height: 24px;\"><span style=\"font-family: helvetica, arial, sans-serif; font-size: 14pt;\">s\u00e9curit\u00e9<\/span><\/td>\n<\/tr>\n<tr style=\"height: 24px;\">\n<td style=\"width: 50%; height: 24px;\"><span style=\"font-family: helvetica, arial, sans-serif; font-size: 14pt;\">Rapide, indolore<\/span><\/td>\n<td style=\"width: 50%; height: 24px;\"><span style=\"font-family: helvetica, arial, sans-serif; font-size: 14pt;\">Faible bruit du syst\u00e8me<\/span><\/td>\n<\/tr>\n<tr style=\"height: 24px;\">\n<td style=\"width: 50%; height: 24px;\"><span style=\"font-family: helvetica, arial, sans-serif; font-size: 14pt;\">Pas besoin d'anesth\u00e9sie locale<\/span><\/td>\n<td style=\"width: 50%; height: 24px;\"><span style=\"font-family: helvetica, arial, sans-serif; font-size: 14pt;\">R\u00e9duire le temps de pr\u00e9paration<\/span><\/td>\n<\/tr>\n<tr style=\"height: 24px;\">\n<td style=\"width: 50%; height: 24px;\"><span style=\"font-family: helvetica, arial, sans-serif; font-size: 14pt;\">\u00c9largissez votre base de patients<\/span><\/td>\n<td style=\"width: 50%; height: 24px;\"><span style=\"font-family: helvetica, arial, sans-serif; font-size: 14pt;\">Augmentez votre b\u00e9n\u00e9fice<\/span><\/td>\n<\/tr>\n<tr style=\"height: 24px;\">\n<td style=\"width: 50%; height: 24px;\"><span style=\"font-family: helvetica, arial, sans-serif; font-size: 14pt;\">Convient pour le traitement de toutes les parties du corps<\/span><\/td>\n<td style=\"width: 50%; height: 24px;\"><\/td>\n<\/tr>\n<\/tbody>\n<\/table>\n<p><span style=\"font-size: 14pt;\"><img loading=\"lazy\" decoding=\"async\" class=\"aligncenter wp-image-3639\" src=\"https:\/\/www.mlkjlasers.com\/wp-content\/uploads\/2026\/01\/\u5c0f\u76ae\u79d2\u8be6\u60c5\u9875\u5207\u56fe-2.jpg\" alt=\"\" width=\"1920\" height=\"909\" srcset=\"https:\/\/www.mlkjlasers.com\/wp-content\/uploads\/2026\/01\/\u5c0f\u76ae\u79d2\u8be6\u60c5\u9875\u5207\u56fe-2.jpg 1200w, https:\/\/www.mlkjlasers.com\/wp-content\/uploads\/2026\/01\/\u5c0f\u76ae\u79d2\u8be6\u60c5\u9875\u5207\u56fe-2-300x142.jpg 300w, https:\/\/www.mlkjlasers.com\/wp-content\/uploads\/2026\/01\/\u5c0f\u76ae\u79d2\u8be6\u60c5\u9875\u5207\u56fe-2-1024x485.jpg 1024w, https:\/\/www.mlkjlasers.com\/wp-content\/uploads\/2026\/01\/\u5c0f\u76ae\u79d2\u8be6\u60c5\u9875\u5207\u56fe-2-768x364.jpg 768w, https:\/\/www.mlkjlasers.com\/wp-content\/uploads\/2026\/01\/\u5c0f\u76ae\u79d2\u8be6\u60c5\u9875\u5207\u56fe-2-600x284.jpg 600w\" sizes=\"(max-width: 1920px) 100vw, 1920px\" \/><\/span><\/p>\n<\/div>\n<\/div>\n<div class=\"des_detail\">\n<h3 style=\"text-align: left;\"><span style=\"font-family: helvetica, arial, sans-serif; font-size: 14pt;\">LED \u00e9cran tactile syst\u00e8me de contr\u00f4le intelligent<\/span><\/h3>\n<h4 style=\"text-align: left;\"><span style=\"font-family: helvetica, arial, sans-serif; font-size: 14pt;\">\u00bb\u00bb\u00c9cran professionnel, facile \u00e0 utiliser<\/span><\/h4>\n<h4 style=\"text-align: left;\"><span style=\"font-family: helvetica, arial, sans-serif; font-size: 14pt;\">\u00bb\u00bbAnglais et toute langue<\/span><\/h4>\n<h4 style=\"text-align: left;\"><span style=\"font-family: helvetica, arial, sans-serif; font-size: 14pt;\">\u00bb OEM est avialalbe<\/span><\/h4>\n<h4 style=\"text-align: left;\"><span style=\"font-family: helvetica, arial, sans-serif; font-size: 14pt;\">\u00bb\u00bbLogo personnalisable gratuit<\/span><\/h4>\n<table class=\"alignleft\" style=\"border-collapse: collapse; width: 100%; height: 120px;\">\n<tbody>\n<tr style=\"height: 24px;\">\n<td style=\"width: 50%; height: 24px;\"><span style=\"font-family: helvetica, arial, sans-serif; font-size: 14pt;\"><b>Enl\u00e8vement de tatouage laser Picosecond<\/b><\/span><\/td>\n<td style=\"width: 50%; height: 24px;\"><span style=\"font-family: helvetica, arial, sans-serif; font-size: 14pt;\">Num\u00e9ro de mod\u00e8le: Picosecond portable<\/span><\/td>\n<\/tr>\n<tr style=\"height: 24px;\">\n<td style=\"width: 50%; height: 24px;\"><span style=\"font-family: helvetica, arial, sans-serif; font-size: 14pt;\">longueur d'onde (lumi\u00e8re): 1064nm 532nm (point r\u00e9glable); 1064nm 532nm 1320nm 755nm (point non r\u00e9glable)\u00a0<\/span><\/td>\n<td style=\"width: 50%; height: 24px;\"><span style=\"font-family: helvetica, arial, sans-serif; font-size: 14pt;\">Tirs : 1 500 000<\/span><\/td>\n<\/tr>\n<tr style=\"height: 24px;\">\n<td style=\"width: 50%; height: 24px;\"><span style=\"font-family: helvetica, arial, sans-serif; font-size: 14pt;\">Fonction: enl\u00e8vement du tatouage, blanchiment de la peau, rajeunissement de la peau<\/span><\/td>\n<td style=\"width: 50%; height: 24px;\"><span style=\"font-family: helvetica, arial, sans-serif; font-size: 14pt;\">Taille de l'\u00e9cran: \u00e9cran tactile LCD 8.4<\/span><\/td>\n<\/tr>\n<tr style=\"height: 24px;\">\n<td style=\"width: 50%; height: 24px;\"><span style=\"font-family: helvetica, arial, sans-serif; font-size: 14pt;\">Spot de lumi\u00e8re: 1-7mm r\u00e9glable<\/span><\/td>\n<td style=\"width: 50%; height: 24px;\"><span style=\"font-family: helvetica, arial, sans-serif; font-size: 14pt;\">Fr\u00e9quence: 1-20Hz<\/span><\/td>\n<\/tr>\n<tr style=\"height: 24px;\">\n<td style=\"width: 50%; height: 24px;\"><span style=\"font-family: helvetica, arial, sans-serif; font-size: 14pt;\">Paquet: Bo\u00eete en aluminium<\/span><\/td>\n<td style=\"width: 50%; height: 24px;\"><span style=\"font-family: helvetica, arial, sans-serif; font-size: 14pt;\">Garantie: 2 ans<\/span><\/td>\n<\/tr>\n<\/tbody>\n<\/table>\n<div class=\"se4_tit\" style=\"text-align: left;\">\n<div class=\"l right\">\n<p>&nbsp;<\/p>\n<\/div>\n<\/div>\n<p style=\"text-align: left;\">\n<\/div>\n<\/div>\n<\/div>\n<\/div>\n<\/div>","protected":false},"excerpt":{"rendered":"<p><span class=\"src\" data-group=\"0-0\">* Traiter les taches de peau telles que les freches, les taches de caf\u00e9, les taches de photovieillissement, les marques d'acn\u00e9 et les rides, ainsi que les tatouages rouges et jaunes <\/span><\/p>\n<p><span class=\"src\" data-group=\"1-0\">* Traiter les taches cutan\u00e9es telles que brunes <\/span><\/p>\n<p><span class=\"src\" data-group=\"2-0\">* Cyan nevus, Ota nevus, chloasma, pigmentation, ainsi que blanchiment et \u00e9claircissement pour enlever le jaune, peut laver des tatouages noirs et bleus <\/span><\/p>\n<p><span class=\"src\" data-group=\"3-0\">* Traitez les trous d'acn\u00e9, r\u00e9tr\u00e9cissez les pores, serrez la peau et obtenez l'effet du rajeunissement de la peau.<\/span><\/p>","protected":false},"featured_media":3652,"comment_status":"open","ping_status":"closed","template":"","meta":[],"product_cat":[23],"product_tag":[],"class_list":["post-1866","product","type-product","status-publish","has-post-thumbnail","hentry","product_cat-picosecond-laser"],"_links":{"self":[{"href":"https:\/\/www.mlkjlasers.com\/fr\/wp-json\/wp\/v2\/product\/1866","targetHints":{"allow":["GET"]}}],"collection":[{"href":"https:\/\/www.mlkjlasers.com\/fr\/wp-json\/wp\/v2\/product"}],"about":[{"href":"https:\/\/www.mlkjlasers.com\/fr\/wp-json\/wp\/v2\/types\/product"}],"replies":[{"embeddable":true,"href":"https:\/\/www.mlkjlasers.com\/fr\/wp-json\/wp\/v2\/comments?post=1866"}],"wp:featuredmedia":[{"embeddable":true,"href":"https:\/\/www.mlkjlasers.com\/fr\/wp-json\/wp\/v2\/media\/3652"}],"wp:attachment":[{"href":"https:\/\/www.mlkjlasers.com\/fr\/wp-json\/wp\/v2\/media?parent=1866"}],"wp:term":[{"taxonomy":"product_cat","embeddable":true,"href":"https:\/\/www.mlkjlasers.com\/fr\/wp-json\/wp\/v2\/product_cat?post=1866"},{"taxonomy":"product_tag","embeddable":true,"href":"https:\/\/www.mlkjlasers.com\/fr\/wp-json\/wp\/v2\/product_tag?post=1866"}],"curies":[{"name":"wp","href":"https:\/\/api.w.org\/{rel}","templated":true}]}}