{"id":2035,"date":"2023-07-25T14:29:49","date_gmt":"2023-07-25T06:29:49","guid":{"rendered":"https:\/\/mlkjlasers.com\/?post_type=product&#038;p=2035"},"modified":"2026-01-27T14:41:11","modified_gmt":"2026-01-27T06:41:11","slug":"4-handles-in-1-ems-body-sculpt-slimming-machine-2","status":"publish","type":"product","link":"https:\/\/www.mlkjlasers.com\/fr\/product\/4-handles-in-1-ems-body-sculpt-slimming-machine-2\/","title":{"rendered":"Machine de sculpture du corps 4 poign\u00e9es \u00e9lectromagn\u00e9tique de la construction de la perte de poids du muscle"},"content":{"rendered":"<p><span style=\"font-size: 14pt;\"><img fetchpriority=\"high\" decoding=\"async\" class=\"aligncenter size-full wp-image-3796\" src=\"https:\/\/www.mlkjlasers.com\/wp-content\/uploads\/2026\/01\/X.jpg\" alt=\"\" width=\"1920\" height=\"1080\" srcset=\"https:\/\/www.mlkjlasers.com\/wp-content\/uploads\/2026\/01\/X.jpg 1920w, https:\/\/www.mlkjlasers.com\/wp-content\/uploads\/2026\/01\/X-300x169.jpg 300w, https:\/\/www.mlkjlasers.com\/wp-content\/uploads\/2026\/01\/X-1024x576.jpg 1024w, https:\/\/www.mlkjlasers.com\/wp-content\/uploads\/2026\/01\/X-768x432.jpg 768w, https:\/\/www.mlkjlasers.com\/wp-content\/uploads\/2026\/01\/X-1536x864.jpg 1536w, https:\/\/www.mlkjlasers.com\/wp-content\/uploads\/2026\/01\/X-18x10.jpg 18w, https:\/\/www.mlkjlasers.com\/wp-content\/uploads\/2026\/01\/X-600x338.jpg 600w\" sizes=\"(max-width: 1920px) 100vw, 1920px\" \/><\/span><\/p>\n<p><span style=\"font-size: 14pt;\"><b>Construire Muscle<\/b><\/span><br \/>\n<span style=\"font-size: 14pt;\">Les muscles se contractent 30 000 fois \u00e0 une fr\u00e9quence et une intensit\u00e9 \u00e9lev\u00e9es, ce qui permet d\u2019entra\u00eener et d\u2019augmenter la densit\u00e9 et le volume musculaires.<\/span><br \/>\n<span style=\"font-size: 14pt;\"><b>R\u00e9duire les graisses<\/b><\/span><br \/>\n<span style=\"font-size: 14pt;\">La contraction finale des muscles n\u00e9cessite une grande quantit\u00e9 d'approvisionnement en \u00e9nergie, de sorte que les cellules graisseuses \u00e0 c\u00f4t\u00e9 des muscles sont \u00e9galement consomm\u00e9es, conduisant \u00e0 une apoptose naturelle et \u00e0 une r\u00e9duction efficace des graisses.<\/span><br \/>\n<span style=\"font-size: 14pt;\"><b>Sculpture musculaire<\/b><\/span><br \/>\n<span style=\"font-size: 14pt;\">Exercier les muscles abdominaux et glut\u00e9aux, entra\u00eener les muscles obliques de l'abdomen et fa\u00e7onner la ligne de sir\u00e8ne.<\/span><\/p>\n<p><span style=\"font-size: 14pt;\"><img decoding=\"async\" class=\"aligncenter size-full wp-image-3767\" src=\"https:\/\/www.mlkjlasers.com\/wp-content\/uploads\/2026\/01\/pro-14.jpg\" alt=\"\" width=\"1920\" height=\"1080\" srcset=\"https:\/\/www.mlkjlasers.com\/wp-content\/uploads\/2026\/01\/pro-14.jpg 1920w, https:\/\/www.mlkjlasers.com\/wp-content\/uploads\/2026\/01\/pro-14-300x169.jpg 300w, https:\/\/www.mlkjlasers.com\/wp-content\/uploads\/2026\/01\/pro-14-1024x576.jpg 1024w, https:\/\/www.mlkjlasers.com\/wp-content\/uploads\/2026\/01\/pro-14-768x432.jpg 768w, https:\/\/www.mlkjlasers.com\/wp-content\/uploads\/2026\/01\/pro-14-1536x864.jpg 1536w, https:\/\/www.mlkjlasers.com\/wp-content\/uploads\/2026\/01\/pro-14-18x10.jpg 18w, https:\/\/www.mlkjlasers.com\/wp-content\/uploads\/2026\/01\/pro-14-600x338.jpg 600w\" sizes=\"(max-width: 1920px) 100vw, 1920px\" \/><\/span><\/p>\n<p><span style=\"font-size: 14pt;\">Fonctionnalit\u00e9 multi-mode &#8211; Diff\u00e9rents niveaux d'intensit\u00e9 pour un traitement personnalis\u00e9.<\/span><br \/>\n<span style=\"font-size: 14pt;\">Rapide &amp; R\u00e9sultats visibles &#8211; Sentez la diff\u00e9rence en quelques s\u00e9ances.<\/span><br \/>\n<span style=\"font-size: 14pt;\">S\u00e9curit\u00e9 &amp; Non-invasif &#8211; Pas d'op\u00e9ration, pas d'arr\u00eat, pas de douleur.<\/span><br \/>\n<span style=\"font-size: 14pt;\">Utilisation du corps entier &#8211; Fonctionne sur les abdominaux, les bras, les cuisses, les glutes et plus encore.<\/span><br \/>\n<span style=\"font-size: 14pt;\">Facile \u00e0 utiliser &#8211; Parfait pour les salons, les cliniques.<\/span><\/p>\n<p><span style=\"font-size: 14pt;\"><img decoding=\"async\" class=\"aligncenter size-full wp-image-3772\" src=\"https:\/\/www.mlkjlasers.com\/wp-content\/uploads\/2026\/01\/pro-20.jpg\" alt=\"\" width=\"1920\" height=\"1080\" srcset=\"https:\/\/www.mlkjlasers.com\/wp-content\/uploads\/2026\/01\/pro-20.jpg 1920w, https:\/\/www.mlkjlasers.com\/wp-content\/uploads\/2026\/01\/pro-20-300x169.jpg 300w, https:\/\/www.mlkjlasers.com\/wp-content\/uploads\/2026\/01\/pro-20-1024x576.jpg 1024w, https:\/\/www.mlkjlasers.com\/wp-content\/uploads\/2026\/01\/pro-20-768x432.jpg 768w, https:\/\/www.mlkjlasers.com\/wp-content\/uploads\/2026\/01\/pro-20-1536x864.jpg 1536w, https:\/\/www.mlkjlasers.com\/wp-content\/uploads\/2026\/01\/pro-20-18x10.jpg 18w, https:\/\/www.mlkjlasers.com\/wp-content\/uploads\/2026\/01\/pro-20-600x338.jpg 600w\" sizes=\"(max-width: 1920px) 100vw, 1920px\" \/><\/span><\/p>\n<p><span style=\"font-size: 14pt;\">Affichage poign\u00e9e<\/span><\/p>\n<p><span style=\"font-size: 14pt;\"><img loading=\"lazy\" decoding=\"async\" class=\"aligncenter size-full wp-image-3791\" src=\"https:\/\/www.mlkjlasers.com\/wp-content\/uploads\/2026\/01\/m-16.jpg\" alt=\"\" width=\"1920\" height=\"1080\" srcset=\"https:\/\/www.mlkjlasers.com\/wp-content\/uploads\/2026\/01\/m-16.jpg 1920w, https:\/\/www.mlkjlasers.com\/wp-content\/uploads\/2026\/01\/m-16-300x169.jpg 300w, https:\/\/www.mlkjlasers.com\/wp-content\/uploads\/2026\/01\/m-16-1024x576.jpg 1024w, https:\/\/www.mlkjlasers.com\/wp-content\/uploads\/2026\/01\/m-16-768x432.jpg 768w, https:\/\/www.mlkjlasers.com\/wp-content\/uploads\/2026\/01\/m-16-1536x864.jpg 1536w, https:\/\/www.mlkjlasers.com\/wp-content\/uploads\/2026\/01\/m-16-18x10.jpg 18w, https:\/\/www.mlkjlasers.com\/wp-content\/uploads\/2026\/01\/m-16-600x338.jpg 600w\" sizes=\"(max-width: 1920px) 100vw, 1920px\" \/><\/span><\/p>\n<p><span style=\"font-size: 14pt;\">Dans le travail quotidien, lorsque la poign\u00e9e agit sur diff\u00e9rentes parties de diff\u00e9rents clients, diff\u00e9rents param\u00e8tres sont n\u00e9cessaires. Chaque poign\u00e9e peut ajuster les param\u00e8tres ind\u00e9pendamment, r\u00e9pondant parfaitement aux diff\u00e9rentes exigences \u00e9nerg\u00e9tiques de diff\u00e9rentes pi\u00e8ces lorsque les poign\u00e9es fonctionnent en m\u00eame temps.<\/span><\/p>\n<p><span style=\"font-size: 14pt;\"><img loading=\"lazy\" decoding=\"async\" class=\"aligncenter size-full wp-image-3793\" src=\"https:\/\/www.mlkjlasers.com\/wp-content\/uploads\/2026\/01\/m-18.jpg\" alt=\"\" width=\"1920\" height=\"1080\" srcset=\"https:\/\/www.mlkjlasers.com\/wp-content\/uploads\/2026\/01\/m-18.jpg 1920w, https:\/\/www.mlkjlasers.com\/wp-content\/uploads\/2026\/01\/m-18-300x169.jpg 300w, https:\/\/www.mlkjlasers.com\/wp-content\/uploads\/2026\/01\/m-18-1024x576.jpg 1024w, https:\/\/www.mlkjlasers.com\/wp-content\/uploads\/2026\/01\/m-18-768x432.jpg 768w, https:\/\/www.mlkjlasers.com\/wp-content\/uploads\/2026\/01\/m-18-1536x864.jpg 1536w, https:\/\/www.mlkjlasers.com\/wp-content\/uploads\/2026\/01\/m-18-18x10.jpg 18w, https:\/\/www.mlkjlasers.com\/wp-content\/uploads\/2026\/01\/m-18-600x338.jpg 600w\" sizes=\"(max-width: 1920px) 100vw, 1920px\" \/><\/span><\/p>\n<p><span style=\"color: #000000; font-family: helvetica, arial, sans-serif; font-size: 14pt;\"><strong>\u00c9limination des graisses EMS \/ Le renforcement musculaire<\/strong><\/span><\/p>\n<p><span style=\"color: #000000; font-family: helvetica, arial, sans-serif; font-size: 14pt;\">am\u00e9liorer la lib\u00e9ration d'\u00e9pin\u00e9phrine, ce qui apporte un effet \u00e9vident qui conduit \u00e0 une lipolyse supramaximale dans les cellules adipeuses.<\/span><br \/>\n<span style=\"color: #000000; font-family: helvetica, arial, sans-serif; font-size: 14pt;\">Am\u00e9lioration de la circulation lymphatique<\/span><br \/>\n<span style=\"color: #000000; font-family: helvetica, arial, sans-serif; font-size: 14pt;\">Les ondes \u00e9lectromagn\u00e9tiques stimulent l'h\u00e9moglobine, augmentent le flux sanguin, la circulation lymphatique.<\/span><br \/>\n<span style=\"color: #000000; font-family: helvetica, arial, sans-serif; font-size: 14pt;\">La proc\u00e9dure augmente que les cellules grasses mortes sont \u00e9limin\u00e9es naturellement.<\/span><\/p>\n<p><span style=\"font-size: 14pt;\"><img loading=\"lazy\" decoding=\"async\" class=\"aligncenter size-full wp-image-3790\" src=\"https:\/\/www.mlkjlasers.com\/wp-content\/uploads\/2026\/01\/m-14.jpg\" alt=\"\" width=\"1920\" height=\"1080\" srcset=\"https:\/\/www.mlkjlasers.com\/wp-content\/uploads\/2026\/01\/m-14.jpg 1920w, https:\/\/www.mlkjlasers.com\/wp-content\/uploads\/2026\/01\/m-14-300x169.jpg 300w, https:\/\/www.mlkjlasers.com\/wp-content\/uploads\/2026\/01\/m-14-1024x576.jpg 1024w, https:\/\/www.mlkjlasers.com\/wp-content\/uploads\/2026\/01\/m-14-768x432.jpg 768w, https:\/\/www.mlkjlasers.com\/wp-content\/uploads\/2026\/01\/m-14-1536x864.jpg 1536w, https:\/\/www.mlkjlasers.com\/wp-content\/uploads\/2026\/01\/m-14-18x10.jpg 18w, https:\/\/www.mlkjlasers.com\/wp-content\/uploads\/2026\/01\/m-14-600x338.jpg 600w\" sizes=\"(max-width: 1920px) 100vw, 1920px\" \/><span style=\"color: #000000; font-family: helvetica, arial, sans-serif;\"><strong>Avantages de la sculpture \u00e0 ondes magn\u00e9tiques Ems Sculpt<\/strong><\/span><\/span><\/p>\n<p><span style=\"color: #000000; font-family: helvetica, arial, sans-serif; font-size: 14pt;\">1, tout le cours du traitement thermique, aucun rayonnement, non invasif, aucune p\u00e9riode de r\u00e9cup\u00e9ration.<\/span><br \/>\n<span style=\"color: #000000; font-family: helvetica, arial, sans-serif; font-size: 14pt;\">2, stimuler la croissance musculaire tout en favorisant la d\u00e9composition des graisses.<\/span><br \/>\n<span style=\"color: #000000; font-family: helvetica, arial, sans-serif; font-size: 14pt;\">3. Le traitement entier n'a pas besoin de enlever les v\u00eatements, n'a pas besoin d'appliquer du gel, juste coucher sur le lit, mettre le stimulateur musculaire sur le site de traitement, et terminer un traitement en 30 minutes<\/span><br \/>\n<span style=\"color: #000000; font-family: helvetica, arial, sans-serif; font-size: 14pt;\">4. Poign\u00e9es et un coussin de hanche, suite pour tout le corps<\/span><\/p>\n<p><span style=\"font-size: 14pt;\"><img loading=\"lazy\" decoding=\"async\" class=\"aligncenter size-full wp-image-3789\" src=\"https:\/\/www.mlkjlasers.com\/wp-content\/uploads\/2026\/01\/m-13.jpg\" alt=\"\" width=\"1920\" height=\"1080\" srcset=\"https:\/\/www.mlkjlasers.com\/wp-content\/uploads\/2026\/01\/m-13.jpg 1920w, https:\/\/www.mlkjlasers.com\/wp-content\/uploads\/2026\/01\/m-13-300x169.jpg 300w, https:\/\/www.mlkjlasers.com\/wp-content\/uploads\/2026\/01\/m-13-1024x576.jpg 1024w, https:\/\/www.mlkjlasers.com\/wp-content\/uploads\/2026\/01\/m-13-768x432.jpg 768w, https:\/\/www.mlkjlasers.com\/wp-content\/uploads\/2026\/01\/m-13-1536x864.jpg 1536w, https:\/\/www.mlkjlasers.com\/wp-content\/uploads\/2026\/01\/m-13-18x10.jpg 18w, https:\/\/www.mlkjlasers.com\/wp-content\/uploads\/2026\/01\/m-13-600x338.jpg 600w\" sizes=\"(max-width: 1920px) 100vw, 1920px\" \/><\/span><\/p>\n<p><span style=\"color: #000000; font-family: helvetica, arial, sans-serif; font-size: 14pt;\">Ems utilise la technologie d'ondes \u00e9lectromagn\u00e9tiques concentr\u00e9es \u00e0 haute intensit\u00e9 pour stimuler les muscles pour r\u00e9aliser la prolif\u00e9ration des fibres musculaires et stimuler la lipolyse en m\u00eame temps pour r\u00e9aliser une mise en forme du corps non invasive, indolore et s\u00fbre.<\/span><\/p>\n<p><span style=\"color: #000000; font-family: helvetica, arial, sans-serif; font-size: 14pt;\">En faisant s\u2019\u00e9largir et se contracter en permanence l\u2019auto-muscle, l\u2019entra\u00eenement extr\u00eame permet de remodeler profond\u00e9ment le muscle, c\u2019est-\u00e0-dire la croissance de la myofibrile (agrandissement musculaire) et la production de nouvelles cha\u00eenes de collag\u00e8ne et de fibres musculaires (hyperplasie musculaire), entra\u00eenant ainsi et augmentant la densit\u00e9 et le volume musculaires. 100% limiter la contraction musculaire peut provoquer une grande quantit\u00e9 de lipolyse, les acides gras de la d\u00e9composition des triglyc\u00e9rides, accumul\u00e9s dans les cellules graisseuses. La concentration d'acides gras est trop \u00e9lev\u00e9e, de sorte que les cellules grasses apoptose, en quelques semaines par le corps&#8217; m\u00e9tabolisme normal excr\u00e9t\u00e9 par le corps. Par cons\u00e9quent, le traitement de sculpture Ems peut atteindre l'effet de r\u00e9duction de graisse tout en renfor\u00e7ant et augmentant les muscles.<\/span><\/p>\n<p><span style=\"font-size: 14pt;\"><img loading=\"lazy\" decoding=\"async\" class=\"aligncenter size-full wp-image-3785\" src=\"https:\/\/www.mlkjlasers.com\/wp-content\/uploads\/2026\/01\/m-7.jpg\" alt=\"\" width=\"1920\" height=\"1080\" srcset=\"https:\/\/www.mlkjlasers.com\/wp-content\/uploads\/2026\/01\/m-7.jpg 1920w, https:\/\/www.mlkjlasers.com\/wp-content\/uploads\/2026\/01\/m-7-300x169.jpg 300w, https:\/\/www.mlkjlasers.com\/wp-content\/uploads\/2026\/01\/m-7-1024x576.jpg 1024w, https:\/\/www.mlkjlasers.com\/wp-content\/uploads\/2026\/01\/m-7-768x432.jpg 768w, https:\/\/www.mlkjlasers.com\/wp-content\/uploads\/2026\/01\/m-7-1536x864.jpg 1536w, https:\/\/www.mlkjlasers.com\/wp-content\/uploads\/2026\/01\/m-7-18x10.jpg 18w, https:\/\/www.mlkjlasers.com\/wp-content\/uploads\/2026\/01\/m-7-600x338.jpg 600w\" sizes=\"(max-width: 1920px) 100vw, 1920px\" \/><\/span><\/p>\n<p><span style=\"color: #000000; font-family: helvetica, arial, sans-serif; font-size: 14pt;\">Alimentation \u00e0 un bouton sur la conception<\/span><br \/>\n<span style=\"color: #000000; font-family: helvetica, arial, sans-serif; font-size: 14pt;\">Ecran tactile HD de 14 pouces<\/span><br \/>\n<span style=\"color: #000000; font-family: helvetica, arial, sans-serif; font-size: 14pt;\">Pr\u00e9d\u00e9finir diff\u00e9rents param\u00e8tres de traitement<\/span><br \/>\n<span style=\"color: #000000; font-family: helvetica, arial, sans-serif; font-size: 14pt;\">Services personnalis\u00e9s: langue, syst\u00e8me, apparence, logo&#8230; Mises \u00e0 niveau gratuites pour la vie<\/span><\/p>\n<p><span style=\"font-size: 14pt;\"><img loading=\"lazy\" decoding=\"async\" class=\"aligncenter size-full wp-image-3784\" src=\"https:\/\/www.mlkjlasers.com\/wp-content\/uploads\/2026\/01\/m-6.jpg\" alt=\"\" width=\"1920\" height=\"1080\" srcset=\"https:\/\/www.mlkjlasers.com\/wp-content\/uploads\/2026\/01\/m-6.jpg 1920w, https:\/\/www.mlkjlasers.com\/wp-content\/uploads\/2026\/01\/m-6-300x169.jpg 300w, https:\/\/www.mlkjlasers.com\/wp-content\/uploads\/2026\/01\/m-6-1024x576.jpg 1024w, https:\/\/www.mlkjlasers.com\/wp-content\/uploads\/2026\/01\/m-6-768x432.jpg 768w, https:\/\/www.mlkjlasers.com\/wp-content\/uploads\/2026\/01\/m-6-1536x864.jpg 1536w, https:\/\/www.mlkjlasers.com\/wp-content\/uploads\/2026\/01\/m-6-18x10.jpg 18w, https:\/\/www.mlkjlasers.com\/wp-content\/uploads\/2026\/01\/m-6-600x338.jpg 600w\" sizes=\"(max-width: 1920px) 100vw, 1920px\" \/><\/span><\/p>\n<div><span style=\"font-size: 14pt;\">\u221a L'interface est plus claire<\/span><br \/>\n<span style=\"font-size: 14pt;\">\u221a L'op\u00e9ration est plus lisse<\/span><br \/>\n<span style=\"font-size: 14pt;\">\u221a Le toucher est plus confortable<\/span><\/div>\n<div><\/div>\n<p><span style=\"font-size: 14pt;\"><img loading=\"lazy\" decoding=\"async\" class=\"aligncenter size-full wp-image-3735\" src=\"https:\/\/www.mlkjlasers.com\/wp-content\/uploads\/2026\/01\/\u4fbf\u643a\u53cc-7.jpg\" alt=\"\" width=\"1920\" height=\"1080\" srcset=\"https:\/\/www.mlkjlasers.com\/wp-content\/uploads\/2026\/01\/\u4fbf\u643a\u53cc-7.jpg 1920w, https:\/\/www.mlkjlasers.com\/wp-content\/uploads\/2026\/01\/\u4fbf\u643a\u53cc-7-300x169.jpg 300w, https:\/\/www.mlkjlasers.com\/wp-content\/uploads\/2026\/01\/\u4fbf\u643a\u53cc-7-1024x576.jpg 1024w, https:\/\/www.mlkjlasers.com\/wp-content\/uploads\/2026\/01\/\u4fbf\u643a\u53cc-7-768x432.jpg 768w, https:\/\/www.mlkjlasers.com\/wp-content\/uploads\/2026\/01\/\u4fbf\u643a\u53cc-7-1536x864.jpg 1536w, https:\/\/www.mlkjlasers.com\/wp-content\/uploads\/2026\/01\/\u4fbf\u643a\u53cc-7-18x10.jpg 18w, https:\/\/www.mlkjlasers.com\/wp-content\/uploads\/2026\/01\/\u4fbf\u643a\u53cc-7-600x338.jpg 600w\" sizes=\"(max-width: 1920px) 100vw, 1920px\" \/><\/span><\/p>\n<table style=\"border-collapse: collapse; width: 100%;\">\n<tbody>\n<tr>\n<td style=\"width: 50%;\"><span style=\"color: #000000; font-family: helvetica, arial, sans-serif; font-size: 14pt;\"><b>4 poign\u00e9es ems corps sculpteur machine muscle stimuler<\/b><\/span><\/td>\n<td style=\"width: 50%;\"><span style=\"color: #000000; font-family: helvetica, arial, sans-serif; font-size: 14pt;\">Technologie:(\u00e9lectromagn\u00e9tique puls\u00e9 \u00e0 haute intensit\u00e9)Trouver X<\/span><\/td>\n<\/tr>\n<tr>\n<td style=\"width: 50%;\"><span style=\"color: #000000; font-family: helvetica, arial, sans-serif; font-size: 14pt;\">Zone cible : jambes \/ bras, pieds, autres, mains, poitrine, corps<\/span><\/td>\n<td style=\"width: 50%;\"><span style=\"color: #000000; font-family: helvetica, arial, sans-serif; font-size: 14pt;\">Type de prise:AU, Autre, Royaume-Uni, UE, \u00c9tats-Unis, CN, JP, Za, Il<\/span><\/td>\n<\/tr>\n<tr>\n<td style=\"width: 50%;\"><span style=\"color: #000000; font-family: helvetica, arial, sans-serif; font-size: 14pt;\">Fonction: Perte de poids, stimulation musculaire<\/span><\/td>\n<td style=\"width: 50%;\"><span style=\"color: #000000; font-family: helvetica, arial, sans-serif; font-size: 14pt;\">Tension: 110V \/ 220V 50-60Hz<\/span><\/td>\n<\/tr>\n<tr>\n<td style=\"width: 50%;\"><span style=\"color: #000000; font-family: helvetica, arial, sans-serif; font-size: 14pt;\">Dur\u00e9e de l'impulsion: 300PS<\/span><\/td>\n<td style=\"width: 50%;\"><span style=\"color: #000000; font-family: helvetica, arial, sans-serif; font-size: 14pt;\">Application: \u00c0 des fins commerciales<\/span><\/td>\n<\/tr>\n<tr>\n<td style=\"width: 50%;\"><span style=\"color: #000000; font-family: helvetica, arial, sans-serif; font-size: 14pt;\">Taille: 71X61X112 cm<\/span><\/td>\n<td style=\"width: 50%;\"><span style=\"color: #000000; font-family: helvetica, arial, sans-serif; font-size: 14pt;\">Poids: 65 kg<\/span><\/td>\n<\/tr>\n<\/tbody>\n<\/table>\n<p><span style=\"color: #000000; font-family: helvetica, arial, sans-serif; font-size: 14pt;\">MLKJ est une entreprise de 18 ans qui int\u00e8gre la conception, le d\u00e9veloppement, la production et les ventes d'instruments de beaut\u00e9.<\/span><br \/>\n<span style=\"color: #000000; font-family: helvetica, arial, sans-serif; font-size: 14pt;\">V\u00e9ritable usine, processus de production r\u00e9el, \u00e9valuation r\u00e9elle!<\/span><br \/>\n<span style=\"color: #000000; font-family: helvetica, arial, sans-serif; font-size: 14pt;\">Bienvenue dans notre entreprise ou visite vid\u00e9o!<\/span><br \/>\n<span style=\"color: #000000; font-family: helvetica, arial, sans-serif; font-size: 14pt;\">Ce n'est que lorsque vous choisissez un v\u00e9ritable partenaire que la qualit\u00e9 du produit peut \u00eatre garantie!<\/span><\/p>\n<p><span style=\"font-size: 14pt;\"><strong><a href=\"https:\/\/www.mlkjlasers.com\/fr\/contact-us\/\"><span style=\"color: #000000; font-family: helvetica, arial, sans-serif;\">Demandez des prix maintenant !<\/span><\/a><\/strong><\/span><\/p>\n<p>&nbsp;<\/p>","protected":false},"excerpt":{"rendered":"<p>Les muscles se contractent 30 000 fois \u00e0 une fr\u00e9quence et une intensit\u00e9 \u00e9lev\u00e9es, ce qui permet d\u2019entra\u00eener et d\u2019augmenter la densit\u00e9 et le volume musculaires. La contraction finale des muscles n\u00e9cessite une grande quantit\u00e9 d'approvisionnement en \u00e9nergie, de sorte que les cellules graisseuses \u00e0 c\u00f4t\u00e9 des muscles sont \u00e9galement consomm\u00e9es, conduisant \u00e0 une apoptose naturelle et \u00e0 une r\u00e9duction efficace des graisses. Sculpture musculaire [&hellip;]<\/p>","protected":false},"featured_media":3783,"comment_status":"open","ping_status":"closed","template":"","meta":[],"product_cat":[28],"product_tag":[],"class_list":["post-2035","product","type-product","status-publish","has-post-thumbnail","hentry","product_cat-slimming-machine"],"_links":{"self":[{"href":"https:\/\/www.mlkjlasers.com\/fr\/wp-json\/wp\/v2\/product\/2035","targetHints":{"allow":["GET"]}}],"collection":[{"href":"https:\/\/www.mlkjlasers.com\/fr\/wp-json\/wp\/v2\/product"}],"about":[{"href":"https:\/\/www.mlkjlasers.com\/fr\/wp-json\/wp\/v2\/types\/product"}],"replies":[{"embeddable":true,"href":"https:\/\/www.mlkjlasers.com\/fr\/wp-json\/wp\/v2\/comments?post=2035"}],"wp:featuredmedia":[{"embeddable":true,"href":"https:\/\/www.mlkjlasers.com\/fr\/wp-json\/wp\/v2\/media\/3783"}],"wp:attachment":[{"href":"https:\/\/www.mlkjlasers.com\/fr\/wp-json\/wp\/v2\/media?parent=2035"}],"wp:term":[{"taxonomy":"product_cat","embeddable":true,"href":"https:\/\/www.mlkjlasers.com\/fr\/wp-json\/wp\/v2\/product_cat?post=2035"},{"taxonomy":"product_tag","embeddable":true,"href":"https:\/\/www.mlkjlasers.com\/fr\/wp-json\/wp\/v2\/product_tag?post=2035"}],"curies":[{"name":"wp","href":"https:\/\/api.w.org\/{rel}","templated":true}]}}