{"id":2036,"date":"2023-07-25T16:22:01","date_gmt":"2023-07-25T08:22:01","guid":{"rendered":"https:\/\/mlkjlasers.com\/?post_type=product&#038;p=2036"},"modified":"2026-01-27T14:54:04","modified_gmt":"2026-01-27T06:54:04","slug":"4-handles-in-1-ems-body-sculpt-slimming-machine-2-2","status":"publish","type":"product","link":"https:\/\/www.mlkjlasers.com\/fr\/product\/4-handles-in-1-ems-body-sculpt-slimming-machine-2-2\/","title":{"rendered":"Machine de perte de poids portable professionnelle Salon utilise deux poign\u00e9es sculpture corps minceur machine"},"content":{"rendered":"<div class=\"se4_tit\"><span style=\"font-size: 14pt;\"><img fetchpriority=\"high\" decoding=\"async\" class=\"aligncenter size-full wp-image-3736\" src=\"https:\/\/www.mlkjlasers.com\/wp-content\/uploads\/2026\/01\/\u4fbf\u643a\u53cc-8.jpg\" alt=\"\" width=\"1920\" height=\"1080\" srcset=\"https:\/\/www.mlkjlasers.com\/wp-content\/uploads\/2026\/01\/\u4fbf\u643a\u53cc-8.jpg 1920w, https:\/\/www.mlkjlasers.com\/wp-content\/uploads\/2026\/01\/\u4fbf\u643a\u53cc-8-300x169.jpg 300w, https:\/\/www.mlkjlasers.com\/wp-content\/uploads\/2026\/01\/\u4fbf\u643a\u53cc-8-1024x576.jpg 1024w, https:\/\/www.mlkjlasers.com\/wp-content\/uploads\/2026\/01\/\u4fbf\u643a\u53cc-8-768x432.jpg 768w, https:\/\/www.mlkjlasers.com\/wp-content\/uploads\/2026\/01\/\u4fbf\u643a\u53cc-8-1536x864.jpg 1536w, https:\/\/www.mlkjlasers.com\/wp-content\/uploads\/2026\/01\/\u4fbf\u643a\u53cc-8-18x10.jpg 18w, https:\/\/www.mlkjlasers.com\/wp-content\/uploads\/2026\/01\/\u4fbf\u643a\u53cc-8-600x338.jpg 600w\" sizes=\"(max-width: 1920px) 100vw, 1920px\" \/><b>Construire Muscle<\/b><\/span><br \/>\n<span style=\"font-size: 14pt;\">Les muscles se contractent 30 000 fois \u00e0 une fr\u00e9quence et une intensit\u00e9 \u00e9lev\u00e9es, ce qui permet d\u2019entra\u00eener et d\u2019augmenter la densit\u00e9 et le volume musculaires.<\/span><br \/>\n<span style=\"font-size: 14pt;\"><b>R\u00e9duire les graisses<\/b><\/span><br \/>\n<span style=\"font-size: 14pt;\">La contraction finale des muscles n\u00e9cessite une grande quantit\u00e9 d'approvisionnement en \u00e9nergie, de sorte que les cellules graisseuses \u00e0 c\u00f4t\u00e9 des muscles sont \u00e9galement consomm\u00e9es, conduisant \u00e0 une apoptose naturelle et \u00e0 une r\u00e9duction efficace des graisses.<\/span><br \/>\n<span style=\"font-size: 14pt;\"><b>Sculpture musculaire<\/b><\/span><br \/>\n<span style=\"font-size: 14pt;\">Exercier les muscles abdominaux et glut\u00e9aux, entra\u00eener les muscles obliques de l'abdomen et fa\u00e7onner la ligne de sir\u00e8ne.<\/span><\/div>\n<div class=\"J_module\">\n<div class=\"icbu-pc-images magic-0\">\n<div>\n<div class=\"flex-layout-v\">\n<div class=\"flex-layout-h magic-0\">\n<div class=\"magic-1\"><\/div>\n<\/div>\n<\/div>\n<\/div>\n<\/div>\n<\/div>\n<div class=\"J_module\">\n<div class=\"detail-decorate-json-renderer-container\">\n<div class=\"magic-3\">\n<div class=\"magic-4\">\n<div class=\"magic-5\">\n<div class=\"magic-6\">\n<div class=\"magic-7\" style=\"text-align: left;\"><span style=\"font-size: 14pt;\"><img decoding=\"async\" class=\"aligncenter size-full wp-image-3739\" src=\"https:\/\/www.mlkjlasers.com\/wp-content\/uploads\/2026\/01\/\u4fbf\u643a\u53cc-11.jpg\" alt=\"\" width=\"1920\" height=\"1080\" srcset=\"https:\/\/www.mlkjlasers.com\/wp-content\/uploads\/2026\/01\/\u4fbf\u643a\u53cc-11.jpg 1920w, https:\/\/www.mlkjlasers.com\/wp-content\/uploads\/2026\/01\/\u4fbf\u643a\u53cc-11-300x169.jpg 300w, https:\/\/www.mlkjlasers.com\/wp-content\/uploads\/2026\/01\/\u4fbf\u643a\u53cc-11-1024x576.jpg 1024w, https:\/\/www.mlkjlasers.com\/wp-content\/uploads\/2026\/01\/\u4fbf\u643a\u53cc-11-768x432.jpg 768w, https:\/\/www.mlkjlasers.com\/wp-content\/uploads\/2026\/01\/\u4fbf\u643a\u53cc-11-1536x864.jpg 1536w, https:\/\/www.mlkjlasers.com\/wp-content\/uploads\/2026\/01\/\u4fbf\u643a\u53cc-11-18x10.jpg 18w, https:\/\/www.mlkjlasers.com\/wp-content\/uploads\/2026\/01\/\u4fbf\u643a\u53cc-11-600x338.jpg 600w\" sizes=\"(max-width: 1920px) 100vw, 1920px\" \/><\/span><\/div>\n<div><span style=\"font-size: 14pt;\">Fonctionnalit\u00e9 multi-mode &#8211; Diff\u00e9rents niveaux d'intensit\u00e9 pour un traitement personnalis\u00e9.<\/span><br \/>\n<span style=\"font-size: 14pt;\">Rapide &amp; R\u00e9sultats visibles &#8211; Sentez la diff\u00e9rence en quelques s\u00e9ances.<\/span><br \/>\n<span style=\"font-size: 14pt;\">S\u00e9curit\u00e9 &amp; Non-invasif &#8211; Pas d'op\u00e9ration, pas d'arr\u00eat, pas de douleur.<\/span><br \/>\n<span style=\"font-size: 14pt;\">Utilisation du corps entier &#8211; Fonctionne sur les abdominaux, les bras, les cuisses, les glutes et plus encore.<\/span><br \/>\n<span style=\"font-size: 14pt;\">Portable &amp; Facile \u00e0 utiliser &#8211; Parfait pour les salons ou les cliniques.<\/span><\/div>\n<div><span style=\"font-size: 14pt;\"><img decoding=\"async\" class=\"aligncenter size-full wp-image-3740\" src=\"https:\/\/www.mlkjlasers.com\/wp-content\/uploads\/2026\/01\/\u4fbf\u643a\u53cc-13.jpg\" alt=\"\" width=\"1920\" height=\"1080\" srcset=\"https:\/\/www.mlkjlasers.com\/wp-content\/uploads\/2026\/01\/\u4fbf\u643a\u53cc-13.jpg 1920w, https:\/\/www.mlkjlasers.com\/wp-content\/uploads\/2026\/01\/\u4fbf\u643a\u53cc-13-300x169.jpg 300w, https:\/\/www.mlkjlasers.com\/wp-content\/uploads\/2026\/01\/\u4fbf\u643a\u53cc-13-1024x576.jpg 1024w, https:\/\/www.mlkjlasers.com\/wp-content\/uploads\/2026\/01\/\u4fbf\u643a\u53cc-13-768x432.jpg 768w, https:\/\/www.mlkjlasers.com\/wp-content\/uploads\/2026\/01\/\u4fbf\u643a\u53cc-13-1536x864.jpg 1536w, https:\/\/www.mlkjlasers.com\/wp-content\/uploads\/2026\/01\/\u4fbf\u643a\u53cc-13-18x10.jpg 18w, https:\/\/www.mlkjlasers.com\/wp-content\/uploads\/2026\/01\/\u4fbf\u643a\u53cc-13-600x338.jpg 600w\" sizes=\"(max-width: 1920px) 100vw, 1920px\" \/><\/span><\/div>\n<div><span style=\"font-size: 14pt;\">Affichage poign\u00e9e<\/span><\/div>\n<\/div>\n<\/div>\n<\/div>\n<\/div>\n<\/div>\n<\/div>\n<div class=\"J_module\">\n<div class=\"icbu-pc-images magic-0\">\n<div>\n<div class=\"flex-layout-v\">\n<div class=\"flex-layout-h magic-0\">\n<div class=\"magic-10\"><\/div>\n<\/div>\n<\/div>\n<\/div>\n<div><span style=\"font-size: 14pt;\"><img loading=\"lazy\" decoding=\"async\" class=\"aligncenter size-full wp-image-3741\" src=\"https:\/\/www.mlkjlasers.com\/wp-content\/uploads\/2026\/01\/\u4fbf\u643a\u53cc-15.jpg\" alt=\"\" width=\"1920\" height=\"1080\" srcset=\"https:\/\/www.mlkjlasers.com\/wp-content\/uploads\/2026\/01\/\u4fbf\u643a\u53cc-15.jpg 1920w, https:\/\/www.mlkjlasers.com\/wp-content\/uploads\/2026\/01\/\u4fbf\u643a\u53cc-15-300x169.jpg 300w, https:\/\/www.mlkjlasers.com\/wp-content\/uploads\/2026\/01\/\u4fbf\u643a\u53cc-15-1024x576.jpg 1024w, https:\/\/www.mlkjlasers.com\/wp-content\/uploads\/2026\/01\/\u4fbf\u643a\u53cc-15-768x432.jpg 768w, https:\/\/www.mlkjlasers.com\/wp-content\/uploads\/2026\/01\/\u4fbf\u643a\u53cc-15-1536x864.jpg 1536w, https:\/\/www.mlkjlasers.com\/wp-content\/uploads\/2026\/01\/\u4fbf\u643a\u53cc-15-18x10.jpg 18w, https:\/\/www.mlkjlasers.com\/wp-content\/uploads\/2026\/01\/\u4fbf\u643a\u53cc-15-600x338.jpg 600w\" sizes=\"(max-width: 1920px) 100vw, 1920px\" \/><\/span><\/div>\n<div>\n<div class=\"flex-layout-v\">\n<div class=\"flex-layout-h magic-0\">\n<div><\/div>\n<div><span style=\"font-family: helvetica, arial, sans-serif; color: #000000; font-size: 14pt;\"><b><span class=\"magic-16\">Une session (30mins \/ traitement, 4 traitement en 2 semaines)<br \/>\n<\/span><\/b><span class=\"magic-9\">1. 16 Intensit\u00e9 Tesla<br \/>\n2. 16% de musculation\/19% de r\u00e9duction de graisse<br \/>\n3. \u00c9quivalent \u00e0 20 000 assises\/50 000 contractions musculaires<br \/>\n4. Double sculpture pour la m\u00eame personne \/ diff\u00e9rente le m\u00eame temps<br \/>\n5. durabilit\u00e9 24\/7 avec efficacit\u00e9 de refroidissement de recyclage d'eau<br \/>\n6. Intuitive interface utilisateur conviviale W \/ par d\u00e9faut &amp; programme manuel<br \/>\n7. Aucun op\u00e9rateur\/pr\u00e9parations requises\/Temps d'arr\u00eat<\/span><\/span><\/div>\n<div><span style=\"font-size: 14pt;\"><img loading=\"lazy\" decoding=\"async\" class=\"aligncenter size-full wp-image-3742\" src=\"https:\/\/www.mlkjlasers.com\/wp-content\/uploads\/2026\/01\/\u4fbf\u643a\u53cc-17.jpg\" alt=\"\" width=\"1920\" height=\"1080\" srcset=\"https:\/\/www.mlkjlasers.com\/wp-content\/uploads\/2026\/01\/\u4fbf\u643a\u53cc-17.jpg 1920w, https:\/\/www.mlkjlasers.com\/wp-content\/uploads\/2026\/01\/\u4fbf\u643a\u53cc-17-300x169.jpg 300w, https:\/\/www.mlkjlasers.com\/wp-content\/uploads\/2026\/01\/\u4fbf\u643a\u53cc-17-1024x576.jpg 1024w, https:\/\/www.mlkjlasers.com\/wp-content\/uploads\/2026\/01\/\u4fbf\u643a\u53cc-17-768x432.jpg 768w, https:\/\/www.mlkjlasers.com\/wp-content\/uploads\/2026\/01\/\u4fbf\u643a\u53cc-17-1536x864.jpg 1536w, https:\/\/www.mlkjlasers.com\/wp-content\/uploads\/2026\/01\/\u4fbf\u643a\u53cc-17-18x10.jpg 18w, https:\/\/www.mlkjlasers.com\/wp-content\/uploads\/2026\/01\/\u4fbf\u643a\u53cc-17-600x338.jpg 600w\" sizes=\"(max-width: 1920px) 100vw, 1920px\" \/><\/span><\/div>\n<div><\/div>\n<\/div>\n<\/div>\n<div><span style=\"font-size: 14pt;\"><b class=\"magic-17\" style=\"color: #000000; font-family: helvetica, arial, sans-serif;\">Comment fonctionne teslasculpt ?<\/b><\/span><\/div>\n<\/div>\n<\/div>\n<\/div>\n<div class=\"J_module\">\n<div class=\"detail-decorate-json-renderer-container\">\n<div class=\"magic-3\">\n<div class=\"magic-4\">\n<div class=\"magic-5\">\n<div class=\"magic-6\">\n<div><span class=\"magic-9\" style=\"font-family: helvetica, arial, sans-serif; color: #000000; font-size: 14pt;\"> 1. L'\u00e9lectromagn\u00e9tique de haute intensit\u00e9 d\u00e9pos\u00e9 passe \u00e0 travers les v\u00eatements et la peau dans votre corps. <\/span><\/div>\n<div><span class=\"magic-9\" style=\"font-family: helvetica, arial, sans-serif; color: #000000; font-size: 14pt;\">2. Comme l'exercice, il d\u00e9clenche les nerfs moteurs et excite la contraction musculaire. <\/span><\/div>\n<div><span class=\"magic-9\" style=\"font-family: helvetica, arial, sans-serif; color: #000000; font-size: 14pt;\">3. Et vous allez feek comme faire un entra\u00eenement intense.<\/span><\/div>\n<div><span style=\"font-size: 14pt;\"><img loading=\"lazy\" decoding=\"async\" class=\"aligncenter size-full wp-image-3738\" src=\"https:\/\/www.mlkjlasers.com\/wp-content\/uploads\/2026\/01\/\u4fbf\u643a\u53cc-10.jpg\" alt=\"\" width=\"1920\" height=\"1080\" srcset=\"https:\/\/www.mlkjlasers.com\/wp-content\/uploads\/2026\/01\/\u4fbf\u643a\u53cc-10.jpg 1920w, https:\/\/www.mlkjlasers.com\/wp-content\/uploads\/2026\/01\/\u4fbf\u643a\u53cc-10-300x169.jpg 300w, https:\/\/www.mlkjlasers.com\/wp-content\/uploads\/2026\/01\/\u4fbf\u643a\u53cc-10-1024x576.jpg 1024w, https:\/\/www.mlkjlasers.com\/wp-content\/uploads\/2026\/01\/\u4fbf\u643a\u53cc-10-768x432.jpg 768w, https:\/\/www.mlkjlasers.com\/wp-content\/uploads\/2026\/01\/\u4fbf\u643a\u53cc-10-1536x864.jpg 1536w, https:\/\/www.mlkjlasers.com\/wp-content\/uploads\/2026\/01\/\u4fbf\u643a\u53cc-10-18x10.jpg 18w, https:\/\/www.mlkjlasers.com\/wp-content\/uploads\/2026\/01\/\u4fbf\u643a\u53cc-10-600x338.jpg 600w\" sizes=\"(max-width: 1920px) 100vw, 1920px\" \/><\/span><\/div>\n<div>\n<p><span style=\"font-size: 14pt;\"><b>Affichage d'\u00e9cran: \u00e9cran tactile haute d\u00e9finition de 14 pouces<\/b><\/span><\/p>\n<div><span style=\"font-size: 14pt;\">\u221a L'interface est plus claire<\/span><br \/>\n<span style=\"font-size: 14pt;\">\u221a L'op\u00e9ration est plus lisse<\/span><br \/>\n<span style=\"font-size: 14pt;\">\u221a Le toucher est plus confortable<\/span><\/div>\n<\/div>\n<\/div>\n<div><span style=\"font-size: 14pt;\"><img loading=\"lazy\" decoding=\"async\" class=\"aligncenter size-full wp-image-3737\" src=\"https:\/\/www.mlkjlasers.com\/wp-content\/uploads\/2026\/01\/\u4fbf\u643a\u53cc-9.jpg\" alt=\"\" width=\"1920\" height=\"2000\" srcset=\"https:\/\/www.mlkjlasers.com\/wp-content\/uploads\/2026\/01\/\u4fbf\u643a\u53cc-9.jpg 1920w, https:\/\/www.mlkjlasers.com\/wp-content\/uploads\/2026\/01\/\u4fbf\u643a\u53cc-9-288x300.jpg 288w, https:\/\/www.mlkjlasers.com\/wp-content\/uploads\/2026\/01\/\u4fbf\u643a\u53cc-9-983x1024.jpg 983w, https:\/\/www.mlkjlasers.com\/wp-content\/uploads\/2026\/01\/\u4fbf\u643a\u53cc-9-768x800.jpg 768w, https:\/\/www.mlkjlasers.com\/wp-content\/uploads\/2026\/01\/\u4fbf\u643a\u53cc-9-1475x1536.jpg 1475w, https:\/\/www.mlkjlasers.com\/wp-content\/uploads\/2026\/01\/\u4fbf\u643a\u53cc-9-12x12.jpg 12w, https:\/\/www.mlkjlasers.com\/wp-content\/uploads\/2026\/01\/\u4fbf\u643a\u53cc-9-600x625.jpg 600w\" sizes=\"(max-width: 1920px) 100vw, 1920px\" \/><\/span><\/div>\n<\/div>\n<\/div>\n<\/div>\n<\/div>\n<\/div>\n<div class=\"J_module\">\n<div class=\"detail-decorate-json-renderer-container\">\n<div class=\"magic-3\">\n<div class=\"magic-4\">\n<div class=\"magic-5\">\n<div class=\"magic-6\">\n<div><strong style=\"font-size: 14pt;\">Effet du traitement<\/strong><\/div>\n<\/div>\n<\/div>\n<\/div>\n<\/div>\n<\/div>\n<\/div>\n<div class=\"J_module\">\n<div class=\"icbu-pc-images magic-0\">\n<div class=\"flex-layout-v\">\n<div class=\"flex-layout-h magic-0\">\n<div><span style=\"font-family: helvetica, arial, sans-serif; font-size: 14pt;\"><strong><span class=\"magic-9\" style=\"color: #000000;\">Caract\u00e9ristique :<\/span><\/strong><span class=\"magic-9\" style=\"color: #000000;\">Perte de poids, autres, resserrement de la peau, r\u00e9duction de la cellulite<\/span><\/span><\/div>\n<div><span style=\"font-size: 14pt;\"><img loading=\"lazy\" decoding=\"async\" class=\"aligncenter size-full wp-image-3735\" src=\"https:\/\/www.mlkjlasers.com\/wp-content\/uploads\/2026\/01\/\u4fbf\u643a\u53cc-7.jpg\" alt=\"\" width=\"1920\" height=\"1080\" srcset=\"https:\/\/www.mlkjlasers.com\/wp-content\/uploads\/2026\/01\/\u4fbf\u643a\u53cc-7.jpg 1920w, https:\/\/www.mlkjlasers.com\/wp-content\/uploads\/2026\/01\/\u4fbf\u643a\u53cc-7-300x169.jpg 300w, https:\/\/www.mlkjlasers.com\/wp-content\/uploads\/2026\/01\/\u4fbf\u643a\u53cc-7-1024x576.jpg 1024w, https:\/\/www.mlkjlasers.com\/wp-content\/uploads\/2026\/01\/\u4fbf\u643a\u53cc-7-768x432.jpg 768w, https:\/\/www.mlkjlasers.com\/wp-content\/uploads\/2026\/01\/\u4fbf\u643a\u53cc-7-1536x864.jpg 1536w, https:\/\/www.mlkjlasers.com\/wp-content\/uploads\/2026\/01\/\u4fbf\u643a\u53cc-7-18x10.jpg 18w, https:\/\/www.mlkjlasers.com\/wp-content\/uploads\/2026\/01\/\u4fbf\u643a\u53cc-7-600x338.jpg 600w\" sizes=\"(max-width: 1920px) 100vw, 1920px\" \/><\/span><\/div>\n<div><\/div>\n<div class=\"magic-22\"><\/div>\n<div>\n<table style=\"border-collapse: collapse; width: 100%; height: 336px;\">\n<tbody>\n<tr style=\"height: 24px;\">\n<td style=\"width: 50%; height: 24px;\">\n<div class=\"magic-32\" data-spm-anchor-id=\"a2700.details.0.i38.2bca1f03jENnbH\"><span style=\"font-family: helvetica, arial, sans-serif; color: #000000; font-size: 14pt;\">Certification<\/span><\/div>\n<\/td>\n<td style=\"width: 50%; height: 24px;\">\n<div class=\"magic-33\"><span style=\"font-family: helvetica, arial, sans-serif; color: #000000; font-size: 14pt;\">MDRCE, ce, ISO13485, autres, ISO9001, MDDCe<\/span><\/div>\n<\/td>\n<\/tr>\n<tr style=\"height: 24px;\">\n<td style=\"width: 50%; height: 24px;\">\n<div class=\"magic-32\"><span style=\"font-family: helvetica, arial, sans-serif; color: #000000; font-size: 14pt;\">Caract\u00e9ristique<\/span><\/div>\n<\/td>\n<td style=\"width: 50%; height: 24px;\">\n<div class=\"magic-33\"><span style=\"font-family: helvetica, arial, sans-serif; color: #000000; font-size: 14pt;\">Perte de poids, autres, resserrement de la peau, r\u00e9duction de la cellulite<\/span><\/div>\n<\/td>\n<\/tr>\n<tr style=\"height: 24px;\">\n<td style=\"width: 50%; height: 24px;\">\n<div class=\"magic-32\"><span style=\"font-family: helvetica, arial, sans-serif; color: #000000; font-size: 14pt;\">Application<\/span><\/div>\n<\/td>\n<td style=\"width: 50%; height: 24px;\">\n<div class=\"magic-33\"><span style=\"font-family: helvetica, arial, sans-serif; color: #000000; font-size: 14pt;\">Pour le commerce<\/span><\/div>\n<\/td>\n<\/tr>\n<tr style=\"height: 48px;\">\n<td style=\"width: 50%; height: 48px;\">\n<div class=\"magic-32\"><span style=\"font-family: helvetica, arial, sans-serif; color: #000000; font-size: 14pt;\">Service apr\u00e8s-vente fourni<\/span><\/div>\n<\/td>\n<td style=\"width: 50%; height: 48px;\">\n<div class=\"magic-33\"><span style=\"font-family: helvetica, arial, sans-serif; color: #000000; font-size: 14pt;\">Pi\u00e8ces d\u00e9tach\u00e9es gratuites, Support en ligne, Installation, mise en service et formation sur le terrain, Support technique vid\u00e9o, autres, Service d'entretien et de r\u00e9paration sur le terrain<\/span><\/div>\n<\/td>\n<\/tr>\n<tr style=\"height: 24px;\">\n<td style=\"width: 50%; height: 24px;\">\n<div class=\"magic-32\"><span style=\"font-family: helvetica, arial, sans-serif; color: #000000; font-size: 14pt;\">Caract\u00e9ristique<\/span><\/div>\n<\/td>\n<td style=\"width: 50%; height: 24px;\">\n<div class=\"magic-33\"><span style=\"font-family: helvetica, arial, sans-serif; color: #000000; font-size: 14pt;\">Perte de poids, resserrement de la peau, r\u00e9duction de la cellulite<\/span><\/div>\n<\/td>\n<\/tr>\n<tr style=\"height: 24px;\">\n<td style=\"width: 50%; height: 24px;\">\n<div class=\"magic-32\"><span style=\"font-family: helvetica, arial, sans-serif; color: #000000; font-size: 14pt;\">Fonction<\/span><\/div>\n<\/td>\n<td style=\"width: 50%; height: 24px;\">\n<div class=\"magic-33\"><span style=\"font-family: helvetica, arial, sans-serif; color: #000000; font-size: 14pt;\">Mincissement du corps<\/span><\/div>\n<\/td>\n<\/tr>\n<tr style=\"height: 24px;\">\n<td style=\"width: 50%; height: 24px;\">\n<div class=\"magic-32\"><span style=\"font-family: helvetica, arial, sans-serif; color: #000000; font-size: 14pt;\">Technologie<\/span><\/div>\n<\/td>\n<td style=\"width: 50%; height: 24px;\">\n<div class=\"magic-33\"><span style=\"font-family: helvetica, arial, sans-serif; color: #000000; font-size: 14pt;\">\u00c9lectromagn\u00e9tisme puls\u00e9 haute intensit\u00e9<\/span><\/div>\n<\/td>\n<\/tr>\n<tr style=\"height: 24px;\">\n<td style=\"width: 50%; height: 24px;\">\n<div class=\"magic-32\" data-spm-anchor-id=\"a2700.details.0.i39.2bca1f03jENnbH\"><span style=\"font-family: helvetica, arial, sans-serif; color: #000000; font-size: 14pt;\">Poign\u00e9es<\/span><\/div>\n<\/td>\n<td style=\"width: 50%; height: 24px;\">\n<div class=\"magic-33\" data-spm-anchor-id=\"a2700.details.0.i36.2bca1f03jENnbH\"><span style=\"font-family: helvetica, arial, sans-serif; color: #000000; font-size: 14pt;\">2 poign\u00e9es<\/span><\/div>\n<\/td>\n<\/tr>\n<tr style=\"height: 24px;\">\n<td style=\"width: 50%; height: 24px;\"><span style=\"color: #000000; font-family: helvetica, arial, sans-serif; font-size: 14pt;\">Zone cible: Tout le corps<\/span><\/td>\n<td style=\"width: 50%; height: 24px;\"><span style=\"color: #000000; font-family: helvetica, arial, sans-serif; font-size: 14pt;\">Type de prise:AU, Autre, Royaume-Uni, UE, \u00c9tats-Unis, CN, JP, Za, Il<\/span><\/td>\n<\/tr>\n<tr style=\"height: 24px;\">\n<td style=\"width: 50%; height: 24px;\"><span style=\"color: #000000; font-family: helvetica, arial, sans-serif; font-size: 14pt;\">Fonction: Perte de poids, stimulation musculaire<\/span><\/td>\n<td style=\"width: 50%; height: 24px;\"><span style=\"color: #000000; font-family: helvetica, arial, sans-serif; font-size: 14pt;\">Tension: 110V \/ 220V 50-60Hz<\/span><\/td>\n<\/tr>\n<tr style=\"height: 24px;\">\n<td style=\"width: 50%; height: 24px;\"><span style=\"color: #000000; font-family: helvetica, arial, sans-serif; font-size: 14pt;\">Dur\u00e9e de l'impulsion: 300PS<\/span><\/td>\n<td style=\"width: 50%; height: 24px;\"><span style=\"color: #000000; font-family: helvetica, arial, sans-serif; font-size: 14pt;\">Application: \u00c0 des fins commerciales<\/span><\/td>\n<\/tr>\n<tr style=\"height: 24px;\">\n<td style=\"width: 50%; height: 24px;\"><span style=\"color: #000000; font-family: helvetica, arial, sans-serif; font-size: 14pt;\">Taille: 55X54X38cm<\/span><\/td>\n<td style=\"width: 50%; height: 24px;\"><span style=\"color: #000000; font-family: helvetica, arial, sans-serif; font-size: 14pt;\">Poids: 35 kg<\/span><\/td>\n<\/tr>\n<\/tbody>\n<\/table>\n<\/div>\n<\/div>\n<\/div>\n<\/div>\n<\/div>\n<p>&nbsp;<\/p>\n<p><span style=\"color: #000000; font-family: helvetica, arial, sans-serif; font-size: 14pt;\">MLKJ est une entreprise de 18 ans qui int\u00e8gre la conception, le d\u00e9veloppement, la production et les ventes d'instruments de beaut\u00e9.<\/span><br \/>\n<span style=\"color: #000000; font-family: helvetica, arial, sans-serif; font-size: 14pt;\">V\u00e9ritable usine, processus de production r\u00e9el, \u00e9valuation r\u00e9elle!<\/span><br \/>\n<span style=\"color: #000000; font-family: helvetica, arial, sans-serif; font-size: 14pt;\">Bienvenue dans notre entreprise ou visite vid\u00e9o!<\/span><br \/>\n<span style=\"color: #000000; font-family: helvetica, arial, sans-serif; font-size: 14pt;\">Ce n'est que lorsque vous choisissez un v\u00e9ritable partenaire que la qualit\u00e9 du produit peut \u00eatre garantie!<\/span><\/p>\n<p><span style=\"font-family: helvetica, arial, sans-serif; color: #000000; font-size: 14pt;\"><strong><a style=\"color: #000000;\" href=\"https:\/\/www.mlkjlasers.com\/fr\/contact-us\/\">Demandez des prix maintenant !<\/a><\/strong><\/span><\/p>\n<p>&nbsp;<\/p>","protected":false},"excerpt":{"rendered":"<p>tr\u00e8s bon service et satisfait de ma machine. Je vais certainement les utiliser \u00e0 nouveau. Merci Amber<\/p>","protected":false},"featured_media":3731,"comment_status":"open","ping_status":"closed","template":"","meta":[],"product_cat":[28],"product_tag":[],"class_list":["post-2036","product","type-product","status-publish","has-post-thumbnail","hentry","product_cat-slimming-machine"],"_links":{"self":[{"href":"https:\/\/www.mlkjlasers.com\/fr\/wp-json\/wp\/v2\/product\/2036","targetHints":{"allow":["GET"]}}],"collection":[{"href":"https:\/\/www.mlkjlasers.com\/fr\/wp-json\/wp\/v2\/product"}],"about":[{"href":"https:\/\/www.mlkjlasers.com\/fr\/wp-json\/wp\/v2\/types\/product"}],"replies":[{"embeddable":true,"href":"https:\/\/www.mlkjlasers.com\/fr\/wp-json\/wp\/v2\/comments?post=2036"}],"wp:featuredmedia":[{"embeddable":true,"href":"https:\/\/www.mlkjlasers.com\/fr\/wp-json\/wp\/v2\/media\/3731"}],"wp:attachment":[{"href":"https:\/\/www.mlkjlasers.com\/fr\/wp-json\/wp\/v2\/media?parent=2036"}],"wp:term":[{"taxonomy":"product_cat","embeddable":true,"href":"https:\/\/www.mlkjlasers.com\/fr\/wp-json\/wp\/v2\/product_cat?post=2036"},{"taxonomy":"product_tag","embeddable":true,"href":"https:\/\/www.mlkjlasers.com\/fr\/wp-json\/wp\/v2\/product_tag?post=2036"}],"curies":[{"name":"wp","href":"https:\/\/api.w.org\/{rel}","templated":true}]}}