{"id":2055,"date":"2023-07-26T15:34:32","date_gmt":"2023-07-26T07:34:32","guid":{"rendered":"https:\/\/mlkjlasers.com\/?post_type=product&#038;p=2055"},"modified":"2026-01-27T17:28:52","modified_gmt":"2026-01-27T09:28:52","slug":"4-handles-in-1-ems-body-sculpt-slimming-machine-2-3","status":"publish","type":"product","link":"https:\/\/www.mlkjlasers.com\/fr\/product\/4-handles-in-1-ems-body-sculpt-slimming-machine-2-3\/","title":{"rendered":"5 en 1 machine de perte de poids de cavitation sous vide \u00e0 ultrasons Rf"},"content":{"rendered":"<p><span style=\"font-family: helvetica, arial, sans-serif;\"><img fetchpriority=\"high\" decoding=\"async\" class=\"aligncenter wp-image-2066\" src=\"https:\/\/mlkjlasers.com\/wp-content\/uploads\/2023\/07\/\u6d77\u62a5.jpg\" alt=\"\" width=\"1920\" height=\"870\" srcset=\"https:\/\/www.mlkjlasers.com\/wp-content\/uploads\/2023\/07\/\u6d77\u62a5.jpg 1655w, https:\/\/www.mlkjlasers.com\/wp-content\/uploads\/2023\/07\/\u6d77\u62a5-300x136.jpg 300w, https:\/\/www.mlkjlasers.com\/wp-content\/uploads\/2023\/07\/\u6d77\u62a5-1024x464.jpg 1024w, https:\/\/www.mlkjlasers.com\/wp-content\/uploads\/2023\/07\/\u6d77\u62a5-768x348.jpg 768w, https:\/\/www.mlkjlasers.com\/wp-content\/uploads\/2023\/07\/\u6d77\u62a5-1536x696.jpg 1536w, https:\/\/www.mlkjlasers.com\/wp-content\/uploads\/2023\/07\/\u6d77\u62a5-600x272.jpg 600w\" sizes=\"(max-width: 1920px) 100vw, 1920px\" \/> <img decoding=\"async\" class=\"aligncenter wp-image-2061\" src=\"https:\/\/mlkjlasers.com\/wp-content\/uploads\/2023\/07\/\u51cf\u80a5B1_05.jpg\" alt=\"\" width=\"1920\" height=\"1222\" srcset=\"https:\/\/www.mlkjlasers.com\/wp-content\/uploads\/2023\/07\/\u51cf\u80a5B1_05.jpg 803w, https:\/\/www.mlkjlasers.com\/wp-content\/uploads\/2023\/07\/\u51cf\u80a5B1_05-300x191.jpg 300w, https:\/\/www.mlkjlasers.com\/wp-content\/uploads\/2023\/07\/\u51cf\u80a5B1_05-768x489.jpg 768w, https:\/\/www.mlkjlasers.com\/wp-content\/uploads\/2023\/07\/\u51cf\u80a5B1_05-600x382.jpg 600w\" sizes=\"(max-width: 1920px) 100vw, 1920px\" \/><\/span><\/p>\n<p><span style=\"font-family: helvetica, arial, sans-serif;\"><img decoding=\"async\" class=\"aligncenter wp-image-2069\" src=\"https:\/\/mlkjlasers.com\/wp-content\/uploads\/2023\/07\/\u51cf\u80a5B1\u624b\u67c4.jpg\" alt=\"\" width=\"1920\" height=\"1920\" srcset=\"https:\/\/www.mlkjlasers.com\/wp-content\/uploads\/2023\/07\/\u51cf\u80a5B1\u624b\u67c4.jpg 1044w, https:\/\/www.mlkjlasers.com\/wp-content\/uploads\/2023\/07\/\u51cf\u80a5B1\u624b\u67c4-300x300.jpg 300w, https:\/\/www.mlkjlasers.com\/wp-content\/uploads\/2023\/07\/\u51cf\u80a5B1\u624b\u67c4-1024x1024.jpg 1024w, https:\/\/www.mlkjlasers.com\/wp-content\/uploads\/2023\/07\/\u51cf\u80a5B1\u624b\u67c4-150x150.jpg 150w, https:\/\/www.mlkjlasers.com\/wp-content\/uploads\/2023\/07\/\u51cf\u80a5B1\u624b\u67c4-768x768.jpg 768w, https:\/\/www.mlkjlasers.com\/wp-content\/uploads\/2023\/07\/\u51cf\u80a5B1\u624b\u67c4-600x600.jpg 600w, https:\/\/www.mlkjlasers.com\/wp-content\/uploads\/2023\/07\/\u51cf\u80a5B1\u624b\u67c4-100x100.jpg 100w\" sizes=\"(max-width: 1920px) 100vw, 1920px\" \/><\/span><\/p>\n<p><span style=\"font-family: helvetica, arial, sans-serif;\"><strong>5 en 1 machine de perte de poids de cavitation sous vide \u00e0 ultrasons Rf<\/strong><\/span><\/p>\n<p><span style=\"font-family: helvetica, arial, sans-serif;\">La machine d'amincissement du corps du syst\u00e8me de vide de cavitation rf est une machine de beaut\u00e9 multifonctionnelle, a un effet parfait dans le rajeunissement de la peau, l'amincissement du corps et la forme:<\/span><br \/>\n<span style=\"font-family: helvetica, arial, sans-serif;\">1) T\u00eate de cavitation pour br\u00fbler la cellule grasse, la cellule de fa eplode.<\/span><br \/>\n<span style=\"font-family: helvetica, arial, sans-serif;\">2) t\u00eate RF monopolaire pour la mise en forme du corps, enlever le ride du corps.<\/span><br \/>\n<span style=\"font-family: helvetica, arial, sans-serif;\">3) Petite t\u00eate RF tripolore pour le resserrement de la peau, le soul\u00e8vement de la peau, l'\u00e9limination des rides sur le visage.<\/span><br \/>\n<span style=\"font-family: helvetica, arial, sans-serif;\">4) Grand tripolaire RF t\u00eate pour le resserrement de la peau, levage de la peau, enl\u00e8vement des rides sur le corps.<\/span><br \/>\n<span style=\"font-family: helvetica, arial, sans-serif;\">5) t\u00eate de liposuction sous vide pour l'amincissement, retirer la cellule adipeuse exc\u00e9dentaire.<\/span><\/p>\n<p><span style=\"font-family: helvetica, arial, sans-serif;\"><img loading=\"lazy\" decoding=\"async\" class=\"aligncenter wp-image-2063\" src=\"https:\/\/mlkjlasers.com\/wp-content\/uploads\/2023\/07\/\u51cf\u80a5B1_03.jpg\" alt=\"\" width=\"1920\" height=\"1896\" srcset=\"https:\/\/www.mlkjlasers.com\/wp-content\/uploads\/2023\/07\/\u51cf\u80a5B1_03.jpg 803w, https:\/\/www.mlkjlasers.com\/wp-content\/uploads\/2023\/07\/\u51cf\u80a5B1_03-300x296.jpg 300w, https:\/\/www.mlkjlasers.com\/wp-content\/uploads\/2023\/07\/\u51cf\u80a5B1_03-768x758.jpg 768w, https:\/\/www.mlkjlasers.com\/wp-content\/uploads\/2023\/07\/\u51cf\u80a5B1_03-600x593.jpg 600w, https:\/\/www.mlkjlasers.com\/wp-content\/uploads\/2023\/07\/\u51cf\u80a5B1_03-100x100.jpg 100w\" sizes=\"(max-width: 1920px) 100vw, 1920px\" \/><\/span><\/p>\n<p><span style=\"font-family: helvetica, arial, sans-serif;\"><strong>Application et effet de traitement:<\/strong><\/span><br \/>\n<span style=\"font-family: helvetica, arial, sans-serif;\">&gt; Convient \u00e0 la peau de 6 couleurs diff\u00e9rentes, y compris la peau fonc\u00e9e.<\/span><br \/>\n<span style=\"font-family: helvetica, arial, sans-serif;\">&gt; La temp\u00e9rature du saphir refroidit 0 ~ 3 \u00b0 C, les clients se sentent \u00e0 l'aise et indolores dans tout le traitement.<\/span><br \/>\n<span style=\"font-family: helvetica, arial, sans-serif;\">&gt; Long temps de travail continu, assurez les travaux dans l'utilisation de clinique\/salon.<\/span><\/p>\n<p><span style=\"font-family: helvetica, arial, sans-serif;\"><img loading=\"lazy\" decoding=\"async\" class=\"aligncenter wp-image-2059\" src=\"https:\/\/mlkjlasers.com\/wp-content\/uploads\/2023\/07\/\u51cf\u80a5B1_09.jpg\" alt=\"\" width=\"1920\" height=\"1975\" srcset=\"https:\/\/www.mlkjlasers.com\/wp-content\/uploads\/2023\/07\/\u51cf\u80a5B1_09.jpg 803w, https:\/\/www.mlkjlasers.com\/wp-content\/uploads\/2023\/07\/\u51cf\u80a5B1_09-292x300.jpg 292w, https:\/\/www.mlkjlasers.com\/wp-content\/uploads\/2023\/07\/\u51cf\u80a5B1_09-768x790.jpg 768w, https:\/\/www.mlkjlasers.com\/wp-content\/uploads\/2023\/07\/\u51cf\u80a5B1_09-600x617.jpg 600w\" sizes=\"(max-width: 1920px) 100vw, 1920px\" \/><\/span><\/p>\n<p><span style=\"font-family: helvetica, arial, sans-serif;\"> <img loading=\"lazy\" decoding=\"async\" class=\"aligncenter wp-image-2058\" src=\"https:\/\/mlkjlasers.com\/wp-content\/uploads\/2023\/07\/\u51cf\u80a5B1_11.jpg\" alt=\"\" width=\"1920\" height=\"1282\" srcset=\"https:\/\/www.mlkjlasers.com\/wp-content\/uploads\/2023\/07\/\u51cf\u80a5B1_11.jpg 803w, https:\/\/www.mlkjlasers.com\/wp-content\/uploads\/2023\/07\/\u51cf\u80a5B1_11-300x200.jpg 300w, https:\/\/www.mlkjlasers.com\/wp-content\/uploads\/2023\/07\/\u51cf\u80a5B1_11-768x513.jpg 768w, https:\/\/www.mlkjlasers.com\/wp-content\/uploads\/2023\/07\/\u51cf\u80a5B1_11-600x400.jpg 600w\" sizes=\"(max-width: 1920px) 100vw, 1920px\" \/><\/span><\/p>\n<p><span style=\"font-family: helvetica, arial, sans-serif;\"><img loading=\"lazy\" decoding=\"async\" class=\"aligncenter wp-image-2060\" src=\"https:\/\/mlkjlasers.com\/wp-content\/uploads\/2023\/07\/\u51cf\u80a5B1_07.jpg\" alt=\"\" width=\"1920\" height=\"1184\" srcset=\"https:\/\/www.mlkjlasers.com\/wp-content\/uploads\/2023\/07\/\u51cf\u80a5B1_07.jpg 803w, https:\/\/www.mlkjlasers.com\/wp-content\/uploads\/2023\/07\/\u51cf\u80a5B1_07-300x185.jpg 300w, https:\/\/www.mlkjlasers.com\/wp-content\/uploads\/2023\/07\/\u51cf\u80a5B1_07-768x473.jpg 768w, https:\/\/www.mlkjlasers.com\/wp-content\/uploads\/2023\/07\/\u51cf\u80a5B1_07-600x370.jpg 600w\" sizes=\"(max-width: 1920px) 100vw, 1920px\" \/> 1) grand \u00e9cran tactile de couleur vraie de 8 pouces<br \/>\n2) exp\u00e9rience tactile super cool<br \/>\n3)6 langue pour votre choix, la langue sp\u00e9ciale peut \u00eatre ajout\u00e9e<\/span><\/p>\n<p><span style=\"font-family: helvetica, arial, sans-serif;\"><img loading=\"lazy\" decoding=\"async\" class=\"aligncenter wp-image-2057\" src=\"https:\/\/mlkjlasers.com\/wp-content\/uploads\/2023\/07\/\u51cf\u80a5B1_13.jpg\" alt=\"\" width=\"1920\" height=\"1765\" srcset=\"https:\/\/www.mlkjlasers.com\/wp-content\/uploads\/2023\/07\/\u51cf\u80a5B1_13.jpg 803w, https:\/\/www.mlkjlasers.com\/wp-content\/uploads\/2023\/07\/\u51cf\u80a5B1_13-300x276.jpg 300w, https:\/\/www.mlkjlasers.com\/wp-content\/uploads\/2023\/07\/\u51cf\u80a5B1_13-768x706.jpg 768w, https:\/\/www.mlkjlasers.com\/wp-content\/uploads\/2023\/07\/\u51cf\u80a5B1_13-600x551.jpg 600w\" sizes=\"(max-width: 1920px) 100vw, 1920px\" \/><\/span><span style=\"color: #000000; font-family: helvetica, arial, sans-serif;\">MLKJ est une entreprise de 15 ans qui int\u00e8gre la conception, le d\u00e9veloppement, la production et les ventes d'instruments de beaut\u00e9.<\/span><br \/>\n<span style=\"color: #000000; font-family: helvetica, arial, sans-serif;\">V\u00e9ritable usine, processus de production r\u00e9el, \u00e9valuation r\u00e9elle!<\/span><br \/>\n<span style=\"color: #000000; font-family: helvetica, arial, sans-serif;\">Bienvenue dans notre entreprise ou visite vid\u00e9o!<\/span><br \/>\n<span style=\"color: #000000; font-family: helvetica, arial, sans-serif;\">Ce n'est que lorsque vous choisissez un v\u00e9ritable partenaire que la qualit\u00e9 du produit peut \u00eatre garantie!<\/span><\/p>\n<table style=\"height: 278px; width: 98.0194%; border-collapse: collapse;\">\n<tbody>\n<tr style=\"height: 24px;\">\n<td style=\"width: 49.0421%; height: 43px;\"><span style=\"font-family: helvetica, arial, sans-serif;\">5 en 1 machine de perte de poids de cavitation sous vide \u00e0 ultrasons Rf<\/span><\/td>\n<td style=\"width: 48.9783%; height: 43px;\"><span style=\"color: #000000; font-family: helvetica, arial, sans-serif;\">Technologie: Machine de perte de poids B1<\/span><\/td>\n<\/tr>\n<tr style=\"height: 24px;\">\n<td style=\"width: 49.0421%; height: 88px;\" rowspan=\"5\" data-spm-anchor-id=\"a2700.wholesale.0.i35.6cea66caH0Iylk\">\n<div class=\"magic-10\" data-spm-anchor-id=\"a2700.wholesale.0.i36.6cea66caH0Iylk\"><span style=\"font-family: helvetica, arial, sans-serif;\">Pi\u00e8ces \u00e0 main<\/span><\/div>\n<\/td>\n<td style=\"width: 48.9783%; height: 24px;\">\n<div class=\"magic-11\">\n<p><span style=\"font-family: helvetica, arial, sans-serif;\">Grande t\u00eate RF unipolaire<\/span><\/p>\n<\/div>\n<\/td>\n<\/tr>\n<tr style=\"height: 24px;\">\n<td style=\"width: 48.9783%; height: 10px;\"><span style=\"font-family: helvetica, arial, sans-serif;\">Petite t\u00eate RF unipolaire<\/span><\/td>\n<\/tr>\n<tr style=\"height: 24px;\">\n<td style=\"width: 48.9783%; height: 10px;\"><span style=\"font-family: helvetica, arial, sans-serif;\">t\u00eate radio bipolaire<\/span><\/td>\n<\/tr>\n<tr style=\"height: 24px;\">\n<td style=\"width: 48.9783%; height: 10px;\"><span style=\"font-family: helvetica, arial, sans-serif;\">Grande t\u00eate magn\u00e9tique RF \u00e0 trois p\u00f4les<\/span><\/td>\n<\/tr>\n<tr style=\"height: 12px;\">\n<td style=\"width: 48.9783%; height: 34px;\"><span style=\"font-family: helvetica, arial, sans-serif;\">Petite t\u00eate RF 3 p\u00f4les<\/span><\/td>\n<\/tr>\n<tr style=\"height: 51px;\">\n<td style=\"width: 49.0421%; height: 10px;\" width=\"136\"><span style=\"font-family: helvetica, arial, sans-serif;\">Technologie<\/span><\/td>\n<td style=\"width: 48.9783%; height: 10px;\" width=\"282\"><span style=\"font-family: helvetica, arial, sans-serif;\">RF grand\/petit unipolaire RF bipolaire RF grand\/petit tripolaire RF)<\/span><\/td>\n<\/tr>\n<tr style=\"height: 51px;\">\n<td style=\"width: 49.0421%; height: 33px;\" width=\"136\"><span style=\"font-family: helvetica, arial, sans-serif;\">Fr\u00e9quence de sortie<\/span><\/td>\n<td style=\"width: 48.9783%; height: 33px;\" width=\"282\"><span style=\"font-family: helvetica, arial, sans-serif;\">5 MHz<\/span><\/td>\n<\/tr>\n<tr style=\"height: 51px;\">\n<td style=\"width: 49.0421%; height: 10px;\" width=\"136\"><span style=\"font-family: helvetica, arial, sans-serif;\">Puissance de sortie maximale<\/span><\/td>\n<td style=\"width: 48.9783%; height: 10px;\" width=\"282\"><span style=\"font-family: helvetica, arial, sans-serif;\">150 watts<\/span><\/td>\n<\/tr>\n<tr style=\"height: 24px;\">\n<td style=\"width: 49.0421%; height: 35px;\">\n<div class=\"magic-10\"><span style=\"font-family: helvetica, arial, sans-serif;\">RF monopilaire<\/span><\/div>\n<\/td>\n<td style=\"width: 48.9783%; height: 35px;\">\n<div class=\"magic-11\" data-spm-anchor-id=\"a2700.wholesale.0.i37.6cea66caH0Iylk\"><span style=\"font-family: helvetica, arial, sans-serif;\">1-10 MHZ (fr\u00e9quence de sortie) 150 watts (puissance de sortie maximale)<\/span><\/div>\n<\/td>\n<\/tr>\n<tr style=\"height: 24px;\">\n<td style=\"width: 49.0421%; height: 21px;\">\n<div class=\"magic-10\"><span style=\"font-family: helvetica, arial, sans-serif;\">Pression sous vide<\/span><\/div>\n<\/td>\n<td style=\"width: 48.9783%; height: 21px;\">\n<div class=\"magic-11\"><span style=\"font-family: helvetica, arial, sans-serif;\">100 KPA<\/span><\/div>\n<\/td>\n<\/tr>\n<tr style=\"height: 24px;\">\n<td style=\"width: 49.0421%; height: 38px;\">\n<div class=\"magic-10\"><span style=\"font-family: helvetica, arial, sans-serif;\">Taille<\/span><\/div>\n<\/td>\n<td style=\"width: 48.9783%; height: 38px;\"><\/td>\n<\/tr>\n<\/tbody>\n<\/table>\n<p>&nbsp;<\/p>\n<p><span style=\"font-family: helvetica, arial, sans-serif;\"><strong><a href=\"https:\/\/www.mlkjlasers.com\/fr\/contact-us\/\"><span style=\"color: #000000; font-size: 14pt;\">Demandez des prix maintenant !<\/span><\/a><\/strong><\/span><\/p>\n<p>&nbsp;<\/p>","protected":false},"excerpt":{"rendered":"<p><span style=\"font-family: helvetica, arial, sans-serif;\">La machine d'amincissement du corps du syst\u00e8me de vide de cavitation rf est une machine de beaut\u00e9 multifonctionnelle, a un effet parfait dans le rajeunissement de la peau, l'amincissement du corps et la forme:<\/span><br \/>\n<span style=\"font-family: helvetica, arial, sans-serif;\">1) T\u00eate de cavitation pour br\u00fbler la cellule grasse, la cellule de fa eplode.<\/span><br \/>\n<span style=\"font-family: helvetica, arial, sans-serif;\">2) t\u00eate RF monopolaire pour la mise en forme du corps, enlever le ride du corps.<\/span><br \/>\n<span style=\"font-family: helvetica, arial, sans-serif;\">3) Petite t\u00eate RF tripolore pour le resserrement de la peau, le soul\u00e8vement de la peau, l'\u00e9limination des rides sur le visage.<\/span><br \/>\n<span style=\"font-family: helvetica, arial, sans-serif;\">4) Grand tripolaire RF t\u00eate pour le resserrement de la peau, levage de la peau, enl\u00e8vement des rides sur le corps.<\/span><br \/>\n<span style=\"font-family: helvetica, arial, sans-serif;\">5) t\u00eate de liposuction sous vide pour l'amincissement, retirer la cellule adipeuse exc\u00e9dentaire.<\/span><\/p>","protected":false},"featured_media":2084,"comment_status":"open","ping_status":"closed","template":"","meta":[],"product_cat":[28],"product_tag":[],"class_list":["post-2055","product","type-product","status-publish","has-post-thumbnail","hentry","product_cat-slimming-machine"],"_links":{"self":[{"href":"https:\/\/www.mlkjlasers.com\/fr\/wp-json\/wp\/v2\/product\/2055","targetHints":{"allow":["GET"]}}],"collection":[{"href":"https:\/\/www.mlkjlasers.com\/fr\/wp-json\/wp\/v2\/product"}],"about":[{"href":"https:\/\/www.mlkjlasers.com\/fr\/wp-json\/wp\/v2\/types\/product"}],"replies":[{"embeddable":true,"href":"https:\/\/www.mlkjlasers.com\/fr\/wp-json\/wp\/v2\/comments?post=2055"}],"wp:featuredmedia":[{"embeddable":true,"href":"https:\/\/www.mlkjlasers.com\/fr\/wp-json\/wp\/v2\/media\/2084"}],"wp:attachment":[{"href":"https:\/\/www.mlkjlasers.com\/fr\/wp-json\/wp\/v2\/media?parent=2055"}],"wp:term":[{"taxonomy":"product_cat","embeddable":true,"href":"https:\/\/www.mlkjlasers.com\/fr\/wp-json\/wp\/v2\/product_cat?post=2055"},{"taxonomy":"product_tag","embeddable":true,"href":"https:\/\/www.mlkjlasers.com\/fr\/wp-json\/wp\/v2\/product_tag?post=2055"}],"curies":[{"name":"wp","href":"https:\/\/api.w.org\/{rel}","templated":true}]}}