{"id":2085,"date":"2023-07-26T16:29:13","date_gmt":"2023-07-26T08:29:13","guid":{"rendered":"https:\/\/mlkjlasers.com\/?post_type=product&#038;p=2085"},"modified":"2026-01-27T16:47:45","modified_gmt":"2026-01-27T08:47:45","slug":"vertical-co2-fractional-laser","status":"publish","type":"product","link":"https:\/\/www.mlkjlasers.com\/fr\/product\/vertical-co2-fractional-laser\/","title":{"rendered":"Machine laser fractionnelle verticale de CO2 de rajeunissement de la peau de la machine laser fractionnelle de CO2 pour l'\u00e9limination de la cicatrice de l'acn\u00e9"},"content":{"rendered":"<div class=\"J_module\">\n<div class=\"icbu-pc-images magic-0\">\n<div>\n<div class=\"flex-layout-v\">\n<div class=\"flex-layout-h magic-0\">\n<div class=\"magic-1\"><span style=\"font-size: 14pt; font-family: helvetica, arial, sans-serif; color: #000000;\"><img fetchpriority=\"high\" decoding=\"async\" class=\"magic-2 alignleft\" src=\"https:\/\/sc04.alicdn.com\/kf\/Hc7c1540801cd44d890aeaa993a9a731a3\/252086154\/Hc7c1540801cd44d890aeaa993a9a731a3.jpg\" width=\"1356\" height=\"904\" data-src=\"\/\/sc04.alicdn.com\/kf\/Hc7c1540801cd44d890aeaa993a9a731a3\/252086154\/Hc7c1540801cd44d890aeaa993a9a731a3.jpg\" \/><\/span><\/div>\n<\/div>\n<\/div>\n<\/div>\n<\/div>\n<\/div>\n<div class=\"J_module\" style=\"text-align: left;\">\n<div id=\"ali-anchor-AliMagic-ifa1jx\" class=\"magic-3\" data-section=\"AliMagic-ifa1jx\" data-section-title=\"Products Description\"><\/div>\n<\/div>\n<div class=\"J_module\" style=\"text-align: left;\">\n<div class=\"detail-decorate-json-renderer-container\">\n<div class=\"magic-4\">\n<div class=\"magic-5\">\n<div class=\"magic-6\">\n<div class=\"magic-7\"><span style=\"font-size: 14pt; font-family: helvetica, arial, sans-serif; color: #000000;\"><b><span class=\"magic-8\"><span class=\"magic-9\">Syst\u00e8me laser fractionnel CO2.<\/span><span class=\"magic-10\"><span class=\"magic-9\">Rendez votre belle peau !<\/span><\/span><\/span><\/b><\/span><\/div>\n<div><\/div>\n<\/div>\n<\/div>\n<\/div>\n<\/div>\n<\/div>\n<div class=\"J_module\" style=\"text-align: left;\">\n<div class=\"icbu-pc-images magic-0\">\n<div>\n<div class=\"flex-layout-v\">\n<div class=\"flex-layout-h magic-0\">\n<div class=\"magic-11\"><span style=\"font-size: 14pt; font-family: helvetica, arial, sans-serif; color: #000000;\"><img decoding=\"async\" class=\"magic-12 alignnone\" src=\"https:\/\/sc04.alicdn.com\/kf\/Hcd5f21fec2b444d5a69cfac84e6e440aj\/252086154\/Hcd5f21fec2b444d5a69cfac84e6e440aj.jpg\" width=\"1355\" height=\"1550\" data-src=\"\/\/sc04.alicdn.com\/kf\/Hcd5f21fec2b444d5a69cfac84e6e440aj\/252086154\/Hcd5f21fec2b444d5a69cfac84e6e440aj.jpg\" \/><\/span><\/div>\n<\/div>\n<\/div>\n<div><\/div>\n<\/div>\n<\/div>\n<\/div>\n<div class=\"J_module\" style=\"text-align: left;\">\n<div class=\"detail-decorate-json-renderer-container\">\n<div class=\"magic-4\">\n<div class=\"magic-5\">\n<div class=\"magic-6\">\n<div class=\"magic-7\"><span class=\"magic-13\" style=\"font-size: 14pt; font-family: helvetica, arial, sans-serif; color: #000000;\"><b>Multiple modes de fonctionnement<\/b><\/span><\/div>\n<div class=\"magic-7\"><span class=\"magic-13\" style=\"font-size: 14pt; font-family: helvetica, arial, sans-serif; color: #000000;\">Modes de fonctionnement continus, super impulsion, fractionnels diff\u00e9rents<\/span><\/div>\n<div><\/div>\n<div class=\"magic-7\"><span class=\"magic-13\" style=\"font-size: 14pt; font-family: helvetica, arial, sans-serif; color: #000000;\"><b>R\u00e9glable<\/b><\/span><\/div>\n<div class=\"magic-7\"><span class=\"magic-13\" style=\"font-size: 14pt; font-family: helvetica, arial, sans-serif; color: #000000;\">Le diam\u00e8tre et l'intervalle du point focal sont r\u00e9glables<\/span><\/div>\n<div><\/div>\n<div class=\"magic-7\"><span class=\"magic-13\" style=\"font-size: 14pt; font-family: helvetica, arial, sans-serif; color: #000000;\"><b>Importations aux \u00c9tats-Unis<\/b><\/span><\/div>\n<div class=\"magic-7\"><span class=\"magic-13\" style=\"font-size: 14pt; font-family: helvetica, arial, sans-serif; color: #000000;\">Le meilleur tube laser RF des \u00c9tats-Unis, import\u00e9 de CONHERENT, performance stable, haute efficacit\u00e9 <\/span><\/div>\n<div class=\"magic-7\"><span class=\"magic-13\" style=\"font-size: 14pt; font-family: helvetica, arial, sans-serif; color: #000000;\"><b>Simple<\/b> Facile \u00e0 d\u00e9monter la pi\u00e8ce \u00e0 main et \u00e0 accrocher dans la machine<\/span><\/div>\n<div><\/div>\n<\/div>\n<\/div>\n<\/div>\n<\/div>\n<\/div>\n<div class=\"J_module\" style=\"text-align: left;\">\n<div class=\"icbu-pc-images magic-0\">\n<div>\n<div class=\"flex-layout-v\">\n<div class=\"flex-layout-h magic-0\">\n<div class=\"magic-14\"><span style=\"font-size: 14pt; font-family: helvetica, arial, sans-serif; color: #000000;\"><img decoding=\"async\" class=\"magic-15 alignnone\" src=\"https:\/\/sc04.alicdn.com\/kf\/H13d8e5021a814b2799acda22438132f5B\/252086154\/H13d8e5021a814b2799acda22438132f5B.jpg\" width=\"1351\" height=\"1746\" data-src=\"\/\/sc04.alicdn.com\/kf\/H13d8e5021a814b2799acda22438132f5B\/252086154\/H13d8e5021a814b2799acda22438132f5B.jpg\" \/><\/span><\/div>\n<\/div>\n<\/div>\n<\/div>\n<\/div>\n<\/div>\n<div class=\"J_module\" style=\"text-align: left;\">\n<div class=\"icbu-pc-images magic-0\">\n<div>\n<div class=\"flex-layout-v\">\n<div class=\"flex-layout-h magic-0\">\n<div class=\"magic-16\"><span style=\"font-size: 14pt; font-family: helvetica, arial, sans-serif; color: #000000;\"><img loading=\"lazy\" decoding=\"async\" class=\"magic-17 alignnone\" src=\"https:\/\/sc04.alicdn.com\/kf\/H511979c8a40e45558f97ca54f2d09878n\/252086154\/H511979c8a40e45558f97ca54f2d09878n.jpg\" width=\"1351\" height=\"1851\" data-src=\"\/\/sc04.alicdn.com\/kf\/H511979c8a40e45558f97ca54f2d09878n\/252086154\/H511979c8a40e45558f97ca54f2d09878n.jpg\" \/><\/span><\/div>\n<\/div>\n<\/div>\n<div><\/div>\n<\/div>\n<\/div>\n<\/div>\n<div class=\"J_module\" style=\"text-align: left;\">\n<div class=\"detail-decorate-json-renderer-container\">\n<div class=\"magic-4\">\n<div class=\"magic-5\">\n<div class=\"magic-6\">\n<div class=\"magic-7\"><span class=\"magic-13\" style=\"font-size: 14pt; font-family: helvetica, arial, sans-serif; color: #000000;\"><b>Doux<\/b><\/span><\/div>\n<div class=\"magic-7\"><span class=\"magic-13\" style=\"font-size: 14pt; font-family: helvetica, arial, sans-serif; color: #000000;\">Aucune pigmentation et d\u00e9pigmentation de la peau, pas besoin consommable suppl\u00e9mentaire<\/span><\/div>\n<div><\/div>\n<div class=\"magic-7\"><span class=\"magic-13\" style=\"font-size: 14pt; font-family: helvetica, arial, sans-serif; color: #000000;\"><b>Protection de s\u00e9curit\u00e9<\/b><\/span><\/div>\n<div class=\"magic-7\"><span class=\"magic-13\" style=\"font-size: 14pt; font-family: helvetica, arial, sans-serif; color: #000000;\">Protection de s\u00e9curit\u00e9 avec alam automatique <\/span><\/div>\n<div><\/div>\n<div class=\"magic-7\"><span class=\"magic-13\" style=\"font-size: 14pt; font-family: helvetica, arial, sans-serif; color: #000000;\"><b>Raccourci<\/b><\/span><\/div>\n<div class=\"magic-7\"><span class=\"magic-13\" style=\"font-size: 14pt; font-family: helvetica, arial, sans-serif; color: #000000;\">Traitement facile et rapide, pas de temps d'arr\u00eat<\/span><\/div>\n<div><\/div>\n<div class=\"magic-7\"><span class=\"magic-13\" style=\"font-size: 14pt; font-family: helvetica, arial, sans-serif; color: #000000;\"><b>Facile \u00e0 utiliser<\/b><\/span><\/div>\n<div class=\"magic-7\"><span class=\"magic-13\" style=\"font-size: 14pt; font-family: helvetica, arial, sans-serif; color: #000000;\">Conduction de lumi\u00e8re bras joints <\/span><\/div>\n<div><\/div>\n<div class=\"magic-7\"><span class=\"magic-13\" style=\"font-size: 14pt; font-family: helvetica, arial, sans-serif; color: #000000;\"><b>Large gamme d'applications<\/b><\/span><\/div>\n<div class=\"magic-7\"><span class=\"magic-13\" style=\"font-size: 14pt; font-family: helvetica, arial, sans-serif; color: #000000;\">Divers volumes de points sont adapt\u00e9s \u00e0 diff\u00e9rentes zones du corps<\/span><\/div>\n<\/div>\n<\/div>\n<\/div>\n<\/div>\n<\/div>\n<div class=\"J_module\" style=\"text-align: left;\">\n<div class=\"icbu-pc-images magic-0\">\n<div>\n<div class=\"flex-layout-v\">\n<div class=\"flex-layout-h magic-0\">\n<div class=\"magic-18\"><span style=\"font-size: 14pt; font-family: helvetica, arial, sans-serif; color: #000000;\"><img loading=\"lazy\" decoding=\"async\" class=\"magic-19 alignnone\" src=\"https:\/\/sc04.alicdn.com\/kf\/H3e3e18d7e43c4e6994adb599ace4a359I\/252086154\/H3e3e18d7e43c4e6994adb599ace4a359I.jpg\" width=\"1358\" height=\"1194\" data-src=\"\/\/sc04.alicdn.com\/kf\/H3e3e18d7e43c4e6994adb599ace4a359I\/252086154\/H3e3e18d7e43c4e6994adb599ace4a359I.jpg\" \/><\/span><\/div>\n<\/div>\n<\/div>\n<\/div>\n<\/div>\n<\/div>\n<div class=\"J_module\" style=\"text-align: left;\">\n<div class=\"icbu-pc-images magic-0\">\n<div>\n<div class=\"flex-layout-v\">\n<div class=\"flex-layout-h magic-0\">\n<div class=\"magic-20\"><span style=\"font-size: 14pt; font-family: helvetica, arial, sans-serif; color: #000000;\"><img loading=\"lazy\" decoding=\"async\" class=\"magic-21 alignnone\" src=\"https:\/\/sc04.alicdn.com\/kf\/H99fe27be7ace4abc8e39ca13613532575\/252086154\/H99fe27be7ace4abc8e39ca13613532575.jpg\" width=\"1346\" height=\"1958\" data-src=\"\/\/sc04.alicdn.com\/kf\/H99fe27be7ace4abc8e39ca13613532575\/252086154\/H99fe27be7ace4abc8e39ca13613532575.jpg\" \/><\/span><\/div>\n<div><span style=\"font-size: 14pt;\"><b class=\"magic-9\" style=\"color: #000000; font-family: helvetica, arial, sans-serif;\">Les t\u00eates de balayage import\u00e9es utilisent g\u00e9n\u00e9ralement pour 3 &#8211; 5 ans, avec faible taux de d\u00e9faillance, balayage plus pr\u00e9cis et longue dur\u00e9e de vie.<\/b><\/span><\/div>\n<\/div>\n<\/div>\n<\/div>\n<\/div>\n<\/div>\n<div class=\"J_module\" style=\"text-align: left;\">\n<div class=\"detail-decorate-json-renderer-container\">\n<div class=\"magic-4\">\n<div class=\"magic-5\">\n<div class=\"magic-6\">\n<div class=\"magic-7\">\n<div><span class=\"magic-13\" style=\"color: #000000; font-size: 14pt; font-family: helvetica, arial, sans-serif;\">Le laser 40w a une puissance \u00e9lev\u00e9e et une \u00e9nergie suffisante, et peut fonctionner en continu pendant une longue p\u00e9riode.<br \/>\n<\/span><\/div>\n<div><span class=\"magic-13\" style=\"color: #000000; font-size: 14pt; font-family: helvetica, arial, sans-serif;\"><b class=\"magic-9\">\u00c9nergie forte, \u00e9mission lumineuse uniforme, balayage plus pr\u00e9cis, taux de d\u00e9faillance plus bas et longue dur\u00e9e de vie.<\/b><\/span><\/div>\n<\/div>\n<\/div>\n<\/div>\n<\/div>\n<\/div>\n<\/div>\n<div class=\"J_module\" style=\"text-align: left;\">\n<div class=\"icbu-pc-images magic-0\">\n<div>\n<div class=\"flex-layout-v\">\n<div class=\"flex-layout-h magic-0\">\n<div><\/div>\n<\/div>\n<\/div>\n<\/div>\n<\/div>\n<\/div>\n<div class=\"J_module\" style=\"text-align: left;\">\n<div id=\"ali-anchor-AliMagic-hliqyf\" class=\"magic-3\" data-section=\"AliMagic-hliqyf\" data-section-title=\"Effect comparison\"><span style=\"font-size: 14pt; font-family: helvetica, arial, sans-serif; color: #000000;\"><strong>Comparaison des effets<\/strong><\/span><\/div>\n<\/div>\n<div class=\"J_module\" style=\"text-align: left;\">\n<div class=\"icbu-pc-images magic-0\">\n<div>\n<div class=\"flex-layout-v\">\n<div class=\"flex-layout-h magic-0\">\n<div class=\"magic-24\"><span style=\"font-size: 14pt; font-family: helvetica, arial, sans-serif; color: #000000;\"><img loading=\"lazy\" decoding=\"async\" class=\"magic-25 alignnone\" src=\"https:\/\/sc04.alicdn.com\/kf\/H6014c423c1754706ab8679382b0299a8p\/252086154\/H6014c423c1754706ab8679382b0299a8p.jpg\" width=\"1349\" height=\"842\" data-src=\"\/\/sc04.alicdn.com\/kf\/H6014c423c1754706ab8679382b0299a8p\/252086154\/H6014c423c1754706ab8679382b0299a8p.jpg\" \/><\/span><\/div>\n<\/div>\n<\/div>\n<\/div>\n<\/div>\n<\/div>\n<div class=\"J_module\" style=\"text-align: left;\">\n<div class=\"icbu-pc-images magic-0\">\n<div>\n<div class=\"flex-layout-v\">\n<div class=\"flex-layout-h magic-0\">\n<div class=\"magic-26\"><span style=\"font-size: 14pt; font-family: helvetica, arial, sans-serif; color: #000000;\"><img loading=\"lazy\" decoding=\"async\" class=\"magic-27 alignnone\" src=\"https:\/\/sc04.alicdn.com\/kf\/H5976fe649456464898017a9262a460e3j\/252086154\/H5976fe649456464898017a9262a460e3j.jpg\" width=\"1360\" height=\"990\" data-src=\"\/\/sc04.alicdn.com\/kf\/H5976fe649456464898017a9262a460e3j\/252086154\/H5976fe649456464898017a9262a460e3j.jpg\" \/><\/span><\/div>\n<\/div>\n<\/div>\n<\/div>\n<\/div>\n<\/div>\n<div class=\"J_module\" style=\"text-align: left;\">\n<div class=\"detail-decorate-json-renderer-container\">\n<div class=\"magic-4\">\n<div class=\"magic-5\">\n<div class=\"magic-6\">\n<div class=\"magic-7\">\n<p><span class=\"magic-13\" style=\"font-size: 14pt; font-family: helvetica, arial, sans-serif; color: #000000;\">14 pouces grand \u00e9cran tactile couleur vraie<\/span><\/p>\n<div><span class=\"magic-13\" style=\"font-size: 14pt; font-family: helvetica, arial, sans-serif; color: #000000;\">Super cool toucher Exp\u00e9rience<\/span><\/div>\n<div><span class=\"magic-13\" style=\"font-size: 14pt; font-family: helvetica, arial, sans-serif; color: #000000;\">12 langues pour votre choix, la langue sp\u00e9ciale peut \u00eatre ajout\u00e9e<br \/>\n<\/span><\/div>\n<div><span class=\"magic-13\" style=\"font-size: 14pt; font-family: helvetica, arial, sans-serif; color: #000000;\">Le service OEM est accept\u00e9, tel que r\u00e9gler le param\u00e8tre, inclure l'\u00e9nergie\/fre\/dur\u00e9e<br \/>\n<\/span><\/div>\n<div data-spm-anchor-id=\"a2700.wholesale.0.i36.304df5d1W3QwJB\"><span class=\"magic-13\" style=\"font-size: 14pt; font-family: helvetica, arial, sans-serif; color: #000000;\">12 types Mod\u00e8les de sortie.<\/span><\/div>\n<\/div>\n<\/div>\n<\/div>\n<\/div>\n<\/div>\n<\/div>\n<div style=\"text-align: left;\" data-spm-anchor-id=\"a2700.wholesale.0.i36.304df5d1W3QwJB\"><\/div>\n<div class=\"J_module\">\n<div class=\"detail-decorate-json-renderer-container\">\n<div class=\"magic-4\">\n<div style=\"text-align: left;\" data-spm-anchor-id=\"a2700.wholesale.0.i36.304df5d1W3QwJB\"><\/div>\n<\/div>\n<\/div>\n<\/div>","protected":false},"excerpt":{"rendered":"<p>Le resurfacing ablatif fractionnel de CO2 d\u00e9livre un laser de 10600nm de mani\u00e8re fractionnelle dans la peau tout en laissant intactes les zones environnantes non trait\u00e9es.<\/p>\n<p>Le laser cr\u00e9e un point thermique microscopique sur la surface et fonctionne \u00e0 l'int\u00e9rieur des tissus, offrant un resserrement am\u00e9lior\u00e9 de la peau, des taches d'\u00e2ge, des lignes fines, des cicatrices d'acn\u00e9, l'\u00e9limination des vergetures et le rajeunissement de la vulve. Le tissu non trait\u00e9 aide \u00e0 acc\u00e9l\u00e9rer le processus de gu\u00e9rison et \u00e0 rajeunir la peau en favorisant la microcirculation et la gen\u00e8se de nouvelles cellules.<\/p>\n<p>resserrement de la peau;<br \/>\nAcn\u00e9 et \u00e9limination des cicatrices d'acn\u00e9;<br \/>\ncicatrices br\u00fbl\u00e9es lisses et cicatrices chirurgicales, dermabrasion etc-;<br \/>\n\u00c9liminer les chloasmes et la pigmentation intratables;<br \/>\nR\u00e9cup\u00e9ration des dommages du soleil<\/p>","protected":false},"featured_media":2091,"comment_status":"open","ping_status":"closed","template":"","meta":[],"product_cat":[22],"product_tag":[],"class_list":["post-2085","product","type-product","status-publish","has-post-thumbnail","hentry","product_cat-co2-laser"],"_links":{"self":[{"href":"https:\/\/www.mlkjlasers.com\/fr\/wp-json\/wp\/v2\/product\/2085","targetHints":{"allow":["GET"]}}],"collection":[{"href":"https:\/\/www.mlkjlasers.com\/fr\/wp-json\/wp\/v2\/product"}],"about":[{"href":"https:\/\/www.mlkjlasers.com\/fr\/wp-json\/wp\/v2\/types\/product"}],"replies":[{"embeddable":true,"href":"https:\/\/www.mlkjlasers.com\/fr\/wp-json\/wp\/v2\/comments?post=2085"}],"wp:featuredmedia":[{"embeddable":true,"href":"https:\/\/www.mlkjlasers.com\/fr\/wp-json\/wp\/v2\/media\/2091"}],"wp:attachment":[{"href":"https:\/\/www.mlkjlasers.com\/fr\/wp-json\/wp\/v2\/media?parent=2085"}],"wp:term":[{"taxonomy":"product_cat","embeddable":true,"href":"https:\/\/www.mlkjlasers.com\/fr\/wp-json\/wp\/v2\/product_cat?post=2085"},{"taxonomy":"product_tag","embeddable":true,"href":"https:\/\/www.mlkjlasers.com\/fr\/wp-json\/wp\/v2\/product_tag?post=2085"}],"curies":[{"name":"wp","href":"https:\/\/api.w.org\/{rel}","templated":true}]}}