{"id":2107,"date":"2023-07-27T15:21:47","date_gmt":"2023-07-27T07:21:47","guid":{"rendered":"https:\/\/mlkjlasers.com\/?post_type=product&#038;p=2107"},"modified":"2026-01-27T10:39:05","modified_gmt":"2026-01-27T02:39:05","slug":"vertical-co2-fractional-laser-2","status":"publish","type":"product","link":"https:\/\/www.mlkjlasers.com\/fr\/product\/vertical-co2-fractional-laser-2\/","title":{"rendered":"Portable 40W CO2 Fractional Laser Scar Removal Vaginal Tightening Fractional Co2 Laser Machine"},"content":{"rendered":"<div class=\"J_module\">\n<div class=\"icbu-pc-images magic-0\">\n<div class=\"flex-layout-v\"><span style=\"font-size: 14pt;\"><img fetchpriority=\"high\" decoding=\"async\" class=\"aligncenter wp-image-3659\" src=\"https:\/\/www.mlkjlasers.com\/wp-content\/uploads\/2026\/01\/co2-4.jpg\" alt=\"\" width=\"1920\" height=\"3086\" srcset=\"https:\/\/www.mlkjlasers.com\/wp-content\/uploads\/2026\/01\/co2-4.jpg 1200w, https:\/\/www.mlkjlasers.com\/wp-content\/uploads\/2026\/01\/co2-4-187x300.jpg 187w, https:\/\/www.mlkjlasers.com\/wp-content\/uploads\/2026\/01\/co2-4-637x1024.jpg 637w, https:\/\/www.mlkjlasers.com\/wp-content\/uploads\/2026\/01\/co2-4-768x1235.jpg 768w, https:\/\/www.mlkjlasers.com\/wp-content\/uploads\/2026\/01\/co2-4-956x1536.jpg 956w, https:\/\/www.mlkjlasers.com\/wp-content\/uploads\/2026\/01\/co2-4-600x965.jpg 600w\" sizes=\"(max-width: 1920px) 100vw, 1920px\" \/><\/span><\/div>\n<\/div>\n<\/div>\n<div class=\"J_module\">\n<div class=\"detail-decorate-json-renderer-container\">\n<div data-spm-anchor-id=\"a2700.wholesale.0.i36.304df5d1W3QwJB\"><span style=\"font-size: 14pt;\"><b> Safet, confortable, aucun laser de beaut\u00e9 de temps d'arr\u00eat<\/b> <\/span><\/div>\n<div data-spm-anchor-id=\"a2700.wholesale.0.i36.304df5d1W3QwJB\"><span style=\"font-size: 14pt;\">1. MLKJ CO2 machine de beaut\u00e9 fractionnelle laser utilisation USA importer laser coh\u00e9rent, machine de soutien <span style=\"color: #c4433c;\"><b>travail de longue vie<\/b><\/span>, puissance de sortie constante. <\/span><\/div>\n<div data-spm-anchor-id=\"a2700.wholesale.0.i36.304df5d1W3QwJB\"><span style=\"font-size: 14pt;\">2. importation de la Cor\u00e9e bras de guidage l\u00e9ger articul\u00e9, presque aucune perte d'\u00e9nergie, taux de transfert d'\u00e9nergie \u00e9lev\u00e9, <span style=\"color: #c4433c;\"><b>apr\u00e8s une utilisation \u00e0 long terme, n'importe quel angle 7 joints, fonctionnement pratique et flexible<\/b>.<\/span><\/span><\/div>\n<div data-spm-anchor-id=\"a2700.wholesale.0.i36.304df5d1W3QwJB\"><span style=\"font-size: 14pt;\"> 3. Mode de travail: fractionnel, coupe, gyn\u00e9cologie<b> <span style=\"color: #c4433c;\">Syst\u00e8me 3 en 1<\/span><\/b>permet de multiples fonctions telles que le rajeunissement de la peau, l'acn\u00e9, l'\u00e9limination des rides, la r\u00e9paration des cicatrices, la coupe de l'\u00e9piderme, les soins vaginaux, la contraction vaginale, etc. <\/span><\/div>\n<div data-spm-anchor-id=\"a2700.wholesale.0.i36.304df5d1W3QwJB\"><span style=\"font-size: 14pt;\">4. professionnel 70W <span style=\"color: #c4433c;\"><b>noyau laser m\u00e9dical<\/b>.<\/span> Afin d'\u00e9viter les dommages accidentels du laser, l'int\u00e9rieur est \u00e9quip\u00e9 de dispositifs de protection, qui soutiennent le travail de longue dur\u00e9e de vie du laser.<\/span><\/div>\n<div data-spm-anchor-id=\"a2700.wholesale.0.i36.304df5d1W3QwJB\"><span style=\"font-size: 14pt;\"><img decoding=\"async\" class=\"aligncenter wp-image-3667\" src=\"https:\/\/www.mlkjlasers.com\/wp-content\/uploads\/2026\/01\/co2-12.jpg\" alt=\"\" width=\"1920\" height=\"1920\" srcset=\"https:\/\/www.mlkjlasers.com\/wp-content\/uploads\/2026\/01\/co2-12.jpg 1080w, https:\/\/www.mlkjlasers.com\/wp-content\/uploads\/2026\/01\/co2-12-300x300.jpg 300w, https:\/\/www.mlkjlasers.com\/wp-content\/uploads\/2026\/01\/co2-12-1024x1024.jpg 1024w, https:\/\/www.mlkjlasers.com\/wp-content\/uploads\/2026\/01\/co2-12-150x150.jpg 150w, https:\/\/www.mlkjlasers.com\/wp-content\/uploads\/2026\/01\/co2-12-768x768.jpg 768w, https:\/\/www.mlkjlasers.com\/wp-content\/uploads\/2026\/01\/co2-12-600x600.jpg 600w, https:\/\/www.mlkjlasers.com\/wp-content\/uploads\/2026\/01\/co2-12-100x100.jpg 100w\" sizes=\"(max-width: 1920px) 100vw, 1920px\" \/><\/span><\/div>\n<div data-spm-anchor-id=\"a2700.wholesale.0.i36.304df5d1W3QwJB\"><span style=\"font-size: 14pt;\"><b>\u00c9limination des cicatrices d'acn\u00e9<\/b><\/span><br \/>\n<span style=\"font-size: 14pt;\">R\u00e9duit efficacement les cicatrices d'acn\u00e9 en favorisant la production de collag\u00e8ne et la r\u00e9g\u00e9n\u00e9ration de la peau.<\/span><br \/>\n<span style=\"font-size: 14pt;\">R\u00e9duction des rides et anti-vieillissement<\/span><br \/>\n<span style=\"font-size: 14pt;\">Minimize les lignes fines et les rides en serrant la peau et en stimulant la croissance du nouveau collag\u00e8ne.<\/span><br \/>\n<span style=\"font-size: 14pt;\"><b>Traitement de pigmentation<\/b><\/span><br \/>\n<span style=\"font-size: 14pt;\">Cible et d\u00e9compose les l\u00e9sions pigment\u00e9es telles que les taches d'\u00e2ge, les taches solaires et le m\u00e9lasma.<\/span><br \/>\n<span style=\"font-size: 14pt;\"><b>Enl\u00e8vement des marques de traction<\/b><\/span><br \/>\n<span style=\"font-size: 14pt;\">Am\u00e9liore l'\u00e9lasticit\u00e9 et la texture de la peau en stimulant la r\u00e9paration des tissus profonds, r\u00e9duisant efficacement les vergetures.<\/span><br \/>\n<span style=\"font-size: 14pt;\"><b>Serrage et resurfacing de la peau<\/b><\/span><br \/>\n<span style=\"font-size: 14pt;\">Am\u00e9liore la fermet\u00e9 et la lisseur de la peau en \u00e9liminant les couches de peau endommag\u00e9es et en favorisant le renouvellement cellulaire.<\/span><br \/>\n<span style=\"font-size: 14pt;\"><b>Traitement des cicatrices et des marques chirurgicales<\/b><\/span><br \/>\n<span style=\"font-size: 14pt;\">R\u00e9duit la visibilit\u00e9 des cicatrices chirurgicales, des marques de blessure et des kelo\u00efdes gr\u00e2ce \u00e0 une ablation laser pr\u00e9cise et \u00e0 une gu\u00e9rison.<\/span><\/div>\n<div data-spm-anchor-id=\"a2700.wholesale.0.i36.304df5d1W3QwJB\"><span style=\"font-size: 14pt;\"><img decoding=\"async\" class=\"aligncenter wp-image-3669\" src=\"https:\/\/www.mlkjlasers.com\/wp-content\/uploads\/2026\/01\/co2-14.jpg\" alt=\"\" width=\"1920\" height=\"1451\" srcset=\"https:\/\/www.mlkjlasers.com\/wp-content\/uploads\/2026\/01\/co2-14.jpg 1200w, https:\/\/www.mlkjlasers.com\/wp-content\/uploads\/2026\/01\/co2-14-300x227.jpg 300w, https:\/\/www.mlkjlasers.com\/wp-content\/uploads\/2026\/01\/co2-14-1024x774.jpg 1024w, https:\/\/www.mlkjlasers.com\/wp-content\/uploads\/2026\/01\/co2-14-768x580.jpg 768w, https:\/\/www.mlkjlasers.com\/wp-content\/uploads\/2026\/01\/co2-14-600x454.jpg 600w\" sizes=\"(max-width: 1920px) 100vw, 1920px\" \/><\/span><\/div>\n<div data-spm-anchor-id=\"a2700.wholesale.0.i36.304df5d1W3QwJB\"><span style=\"font-size: 14pt;\"><b>Six t\u00eates<\/b> Nous fournissons 6 t\u00eates de traitement, <b><span style=\"color: #085275;\">Une t\u00eate de balayage import\u00e9e en Allemagne<\/span><\/b> <span style=\"color: #06515d;\"><b>Deux t\u00eates de coupe Trois t\u00eates de traitement priv\u00e9es<\/b><\/span><br \/>\nLa t\u00eate de balayage est utilis\u00e9e pour la peau tendre, le r\u00e9tr\u00e9cissement des pores, l'\u00e9limination des striae gravidarum et du chloasma<br \/>\nLa t\u00eate de coupe est utilis\u00e9e pour enlever le sarcoma\/n\u00e9vus<br \/>\nLa t\u00eate priv\u00e9e est utilis\u00e9e pour serrer le vagin, vulve tendre, vulve tendre<\/span><\/div>\n<div data-spm-anchor-id=\"a2700.wholesale.0.i36.304df5d1W3QwJB\"><span style=\"font-size: 14pt;\"><img loading=\"lazy\" decoding=\"async\" class=\"aligncenter wp-image-3671\" src=\"https:\/\/www.mlkjlasers.com\/wp-content\/uploads\/2026\/01\/co2-16.jpg\" alt=\"\" width=\"1920\" height=\"1963\" srcset=\"https:\/\/www.mlkjlasers.com\/wp-content\/uploads\/2026\/01\/co2-16.jpg 1200w, https:\/\/www.mlkjlasers.com\/wp-content\/uploads\/2026\/01\/co2-16-293x300.jpg 293w, https:\/\/www.mlkjlasers.com\/wp-content\/uploads\/2026\/01\/co2-16-1001x1024.jpg 1001w, https:\/\/www.mlkjlasers.com\/wp-content\/uploads\/2026\/01\/co2-16-768x785.jpg 768w, https:\/\/www.mlkjlasers.com\/wp-content\/uploads\/2026\/01\/co2-16-600x614.jpg 600w\" sizes=\"(max-width: 1920px) 100vw, 1920px\" \/><\/span><\/div>\n<div data-spm-anchor-id=\"a2700.wholesale.0.i36.304df5d1W3QwJB\">\n<p><span style=\"font-size: 14pt;\"> Le laser fractionn\u00e9 MLKJ utilise des composants de base import\u00e9s et plus sur une technologie individuelle, les graphiques sont plus standard, les points sont plus petits, et l'arrangement est plus uniforme, de meilleurs r\u00e9sultats cliniques, chaque minuscule colonne fractionn\u00e9e re-\u00e9pith\u00e9lialise g\u00e9n\u00e9ralement dans un jour. <\/span><\/p>\n<div><span style=\"font-size: 14pt;\"><b><span style=\"color: #c4433c;\">Cela minimise le risque de cicatrices, d\u2019infections ou de changements de pigmentation \u00e0 long terme.<\/span><\/b><\/span><\/div>\n<div><span style=\"font-size: 14pt;\"><img loading=\"lazy\" decoding=\"async\" class=\"aligncenter wp-image-3673\" src=\"https:\/\/www.mlkjlasers.com\/wp-content\/uploads\/2026\/01\/co2-18.jpg\" alt=\"\" width=\"1920\" height=\"2203\" srcset=\"https:\/\/www.mlkjlasers.com\/wp-content\/uploads\/2026\/01\/co2-18.jpg 1200w, https:\/\/www.mlkjlasers.com\/wp-content\/uploads\/2026\/01\/co2-18-261x300.jpg 261w, https:\/\/www.mlkjlasers.com\/wp-content\/uploads\/2026\/01\/co2-18-892x1024.jpg 892w, https:\/\/www.mlkjlasers.com\/wp-content\/uploads\/2026\/01\/co2-18-768x881.jpg 768w, https:\/\/www.mlkjlasers.com\/wp-content\/uploads\/2026\/01\/co2-18-600x689.jpg 600w\" sizes=\"(max-width: 1920px) 100vw, 1920px\" \/><\/span><\/div>\n<div><span style=\"font-size: 14pt;\"><b>Resurfacing de peau de haute pr\u00e9cision <\/b><\/span><br \/>\n<span style=\"font-size: 14pt;\">Fournit des faisceaux laser pr\u00e9cis pour cibler la peau endommag\u00e9e, favorisant la gu\u00e9rison naturelle et le collag\u00e8ne<\/span><br \/>\n<span style=\"font-size: 14pt;\">r\u00e9g\u00e9n\u00e9ration.<\/span><br \/>\n<span style=\"font-size: 14pt;\"><b>Modes de traitement multifonctionnels<\/b><\/span><br \/>\n<span style=\"font-size: 14pt;\">Niveaux d'\u00e9nergie r\u00e9glables et sch\u00e9mas de balayage pour des traitements personnalis\u00e9s, y compris les cicatrices,<\/span><br \/>\n<span style=\"font-size: 14pt;\">rides, pigmentation, stimule la production de collag\u00e8ne pour le rajeunissement de la peau \u00e0 long terme, r\u00e9duisant les lignes fines, les cicatrices d'acn\u00e9 et les dommages du soleil.<\/span><br \/>\n<span style=\"font-size: 14pt;\"><b>Syst\u00e8me de refroidissement innovant<\/b><\/span><br \/>\n<span style=\"font-size: 14pt;\">Assure le confort du patient pendant les traitements tout en prot\u00e9geant la peau&#8217; surface du dommage thermique.<\/span><br \/>\n<span style=\"font-size: 14pt;\"><b>Interface conviviale<\/b><\/span><br \/>\n<span style=\"font-size: 14pt;\">Interface \u00e0 \u00e9cran tactile intuitive pour une utilisation facile, adapt\u00e9e \u00e0 la fois aux professionnels exp\u00e9riment\u00e9s et aux d\u00e9butants.<\/span><br \/>\n<span style=\"font-size: 14pt;\"><b>S\u00e9curis\u00e9 et certifi\u00e9<\/b><\/span><br \/>\n<span style=\"font-size: 14pt;\">Approuv\u00e9 CE, garantissant des normes \u00e9lev\u00e9es de s\u00e9curit\u00e9 et de performance pour tous les types de peau.<\/span><\/div>\n<div><span style=\"font-size: 14pt;\"><img loading=\"lazy\" decoding=\"async\" class=\"aligncenter size-full wp-image-3674\" src=\"https:\/\/www.mlkjlasers.com\/wp-content\/uploads\/2026\/01\/co2-19.jpg\" alt=\"\" width=\"1920\" height=\"1080\" srcset=\"https:\/\/www.mlkjlasers.com\/wp-content\/uploads\/2026\/01\/co2-19.jpg 1920w, https:\/\/www.mlkjlasers.com\/wp-content\/uploads\/2026\/01\/co2-19-300x169.jpg 300w, https:\/\/www.mlkjlasers.com\/wp-content\/uploads\/2026\/01\/co2-19-1024x576.jpg 1024w, https:\/\/www.mlkjlasers.com\/wp-content\/uploads\/2026\/01\/co2-19-768x432.jpg 768w, https:\/\/www.mlkjlasers.com\/wp-content\/uploads\/2026\/01\/co2-19-1536x864.jpg 1536w, https:\/\/www.mlkjlasers.com\/wp-content\/uploads\/2026\/01\/co2-19-600x338.jpg 600w\" sizes=\"(max-width: 1920px) 100vw, 1920px\" \/><\/span><\/div>\n<div><span style=\"font-size: 14pt;\">Effet du traitement<\/span><\/div>\n<div><span style=\"font-size: 14pt;\"><img loading=\"lazy\" decoding=\"async\" class=\"aligncenter wp-image-3672\" src=\"https:\/\/www.mlkjlasers.com\/wp-content\/uploads\/2026\/01\/co2-17.jpg\" alt=\"\" width=\"1920\" height=\"1373\" srcset=\"https:\/\/www.mlkjlasers.com\/wp-content\/uploads\/2026\/01\/co2-17.jpg 1200w, https:\/\/www.mlkjlasers.com\/wp-content\/uploads\/2026\/01\/co2-17-300x215.jpg 300w, https:\/\/www.mlkjlasers.com\/wp-content\/uploads\/2026\/01\/co2-17-1024x732.jpg 1024w, https:\/\/www.mlkjlasers.com\/wp-content\/uploads\/2026\/01\/co2-17-768x549.jpg 768w, https:\/\/www.mlkjlasers.com\/wp-content\/uploads\/2026\/01\/co2-17-600x429.jpg 600w\" sizes=\"(max-width: 1920px) 100vw, 1920px\" \/><\/span><\/div>\n<div><span style=\"font-size: 14pt;\"> Pour plus d'informations sur cette machine, s'il vous pla\u00eet envoyer une demande et nous contacter, <span style=\"color: #c4433c;\"><b>Service en ligne 24h\/24.<\/b><\/span><\/span><\/div>\n<\/div>\n<div data-spm-anchor-id=\"a2700.wholesale.0.i36.304df5d1W3QwJB\"><\/div>\n<\/div>\n<\/div>","protected":false},"excerpt":{"rendered":"<p><span style=\"font-family: helvetica, arial, sans-serif;\">1) Enlevez l'acn\u00e9, la cicatrice d'acn\u00e9, la cicatrice et ainsi de suite; <\/span><\/p>\n<p><span style=\"font-family: helvetica, arial, sans-serif;\">2) Dispel ride autour des yeux, corbeau&#8217; s-pieds, et rides form\u00e9es par manque d'eau; <\/span><\/p>\n<p><span style=\"font-family: helvetica, arial, sans-serif;\">3) R\u00e9duire efficacement les rides sur le visage, le front, les articulations et les stries gravides; <\/span><\/p>\n<p><span style=\"font-family: helvetica, arial, sans-serif;\">4) Dispel freckle, nevus zygomaticus et autres taches form\u00e9es par des changements pathologiques hyperchromiques; <\/span><\/p>\n<p><span style=\"font-family: helvetica, arial, sans-serif;\">5) Serrer la peau et lever le visage; <\/span><\/p>\n<p><span style=\"font-family: helvetica, arial, sans-serif;\">6) Enlevez les striae gravidarum et autres cicatrices profondes <\/span><\/p>\n<p><span style=\"font-family: helvetica, arial, sans-serif;\">7) suppression du sarcoma<\/span><\/p>\n<p><span style=\"font-family: helvetica, arial, sans-serif;\">8) fonction de serrage vaginal facultative\u00a0<\/span><\/p>","protected":false},"featured_media":3656,"comment_status":"open","ping_status":"closed","template":"","meta":[],"product_cat":[22],"product_tag":[],"class_list":["post-2107","product","type-product","status-publish","has-post-thumbnail","hentry","product_cat-co2-laser"],"_links":{"self":[{"href":"https:\/\/www.mlkjlasers.com\/fr\/wp-json\/wp\/v2\/product\/2107","targetHints":{"allow":["GET"]}}],"collection":[{"href":"https:\/\/www.mlkjlasers.com\/fr\/wp-json\/wp\/v2\/product"}],"about":[{"href":"https:\/\/www.mlkjlasers.com\/fr\/wp-json\/wp\/v2\/types\/product"}],"replies":[{"embeddable":true,"href":"https:\/\/www.mlkjlasers.com\/fr\/wp-json\/wp\/v2\/comments?post=2107"}],"wp:featuredmedia":[{"embeddable":true,"href":"https:\/\/www.mlkjlasers.com\/fr\/wp-json\/wp\/v2\/media\/3656"}],"wp:attachment":[{"href":"https:\/\/www.mlkjlasers.com\/fr\/wp-json\/wp\/v2\/media?parent=2107"}],"wp:term":[{"taxonomy":"product_cat","embeddable":true,"href":"https:\/\/www.mlkjlasers.com\/fr\/wp-json\/wp\/v2\/product_cat?post=2107"},{"taxonomy":"product_tag","embeddable":true,"href":"https:\/\/www.mlkjlasers.com\/fr\/wp-json\/wp\/v2\/product_tag?post=2107"}],"curies":[{"name":"wp","href":"https:\/\/api.w.org\/{rel}","templated":true}]}}