{"id":213,"date":"2023-05-29T16:02:49","date_gmt":"2023-05-29T08:02:49","guid":{"rendered":"https:\/\/mingliang.leadsclouds.com\/?post_type=product&#038;p=213"},"modified":"2026-01-27T17:21:15","modified_gmt":"2026-01-27T09:21:15","slug":"picosecond-laser-tattoo-removal","status":"publish","type":"product","link":"https:\/\/www.mlkjlasers.com\/fr\/product\/picosecond-laser-tattoo-removal\/","title":{"rendered":"Machine d'enl\u00e8vement de tatouage laser Picosecond \u00e0 vendre blanchiment de la peau de rajeunissement de la peau"},"content":{"rendered":"<div class=\"J_module\">\n<div class=\"icbu-pc-images magic-0\">\n<div>\n<div class=\"flex-layout-v\">\n<div class=\"flex-layout-h magic-0\">\n<div class=\"magic-1\"><span style=\"color: #000000; font-family: helvetica, arial, sans-serif;\"><img fetchpriority=\"high\" decoding=\"async\" class=\"magic-2 alignleft\" src=\"https:\/\/sc04.alicdn.com\/kf\/H448461831b8043888bd9dc8d38436560Z\/201077653\/H448461831b8043888bd9dc8d38436560Z.jpg\" width=\"1566\" height=\"2138\" data-src=\"\/\/sc04.alicdn.com\/kf\/H448461831b8043888bd9dc8d38436560Z\/201077653\/H448461831b8043888bd9dc8d38436560Z.jpg\" data-spm-anchor-id=\"a2700.details.0.i54.22f824bdtzFEzh\" \/><\/span><\/div>\n<\/div>\n<\/div>\n<\/div>\n<\/div>\n<\/div>\n<div class=\"J_module\" style=\"text-align: left;\">\n<div class=\"detail-decorate-json-renderer-container\">\n<div class=\"magic-3\">\n<div class=\"magic-4\">\n<div class=\"magic-5\">\n<div class=\"magic-6\">\n<div><\/div>\n<div><\/div>\n<div><\/div>\n<div><\/div>\n<div><\/div>\n<div><\/div>\n<div><\/div>\n<div><\/div>\n<div><\/div>\n<div><\/div>\n<div><\/div>\n<div><\/div>\n<div><\/div>\n<div><\/div>\n<div><\/div>\n<div><\/div>\n<div><\/div>\n<div><\/div>\n<div><\/div>\n<div><\/div>\n<div><\/div>\n<div><\/div>\n<div><\/div>\n<div><\/div>\n<div><\/div>\n<div><\/div>\n<div><\/div>\n<div><\/div>\n<div><\/div>\n<div><\/div>\n<div><\/div>\n<div><\/div>\n<div><\/div>\n<div><\/div>\n<div><\/div>\n<div><\/div>\n<div><\/div>\n<div><\/div>\n<div><\/div>\n<div><\/div>\n<div><\/div>\n<div><\/div>\n<div><\/div>\n<div><\/div>\n<div><\/div>\n<div><\/div>\n<div><\/div>\n<div><\/div>\n<div><\/div>\n<div><\/div>\n<div><\/div>\n<div><\/div>\n<div><\/div>\n<div><\/div>\n<div><\/div>\n<div><\/div>\n<div><\/div>\n<div><\/div>\n<div><\/div>\n<div><\/div>\n<div><\/div>\n<div><\/div>\n<div><\/div>\n<div><\/div>\n<div><\/div>\n<div><\/div>\n<div><\/div>\n<div><\/div>\n<div><span class=\"magic-7\" style=\"color: #000000; font-family: helvetica, arial, sans-serif;\"><span class=\"magic-8\"><b class=\"magic-7\"><span class=\"magic-9\">Avantages : <\/span><\/b><\/span><\/span><\/div>\n<div><span class=\"magic-7\" style=\"color: #000000; font-family: helvetica, arial, sans-serif;\"><span class=\"magic-10\"> 1. USA\/Cor\u00e9e du Sud importent 7 bras articulated joint <\/span><\/span><\/div>\n<div><span class=\"magic-7\" style=\"color: #000000; font-family: helvetica, arial, sans-serif;\"><span class=\"magic-10\">2.300ps\/500ps, derni\u00e8re technologie <\/span><\/span><\/div>\n<div><span class=\"magic-7\" style=\"color: #000000; font-family: helvetica, arial, sans-serif;\"><span class=\"magic-10\">3. Longueurs d'onde de vari\u00e9t\u00e9: <\/span><\/span><\/div>\n<div><span class=\"magic-7\" style=\"color: #000000; font-family: helvetica, arial, sans-serif;\"><span class=\"magic-11\">1064nm :<\/span><span class=\"magic-10\">L\u00e9sions pigmentaires dermiques et enl\u00e8vement de tatouages de couleur fonc\u00e9e <\/span><\/span><\/div>\n<div><span class=\"magic-7\" style=\"color: #000000; font-family: helvetica, arial, sans-serif;\"><span class=\"magic-11\">532nm : <\/span><span class=\"magic-10\">L\u00e9sions du pigment \u00e9pidermique, rouge, jaune, enl\u00e8vement du tatouage de caf\u00e9 <\/span><span class=\"magic-11\">585nm :<\/span><span class=\"magic-10\">enl\u00e8vement de tatouage bleu et violet <\/span><\/span><\/div>\n<div><span class=\"magic-7\" style=\"color: #000000; font-family: helvetica, arial, sans-serif;\"><span class=\"magic-11\">650nm :<\/span><span class=\"magic-10\">Retirement du tatouage vert <\/span><span class=\"magic-11\">755nm :<\/span><span class=\"magic-10\">L\u00e9sions pigmentaires \u00e9pidermiques<\/span><\/span><\/div>\n<\/div>\n<\/div>\n<\/div>\n<\/div>\n<\/div>\n<\/div>\n<div class=\"J_module\" style=\"text-align: left;\">\n<div class=\"icbu-pc-images magic-0\">\n<div>\n<div class=\"flex-layout-v\">\n<div class=\"flex-layout-h magic-0\">\n<div class=\"magic-12\"><span style=\"color: #000000; font-family: helvetica, arial, sans-serif;\"><img decoding=\"async\" class=\"magic-13 alignnone\" src=\"https:\/\/sc04.alicdn.com\/kf\/Hf1f2296332834b64a491abd32b25e7870\/201077653\/Hf1f2296332834b64a491abd32b25e7870.jpg\" width=\"1563\" height=\"1517\" data-src=\"\/\/sc04.alicdn.com\/kf\/Hf1f2296332834b64a491abd32b25e7870\/201077653\/Hf1f2296332834b64a491abd32b25e7870.jpg\" \/><\/span><\/div>\n<\/div>\n<div><\/div>\n<div><b class=\"magic-8\" style=\"color: #000000; font-family: helvetica, arial, sans-serif;\">Application du laser picoseconde :<\/b><\/div>\n<\/div>\n<\/div>\n<\/div>\n<\/div>\n<div class=\"J_module\" style=\"text-align: left;\">\n<div class=\"detail-decorate-json-renderer-container\">\n<div class=\"magic-3\">\n<div class=\"magic-4\">\n<div class=\"magic-5\">\n<div class=\"magic-6\">\n<div><\/div>\n<div><span class=\"magic-10\" style=\"color: #000000; font-family: helvetica, arial, sans-serif;\">A. T\u00eate de combe d'miel. Haute puissance de pic 800-1200mj \u00c9nergie d'impulsion unique \u00e9lev\u00e9e signifie une forte capacit\u00e9 \u00e0 \u00e9craser le pigment <\/span><\/div>\n<div><span class=\"magic-10\" style=\"color: #000000; font-family: helvetica, arial, sans-serif;\">B. Beaucoup plus haute puissance Double lumi\u00e8res double b\u00e2tons. <\/span><\/div>\n<div><span class=\"magic-10\" style=\"color: #000000; font-family: helvetica, arial, sans-serif;\">C.1-10mm taille de point r\u00e9glable. D. La densit\u00e9 d'\u00e9nergie est automatiquement ajust\u00e9e avec la taille du point<\/span><\/div>\n<\/div>\n<\/div>\n<\/div>\n<\/div>\n<\/div>\n<\/div>\n<div class=\"J_module\" style=\"text-align: left;\">\n<div class=\"icbu-pc-images magic-0\">\n<div>\n<div class=\"flex-layout-v\">\n<div class=\"flex-layout-h magic-0\">\n<div class=\"magic-14\"><\/div>\n<div class=\"magic-14\"><span style=\"color: #000000; font-family: helvetica, arial, sans-serif;\"><img decoding=\"async\" class=\"magic-15 alignnone\" src=\"https:\/\/sc04.alicdn.com\/kf\/H47025a57b98148c1ab2ed58306169bb81\/201077653\/H47025a57b98148c1ab2ed58306169bb81.jpg\" width=\"1681\" height=\"1699\" data-src=\"\/\/sc04.alicdn.com\/kf\/H47025a57b98148c1ab2ed58306169bb81\/201077653\/H47025a57b98148c1ab2ed58306169bb81.jpg\" \/><\/span><\/div>\n<\/div>\n<\/div>\n<div><\/div>\n<div><b class=\"magic-8\" style=\"color: #000000; font-family: helvetica, arial, sans-serif;\">Caract\u00e9ristiques techniques :<\/b><\/div>\n<\/div>\n<\/div>\n<\/div>\n<div class=\"J_module\" style=\"text-align: left;\">\n<div class=\"detail-decorate-json-renderer-container\">\n<div class=\"magic-3\">\n<div class=\"magic-4\">\n<div class=\"magic-5\">\n<div class=\"magic-6\">\n<div><span class=\"magic-10\" style=\"color: #000000; font-family: helvetica, arial, sans-serif;\">&gt;  &gt; Aucune blessure \u00e0 la peau et au follicule pileux; Pas de risque de cicatrices.<br \/>\n&gt;  &gt; Technologie laser \u00e9lev\u00e9e de soufflage instantan\u00e9, norme internationale de production, test technique strictement.<br \/>\n&gt;  &gt; M\u00e9canisme de cassette Q-commutateur en pierre import\u00e9, tout le laser solide, sans remplacer Q-commutateur.<br \/>\n&gt;  &gt; Traitement indolore, peu d'effets secondaires.<br \/>\n&gt;  &gt; Facile \u00e0 utiliser.<\/span><\/div>\n<\/div>\n<\/div>\n<\/div>\n<\/div>\n<\/div>\n<\/div>\n<div class=\"J_module\" style=\"text-align: left;\">\n<div class=\"icbu-pc-images magic-0\">\n<div>\n<div class=\"flex-layout-v\">\n<div class=\"flex-layout-h magic-0\">\n<div class=\"magic-18\"><span style=\"color: #000000; font-family: helvetica, arial, sans-serif;\"><img loading=\"lazy\" decoding=\"async\" class=\"magic-19\" src=\"https:\/\/sc02.alicdn.com\/kf\/HTB1Us.RgiCYBuNkHFCcq6AHtVXaw\/201077653\/HTB1Us.RgiCYBuNkHFCcq6AHtVXaw.jpg\" width=\"1573\" height=\"971\" data-src=\"\/\/sc02.alicdn.com\/kf\/HTB1Us.RgiCYBuNkHFCcq6AHtVXaw\/201077653\/HTB1Us.RgiCYBuNkHFCcq6AHtVXaw.jpg\" \/><\/span><\/div>\n<\/div>\n<\/div>\n<\/div>\n<\/div>\n<\/div>\n<div class=\"J_module\" style=\"text-align: left;\">\n<div class=\"detail-decorate-json-renderer-container\">\n<div class=\"magic-3\">\n<div class=\"magic-4\">\n<div class=\"magic-5\">\n<div class=\"magic-6\">\n<p><span class=\"magic-10\" style=\"color: #000000; font-family: helvetica, arial, sans-serif;\"><b>Poign\u00e9es laser de picoseconde:<\/b><\/span><\/p>\n<div><span class=\"magic-10\" style=\"color: #000000; font-family: helvetica, arial, sans-serif;\">&gt;  &gt; 755nm: seconde t\u00eate laser Pico, pour l'enl\u00e8vement des taches d'\u00e2ge, l'enl\u00e8vement des freches, le chloasma remvoal.<br \/>\n&gt;  &gt; 1064nm &amp; 532nm pour l'enl\u00e8vement du tatouage, le d\u00e9gagement des sourcils, etc.<br \/>\n&gt;  &gt; Nouveau bras l\u00e9ger guide de marque pour machine d'enl\u00e8vement laser de tatouage, avec une apparence plus d\u00e9licate.<\/span><\/div>\n<\/div>\n<\/div>\n<\/div>\n<\/div>\n<\/div>\n<\/div>\n<div class=\"J_module\" style=\"text-align: left;\">\n<div class=\"icbu-pc-images magic-0\">\n<div>\n<div class=\"flex-layout-v\">\n<div class=\"flex-layout-h magic-0\">\n<div class=\"magic-20\"><span style=\"color: #000000; font-family: helvetica, arial, sans-serif;\"><img loading=\"lazy\" decoding=\"async\" class=\"magic-21\" src=\"https:\/\/sc04.alicdn.com\/kf\/H9af949599b4141ad9afc83c16c62d4efH\/201077653\/H9af949599b4141ad9afc83c16c62d4efH.jpg\" width=\"1561\" height=\"1080\" data-src=\"\/\/sc04.alicdn.com\/kf\/H9af949599b4141ad9afc83c16c62d4efH\/201077653\/H9af949599b4141ad9afc83c16c62d4efH.jpg\" \/><\/span><\/div>\n<\/div>\n<\/div>\n<\/div>\n<\/div>\n<\/div>\n<div class=\"J_module\" style=\"text-align: left;\">\n<div class=\"detail-decorate-json-renderer-container\">\n<div class=\"magic-3\">\n<div class=\"magic-4\">\n<div class=\"magic-5\">\n<div class=\"magic-6\"><span class=\"magic-10\" style=\"color: #000000; font-family: helvetica, arial, sans-serif;\"><span class=\"magic-8\"><b>Zone de traitement de la machine laser pico:<\/b><\/span> \u2022 Toute couleur tatouage, eyeline et lipline suppression \u2022 Pigment de l'\u00e9piderme et de la derme \u2022 Evus d'Ota, naevus bleu, n\u00e9vus noir, tache de caf\u00e9 Plaques s\u00e9niles, luennes, tache de br\u00fblures solaires et chloasmaBlanchiment de la peau et \u00e9limination des rides etc.<\/span><\/div>\n<div>\n<div class=\"magic-6\" data-spm-anchor-id=\"a2700.details.0.i53.22f824bdtzFEzh\"><span class=\"magic-10\" style=\"color: #000000; font-family: helvetica, arial, sans-serif;\"><b class=\"magic-8\">Notes de traitement Picoseconde:<\/b> <\/span><\/div>\n<div class=\"magic-6\" data-spm-anchor-id=\"a2700.details.0.i53.22f824bdtzFEzh\"><span class=\"magic-10\" style=\"color: #000000; font-family: helvetica, arial, sans-serif;\">1. Si les taches sont d\u00e9tach\u00e9es, il est strictement interdit de les attraper \u00e0 la main et de les laisser tomber naturellement. <\/span><\/div>\n<div class=\"magic-6\" data-spm-anchor-id=\"a2700.details.0.i53.22f824bdtzFEzh\"><span class=\"magic-10\" style=\"color: #000000; font-family: helvetica, arial, sans-serif;\">2. Au stade pr\u00e9coce, il est n\u00e9cessaire d'appliquer 15 jours de masque de r\u00e9paration m\u00e9dicale en continu. Les sept premiers jours seront publi\u00e9s le matin et le soir. Ensuite, appliquez un autocollant tous les jours. Il est recommand\u00e9 de l'appliquer tous les jours. <\/span><\/div>\n<div class=\"magic-6\" data-spm-anchor-id=\"a2700.details.0.i53.22f824bdtzFEzh\"><span class=\"magic-10\" style=\"color: #000000; font-family: helvetica, arial, sans-serif;\">3. La s\u00e9rie de r\u00e9paration doit \u00eatre utilis\u00e9e apr\u00e8s chaque traitement de freckles. <\/span><\/div>\n<div class=\"magic-6\" data-spm-anchor-id=\"a2700.details.0.i53.22f824bdtzFEzh\"><span class=\"magic-10\" style=\"color: #000000; font-family: helvetica, arial, sans-serif;\">4. L'exposition au soleil est strictement interdite pendant toute la p\u00e9riode de traitement. Utilisez une lotion solaire SPF30 ou PA. <\/span><\/div>\n<div class=\"magic-6\" data-spm-anchor-id=\"a2700.details.0.i53.22f824bdtzFEzh\"><span class=\"magic-10\" style=\"color: #000000; font-family: helvetica, arial, sans-serif;\">5. tr\u00e8s peu de clients peuvent avoir un reflux de pigment apr\u00e8s le traitement hier soir. Aucun traitement sp\u00e9cial n'est n\u00e9cessaire. Cr\u00e8me solaire et hydratant sont faits, et le pigment va lentement m\u00e9taboliser.<\/span><\/div>\n<\/div>\n<\/div>\n<\/div>\n<\/div>\n<\/div>\n<\/div>\n<div class=\"J_module\" style=\"text-align: left;\">\n<div class=\"icbu-pc-images magic-0\">\n<div>\n<div class=\"flex-layout-v\">\n<div class=\"flex-layout-h magic-0\">\n<div class=\"magic-22\"><span style=\"color: #000000; font-family: helvetica, arial, sans-serif;\"><img loading=\"lazy\" decoding=\"async\" class=\"magic-23\" src=\"https:\/\/sc04.alicdn.com\/kf\/HTB1BNxVJFXXXXXwXpXXq6xXFXXXt\/201077653\/HTB1BNxVJFXXXXXwXpXXq6xXFXXXt.jpg\" width=\"1568\" height=\"1272\" data-src=\"\/\/sc04.alicdn.com\/kf\/HTB1BNxVJFXXXXXwXpXXq6xXFXXXt\/201077653\/HTB1BNxVJFXXXXXwXpXXq6xXFXXXt.jpg\" \/><\/span><\/div>\n<\/div>\n<\/div>\n<\/div>\n<\/div>\n<\/div>\n<div class=\"J_module\" style=\"text-align: left;\">\n<div class=\"icbu-pc-images magic-0\">\n<div>\n<div class=\"flex-layout-v\">\n<div class=\"flex-layout-h magic-0\">\n<div class=\"magic-24\"><span style=\"color: #000000; font-family: helvetica, arial, sans-serif;\"><img loading=\"lazy\" decoding=\"async\" class=\"magic-25\" src=\"https:\/\/sc04.alicdn.com\/kf\/H7bf48451817146eb8859f68e5abcffd2p\/201077653\/H7bf48451817146eb8859f68e5abcffd2p.jpg\" width=\"1572\" height=\"957\" data-src=\"\/\/sc04.alicdn.com\/kf\/H7bf48451817146eb8859f68e5abcffd2p\/201077653\/H7bf48451817146eb8859f68e5abcffd2p.jpg\" \/><\/span><\/div>\n<\/div>\n<\/div>\n<\/div>\n<\/div>\n<\/div>\n<div class=\"J_module\" style=\"text-align: left;\">\n<div class=\"icbu-pc-images magic-0\">\n<div>\n<div class=\"flex-layout-v\">\n<div class=\"flex-layout-h magic-0\">\n<div class=\"magic-26\"><span style=\"color: #000000; font-family: helvetica, arial, sans-serif;\"><img loading=\"lazy\" decoding=\"async\" class=\"magic-27\" src=\"https:\/\/sc04.alicdn.com\/kf\/Hf05edce2867446ae9711364601b31739f\/201077653\/Hf05edce2867446ae9711364601b31739f.jpg\" width=\"1609\" height=\"1454\" data-src=\"\/\/sc04.alicdn.com\/kf\/Hf05edce2867446ae9711364601b31739f\/201077653\/Hf05edce2867446ae9711364601b31739f.jpg\" \/><\/span><\/div>\n<\/div>\n<\/div>\n<\/div>\n<\/div>\n<\/div>\n<div class=\"J_module\" style=\"text-align: left;\">\n<div class=\"ife-detail-decorate-table\">\n<table class=\"has-title is-zebra all magic-28\" style=\"width: 100.851%; height: 599px;\">\n<tbody>\n<tr>\n<td colspan=\"2\" rowspan=\"1\">\n<div class=\"magic-29\"><span style=\"color: #000000; font-family: helvetica, arial, sans-serif;\">Laser :<\/span><\/div>\n<\/td>\n<td colspan=\"3\" rowspan=\"1\">\n<div class=\"magic-32\"><span style=\"color: #000000; font-family: helvetica, arial, sans-serif;\">Picolaser<\/span><\/div>\n<\/td>\n<\/tr>\n<tr>\n<td colspan=\"2\" rowspan=\"1\">\n<div class=\"magic-29\"><span style=\"color: #000000; font-family: helvetica, arial, sans-serif;\">Mode de sortie :<\/span><\/div>\n<\/td>\n<td colspan=\"3\" rowspan=\"1\">\n<div class=\"magic-32\"><span style=\"color: #000000; font-family: helvetica, arial, sans-serif;\">Actif Q<\/span><\/div>\n<\/td>\n<\/tr>\n<tr>\n<td colspan=\"2\" rowspan=\"1\">\n<div class=\"magic-29\"><span style=\"color: #000000; font-family: helvetica, arial, sans-serif;\">Barre de cristal laser:<\/span><\/div>\n<\/td>\n<td colspan=\"3\" rowspan=\"1\">\n<div class=\"magic-32\"><span style=\"color: #000000; font-family: helvetica, arial, sans-serif;\">Double lampe double tige<\/span><\/div>\n<\/td>\n<\/tr>\n<tr>\n<td colspan=\"2\" rowspan=\"1\">\n<div class=\"magic-29\"><span style=\"color: #000000; font-family: helvetica, arial, sans-serif;\">Longueur d'onde :<\/span><\/div>\n<\/td>\n<td colspan=\"3\" rowspan=\"1\">\n<div class=\"magic-32\"><span style=\"color: #000000; font-family: helvetica, arial, sans-serif;\">longueur d'onde 1064nm &amp; 532nm &amp; 755 nm<\/span><\/div>\n<\/td>\n<\/tr>\n<tr>\n<td colspan=\"2\" rowspan=\"1\">\n<div class=\"magic-29\"><span style=\"color: #000000; font-family: helvetica, arial, sans-serif;\">\u00c9cran de l'instrument:<\/span><\/div>\n<\/td>\n<td colspan=\"3\" rowspan=\"1\">\n<div class=\"magic-32\"><span style=\"color: #000000; font-family: helvetica, arial, sans-serif;\">\u00c9cran tactile couleur 12 pouces<\/span><\/div>\n<\/td>\n<\/tr>\n<tr>\n<td colspan=\"2\" rowspan=\"1\">\n<div class=\"magic-29\"><span style=\"color: #000000; font-family: helvetica, arial, sans-serif;\">Largeur d'impulsion :<\/span><\/div>\n<\/td>\n<td colspan=\"3\" rowspan=\"1\">\n<div class=\"magic-32\"><span style=\"color: #000000; font-family: helvetica, arial, sans-serif;\">300ps-2ns<\/span><\/div>\n<\/td>\n<\/tr>\n<tr>\n<td colspan=\"2\" rowspan=\"1\">\n<div class=\"magic-29\"><span style=\"color: #000000; font-family: helvetica, arial, sans-serif;\">Taille du point:<\/span><\/div>\n<\/td>\n<td colspan=\"3\" rowspan=\"1\">\n<div class=\"magic-32\"><span style=\"color: #000000; font-family: helvetica, arial, sans-serif;\">1 \u00e0 10 mm<\/span><\/div>\n<\/td>\n<\/tr>\n<tr>\n<td colspan=\"2\" rowspan=\"1\">\n<div class=\"magic-29\"><span style=\"color: #000000; font-family: helvetica, arial, sans-serif;\">\u00c9nergie :<\/span><\/div>\n<\/td>\n<td colspan=\"3\" rowspan=\"1\">\n<div class=\"magic-32\"><span style=\"color: #000000; font-family: helvetica, arial, sans-serif;\">10 \u00e0 2000mj<\/span><\/div>\n<\/td>\n<\/tr>\n<tr>\n<td colspan=\"2\" rowspan=\"1\">\n<div class=\"magic-29\"><span style=\"color: #000000; font-family: helvetica, arial, sans-serif;\">Fr\u00e9quence :<\/span><\/div>\n<\/td>\n<td colspan=\"3\" rowspan=\"1\">\n<div class=\"magic-32\"><span style=\"color: #000000; font-family: helvetica, arial, sans-serif;\">1-10Hz (r\u00e9glable)<\/span><\/div>\n<\/td>\n<\/tr>\n<tr>\n<td colspan=\"2\" rowspan=\"1\">\n<div class=\"magic-29\"><span style=\"color: #000000; font-family: helvetica, arial, sans-serif;\">Poids net :<\/span><\/div>\n<\/td>\n<td colspan=\"3\" rowspan=\"1\">\n<div class=\"magic-32\"><span style=\"color: #000000; font-family: helvetica, arial, sans-serif;\">105 kg<\/span><\/div>\n<\/td>\n<\/tr>\n<tr>\n<td colspan=\"2\" rowspan=\"1\">\n<div class=\"magic-29\"><span style=\"color: #000000; font-family: helvetica, arial, sans-serif;\">Voltage :<\/span><\/div>\n<\/td>\n<td colspan=\"3\" rowspan=\"1\">\n<div class=\"magic-32\"><span style=\"color: #000000; font-family: helvetica, arial, sans-serif;\">220V \/ 110V \/ 15A 50Hz (60Hz)<\/span><\/div>\n<\/td>\n<\/tr>\n<tr>\n<td colspan=\"2\" rowspan=\"1\">\n<div class=\"magic-29\"><span style=\"color: #000000; font-family: helvetica, arial, sans-serif;\">Syst\u00e8me de r\u00e9frig\u00e9ration :<\/span><\/div>\n<\/td>\n<td colspan=\"3\" rowspan=\"1\">\n<div class=\"magic-32\"><span style=\"color: #000000; font-family: helvetica, arial, sans-serif;\">Refroidissement des semi-conducteurs \u00e0 eau \u00e9olienne<\/span><\/div>\n<\/td>\n<\/tr>\n<tr>\n<td colspan=\"2\" rowspan=\"1\">\n<div class=\"magic-29\"><span style=\"color: #000000; font-family: helvetica, arial, sans-serif;\">Temps de travail continu :<\/span><\/div>\n<\/td>\n<td colspan=\"3\" rowspan=\"1\">\n<div class=\"magic-32\"><span style=\"color: #000000; font-family: helvetica, arial, sans-serif;\">24 heures<\/span><\/div>\n<\/td>\n<\/tr>\n<\/tbody>\n<\/table>\n<\/div>\n<\/div>\n<div class=\"J_module\">\n<div class=\"detail-decorate-json-renderer-container\">\n<div class=\"magic-3\">\n<div class=\"magic-4\">\n<div class=\"magic-5\">\n<div class=\"magic-6\" style=\"text-align: left;\" data-spm-anchor-id=\"a2700.details.0.i53.22f824bdtzFEzh\"><\/div>\n<\/div>\n<\/div>\n<\/div>\n<\/div>\n<\/div>","protected":false},"excerpt":{"rendered":"<p>Nous pouvons contr\u00f4ler la profondeur de la p\u00e9n\u00e9tration de quelques microm\u00e8tres de profondeur (seulement aussi profonde que quelques feuilles de papier) \u00e0 beaucoup plus profonde avec de minuscules canaux thermiques.<\/p>\n<p>Totalement s\u00fbr, et test\u00e9 par des centaines de femmes dans le monde; la longueur d'onde id\u00e9ale est absorb\u00e9e par le micron de la muqueuse, pour \u00e9viter tout dommage thermique par les tissus ou organes profonds.<\/p>\n<p>Traitement indolore \u3001Les patients ne peuvent que se sentir chaud \/ chaud \u00e0 l'int\u00e9rieur, ne peuvent pas ressentir de douleur<\/p>","protected":false},"featured_media":221,"comment_status":"open","ping_status":"closed","template":"","meta":[],"product_cat":[23],"product_tag":[],"class_list":["post-213","product","type-product","status-publish","has-post-thumbnail","hentry","product_cat-picosecond-laser"],"_links":{"self":[{"href":"https:\/\/www.mlkjlasers.com\/fr\/wp-json\/wp\/v2\/product\/213","targetHints":{"allow":["GET"]}}],"collection":[{"href":"https:\/\/www.mlkjlasers.com\/fr\/wp-json\/wp\/v2\/product"}],"about":[{"href":"https:\/\/www.mlkjlasers.com\/fr\/wp-json\/wp\/v2\/types\/product"}],"replies":[{"embeddable":true,"href":"https:\/\/www.mlkjlasers.com\/fr\/wp-json\/wp\/v2\/comments?post=213"}],"wp:featuredmedia":[{"embeddable":true,"href":"https:\/\/www.mlkjlasers.com\/fr\/wp-json\/wp\/v2\/media\/221"}],"wp:attachment":[{"href":"https:\/\/www.mlkjlasers.com\/fr\/wp-json\/wp\/v2\/media?parent=213"}],"wp:term":[{"taxonomy":"product_cat","embeddable":true,"href":"https:\/\/www.mlkjlasers.com\/fr\/wp-json\/wp\/v2\/product_cat?post=213"},{"taxonomy":"product_tag","embeddable":true,"href":"https:\/\/www.mlkjlasers.com\/fr\/wp-json\/wp\/v2\/product_tag?post=213"}],"curies":[{"name":"wp","href":"https:\/\/api.w.org\/{rel}","templated":true}]}}