{"id":2163,"date":"2023-08-01T09:19:35","date_gmt":"2023-08-01T01:19:35","guid":{"rendered":"https:\/\/mlkjlasers.com\/?post_type=product&#038;p=2163"},"modified":"2026-01-23T13:54:51","modified_gmt":"2026-01-23T05:54:51","slug":"q-switched-nd-yag-laser-tattoo-removal-machine","status":"publish","type":"product","link":"https:\/\/www.mlkjlasers.com\/fr\/product\/q-switched-nd-yag-laser-tattoo-removal-machine\/","title":{"rendered":"Machine d'enl\u00e8vement de tatouage laser Nd Yag Q-commut\u00e9e Picosecond"},"content":{"rendered":"<div class=\"J_module\">\n<div class=\"icbu-pc-images magic-0\">\n<div class=\"flex-layout-v\">\n<div class=\"flex-layout-h magic-0\">\n<div class=\"magic-1\"><\/div>\n<div class=\"magic-1\"><span style=\"color: #000000; font-family: helvetica, arial, sans-serif; font-size: 14pt;\"><img fetchpriority=\"high\" decoding=\"async\" class=\"magic-2 aligncenter\" src=\"https:\/\/sc04.alicdn.com\/kf\/H153b63e9a4d1430ea58d382a21a00b81i\/201077653\/H153b63e9a4d1430ea58d382a21a00b81i.jpg\" width=\"1594\" height=\"706\" data-src=\"\/\/sc04.alicdn.com\/kf\/H153b63e9a4d1430ea58d382a21a00b81i\/201077653\/H153b63e9a4d1430ea58d382a21a00b81i.jpg\" \/><\/span><\/div>\n<\/div>\n<\/div>\n<\/div>\n<\/div>\n<div class=\"J_module\">\n<div class=\"detail-decorate-json-renderer-container\">\n<div class=\"magic-3\">\n<div class=\"magic-4\">\n<div class=\"magic-5\">\n<div class=\"magic-6\">\n<div><\/div>\n<\/div>\n<div><span style=\"color: #000000; font-family: helvetica, arial, sans-serif; font-size: 14pt;\">Vous \u00eates un salon de beaut\u00e9 ? Distributeur ? Ou une soci\u00e9t\u00e9 commerciale ?<\/span><\/div>\n<div class=\"magic-6\">\n<div class=\"magic-7\"><\/div>\n<div class=\"magic-7\"><span style=\"color: #000000; font-family: helvetica, arial, sans-serif; font-size: 14pt;\"><b><span class=\"magic-9\">Avez-vous besoin d'OEM ou ODM pour les produits?<\/span><\/b><\/span><\/div>\n<div class=\"magic-7\"><span style=\"color: #000000; font-family: helvetica, arial, sans-serif; font-size: 14pt;\">Notre usine fournit OEM &amp; amp; Services ODM.<\/span><\/div>\n<div class=\"magic-7\"><span style=\"color: #000000; font-family: helvetica, arial, sans-serif; font-size: 14pt;\"><b><span class=\"magic-9\">S'il vous pla\u00eet nous envoyer une enqu\u00eate pour conna\u00eetre les derniers prix, 24h en ligne!<\/span><\/b><\/span><\/div>\n<\/div>\n<\/div>\n<\/div>\n<\/div>\n<\/div>\n<\/div>\n<div class=\"magic-10\" data-section=\"AliMagic-vqm1z1\" data-section-title=\"Product Information\"><\/div>\n<div data-section=\"AliMagic-vqm1z1\" data-section-title=\"Product Information\"><\/div>\n<div class=\"J_module\">\n<div class=\"icbu-pc-images magic-0\">\n<div>\n<div class=\"flex-layout-v\">\n<div class=\"flex-layout-h magic-0\">\n<div class=\"magic-11\"><span style=\"color: #000000; font-family: helvetica, arial, sans-serif; font-size: 14pt;\"><img decoding=\"async\" class=\"magic-12 aligncenter\" src=\"https:\/\/sc04.alicdn.com\/kf\/Hfdde0b4367c841ba8c4c189758bf5509a\/201077653\/Hfdde0b4367c841ba8c4c189758bf5509a.jpg\" alt=\"\" width=\"1566\" height=\"921\" data-src=\"\/\/sc04.alicdn.com\/kf\/Hfdde0b4367c841ba8c4c189758bf5509a\/201077653\/Hfdde0b4367c841ba8c4c189758bf5509a.jpg\" \/><\/span><\/div>\n<\/div>\n<\/div>\n<\/div>\n<\/div>\n<\/div>\n<div class=\"J_module\">\n<div class=\"icbu-pc-images magic-0\">\n<div>\n<div class=\"flex-layout-v\">\n<div class=\"flex-layout-h magic-0\">\n<div class=\"magic-13\"><span style=\"color: #000000; font-family: helvetica, arial, sans-serif; font-size: 14pt;\"><img decoding=\"async\" class=\"magic-14 aligncenter\" src=\"https:\/\/sc04.alicdn.com\/kf\/H56eb6dd3d00e400ea57ef01a283882f3U\/201077653\/H56eb6dd3d00e400ea57ef01a283882f3U.jpg\" width=\"1584\" height=\"1234\" data-src=\"\/\/sc04.alicdn.com\/kf\/H56eb6dd3d00e400ea57ef01a283882f3U\/201077653\/H56eb6dd3d00e400ea57ef01a283882f3U.jpg\" \/><\/span><\/div>\n<\/div>\n<\/div>\n<\/div>\n<\/div>\n<\/div>\n<div class=\"J_module\">\n<div class=\"detail-decorate-json-renderer-container\">\n<div class=\"magic-3\">\n<div class=\"magic-4\">\n<div class=\"magic-5\">\n<div class=\"magic-6\">\n<p><span class=\"magic-15\" style=\"color: #000000; font-family: helvetica, arial, sans-serif; font-size: 14pt;\"><span class=\"magic-8\"><b class=\"magic-16\"><span class=\"magic-16\">Qualit\u00e9 artisanale, Refl\u00e8te les d\u00e9tails extr\u00eames <\/span><\/b><\/span><\/span><\/p>\n<div><span class=\"magic-8\" style=\"color: #000000; font-family: helvetica, arial, sans-serif; font-size: 14pt;\"><b>Conception rationnelle <\/b><\/span><\/div>\n<div><span class=\"magic-8\" style=\"color: #000000; font-family: helvetica, arial, sans-serif; font-size: 14pt;\">1. Le produit a une apparence nouvelle et est principalement vendu comme un mod\u00e8le chaud <\/span><\/div>\n<div><span class=\"magic-8\" style=\"color: #000000; font-family: helvetica, arial, sans-serif; font-size: 14pt;\">2. Support de poign\u00e9e r\u00e9glable, fort et durable <\/span><\/div>\n<div><span class=\"magic-8\" style=\"color: #000000; font-family: helvetica, arial, sans-serif; font-size: 14pt;\">3. poign\u00e9e antid\u00e9rapante, conception ergonomique <\/span><\/div>\n<div><span class=\"magic-8\" style=\"color: #000000; font-family: helvetica, arial, sans-serif; font-size: 14pt;\">4. tube de connexion de traitement \u00e9tendu<\/span><\/div>\n<\/div>\n<\/div>\n<\/div>\n<div><\/div>\n<\/div>\n<\/div>\n<\/div>\n<div class=\"J_module\">\n<div class=\"icbu-pc-images magic-0\">\n<div>\n<div class=\"flex-layout-v\">\n<div class=\"flex-layout-h magic-0\">\n<div class=\"magic-17\"><\/div>\n<div class=\"magic-17\"><span style=\"color: #000000; font-family: helvetica, arial, sans-serif; font-size: 14pt;\"><img loading=\"lazy\" decoding=\"async\" class=\"magic-18 aligncenter\" src=\"https:\/\/sc04.alicdn.com\/kf\/Hfbb2f24ff848486c9c9d30d522d4208ab\/201077653\/Hfbb2f24ff848486c9c9d30d522d4208ab.jpg\" width=\"1539\" height=\"1539\" data-src=\"\/\/sc04.alicdn.com\/kf\/Hfbb2f24ff848486c9c9d30d522d4208ab\/201077653\/Hfbb2f24ff848486c9c9d30d522d4208ab.jpg\" \/><\/span><\/div>\n<div class=\"magic-19\"><\/div>\n<\/div>\n<\/div>\n<\/div>\n<\/div>\n<\/div>\n<div class=\"J_module\">\n<div class=\"detail-decorate-json-renderer-container\">\n<div class=\"magic-3\">\n<div class=\"magic-4\">\n<div class=\"magic-5\">\n<div><\/div>\n<div class=\"magic-6\"><span style=\"font-size: 14pt;\"><span class=\"magic-8\" style=\"color: #000000; font-family: helvetica, arial, sans-serif;\"><b class=\"magic-20\"><span class=\"magic-16\">Taille la plus petite<\/span> <\/b><br \/>\n<\/span><span style=\"font-family: helvetica, arial, sans-serif;\">Taille la plus petite 1. Adopter les composants de base de l'\u00e9quipement m\u00e9dical. La taille de la machine est plus petite. <\/span><span style=\"font-family: helvetica, arial, sans-serif;\">2. Frais transfrontaliers inf\u00e9rieurs aux machines ordinaires. <\/span><span style=\"font-family: helvetica, arial, sans-serif;\">3. La poign\u00e9e est plus petite et plus pratique \u00e0 utiliser<\/span><\/span><\/p>\n<div>\n<div><\/div>\n<\/div>\n<\/div>\n<\/div>\n<\/div>\n<\/div>\n<\/div>\n<\/div>\n<div class=\"J_module\">\n<div class=\"icbu-pc-images magic-0\">\n<div>\n<div class=\"flex-layout-v\">\n<div class=\"flex-layout-h magic-0\">\n<div class=\"magic-21\"><span style=\"color: #000000; font-family: helvetica, arial, sans-serif; font-size: 14pt;\"><img loading=\"lazy\" decoding=\"async\" class=\"magic-22 aligncenter\" src=\"https:\/\/sc04.alicdn.com\/kf\/Hac1ea86853e74444ac97c981943bc883R\/201077653\/Hac1ea86853e74444ac97c981943bc883R.png\" width=\"1559\" height=\"1559\" data-src=\"\/\/sc04.alicdn.com\/kf\/Hac1ea86853e74444ac97c981943bc883R\/201077653\/Hac1ea86853e74444ac97c981943bc883R.png\" \/><\/span><\/div>\n<\/div>\n<\/div>\n<\/div>\n<\/div>\n<\/div>\n<div class=\"J_module\">\n<div id=\"ali-anchor-AliMagic-mrz24u\" class=\"magic-10\" data-section=\"AliMagic-mrz24u\" data-section-title=\"About Handle\"><\/div>\n<\/div>\n<div class=\"J_module\">\n<div class=\"icbu-pc-images magic-0\">\n<div>\n<div class=\"flex-layout-v\">\n<div class=\"flex-layout-h magic-0\">\n<div class=\"magic-21\"><span style=\"color: #000000; font-family: helvetica, arial, sans-serif; font-size: 14pt;\"><img loading=\"lazy\" decoding=\"async\" class=\"magic-22 aligncenter\" src=\"https:\/\/sc04.alicdn.com\/kf\/Hae0e2ad7c5114325b8e680d60a90906ej\/201077653\/Hae0e2ad7c5114325b8e680d60a90906ej.jpg\" width=\"1561\" height=\"1561\" data-src=\"\/\/sc04.alicdn.com\/kf\/Hae0e2ad7c5114325b8e680d60a90906ej\/201077653\/Hae0e2ad7c5114325b8e680d60a90906ej.jpg\" \/><\/span><\/div>\n<\/div>\n<\/div>\n<\/div>\n<\/div>\n<\/div>\n<div class=\"J_module\">\n<div class=\"detail-decorate-json-renderer-container\">\n<div class=\"magic-3\">\n<div class=\"magic-4\">\n<div class=\"magic-5\">\n<div class=\"magic-6\">\n<div>\n<p><span style=\"font-family: helvetica, arial, sans-serif; font-size: 14pt;\">5 t\u00eates de traitement, conception de fil ext\u00e9rieur amovible et rotatif <\/span><\/p>\n<p><span style=\"font-family: helvetica, arial, sans-serif; font-size: 14pt;\">1. 532 : Retirez les tatouages color\u00e9s. <\/span><\/p>\n<p><span style=\"font-family: helvetica, arial, sans-serif; font-size: 14pt;\">2. 755 t\u00eate de nid d'abeille: utilis\u00e9e pour enlever les taches d'\u00e2ge, les freches et le chloasma. peu de dommages \u00e0 la peau <\/span><\/p>\n<p><span style=\"font-family: helvetica, arial, sans-serif; font-size: 14pt;\">3. Param\u00e8tre r\u00e9glable 1064: pour l'enl\u00e8vement du tatouage, nettoyage des sourcils <\/span><\/p>\n<p><span style=\"font-family: helvetica, arial, sans-serif; font-size: 14pt;\">4. Param\u00e8tre non r\u00e9glable 1064: utilis\u00e9 pour enlever les tatouages et nettoyer les sourcils <\/span><\/p>\n<p><span style=\"font-family: helvetica, arial, sans-serif; font-size: 14pt;\">5. 1320 : traitement de grande zone, grand point, vitesse de traitement rapide et bon effet<\/span><\/p>\n<div><\/div>\n<\/div>\n<\/div>\n<\/div>\n<\/div>\n<\/div>\n<\/div>\n<\/div>\n<div class=\"J_module\">\n<div class=\"icbu-pc-images magic-0\">\n<div>\n<div class=\"flex-layout-v\">\n<div class=\"flex-layout-h magic-0\">\n<div class=\"magic-23\"><span style=\"color: #000000; font-family: helvetica, arial, sans-serif; font-size: 14pt;\"><img loading=\"lazy\" decoding=\"async\" class=\"magic-24 aligncenter\" src=\"https:\/\/sc04.alicdn.com\/kf\/Hec55127115274ca6aaacae52ebf9154fz\/201077653\/Hec55127115274ca6aaacae52ebf9154fz.jpg\" width=\"1587\" height=\"560\" data-src=\"\/\/sc04.alicdn.com\/kf\/Hec55127115274ca6aaacae52ebf9154fz\/201077653\/Hec55127115274ca6aaacae52ebf9154fz.jpg\" \/><\/span><\/div>\n<\/div>\n<\/div>\n<\/div>\n<\/div>\n<\/div>\n<div class=\"J_module\">\n<div class=\"detail-decorate-json-renderer-container\">\n<div class=\"magic-3\">\n<div class=\"magic-4\">\n<div class=\"magic-5\">\n<div class=\"magic-6\">\n<p>&nbsp;<\/p>\n<p><span class=\"magic-8\" style=\"color: #000000; font-family: helvetica, arial, sans-serif; font-size: 14pt;\"><b>L'\u00e9nergie maximale, le meilleur effet <\/b><\/span><\/p>\n<div><span class=\"magic-8\" style=\"color: #000000; font-family: helvetica, arial, sans-serif; font-size: 14pt;\">1. Les donn\u00e9es de laboratoire montrent que la tige laser atteint 2000mj. <\/span><\/div>\n<div><span class=\"magic-8\" style=\"color: #000000; font-family: helvetica, arial, sans-serif; font-size: 14pt;\">2. Calcul pr\u00e9cis de la valeur laser <\/span><\/div>\n<div><span class=\"magic-8\" style=\"color: #000000; font-family: helvetica, arial, sans-serif; font-size: 14pt;\">3. La distance de ciblage de la lumi\u00e8re d'indicateur est de 6-10cm<\/span><\/div>\n<div><\/div>\n<\/div>\n<\/div>\n<\/div>\n<\/div>\n<\/div>\n<\/div>\n<div class=\"J_module\">\n<div class=\"icbu-pc-images magic-0\">\n<div>\n<div class=\"flex-layout-v\">\n<div class=\"flex-layout-h magic-0\">\n<div class=\"magic-11\"><span style=\"color: #000000; font-family: helvetica, arial, sans-serif; font-size: 14pt;\"><img loading=\"lazy\" decoding=\"async\" class=\"magic-12 aligncenter\" src=\"https:\/\/sc04.alicdn.com\/kf\/H2d1d4dbf954d4b40a3c6d6d3765d48c83\/201077653\/H2d1d4dbf954d4b40a3c6d6d3765d48c83.jpg\" width=\"1557\" height=\"916\" data-src=\"\/\/sc04.alicdn.com\/kf\/H2d1d4dbf954d4b40a3c6d6d3765d48c83\/201077653\/H2d1d4dbf954d4b40a3c6d6d3765d48c83.jpg\" \/><\/span><\/div>\n<div><span style=\"color: #000000; font-family: helvetica, arial, sans-serif; font-size: 14pt;\">M\u00e9canisme de cassette Q-commutateur en pierre import\u00e9, tout le laser solide, sans remplacer Q-commutateur.<\/span><\/div>\n<\/div>\n<\/div>\n<\/div>\n<\/div>\n<\/div>\n<div class=\"J_module\">\n<div class=\"detail-decorate-json-renderer-container\">\n<div class=\"magic-3\">\n<div class=\"magic-4\">\n<div class=\"magic-5\">\n<div class=\"magic-6\">\n<div><span class=\"magic-8\" style=\"color: #000000; font-family: helvetica, arial, sans-serif; font-size: 14pt;\"><b>Retirement du tatouage. Enlevez les pigments de tatouage noirs, bleus, bruns et rouges sur les sourcils, la ligne des yeux, la ligne des l\u00e8vres et d'autres parties du corps Enlevez la marque de naissance, le n\u00e9vus otasien et la tache dermique.<\/b> Une solution \u00e0 l'avari\u00e9t\u00e9 des probl\u00e8mes de peau.<\/span><\/div>\n<div><\/div>\n<\/div>\n<\/div>\n<\/div>\n<\/div>\n<\/div>\n<\/div>\n<div class=\"J_module\">\n<div class=\"icbu-pc-images magic-0\">\n<div>\n<div class=\"flex-layout-v\">\n<div class=\"flex-layout-h magic-0\">\n<div class=\"magic-25\"><span style=\"color: #000000; font-family: helvetica, arial, sans-serif; font-size: 14pt;\"><img loading=\"lazy\" decoding=\"async\" class=\"magic-26 aligncenter\" src=\"https:\/\/sc04.alicdn.com\/kf\/HTB19sJsXIfrK1RjSszcq6xGGFXaR\/201077653\/HTB19sJsXIfrK1RjSszcq6xGGFXaR.jpg\" width=\"1557\" height=\"809\" data-src=\"\/\/sc04.alicdn.com\/kf\/HTB19sJsXIfrK1RjSszcq6xGGFXaR\/201077653\/HTB19sJsXIfrK1RjSszcq6xGGFXaR.jpg\" \/><\/span><\/div>\n<\/div>\n<\/div>\n<\/div>\n<\/div>\n<\/div>\n<div class=\"J_module\">\n<div id=\"ali-anchor-AliMagic-iv9uij\" class=\"magic-10\" data-section=\"AliMagic-iv9uij\" data-section-title=\"Screen Display\"><\/div>\n<\/div>\n<div class=\"J_module\">\n<div class=\"icbu-pc-images magic-0\">\n<div>\n<div class=\"flex-layout-v\">\n<div class=\"flex-layout-h magic-0\">\n<div class=\"magic-34\"><span style=\"color: #000000; font-family: helvetica, arial, sans-serif; font-size: 14pt;\"><img loading=\"lazy\" decoding=\"async\" class=\"magic-35 aligncenter\" src=\"https:\/\/sc04.alicdn.com\/kf\/Hbc837a1d73274b2cba11b04c00e271abd\/201077653\/Hbc837a1d73274b2cba11b04c00e271abd.jpg\" width=\"1589\" height=\"1207\" data-src=\"\/\/sc04.alicdn.com\/kf\/Hbc837a1d73274b2cba11b04c00e271abd\/201077653\/Hbc837a1d73274b2cba11b04c00e271abd.jpg\" data-spm-anchor-id=\"a2700.wholesale.0.i55.5f0f3c62M7tBsi\" \/><\/span><\/div>\n<\/div>\n<\/div>\n<\/div>\n<\/div>\n<\/div>\n<div class=\"J_module\">\n<div class=\"detail-decorate-json-renderer-container\">\n<div class=\"magic-3\">\n<div class=\"magic-4\">\n<div class=\"magic-5\">\n<div class=\"magic-6\" data-spm-anchor-id=\"a2700.wholesale.0.i54.5f0f3c62M7tBsi\"><span class=\"magic-8\" style=\"color: #000000; font-family: helvetica, arial, sans-serif; font-size: 14pt;\">&#8211; 10 pouces grand \u00e9cran tactile couleur vraie<br \/>\n&#8211; Imprimer n'importe quelle couleur. Imprimer votre<b> le logo<\/b> sur la machine.<br \/>\n&#8211; Ajouter n'importe quel <b>langue<\/b> dans le syst\u00e8me de machine.<br \/>\n&#8211; Design exclusif <b>coquille de machine <\/b>pour vous, former votre propre marque sur le march\u00e9.<br \/>\n&#8211; Conception nouvelle <b>interface et syst\u00e8me<\/b> de machine, le rendre le plus pratique pour vous et vos clients.<\/span><\/div>\n<\/div>\n<\/div>\n<\/div>\n<\/div>\n<\/div>\n<div data-spm-anchor-id=\"a2700.wholesale.0.i54.5f0f3c62M7tBsi\"><\/div>\n<div data-spm-anchor-id=\"a2700.wholesale.0.i54.5f0f3c62M7tBsi\"><\/div>\n<div data-spm-anchor-id=\"a2700.wholesale.0.i54.5f0f3c62M7tBsi\"><span style=\"font-size: 14pt;\"><em><strong><span style=\"font-family: helvetica, arial, sans-serif;\"><span class=\"src\" data-group=\"0-0\">18 ans de fabrication professionnelle de beaut\u00e9 euqipment dans diverses fonctions.<\/span><span class=\"src\" data-group=\"0-1\"> Service de formation individuelle. Contactez-nous maintenant !<\/span><\/span><\/strong><\/em><\/span><\/div>\n<div data-spm-anchor-id=\"a2700.wholesale.0.i54.5f0f3c62M7tBsi\"><\/div>\n<div data-spm-anchor-id=\"a2700.wholesale.0.i54.5f0f3c62M7tBsi\"><\/div>","protected":false},"excerpt":{"rendered":"<p><span style=\"font-family: helvetica, arial, sans-serif;\">* Le laser picosecond portable le plus r\u00e9cent, en plus des t\u00eates laser normales, ajoute \u00e9galement des t\u00eates laser picosecond de 755nm, qui peuvent obtenir une couche plus profonde de la peau et faire un tr\u00e8s bon effet pour toutes sortes de freckles: tels que le chloasma, le pigment d'\u00e2ge, etc.<\/span><\/p>\n<p><span style=\"font-family: helvetica, arial, sans-serif;\">* 1064nm, t\u00eate 532nm peut faire l'enl\u00e8vement du tatouage, l'enl\u00e8vement des lignes oculaires, etc.<\/span><\/p>\n<p><span style=\"font-family: helvetica, arial, sans-serif;\">* 1320nm peut faire blanchiment de la peau de poup\u00e9e noire.<\/span><\/p>\n<p><span style=\"font-family: helvetica, arial, sans-serif;\">* Aucune blessure \u00e0 la peau et au follicule pileux; aucun risque de cicatrisation. Traitement indolore, peu d'effet secondaire.<\/span><\/p>\n<p><span style=\"font-family: helvetica, arial, sans-serif;\">*<span class=\"src\" data-group=\"0-0\">15 ans de fabrication professionnelle de beaut\u00e9 euqipment dans diverses fonctions.<\/span><span class=\"src\" data-group=\"0-1\"> Service de formation individuelle.<\/span><\/span><\/p>","protected":false},"featured_media":2185,"comment_status":"open","ping_status":"closed","template":"","meta":[],"product_cat":[24],"product_tag":[],"class_list":["post-2163","product","type-product","status-publish","has-post-thumbnail","hentry","product_cat-nd-yag-laser"],"_links":{"self":[{"href":"https:\/\/www.mlkjlasers.com\/fr\/wp-json\/wp\/v2\/product\/2163","targetHints":{"allow":["GET"]}}],"collection":[{"href":"https:\/\/www.mlkjlasers.com\/fr\/wp-json\/wp\/v2\/product"}],"about":[{"href":"https:\/\/www.mlkjlasers.com\/fr\/wp-json\/wp\/v2\/types\/product"}],"replies":[{"embeddable":true,"href":"https:\/\/www.mlkjlasers.com\/fr\/wp-json\/wp\/v2\/comments?post=2163"}],"wp:featuredmedia":[{"embeddable":true,"href":"https:\/\/www.mlkjlasers.com\/fr\/wp-json\/wp\/v2\/media\/2185"}],"wp:attachment":[{"href":"https:\/\/www.mlkjlasers.com\/fr\/wp-json\/wp\/v2\/media?parent=2163"}],"wp:term":[{"taxonomy":"product_cat","embeddable":true,"href":"https:\/\/www.mlkjlasers.com\/fr\/wp-json\/wp\/v2\/product_cat?post=2163"},{"taxonomy":"product_tag","embeddable":true,"href":"https:\/\/www.mlkjlasers.com\/fr\/wp-json\/wp\/v2\/product_tag?post=2163"}],"curies":[{"name":"wp","href":"https:\/\/api.w.org\/{rel}","templated":true}]}}