{"id":222,"date":"2023-05-29T16:11:20","date_gmt":"2023-05-29T08:11:20","guid":{"rendered":"https:\/\/mingliang.leadsclouds.com\/?post_type=product&#038;p=222"},"modified":"2026-01-28T10:38:26","modified_gmt":"2026-01-28T02:38:26","slug":"nd-yag-laser-tattoo-removal","status":"publish","type":"product","link":"https:\/\/www.mlkjlasers.com\/fr\/product\/nd-yag-laser-tattoo-removal\/","title":{"rendered":"ND YAG Laser Tattoo Removal Q a commut\u00e9 la machine d'enl\u00e8vement du tatouage de l'\u00e9quipement de beaut\u00e9 laser de rajeunissement de la peau"},"content":{"rendered":"<table style=\"border-collapse: collapse; width: 100%; height: 120px;\">\n<tbody>\n<tr style=\"height: 24px;\">\n<td style=\"width: 50%; height: 24px;\"><span style=\"font-family: helvetica, arial, sans-serif; color: #000000; font-size: 14pt;\"><b>ND YAG Machine d'enl\u00e8vement de tatouage laser<\/b><\/span><\/td>\n<td style=\"width: 50%; height: 24px;\"><span style=\"font-family: helvetica, arial, sans-serif; color: #000000; font-size: 14pt;\">Num\u00e9ro de mod\u00e8le:LA<\/span><\/td>\n<\/tr>\n<tr style=\"height: 24px;\">\n<td style=\"width: 50%; height: 24px;\"><span style=\"font-family: helvetica, arial, sans-serif; color: #000000; font-size: 14pt;\">Longueur d'onde (lumi\u00e8re): 532nm et 1064nm<\/span><\/td>\n<td style=\"width: 50%; height: 24px;\"><span style=\"font-family: helvetica, arial, sans-serif; color: #000000; font-size: 14pt;\">Tirs : 1 500 000<\/span><\/td>\n<\/tr>\n<tr style=\"height: 24px;\">\n<td style=\"width: 50%; height: 24px;\"><span style=\"font-family: helvetica, arial, sans-serif; color: #000000; font-size: 14pt;\">Fonction: enl\u00e8vement du tatouage, blanchiment de la peau, rajeunissement de la peau<\/span><\/td>\n<td style=\"width: 50%; height: 24px;\"><span style=\"font-family: helvetica, arial, sans-serif; color: #000000; font-size: 14pt;\">Taille de l'\u00e9cran: \u00e9cran tactile LCD 8.4<\/span><\/td>\n<\/tr>\n<tr style=\"height: 24px;\">\n<td style=\"width: 50%; height: 24px;\"><span style=\"font-family: helvetica, arial, sans-serif; color: #000000; font-size: 14pt;\">Spot de lumi\u00e8re: 1-7mm r\u00e9glable<\/span><\/td>\n<td style=\"width: 50%; height: 24px;\"><span style=\"font-family: helvetica, arial, sans-serif; color: #000000; font-size: 14pt;\">Fr\u00e9quence: 1-20Hz<\/span><\/td>\n<\/tr>\n<tr style=\"height: 24px;\">\n<td style=\"width: 50%; height: 24px;\"><span style=\"font-family: helvetica, arial, sans-serif; color: #000000; font-size: 14pt;\">Paquet: Bo\u00eete en aluminium<\/span><\/td>\n<td style=\"width: 50%; height: 24px;\"><span style=\"font-family: helvetica, arial, sans-serif; color: #000000; font-size: 14pt;\">Garantie: 2 ans<\/span><\/td>\n<\/tr>\n<\/tbody>\n<\/table>\n<div class=\"l right\"><\/div>\n<div class=\"des2\">\n<div class=\"des_box1\">\n<div class=\"des\">\n<p><span style=\"font-family: helvetica, arial, sans-serif; color: #000000; font-size: 14pt;\"><img fetchpriority=\"high\" decoding=\"async\" class=\"size-full wp-image-2826 alignnone\" src=\"https:\/\/mlkjlasers.com\/wp-content\/uploads\/2023\/05\/LA1-\u8be6\u60c5-1-1-scaled.jpg\" alt=\"\" width=\"2560\" height=\"1440\" srcset=\"https:\/\/www.mlkjlasers.com\/wp-content\/uploads\/2023\/05\/LA1-\u8be6\u60c5-1-1-scaled.jpg 2560w, https:\/\/www.mlkjlasers.com\/wp-content\/uploads\/2023\/05\/LA1-\u8be6\u60c5-1-1-300x169.jpg 300w, https:\/\/www.mlkjlasers.com\/wp-content\/uploads\/2023\/05\/LA1-\u8be6\u60c5-1-1-1024x576.jpg 1024w, https:\/\/www.mlkjlasers.com\/wp-content\/uploads\/2023\/05\/LA1-\u8be6\u60c5-1-1-768x432.jpg 768w, https:\/\/www.mlkjlasers.com\/wp-content\/uploads\/2023\/05\/LA1-\u8be6\u60c5-1-1-1536x864.jpg 1536w, https:\/\/www.mlkjlasers.com\/wp-content\/uploads\/2023\/05\/LA1-\u8be6\u60c5-1-1-2048x1152.jpg 2048w, https:\/\/www.mlkjlasers.com\/wp-content\/uploads\/2023\/05\/LA1-\u8be6\u60c5-1-1-600x337.jpg 600w\" sizes=\"(max-width: 2560px) 100vw, 2560px\" \/><\/span><\/p>\n<p><span style=\"font-family: helvetica, arial, sans-serif; color: #000000; font-size: 14pt;\">Ce produit utilise un laser \u00e0 haute \u00e9nergie pour p\u00e9n\u00e9trer la peau, d\u00e9composer les particules de pigment en minuscules particules, qui sont m\u00e9tabolis\u00e9es par le corps, afin d'obtenir l'effet de l'enl\u00e8vement du tatouage. Les tatouages de couleurs diff\u00e9rentes n\u00e9cessitent diff\u00e9rentes longueurs d'onde de lumi\u00e8re laser parce que diff\u00e9rents pigments de couleur absorbent la lumi\u00e8re laser \u00e0 diff\u00e9rentes longueurs d'onde. Par exemple, un tatouage noir peut utiliser un laser Nd: YAG de 1064 nm, tandis qu'un tatouage vert n\u00e9cessite un laser de 532 nm.<\/span><\/p>\n<p><span style=\"font-size: 14pt;\"><img decoding=\"async\" class=\"size-full wp-image-2827 aligncenter\" src=\"https:\/\/mlkjlasers.com\/wp-content\/uploads\/2023\/05\/LA1-\u8be6\u60c5-2-1-scaled.jpg\" alt=\"\" width=\"2560\" height=\"1440\" srcset=\"https:\/\/www.mlkjlasers.com\/wp-content\/uploads\/2023\/05\/LA1-\u8be6\u60c5-2-1-scaled.jpg 2560w, https:\/\/www.mlkjlasers.com\/wp-content\/uploads\/2023\/05\/LA1-\u8be6\u60c5-2-1-300x169.jpg 300w, https:\/\/www.mlkjlasers.com\/wp-content\/uploads\/2023\/05\/LA1-\u8be6\u60c5-2-1-1024x576.jpg 1024w, https:\/\/www.mlkjlasers.com\/wp-content\/uploads\/2023\/05\/LA1-\u8be6\u60c5-2-1-768x432.jpg 768w, https:\/\/www.mlkjlasers.com\/wp-content\/uploads\/2023\/05\/LA1-\u8be6\u60c5-2-1-1536x864.jpg 1536w, https:\/\/www.mlkjlasers.com\/wp-content\/uploads\/2023\/05\/LA1-\u8be6\u60c5-2-1-2048x1152.jpg 2048w, https:\/\/www.mlkjlasers.com\/wp-content\/uploads\/2023\/05\/LA1-\u8be6\u60c5-2-1-600x337.jpg 600w\" sizes=\"(max-width: 2560px) 100vw, 2560px\" \/><\/span><\/p>\n<p>&nbsp;<\/p>\n<p><span style=\"font-family: helvetica, arial, sans-serif; color: #000000; font-size: 14pt;\"><strong>1. Principalement utilisation:<\/strong><\/span><\/p>\n<p><span style=\"font-family: helvetica, arial, sans-serif; color: #000000; font-size: 14pt;\">1). ND YAG laser : tatouage \/ broderie oculaire \/ eyeline \/ suppression de freckles et blanchiment de la peau.<\/span><\/p>\n<p><span style=\"font-family: helvetica, arial, sans-serif; color: #000000; font-size: 14pt;\">2). Longueur d'onde 1064nm: se d\u00e9barrasser des freches et de la tache brune jaune, tatouage de sourcils, tatouage de ligne d'\u0153il \u00e9chou\u00e9, tatouage, marque de naissance et n\u00e9vus d'Ota, pigmentation et tache d'\u00e2ge, n\u00e9vus en noir et bleu, rouge escarlate, caf\u00e9 profond et etc. couleur profonde.<\/span><\/p>\n<p><span style=\"font-family: helvetica, arial, sans-serif; color: #000000; font-size: 14pt;\">3). Longueur d'onde 532nm: d\u00e9barrassez-vous des freches, du tatouage des sourcils, du tatouage de la ligne des yeux, du tatouage, de la ligne des l\u00e8vres, du pigment, de la telangiectasia en couleur rouge peu profonde, marron et rose et etc. \u00e9limination des pigments.<\/span><\/p>\n<p><span style=\"font-family: helvetica, arial, sans-serif; color: #000000; font-size: 14pt;\">4). 1320nm: Professionnel pour le rajeunissement de la peau et le nettoyage profond du visage, l'enl\u00e8vement de la t\u00eate noire, le resserrement et le blanchiment de la peau, le rajeunissement de la peau.<\/span><\/p>\n<\/div>\n<\/div>\n<\/div>\n<p>&nbsp;<\/p>\n<p><span style=\"font-size: 14pt;\"><img decoding=\"async\" class=\"size-full wp-image-2828 aligncenter\" src=\"https:\/\/mlkjlasers.com\/wp-content\/uploads\/2023\/05\/LA1-\u8be6\u60c5-3-1-scaled.jpg\" alt=\"\" width=\"2560\" height=\"1440\" srcset=\"https:\/\/www.mlkjlasers.com\/wp-content\/uploads\/2023\/05\/LA1-\u8be6\u60c5-3-1-scaled.jpg 2560w, https:\/\/www.mlkjlasers.com\/wp-content\/uploads\/2023\/05\/LA1-\u8be6\u60c5-3-1-300x169.jpg 300w, https:\/\/www.mlkjlasers.com\/wp-content\/uploads\/2023\/05\/LA1-\u8be6\u60c5-3-1-1024x576.jpg 1024w, https:\/\/www.mlkjlasers.com\/wp-content\/uploads\/2023\/05\/LA1-\u8be6\u60c5-3-1-768x432.jpg 768w, https:\/\/www.mlkjlasers.com\/wp-content\/uploads\/2023\/05\/LA1-\u8be6\u60c5-3-1-1536x864.jpg 1536w, https:\/\/www.mlkjlasers.com\/wp-content\/uploads\/2023\/05\/LA1-\u8be6\u60c5-3-1-2048x1152.jpg 2048w, https:\/\/www.mlkjlasers.com\/wp-content\/uploads\/2023\/05\/LA1-\u8be6\u60c5-3-1-600x337.jpg 600w\" sizes=\"(max-width: 2560px) 100vw, 2560px\" \/><\/span><\/p>\n<div class=\"des2\">\n<div class=\"des_box1\">\n<div class=\"des\">\n<p>&nbsp;<\/p>\n<p><span style=\"font-family: helvetica, arial, sans-serif; font-size: 14pt;\"><b><span class=\"magic-17\">2. \u00c0 propos de la poign\u00e9e: 5 t\u00eates de traitement, conception de fil ext\u00e9rieur amovible et rotatif <\/span><\/b><\/span><\/p>\n<p><span style=\"font-family: helvetica, arial, sans-serif; font-size: 14pt;\">1. 532 : Retirez les tatouages color\u00e9s. <\/span><\/p>\n<p><span style=\"font-family: helvetica, arial, sans-serif; font-size: 14pt;\">2. 755 t\u00eate de nid d'abeille: utilis\u00e9e pour enlever les taches d'\u00e2ge, les freches et le chloasma. peu de dommages \u00e0 la peau <\/span><\/p>\n<p><span style=\"font-family: helvetica, arial, sans-serif; font-size: 14pt;\">3. Param\u00e8tre r\u00e9glable 1064: pour l'enl\u00e8vement du tatouage, nettoyage des sourcils <\/span><\/p>\n<p><span style=\"font-family: helvetica, arial, sans-serif; font-size: 14pt;\">4. Param\u00e8tre non r\u00e9glable 1064: utilis\u00e9 pour enlever les tatouages et nettoyer les sourcils <\/span><\/p>\n<p><span style=\"font-family: helvetica, arial, sans-serif; font-size: 14pt;\">5. 1320 : traitement de grande zone, grand point, vitesse de traitement rapide et bon effet<\/span><\/p>\n<p><span style=\"font-size: 14pt;\"><img loading=\"lazy\" decoding=\"async\" class=\"size-full wp-image-2829 alignnone\" src=\"https:\/\/mlkjlasers.com\/wp-content\/uploads\/2023\/05\/LA1-\u8be6\u60c5-4-1-scaled.jpg\" alt=\"\" width=\"2560\" height=\"1440\" srcset=\"https:\/\/www.mlkjlasers.com\/wp-content\/uploads\/2023\/05\/LA1-\u8be6\u60c5-4-1-scaled.jpg 2560w, https:\/\/www.mlkjlasers.com\/wp-content\/uploads\/2023\/05\/LA1-\u8be6\u60c5-4-1-300x169.jpg 300w, https:\/\/www.mlkjlasers.com\/wp-content\/uploads\/2023\/05\/LA1-\u8be6\u60c5-4-1-1024x576.jpg 1024w, https:\/\/www.mlkjlasers.com\/wp-content\/uploads\/2023\/05\/LA1-\u8be6\u60c5-4-1-768x432.jpg 768w, https:\/\/www.mlkjlasers.com\/wp-content\/uploads\/2023\/05\/LA1-\u8be6\u60c5-4-1-1536x864.jpg 1536w, https:\/\/www.mlkjlasers.com\/wp-content\/uploads\/2023\/05\/LA1-\u8be6\u60c5-4-1-2048x1152.jpg 2048w, https:\/\/www.mlkjlasers.com\/wp-content\/uploads\/2023\/05\/LA1-\u8be6\u60c5-4-1-600x337.jpg 600w\" sizes=\"(max-width: 2560px) 100vw, 2560px\" \/><\/span><\/p>\n<div><span class=\"magic-17\" style=\"font-family: helvetica, arial, sans-serif; font-size: 14pt;\"><span class=\"magic-14\">M\u00e9canisme de cassette Q-commutateur en pierre import\u00e9, tout le laser solide, sans remplacer Q-commutateur.<br \/>\n<\/span><\/span><\/div>\n<div><span class=\"magic-17\" style=\"font-family: helvetica, arial, sans-serif; font-size: 14pt;\"><span class=\"magic-14\">\u00a0<\/span><\/span><\/div>\n<p><span class=\"magic-17\" style=\"font-family: helvetica, arial, sans-serif; font-size: 14pt;\"><span class=\"magic-14\"><b data-spm-anchor-id=\"a2700.wholesale.0.i87.10456c16QWoCVL\">Retirement du tatouage. Enlevez les pigments de tatouage noirs, bleus, bruns et rouges sur les sourcils, la ligne des yeux, la ligne des l\u00e8vres et d'autres parties du corps Enlevez la marque de naissance, le n\u00e9vus otasien et la tache dermique.<\/b><br \/>\n<\/span><\/span><\/p>\n<div><span class=\"magic-17\" style=\"font-family: helvetica, arial, sans-serif; font-size: 14pt;\"><span class=\"magic-14\"><b>\u00a0<\/b><\/span><\/span><\/div>\n<div data-spm-anchor-id=\"a2700.wholesale.0.i86.10456c16QWoCVL\"><span class=\"magic-17\" style=\"font-family: helvetica, arial, sans-serif; font-size: 14pt;\"><span class=\"magic-14\">Une solution \u00e0 l'avari\u00e9t\u00e9 des probl\u00e8mes de peau.<\/span><\/span><\/div>\n<div class=\"des_detail\">\n<div class=\"img_b\">\n<p><span style=\"font-family: helvetica, arial, sans-serif; color: #000000; font-size: 14pt;\"><img loading=\"lazy\" decoding=\"async\" class=\"alignnone size-full wp-image-2830\" src=\"https:\/\/mlkjlasers.com\/wp-content\/uploads\/2023\/05\/LA1-\u8be6\u60c5-5-1-scaled.jpg\" alt=\"\" width=\"2560\" height=\"1440\" srcset=\"https:\/\/www.mlkjlasers.com\/wp-content\/uploads\/2023\/05\/LA1-\u8be6\u60c5-5-1-scaled.jpg 2560w, https:\/\/www.mlkjlasers.com\/wp-content\/uploads\/2023\/05\/LA1-\u8be6\u60c5-5-1-300x169.jpg 300w, https:\/\/www.mlkjlasers.com\/wp-content\/uploads\/2023\/05\/LA1-\u8be6\u60c5-5-1-1024x576.jpg 1024w, https:\/\/www.mlkjlasers.com\/wp-content\/uploads\/2023\/05\/LA1-\u8be6\u60c5-5-1-768x432.jpg 768w, https:\/\/www.mlkjlasers.com\/wp-content\/uploads\/2023\/05\/LA1-\u8be6\u60c5-5-1-1536x864.jpg 1536w, https:\/\/www.mlkjlasers.com\/wp-content\/uploads\/2023\/05\/LA1-\u8be6\u60c5-5-1-2048x1152.jpg 2048w, https:\/\/www.mlkjlasers.com\/wp-content\/uploads\/2023\/05\/LA1-\u8be6\u60c5-5-1-600x337.jpg 600w\" sizes=\"(max-width: 2560px) 100vw, 2560px\" \/><\/span><\/p>\n<p><span style=\"font-size: 14pt;\"><img loading=\"lazy\" decoding=\"async\" class=\"alignnone size-full wp-image-2831\" src=\"https:\/\/mlkjlasers.com\/wp-content\/uploads\/2023\/05\/LA1-\u8be6\u60c5-6-1-scaled.jpg\" alt=\"\" width=\"2560\" height=\"1440\" srcset=\"https:\/\/www.mlkjlasers.com\/wp-content\/uploads\/2023\/05\/LA1-\u8be6\u60c5-6-1-scaled.jpg 2560w, https:\/\/www.mlkjlasers.com\/wp-content\/uploads\/2023\/05\/LA1-\u8be6\u60c5-6-1-300x169.jpg 300w, https:\/\/www.mlkjlasers.com\/wp-content\/uploads\/2023\/05\/LA1-\u8be6\u60c5-6-1-1024x576.jpg 1024w, https:\/\/www.mlkjlasers.com\/wp-content\/uploads\/2023\/05\/LA1-\u8be6\u60c5-6-1-768x432.jpg 768w, https:\/\/www.mlkjlasers.com\/wp-content\/uploads\/2023\/05\/LA1-\u8be6\u60c5-6-1-1536x864.jpg 1536w, https:\/\/www.mlkjlasers.com\/wp-content\/uploads\/2023\/05\/LA1-\u8be6\u60c5-6-1-2048x1152.jpg 2048w, https:\/\/www.mlkjlasers.com\/wp-content\/uploads\/2023\/05\/LA1-\u8be6\u60c5-6-1-600x337.jpg 600w\" sizes=\"(max-width: 2560px) 100vw, 2560px\" \/><\/span><\/p>\n<p><span style=\"font-family: helvetica, arial, sans-serif; color: #000000; font-size: 14pt;\"><strong>3. \u00c9cran de l'interface:<\/strong><\/span><\/p>\n<div class=\"des_detail\">\n<p style=\"text-align: left;\"><span style=\"font-family: helvetica, arial, sans-serif; color: #000000; font-size: 14pt;\">\u00bb\u00bb\u00c9cran professionnel, facile \u00e0 utiliser \u00bb\u00bbAnglais et toute langue \u00bb\u00bbOEM est avialalbe \u00bb\u00bbLogo personnalisable gratuit<\/span><\/p>\n<p>&nbsp;<\/p>\n<\/div>\n<p><span style=\"font-size: 14pt;\"><img loading=\"lazy\" decoding=\"async\" class=\"size-full wp-image-2832 aligncenter\" src=\"https:\/\/mlkjlasers.com\/wp-content\/uploads\/2023\/05\/LA1-\u8be6\u60c5-7-1-scaled.jpg\" alt=\"\" width=\"2560\" height=\"1440\" srcset=\"https:\/\/www.mlkjlasers.com\/wp-content\/uploads\/2023\/05\/LA1-\u8be6\u60c5-7-1-scaled.jpg 2560w, https:\/\/www.mlkjlasers.com\/wp-content\/uploads\/2023\/05\/LA1-\u8be6\u60c5-7-1-300x169.jpg 300w, https:\/\/www.mlkjlasers.com\/wp-content\/uploads\/2023\/05\/LA1-\u8be6\u60c5-7-1-1024x576.jpg 1024w, https:\/\/www.mlkjlasers.com\/wp-content\/uploads\/2023\/05\/LA1-\u8be6\u60c5-7-1-768x432.jpg 768w, https:\/\/www.mlkjlasers.com\/wp-content\/uploads\/2023\/05\/LA1-\u8be6\u60c5-7-1-1536x864.jpg 1536w, https:\/\/www.mlkjlasers.com\/wp-content\/uploads\/2023\/05\/LA1-\u8be6\u60c5-7-1-2048x1152.jpg 2048w, https:\/\/www.mlkjlasers.com\/wp-content\/uploads\/2023\/05\/LA1-\u8be6\u60c5-7-1-600x337.jpg 600w\" sizes=\"(max-width: 2560px) 100vw, 2560px\" \/><\/span><\/p>\n<p>&nbsp;<\/p>\n<p><span style=\"font-family: helvetica, arial, sans-serif; font-size: 14pt;\"><b data-spm-anchor-id=\"a2700.wholesale.0.i90.10456c16QWoCVL\">Pas de soucis concernant la garantie et le service apr\u00e8s-vente <\/b>Toutes les machines ont une garantie de deux ans et une maintenance \u00e0 vie, vous obtenez un service en ligne 24 heures sur 24 d'une \u00e9quipe apr\u00e8s-vente professionnelle. Chaque fois que vous avez des probl\u00e8mes, vous pouvez contacter notre \u00e9quipe apr\u00e8s-vente, et le probl\u00e8me sera r\u00e9solu dans le plus court d\u00e9lai. <\/span><\/p>\n<p><span style=\"font-family: helvetica, arial, sans-serif; font-size: 14pt;\"><b>Formation gratuite sur toutes les machines <\/b>Vous recevrez gratuitement une formation et un certificat de formation. Obtenez des cours complets et faciles \u00e0 comprendre. Des beauticiens professionnels fourniront \u00e9galement des conseils en ligne. Votre entreprise de beaut\u00e9 deviendra plus facile. <\/span><\/p>\n<p>&nbsp;<\/p>\n<p><span style=\"font-size: 14pt;\"><img loading=\"lazy\" decoding=\"async\" class=\"size-full wp-image-2833 aligncenter\" src=\"https:\/\/mlkjlasers.com\/wp-content\/uploads\/2023\/05\/LA1-\u8be6\u60c5-8-1-scaled.jpg\" alt=\"\" width=\"2560\" height=\"1440\" srcset=\"https:\/\/www.mlkjlasers.com\/wp-content\/uploads\/2023\/05\/LA1-\u8be6\u60c5-8-1-scaled.jpg 2560w, https:\/\/www.mlkjlasers.com\/wp-content\/uploads\/2023\/05\/LA1-\u8be6\u60c5-8-1-300x169.jpg 300w, https:\/\/www.mlkjlasers.com\/wp-content\/uploads\/2023\/05\/LA1-\u8be6\u60c5-8-1-1024x576.jpg 1024w, https:\/\/www.mlkjlasers.com\/wp-content\/uploads\/2023\/05\/LA1-\u8be6\u60c5-8-1-768x432.jpg 768w, https:\/\/www.mlkjlasers.com\/wp-content\/uploads\/2023\/05\/LA1-\u8be6\u60c5-8-1-1536x864.jpg 1536w, https:\/\/www.mlkjlasers.com\/wp-content\/uploads\/2023\/05\/LA1-\u8be6\u60c5-8-1-2048x1152.jpg 2048w, https:\/\/www.mlkjlasers.com\/wp-content\/uploads\/2023\/05\/LA1-\u8be6\u60c5-8-1-600x337.jpg 600w\" sizes=\"(max-width: 2560px) 100vw, 2560px\" \/><\/span><\/p>\n<\/div>\n<\/div>\n<\/div>\n<\/div>\n<\/div>","protected":false},"excerpt":{"rendered":"<p>Le dispositif picoseconde est un dispositif laser \u00e0 double longueur d'onde qui traite les l\u00e9sions pigment\u00e9es du derme et de l'\u00e9piderme. Il a les avantages suivants: Moins de risque d'effets secondaires du traitement; Convient aux teints de peau fonc\u00e9s et clairs, pas facile \u00e0 faire noir; Les deux effets th\u00e9rapeutiquesMulti-caract\u00e9ristiques pour le soin de la peau et le rajeunissement; Courte p\u00e9riode de r\u00e9cup\u00e9ration, peut rapidement retourner au travail normal et au repos, doux et non irritant, adapt\u00e9 \u00e0 la peau sensible, le nombre de traitements est moins que le laser traditionnel.<\/p>","protected":false},"featured_media":1979,"comment_status":"open","ping_status":"closed","template":"","meta":[],"product_cat":[24],"product_tag":[],"class_list":["post-222","product","type-product","status-publish","has-post-thumbnail","hentry","product_cat-nd-yag-laser"],"_links":{"self":[{"href":"https:\/\/www.mlkjlasers.com\/fr\/wp-json\/wp\/v2\/product\/222","targetHints":{"allow":["GET"]}}],"collection":[{"href":"https:\/\/www.mlkjlasers.com\/fr\/wp-json\/wp\/v2\/product"}],"about":[{"href":"https:\/\/www.mlkjlasers.com\/fr\/wp-json\/wp\/v2\/types\/product"}],"replies":[{"embeddable":true,"href":"https:\/\/www.mlkjlasers.com\/fr\/wp-json\/wp\/v2\/comments?post=222"}],"wp:featuredmedia":[{"embeddable":true,"href":"https:\/\/www.mlkjlasers.com\/fr\/wp-json\/wp\/v2\/media\/1979"}],"wp:attachment":[{"href":"https:\/\/www.mlkjlasers.com\/fr\/wp-json\/wp\/v2\/media?parent=222"}],"wp:term":[{"taxonomy":"product_cat","embeddable":true,"href":"https:\/\/www.mlkjlasers.com\/fr\/wp-json\/wp\/v2\/product_cat?post=222"},{"taxonomy":"product_tag","embeddable":true,"href":"https:\/\/www.mlkjlasers.com\/fr\/wp-json\/wp\/v2\/product_tag?post=222"}],"curies":[{"name":"wp","href":"https:\/\/api.w.org\/{rel}","templated":true}]}}