{"id":2238,"date":"2023-08-04T11:31:56","date_gmt":"2023-08-04T03:31:56","guid":{"rendered":"https:\/\/mlkjlasers.com\/?post_type=product&#038;p=2238"},"modified":"2026-02-28T11:56:02","modified_gmt":"2026-02-28T03:56:02","slug":"exfu-icello-diode-laser-machine-2","status":"publish","type":"product","link":"https:\/\/www.mlkjlasers.com\/fr\/product\/exfu-icello-diode-laser-machine-2\/","title":{"rendered":"High Power 1800w Machine Diode Laser Hair Removal Machine Exfu ICELLO"},"content":{"rendered":"<table style=\"border-collapse: collapse; width: 100%; height: 192px;\">\n<tbody>\n<tr style=\"height: 24px;\">\n<td style=\"width: 50%; height: 24px;\"><span style=\"font-size: 14pt; font-family: helvetica, arial, sans-serif;\"><b>Machine d'\u00e9pilation laser diode<\/b><\/span><\/td>\n<td style=\"width: 50%; height: 24px;\"><span style=\"font-size: 14pt; font-family: helvetica, arial, sans-serif;\">Num\u00e9ro de mod\u00e8le:EXFU ICELLO<\/span><\/td>\n<\/tr>\n<tr style=\"height: 24px;\">\n<td style=\"width: 50%; height: 24px;\"><span style=\"font-size: 14pt; font-family: helvetica, arial, sans-serif;\">Longueur d'onde: 808nm ou 755 808 1064nm<\/span><\/td>\n<td style=\"width: 50%; height: 24px;\"><span style=\"font-size: 14pt; font-family: helvetica, arial, sans-serif;\">Taille de l'\u00e9cran: \u00e9cran tactile de style 4K de 14 pouces<\/span><\/td>\n<\/tr>\n<tr style=\"height: 24px;\">\n<td style=\"width: 50%; height: 24px;\"><span style=\"font-size: 14pt; font-family: helvetica, arial, sans-serif;\">Dur\u00e9e de vie : 40 millions de coups<\/span><\/td>\n<td style=\"width: 50%; height: 24px;\"><span style=\"font-size: 14pt; font-family: helvetica, arial, sans-serif;\">Dur\u00e9e de l'impulsion: 10-300ms<\/span><\/td>\n<\/tr>\n<tr style=\"height: 24px;\">\n<td style=\"width: 50%; height: 24px;\"><span style=\"font-size: 14pt; font-family: helvetica, arial, sans-serif;\">Bande laser: 120w pour chacun, barre laser coh\u00e9rente de l'Am\u00e9rique<\/span><\/td>\n<td style=\"width: 50%; height: 24px;\"><span style=\"font-size: 14pt; font-family: helvetica, arial, sans-serif;\">Fr\u00e9quence: 1-10hz<\/span><\/td>\n<\/tr>\n<tr style=\"height: 24px;\">\n<td style=\"width: 50%; height: 24px;\"><span style=\"font-size: 14pt; font-family: helvetica, arial, sans-serif;\">Taille du point: taille du point 12x24mm ou 12x36mm<\/span><\/td>\n<td style=\"width: 50%; height: 24px;\"><span style=\"font-size: 14pt; font-family: helvetica, arial, sans-serif;\">\u00c9nergie: 1-150J<\/span><\/td>\n<\/tr>\n<tr style=\"height: 24px;\">\n<td style=\"width: 50%; height: 24px;\"><span style=\"font-size: 14pt; font-family: helvetica, arial, sans-serif;\">Syst\u00e8me de refroidissement: circuit d'eau du compresseur<\/span><\/td>\n<td style=\"width: 50%; height: 24px;\"><span style=\"font-size: 14pt; font-family: helvetica, arial, sans-serif;\">Puissance de la machine: 3500W<\/span><\/td>\n<\/tr>\n<tr style=\"height: 24px;\">\n<td style=\"width: 50%; height: 24px;\"><span style=\"font-size: 14pt; font-family: helvetica, arial, sans-serif;\">Tension: AC110V 60HZ \/ AC220V 50HZ<\/span><\/td>\n<td style=\"width: 50%; height: 24px;\"><span style=\"font-size: 14pt; font-family: helvetica, arial, sans-serif;\">Taille de la machine: 480mm * 400mm * 1300mm<\/span><\/td>\n<\/tr>\n<tr style=\"height: 24px;\">\n<td style=\"width: 50%; height: 24px;\"><span style=\"font-size: 14pt; font-family: helvetica, arial, sans-serif;\">Paquet: Bo\u00eete en aluminium<\/span><\/td>\n<td style=\"width: 50%; height: 24px;\"><span style=\"font-size: 14pt; font-family: helvetica, arial, sans-serif;\">Garantie de service: garantie \u00e0 vie<\/span><\/td>\n<\/tr>\n<\/tbody>\n<\/table>\n<div class=\"se4_tit\">\n<div class=\"r left\"><\/div>\n<div class=\"l right\" style=\"text-align: left;\">\n<p><span style=\"font-size: 14pt; font-family: helvetica, arial, sans-serif;\"><img fetchpriority=\"high\" decoding=\"async\" class=\"aligncenter wp-image-2396 size-full\" src=\"https:\/\/www.mlkjlasers.com\/wp-content\/uploads\/2023\/09\/Hd476199b9cf44b38b64099a3367bf0d5P.jpg\" alt=\"\" width=\"1920\" height=\"850\" srcset=\"https:\/\/www.mlkjlasers.com\/wp-content\/uploads\/2023\/09\/Hd476199b9cf44b38b64099a3367bf0d5P.jpg 1920w, https:\/\/www.mlkjlasers.com\/wp-content\/uploads\/2023\/09\/Hd476199b9cf44b38b64099a3367bf0d5P-300x133.jpg 300w, https:\/\/www.mlkjlasers.com\/wp-content\/uploads\/2023\/09\/Hd476199b9cf44b38b64099a3367bf0d5P-1024x453.jpg 1024w, https:\/\/www.mlkjlasers.com\/wp-content\/uploads\/2023\/09\/Hd476199b9cf44b38b64099a3367bf0d5P-768x340.jpg 768w, https:\/\/www.mlkjlasers.com\/wp-content\/uploads\/2023\/09\/Hd476199b9cf44b38b64099a3367bf0d5P-1536x680.jpg 1536w, https:\/\/www.mlkjlasers.com\/wp-content\/uploads\/2023\/09\/Hd476199b9cf44b38b64099a3367bf0d5P-600x266.jpg 600w\" sizes=\"(max-width: 1920px) 100vw, 1920px\" \/><\/span><\/p>\n<\/div>\n<\/div>\n<div class=\"se4_tit\">\n<div class=\"l right\" style=\"text-align: left;\">\n<div class=\"J_module\">\n<div class=\"icbu-pc-images magic-1\">\n<div class=\"flex-layout-v\">\n<div class=\"flex-layout-h magic-1\">\n<div class=\"magic-2\">\n<div class=\"J_module\">\n<div class=\"icbu-pc-images magic-1\">\n<div class=\"flex-layout-v\">\n<div class=\"flex-layout-h magic-1\">\n<div><\/div>\n<div class=\"magic-24\"><strong><span style=\"font-family: helvetica, arial, sans-serif; font-size: 14pt;\">MLKJ Meilleure machine d'\u00e9pilation laser commerciale.<\/span><\/strong><br \/>\n<span style=\"font-family: helvetica, arial, sans-serif; font-size: 14pt;\">Selon le principe de la photothermodynamique s\u00e9lective, la longueur d'onde du laser, l'\u00e9nergie et la largeur d'impulsion peuvent \u00eatre correctement ajust\u00e9es pour faire passer le laser \u00e0 travers la surface de la peau vers le follicule pileux de la racine. L'\u00e9nergie lumineuse est absorb\u00e9e et convertie en \u00e9nergie thermique qui d\u00e9truit le tissu des follicules pileux, rendant ainsi les cheveux incapables de se r\u00e9g\u00e9n\u00e9rer, ce qui rend les lasers MLKJ&#8217; technologie brevet\u00e9e indolore et permanente<\/span><br \/>\n<span style=\"font-family: helvetica, arial, sans-serif; font-size: 14pt;\">Le dispositif d'\u00e9pilation laser est une m\u00e9thode de traitement non invasive, apr\u00e8s le traitement n'aura pas un certain dommage \u00e0 la peau environnante, n'affectera pas la vie normale et le travail.<\/span><\/div>\n<div><img decoding=\"async\" class=\"aligncenter size-full wp-image-2230\" src=\"https:\/\/www.mlkjlasers.com\/wp-content\/uploads\/2023\/05\/\u5143\u5b87\u5b99\u5c4f\u5e55.jpg\" alt=\"\" width=\"2000\" height=\"720\" srcset=\"https:\/\/www.mlkjlasers.com\/wp-content\/uploads\/2023\/05\/\u5143\u5b87\u5b99\u5c4f\u5e55.jpg 2000w, https:\/\/www.mlkjlasers.com\/wp-content\/uploads\/2023\/05\/\u5143\u5b87\u5b99\u5c4f\u5e55-300x108.jpg 300w, https:\/\/www.mlkjlasers.com\/wp-content\/uploads\/2023\/05\/\u5143\u5b87\u5b99\u5c4f\u5e55-1024x369.jpg 1024w, https:\/\/www.mlkjlasers.com\/wp-content\/uploads\/2023\/05\/\u5143\u5b87\u5b99\u5c4f\u5e55-768x276.jpg 768w, https:\/\/www.mlkjlasers.com\/wp-content\/uploads\/2023\/05\/\u5143\u5b87\u5b99\u5c4f\u5e55-1536x553.jpg 1536w, https:\/\/www.mlkjlasers.com\/wp-content\/uploads\/2023\/05\/\u5143\u5b87\u5b99\u5c4f\u5e55-600x216.jpg 600w\" sizes=\"(max-width: 2000px) 100vw, 2000px\" \/><\/div>\n<\/div>\n<\/div>\n<\/div>\n<div><\/div>\n<\/div>\n<\/div>\n<\/div>\n<\/div>\n<\/div>\n<\/div>\n<div class=\"J_module\">\n<div class=\"detail-decorate-json-renderer-container\">\n<div class=\"magic-4\">\n<div class=\"magic-7\">\n<div class=\"magic-8\">\n<div class=\"magic-9\">\n<div><span style=\"font-size: 14pt; font-family: helvetica, arial, sans-serif;\"><span class=\"magic-10\">\u2714  la FDA<\/span>\u00a0<span class=\"magic-13\">&amp; CE m\u00e9dical <\/span><span class=\"magic-10\">machine certifi\u00e9e<\/span><\/span><\/div>\n<div><span style=\"font-size: 14pt; font-family: helvetica, arial, sans-serif;\"><span class=\"magic-10\">\u2714<span class=\"magic-12\">3 en 1 <\/span>Trois technologies laser en une seule machine<br \/>\n\u2714 \u4e9a\u5386\u5c71\u5927<\/span><span class=\"magic-10\">e, dieu<\/span><span class=\"magic-10\">Lasers de et Nd:YAG \u2013<span class=\"magic-12\"> traite tous les types de peau<\/span><br \/>\n\u2714<span class=\"magic-12\">Facile <\/span>pour op\u00e9rer<br \/>\n\u2714  Formation en ligne disponible<br \/>\n\u2714<span class=\"magic-12\">50 millions de coups <\/span>par pi\u00e8ce \u00e0 main!<\/span><\/span><\/div>\n<\/div>\n<\/div>\n<\/div>\n<\/div>\n<\/div>\n<\/div>\n<div class=\"J_module\">\n<div data-section=\"AliMagic-1av7nm\" data-section-title=\"Handle display\"><\/div>\n<\/div>\n<\/div>\n<div data-section=\"AliMagic-1av7nm\" data-section-title=\"Handle display\"><img decoding=\"async\" class=\"aligncenter size-full wp-image-2229\" src=\"https:\/\/www.mlkjlasers.com\/wp-content\/uploads\/2023\/05\/\u5143\u5b87\u5b99\u9759\u97f3.jpg\" alt=\"\" width=\"1920\" height=\"1040\" srcset=\"https:\/\/www.mlkjlasers.com\/wp-content\/uploads\/2023\/05\/\u5143\u5b87\u5b99\u9759\u97f3.jpg 1920w, https:\/\/www.mlkjlasers.com\/wp-content\/uploads\/2023\/05\/\u5143\u5b87\u5b99\u9759\u97f3-300x163.jpg 300w, https:\/\/www.mlkjlasers.com\/wp-content\/uploads\/2023\/05\/\u5143\u5b87\u5b99\u9759\u97f3-1024x555.jpg 1024w, https:\/\/www.mlkjlasers.com\/wp-content\/uploads\/2023\/05\/\u5143\u5b87\u5b99\u9759\u97f3-768x416.jpg 768w, https:\/\/www.mlkjlasers.com\/wp-content\/uploads\/2023\/05\/\u5143\u5b87\u5b99\u9759\u97f3-1536x832.jpg 1536w, https:\/\/www.mlkjlasers.com\/wp-content\/uploads\/2023\/05\/\u5143\u5b87\u5b99\u9759\u97f3-600x325.jpg 600w\" sizes=\"(max-width: 1920px) 100vw, 1920px\" \/><\/div>\n<div class=\"l right\" style=\"text-align: left;\">\n<div class=\"J_module\">\n<div data-section=\"AliMagic-1av7nm\" data-section-title=\"Handle display\"><\/div>\n<div id=\"ali-anchor-AliMagic-1av7nm\" class=\"magic-0\" data-section=\"AliMagic-1av7nm\" data-section-title=\"Handle display\"><span style=\"font-size: 14pt; font-family: helvetica, arial, sans-serif;\"><strong>Affichage poign\u00e9e<\/strong><\/span><\/div>\n<div data-section=\"AliMagic-1av7nm\" data-section-title=\"Handle display\"><\/div>\n<\/div>\n<div class=\"J_module\">\n<div class=\"icbu-pc-images magic-1\">\n<div>\n<div class=\"flex-layout-v\">\n<div class=\"flex-layout-h magic-1\">\n<div class=\"magic-14\"><\/div>\n<div class=\"magic-14\"><\/div>\n<div class=\"magic-14\"><span style=\"font-size: 14pt; font-family: helvetica, arial, sans-serif;\"><img loading=\"lazy\" decoding=\"async\" class=\"aligncenter wp-image-1765\" src=\"https:\/\/mlkjlasers.com\/wp-content\/uploads\/2023\/07\/\u53cc\u624b\u67c4\u5e26\u9f3b\u6bdb\u5934-V19\u533b\u7597\u6b3e\u5ba3\u4f20\u518c7-10.jpg\" alt=\"\" width=\"1920\" height=\"1080\" srcset=\"https:\/\/www.mlkjlasers.com\/wp-content\/uploads\/2023\/07\/\u53cc\u624b\u67c4\u5e26\u9f3b\u6bdb\u5934-V19\u533b\u7597\u6b3e\u5ba3\u4f20\u518c7-10.jpg 1200w, https:\/\/www.mlkjlasers.com\/wp-content\/uploads\/2023\/07\/\u53cc\u624b\u67c4\u5e26\u9f3b\u6bdb\u5934-V19\u533b\u7597\u6b3e\u5ba3\u4f20\u518c7-10-300x169.jpg 300w, https:\/\/www.mlkjlasers.com\/wp-content\/uploads\/2023\/07\/\u53cc\u624b\u67c4\u5e26\u9f3b\u6bdb\u5934-V19\u533b\u7597\u6b3e\u5ba3\u4f20\u518c7-10-1024x576.jpg 1024w, https:\/\/www.mlkjlasers.com\/wp-content\/uploads\/2023\/07\/\u53cc\u624b\u67c4\u5e26\u9f3b\u6bdb\u5934-V19\u533b\u7597\u6b3e\u5ba3\u4f20\u518c7-10-768x432.jpg 768w, https:\/\/www.mlkjlasers.com\/wp-content\/uploads\/2023\/07\/\u53cc\u624b\u67c4\u5e26\u9f3b\u6bdb\u5934-V19\u533b\u7597\u6b3e\u5ba3\u4f20\u518c7-10-600x338.jpg 600w\" sizes=\"(max-width: 1920px) 100vw, 1920px\" \/><\/span><\/div>\n<div class=\"magic-14\"><\/div>\n<\/div>\n<\/div>\n<\/div>\n<div>\n<div class=\"J_module\">\n<div class=\"icbu-pc-images magic-1\">\n<div class=\"flex-layout-v\">\n<div class=\"flex-layout-h magic-1\">\n<div class=\"magic-2\">\n<div class=\"J_module\">\n<div class=\"detail-decorate-json-renderer-container\">\n<div class=\"magic-4\">\n<div class=\"magic-7\">\n<div class=\"magic-8\">\n<div class=\"magic-9\" data-spm-anchor-id=\"a2700.wholesale.0.i36.51814b4b15mO1L\"><span class=\"magic-10\" style=\"font-size: 14pt; font-family: helvetica, arial, sans-serif;\">1.Sans douleur. La pointe de la pi\u00e8ce \u00e0 main se refroidit \u00e0 -32C \u00b0, rend le traitement confortable et efficace<\/span><\/div>\n<div class=\"magic-9\" data-spm-anchor-id=\"a2700.wholesale.0.i36.51814b4b15mO1L\"><span class=\"magic-10\" style=\"font-size: 14pt; font-family: helvetica, arial, sans-serif;\">Les r\u00e9sultats du traitement 2.Early.2-3 s\u00e9ances de traitement peuvent montrer des r\u00e9sultats permanents <\/span><\/div>\n<div class=\"magic-9\" data-spm-anchor-id=\"a2700.wholesale.0.i36.51814b4b15mO1L\"><span class=\"magic-10\" style=\"font-size: 14pt; font-family: helvetica, arial, sans-serif;\">3.Pratiquement sans douleur contact\u00e9 avec le saphir incomparable confortable, et la s\u00e9curit\u00e9<\/span><\/div>\n<div data-spm-anchor-id=\"a2700.wholesale.0.i36.51814b4b15mO1L\"><span style=\"font-family: helvetica, arial, sans-serif; font-size: 14pt;\">4.Facial pointe port\u00e9e am\u00e9lior\u00e9e. Traitez facilement les zones normalement difficiles \u00e0 atteindre, y compris les oreilles, les narines et le glabel.<\/span><\/div>\n<\/div>\n<\/div>\n<\/div>\n<\/div>\n<\/div>\n<\/div>\n<\/div>\n<\/div>\n<\/div>\n<\/div>\n<\/div>\n<div>\n<div class=\"flex-layout-v\">\n<div class=\"flex-layout-h magic-1\">\n<div class=\"magic-14\"><span style=\"font-size: 14pt; font-family: helvetica, arial, sans-serif;\"><img loading=\"lazy\" decoding=\"async\" class=\"aligncenter wp-image-1768\" src=\"https:\/\/mlkjlasers.com\/wp-content\/uploads\/2023\/07\/\u53cc\u624b\u67c4\u5e26\u9f3b\u6bdb\u5934-V19\u533b\u7597\u6b3e\u5ba3\u4f20\u518c7-9.jpg\" alt=\"\" width=\"1920\" height=\"1080\" srcset=\"https:\/\/www.mlkjlasers.com\/wp-content\/uploads\/2023\/07\/\u53cc\u624b\u67c4\u5e26\u9f3b\u6bdb\u5934-V19\u533b\u7597\u6b3e\u5ba3\u4f20\u518c7-9.jpg 1200w, https:\/\/www.mlkjlasers.com\/wp-content\/uploads\/2023\/07\/\u53cc\u624b\u67c4\u5e26\u9f3b\u6bdb\u5934-V19\u533b\u7597\u6b3e\u5ba3\u4f20\u518c7-9-300x169.jpg 300w, https:\/\/www.mlkjlasers.com\/wp-content\/uploads\/2023\/07\/\u53cc\u624b\u67c4\u5e26\u9f3b\u6bdb\u5934-V19\u533b\u7597\u6b3e\u5ba3\u4f20\u518c7-9-1024x576.jpg 1024w, https:\/\/www.mlkjlasers.com\/wp-content\/uploads\/2023\/07\/\u53cc\u624b\u67c4\u5e26\u9f3b\u6bdb\u5934-V19\u533b\u7597\u6b3e\u5ba3\u4f20\u518c7-9-768x432.jpg 768w, https:\/\/www.mlkjlasers.com\/wp-content\/uploads\/2023\/07\/\u53cc\u624b\u67c4\u5e26\u9f3b\u6bdb\u5934-V19\u533b\u7597\u6b3e\u5ba3\u4f20\u518c7-9-600x338.jpg 600w\" sizes=\"(max-width: 1920px) 100vw, 1920px\" \/><\/span><\/div>\n<div><\/div>\n<\/div>\n<\/div>\n<\/div>\n<\/div>\n<\/div>\n<div class=\"J_module\">\n<div class=\"icbu-pc-images magic-1\">\n<div class=\"flex-layout-v\">\n<div class=\"flex-layout-h magic-1\">\n<div class=\"magic-16\"><span style=\"font-size: 14pt; font-family: helvetica, arial, sans-serif;\">Prix de la machine d'\u00e9pilation laser 755\/808\/1064nm.<\/span><br \/>\n<span style=\"font-size: 14pt; font-family: helvetica, arial, sans-serif;\">&gt;  &gt; 808 ondes simples ou 755nm\/808nm\/1064nm longueurs d'onde triples parfaites<\/span><br \/>\n<span style=\"font-size: 14pt; font-family: helvetica, arial, sans-serif;\">&gt;  &gt; Am\u00e9rique Import\u00e9 \u00e9metteur, \u00e9nergie forte<\/span><br \/>\n<span style=\"font-size: 14pt; font-family: helvetica, arial, sans-serif;\">&gt;  &gt; 10\/12 pi\u00e8ces ou 16 pi\u00e8ces Allemagne Dilas barres laser originales, la puissance 1200W\/1800W est capable de r\u00e9pondre \u00e0 toutes les exigences d'\u00e9pilation sur tout le corps<\/span><\/div>\n<div><\/div>\n<\/div>\n<div>\n<div class=\"J_module\">\n<div class=\"icbu-pc-images magic-1\">\n<div>\n<div class=\"flex-layout-v\">\n<div class=\"flex-layout-h magic-1\">\n<div class=\"magic-18\"><\/div>\n<\/div>\n<\/div>\n<\/div>\n<\/div>\n<\/div>\n<div class=\"J_module\">\n<div class=\"detail-decorate-json-renderer-container\">\n<div class=\"magic-4\">\n<div class=\"magic-7\">\n<div class=\"magic-8\">\n<div><img loading=\"lazy\" decoding=\"async\" class=\"aligncenter size-full wp-image-2299\" src=\"https:\/\/www.mlkjlasers.com\/wp-content\/uploads\/2023\/08\/3\u4e2d\u95f4\u6a2a\u5e45-1920X600.png\" alt=\"\" width=\"1920\" height=\"600\" srcset=\"https:\/\/www.mlkjlasers.com\/wp-content\/uploads\/2023\/08\/3\u4e2d\u95f4\u6a2a\u5e45-1920X600.png 1920w, https:\/\/www.mlkjlasers.com\/wp-content\/uploads\/2023\/08\/3\u4e2d\u95f4\u6a2a\u5e45-1920X600-300x94.png 300w, https:\/\/www.mlkjlasers.com\/wp-content\/uploads\/2023\/08\/3\u4e2d\u95f4\u6a2a\u5e45-1920X600-1024x320.png 1024w, https:\/\/www.mlkjlasers.com\/wp-content\/uploads\/2023\/08\/3\u4e2d\u95f4\u6a2a\u5e45-1920X600-768x240.png 768w, https:\/\/www.mlkjlasers.com\/wp-content\/uploads\/2023\/08\/3\u4e2d\u95f4\u6a2a\u5e45-1920X600-1536x480.png 1536w, https:\/\/www.mlkjlasers.com\/wp-content\/uploads\/2023\/08\/3\u4e2d\u95f4\u6a2a\u5e45-1920X600-600x188.png 600w\" sizes=\"(max-width: 1920px) 100vw, 1920px\" \/><\/div>\n<div><\/div>\n<div class=\"magic-9\"><span style=\"font-family: helvetica, arial, sans-serif; font-size: 14pt;\">&gt;  &gt; 1-10Hz fr\u00e9quence rapide et 15x25mm taille du point assure un traitement plus rapide, lisse et efficace<\/span><br \/>\n<span style=\"font-family: helvetica, arial, sans-serif; font-size: 14pt;\">&gt;  &gt; Super saphir tactile syst\u00e8me de refroidissement assure un traitement indolore et confortable<\/span><br \/>\n<span style=\"font-family: helvetica, arial, sans-serif; font-size: 14pt;\">&gt;  &gt; L'Italie a import\u00e9 la pompe \u00e0 eau inoxydable, elle peut garder la machine travaillant longtemps sans arr\u00eat. Assurez-vous que la chaleur a \u00e9t\u00e9 retir\u00e9e tr\u00e8s rapidement<\/span><br \/>\n<span style=\"font-family: helvetica, arial, sans-serif; font-size: 14pt;\">&gt;  &gt; Double filtre pour maintenir la qualit\u00e9 de l'eau<\/span><br \/>\n<span style=\"font-family: helvetica, arial, sans-serif; font-size: 14pt;\">&gt;  &gt; refroidissement du compresseur refroidissement de l'air refroidissement de l'eau refroidissement du semiconducteur, garder la temp\u00e9rature de l'eau -32 \u2103 tout le temps<\/span><\/div>\n<\/div>\n<\/div>\n<\/div>\n<div class=\"magic-4\">\n<div><\/div>\n<div><span style=\"font-size: 14pt; font-family: helvetica, arial, sans-serif;\"><strong>MLKJ LASER Technologie r\u00e9volutionnaire, t<\/strong>il\u00a0<strong>bruit de fonctionnement<\/strong>\u00a0est tr\u00e8s faible, sous\u00a0<strong>60<\/strong>\u00a0d\u00e9cibels.<\/span><\/div>\n<div><\/div>\n<\/div>\n<div class=\"magic-4\">\n<div><\/div>\n<div class=\"magic-7\">\n<div class=\"magic-8\">\n<div><span style=\"font-size: 14pt; font-family: helvetica, arial, sans-serif;\"><img loading=\"lazy\" decoding=\"async\" class=\"wp-image-1932 aligncenter\" src=\"https:\/\/mlkjlasers.com\/wp-content\/uploads\/2023\/07\/\u8131\u6bdb\u8fc7\u7a0b\u56fe.jpg\" alt=\"\" width=\"1569\" height=\"629\" srcset=\"https:\/\/www.mlkjlasers.com\/wp-content\/uploads\/2023\/07\/\u8131\u6bdb\u8fc7\u7a0b\u56fe.jpg 840w, https:\/\/www.mlkjlasers.com\/wp-content\/uploads\/2023\/07\/\u8131\u6bdb\u8fc7\u7a0b\u56fe-300x120.jpg 300w, https:\/\/www.mlkjlasers.com\/wp-content\/uploads\/2023\/07\/\u8131\u6bdb\u8fc7\u7a0b\u56fe-768x308.jpg 768w, https:\/\/www.mlkjlasers.com\/wp-content\/uploads\/2023\/07\/\u8131\u6bdb\u8fc7\u7a0b\u56fe-600x241.jpg 600w\" sizes=\"(max-width: 1569px) 100vw, 1569px\" \/><\/span><\/div>\n<div class=\"magic-9\">\n<div><\/div>\n<\/div>\n<\/div>\n<\/div>\n<\/div>\n<\/div>\n<\/div>\n<\/div>\n<div class=\"flex-layout-h magic-1\">\n<div><span style=\"font-size: 14pt; font-family: helvetica, arial, sans-serif;\"><img loading=\"lazy\" decoding=\"async\" class=\"magic-23 aligncenter\" src=\"https:\/\/sc04.alicdn.com\/kf\/H8fb22db20fa24727a7b7781a7ff90a2eO\/200225979\/H8fb22db20fa24727a7b7781a7ff90a2eO.jpg\" width=\"1552\" height=\"300\" data-src=\"\/\/sc04.alicdn.com\/kf\/H8fb22db20fa24727a7b7781a7ff90a2eO\/200225979\/H8fb22db20fa24727a7b7781a7ff90a2eO.jpg\" \/><\/span><\/div>\n<div><\/div>\n<\/div>\n<\/div>\n<\/div>\n<\/div>\n<\/div>\n<\/div>\n<div class=\"des_detail\">\n<div class=\"des_detail\">\n<h4 style=\"text-align: left;\"><span style=\"font-size: 14pt; font-family: helvetica, arial, sans-serif;\">Ecran 4K de 14 pouces, exp\u00e9rience tactile intelligente<\/span><\/h4>\n<pre style=\"text-align: left;\"><span style=\"font-size: 14pt; font-family: helvetica, arial, sans-serif;\">* 6 styles de peau \u00e0 choisir\n * Facile \u00e0 utiliser fournissant des comp\u00e9tences op\u00e9rationnelles \/ services d'enseignement\n * Le logo et la langue gratuits peuvent \u00eatre personnalis\u00e9s sur l'\u00e9cran\r\n<\/span><\/pre>\n<div class=\"img_b\">\n<p><span style=\"font-size: 14pt; font-family: helvetica, arial, sans-serif;\"><img loading=\"lazy\" decoding=\"async\" class=\"aligncenter wp-image-2247\" src=\"https:\/\/mlkjlasers.com\/wp-content\/uploads\/2023\/08\/photobank.jpg\" alt=\"\" width=\"1920\" height=\"1280\" srcset=\"https:\/\/www.mlkjlasers.com\/wp-content\/uploads\/2023\/08\/photobank.jpg 1200w, https:\/\/www.mlkjlasers.com\/wp-content\/uploads\/2023\/08\/photobank-300x200.jpg 300w, https:\/\/www.mlkjlasers.com\/wp-content\/uploads\/2023\/08\/photobank-1024x683.jpg 1024w, https:\/\/www.mlkjlasers.com\/wp-content\/uploads\/2023\/08\/photobank-768x512.jpg 768w, https:\/\/www.mlkjlasers.com\/wp-content\/uploads\/2023\/08\/photobank-600x400.jpg 600w\" sizes=\"(max-width: 1920px) 100vw, 1920px\" \/><\/span><\/p>\n<p><span style=\"font-size: 14pt;\"><strong>Avant et apr\u00e8s<\/strong><\/span><\/p>\n<\/div>\n<p>&nbsp;<\/p>\n<\/div>\n<\/div>\n<p><img loading=\"lazy\" decoding=\"async\" class=\"aligncenter size-full wp-image-3106\" src=\"https:\/\/www.mlkjlasers.com\/wp-content\/uploads\/2024\/06\/8.jpg\" alt=\"\" width=\"1920\" height=\"1080\" srcset=\"https:\/\/www.mlkjlasers.com\/wp-content\/uploads\/2024\/06\/8.jpg 1920w, https:\/\/www.mlkjlasers.com\/wp-content\/uploads\/2024\/06\/8-300x169.jpg 300w, https:\/\/www.mlkjlasers.com\/wp-content\/uploads\/2024\/06\/8-1024x576.jpg 1024w, https:\/\/www.mlkjlasers.com\/wp-content\/uploads\/2024\/06\/8-768x432.jpg 768w, https:\/\/www.mlkjlasers.com\/wp-content\/uploads\/2024\/06\/8-1536x864.jpg 1536w, https:\/\/www.mlkjlasers.com\/wp-content\/uploads\/2024\/06\/8-600x338.jpg 600w\" sizes=\"(max-width: 1920px) 100vw, 1920px\" \/><\/p>\n<p><span style=\"font-size: 14pt; font-family: helvetica, arial, sans-serif; color: #000000;\">Fabricant d'instruments de beaut\u00e9 depuis 15 ans, ont des certificats FDA, CE, ISO13485.<\/span><br \/>\n<span style=\"font-size: 14pt; font-family: helvetica, arial, sans-serif; color: #000000;\">Nous nous engageons \u00e0 rendre votre entreprise de beaut\u00e9 plus facile!<\/span><br \/>\n<span style=\"font-family: helvetica, arial, sans-serif; font-size: 14pt;\"><a href=\"https:\/\/www.mlkjlasers.com\/fr\/contact-us\/\"><span style=\"color: #0000ff;\">Bienvenue pour nous contacter pour plus de solutions de coop\u00e9ration!<\/span><\/a><\/span><\/p>\n<p>&nbsp;<\/p>","protected":false},"excerpt":{"rendered":"<p><span style=\"font-family: helvetica, arial, sans-serif; font-size: 14pt;\">MLKJ Meilleure machine d'\u00e9pilation laser commerciale.<\/span><\/p>\n<p><span style=\"font-size: 14pt; font-family: helvetica, arial, sans-serif; color: #000000;\">Fabricant d'instruments de beaut\u00e9 depuis 15 ans, ont des certificats FDA, CE, ISO13485.<\/span><\/p>\n<p><span style=\"font-size: 14pt; font-family: helvetica, arial, sans-serif; color: #000000;\">Nous nous engageons \u00e0 rendre votre entreprise de beaut\u00e9 plus facile!<\/span><\/p>\n<p><span style=\"font-family: helvetica, arial, sans-serif; font-size: 14pt;\"><a href=\"https:\/\/www.mlkjlasers.com\/fr\/contact-us\/\"><span style=\"color: #0000ff;\">Bienvenue pour nous contacter pour plus de solutions de coop\u00e9ration!<\/span><\/a><\/span><\/p>","protected":false},"featured_media":2243,"comment_status":"open","ping_status":"closed","template":"","meta":[],"product_cat":[15],"product_tag":[],"class_list":["post-2238","product","type-product","status-publish","has-post-thumbnail","hentry","product_cat-diode-laser-hair-removal-machine"],"_links":{"self":[{"href":"https:\/\/www.mlkjlasers.com\/fr\/wp-json\/wp\/v2\/product\/2238","targetHints":{"allow":["GET"]}}],"collection":[{"href":"https:\/\/www.mlkjlasers.com\/fr\/wp-json\/wp\/v2\/product"}],"about":[{"href":"https:\/\/www.mlkjlasers.com\/fr\/wp-json\/wp\/v2\/types\/product"}],"replies":[{"embeddable":true,"href":"https:\/\/www.mlkjlasers.com\/fr\/wp-json\/wp\/v2\/comments?post=2238"}],"wp:featuredmedia":[{"embeddable":true,"href":"https:\/\/www.mlkjlasers.com\/fr\/wp-json\/wp\/v2\/media\/2243"}],"wp:attachment":[{"href":"https:\/\/www.mlkjlasers.com\/fr\/wp-json\/wp\/v2\/media?parent=2238"}],"wp:term":[{"taxonomy":"product_cat","embeddable":true,"href":"https:\/\/www.mlkjlasers.com\/fr\/wp-json\/wp\/v2\/product_cat?post=2238"},{"taxonomy":"product_tag","embeddable":true,"href":"https:\/\/www.mlkjlasers.com\/fr\/wp-json\/wp\/v2\/product_tag?post=2238"}],"curies":[{"name":"wp","href":"https:\/\/api.w.org\/{rel}","templated":true}]}}