{"id":261,"date":"2023-05-29T16:47:00","date_gmt":"2023-05-29T08:47:00","guid":{"rendered":"https:\/\/mingliang.leadsclouds.com\/?post_type=product&#038;p=261"},"modified":"2026-01-20T16:26:13","modified_gmt":"2026-01-20T08:26:13","slug":"e808v17-2in1","status":"publish","type":"product","link":"https:\/\/www.mlkjlasers.com\/fr\/product\/e808v17-2in1\/","title":{"rendered":"Elight laser Diode laser V17 2in1"},"content":{"rendered":"<table style=\"border-collapse: collapse; width: 100%; height: 168px;\">\n<tbody>\n<tr style=\"height: 24px;\">\n<td style=\"width: 50%; height: 24px;\"><span style=\"font-family: helvetica, arial, sans-serif; color: #000000;\"><b>Elight laser Diode laser V17 2in1<\/b><\/span><\/td>\n<td style=\"width: 50%; height: 24px;\"><span style=\"font-family: helvetica, arial, sans-serif; color: #000000;\">Num\u00e9ro de mod\u00e8le: 2in1 V17<\/span><\/td>\n<\/tr>\n<tr style=\"height: 24px;\">\n<td style=\"width: 50%; height: 24px;\"><span style=\"font-family: helvetica, arial, sans-serif; color: #000000;\">Longueur d'onde (Elight IPL): 420nm\/510nm\/560nm\/585nm\/640nm\/690nm\/755nm<\/span><\/td>\n<td style=\"width: 50%; height: 24px;\"><span style=\"font-family: helvetica, arial, sans-serif; color: #000000;\">Longueur d'onde (laser de diode): 755nm 808nm 1064nm<\/span><\/td>\n<\/tr>\n<tr style=\"height: 24px;\">\n<td style=\"width: 50%; height: 24px;\"><span style=\"font-family: helvetica, arial, sans-serif; color: #000000;\">Taille de l'\u00e9cran: \u00e9cran tactile de couleur r\u00e9elle de 14 pouces<\/span><\/td>\n<td style=\"width: 50%; height: 24px;\"><span style=\"font-family: helvetica, arial, sans-serif; color: #000000;\">Dur\u00e9e de l'impulsion: 10-300ms<\/span><\/td>\n<\/tr>\n<tr style=\"height: 24px;\">\n<td style=\"width: 50%; height: 24px;\"><span style=\"font-family: helvetica, arial, sans-serif; color: #000000;\">Fr\u00e9quence: 1-10hz<\/span><\/td>\n<td style=\"width: 50%; height: 24px;\"><span style=\"font-family: helvetica, arial, sans-serif; color: #000000;\">Taille du point (Elight): 15 * 50mm<\/span><\/td>\n<\/tr>\n<tr style=\"height: 24px;\">\n<td style=\"width: 50%; height: 24px;\"><span style=\"font-family: helvetica, arial, sans-serif; color: #000000;\">Taille du point (laser de diode): 12 * 20mm &amp; amp; 12 * 35 mm<\/span><\/td>\n<td style=\"width: 50%; height: 24px;\"><span style=\"font-family: helvetica, arial, sans-serif; color: #000000;\">\u00c9nergie: 1-150J\/cm2<\/span><\/td>\n<\/tr>\n<tr style=\"height: 24px;\">\n<td style=\"width: 50%; height: 24px;\"><span style=\"font-family: helvetica, arial, sans-serif; color: #000000;\">Refroidissement: refroidissement par air TEC &lt; br&gt; Refroidissement du condensateur<\/span><\/td>\n<td style=\"width: 50%; height: 24px;\"><span style=\"font-family: helvetica, arial, sans-serif; color: #000000;\">Tension: AC220V \/ 110V 50HZ \/ 60HZ<\/span><\/td>\n<\/tr>\n<tr style=\"height: 24px;\">\n<td style=\"width: 50%; height: 24px;\"><span style=\"font-family: helvetica, arial, sans-serif; color: #000000;\">Machine d\u00e9mence: bo\u00eete en aluminium<\/span><\/td>\n<td style=\"width: 50%; height: 24px;\"><span style=\"font-family: helvetica, arial, sans-serif; color: #000000;\">Garantie: 2 ans<\/span><\/td>\n<\/tr>\n<\/tbody>\n<\/table>\n<div class=\"des2\">\n<div class=\"des_box1\">\n<div class=\"des_detail\">\n<div class=\"des_detail\">\n<p>&nbsp;<\/p>\n<p><span style=\"font-family: helvetica, arial, sans-serif; color: #000000;\"><img fetchpriority=\"high\" decoding=\"async\" class=\"aligncenter wp-image-1941\" src=\"https:\/\/mlkjlasers.com\/wp-content\/uploads\/2023\/05\/v17\u4e8c\u5408\u4e00\u8be6\u60c5\u9875_02.jpg\" alt=\"\" width=\"1920\" height=\"1281\" srcset=\"https:\/\/www.mlkjlasers.com\/wp-content\/uploads\/2023\/05\/v17\u4e8c\u5408\u4e00\u8be6\u60c5\u9875_02.jpg 790w, https:\/\/www.mlkjlasers.com\/wp-content\/uploads\/2023\/05\/v17\u4e8c\u5408\u4e00\u8be6\u60c5\u9875_02-300x200.jpg 300w, https:\/\/www.mlkjlasers.com\/wp-content\/uploads\/2023\/05\/v17\u4e8c\u5408\u4e00\u8be6\u60c5\u9875_02-768x512.jpg 768w, https:\/\/www.mlkjlasers.com\/wp-content\/uploads\/2023\/05\/v17\u4e8c\u5408\u4e00\u8be6\u60c5\u9875_02-600x400.jpg 600w\" sizes=\"(max-width: 1920px) 100vw, 1920px\" \/><\/span><\/p>\n<p>&nbsp;<\/p>\n<p><span style=\"font-family: helvetica, arial, sans-serif; color: #000000;\">Machine de combinaison multifonctionnelle rentable, poign\u00e9es laser de diode Elight\/IPL en une seule machine<\/span><br \/>\n<span style=\"font-family: helvetica, arial, sans-serif; color: #000000;\">Salon multifonctionnel pr\u00e9f\u00e9r\u00e9 Ipl elight peau tendre et enlever les luennes diode laser \u00e9pilation machine<\/span><\/p>\n<p><span style=\"font-family: helvetica, arial, sans-serif; color: #000000;\"><img decoding=\"async\" class=\"aligncenter wp-image-1943\" src=\"https:\/\/mlkjlasers.com\/wp-content\/uploads\/2023\/05\/v17\u4e8c\u5408\u4e00\u8be6\u60c5\u9875_04.jpg\" alt=\"\" width=\"1920\" height=\"1976\" srcset=\"https:\/\/www.mlkjlasers.com\/wp-content\/uploads\/2023\/05\/v17\u4e8c\u5408\u4e00\u8be6\u60c5\u9875_04.jpg 790w, https:\/\/www.mlkjlasers.com\/wp-content\/uploads\/2023\/05\/v17\u4e8c\u5408\u4e00\u8be6\u60c5\u9875_04-292x300.jpg 292w, https:\/\/www.mlkjlasers.com\/wp-content\/uploads\/2023\/05\/v17\u4e8c\u5408\u4e00\u8be6\u60c5\u9875_04-768x790.jpg 768w, https:\/\/www.mlkjlasers.com\/wp-content\/uploads\/2023\/05\/v17\u4e8c\u5408\u4e00\u8be6\u60c5\u9875_04-600x617.jpg 600w\" sizes=\"(max-width: 1920px) 100vw, 1920px\" \/><\/span><\/p>\n<p>&nbsp;<\/p>\n<p><span style=\"font-family: helvetica, arial, sans-serif; color: #000000;\">Poign\u00e9e laser \u00e0 diode pour l'\u00e9pilation permanente et indolore du visage et du corps avec t\u00eate de traitement grande et petite.<\/span><br \/>\n<span style=\"font-family: helvetica, arial, sans-serif; color: #000000;\">Maintenant, la technologie \u00e0 haute puissance et \u00e0 court pouls assure que : avant que le corps ne ressente la douleur, le coup de lumi\u00e8re \u00e9tait termin\u00e9. Tout le processus est tr\u00e8s confortable, ne ressentez aucune douleur. Habituellement, 3-5 s\u00e9ances peuvent atteindre une \u00e9pilation permanente.<\/span><\/p>\n<p>&nbsp;<\/p>\n<p><span style=\"font-family: helvetica, arial, sans-serif; color: #000000;\"><img decoding=\"async\" class=\"aligncenter\" src=\"https:\/\/cdn.cloudbf.com\/thumb\/format\/mini_xsize\/files\/28\/img\/2021\/12\/20\/v17-5_1LoKen.png.webp\" width=\"1564\" height=\"1503\" \/><\/span><\/p>\n<p><span style=\"font-family: helvetica, arial, sans-serif; color: #000000;\">Poign\u00e9e laser de diode, le faisceau laser \u00e0 haute \u00e9nergie p\u00e9n\u00e8tre instantan\u00e9ment la peau et atteint le follicule pileux pendant le traitement, la lumi\u00e8re de sortie est absorb\u00e9e par la m\u00e9lanine dans le follicule pileux, d\u00e9truisant ainsi le follicule pileux et atteignant l'\u00e9pilation permanente. La largeur de l'impulsion laser est d\u00e9finie plus courte que le temps que le corps humain&#8217; s temps de sentiment, un seul coup de lumi\u00e8re est termin\u00e9, mais le corps humain est tomb\u00e9 indolore, puis pourrait atteindre le sentiment de traitement indolore, pour am\u00e9liorer le client&#8217; exp\u00e9rience confortable.<\/span><\/p>\n<p>&nbsp;<\/p>\n<p><span style=\"font-family: helvetica, arial, sans-serif; color: #000000;\"><img loading=\"lazy\" decoding=\"async\" class=\"aligncenter wp-image-1931\" src=\"https:\/\/mlkjlasers.com\/wp-content\/uploads\/2023\/07\/\u5bf9\u6bd4-1024x393.jpg\" alt=\"\" width=\"1920\" height=\"738\" srcset=\"https:\/\/www.mlkjlasers.com\/wp-content\/uploads\/2023\/07\/\u5bf9\u6bd4-1024x393.jpg 1024w, https:\/\/www.mlkjlasers.com\/wp-content\/uploads\/2023\/07\/\u5bf9\u6bd4-300x115.jpg 300w, https:\/\/www.mlkjlasers.com\/wp-content\/uploads\/2023\/07\/\u5bf9\u6bd4-768x295.jpg 768w, https:\/\/www.mlkjlasers.com\/wp-content\/uploads\/2023\/07\/\u5bf9\u6bd4-600x231.jpg 600w, https:\/\/www.mlkjlasers.com\/wp-content\/uploads\/2023\/07\/\u5bf9\u6bd4.jpg 1200w\" sizes=\"(max-width: 1920px) 100vw, 1920px\" \/><\/span><\/p>\n<\/div>\n<\/div>\n<p><span style=\"font-size: 14pt; font-family: helvetica, arial, sans-serif; color: #000000;\"><strong>Elight pour l'\u00e9pilation rajeunissement de la peau<\/strong><\/span><\/p>\n<div class=\"des\">\n<div class=\"des_detail\">\n<div class=\"des_detail\">\n<p><span style=\"font-family: helvetica, arial, sans-serif; color: #000000;\"><img loading=\"lazy\" decoding=\"async\" class=\"aligncenter\" src=\"https:\/\/cdn.cloudbf.com\/thumb\/format\/mini_xsize\/files\/28\/img\/2021\/12\/20\/v17-9_ja6G3P.png.webp\" width=\"1586\" height=\"1264\" \/><\/span><span style=\"font-family: helvetica, arial, sans-serif; color: #000000;\">1. lampe britannique, coups plus de 300 000 fois<\/span><br \/>\n<span style=\"font-family: helvetica, arial, sans-serif; color: #000000;\">2. 7 filtre, pourrait faire plus de fonction<\/span><br \/>\n<span style=\"font-family: helvetica, arial, sans-serif; color: #000000;\">3. taille de la grande tache 15*35mm, pour le traitement rapide<\/span><br \/>\n<span style=\"font-family: helvetica, arial, sans-serif; color: #000000;\">4. Le refroidissement super r\u00e9duit le douloureux, rend les patients plus confortables<\/span><\/p>\n<p><img loading=\"lazy\" decoding=\"async\" class=\"aligncenter wp-image-1944\" src=\"https:\/\/mlkjlasers.com\/wp-content\/uploads\/2023\/05\/v17\u4e8c\u5408\u4e00\u8be6\u60c5\u9875_05-e1690185469102.jpg\" alt=\"\" width=\"1920\" height=\"1496\" srcset=\"https:\/\/www.mlkjlasers.com\/wp-content\/uploads\/2023\/05\/v17\u4e8c\u5408\u4e00\u8be6\u60c5\u9875_05-e1690185469102.jpg 784w, https:\/\/www.mlkjlasers.com\/wp-content\/uploads\/2023\/05\/v17\u4e8c\u5408\u4e00\u8be6\u60c5\u9875_05-e1690185469102-300x234.jpg 300w, https:\/\/www.mlkjlasers.com\/wp-content\/uploads\/2023\/05\/v17\u4e8c\u5408\u4e00\u8be6\u60c5\u9875_05-e1690185469102-768x599.jpg 768w, https:\/\/www.mlkjlasers.com\/wp-content\/uploads\/2023\/05\/v17\u4e8c\u5408\u4e00\u8be6\u60c5\u9875_05-e1690185469102-600x468.jpg 600w\" sizes=\"(max-width: 1920px) 100vw, 1920px\" \/><\/p>\n<p><span style=\"font-family: helvetica, arial, sans-serif; color: #000000;\"><strong>\u00a0E-lumi\u00e8re IPL pour l'\u00e9pilation\/rajeunissement de la peau\/travail vasculaire\/traitement de pigmentation\/acn\u00e9 clearance&#8230; &#8230; &#8230;<\/strong><\/span><\/p>\n<p><span style=\"font-family: helvetica, arial, sans-serif; color: #000000;\">* L'absorption d'\u00e9nergie n'est pas affect\u00e9e par la barri\u00e8re pigmentaire.<\/span><br \/>\n<span style=\"font-family: helvetica, arial, sans-serif; color: #000000;\">* Peut \u00eatre utilis\u00e9 sur la peau fonc\u00e9e et les cheveux fins clairs<\/span><br \/>\n<span style=\"font-family: helvetica, arial, sans-serif; color: #000000;\">* La lumi\u00e8re puls\u00e9e \u00e0 faible \u00e9nergie r\u00e9duit le risque de br\u00fblures cutan\u00e9es et de sensation de douleur.<\/span><br \/>\n<span style=\"font-family: helvetica, arial, sans-serif; color: #000000;\">* \u00c9limine les effets secondaires caus\u00e9s par la surchauffage de l'\u00e9nergie lumineuse.<\/span><br \/>\n<span style=\"font-family: helvetica, arial, sans-serif; color: #000000;\">* Dispositif de s\u00e9curit\u00e9 unique, protection s\u00fbre de la peau.<\/span><br \/>\n<span style=\"font-family: helvetica, arial, sans-serif; color: #000000;\">* La t\u00eate de traitement est directement attach\u00e9e \u00e0 la peau, pas besoin de mesurer la distance de la peau, facile \u00e0 ma\u00eetriser.<\/span><br \/>\n<span style=\"font-family: helvetica, arial, sans-serif; color: #000000;\">* Technologie de refroidissement de la peau, rendant clinique plus s\u00fbr et confortable.<\/span><\/p>\n<p><span style=\"font-family: helvetica, arial, sans-serif; color: #000000;\"><img loading=\"lazy\" decoding=\"async\" class=\"aligncenter\" src=\"https:\/\/cdn.cloudbf.com\/thumb\/format\/mini_xsize\/files\/28\/img\/2021\/12\/28\/ipl-a6_12_mna3y7.jpg.webp\" width=\"1557\" height=\"948\" \/><\/span><\/p>\n<p><span style=\"font-family: helvetica, arial, sans-serif; color: #000000;\"><img loading=\"lazy\" decoding=\"async\" class=\"aligncenter\" src=\"https:\/\/cdn.cloudbf.com\/thumb\/format\/mini_xsize\/files\/28\/img\/2023\/06\/26\/v17_03_XVyBgD.jpg.webp\" alt=\"\" width=\"1554\" height=\"1039\" \/><\/span><\/p>\n<p style=\"text-align: left;\"><span style=\"font-family: helvetica, arial, sans-serif; color: #000000;\">Avantage<\/span><br \/>\n<span style=\"font-family: helvetica, arial, sans-serif; color: #000000;\">Refroidissement d'une minute<\/span><br \/>\n<span style=\"font-family: helvetica, arial, sans-serif; color: #000000;\">Rapide, indolore, \u00e9pilation permanente Faible bruit du syst\u00e8me et fort effec de refroidissement<\/span><br \/>\n<span style=\"font-family: helvetica, arial, sans-serif; color: #000000;\">24 heures de travail continu<\/span><br \/>\n<span style=\"font-family: helvetica, arial, sans-serif; color: #000000;\">R\u00e9duire le temps de pr\u00e9paration<\/span><br \/>\n<span style=\"font-family: helvetica, arial, sans-serif; color: #000000;\">\u00c9largissez votre base de patients<\/span><br \/>\n<span style=\"font-family: helvetica, arial, sans-serif; color: #000000;\">Augmentez votre profit Convient pour le traitement de toutes les parties du corps<\/span><\/p>\n<p><img loading=\"lazy\" decoding=\"async\" class=\"aligncenter wp-image-1940\" src=\"https:\/\/mlkjlasers.com\/wp-content\/uploads\/2023\/05\/v17\u4e8c\u5408\u4e00\u8be6\u60c5\u9875_01.jpg\" alt=\"\" width=\"1920\" height=\"1281\" srcset=\"https:\/\/www.mlkjlasers.com\/wp-content\/uploads\/2023\/05\/v17\u4e8c\u5408\u4e00\u8be6\u60c5\u9875_01.jpg 790w, https:\/\/www.mlkjlasers.com\/wp-content\/uploads\/2023\/05\/v17\u4e8c\u5408\u4e00\u8be6\u60c5\u9875_01-300x200.jpg 300w, https:\/\/www.mlkjlasers.com\/wp-content\/uploads\/2023\/05\/v17\u4e8c\u5408\u4e00\u8be6\u60c5\u9875_01-768x512.jpg 768w, https:\/\/www.mlkjlasers.com\/wp-content\/uploads\/2023\/05\/v17\u4e8c\u5408\u4e00\u8be6\u60c5\u9875_01-600x400.jpg 600w\" sizes=\"(max-width: 1920px) 100vw, 1920px\" \/><\/p>\n<div class=\"img_b\">\n<p><span style=\"font-family: helvetica, arial, sans-serif; color: #000000;\"><img loading=\"lazy\" decoding=\"async\" class=\"aligncenter\" src=\"https:\/\/www.exfulaser.com\/uploads\/20230130\/%E5%B1%8F%E5%B9%95.jpg\" alt=\"\" width=\"1553\" height=\"1197\" \/><\/span><\/p>\n<p><span style=\"color: #000000; font-family: helvetica, arial, sans-serif; font-size: 14pt;\"><strong>Ecran 4K de 14 pouces, exp\u00e9rience tactile intelligente<\/strong><\/span><br \/>\n<span style=\"color: #000000; font-family: helvetica, arial, sans-serif;\">* Pr\u00e9r\u00e9glages de traitement personnalisables<\/span><br \/>\n<span style=\"color: #000000; font-family: helvetica, arial, sans-serif;\">* Avec masculin et f\u00e9minin, 6 styles de peau \u00e0 choisir<\/span><br \/>\n<span style=\"color: #000000; font-family: helvetica, arial, sans-serif;\">* Facile \u00e0 utiliser fournissant des comp\u00e9tences op\u00e9rationnelles \/ services d'enseignement<\/span><br \/>\n<span style=\"color: #000000; font-family: helvetica, arial, sans-serif;\">* Le logo et la langue gratuits peuvent \u00eatre personnalis\u00e9s sur l'\u00e9cran<\/span><\/p>\n<p>&nbsp;<\/p>\n<\/div>\n<\/div>\n<\/div>\n<p><span style=\"font-size: 14pt; color: #0000ff;\"><a style=\"color: #0000ff;\" href=\"https:\/\/www.mlkjlasers.com\/fr\/contact-us\/\"><em><span style=\"font-family: helvetica, arial, sans-serif;\">En savoir plus sur le produit!<\/span><\/em><\/a><\/span><br \/>\n<span style=\"color: #0000ff;\"><a style=\"color: #0000ff;\" href=\"https:\/\/www.mlkjlasers.com\/fr\/contact-us\/\"><span style=\"font-size: 14pt;\"><em><span style=\"font-family: helvetica, arial, sans-serif;\">Demandez des prix !<\/span><\/em><\/span><\/a><\/span><br \/>\n<span style=\"color: #0000ff;\"><a style=\"color: #0000ff;\" href=\"https:\/\/www.mlkjlasers.com\/fr\/contact-us\/\"><span style=\"font-size: 14pt;\"><em><span style=\"font-family: helvetica, arial, sans-serif;\">Devenez agent !<\/span><\/em><\/span><\/a><\/span><br \/>\n<span style=\"color: #0000ff;\"><a style=\"color: #0000ff;\" href=\"https:\/\/www.mlkjlasers.com\/fr\/contact-us\/\"><span style=\"font-size: 14pt;\"><em><span style=\"font-family: helvetica, arial, sans-serif;\">Bienvenue \u00e0 demander!<\/span><\/em><\/span><\/a><\/span><\/p>\n<p>&nbsp;<\/p>\n<\/div>\n<\/div>\n<\/div>","protected":false},"excerpt":{"rendered":"<p>Poign\u00e9e laser de diode, le faisceau laser \u00e0 haute \u00e9nergie p\u00e9n\u00e8tre instantan\u00e9ment la peau et atteint le follicule pileux pendant le traitement, la lumi\u00e8re de sortie est absorb\u00e9e par la m\u00e9lanine dans le follicule pileux, d\u00e9truisant ainsi le follicule pileux et atteignant l'\u00e9pilation permanente. La largeur de l'impulsion laser est d\u00e9finie plus courte que le temps que le corps humain&#8217; s temps de sentiment, un seul coup de lumi\u00e8re est termin\u00e9, mais le corps humain est tomb\u00e9 indolore, puis pourrait atteindre le sentiment de traitement indolore, pour am\u00e9liorer le client&#8217; exp\u00e9rience confortable.<\/p>\n<p>E-lumi\u00e8re IPL pour l'\u00e9pilation\/rajeunissement de la peau\/travail vasculaire\/traitement de pigmentation\/acn\u00e9 clearance&#8230;<br \/>\n* L'absorption d'\u00e9nergie n'est pas affect\u00e9e par la barri\u00e8re pigmentaire.<br \/>\n* Peut \u00eatre utilis\u00e9 sur la peau fonc\u00e9e et les cheveux fins clairs<br \/>\n* La lumi\u00e8re puls\u00e9e \u00e0 faible \u00e9nergie r\u00e9duit le risque de br\u00fblures cutan\u00e9es et de sensation de douleur.<\/p>","protected":false},"featured_media":1951,"comment_status":"open","ping_status":"closed","template":"","meta":[],"product_cat":[29],"product_tag":[],"class_list":["post-261","product","type-product","status-publish","has-post-thumbnail","hentry","product_cat-multifunction-beauty-machine"],"_links":{"self":[{"href":"https:\/\/www.mlkjlasers.com\/fr\/wp-json\/wp\/v2\/product\/261","targetHints":{"allow":["GET"]}}],"collection":[{"href":"https:\/\/www.mlkjlasers.com\/fr\/wp-json\/wp\/v2\/product"}],"about":[{"href":"https:\/\/www.mlkjlasers.com\/fr\/wp-json\/wp\/v2\/types\/product"}],"replies":[{"embeddable":true,"href":"https:\/\/www.mlkjlasers.com\/fr\/wp-json\/wp\/v2\/comments?post=261"}],"wp:featuredmedia":[{"embeddable":true,"href":"https:\/\/www.mlkjlasers.com\/fr\/wp-json\/wp\/v2\/media\/1951"}],"wp:attachment":[{"href":"https:\/\/www.mlkjlasers.com\/fr\/wp-json\/wp\/v2\/media?parent=261"}],"wp:term":[{"taxonomy":"product_cat","embeddable":true,"href":"https:\/\/www.mlkjlasers.com\/fr\/wp-json\/wp\/v2\/product_cat?post=261"},{"taxonomy":"product_tag","embeddable":true,"href":"https:\/\/www.mlkjlasers.com\/fr\/wp-json\/wp\/v2\/product_tag?post=261"}],"curies":[{"name":"wp","href":"https:\/\/api.w.org\/{rel}","templated":true}]}}