{"id":268,"date":"2023-05-29T16:51:51","date_gmt":"2023-05-29T08:51:51","guid":{"rendered":"https:\/\/mingliang.leadsclouds.com\/?post_type=product&#038;p=268"},"modified":"2026-01-27T17:06:24","modified_gmt":"2026-01-27T09:06:24","slug":"exfu-11d-hifu-machine","status":"publish","type":"product","link":"https:\/\/www.mlkjlasers.com\/fr\/product\/exfu-11d-hifu-machine\/","title":{"rendered":"Ultrasons concentr\u00e9s \u00e0 haute intensit\u00e9 de la machine EXFU 11D HIFU"},"content":{"rendered":"<div class=\"se3_item\">\n<table style=\"border-collapse: collapse; width: 100%; height: 267px;\">\n<tbody>\n<tr style=\"height: 24px;\">\n<td style=\"width: 50%; height: 24px;\"><span style=\"font-family: helvetica, arial, sans-serif; color: #000000; font-size: 14pt;\"><b>Machine HIFU EXFU 11D<\/b><\/span><\/td>\n<td style=\"width: 50%; height: 24px;\"><\/td>\n<\/tr>\n<tr style=\"height: 24px;\">\n<td style=\"width: 50%; height: 24px;\">\n<div><span style=\"font-family: helvetica, arial, sans-serif; color: #000000; font-size: 14pt;\">Mod\u00e8le<\/span><\/div>\n<\/td>\n<td style=\"width: 50%; height: 24px;\">\n<div><span style=\"font-family: helvetica, arial, sans-serif; color: #000000; font-size: 14pt;\">Ultrasons concentr\u00e9s sur le dispositif de th\u00e9rapie 7D<\/span><\/div>\n<\/td>\n<\/tr>\n<tr style=\"height: 24px;\">\n<td style=\"width: 50%; height: 24px;\">\n<div><span style=\"font-family: helvetica, arial, sans-serif; color: #000000; font-size: 14pt;\">Nom<\/span><\/div>\n<\/td>\n<td style=\"width: 50%; height: 24px;\">\n<div><span style=\"font-family: helvetica, arial, sans-serif; color: #000000; font-size: 14pt;\">Ultrasons \u00e0 haute intensit\u00e9<\/span><\/div>\n<\/td>\n<\/tr>\n<tr style=\"height: 27px;\">\n<td style=\"width: 50%; height: 51px;\" rowspan=\"2\">\n<div><span style=\"font-family: helvetica, arial, sans-serif; color: #000000; font-size: 14pt;\">Poign\u00e9es<\/span><\/div>\n<\/td>\n<td style=\"width: 50%; height: 27px;\">\n<div><span style=\"font-family: helvetica, arial, sans-serif; color: #000000; font-size: 14pt;\">Facial: 1,5 mm, 3,0 mm, 4,5 mm<\/span><\/div>\n<\/td>\n<\/tr>\n<tr style=\"height: 24px;\">\n<td style=\"width: 50%; height: 24px;\">\n<div><span style=\"font-family: helvetica, arial, sans-serif; color: #000000; font-size: 14pt;\">HF: MF2\/6\/9\/13 L4-4.5 L7-1.5 L7-3.0<\/span><\/div>\n<\/td>\n<\/tr>\n<tr style=\"height: 24px;\">\n<td style=\"width: 50%; height: 24px;\">\n<div><span style=\"font-family: helvetica, arial, sans-serif; color: #000000; font-size: 14pt;\">Production \u00e9nerg\u00e9tique<\/span><\/div>\n<\/td>\n<td style=\"width: 50%; height: 24px;\">\n<div><span style=\"font-family: helvetica, arial, sans-serif; color: #000000; font-size: 14pt;\">0,1J-2,5J (0,1J par \u00e9tape)<\/span><\/div>\n<\/td>\n<\/tr>\n<tr style=\"height: 24px;\">\n<td style=\"width: 50%; height: 24px;\">\n<div><span style=\"font-family: helvetica, arial, sans-serif; color: #000000; font-size: 14pt;\">Espace entre points<\/span><\/div>\n<\/td>\n<td style=\"width: 50%; height: 24px;\">\n<div><span style=\"font-family: helvetica, arial, sans-serif; color: #000000; font-size: 14pt;\">1.0mm-4.0mm<\/span><\/div>\n<\/td>\n<\/tr>\n<tr style=\"height: 24px;\">\n<td style=\"width: 50%; height: 24px;\">\n<div><span style=\"font-family: helvetica, arial, sans-serif; color: #000000; font-size: 14pt;\">Longueur de tir<\/span><\/div>\n<\/td>\n<td style=\"width: 50%; height: 24px;\">\n<div><span style=\"font-family: helvetica, arial, sans-serif; color: #000000; font-size: 14pt;\">5mm \u00e0 25mm<\/span><\/div>\n<\/td>\n<\/tr>\n<tr style=\"height: 24px;\">\n<td style=\"width: 50%; height: 24px;\">\n<div><span style=\"font-family: helvetica, arial, sans-serif; color: #000000; font-size: 14pt;\">tirs<\/span><\/div>\n<\/td>\n<td style=\"width: 50%; height: 24px;\">\n<div><span style=\"font-family: helvetica, arial, sans-serif; color: #000000; font-size: 14pt;\">Chaque cartouche 300000 coups<\/span><\/div>\n<\/td>\n<\/tr>\n<tr style=\"height: 24px;\">\n<td style=\"width: 50%; height: 24px;\">\n<div><span style=\"font-family: helvetica, arial, sans-serif; color: #000000; font-size: 14pt;\">Taille de l'\u00e9cran<\/span><\/div>\n<\/td>\n<td style=\"width: 50%; height: 24px;\">\n<div><span style=\"font-family: helvetica, arial, sans-serif; color: #000000; font-size: 14pt;\">15 pouces<\/span><\/div>\n<\/td>\n<\/tr>\n<tr style=\"height: 24px;\">\n<td style=\"width: 50%; height: 24px;\">\n<div><span style=\"font-family: helvetica, arial, sans-serif; color: #000000; font-size: 14pt;\">Voltage<\/span><\/div>\n<\/td>\n<td style=\"width: 50%; height: 24px;\">\n<div><span style=\"font-family: helvetica, arial, sans-serif; color: #000000; font-size: 14pt;\">110V-240V, 50\/60Hz<\/span><\/div>\n<\/td>\n<\/tr>\n<\/tbody>\n<\/table>\n<\/div>\n<p><span style=\"font-family: helvetica, arial, sans-serif; color: #000000; font-size: 14pt;\">\u00a0\u00a0<img fetchpriority=\"high\" decoding=\"async\" class=\"aligncenter wp-image-1872\" src=\"https:\/\/mlkjlasers.com\/wp-content\/uploads\/2023\/05\/11D-HIFU-\u6d77\u62a5-3-e1689996250612.jpg\" alt=\"\" width=\"1920\" height=\"979\" srcset=\"https:\/\/www.mlkjlasers.com\/wp-content\/uploads\/2023\/05\/11D-HIFU-\u6d77\u62a5-3-e1689996250612.jpg 1200w, https:\/\/www.mlkjlasers.com\/wp-content\/uploads\/2023\/05\/11D-HIFU-\u6d77\u62a5-3-e1689996250612-300x153.jpg 300w, https:\/\/www.mlkjlasers.com\/wp-content\/uploads\/2023\/05\/11D-HIFU-\u6d77\u62a5-3-e1689996250612-1024x522.jpg 1024w, https:\/\/www.mlkjlasers.com\/wp-content\/uploads\/2023\/05\/11D-HIFU-\u6d77\u62a5-3-e1689996250612-768x392.jpg 768w, https:\/\/www.mlkjlasers.com\/wp-content\/uploads\/2023\/05\/11D-HIFU-\u6d77\u62a5-3-e1689996250612-600x306.jpg 600w\" sizes=\"(max-width: 1920px) 100vw, 1920px\" \/><\/span><\/p>\n<p><span style=\"font-family: helvetica, arial, sans-serif; color: #000000; font-size: 14pt;\"><strong>Profondeur de la machine de p\u00e9n\u00e9tration EXFU 11D HIFU<\/strong><br \/>\n<strong>Gammes d'applications:<\/strong><br \/>\n1. Enlevez les rides autour du front, des yeux, de la bouche, etc.<br \/>\n2. Levant et serrant la peau des deux joues.<br \/>\n3. Am\u00e9liorer l'\u00e9lasticit\u00e9 de la peau et fa\u00e7onner le contour.<br \/>\n4. Am\u00e9liorer la ligne de m\u00e2choire, r\u00e9duisant &#8220; marionnette lignes&#8221;.<br \/>\n5. Serrer le tissu de la peau sur le front, soulever les lignes des sourcils.<br \/>\n6. Am\u00e9liorer le teint de la peau, rendant la peau d\u00e9licate et lumineuse.<br \/>\n7. Correspondance avec la beaut\u00e9 d'injection comme l'acide hyaluronique, le collag\u00e8ne, pour r\u00e9soudre plus de probl\u00e8me de vieillissement.<br \/>\n8. Supprimer les rides du cou, prot\u00e9ger le vieillissement du cou.<\/span><\/p>\n<p><span style=\"font-family: helvetica, arial, sans-serif; color: #000000; font-size: 14pt;\">\u00a0 \u00a0 \u00a0 \u00a0 \u00a0<\/span><\/p>\n<div class=\"se3_item\">\n<div class=\"des1\" style=\"text-align: left;\">\n<div class=\"l left\"><span style=\"font-family: helvetica, arial, sans-serif; color: #000000; font-size: 14pt;\"><img decoding=\"async\" class=\"aligncenter wp-image-1867\" src=\"https:\/\/mlkjlasers.com\/wp-content\/uploads\/2023\/05\/7D\u6cbb\u7597\u5934.png\" alt=\"\" width=\"1920\" height=\"2234\" srcset=\"https:\/\/www.mlkjlasers.com\/wp-content\/uploads\/2023\/05\/7D\u6cbb\u7597\u5934.png 1058w, https:\/\/www.mlkjlasers.com\/wp-content\/uploads\/2023\/05\/7D\u6cbb\u7597\u5934-258x300.png 258w, https:\/\/www.mlkjlasers.com\/wp-content\/uploads\/2023\/05\/7D\u6cbb\u7597\u5934-880x1024.png 880w, https:\/\/www.mlkjlasers.com\/wp-content\/uploads\/2023\/05\/7D\u6cbb\u7597\u5934-768x894.png 768w, https:\/\/www.mlkjlasers.com\/wp-content\/uploads\/2023\/05\/7D\u6cbb\u7597\u5934-600x698.png 600w\" sizes=\"(max-width: 1920px) 100vw, 1920px\" \/><\/span><\/div>\n<div><\/div>\n<\/div>\n<\/div>\n<div><\/div>\n<div><\/div>\n<div class=\"se3_item\">\n<div class=\"des1\" style=\"text-align: left;\">\n<div class=\"r right\">\n<p><span style=\"font-family: helvetica, arial, sans-serif; color: #000000; font-size: 14pt;\">\u2022 Th\u00e9rapie par ultrasons, (<strong>HIFU<\/strong>fournit une \u00e9nergie d'\u00e9chographie concentr\u00e9e \u00e0 la m\u00eame couche fondamentale (SMAS) habituellement trait\u00e9e par les chirurgiens lors de la chirurgie esth\u00e9tique.<\/span><\/p>\n<p><span style=\"font-family: helvetica, arial, sans-serif; color: #000000; font-size: 14pt;\">Contrairement aux lasers, aux radiofr\u00e9quences et \u00e0 d\u2019autres dispositifs, le dispositif HIFU contourne la surface de la peau pour d\u00e9livrer de l\u2019\u00e9nergie \u00e0 des profondeurs optimales.<\/span><\/p>\n<p><span style=\"font-family: helvetica, arial, sans-serif; color: #000000; font-size: 14pt;\">\u2022 Les r\u00e9sultats se produisent instantan\u00e9ment, mais il est pr\u00e9f\u00e9rable d\u2019appara\u00eetre au cours de deux \u00e0 trois mois lorsque de nouveaux collag\u00e8nes s\u2019accumulent, soulevant progressivement et resserrant la peau.<\/span><\/p>\n<p><span style=\"font-family: helvetica, arial, sans-serif; color: #000000; font-size: 14pt;\">\u2022 Le processus se poursuit jusqu\u2019\u00e0 6 mois apr\u00e8s le traitement.<\/span><\/p>\n<p>&nbsp;<\/p>\n<\/div>\n<\/div>\n<\/div>\n<p><span style=\"font-family: helvetica, arial, sans-serif; color: #000000; font-size: 14pt;\"><img decoding=\"async\" class=\"aligncenter wp-image-1879\" src=\"https:\/\/mlkjlasers.com\/wp-content\/uploads\/2023\/05\/11D-HIFU\u8be6\u60c5-4.jpg\" alt=\"\" width=\"1920\" height=\"2214\" srcset=\"https:\/\/www.mlkjlasers.com\/wp-content\/uploads\/2023\/05\/11D-HIFU\u8be6\u60c5-4.jpg 1200w, https:\/\/www.mlkjlasers.com\/wp-content\/uploads\/2023\/05\/11D-HIFU\u8be6\u60c5-4-260x300.jpg 260w, https:\/\/www.mlkjlasers.com\/wp-content\/uploads\/2023\/05\/11D-HIFU\u8be6\u60c5-4-888x1024.jpg 888w, https:\/\/www.mlkjlasers.com\/wp-content\/uploads\/2023\/05\/11D-HIFU\u8be6\u60c5-4-768x886.jpg 768w, https:\/\/www.mlkjlasers.com\/wp-content\/uploads\/2023\/05\/11D-HIFU\u8be6\u60c5-4-600x692.jpg 600w\" sizes=\"(max-width: 1920px) 100vw, 1920px\" \/><\/span><\/p>\n<div class=\"se3_item\">\n<div class=\"des2\">\n<div class=\"des_box1\">\n<p style=\"text-align: left;\"><span style=\"font-family: helvetica, arial, sans-serif; color: #000000; font-size: 14pt;\">Th\u00e9rapie par ultrasons avanc\u00e9e<\/span><\/p>\n<p style=\"text-align: left;\"><span style=\"font-family: helvetica, arial, sans-serif; color: #000000; font-size: 14pt;\">1. traitement non chirurgical de levage facial, serrage et syst\u00e8me de mise en forme de contour du corps;<\/span><\/p>\n<p style=\"text-align: left;\"><span style=\"font-family: helvetica, arial, sans-serif; color: #000000; font-size: 14pt;\">2.Le monde&#8217; la derni\u00e8re technologie d'ultrasons concentr\u00e9e sur la haute \u00e9nergie;<\/span><\/p>\n<p style=\"text-align: left;\"><span style=\"font-family: helvetica, arial, sans-serif; color: #000000; font-size: 14pt;\">3.Non invasif, s\u00fbr, rapide, confortable et efficace;<\/span><\/p>\n<p style=\"text-align: left;\"><span style=\"font-family: helvetica, arial, sans-serif; color: #000000; font-size: 14pt;\">4.7 cartouche faciale 1.5mm, 2.0mm, 3.0mm et 4.5mm;<\/span><\/p>\n<p style=\"text-align: left;\"><span style=\"font-family: helvetica, arial, sans-serif; color: #000000; font-size: 14pt;\">5.La profondeur de la sonde de 6 mm, 9 mm et 13 mm peut traiter de mani\u00e8re exhaustive du vieillissement de la peau;<\/span><\/p>\n<p style=\"text-align: left;\"><span style=\"font-family: helvetica, arial, sans-serif; color: #000000; font-size: 14pt;\">6.La sonde de 2,0 mm est unique au monde et peut \u00eatre utilis\u00e9e sous tous les aspects sans zone interdite;<\/span><\/p>\n<p style=\"text-align: left;\"><span style=\"font-family: helvetica, arial, sans-serif; color: #000000; font-size: 14pt;\">Le levage 7.Face, le resserrement de la peau et la dissolution de la graisse, peuvent faire dans une machine.<\/span><\/p>\n<p><span style=\"font-family: helvetica, arial, sans-serif; color: #000000; font-size: 14pt;\">\u00a0<\/span><\/p>\n<p><span style=\"font-family: helvetica, arial, sans-serif; color: #000000; font-size: 14pt;\"><img loading=\"lazy\" decoding=\"async\" class=\"aligncenter wp-image-1881\" src=\"https:\/\/mlkjlasers.com\/wp-content\/uploads\/2023\/05\/11D-HIFU\u8be6\u60c5-6-e1689994625795.jpg\" alt=\"\" width=\"1920\" height=\"754\" srcset=\"https:\/\/www.mlkjlasers.com\/wp-content\/uploads\/2023\/05\/11D-HIFU\u8be6\u60c5-6-e1689994625795.jpg 1200w, https:\/\/www.mlkjlasers.com\/wp-content\/uploads\/2023\/05\/11D-HIFU\u8be6\u60c5-6-e1689994625795-300x118.jpg 300w, https:\/\/www.mlkjlasers.com\/wp-content\/uploads\/2023\/05\/11D-HIFU\u8be6\u60c5-6-e1689994625795-1024x402.jpg 1024w, https:\/\/www.mlkjlasers.com\/wp-content\/uploads\/2023\/05\/11D-HIFU\u8be6\u60c5-6-e1689994625795-768x301.jpg 768w, https:\/\/www.mlkjlasers.com\/wp-content\/uploads\/2023\/05\/11D-HIFU\u8be6\u60c5-6-e1689994625795-600x236.jpg 600w\" sizes=\"(max-width: 1920px) 100vw, 1920px\" \/><span style=\"font-size: 14pt;\">Fonctions :<\/span><\/span><\/p>\n<\/div>\n<p style=\"text-align: left;\"><span style=\"font-family: helvetica, arial, sans-serif; color: #000000; font-size: 14pt;\">La derni\u00e8re machine HIFU a au total 11 sondes, qui sont enti\u00e8rement sculpt\u00e9es et anti-vieillissement.<\/span><\/p>\n<p style=\"text-align: left;\"><span style=\"font-family: helvetica, arial, sans-serif; color: #000000; font-size: 14pt;\">1. Sonde faciale 1,5 mm, 3,0 mm, 4,5 mm, fa\u00e7onnage de contour, levage et serrage, dilution et enl\u00e8vement des lignes fronz\u00e9es, crow&#8217; pieds, lignes l\u00e9gales, double menton, lignes de cou.<\/span><\/p>\n<p style=\"text-align: left;\"><span style=\"font-family: helvetica, arial, sans-serif; color: #000000; font-size: 14pt;\">2. sonde du corps, 6mm, 9mm, 13mm, r\u00e9duisant la graisse et fa\u00e7onnant le corps, enlevant le tissu de la peau d'orange &amp; amp; cellulite, resserrer et soulever la peau du corps, la poitrine et les fesses.<\/span><\/p>\n<p style=\"text-align: left;\"><span style=\"font-family: helvetica, arial, sans-serif; color: #000000; font-size: 14pt;\">3. La sonde brevet\u00e9e de 2,0 mm a un effet significatif sur les vergetures, les marques de croissance et les marques d'ob\u00e9sit\u00e9.<\/span><\/p>\n<div class=\"des_box1\">\n<div class=\"des\">\n<p><span style=\"font-family: helvetica, arial, sans-serif; color: #000000; font-size: 14pt;\"><img loading=\"lazy\" decoding=\"async\" class=\"aligncenter wp-image-1882\" src=\"https:\/\/mlkjlasers.com\/wp-content\/uploads\/2023\/05\/11D-HIFU\u8be6\u60c5-7.jpg\" alt=\"\" width=\"1920\" height=\"2226\" srcset=\"https:\/\/www.mlkjlasers.com\/wp-content\/uploads\/2023\/05\/11D-HIFU\u8be6\u60c5-7.jpg 1200w, https:\/\/www.mlkjlasers.com\/wp-content\/uploads\/2023\/05\/11D-HIFU\u8be6\u60c5-7-259x300.jpg 259w, https:\/\/www.mlkjlasers.com\/wp-content\/uploads\/2023\/05\/11D-HIFU\u8be6\u60c5-7-883x1024.jpg 883w, https:\/\/www.mlkjlasers.com\/wp-content\/uploads\/2023\/05\/11D-HIFU\u8be6\u60c5-7-768x890.jpg 768w, https:\/\/www.mlkjlasers.com\/wp-content\/uploads\/2023\/05\/11D-HIFU\u8be6\u60c5-7-600x696.jpg 600w\" sizes=\"(max-width: 1920px) 100vw, 1920px\" \/><\/span><span style=\"font-family: helvetica, arial, sans-serif; color: #000000; font-size: 14pt;\">Avant et apr\u00e8s<\/span><\/p>\n<p><span style=\"font-family: helvetica, arial, sans-serif; color: #000000; font-size: 14pt;\"><img loading=\"lazy\" decoding=\"async\" class=\"aligncenter wp-image-1884\" src=\"https:\/\/mlkjlasers.com\/wp-content\/uploads\/2023\/05\/11D-HIFU\u8be6\u60c5-9.jpg\" alt=\"\" width=\"1920\" height=\"1044\" srcset=\"https:\/\/www.mlkjlasers.com\/wp-content\/uploads\/2023\/05\/11D-HIFU\u8be6\u60c5-9.jpg 750w, https:\/\/www.mlkjlasers.com\/wp-content\/uploads\/2023\/05\/11D-HIFU\u8be6\u60c5-9-300x163.jpg 300w, https:\/\/www.mlkjlasers.com\/wp-content\/uploads\/2023\/05\/11D-HIFU\u8be6\u60c5-9-600x326.jpg 600w\" sizes=\"(max-width: 1920px) 100vw, 1920px\" \/><\/span><\/p>\n<p><span style=\"font-size: 14pt;\"><img loading=\"lazy\" decoding=\"async\" class=\"aligncenter wp-image-1883\" src=\"https:\/\/www.mlkjlasers.com\/wp-content\/uploads\/2023\/05\/11D-HIFU\u8be6\u60c5-8.jpg\" alt=\"\" width=\"1920\" height=\"1978\" srcset=\"https:\/\/www.mlkjlasers.com\/wp-content\/uploads\/2023\/05\/11D-HIFU\u8be6\u60c5-8.jpg 1200w, https:\/\/www.mlkjlasers.com\/wp-content\/uploads\/2023\/05\/11D-HIFU\u8be6\u60c5-8-291x300.jpg 291w, https:\/\/www.mlkjlasers.com\/wp-content\/uploads\/2023\/05\/11D-HIFU\u8be6\u60c5-8-994x1024.jpg 994w, https:\/\/www.mlkjlasers.com\/wp-content\/uploads\/2023\/05\/11D-HIFU\u8be6\u60c5-8-768x791.jpg 768w, https:\/\/www.mlkjlasers.com\/wp-content\/uploads\/2023\/05\/11D-HIFU\u8be6\u60c5-8-600x618.jpg 600w\" sizes=\"(max-width: 1920px) 100vw, 1920px\" \/><strong style=\"color: #000000; font-style: italic;\"><span style=\"font-family: helvetica, arial, sans-serif;\">LED \u00e9cran tactile syst\u00e8me de contr\u00f4le intelligent Hifu dispositif<\/span><\/strong><\/span><\/p>\n<p><span style=\"font-size: 14pt;\"><strong style=\"color: #000000; font-style: italic;\"><span style=\"font-family: helvetica, arial, sans-serif;\">\u00c9cran 4K de 15 pouces, exp\u00e9rience tactile intelligente<\/span><\/strong><\/span><\/p>\n<p><span style=\"color: #000000; font-family: helvetica, arial, sans-serif; font-style: italic; font-size: 14pt;\">* Pr\u00e9r\u00e9glages de traitement personnalisables<\/span><\/p>\n<p><span style=\"color: #000000; font-family: helvetica, arial, sans-serif; font-style: italic; font-size: 14pt;\">* Avec masculin et f\u00e9minin, 6 styles de peau \u00e0 choisir<\/span><\/p>\n<p><span style=\"color: #000000; font-family: helvetica, arial, sans-serif; font-style: italic; font-size: 14pt;\">* Facile \u00e0 utiliser fournissant des comp\u00e9tences op\u00e9rationnelles et des services d'enseignement<\/span><\/p>\n<p><span style=\"color: #000000; font-family: helvetica, arial, sans-serif; font-style: italic; font-size: 14pt;\">* Le logo et la langue gratuits peuvent \u00eatre personnalis\u00e9s sur l'\u00e9cran<\/span><\/p>\n<p><span style=\"font-size: 14pt;\"><img loading=\"lazy\" decoding=\"async\" class=\"aligncenter wp-image-1877\" src=\"https:\/\/www.mlkjlasers.com\/wp-content\/uploads\/2023\/05\/11D-HIFU\u8be6\u60c5-2.jpg\" alt=\"\" width=\"1920\" height=\"1184\" srcset=\"https:\/\/www.mlkjlasers.com\/wp-content\/uploads\/2023\/05\/11D-HIFU\u8be6\u60c5-2.jpg 1200w, https:\/\/www.mlkjlasers.com\/wp-content\/uploads\/2023\/05\/11D-HIFU\u8be6\u60c5-2-300x185.jpg 300w, https:\/\/www.mlkjlasers.com\/wp-content\/uploads\/2023\/05\/11D-HIFU\u8be6\u60c5-2-1024x631.jpg 1024w, https:\/\/www.mlkjlasers.com\/wp-content\/uploads\/2023\/05\/11D-HIFU\u8be6\u60c5-2-768x474.jpg 768w, https:\/\/www.mlkjlasers.com\/wp-content\/uploads\/2023\/05\/11D-HIFU\u8be6\u60c5-2-600x370.jpg 600w\" sizes=\"(max-width: 1920px) 100vw, 1920px\" \/><\/span><\/p>\n<p><span style=\"font-size: 14pt;\"><img loading=\"lazy\" decoding=\"async\" class=\"aligncenter wp-image-1871\" src=\"https:\/\/www.mlkjlasers.com\/wp-content\/uploads\/2023\/05\/11D-HIFU-\u6d77\u62a5-2.jpg\" alt=\"\" width=\"1920\" height=\"997\" srcset=\"https:\/\/www.mlkjlasers.com\/wp-content\/uploads\/2023\/05\/11D-HIFU-\u6d77\u62a5-2.jpg 1200w, https:\/\/www.mlkjlasers.com\/wp-content\/uploads\/2023\/05\/11D-HIFU-\u6d77\u62a5-2-300x156.jpg 300w, https:\/\/www.mlkjlasers.com\/wp-content\/uploads\/2023\/05\/11D-HIFU-\u6d77\u62a5-2-1024x532.jpg 1024w, https:\/\/www.mlkjlasers.com\/wp-content\/uploads\/2023\/05\/11D-HIFU-\u6d77\u62a5-2-768x399.jpg 768w, https:\/\/www.mlkjlasers.com\/wp-content\/uploads\/2023\/05\/11D-HIFU-\u6d77\u62a5-2-600x312.jpg 600w\" sizes=\"(max-width: 1920px) 100vw, 1920px\" \/><strong style=\"color: #000000; font-family: helvetica, arial, sans-serif; font-style: italic;\"><a style=\"color: #000000;\" href=\"https:\/\/exfulaser.com\/single\/contact.html\" target=\"_blank\" rel=\"noopener\">Veuillez nous contacter pour le prix le plus bas !!!<\/a><\/strong><\/span><\/p>\n<\/div>\n<\/div>\n<\/div>\n<\/div>","protected":false},"excerpt":{"rendered":"<p style=\"text-align: left;\"><span style=\"font-family: helvetica, arial, sans-serif;\">* Un taux \u00e9lev\u00e9 de r\u00e9p\u00e9tition des impulsions courtes sont livr\u00e9s profond\u00e9ment dans le derme, obtenant une puissance moyenne \u00e9lev\u00e9e et une accumulation de chaleur th\u00e9rapeutiquement efficace, pratiquement sans douleur.<\/span><\/p>\n<p><span style=\"font-family: helvetica, arial, sans-serif;\">* La derni\u00e8re machine HIFU a au total 11 sondes, qui sont enti\u00e8rement sculpt\u00e9es et anti-vieillissement.<\/span><\/p>\n<p><span style=\"font-family: helvetica, arial, sans-serif;\">* Traitement non chirurgical du syst\u00e8me de levage du visage, de serrage et de mise en forme du contour du corps. Le monde&#8217; la derni\u00e8re technologie d'ultrasons concentr\u00e9e sur la haute \u00e9nergie.<\/span><\/p>","protected":false},"featured_media":1885,"comment_status":"open","ping_status":"closed","template":"","meta":[],"product_cat":[30],"product_tag":[],"class_list":["post-268","product","type-product","status-publish","has-post-thumbnail","hentry","product_cat-11d-hifu"],"_links":{"self":[{"href":"https:\/\/www.mlkjlasers.com\/fr\/wp-json\/wp\/v2\/product\/268","targetHints":{"allow":["GET"]}}],"collection":[{"href":"https:\/\/www.mlkjlasers.com\/fr\/wp-json\/wp\/v2\/product"}],"about":[{"href":"https:\/\/www.mlkjlasers.com\/fr\/wp-json\/wp\/v2\/types\/product"}],"replies":[{"embeddable":true,"href":"https:\/\/www.mlkjlasers.com\/fr\/wp-json\/wp\/v2\/comments?post=268"}],"wp:featuredmedia":[{"embeddable":true,"href":"https:\/\/www.mlkjlasers.com\/fr\/wp-json\/wp\/v2\/media\/1885"}],"wp:attachment":[{"href":"https:\/\/www.mlkjlasers.com\/fr\/wp-json\/wp\/v2\/media?parent=268"}],"wp:term":[{"taxonomy":"product_cat","embeddable":true,"href":"https:\/\/www.mlkjlasers.com\/fr\/wp-json\/wp\/v2\/product_cat?post=268"},{"taxonomy":"product_tag","embeddable":true,"href":"https:\/\/www.mlkjlasers.com\/fr\/wp-json\/wp\/v2\/product_tag?post=268"}],"curies":[{"name":"wp","href":"https:\/\/api.w.org\/{rel}","templated":true}]}}