{"id":2690,"date":"2023-11-10T09:27:29","date_gmt":"2023-11-10T01:27:29","guid":{"rendered":"https:\/\/mlkjlasers.com\/?post_type=product&#038;p=2690"},"modified":"2026-01-26T16:39:43","modified_gmt":"2026-01-26T08:39:43","slug":"new-design-nd-yag-laser-tattoo-removal-microneedle-980nm-laser-elight-ipl-diode-laser-hair-removal-7d-hifu-machine","status":"publish","type":"product","link":"https:\/\/www.mlkjlasers.com\/fr\/product\/new-design-nd-yag-laser-tattoo-removal-microneedle-980nm-laser-elight-ipl-diode-laser-hair-removal-7d-hifu-machine\/","title":{"rendered":"4in1 machine multifonctionnelle microaiguilles RF machine laser de la diode d'\u00e9pilation 980nm hifu 808 de rajeunissement de la peau"},"content":{"rendered":"<div class=\"J_module\">\n<div class=\"icbu-pc-images magic-0\">\n<div>\n<div class=\"flex-layout-v\">\n<div class=\"flex-layout-h magic-0\">\n<div class=\"magic-1\"><span style=\"font-size: 14pt;\"><img fetchpriority=\"high\" decoding=\"async\" class=\"aligncenter wp-image-3610\" src=\"https:\/\/www.mlkjlasers.com\/wp-content\/uploads\/2026\/01\/EXFU-M1\u591a\u529f\u80fd808HIFU\u5fae\u9488980\u8be6\u60c5\u9875_01.jpg\" alt=\"\" width=\"1920\" height=\"3177\" srcset=\"https:\/\/www.mlkjlasers.com\/wp-content\/uploads\/2026\/01\/EXFU-M1\u591a\u529f\u80fd808HIFU\u5fae\u9488980\u8be6\u60c5\u9875_01.jpg 750w, https:\/\/www.mlkjlasers.com\/wp-content\/uploads\/2026\/01\/EXFU-M1\u591a\u529f\u80fd808HIFU\u5fae\u9488980\u8be6\u60c5\u9875_01-181x300.jpg 181w, https:\/\/www.mlkjlasers.com\/wp-content\/uploads\/2026\/01\/EXFU-M1\u591a\u529f\u80fd808HIFU\u5fae\u9488980\u8be6\u60c5\u9875_01-619x1024.jpg 619w, https:\/\/www.mlkjlasers.com\/wp-content\/uploads\/2026\/01\/EXFU-M1\u591a\u529f\u80fd808HIFU\u5fae\u9488980\u8be6\u60c5\u9875_01-600x993.jpg 600w\" sizes=\"(max-width: 1920px) 100vw, 1920px\" \/><\/span><\/div>\n<\/div>\n<\/div>\n<\/div>\n<\/div>\n<\/div>\n<div class=\"J_module\" style=\"text-align: left;\">\n<div class=\"detail-decorate-json-renderer-container\">\n<div class=\"magic-5\">\n<div class=\"magic-6\">\n<div class=\"magic-7\">\n<div class=\"magic-8\">\n<div class=\"magic-9\"><span style=\"font-size: 14pt; font-family: helvetica, arial, sans-serif;\"><b class=\"magic-10\"><span class=\"magic-11\">Description du produit<br \/>\nPour cette machine, elle dispose au total de 4 poign\u00e9es. Match selon vos besoins.<\/span><\/b><\/span><\/div>\n<div class=\"magic-9\"><span style=\"font-size: 14pt; font-family: helvetica, arial, sans-serif;\"><b>1) poign\u00e9e laser de diode, utilisation pour:<\/b><\/span><\/div>\n<div class=\"magic-9\"><span style=\"font-size: 14pt; font-family: helvetica, arial, sans-serif;\">\u00c9pilation permanente.<\/span><\/div>\n<div class=\"magic-9\"><span style=\"font-size: 14pt; font-family: helvetica, arial, sans-serif;\"><b>2) poign\u00e9e HIFU, utilisation pour:<\/b><\/span><\/div>\n<div class=\"magic-9\"><span style=\"font-size: 14pt; font-family: helvetica, arial, sans-serif;\">La mise en forme de contours de r\u00e9duction des rides<\/span><\/div>\n<div class=\"magic-9\"><span style=\"font-size: 14pt; font-family: helvetica, arial, sans-serif;\"><b>3) poign\u00e9e de microaiguille, utilisation pour:<\/b><\/span><\/div>\n<div class=\"magic-9\">\n<div class=\"magic-9\"><span style=\"font-size: 14pt; font-family: helvetica, arial, sans-serif;\">Contour de r\u00e9duction des rides, anti-rides dissoudre la graisse, soulever et promouvoir la r\u00e9g\u00e9n\u00e9ration de la peau<\/span><\/div>\n<div class=\"magic-9\"><span style=\"font-size: 14pt; font-family: helvetica, arial, sans-serif;\"><b>4) laser 980nm, utilisation pour:<\/b><\/span><\/div>\n<div class=\"magic-9\"><span style=\"font-size: 14pt; font-family: helvetica, arial, sans-serif;\">Enl\u00e8vement de la lign\u00e9e rouge de la veine d'araign\u00e9e, traitement de champignons d'ongles gris<\/span><\/div>\n<\/div>\n<\/div>\n<\/div>\n<\/div>\n<\/div>\n<\/div>\n<\/div>\n<div class=\"J_module\" style=\"text-align: left;\">\n<div id=\"ali-anchor-AliMagic-ma4kpp\" class=\"magic-13\" data-section=\"AliMagic-ma4kpp\" data-section-title=\"Product Description\"><span style=\"font-size: 14pt;\"><img decoding=\"async\" class=\"aligncenter wp-image-3612\" src=\"https:\/\/www.mlkjlasers.com\/wp-content\/uploads\/2026\/01\/EXFU-M1\u591a\u529f\u80fd808HIFU\u5fae\u9488980\u8be6\u60c5\u9875_03.jpg\" alt=\"\" width=\"1920\" height=\"2634\" srcset=\"https:\/\/www.mlkjlasers.com\/wp-content\/uploads\/2026\/01\/EXFU-M1\u591a\u529f\u80fd808HIFU\u5fae\u9488980\u8be6\u60c5\u9875_03.jpg 750w, https:\/\/www.mlkjlasers.com\/wp-content\/uploads\/2026\/01\/EXFU-M1\u591a\u529f\u80fd808HIFU\u5fae\u9488980\u8be6\u60c5\u9875_03-219x300.jpg 219w, https:\/\/www.mlkjlasers.com\/wp-content\/uploads\/2026\/01\/EXFU-M1\u591a\u529f\u80fd808HIFU\u5fae\u9488980\u8be6\u60c5\u9875_03-746x1024.jpg 746w, https:\/\/www.mlkjlasers.com\/wp-content\/uploads\/2026\/01\/EXFU-M1\u591a\u529f\u80fd808HIFU\u5fae\u9488980\u8be6\u60c5\u9875_03-600x823.jpg 600w\" sizes=\"(max-width: 1920px) 100vw, 1920px\" \/><\/span><\/div>\n<\/div>\n<div class=\"J_module\" style=\"text-align: left;\">\n<div id=\"ali-anchor-AliMagic-sj5rec\" class=\"magic-13\" data-section=\"AliMagic-sj5rec\" data-section-title=\"About Handle\"><span style=\"font-size: 14pt; font-family: helvetica, arial, sans-serif;\">\u00c0 propos de Handle<\/span><\/div>\n<\/div>\n<div class=\"J_module\" style=\"text-align: left;\">\n<div class=\"icbu-pc-images magic-0\">\n<div>\n<div class=\"flex-layout-v\">\n<div class=\"flex-layout-h magic-0\">\n<div class=\"magic-16\"><span style=\"font-size: 14pt; font-family: helvetica, arial, sans-serif;\"><img decoding=\"async\" class=\"aligncenter wp-image-3617\" src=\"https:\/\/www.mlkjlasers.com\/wp-content\/uploads\/2026\/01\/EXFU-M1\u591a\u529f\u80fd808HIFU\u5fae\u9488980\u8be6\u60c5\u9875_08.jpg\" alt=\"\" width=\"1920\" height=\"3418\" srcset=\"https:\/\/www.mlkjlasers.com\/wp-content\/uploads\/2026\/01\/EXFU-M1\u591a\u529f\u80fd808HIFU\u5fae\u9488980\u8be6\u60c5\u9875_08.jpg 750w, https:\/\/www.mlkjlasers.com\/wp-content\/uploads\/2026\/01\/EXFU-M1\u591a\u529f\u80fd808HIFU\u5fae\u9488980\u8be6\u60c5\u9875_08-169x300.jpg 169w, https:\/\/www.mlkjlasers.com\/wp-content\/uploads\/2026\/01\/EXFU-M1\u591a\u529f\u80fd808HIFU\u5fae\u9488980\u8be6\u60c5\u9875_08-575x1024.jpg 575w, https:\/\/www.mlkjlasers.com\/wp-content\/uploads\/2026\/01\/EXFU-M1\u591a\u529f\u80fd808HIFU\u5fae\u9488980\u8be6\u60c5\u9875_08-600x1068.jpg 600w\" sizes=\"(max-width: 1920px) 100vw, 1920px\" \/><\/span><\/div>\n<\/div>\n<\/div>\n<\/div>\n<\/div>\n<\/div>\n<div class=\"J_module\" style=\"text-align: left;\">\n<div class=\"detail-decorate-json-renderer-container\">\n<div class=\"magic-5\">\n<div class=\"magic-6\">\n<div class=\"magic-7\">\n<div class=\"magic-8\">\n<div><\/div>\n<div class=\"magic-18\"><span style=\"font-size: 14pt; font-family: helvetica, arial, sans-serif;\"><b class=\"magic-19\"><span class=\"magic-20\" style=\"color: #48916c;\"><span class=\"magic-21\">Costumes laser \u00e0 diode <\/span><i class=\"magic-22\">pour toute peau<\/i><span class=\"magic-21\"> et traitement des types de cheveux.<\/span><\/span><\/b><\/span><\/div>\n<div class=\"magic-18\"><span style=\"font-size: 14pt; font-family: helvetica, arial, sans-serif;\"><b class=\"magic-10\"><span class=\"magic-20\" style=\"color: #48916c;\">Barre laser import\u00e9e. 50 millions de coups.<\/span><\/b><\/span><\/div>\n<div><span style=\"font-size: 14pt;\"><img loading=\"lazy\" decoding=\"async\" class=\"aligncenter wp-image-3616\" src=\"https:\/\/www.mlkjlasers.com\/wp-content\/uploads\/2026\/01\/EXFU-M1\u591a\u529f\u80fd808HIFU\u5fae\u9488980\u8be6\u60c5\u9875_07.jpg\" alt=\"\" width=\"1920\" height=\"1646\" srcset=\"https:\/\/www.mlkjlasers.com\/wp-content\/uploads\/2026\/01\/EXFU-M1\u591a\u529f\u80fd808HIFU\u5fae\u9488980\u8be6\u60c5\u9875_07.jpg 750w, https:\/\/www.mlkjlasers.com\/wp-content\/uploads\/2026\/01\/EXFU-M1\u591a\u529f\u80fd808HIFU\u5fae\u9488980\u8be6\u60c5\u9875_07-300x257.jpg 300w, https:\/\/www.mlkjlasers.com\/wp-content\/uploads\/2026\/01\/EXFU-M1\u591a\u529f\u80fd808HIFU\u5fae\u9488980\u8be6\u60c5\u9875_07-600x514.jpg 600w\" sizes=\"(max-width: 1920px) 100vw, 1920px\" \/><\/span><\/div>\n<div><span style=\"font-size: 14pt;\">\u25cf  Sans douleur: laser \u00e0 diode 755\/808\/1064nm pour tous les types d'\u00e9pilation de la peau<\/span><br \/>\n<span style=\"font-size: 14pt;\">\u25cf  RAPIDE: op\u00e9ration de coulissement spot de grande superficie<\/span><br \/>\n<span style=\"font-size: 14pt;\">\u25cf  Pas de traumatisme: il n'y a pas de traumatisme aux tissus cutan\u00e9s<\/span><br \/>\n<span style=\"font-size: 14pt;\">\u25cf  S\u00c9CURIT\u00c9: Pour \u00e9viter la lumi\u00e8re du d\u00e9put\u00e9 pour r\u00e9duire la difficult\u00e9 de fonctionnement<\/span><\/div>\n<div><span style=\"font-size: 14pt;\"><img loading=\"lazy\" decoding=\"async\" class=\"aligncenter wp-image-3615\" src=\"https:\/\/www.mlkjlasers.com\/wp-content\/uploads\/2026\/01\/EXFU-M1\u591a\u529f\u80fd808HIFU\u5fae\u9488980\u8be6\u60c5\u9875_06.jpg\" alt=\"\" width=\"1920\" height=\"1490\" srcset=\"https:\/\/www.mlkjlasers.com\/wp-content\/uploads\/2026\/01\/EXFU-M1\u591a\u529f\u80fd808HIFU\u5fae\u9488980\u8be6\u60c5\u9875_06.jpg 750w, https:\/\/www.mlkjlasers.com\/wp-content\/uploads\/2026\/01\/EXFU-M1\u591a\u529f\u80fd808HIFU\u5fae\u9488980\u8be6\u60c5\u9875_06-300x233.jpg 300w, https:\/\/www.mlkjlasers.com\/wp-content\/uploads\/2026\/01\/EXFU-M1\u591a\u529f\u80fd808HIFU\u5fae\u9488980\u8be6\u60c5\u9875_06-600x466.jpg 600w\" sizes=\"(max-width: 1920px) 100vw, 1920px\" \/><\/span><\/div>\n<\/div>\n<\/div>\n<\/div>\n<\/div>\n<\/div>\n<\/div>\n<div class=\"J_module\" style=\"text-align: left;\">\n<div class=\"icbu-pc-images magic-0\">\n<div>\n<div class=\"flex-layout-v\">\n<div class=\"flex-layout-h magic-0\">\n<div class=\"magic-23\"><b style=\"font-family: helvetica, arial, sans-serif; font-size: 14pt;\">Cartouches 11D<\/b><\/div>\n<\/div>\n<\/div>\n<\/div>\n<\/div>\n<\/div>\n<div class=\"J_module\" style=\"text-align: left;\">\n<div class=\"detail-decorate-json-renderer-container\">\n<div class=\"magic-5\">\n<div class=\"magic-6\">\n<div class=\"magic-7\">\n<div class=\"magic-8\"><span style=\"font-size: 14pt; font-family: helvetica, arial, sans-serif;\"><b><span style=\"color: #48916c;\">L7-1.5mm, MF2.0mm, L7-3.0mm, L4-4.5mm, MF6.0mm, <\/span><\/b><\/span><\/div>\n<div class=\"magic-8\"><span style=\"font-size: 14pt; font-family: helvetica, arial, sans-serif;\"><b><span style=\"color: #bf4c76;\">MF9.0mm, MF13.0mm, DL1.5, DL2.0, DL3.0, DL4.5 <\/span><\/b><\/span><\/div>\n<div class=\"magic-8\"><span style=\"font-size: 14pt; font-family: helvetica, arial, sans-serif;\"> 1. Enlevez les rides autour du front, des yeux, de la bouche, etc. <\/span><\/div>\n<div class=\"magic-8\"><span style=\"font-size: 14pt; font-family: helvetica, arial, sans-serif;\">2. Levant et serrant la peau des deux joues. <\/span><\/div>\n<div class=\"magic-8\"><span style=\"font-size: 14pt; font-family: helvetica, arial, sans-serif;\">3. Am\u00e9liorer l'\u00e9lasticit\u00e9 de la peau et fa\u00e7onner le contour. <\/span><\/div>\n<div class=\"magic-8\"><span style=\"font-size: 14pt; font-family: helvetica, arial, sans-serif;\">4. Am\u00e9liorer la ligne de m\u00e2choire, r\u00e9duisant les \u00ab lignes de marionnette \u00bb. <\/span><\/div>\n<div class=\"magic-8\"><span style=\"font-size: 14pt; font-family: helvetica, arial, sans-serif;\">5. Serrer le tissu de la peau sur le front, soulever les lignes des sourcils. <\/span><\/div>\n<div class=\"magic-8\"><span style=\"font-size: 14pt; font-family: helvetica, arial, sans-serif;\">6. Am\u00e9liorer le teint de la peau, rendant la peau d\u00e9licate et lumineuse.<\/span><\/div>\n<div class=\"magic-8\"><span style=\"font-size: 14pt; font-family: helvetica, arial, sans-serif;\"> 7. Correspondance avec la beaut\u00e9 d'injection comme l'acide hyaluronique, le collag\u00e8ne, pour r\u00e9soudre plus de probl\u00e8me de vieillissement. <\/span><\/div>\n<div class=\"magic-8\"><span style=\"font-size: 14pt; font-family: helvetica, arial, sans-serif;\">8. Supprimer les rides du cou, prot\u00e9ger le vieillissement du cou.<\/span><\/div>\n<\/div>\n<\/div>\n<\/div>\n<\/div>\n<\/div>\n<div class=\"J_module\" style=\"text-align: left;\">\n<div class=\"icbu-pc-images magic-0\">\n<div>\n<div class=\"flex-layout-v\">\n<div class=\"flex-layout-h magic-0\">\n<div class=\"magic-43\"><span style=\"font-size: 14pt; font-family: helvetica, arial, sans-serif;\"><img loading=\"lazy\" decoding=\"async\" class=\"aligncenter wp-image-3613\" src=\"https:\/\/www.mlkjlasers.com\/wp-content\/uploads\/2026\/01\/EXFU-M1\u591a\u529f\u80fd808HIFU\u5fae\u9488980\u8be6\u60c5\u9875_04.jpg\" alt=\"\" width=\"1920\" height=\"2186\" srcset=\"https:\/\/www.mlkjlasers.com\/wp-content\/uploads\/2026\/01\/EXFU-M1\u591a\u529f\u80fd808HIFU\u5fae\u9488980\u8be6\u60c5\u9875_04.jpg 750w, https:\/\/www.mlkjlasers.com\/wp-content\/uploads\/2026\/01\/EXFU-M1\u591a\u529f\u80fd808HIFU\u5fae\u9488980\u8be6\u60c5\u9875_04-263x300.jpg 263w, https:\/\/www.mlkjlasers.com\/wp-content\/uploads\/2026\/01\/EXFU-M1\u591a\u529f\u80fd808HIFU\u5fae\u9488980\u8be6\u60c5\u9875_04-600x683.jpg 600w\" sizes=\"(max-width: 1920px) 100vw, 1920px\" \/><\/span><\/div>\n<div><span style=\"font-size: 14pt;\"><img loading=\"lazy\" decoding=\"async\" class=\"aligncenter wp-image-3614\" src=\"https:\/\/www.mlkjlasers.com\/wp-content\/uploads\/2026\/01\/EXFU-M1\u591a\u529f\u80fd808HIFU\u5fae\u9488980\u8be6\u60c5\u9875_05.jpg\" alt=\"\" width=\"1920\" height=\"1953\" srcset=\"https:\/\/www.mlkjlasers.com\/wp-content\/uploads\/2026\/01\/EXFU-M1\u591a\u529f\u80fd808HIFU\u5fae\u9488980\u8be6\u60c5\u9875_05.jpg 750w, https:\/\/www.mlkjlasers.com\/wp-content\/uploads\/2026\/01\/EXFU-M1\u591a\u529f\u80fd808HIFU\u5fae\u9488980\u8be6\u60c5\u9875_05-295x300.jpg 295w, https:\/\/www.mlkjlasers.com\/wp-content\/uploads\/2026\/01\/EXFU-M1\u591a\u529f\u80fd808HIFU\u5fae\u9488980\u8be6\u60c5\u9875_05-600x610.jpg 600w\" sizes=\"(max-width: 1920px) 100vw, 1920px\" \/><\/span><\/div>\n<\/div>\n<\/div>\n<\/div>\n<\/div>\n<\/div>\n<div class=\"J_module\" style=\"text-align: left;\">\n<div class=\"detail-decorate-json-renderer-container\">\n<div class=\"magic-5\">\n<div class=\"magic-6\">\n<div class=\"magic-7\">\n<div class=\"magic-8\"><span style=\"font-size: 14pt;\"><strong><span style=\"font-family: helvetica, arial, sans-serif;\">micro aiguille &amp; Microaiguille multifonction<\/span><\/strong><\/span><\/div>\n<div class=\"magic-8\"><span style=\"font-size: 14pt; font-family: helvetica, arial, sans-serif;\">1. Aiguilles non isol\u00e9es: th\u00e9rapie \u00e9gale \u00e0 l'\u00e9piderme et \u00e0 la couche du derme <\/span><\/div>\n<div class=\"magic-8\"><span style=\"font-size: 14pt; font-family: helvetica, arial, sans-serif;\">2. Type de moteur \u00e0 pas: inserts d'aiguille \u00e0 la peau en douceur sans choc\u00a0 <\/span><\/div>\n<div class=\"magic-8\"><span style=\"font-size: 14pt; font-family: helvetica, arial, sans-serif;\">3. Aiguilles plaqu\u00e9es or: biocompatibilit\u00e9 \u00e9lev\u00e9e, convient au patient allergique m\u00e9tallique <\/span><\/div>\n<div class=\"magic-8\"><span style=\"font-size: 14pt; font-family: helvetica, arial, sans-serif;\">*. Anti-rides, rassurant la peau, am\u00e9liorant les pseudo-rides, dissolvant la graisse, fa\u00e7onnant et levant. <\/span><\/div>\n<div class=\"magic-8\"><span style=\"font-size: 14pt; font-family: helvetica, arial, sans-serif;\">*. \u00c9luminer rapidement la peau et la rendre plus tendre. <\/span><\/div>\n<div class=\"magic-8\"><span style=\"font-size: 14pt; font-family: helvetica, arial, sans-serif;\">*. Promouvoir activement la circulation de la lymphe faciale, r\u00e9soudre le probl\u00e8me de l'\u0153d\u00e8me de la peau. <\/span><\/div>\n<div class=\"magic-8\"><span style=\"font-size: 14pt; font-family: helvetica, arial, sans-serif;\">*. Levant et serrant la peau, r\u00e9solvant efficacement la r\u00e9paration des vergetures.<\/span><\/div>\n<div class=\"magic-8\"><span style=\"font-size: 14pt; font-family: helvetica, arial, sans-serif;\"> *. Retirer le bord noir de l\u2019\u0153il, les sacs oculaires et les rides autour de l\u2019\u0153il. <\/span><\/div>\n<div class=\"magic-8\"><span style=\"font-size: 14pt; font-family: helvetica, arial, sans-serif;\">R\u00e9duction des pores, r\u00e9paration de la cicatrice blain, calmant la peau.<\/span><\/div>\n<\/div>\n<\/div>\n<\/div>\n<\/div>\n<\/div>\n<div class=\"J_module\" style=\"text-align: left;\">\n<div class=\"icbu-pc-images magic-0\">\n<div>\n<div class=\"flex-layout-v\">\n<div class=\"flex-layout-h magic-0\">\n<div class=\"magic-47\"><span style=\"font-size: 14pt; font-family: helvetica, arial, sans-serif;\"><img loading=\"lazy\" decoding=\"async\" class=\"magic-48 aligncenter\" src=\"https:\/\/sc04.alicdn.com\/kf\/H76a10eb0580a43eea1049f4f685defe32\/201077653\/H76a10eb0580a43eea1049f4f685defe32.jpg\" width=\"1827\" height=\"1243\" data-src=\"\/\/sc04.alicdn.com\/kf\/H76a10eb0580a43eea1049f4f685defe32\/201077653\/H76a10eb0580a43eea1049f4f685defe32.jpg\" \/><\/span><\/div>\n<div><span style=\"font-size: 14pt;\"><b style=\"font-family: helvetica, arial, sans-serif;\">Laser 980nm<\/b><\/span><\/div>\n<\/div>\n<\/div>\n<\/div>\n<\/div>\n<\/div>\n<div class=\"J_module\" style=\"text-align: left;\">\n<div class=\"detail-decorate-json-renderer-container\">\n<div class=\"magic-5\">\n<div class=\"magic-6\">\n<div class=\"magic-7\">\n<div class=\"magic-8\"><span style=\"font-size: 14pt; font-family: helvetica, arial, sans-serif;\">Le faisceau est concentr\u00e9 sur une plage de diam\u00e8tre de 0,5 \u00e0 3 mm, afin de permettre une \u00e9nergie plus concentr\u00e9e pour atteindre le tissu cible, tout en \u00e9vitant de br\u00fbler le tissu de peau environnant. <\/span><\/div>\n<div class=\"magic-8\"><span style=\"font-size: 14pt; font-family: helvetica, arial, sans-serif;\">L'irradiation transcutan\u00e9e (avec une p\u00e9n\u00e9tration de 1 \u00e0 2 mm dans le tissu) provoque une absorption s\u00e9lective du tissu par l'h\u00e9moglobine (l'h\u00e9moglobine est la cible principale du laser) <\/span><\/div>\n<div class=\"magic-8\"><span style=\"font-size: 14pt; font-family: helvetica, arial, sans-serif;\"><b>Enl\u00e8vement de la lign\u00e9e rouge de la veine d'araign\u00e9e, traitement de champignons d'ongles gris.<\/b><\/span><\/div>\n<\/div>\n<\/div>\n<\/div>\n<\/div>\n<\/div>\n<div class=\"J_module\" style=\"text-align: left;\">\n<div class=\"icbu-pc-images magic-0\">\n<div>\n<div class=\"flex-layout-v\">\n<div class=\"flex-layout-h magic-0\">\n<div class=\"magic-51\"><span style=\"font-size: 14pt; font-family: helvetica, arial, sans-serif;\"><img loading=\"lazy\" decoding=\"async\" class=\"aligncenter wp-image-3618\" src=\"https:\/\/www.mlkjlasers.com\/wp-content\/uploads\/2026\/01\/EXFU-M1\u591a\u529f\u80fd808HIFU\u5fae\u9488980\u8be6\u60c5\u9875_09.jpg\" alt=\"\" width=\"1920\" height=\"2468\" srcset=\"https:\/\/www.mlkjlasers.com\/wp-content\/uploads\/2026\/01\/EXFU-M1\u591a\u529f\u80fd808HIFU\u5fae\u9488980\u8be6\u60c5\u9875_09.jpg 750w, https:\/\/www.mlkjlasers.com\/wp-content\/uploads\/2026\/01\/EXFU-M1\u591a\u529f\u80fd808HIFU\u5fae\u9488980\u8be6\u60c5\u9875_09-233x300.jpg 233w, https:\/\/www.mlkjlasers.com\/wp-content\/uploads\/2026\/01\/EXFU-M1\u591a\u529f\u80fd808HIFU\u5fae\u9488980\u8be6\u60c5\u9875_09-600x771.jpg 600w\" sizes=\"(max-width: 1920px) 100vw, 1920px\" \/><\/span><\/div>\n<\/div>\n<\/div>\n<\/div>\n<\/div>\n<\/div>\n<div class=\"J_module\" style=\"text-align: left;\">\n<div class=\"detail-decorate-json-renderer-container\">\n<div class=\"magic-5\">\n<div class=\"magic-6\">\n<div class=\"magic-7\">\n<div class=\"magic-8\">\n<div class=\"magic-9\"><span style=\"font-size: 14pt; font-family: helvetica, arial, sans-serif;\"><span class=\"magic-20\">1. <\/span><b class=\"magic-53\">14 pouces<\/b><span class=\"magic-20\"> grand \u00e9cran tactile, humanis\u00e9 con\u00e7u<\/span><\/span><\/div>\n<div class=\"magic-9\">\n<div class=\"magic-9\"><span style=\"font-size: 14pt; font-family: helvetica, arial, sans-serif;\"><span class=\"magic-20\">2. M\u00e2le\/femelle, parties du corps,<\/span><b class=\"magic-54\"> 6 types de peau en option.<\/b><\/span><\/div>\n<div class=\"magic-9\"><span class=\"magic-20\" style=\"font-size: 14pt; font-family: helvetica, arial, sans-serif;\">3. Anglais votre langue maternelle.<\/span><\/div>\n<div class=\"magic-9\" data-spm-anchor-id=\"a2700.details.0.i23.4f3d7272nLtHZk\"><span style=\"font-size: 14pt; font-family: helvetica, arial, sans-serif;\"><span class=\"magic-20\">4. <\/span><b class=\"magic-10\">OEM gratuit<\/b><span class=\"magic-20\"> service de programme (logo\/syst\u00e8me&#8230;)<\/span><\/span><\/div>\n<\/div>\n<\/div>\n<\/div>\n<\/div>\n<\/div>\n<\/div>\n<\/div>\n<div style=\"text-align: left;\" data-spm-anchor-id=\"a2700.details.0.i23.4f3d7272nLtHZk\"><span style=\"font-size: 14pt;\"><img loading=\"lazy\" decoding=\"async\" class=\"aligncenter wp-image-3619\" src=\"https:\/\/www.mlkjlasers.com\/wp-content\/uploads\/2026\/01\/EXFU-M1\u591a\u529f\u80fd808HIFU\u5fae\u9488980\u8be6\u60c5\u9875_10.jpg\" alt=\"\" width=\"1920\" height=\"1426\" srcset=\"https:\/\/www.mlkjlasers.com\/wp-content\/uploads\/2026\/01\/EXFU-M1\u591a\u529f\u80fd808HIFU\u5fae\u9488980\u8be6\u60c5\u9875_10.jpg 750w, https:\/\/www.mlkjlasers.com\/wp-content\/uploads\/2026\/01\/EXFU-M1\u591a\u529f\u80fd808HIFU\u5fae\u9488980\u8be6\u60c5\u9875_10-300x223.jpg 300w, https:\/\/www.mlkjlasers.com\/wp-content\/uploads\/2026\/01\/EXFU-M1\u591a\u529f\u80fd808HIFU\u5fae\u9488980\u8be6\u60c5\u9875_10-600x446.jpg 600w\" sizes=\"(max-width: 1920px) 100vw, 1920px\" \/><\/span><\/div>\n<div data-spm-anchor-id=\"a2700.details.0.i23.4f3d7272nLtHZk\"><span style=\"font-size: 14pt;\"><img loading=\"lazy\" decoding=\"async\" class=\"aligncenter wp-image-3611\" src=\"https:\/\/www.mlkjlasers.com\/wp-content\/uploads\/2026\/01\/EXFU-M1\u591a\u529f\u80fd808HIFU\u5fae\u9488980\u8be6\u60c5\u9875_02.jpg\" alt=\"\" width=\"1920\" height=\"2140\" srcset=\"https:\/\/www.mlkjlasers.com\/wp-content\/uploads\/2026\/01\/EXFU-M1\u591a\u529f\u80fd808HIFU\u5fae\u9488980\u8be6\u60c5\u9875_02.jpg 750w, https:\/\/www.mlkjlasers.com\/wp-content\/uploads\/2026\/01\/EXFU-M1\u591a\u529f\u80fd808HIFU\u5fae\u9488980\u8be6\u60c5\u9875_02-269x300.jpg 269w, https:\/\/www.mlkjlasers.com\/wp-content\/uploads\/2026\/01\/EXFU-M1\u591a\u529f\u80fd808HIFU\u5fae\u9488980\u8be6\u60c5\u9875_02-600x669.jpg 600w\" sizes=\"(max-width: 1920px) 100vw, 1920px\" \/><\/span><\/div>\n<div style=\"text-align: left;\" data-spm-anchor-id=\"a2700.details.0.i23.4f3d7272nLtHZk\"><span style=\"font-size: 14pt;\"><img loading=\"lazy\" decoding=\"async\" class=\"aligncenter wp-image-3620\" src=\"https:\/\/www.mlkjlasers.com\/wp-content\/uploads\/2026\/01\/EXFU-M1\u591a\u529f\u80fd808HIFU\u5fae\u9488980\u8be6\u60c5\u9875_11.jpg\" alt=\"\" width=\"1920\" height=\"3351\" srcset=\"https:\/\/www.mlkjlasers.com\/wp-content\/uploads\/2026\/01\/EXFU-M1\u591a\u529f\u80fd808HIFU\u5fae\u9488980\u8be6\u60c5\u9875_11.jpg 750w, https:\/\/www.mlkjlasers.com\/wp-content\/uploads\/2026\/01\/EXFU-M1\u591a\u529f\u80fd808HIFU\u5fae\u9488980\u8be6\u60c5\u9875_11-172x300.jpg 172w, https:\/\/www.mlkjlasers.com\/wp-content\/uploads\/2026\/01\/EXFU-M1\u591a\u529f\u80fd808HIFU\u5fae\u9488980\u8be6\u60c5\u9875_11-587x1024.jpg 587w, https:\/\/www.mlkjlasers.com\/wp-content\/uploads\/2026\/01\/EXFU-M1\u591a\u529f\u80fd808HIFU\u5fae\u9488980\u8be6\u60c5\u9875_11-600x1047.jpg 600w\" sizes=\"(max-width: 1920px) 100vw, 1920px\" \/><\/span><\/div>\n<div data-spm-anchor-id=\"a2700.details.0.i23.4f3d7272nLtHZk\">\n<p style=\"text-align: left;\"><span style=\"font-family: helvetica, arial, sans-serif; font-size: 14pt; color: #0000ff;\">Si vous avez des questions sur les \u00e9quipements de beaut\u00e9, la recherche de partenaires et l'entrepreneuriat de beaut\u00e9, veuillez consulter MLKJ!<\/span><\/p>\n<p style=\"text-align: left;\"><span style=\"font-size: 14pt;\"><strong><span style=\"font-family: helvetica, arial, sans-serif; color: #0000ff;\">Tel\/Whatsapp: +86 15965364558<\/span><\/strong><\/span><\/p>\n<p style=\"text-align: left;\"><span style=\"font-size: 14pt;\"><strong><span style=\"font-family: helvetica, arial, sans-serif; color: #0000ff;\">E-mail: sale@mingliangkj.com<\/span><\/strong><\/span><\/p>\n<p style=\"text-align: left;\">\n<\/div>","protected":false},"excerpt":{"rendered":"<h1 data-spm-anchor-id=\"a2700.details.0.i21.4f3d7272nLtHZk\"><span style=\"font-size: 12pt; font-family: helvetica, arial, sans-serif;\">Nouveau design \u00c9pilation laser diode<\/span><\/h1>\n<h1 data-spm-anchor-id=\"a2700.details.0.i21.4f3d7272nLtHZk\"><span style=\"font-size: 12pt; font-family: helvetica, arial, sans-serif;\">Laser \u00e0 microaiguille<\/span><\/h1>\n<h1 data-spm-anchor-id=\"a2700.details.0.i21.4f3d7272nLtHZk\"><span style=\"font-size: 12pt; font-family: helvetica, arial, sans-serif;\">Laser 980nm <\/span><\/h1>\n<h1 data-spm-anchor-id=\"a2700.details.0.i21.4f3d7272nLtHZk\"><span style=\"font-size: 12pt; font-family: helvetica, arial, sans-serif;\">Machine hifu 11D<\/span><\/h1>","protected":false},"featured_media":3609,"comment_status":"open","ping_status":"closed","template":"","meta":[],"product_cat":[29],"product_tag":[],"class_list":["post-2690","product","type-product","status-publish","has-post-thumbnail","hentry","product_cat-multifunction-beauty-machine"],"_links":{"self":[{"href":"https:\/\/www.mlkjlasers.com\/fr\/wp-json\/wp\/v2\/product\/2690","targetHints":{"allow":["GET"]}}],"collection":[{"href":"https:\/\/www.mlkjlasers.com\/fr\/wp-json\/wp\/v2\/product"}],"about":[{"href":"https:\/\/www.mlkjlasers.com\/fr\/wp-json\/wp\/v2\/types\/product"}],"replies":[{"embeddable":true,"href":"https:\/\/www.mlkjlasers.com\/fr\/wp-json\/wp\/v2\/comments?post=2690"}],"wp:featuredmedia":[{"embeddable":true,"href":"https:\/\/www.mlkjlasers.com\/fr\/wp-json\/wp\/v2\/media\/3609"}],"wp:attachment":[{"href":"https:\/\/www.mlkjlasers.com\/fr\/wp-json\/wp\/v2\/media?parent=2690"}],"wp:term":[{"taxonomy":"product_cat","embeddable":true,"href":"https:\/\/www.mlkjlasers.com\/fr\/wp-json\/wp\/v2\/product_cat?post=2690"},{"taxonomy":"product_tag","embeddable":true,"href":"https:\/\/www.mlkjlasers.com\/fr\/wp-json\/wp\/v2\/product_tag?post=2690"}],"curies":[{"name":"wp","href":"https:\/\/api.w.org\/{rel}","templated":true}]}}