{"id":2713,"date":"2023-11-15T14:54:18","date_gmt":"2023-11-15T06:54:18","guid":{"rendered":"https:\/\/mlkjlasers.com\/?post_type=product&#038;p=2713"},"modified":"2026-01-24T10:17:12","modified_gmt":"2026-01-24T02:17:12","slug":"q-switched-nd-yag-laser-tattoo-removal-machine-2","status":"publish","type":"product","link":"https:\/\/www.mlkjlasers.com\/fr\/product\/q-switched-nd-yag-laser-tattoo-removal-machine-2\/","title":{"rendered":"Pico laser tatouage suppression Q-commut\u00e9 Nd Yag machine laser"},"content":{"rendered":"<div class=\"J_module\">\n<div class=\"icbu-pc-images magic-0\">\n<div class=\"flex-layout-v\">\n<div class=\"flex-layout-h magic-0\">\n<div><span style=\"font-size: 14pt;\"><img fetchpriority=\"high\" decoding=\"async\" class=\"aligncenter size-full wp-image-3487\" src=\"https:\/\/www.mlkjlasers.com\/wp-content\/uploads\/2026\/01\/ND-LA3\u6d77\u62a5.jpg\" alt=\"\" width=\"1920\" height=\"300\" srcset=\"https:\/\/www.mlkjlasers.com\/wp-content\/uploads\/2026\/01\/ND-LA3\u6d77\u62a5.jpg 1920w, https:\/\/www.mlkjlasers.com\/wp-content\/uploads\/2026\/01\/ND-LA3\u6d77\u62a5-300x47.jpg 300w, https:\/\/www.mlkjlasers.com\/wp-content\/uploads\/2026\/01\/ND-LA3\u6d77\u62a5-1024x160.jpg 1024w, https:\/\/www.mlkjlasers.com\/wp-content\/uploads\/2026\/01\/ND-LA3\u6d77\u62a5-768x120.jpg 768w, https:\/\/www.mlkjlasers.com\/wp-content\/uploads\/2026\/01\/ND-LA3\u6d77\u62a5-1536x240.jpg 1536w, https:\/\/www.mlkjlasers.com\/wp-content\/uploads\/2026\/01\/ND-LA3\u6d77\u62a5-600x94.jpg 600w\" sizes=\"(max-width: 1920px) 100vw, 1920px\" \/><\/span><\/div>\n<div class=\"magic-1\">\n<p><span style=\"font-family: Arial; font-size: 14pt;\">1. Fonction: enl\u00e8vement du tatouage, enl\u00e8vement permanent du makup, enl\u00e8vement du nevus, enl\u00e8vement du nevus de ota, traitement du pelage du carbone;<\/span><\/p>\n<p><span style=\"font-size: 14pt;\"><span style=\"font-family: Arial;\" data-spm-anchor-id=\"a2700.pc-decorate.0.i6.3eba3333s30LTF\">2. Sondes: 6 sondes <\/span><span style=\"font-family: Arial;\">1064\/532nm r\u00e9glable: peut ajuster la taille du point, plus facile pour le traitement de grande zone; <\/span><span style=\"font-family: Arial;\">Fixed 1064\/532nm: peut&#8217; t ajuster la taille du point;<\/span><span style=\"font-family: Arial;\">755\/1320nm : rajeunissement de la peau.<\/span><\/span><\/p>\n<div><span style=\"font-family: Arial; font-size: 14pt;\">3. Fr\u00e9quence: 1-20HZ;<\/span><\/div>\n<\/div>\n<div class=\"magic-1\"><\/div>\n<div class=\"magic-1\"><\/div>\n<\/div>\n<\/div>\n<\/div>\n<\/div>\n<div class=\"J_module\">\n<div class=\"icbu-pc-images magic-0\">\n<div class=\"flex-layout-v\">\n<div class=\"flex-layout-h magic-0\">\n<div class=\"magic-11\"><span style=\"color: #000000; font-family: helvetica, arial, sans-serif; font-size: 14pt;\"><img decoding=\"async\" class=\"aligncenter size-full wp-image-3532\" src=\"https:\/\/www.mlkjlasers.com\/wp-content\/uploads\/2026\/01\/LA3\u8be6\u60c5\u98751_01.jpg\" alt=\"\" width=\"2344\" height=\"1329\" srcset=\"https:\/\/www.mlkjlasers.com\/wp-content\/uploads\/2026\/01\/LA3\u8be6\u60c5\u98751_01.jpg 2344w, https:\/\/www.mlkjlasers.com\/wp-content\/uploads\/2026\/01\/LA3\u8be6\u60c5\u98751_01-300x170.jpg 300w, https:\/\/www.mlkjlasers.com\/wp-content\/uploads\/2026\/01\/LA3\u8be6\u60c5\u98751_01-1024x581.jpg 1024w, https:\/\/www.mlkjlasers.com\/wp-content\/uploads\/2026\/01\/LA3\u8be6\u60c5\u98751_01-768x435.jpg 768w, https:\/\/www.mlkjlasers.com\/wp-content\/uploads\/2026\/01\/LA3\u8be6\u60c5\u98751_01-1536x871.jpg 1536w, https:\/\/www.mlkjlasers.com\/wp-content\/uploads\/2026\/01\/LA3\u8be6\u60c5\u98751_01-2048x1161.jpg 2048w, https:\/\/www.mlkjlasers.com\/wp-content\/uploads\/2026\/01\/LA3\u8be6\u60c5\u98751_01-600x340.jpg 600w\" sizes=\"(max-width: 2344px) 100vw, 2344px\" \/><\/span><\/div>\n<div><\/div>\n<\/div>\n<\/div>\n<\/div>\n<\/div>\n<div class=\"J_module\">\n<div class=\"detail-decorate-json-renderer-container\">\n<div class=\"magic-3\">\n<div class=\"magic-4\">\n<div class=\"magic-5\">\n<div class=\"magic-6\">\n<p><span style=\"font-size: 14pt;\"><span class=\"magic-15\" style=\"color: #000000; font-family: helvetica, arial, sans-serif;\"><span class=\"magic-8\"><b class=\"magic-16\"><span class=\"magic-16\">Qualit\u00e9 artisanale, Refl\u00e8te les d\u00e9tails extr\u00eames <\/span><\/b><\/span><\/span><span class=\"magic-8\" style=\"color: #000000; font-family: helvetica, arial, sans-serif;\"><b>Conception rationnelle <\/b><\/span><\/span><\/p>\n<div><span class=\"magic-8\" style=\"color: #000000; font-family: helvetica, arial, sans-serif; font-size: 14pt;\">1. Le produit a une apparence nouvelle et est principalement vendu comme un mod\u00e8le chaud <\/span><\/div>\n<div><span class=\"magic-8\" style=\"color: #000000; font-family: helvetica, arial, sans-serif; font-size: 14pt;\">2. Support de poign\u00e9e r\u00e9glable, fort et durable <\/span><\/div>\n<div><span class=\"magic-8\" style=\"color: #000000; font-family: helvetica, arial, sans-serif; font-size: 14pt;\">3. poign\u00e9e antid\u00e9rapante, conception ergonomique <\/span><\/div>\n<div><span class=\"magic-8\" style=\"color: #000000; font-family: helvetica, arial, sans-serif; font-size: 14pt;\">4. tube de connexion de traitement \u00e9tendu<\/span><\/div>\n<div><\/div>\n<\/div>\n<div><span style=\"font-size: 14pt;\"><img decoding=\"async\" class=\"aligncenter size-full wp-image-3523\" src=\"https:\/\/www.mlkjlasers.com\/wp-content\/uploads\/2026\/01\/LA3\u8be6\u60c5\u98751_10.jpg\" alt=\"\" width=\"2344\" height=\"1656\" srcset=\"https:\/\/www.mlkjlasers.com\/wp-content\/uploads\/2026\/01\/LA3\u8be6\u60c5\u98751_10.jpg 2344w, https:\/\/www.mlkjlasers.com\/wp-content\/uploads\/2026\/01\/LA3\u8be6\u60c5\u98751_10-300x212.jpg 300w, https:\/\/www.mlkjlasers.com\/wp-content\/uploads\/2026\/01\/LA3\u8be6\u60c5\u98751_10-1024x723.jpg 1024w, https:\/\/www.mlkjlasers.com\/wp-content\/uploads\/2026\/01\/LA3\u8be6\u60c5\u98751_10-768x543.jpg 768w, https:\/\/www.mlkjlasers.com\/wp-content\/uploads\/2026\/01\/LA3\u8be6\u60c5\u98751_10-1536x1085.jpg 1536w, https:\/\/www.mlkjlasers.com\/wp-content\/uploads\/2026\/01\/LA3\u8be6\u60c5\u98751_10-2048x1447.jpg 2048w, https:\/\/www.mlkjlasers.com\/wp-content\/uploads\/2026\/01\/LA3\u8be6\u60c5\u98751_10-600x424.jpg 600w\" sizes=\"(max-width: 2344px) 100vw, 2344px\" \/><\/span><\/div>\n<\/div>\n<\/div>\n<div><\/div>\n<\/div>\n<\/div>\n<\/div>\n<div class=\"J_module\">\n<div class=\"icbu-pc-images magic-0\">\n<div class=\"flex-layout-v\">\n<div class=\"flex-layout-h magic-0\">\n<div class=\"magic-19\"><span style=\"font-size: 14pt;\"><b class=\"magic-20\" style=\"color: #000000; font-family: helvetica, arial, sans-serif;\"><span class=\"magic-16\">Taille la plus petite<\/span><\/b><\/span><\/div>\n<\/div>\n<\/div>\n<\/div>\n<\/div>\n<div class=\"J_module\">\n<div class=\"detail-decorate-json-renderer-container\">\n<div class=\"magic-3\">\n<div class=\"magic-4\">\n<div class=\"magic-5\">\n<div class=\"magic-6\"><span style=\"font-family: helvetica, arial, sans-serif; font-size: 14pt;\">Taille la plus petite 1. Adopter les composants de base de l'\u00e9quipement m\u00e9dical. La taille de la machine est plus petite. <\/span><\/div>\n<div class=\"magic-6\"><span style=\"font-family: helvetica, arial, sans-serif; font-size: 14pt;\">2. Frais transfrontaliers inf\u00e9rieurs aux machines ordinaires. <\/span><\/div>\n<div class=\"magic-6\">\n<p><span style=\"font-family: helvetica, arial, sans-serif; font-size: 14pt;\">3. La poign\u00e9e est plus petite et plus pratique \u00e0 utiliser<\/span><\/p>\n<p><span style=\"font-size: 14pt;\"><img loading=\"lazy\" decoding=\"async\" class=\"aligncenter size-full wp-image-3529\" src=\"https:\/\/www.mlkjlasers.com\/wp-content\/uploads\/2026\/01\/LA3\u8be6\u60c5\u98751_04.jpg\" alt=\"\" width=\"2344\" height=\"1434\" srcset=\"https:\/\/www.mlkjlasers.com\/wp-content\/uploads\/2026\/01\/LA3\u8be6\u60c5\u98751_04.jpg 2344w, https:\/\/www.mlkjlasers.com\/wp-content\/uploads\/2026\/01\/LA3\u8be6\u60c5\u98751_04-300x184.jpg 300w, https:\/\/www.mlkjlasers.com\/wp-content\/uploads\/2026\/01\/LA3\u8be6\u60c5\u98751_04-1024x626.jpg 1024w, https:\/\/www.mlkjlasers.com\/wp-content\/uploads\/2026\/01\/LA3\u8be6\u60c5\u98751_04-768x470.jpg 768w, https:\/\/www.mlkjlasers.com\/wp-content\/uploads\/2026\/01\/LA3\u8be6\u60c5\u98751_04-1536x940.jpg 1536w, https:\/\/www.mlkjlasers.com\/wp-content\/uploads\/2026\/01\/LA3\u8be6\u60c5\u98751_04-2048x1253.jpg 2048w, https:\/\/www.mlkjlasers.com\/wp-content\/uploads\/2026\/01\/LA3\u8be6\u60c5\u98751_04-600x367.jpg 600w\" sizes=\"(max-width: 2344px) 100vw, 2344px\" \/><\/span><\/p>\n<div>\n<p><span style=\"font-size: 14pt;\"><strong style=\"font-family: helvetica, arial, sans-serif;\">5 t\u00eates de traitement, conception de fil ext\u00e9rieur amovible et rotatif<\/strong><\/span><\/p>\n<\/div>\n<\/div>\n<\/div>\n<\/div>\n<\/div>\n<\/div>\n<\/div>\n<div class=\"J_module\">\n<div class=\"detail-decorate-json-renderer-container\">\n<div class=\"magic-3\">\n<div class=\"magic-4\">\n<div class=\"magic-5\">\n<div class=\"magic-6\">\n<p><span style=\"font-family: helvetica, arial, sans-serif; font-size: 14pt;\">1. <strong>532:<\/strong> Retirez les tatouages color\u00e9s. <\/span><\/p>\n<p><span style=\"font-family: helvetica, arial, sans-serif; font-size: 14pt;\">2. <strong>755:<\/strong> t\u00eate de nid d'abeille: utilis\u00e9e pour enlever les taches d'\u00e2ge, les luennes et le chloasma. peu de dommages \u00e0 la peau <\/span><\/p>\n<p><span style=\"font-family: helvetica, arial, sans-serif; font-size: 14pt;\">3. <strong>Param\u00e8tre r\u00e9glable 1064:<\/strong> pour l'enl\u00e8vement du tatouage, le nettoyage des sourcils <\/span><\/p>\n<p><span style=\"font-family: helvetica, arial, sans-serif; font-size: 14pt;\">4. <strong>Param\u00e8tre non r\u00e9glable 1064:<\/strong> utilis\u00e9 pour enlever les tatouages et nettoyer les sourcils <\/span><\/p>\n<p><span style=\"font-family: helvetica, arial, sans-serif; font-size: 14pt;\">5. <strong>1320:<\/strong> traitement de grande zone, grand point, vitesse de traitement rapide et bon effet<\/span><\/p>\n<div><span style=\"font-size: 14pt;\"><img loading=\"lazy\" decoding=\"async\" class=\"aligncenter size-full wp-image-3530\" src=\"https:\/\/www.mlkjlasers.com\/wp-content\/uploads\/2026\/01\/LA3\u8be6\u60c5\u98751_03.jpg\" alt=\"\" width=\"2344\" height=\"2064\" srcset=\"https:\/\/www.mlkjlasers.com\/wp-content\/uploads\/2026\/01\/LA3\u8be6\u60c5\u98751_03.jpg 2344w, https:\/\/www.mlkjlasers.com\/wp-content\/uploads\/2026\/01\/LA3\u8be6\u60c5\u98751_03-300x264.jpg 300w, https:\/\/www.mlkjlasers.com\/wp-content\/uploads\/2026\/01\/LA3\u8be6\u60c5\u98751_03-1024x902.jpg 1024w, https:\/\/www.mlkjlasers.com\/wp-content\/uploads\/2026\/01\/LA3\u8be6\u60c5\u98751_03-768x676.jpg 768w, https:\/\/www.mlkjlasers.com\/wp-content\/uploads\/2026\/01\/LA3\u8be6\u60c5\u98751_03-1536x1353.jpg 1536w, https:\/\/www.mlkjlasers.com\/wp-content\/uploads\/2026\/01\/LA3\u8be6\u60c5\u98751_03-2048x1803.jpg 2048w, https:\/\/www.mlkjlasers.com\/wp-content\/uploads\/2026\/01\/LA3\u8be6\u60c5\u98751_03-600x528.jpg 600w\" sizes=\"(max-width: 2344px) 100vw, 2344px\" \/><\/span><\/div>\n<\/div>\n<\/div>\n<\/div>\n<\/div>\n<\/div>\n<\/div>\n<div class=\"J_module\">\n<div class=\"icbu-pc-images magic-0\">\n<div>\n<div class=\"flex-layout-v\">\n<div class=\"flex-layout-h magic-0\">\n<div><span style=\"font-size: 14pt;\"><b style=\"color: #000000; font-family: helvetica, arial, sans-serif;\">L'\u00e9nergie maximale, le meilleur effet<\/b><\/span><\/div>\n<\/div>\n<\/div>\n<\/div>\n<\/div>\n<\/div>\n<div class=\"J_module\">\n<div class=\"detail-decorate-json-renderer-container\">\n<div class=\"magic-3\">\n<div class=\"magic-4\">\n<div class=\"magic-5\">\n<div class=\"magic-6\">\n<div><span class=\"magic-8\" style=\"color: #000000; font-family: helvetica, arial, sans-serif; font-size: 14pt;\">1. Les donn\u00e9es de laboratoire montrent que la tige laser atteint 2000mj. <\/span><\/div>\n<div><span class=\"magic-8\" style=\"color: #000000; font-family: helvetica, arial, sans-serif; font-size: 14pt;\">2. Calcul pr\u00e9cis de la valeur laser <\/span><\/div>\n<div><span class=\"magic-8\" style=\"color: #000000; font-family: helvetica, arial, sans-serif; font-size: 14pt;\">3. La distance de ciblage de la lumi\u00e8re d'indicateur est de 6-10cm<\/span><\/div>\n<div><span style=\"font-size: 14pt;\"><img loading=\"lazy\" decoding=\"async\" class=\"aligncenter size-full wp-image-3525\" src=\"https:\/\/www.mlkjlasers.com\/wp-content\/uploads\/2026\/01\/LA3\u8be6\u60c5\u98751_08.jpg\" alt=\"\" width=\"2344\" height=\"1800\" srcset=\"https:\/\/www.mlkjlasers.com\/wp-content\/uploads\/2026\/01\/LA3\u8be6\u60c5\u98751_08.jpg 2344w, https:\/\/www.mlkjlasers.com\/wp-content\/uploads\/2026\/01\/LA3\u8be6\u60c5\u98751_08-300x230.jpg 300w, https:\/\/www.mlkjlasers.com\/wp-content\/uploads\/2026\/01\/LA3\u8be6\u60c5\u98751_08-1024x786.jpg 1024w, https:\/\/www.mlkjlasers.com\/wp-content\/uploads\/2026\/01\/LA3\u8be6\u60c5\u98751_08-768x590.jpg 768w, https:\/\/www.mlkjlasers.com\/wp-content\/uploads\/2026\/01\/LA3\u8be6\u60c5\u98751_08-1536x1180.jpg 1536w, https:\/\/www.mlkjlasers.com\/wp-content\/uploads\/2026\/01\/LA3\u8be6\u60c5\u98751_08-2048x1573.jpg 2048w, https:\/\/www.mlkjlasers.com\/wp-content\/uploads\/2026\/01\/LA3\u8be6\u60c5\u98751_08-600x461.jpg 600w\" sizes=\"(max-width: 2344px) 100vw, 2344px\" \/><\/span><\/div>\n<\/div>\n<\/div>\n<\/div>\n<\/div>\n<\/div>\n<\/div>\n<div class=\"J_module\">\n<div class=\"icbu-pc-images magic-0\">\n<div>\n<div class=\"flex-layout-v\">\n<div class=\"flex-layout-h magic-0\">\n<div class=\"magic-11\"><\/div>\n<\/div>\n<\/div>\n<\/div>\n<\/div>\n<\/div>\n<div class=\"J_module\">\n<div class=\"detail-decorate-json-renderer-container\">\n<div class=\"magic-3\">\n<div class=\"magic-4\">\n<div class=\"magic-5\">\n<div class=\"magic-6\">\n<p><span style=\"color: #000000; font-family: helvetica, arial, sans-serif; font-size: 14pt;\">M\u00e9canisme de cassette Q-commutateur en pierre import\u00e9, tout le laser solide, sans remplacer Q-commutateur.<\/span><\/p>\n<div><span class=\"magic-8\" style=\"color: #000000; font-family: helvetica, arial, sans-serif; font-size: 14pt;\"><b>Retirement du tatouage. Enlevez les pigments de tatouage noirs, bleus, bruns et rouges sur les sourcils, la ligne des yeux, la ligne des l\u00e8vres et d'autres parties du corps Enlevez la marque de naissance, le n\u00e9vus otasien et la tache dermique.<\/b> Une solution \u00e0 l'avari\u00e9t\u00e9 des probl\u00e8mes de peau.<\/span><\/div>\n<div><span style=\"font-size: 14pt;\"><img loading=\"lazy\" decoding=\"async\" class=\"aligncenter size-full wp-image-3522\" src=\"https:\/\/www.mlkjlasers.com\/wp-content\/uploads\/2026\/01\/LA3\u8be6\u60c5\u98751_11.jpg\" alt=\"\" width=\"2344\" height=\"2151\" srcset=\"https:\/\/www.mlkjlasers.com\/wp-content\/uploads\/2026\/01\/LA3\u8be6\u60c5\u98751_11.jpg 2344w, https:\/\/www.mlkjlasers.com\/wp-content\/uploads\/2026\/01\/LA3\u8be6\u60c5\u98751_11-300x275.jpg 300w, https:\/\/www.mlkjlasers.com\/wp-content\/uploads\/2026\/01\/LA3\u8be6\u60c5\u98751_11-1024x940.jpg 1024w, https:\/\/www.mlkjlasers.com\/wp-content\/uploads\/2026\/01\/LA3\u8be6\u60c5\u98751_11-768x705.jpg 768w, https:\/\/www.mlkjlasers.com\/wp-content\/uploads\/2026\/01\/LA3\u8be6\u60c5\u98751_11-1536x1410.jpg 1536w, https:\/\/www.mlkjlasers.com\/wp-content\/uploads\/2026\/01\/LA3\u8be6\u60c5\u98751_11-2048x1879.jpg 2048w, https:\/\/www.mlkjlasers.com\/wp-content\/uploads\/2026\/01\/LA3\u8be6\u60c5\u98751_11-600x551.jpg 600w\" sizes=\"(max-width: 2344px) 100vw, 2344px\" \/><\/span><\/div>\n<\/div>\n<\/div>\n<div><\/div>\n<\/div>\n<\/div>\n<\/div>\n<\/div>\n<div class=\"J_module\">\n<div class=\"icbu-pc-images magic-0\">\n<div class=\"flex-layout-v\">\n<div class=\"flex-layout-h magic-0\">\n<div class=\"magic-32\"><\/div>\n<\/div>\n<\/div>\n<\/div>\n<\/div>\n<div class=\"J_module\">\n<div class=\"detail-decorate-json-renderer-container\">\n<div class=\"magic-3\">\n<div class=\"magic-4\">\n<div class=\"magic-5\">\n<div class=\"magic-6\" data-spm-anchor-id=\"a2700.wholesale.0.i54.5f0f3c62M7tBsi\"><span class=\"magic-8\" style=\"color: #000000; font-family: helvetica, arial, sans-serif; font-size: 14pt;\">&#8211; Grand \u00e9cran tactile de couleur vraie de 12 pouces<br \/>\n&#8211; Imprimer n'importe quelle couleur. Imprimer votre<b> le logo<\/b> sur la machine.<br \/>\n&#8211; Ajouter n'importe quel <b>langue<\/b> dans le syst\u00e8me de machine.<br \/>\n&#8211; Design exclusif <b>coquille de machine <\/b>pour vous, former votre propre marque sur le march\u00e9.<br \/>\n&#8211; Conception nouvelle <b>interface et syst\u00e8me<\/b> de machine, le rendre le plus pratique pour vous et vos clients.<\/span><\/div>\n<div data-spm-anchor-id=\"a2700.wholesale.0.i54.5f0f3c62M7tBsi\"><span style=\"font-size: 14pt;\"><img loading=\"lazy\" decoding=\"async\" class=\"aligncenter size-full wp-image-3528\" src=\"https:\/\/www.mlkjlasers.com\/wp-content\/uploads\/2026\/01\/LA3\u8be6\u60c5\u98751_05-scaled.jpg\" alt=\"\" width=\"2209\" height=\"2560\" srcset=\"https:\/\/www.mlkjlasers.com\/wp-content\/uploads\/2026\/01\/LA3\u8be6\u60c5\u98751_05-scaled.jpg 2209w, https:\/\/www.mlkjlasers.com\/wp-content\/uploads\/2026\/01\/LA3\u8be6\u60c5\u98751_05-259x300.jpg 259w, https:\/\/www.mlkjlasers.com\/wp-content\/uploads\/2026\/01\/LA3\u8be6\u60c5\u98751_05-883x1024.jpg 883w, https:\/\/www.mlkjlasers.com\/wp-content\/uploads\/2026\/01\/LA3\u8be6\u60c5\u98751_05-768x890.jpg 768w, https:\/\/www.mlkjlasers.com\/wp-content\/uploads\/2026\/01\/LA3\u8be6\u60c5\u98751_05-1325x1536.jpg 1325w, https:\/\/www.mlkjlasers.com\/wp-content\/uploads\/2026\/01\/LA3\u8be6\u60c5\u98751_05-1767x2048.jpg 1767w, https:\/\/www.mlkjlasers.com\/wp-content\/uploads\/2026\/01\/LA3\u8be6\u60c5\u98751_05-600x695.jpg 600w\" sizes=\"(max-width: 2209px) 100vw, 2209px\" \/><\/span><\/div>\n<\/div>\n<\/div>\n<\/div>\n<\/div>\n<\/div>\n<div data-spm-anchor-id=\"a2700.wholesale.0.i54.5f0f3c62M7tBsi\"><span style=\"font-size: 14pt;\"><img loading=\"lazy\" decoding=\"async\" class=\"aligncenter size-full wp-image-3531\" src=\"https:\/\/www.mlkjlasers.com\/wp-content\/uploads\/2026\/01\/LA3\u8be6\u60c5\u98751_02.jpg\" alt=\"\" width=\"2344\" height=\"1385\" srcset=\"https:\/\/www.mlkjlasers.com\/wp-content\/uploads\/2026\/01\/LA3\u8be6\u60c5\u98751_02.jpg 2344w, https:\/\/www.mlkjlasers.com\/wp-content\/uploads\/2026\/01\/LA3\u8be6\u60c5\u98751_02-300x177.jpg 300w, https:\/\/www.mlkjlasers.com\/wp-content\/uploads\/2026\/01\/LA3\u8be6\u60c5\u98751_02-1024x605.jpg 1024w, https:\/\/www.mlkjlasers.com\/wp-content\/uploads\/2026\/01\/LA3\u8be6\u60c5\u98751_02-768x454.jpg 768w, https:\/\/www.mlkjlasers.com\/wp-content\/uploads\/2026\/01\/LA3\u8be6\u60c5\u98751_02-1536x908.jpg 1536w, https:\/\/www.mlkjlasers.com\/wp-content\/uploads\/2026\/01\/LA3\u8be6\u60c5\u98751_02-2048x1210.jpg 2048w, https:\/\/www.mlkjlasers.com\/wp-content\/uploads\/2026\/01\/LA3\u8be6\u60c5\u98751_02-600x355.jpg 600w\" sizes=\"(max-width: 2344px) 100vw, 2344px\" \/><\/span><\/div>\n<div data-spm-anchor-id=\"a2700.wholesale.0.i54.5f0f3c62M7tBsi\"><strong><span style=\"font-size: 14pt; font-family: arial, helvetica, sans-serif;\">5 t\u00eates de traitement <\/span><span style=\"font-size: 14pt; font-family: arial, helvetica, sans-serif;\">Une solution \u00e0 une vari\u00e9t\u00e9 de probl\u00e8mes de peau<\/span><\/strong><br \/>\n<span style=\"font-size: 14pt; font-family: arial, helvetica, sans-serif;\">532 : Retirez les tatouages color\u00e9s.<\/span><br \/>\n<span style=\"font-size: 14pt; font-family: arial, helvetica, sans-serif;\">755 t\u00eate de nid d'abeille: utilis\u00e9e pour \u00e9liminer les taches d'\u00e2ge, les luennes et le chloasme. peu de dommages \u00e0 la peau<\/span><br \/>\n<span style=\"font-size: 14pt; font-family: arial, helvetica, sans-serif;\">Param\u00e8tre r\u00e9glable 1064: pour l'enl\u00e8vement du tatouage, nettoyage des sourcils<\/span><br \/>\n<span style=\"font-size: 14pt; font-family: arial, helvetica, sans-serif;\">Param\u00e8tre non r\u00e9glable 1064: utilis\u00e9 pour enlever les tatouages et nettoyer les sourcils<\/span><br \/>\n<span style=\"font-size: 14pt; font-family: arial, helvetica, sans-serif;\">1320 : traitement de grande surface, grand point, vitesse de traitement rapide et bon effet<\/span><\/div>\n<div data-spm-anchor-id=\"a2700.wholesale.0.i54.5f0f3c62M7tBsi\"><img loading=\"lazy\" decoding=\"async\" class=\"aligncenter size-full wp-image-3526\" src=\"https:\/\/www.mlkjlasers.com\/wp-content\/uploads\/2026\/01\/LA3\u8be6\u60c5\u98751_07.jpg\" alt=\"\" width=\"2344\" height=\"1461\" srcset=\"https:\/\/www.mlkjlasers.com\/wp-content\/uploads\/2026\/01\/LA3\u8be6\u60c5\u98751_07.jpg 2344w, https:\/\/www.mlkjlasers.com\/wp-content\/uploads\/2026\/01\/LA3\u8be6\u60c5\u98751_07-300x187.jpg 300w, https:\/\/www.mlkjlasers.com\/wp-content\/uploads\/2026\/01\/LA3\u8be6\u60c5\u98751_07-1024x638.jpg 1024w, https:\/\/www.mlkjlasers.com\/wp-content\/uploads\/2026\/01\/LA3\u8be6\u60c5\u98751_07-768x479.jpg 768w, https:\/\/www.mlkjlasers.com\/wp-content\/uploads\/2026\/01\/LA3\u8be6\u60c5\u98751_07-1536x957.jpg 1536w, https:\/\/www.mlkjlasers.com\/wp-content\/uploads\/2026\/01\/LA3\u8be6\u60c5\u98751_07-2048x1277.jpg 2048w, https:\/\/www.mlkjlasers.com\/wp-content\/uploads\/2026\/01\/LA3\u8be6\u60c5\u98751_07-600x374.jpg 600w\" sizes=\"(max-width: 2344px) 100vw, 2344px\" \/><\/div>\n<div data-spm-anchor-id=\"a2700.wholesale.0.i54.5f0f3c62M7tBsi\"><img loading=\"lazy\" decoding=\"async\" class=\"aligncenter size-full wp-image-3524\" src=\"https:\/\/www.mlkjlasers.com\/wp-content\/uploads\/2026\/01\/LA3\u8be6\u60c5\u98751_09.jpg\" alt=\"\" width=\"2344\" height=\"1428\" srcset=\"https:\/\/www.mlkjlasers.com\/wp-content\/uploads\/2026\/01\/LA3\u8be6\u60c5\u98751_09.jpg 2344w, https:\/\/www.mlkjlasers.com\/wp-content\/uploads\/2026\/01\/LA3\u8be6\u60c5\u98751_09-300x183.jpg 300w, https:\/\/www.mlkjlasers.com\/wp-content\/uploads\/2026\/01\/LA3\u8be6\u60c5\u98751_09-1024x624.jpg 1024w, https:\/\/www.mlkjlasers.com\/wp-content\/uploads\/2026\/01\/LA3\u8be6\u60c5\u98751_09-768x468.jpg 768w, https:\/\/www.mlkjlasers.com\/wp-content\/uploads\/2026\/01\/LA3\u8be6\u60c5\u98751_09-1536x936.jpg 1536w, https:\/\/www.mlkjlasers.com\/wp-content\/uploads\/2026\/01\/LA3\u8be6\u60c5\u98751_09-2048x1248.jpg 2048w, https:\/\/www.mlkjlasers.com\/wp-content\/uploads\/2026\/01\/LA3\u8be6\u60c5\u98751_09-600x366.jpg 600w\" sizes=\"(max-width: 2344px) 100vw, 2344px\" \/><\/div>\n<div data-spm-anchor-id=\"a2700.wholesale.0.i54.5f0f3c62M7tBsi\"><span style=\"font-size: 14pt;\"><em><strong><span style=\"font-family: helvetica, arial, sans-serif;\"><span class=\"src\" data-group=\"0-0\">18 ans de fabrication professionnelle de beaut\u00e9 euqipment dans diverses fonctions.<\/span><span class=\"src\" data-group=\"0-1\"> Service de formation individuelle. Contactez-nous maintenant !<\/span><\/span><\/strong><\/em><\/span><\/div>\n<div data-spm-anchor-id=\"a2700.wholesale.0.i54.5f0f3c62M7tBsi\"><\/div>\n<div data-spm-anchor-id=\"a2700.wholesale.0.i54.5f0f3c62M7tBsi\"><\/div>","protected":false},"excerpt":{"rendered":"<p><span style=\"font-family: helvetica, arial, sans-serif;\">* Le laser picosecond portable le plus r\u00e9cent, en plus des t\u00eates laser normales, ajoute \u00e9galement des t\u00eates laser picosecond de 755nm, qui peuvent obtenir une couche plus profonde de la peau et faire un tr\u00e8s bon effet pour toutes sortes de freckles: tels que le chloasma, le pigment d'\u00e2ge, etc.<\/span><\/p>\n<p><span style=\"font-family: helvetica, arial, sans-serif;\">* 1064nm, t\u00eate 532nm peut faire l'enl\u00e8vement du tatouage, l'enl\u00e8vement des lignes oculaires, etc.<\/span><\/p>\n<p><span style=\"font-family: helvetica, arial, sans-serif;\">* 1320nm peut faire blanchiment de la peau de poup\u00e9e noire.<\/span><\/p>\n<p><span style=\"font-family: helvetica, arial, sans-serif;\">* Aucune blessure \u00e0 la peau et au follicule pileux; aucun risque de cicatrisation. Traitement indolore, peu d'effet secondaire.<\/span><\/p>\n<p><span style=\"font-family: helvetica, arial, sans-serif;\">*<span class=\"src\" data-group=\"0-0\">15 ans de fabrication professionnelle de beaut\u00e9 euqipment dans diverses fonctions.<\/span><span class=\"src\" data-group=\"0-1\"> Service de formation individuelle.<\/span><\/span><\/p>","protected":false},"featured_media":3481,"comment_status":"open","ping_status":"closed","template":"","meta":[],"product_cat":[23],"product_tag":[],"class_list":["post-2713","product","type-product","status-publish","has-post-thumbnail","hentry","product_cat-picosecond-laser"],"_links":{"self":[{"href":"https:\/\/www.mlkjlasers.com\/fr\/wp-json\/wp\/v2\/product\/2713","targetHints":{"allow":["GET"]}}],"collection":[{"href":"https:\/\/www.mlkjlasers.com\/fr\/wp-json\/wp\/v2\/product"}],"about":[{"href":"https:\/\/www.mlkjlasers.com\/fr\/wp-json\/wp\/v2\/types\/product"}],"replies":[{"embeddable":true,"href":"https:\/\/www.mlkjlasers.com\/fr\/wp-json\/wp\/v2\/comments?post=2713"}],"wp:featuredmedia":[{"embeddable":true,"href":"https:\/\/www.mlkjlasers.com\/fr\/wp-json\/wp\/v2\/media\/3481"}],"wp:attachment":[{"href":"https:\/\/www.mlkjlasers.com\/fr\/wp-json\/wp\/v2\/media?parent=2713"}],"wp:term":[{"taxonomy":"product_cat","embeddable":true,"href":"https:\/\/www.mlkjlasers.com\/fr\/wp-json\/wp\/v2\/product_cat?post=2713"},{"taxonomy":"product_tag","embeddable":true,"href":"https:\/\/www.mlkjlasers.com\/fr\/wp-json\/wp\/v2\/product_tag?post=2713"}],"curies":[{"name":"wp","href":"https:\/\/api.w.org\/{rel}","templated":true}]}}