{"id":2890,"date":"2024-01-19T14:00:16","date_gmt":"2024-01-19T06:00:16","guid":{"rendered":"https:\/\/mlkjlasers.com\/?post_type=product&#038;p=2890"},"modified":"2026-01-23T15:05:25","modified_gmt":"2026-01-23T07:05:25","slug":"80k-cavitation-vacuum-machine-rf-roller-massage-body-shaping-slimming-machine-cavitation-vacuum-rf-machine","status":"publish","type":"product","link":"https:\/\/www.mlkjlasers.com\/fr\/product\/80k-cavitation-vacuum-machine-rf-roller-massage-body-shaping-slimming-machine-cavitation-vacuum-rf-machine\/","title":{"rendered":"80K cavitation vide machine rf rouleau massage corps fa\u00e7onnage minceur machine cavitation vide rf machine"},"content":{"rendered":"<p><img fetchpriority=\"high\" decoding=\"async\" class=\"aligncenter wp-image-2891\" src=\"https:\/\/mlkjlasers.com\/wp-content\/uploads\/2024\/01\/1.jpg\" alt=\"\" width=\"1920\" height=\"1080\" srcset=\"https:\/\/www.mlkjlasers.com\/wp-content\/uploads\/2024\/01\/1.jpg 1920w, https:\/\/www.mlkjlasers.com\/wp-content\/uploads\/2024\/01\/1-300x169.jpg 300w, https:\/\/www.mlkjlasers.com\/wp-content\/uploads\/2024\/01\/1-1024x576.jpg 1024w, https:\/\/www.mlkjlasers.com\/wp-content\/uploads\/2024\/01\/1-768x432.jpg 768w, https:\/\/www.mlkjlasers.com\/wp-content\/uploads\/2024\/01\/1-1536x864.jpg 1536w, https:\/\/www.mlkjlasers.com\/wp-content\/uploads\/2024\/01\/1-600x338.jpg 600w\" sizes=\"(max-width: 1920px) 100vw, 1920px\" \/><\/p>\n<p><img decoding=\"async\" class=\"aligncenter wp-image-2892\" src=\"https:\/\/mlkjlasers.com\/wp-content\/uploads\/2024\/01\/2.jpg\" alt=\"\" width=\"1920\" height=\"1080\" srcset=\"https:\/\/www.mlkjlasers.com\/wp-content\/uploads\/2024\/01\/2.jpg 1920w, https:\/\/www.mlkjlasers.com\/wp-content\/uploads\/2024\/01\/2-300x169.jpg 300w, https:\/\/www.mlkjlasers.com\/wp-content\/uploads\/2024\/01\/2-1024x576.jpg 1024w, https:\/\/www.mlkjlasers.com\/wp-content\/uploads\/2024\/01\/2-768x432.jpg 768w, https:\/\/www.mlkjlasers.com\/wp-content\/uploads\/2024\/01\/2-1536x864.jpg 1536w, https:\/\/www.mlkjlasers.com\/wp-content\/uploads\/2024\/01\/2-600x338.jpg 600w\" sizes=\"(max-width: 1920px) 100vw, 1920px\" \/><\/p>\n<p>&nbsp;<\/p>\n<p><span class=\"magic-9\"><b class=\"magic-10\" data-spm-anchor-id=\"a2700.wholesale.0.i89.7c517cf3tiIswF\">Cavitation 80K : <\/b>Bas\u00e9 sur l\u2019utilisation d\u2019ondes \u00e0 ultrasons basse fr\u00e9quence, il cr\u00e9e un ph\u00e9nom\u00e8ne appel\u00e9 \u00ab cavitation \u00bb dans le corps. La cavitation se produit lorsque les ondes \u00e0 ultrasons provoquent la formation et l'implosion de minuscules bulles dans le liquide entourant les cellules graisseuses, les provoquant \u00e0 se rompre. Il peut \u00eatre efficace pour r\u00e9duire l'apparition de la cellulite, tonifier et rassurer la peau et r\u00e9duire la circonf\u00e9rence des zones trait\u00e9es. <\/span><\/p>\n<div data-spm-anchor-id=\"a2700.wholesale.0.i87.7c517cf3tiIswF\"><span class=\"magic-9\"><b class=\"magic-10\">RF multipolaire : <\/b>Il utilise les ondes \u00e9lectromagn\u00e9tiques qui sont appliqu\u00e9es \u00e0 la peau, et les ondes p\u00e9n\u00e8trent la surface de la peau et atteignent les couches plus profondes, faisant vibrer les tissus et g\u00e9n\u00e9rer de la chaleur. Stimule ainsi la d\u00e9composition des cellules graisseuses <\/span><\/div>\n<div data-spm-anchor-id=\"a2700.wholesale.0.i88.7c517cf3tiIswF\"><span class=\"magic-9\"><b class=\"magic-10\">Vacuum RF : <\/b>Il combine les technologies de l'aspiration sous vide et de la technologie RF. L'aspiration sous vide est utilis\u00e9e pour masser et manipuler la peau, tandis que la technologie RF est utilis\u00e9e pour chauffer les couches profondes de la peau, favorisant la production de collag\u00e8ne et la d\u00e9composition des cellules graisseuses.<\/span><\/div>\n<div data-spm-anchor-id=\"a2700.wholesale.0.i88.7c517cf3tiIswF\"><\/div>\n<div data-spm-anchor-id=\"a2700.wholesale.0.i88.7c517cf3tiIswF\"><img decoding=\"async\" class=\"aligncenter wp-image-2893\" src=\"https:\/\/mlkjlasers.com\/wp-content\/uploads\/2024\/01\/3.jpg\" alt=\"\" width=\"1920\" height=\"1608\" srcset=\"https:\/\/www.mlkjlasers.com\/wp-content\/uploads\/2024\/01\/3.jpg 1920w, https:\/\/www.mlkjlasers.com\/wp-content\/uploads\/2024\/01\/3-300x251.jpg 300w, https:\/\/www.mlkjlasers.com\/wp-content\/uploads\/2024\/01\/3-1024x858.jpg 1024w, https:\/\/www.mlkjlasers.com\/wp-content\/uploads\/2024\/01\/3-768x643.jpg 768w, https:\/\/www.mlkjlasers.com\/wp-content\/uploads\/2024\/01\/3-1536x1286.jpg 1536w, https:\/\/www.mlkjlasers.com\/wp-content\/uploads\/2024\/01\/3-600x503.jpg 600w\" sizes=\"(max-width: 1920px) 100vw, 1920px\" \/><\/div>\n<div data-spm-anchor-id=\"a2700.wholesale.0.i88.7c517cf3tiIswF\"><\/div>\n<div data-spm-anchor-id=\"a2700.wholesale.0.i88.7c517cf3tiIswF\"><b class=\"magic-10\" data-spm-anchor-id=\"a2700.wholesale.0.i91.7c517cf3tiIswF\">Comment fonctionne cette machine ?<br \/>\n<\/b>Gr\u00e2ce \u00e0 la t\u00eate d'op\u00e9ration faciale, il peut revitaliser les fibroblastes humains pour g\u00e9n\u00e9rer du collag\u00e8ne, des fibres \u00e9lastiques, de l'acide hyaluronique et d'autres substances, et restaurer la vitalit\u00e9 de la peau; Peut r\u00e9soudre la peau du visage jaune\u00e2tre terne, le contour n'est pas clair, le manque d'\u00e9lasticit\u00e9, la peau l\u00e2che, les rides, le double menton et la d\u00e9pression du visage. Mise en forme du corps mince: Pour la d\u00e9composition des adipocytes, d\u00e9composer les lipides, en \u00e9nergie musculaire, r\u00e9duire le volume de graisse, resserrer la peau, effet de forme. Il peut r\u00e9soudre l'accumulation de cellulite, l'ob\u00e9sit\u00e9 corporelle, le tissu de peau orange, l'\u0153d\u00e8me d'humidit\u00e9 et etc.<\/p>\n<\/div>\n<div data-spm-anchor-id=\"a2700.wholesale.0.i88.7c517cf3tiIswF\"><\/div>\n<div data-spm-anchor-id=\"a2700.wholesale.0.i88.7c517cf3tiIswF\"><img loading=\"lazy\" decoding=\"async\" class=\"aligncenter wp-image-2897\" src=\"https:\/\/mlkjlasers.com\/wp-content\/uploads\/2024\/01\/7.jpg\" alt=\"\" width=\"1920\" height=\"1080\" srcset=\"https:\/\/www.mlkjlasers.com\/wp-content\/uploads\/2024\/01\/7.jpg 1920w, https:\/\/www.mlkjlasers.com\/wp-content\/uploads\/2024\/01\/7-300x169.jpg 300w, https:\/\/www.mlkjlasers.com\/wp-content\/uploads\/2024\/01\/7-1024x576.jpg 1024w, https:\/\/www.mlkjlasers.com\/wp-content\/uploads\/2024\/01\/7-768x432.jpg 768w, https:\/\/www.mlkjlasers.com\/wp-content\/uploads\/2024\/01\/7-1536x864.jpg 1536w, https:\/\/www.mlkjlasers.com\/wp-content\/uploads\/2024\/01\/7-600x338.jpg 600w\" sizes=\"(max-width: 1920px) 100vw, 1920px\" \/><\/div>\n<div data-spm-anchor-id=\"a2700.wholesale.0.i88.7c517cf3tiIswF\"><\/div>\n<div data-spm-anchor-id=\"a2700.wholesale.0.i88.7c517cf3tiIswF\"><b class=\"magic-10\">Avantages et caract\u00e9ristiques<br \/>\n<\/b>1. La poign\u00e9e du corps est \u00e9quip\u00e9e d'un \u00e9cran tactile de 2,8 pouces, qui est plus facile \u00e0 contr\u00f4ler et \u00e0 ajuster.<br \/>\n2. Pas besoin de massage laborieux de beauticien, l'op\u00e9ration simple est s\u00fbre.<br \/>\n3. Attraction de pression n\u00e9gative de conversion de fr\u00e9quence : la propri\u00e9t\u00e9 physique pure n'a aucun dommage \u00e0 la peau, le meilleur effet est le<br \/>\nle plus en profondeur.<br \/>\n4. rouleau de puissance bidirectionnel: la surface de contact est plus large, la zone de fonction est plus grande, la profondeur de fonction est plus profonde.<br \/>\n5. Collet exclusif personnel: profondeur d'effet tridimensionnel, profondeur de stimulation de vitesse infiniment variable intelligente est diff\u00e9rente.<\/div>\n<div data-spm-anchor-id=\"a2700.wholesale.0.i88.7c517cf3tiIswF\"><\/div>\n<div data-spm-anchor-id=\"a2700.wholesale.0.i88.7c517cf3tiIswF\"><img loading=\"lazy\" decoding=\"async\" class=\"aligncenter wp-image-2895\" src=\"https:\/\/mlkjlasers.com\/wp-content\/uploads\/2024\/01\/5.jpg\" alt=\"\" width=\"1920\" height=\"1080\" srcset=\"https:\/\/www.mlkjlasers.com\/wp-content\/uploads\/2024\/01\/5.jpg 1920w, https:\/\/www.mlkjlasers.com\/wp-content\/uploads\/2024\/01\/5-300x169.jpg 300w, https:\/\/www.mlkjlasers.com\/wp-content\/uploads\/2024\/01\/5-1024x576.jpg 1024w, https:\/\/www.mlkjlasers.com\/wp-content\/uploads\/2024\/01\/5-768x432.jpg 768w, https:\/\/www.mlkjlasers.com\/wp-content\/uploads\/2024\/01\/5-1536x864.jpg 1536w, https:\/\/www.mlkjlasers.com\/wp-content\/uploads\/2024\/01\/5-600x338.jpg 600w\" sizes=\"(max-width: 1920px) 100vw, 1920px\" \/><\/div>\n<div data-spm-anchor-id=\"a2700.wholesale.0.i88.7c517cf3tiIswF\"><\/div>\n<div data-spm-anchor-id=\"a2700.wholesale.0.i88.7c517cf3tiIswF\"><img loading=\"lazy\" decoding=\"async\" class=\"aligncenter wp-image-2896\" src=\"https:\/\/mlkjlasers.com\/wp-content\/uploads\/2024\/01\/6.jpg\" alt=\"\" width=\"1920\" height=\"1608\" srcset=\"https:\/\/www.mlkjlasers.com\/wp-content\/uploads\/2024\/01\/6.jpg 1920w, https:\/\/www.mlkjlasers.com\/wp-content\/uploads\/2024\/01\/6-300x251.jpg 300w, https:\/\/www.mlkjlasers.com\/wp-content\/uploads\/2024\/01\/6-1024x858.jpg 1024w, https:\/\/www.mlkjlasers.com\/wp-content\/uploads\/2024\/01\/6-768x643.jpg 768w, https:\/\/www.mlkjlasers.com\/wp-content\/uploads\/2024\/01\/6-1536x1286.jpg 1536w, https:\/\/www.mlkjlasers.com\/wp-content\/uploads\/2024\/01\/6-600x503.jpg 600w\" sizes=\"(max-width: 1920px) 100vw, 1920px\" \/><\/div>\n<div data-spm-anchor-id=\"a2700.wholesale.0.i88.7c517cf3tiIswF\"><\/div>\n<div data-spm-anchor-id=\"a2700.wholesale.0.i88.7c517cf3tiIswF\"><img loading=\"lazy\" decoding=\"async\" class=\"aligncenter wp-image-2894\" src=\"https:\/\/mlkjlasers.com\/wp-content\/uploads\/2024\/01\/4.jpg\" alt=\"\" width=\"1920\" height=\"1080\" srcset=\"https:\/\/www.mlkjlasers.com\/wp-content\/uploads\/2024\/01\/4.jpg 1920w, https:\/\/www.mlkjlasers.com\/wp-content\/uploads\/2024\/01\/4-300x169.jpg 300w, https:\/\/www.mlkjlasers.com\/wp-content\/uploads\/2024\/01\/4-1024x576.jpg 1024w, https:\/\/www.mlkjlasers.com\/wp-content\/uploads\/2024\/01\/4-768x432.jpg 768w, https:\/\/www.mlkjlasers.com\/wp-content\/uploads\/2024\/01\/4-1536x864.jpg 1536w, https:\/\/www.mlkjlasers.com\/wp-content\/uploads\/2024\/01\/4-600x338.jpg 600w\" sizes=\"(max-width: 1920px) 100vw, 1920px\" \/><\/div>\n<div data-spm-anchor-id=\"a2700.wholesale.0.i88.7c517cf3tiIswF\"><\/div>\n<div data-spm-anchor-id=\"a2700.wholesale.0.i88.7c517cf3tiIswF\">* \u00e9cran tactile de 14 pouces, facile \u00e0 utiliser;<br \/>\n* Fournir des services de personnalisation de l'apparence du produit et du syst\u00e8me d'exploitation;<br \/>\n* Formation d'orientation sur l'utilisation du produit;<br \/>\n* Guide de mise \u00e0 niveau du syst\u00e8me, service exclusif de suivi du service \u00e0 la client\u00e8le!<\/div>\n<div data-spm-anchor-id=\"a2700.wholesale.0.i88.7c517cf3tiIswF\"><\/div>\n<div data-spm-anchor-id=\"a2700.wholesale.0.i88.7c517cf3tiIswF\"><img loading=\"lazy\" decoding=\"async\" class=\"aligncenter wp-image-2898\" src=\"https:\/\/mlkjlasers.com\/wp-content\/uploads\/2024\/01\/8.jpg\" alt=\"\" width=\"1920\" height=\"1080\" srcset=\"https:\/\/www.mlkjlasers.com\/wp-content\/uploads\/2024\/01\/8.jpg 1920w, https:\/\/www.mlkjlasers.com\/wp-content\/uploads\/2024\/01\/8-300x169.jpg 300w, https:\/\/www.mlkjlasers.com\/wp-content\/uploads\/2024\/01\/8-1024x576.jpg 1024w, https:\/\/www.mlkjlasers.com\/wp-content\/uploads\/2024\/01\/8-768x432.jpg 768w, https:\/\/www.mlkjlasers.com\/wp-content\/uploads\/2024\/01\/8-1536x864.jpg 1536w, https:\/\/www.mlkjlasers.com\/wp-content\/uploads\/2024\/01\/8-600x338.jpg 600w\" sizes=\"(max-width: 1920px) 100vw, 1920px\" \/><\/div>\n<div data-spm-anchor-id=\"a2700.wholesale.0.i88.7c517cf3tiIswF\"><\/div>\n<div data-spm-anchor-id=\"a2700.wholesale.0.i88.7c517cf3tiIswF\"><em><strong><span style=\"color: #0000ff;\">Plus de d\u00e9tails du produit et des m\u00e9thodes d'application, bienvenue pour nous consulter!<\/span><\/strong><\/em><br \/>\n<em><strong><span style=\"color: #0000ff;\">Service en ligne 7 * 24 heures!<\/span><\/strong><\/em><\/div>\n<div data-spm-anchor-id=\"a2700.wholesale.0.i88.7c517cf3tiIswF\"><\/div>","protected":false},"excerpt":{"rendered":"<p>&nbsp; Cavitation 80K : Bas\u00e9e sur l\u2019utilisation d\u2019ondes \u00e0 ultrasons basse fr\u00e9quence, elle cr\u00e9e un ph\u00e9nom\u00e8ne appel\u00e9 \u00ab cavitation \u00bb dans le corps. La cavitation se produit lorsque les ondes \u00e0 ultrasons provoquent la formation et l'implosion de minuscules bulles dans le liquide entourant les cellules graisseuses, les provoquant \u00e0 se rompre. Il peut \u00eatre efficace pour r\u00e9duire l'apparence de [&hellip;]<\/p>","protected":false},"featured_media":3492,"comment_status":"open","ping_status":"closed","template":"","meta":[],"product_cat":[28],"product_tag":[],"class_list":["post-2890","product","type-product","status-publish","has-post-thumbnail","hentry","product_cat-slimming-machine"],"_links":{"self":[{"href":"https:\/\/www.mlkjlasers.com\/fr\/wp-json\/wp\/v2\/product\/2890","targetHints":{"allow":["GET"]}}],"collection":[{"href":"https:\/\/www.mlkjlasers.com\/fr\/wp-json\/wp\/v2\/product"}],"about":[{"href":"https:\/\/www.mlkjlasers.com\/fr\/wp-json\/wp\/v2\/types\/product"}],"replies":[{"embeddable":true,"href":"https:\/\/www.mlkjlasers.com\/fr\/wp-json\/wp\/v2\/comments?post=2890"}],"wp:featuredmedia":[{"embeddable":true,"href":"https:\/\/www.mlkjlasers.com\/fr\/wp-json\/wp\/v2\/media\/3492"}],"wp:attachment":[{"href":"https:\/\/www.mlkjlasers.com\/fr\/wp-json\/wp\/v2\/media?parent=2890"}],"wp:term":[{"taxonomy":"product_cat","embeddable":true,"href":"https:\/\/www.mlkjlasers.com\/fr\/wp-json\/wp\/v2\/product_cat?post=2890"},{"taxonomy":"product_tag","embeddable":true,"href":"https:\/\/www.mlkjlasers.com\/fr\/wp-json\/wp\/v2\/product_tag?post=2890"}],"curies":[{"name":"wp","href":"https:\/\/api.w.org\/{rel}","templated":true}]}}