{"id":2941,"date":"2024-01-30T09:19:38","date_gmt":"2024-01-30T01:19:38","guid":{"rendered":"https:\/\/mlkjlasers.com\/?post_type=product&#038;p=2941"},"modified":"2026-01-21T08:59:37","modified_gmt":"2026-01-21T00:59:37","slug":"10d-focused-ultrasound-hifu-skin-rejuvenation-beauty-hifu-10d-hifu-machine-skin-tightening","status":"publish","type":"product","link":"https:\/\/www.mlkjlasers.com\/fr\/product\/10d-focused-ultrasound-hifu-skin-rejuvenation-beauty-hifu-10d-hifu-machine-skin-tightening\/","title":{"rendered":"10D concentr\u00e9 ultrasons Hifu rajeunissement de la peau Hifu 10D machine Hifu serrage de la peau"},"content":{"rendered":"<p><img fetchpriority=\"high\" decoding=\"async\" class=\"alignnone wp-image-2942\" src=\"https:\/\/mlkjlasers.com\/wp-content\/uploads\/2024\/01\/\u8be6\u60c5\u9875_01.jpg\" alt=\"\" width=\"1920\" height=\"3241\" srcset=\"https:\/\/www.mlkjlasers.com\/wp-content\/uploads\/2024\/01\/\u8be6\u60c5\u9875_01.jpg 750w, https:\/\/www.mlkjlasers.com\/wp-content\/uploads\/2024\/01\/\u8be6\u60c5\u9875_01-178x300.jpg 178w, https:\/\/www.mlkjlasers.com\/wp-content\/uploads\/2024\/01\/\u8be6\u60c5\u9875_01-607x1024.jpg 607w, https:\/\/www.mlkjlasers.com\/wp-content\/uploads\/2024\/01\/\u8be6\u60c5\u9875_01-600x1013.jpg 600w\" sizes=\"(max-width: 1920px) 100vw, 1920px\" \/><\/p>\n<div data-spm-anchor-id=\"a2700.wholesale.0.i82.36bff5dflxmUVP\"><\/div>\n<div data-spm-anchor-id=\"a2700.wholesale.0.i82.36bff5dflxmUVP\">Derni\u00e8re machine HIFU Focused Ultrasound<\/div>\n<div data-spm-anchor-id=\"a2700.wholesale.0.i83.36bff5dflxmUVP\">Le plus r\u00e9cent 7D 9D 10D 11D Hifu corps minceur lifting visage enl\u00e8vement de l'angle<\/div>\n<div data-spm-anchor-id=\"a2700.wholesale.0.i83.36bff5dflxmUVP\"><\/div>\n<div data-spm-anchor-id=\"a2700.wholesale.0.i83.36bff5dflxmUVP\"><img decoding=\"async\" class=\"alignnone wp-image-2950\" src=\"https:\/\/mlkjlasers.com\/wp-content\/uploads\/2024\/01\/\u8be6\u60c5\u9875_09.jpg\" alt=\"\" width=\"1920\" height=\"1498\" srcset=\"https:\/\/www.mlkjlasers.com\/wp-content\/uploads\/2024\/01\/\u8be6\u60c5\u9875_09.jpg 750w, https:\/\/www.mlkjlasers.com\/wp-content\/uploads\/2024\/01\/\u8be6\u60c5\u9875_09-300x234.jpg 300w, https:\/\/www.mlkjlasers.com\/wp-content\/uploads\/2024\/01\/\u8be6\u60c5\u9875_09-600x468.jpg 600w\" sizes=\"(max-width: 1920px) 100vw, 1920px\" \/><\/div>\n<div data-spm-anchor-id=\"a2700.wholesale.0.i83.36bff5dflxmUVP\"><\/div>\n<div data-spm-anchor-id=\"a2700.wholesale.0.i83.36bff5dflxmUVP\">HIFU (Ultrasons concentr\u00e9s \u00e0 haute intensit\u00e9) Utilisez des ultrasons \u00e0 haute \u00e9nergie se concentrant sur la position de traitement, de sorte que le tissu de la peau cr\u00e9e le thermique,<\/div>\n<div data-spm-anchor-id=\"a2700.wholesale.0.i83.36bff5dflxmUVP\">et faire des cellules de frottement \u00e0 grande vitesse pour stimuler le collag\u00e8ne. Un tel effet thermique ne blessera pas l'\u00e9piderme, parce que le traitement acc\u00e9de rapidement et directement \u00e0 l'\u00e9piderme.<\/div>\n<div data-spm-anchor-id=\"a2700.wholesale.0.i83.36bff5dflxmUVP\">site de traitement en 0-0,5 seconde, sans toucher le tissu environnant et peut \u00eatre transmis directement au syst\u00e8me membranaire de tendon superficiel (SMAS),<\/div>\n<div data-spm-anchor-id=\"a2700.wholesale.0.i83.36bff5dflxmUVP\">de sorte qu'il peut \u00eatre fait peau ferme tout en tirant la couche musculaire, visage mince jusqu'\u00e0 l'effet progressif.<\/div>\n<div data-spm-anchor-id=\"a2700.wholesale.0.i83.36bff5dflxmUVP\"><\/div>\n<div data-spm-anchor-id=\"a2700.wholesale.0.i83.36bff5dflxmUVP\"><img decoding=\"async\" class=\"alignnone wp-image-2945\" src=\"https:\/\/mlkjlasers.com\/wp-content\/uploads\/2024\/01\/\u8be6\u60c5\u9875_04.jpg\" alt=\"\" width=\"1920\" height=\"2967\" srcset=\"https:\/\/www.mlkjlasers.com\/wp-content\/uploads\/2024\/01\/\u8be6\u60c5\u9875_04.jpg 750w, https:\/\/www.mlkjlasers.com\/wp-content\/uploads\/2024\/01\/\u8be6\u60c5\u9875_04-194x300.jpg 194w, https:\/\/www.mlkjlasers.com\/wp-content\/uploads\/2024\/01\/\u8be6\u60c5\u9875_04-663x1024.jpg 663w, https:\/\/www.mlkjlasers.com\/wp-content\/uploads\/2024\/01\/\u8be6\u60c5\u9875_04-600x927.jpg 600w\" sizes=\"(max-width: 1920px) 100vw, 1920px\" \/><\/div>\n<div data-spm-anchor-id=\"a2700.wholesale.0.i83.36bff5dflxmUVP\"><\/div>\n<div data-spm-anchor-id=\"a2700.wholesale.0.i83.36bff5dflxmUVP\">\n<div>Cartouches L7-1.5mm, MF2.0mm, L7-3.0mm, L4-4.5mm,<\/div>\n<div data-spm-anchor-id=\"a2700.wholesale.0.i86.36bff5dflxmUVP\">MF6.0mm, MF9.0mm, MF13.0mm, DL1.5, DL3.0, DL4.5<\/div>\n<\/div>\n<div data-spm-anchor-id=\"a2700.wholesale.0.i86.36bff5dflxmUVP\"><\/div>\n<div data-spm-anchor-id=\"a2700.wholesale.0.i86.36bff5dflxmUVP\"><img loading=\"lazy\" decoding=\"async\" class=\"alignnone wp-image-2946\" src=\"https:\/\/mlkjlasers.com\/wp-content\/uploads\/2024\/01\/\u8be6\u60c5\u9875_05.jpg\" alt=\"\" width=\"1920\" height=\"2332\" srcset=\"https:\/\/www.mlkjlasers.com\/wp-content\/uploads\/2024\/01\/\u8be6\u60c5\u9875_05.jpg 750w, https:\/\/www.mlkjlasers.com\/wp-content\/uploads\/2024\/01\/\u8be6\u60c5\u9875_05-247x300.jpg 247w, https:\/\/www.mlkjlasers.com\/wp-content\/uploads\/2024\/01\/\u8be6\u60c5\u9875_05-600x729.jpg 600w\" sizes=\"(max-width: 1920px) 100vw, 1920px\" \/><\/div>\n<div data-spm-anchor-id=\"a2700.wholesale.0.i86.36bff5dflxmUVP\"><\/div>\n<div data-spm-anchor-id=\"a2700.wholesale.0.i86.36bff5dflxmUVP\"><img loading=\"lazy\" decoding=\"async\" class=\"alignnone wp-image-2944\" src=\"https:\/\/mlkjlasers.com\/wp-content\/uploads\/2024\/01\/\u8be6\u60c5\u9875_03.jpg\" alt=\"\" width=\"1920\" height=\"1905\" srcset=\"https:\/\/www.mlkjlasers.com\/wp-content\/uploads\/2024\/01\/\u8be6\u60c5\u9875_03.jpg 750w, https:\/\/www.mlkjlasers.com\/wp-content\/uploads\/2024\/01\/\u8be6\u60c5\u9875_03-300x298.jpg 300w, https:\/\/www.mlkjlasers.com\/wp-content\/uploads\/2024\/01\/\u8be6\u60c5\u9875_03-150x150.jpg 150w, https:\/\/www.mlkjlasers.com\/wp-content\/uploads\/2024\/01\/\u8be6\u60c5\u9875_03-600x595.jpg 600w, https:\/\/www.mlkjlasers.com\/wp-content\/uploads\/2024\/01\/\u8be6\u60c5\u9875_03-100x100.jpg 100w\" sizes=\"(max-width: 1920px) 100vw, 1920px\" \/><\/div>\n<div data-spm-anchor-id=\"a2700.wholesale.0.i86.36bff5dflxmUVP\"><\/div>\n<div data-spm-anchor-id=\"a2700.wholesale.0.i83.36bff5dflxmUVP\">\n<div data-spm-anchor-id=\"a2700.wholesale.0.i86.36bff5dflxmUVP\">* Un taux \u00e9lev\u00e9 de r\u00e9p\u00e9tition des impulsions courtes sont livr\u00e9s profond\u00e9ment dans le derme, obtenant une puissance moyenne \u00e9lev\u00e9e et une accumulation de chaleur th\u00e9rapeutiquement efficace, pratiquement sans douleur.<\/div>\n<div data-spm-anchor-id=\"a2700.wholesale.0.i86.36bff5dflxmUVP\">* La derni\u00e8re machine a au total 11 sondes, qui sont enti\u00e8rement sculpt\u00e9es et anti-vieillissement.<br \/>\n* Traitement non chirurgical du syst\u00e8me de levage du visage, de serrage et de mise en forme du contour du corps. La derni\u00e8re technologie \u00e0 ultrasons \u00e0 haute \u00e9nergie au monde.<\/div>\n<div data-spm-anchor-id=\"a2700.wholesale.0.i86.36bff5dflxmUVP\"><\/div>\n<div data-spm-anchor-id=\"a2700.wholesale.0.i86.36bff5dflxmUVP\"><img loading=\"lazy\" decoding=\"async\" class=\"alignnone wp-image-2948\" src=\"https:\/\/mlkjlasers.com\/wp-content\/uploads\/2024\/01\/\u8be6\u60c5\u9875_07.jpg\" alt=\"\" width=\"1920\" height=\"1300\" srcset=\"https:\/\/www.mlkjlasers.com\/wp-content\/uploads\/2024\/01\/\u8be6\u60c5\u9875_07.jpg 750w, https:\/\/www.mlkjlasers.com\/wp-content\/uploads\/2024\/01\/\u8be6\u60c5\u9875_07-300x203.jpg 300w, https:\/\/www.mlkjlasers.com\/wp-content\/uploads\/2024\/01\/\u8be6\u60c5\u9875_07-600x406.jpg 600w\" sizes=\"(max-width: 1920px) 100vw, 1920px\" \/><\/div>\n<div data-spm-anchor-id=\"a2700.wholesale.0.i86.36bff5dflxmUVP\"><\/div>\n<div data-spm-anchor-id=\"a2700.wholesale.0.i86.36bff5dflxmUVP\">\n<p>1. Enlevez les rides autour du front, des yeux, de la bouche, etc.<\/p>\n<div>2. Levant et serrant la peau des deux joues.<\/div>\n<div>3. Am\u00e9liorer l'\u00e9lasticit\u00e9 de la peau et fa\u00e7onner le contour.<\/div>\n<div>4. Am\u00e9liorer la ligne de m\u00e2choire, r\u00e9duisant les \u00ab lignes de marionnette \u00bb.<\/div>\n<div>5. Serrer le tissu de la peau sur le front, soulever les lignes des sourcils.<\/div>\n<div>6. Am\u00e9liorer le teint de la peau, rendant la peau d\u00e9licate et lumineuse.<\/div>\n<div>7. Correspondance avec la beaut\u00e9 d'injection comme l'acide hyaluronique, le collag\u00e8ne, pour r\u00e9soudre plus de probl\u00e8me de vieillissement.<\/div>\n<div data-spm-anchor-id=\"a2700.wholesale.0.i88.36bff5dflxmUVP\">8. Supprimer les rides du cou, prot\u00e9ger le vieillissement du cou.<\/div>\n<div data-spm-anchor-id=\"a2700.wholesale.0.i88.36bff5dflxmUVP\"><\/div>\n<div data-spm-anchor-id=\"a2700.wholesale.0.i88.36bff5dflxmUVP\"><img loading=\"lazy\" decoding=\"async\" class=\"alignnone wp-image-2947\" src=\"https:\/\/mlkjlasers.com\/wp-content\/uploads\/2024\/01\/\u8be6\u60c5\u9875_06.jpg\" alt=\"\" width=\"1920\" height=\"2112\" srcset=\"https:\/\/www.mlkjlasers.com\/wp-content\/uploads\/2024\/01\/\u8be6\u60c5\u9875_06.jpg 750w, https:\/\/www.mlkjlasers.com\/wp-content\/uploads\/2024\/01\/\u8be6\u60c5\u9875_06-273x300.jpg 273w, https:\/\/www.mlkjlasers.com\/wp-content\/uploads\/2024\/01\/\u8be6\u60c5\u9875_06-600x660.jpg 600w\" sizes=\"(max-width: 1920px) 100vw, 1920px\" \/><\/div>\n<\/div>\n<p><strong>\u00c9cran tactile couleur rajeunissement de la peau<br \/>\n<\/strong>1. grand \u00e9cran tactile de 15,6 pouces, humanis\u00e9 con\u00e7u<br \/>\n2. M\u00e2le\/femelle, parties du corps, 6 types de peau pour l'option.<br \/>\n3. Anglais votre langue maternelle.<br \/>\n4. Service de programme OEM gratuit (logo\/syst\u00e8me&#8230;)<\/p>\n<table class=\"cke_show_border\" style=\"width: 100.525%; height: 502px;\">\n<tbody>\n<tr style=\"height: 23px;\">\n<td style=\"width: 23.182%; height: 23px;\" colspan=\"1\" rowspan=\"1\">Nom du p\u00e9riph\u00e9rique<\/td>\n<td style=\"width: 215.953%; height: 23px;\" colspan=\"1\" rowspan=\"1\">EXFU Seiko HIFU<\/td>\n<\/tr>\n<tr style=\"height: 25px;\">\n<td style=\"width: 23.182%; height: 25px;\" colspan=\"1\" rowspan=\"1\">Type d'article<\/td>\n<td style=\"width: 215.953%; height: 25px;\" colspan=\"1\" rowspan=\"1\">Machine pliable double contr\u00f4le 11DUltrasound<\/td>\n<\/tr>\n<tr style=\"height: 34px;\">\n<td style=\"width: 23.182%; height: 34px;\" colspan=\"1\" rowspan=\"1\">Technologie<\/td>\n<td style=\"width: 215.953%; height: 34px;\" colspan=\"1\" rowspan=\"1\">Ultrasons \u00e0 haute intensit\u00e9<\/td>\n<\/tr>\n<tr style=\"height: 37px;\">\n<td style=\"width: 23.182%; height: 37px;\" colspan=\"1\" rowspan=\"1\">Tension d'entr\u00e9e<\/td>\n<td style=\"width: 215.953%; height: 37px;\" colspan=\"1\" rowspan=\"1\">AC100V &#8211; 240V<\/td>\n<\/tr>\n<tr style=\"height: 38px;\">\n<td style=\"width: 23.182%; height: 38px;\" colspan=\"1\" rowspan=\"1\">Fr\u00e9quence de sortie<\/td>\n<td style=\"width: 215.953%; height: 38px;\" colspan=\"1\" rowspan=\"1\">2 \u00e0 7 MHz<\/td>\n<\/tr>\n<tr style=\"height: 38px;\">\n<td style=\"width: 23.182%; height: 38px;\" colspan=\"1\" rowspan=\"1\">Puissance maximale<\/td>\n<td style=\"width: 215.953%; height: 38px;\" colspan=\"1\" rowspan=\"1\">200 \u00e0 400VA<\/td>\n<\/tr>\n<tr style=\"height: 51px;\">\n<td style=\"width: 23.182%; height: 51px;\" colspan=\"1\" rowspan=\"1\">Fusible<\/td>\n<td style=\"width: 215.953%; height: 51px;\" colspan=\"1\" rowspan=\"1\">5A<\/td>\n<\/tr>\n<tr style=\"height: 38px;\">\n<td style=\"width: 23.182%; height: 38px;\" colspan=\"1\" rowspan=\"1\">Nombre de poign\u00e9es<\/td>\n<td style=\"width: 215.953%; height: 38px;\" colspan=\"1\" rowspan=\"1\">2 poign\u00e9es<\/td>\n<\/tr>\n<tr style=\"height: 36px;\">\n<td style=\"width: 23.182%; height: 36px;\" colspan=\"1\" rowspan=\"1\">Zone de traitement<\/td>\n<td style=\"width: 215.953%; height: 36px;\" colspan=\"1\" rowspan=\"1\">visage, corps,<\/td>\n<\/tr>\n<tr style=\"height: 51px;\">\n<td style=\"width: 23.182%; height: 102px;\" colspan=\"1\" rowspan=\"2\">Cartouches<\/td>\n<td style=\"width: 215.953%; height: 51px;\" colspan=\"1\" rowspan=\"1\">L7-1.5mm, MF2.0mm, L7-3.0mm, L4-4.5mm,<\/td>\n<\/tr>\n<tr style=\"height: 51px;\">\n<td style=\"width: 215.953%; height: 51px;\" colspan=\"1\" rowspan=\"1\">MF6.0mm, MF9.0mm, MF13.0mm, DL1.5, DL3.0, DL4.5<\/td>\n<\/tr>\n<tr style=\"height: 51px;\">\n<td style=\"width: 23.182%; height: 51px;\" colspan=\"1\" rowspan=\"1\">Tirs<\/td>\n<td style=\"width: 215.953%; height: 51px;\" colspan=\"1\" rowspan=\"1\">20000 coups \/ cartouche<\/td>\n<\/tr>\n<tr style=\"height: 19px;\">\n<td style=\"width: 23.182%; height: 19px;\" colspan=\"1\" rowspan=\"1\">Poids d'emballage<\/td>\n<td style=\"width: 215.953%; height: 19px;\" colspan=\"1\" rowspan=\"1\">11 kg<\/td>\n<\/tr>\n<tr style=\"height: 10px;\">\n<td style=\"width: 23.182%; height: 10px;\" colspan=\"1\" rowspan=\"1\">Taille d'emballage<\/td>\n<td style=\"width: 215.953%; height: 10px;\" colspan=\"1\" rowspan=\"1\">550x430x180mm<\/td>\n<\/tr>\n<\/tbody>\n<\/table>\n<p><img loading=\"lazy\" decoding=\"async\" class=\"alignnone wp-image-2943\" src=\"https:\/\/mlkjlasers.com\/wp-content\/uploads\/2024\/01\/\u8be6\u60c5\u9875_02.jpg\" alt=\"\" width=\"1920\" height=\"924\" srcset=\"https:\/\/www.mlkjlasers.com\/wp-content\/uploads\/2024\/01\/\u8be6\u60c5\u9875_02.jpg 750w, https:\/\/www.mlkjlasers.com\/wp-content\/uploads\/2024\/01\/\u8be6\u60c5\u9875_02-300x144.jpg 300w, https:\/\/www.mlkjlasers.com\/wp-content\/uploads\/2024\/01\/\u8be6\u60c5\u9875_02-600x289.jpg 600w\" sizes=\"(max-width: 1920px) 100vw, 1920px\" \/><\/p>\n<p>1) fabricant d'usine de 16 ans 100% bon retour de tous les clients.<br \/>\n3) \u00e9quipe apr\u00e8s-vente qui peut r\u00e9soudre facilement les probl\u00e8mes. Service de programme OEM gratuit (logo\/syst\u00e8me&#8230;)<\/p>\n<div data-spm-anchor-id=\"a2700.wholesale.0.i93.36bff5dflxmUVP\"><\/div>\n<div data-spm-anchor-id=\"a2700.wholesale.0.i93.36bff5dflxmUVP\"><span style=\"color: #339966; font-size: 14pt;\"><em><strong>En savoir plus sur les \u00e9quipements de beaut\u00e9 et les connaissances, n'h\u00e9sitez pas \u00e0 nous contacter!<\/strong><\/em><\/span><\/div>\n<div data-spm-anchor-id=\"a2700.wholesale.0.i93.36bff5dflxmUVP\"><\/div>\n<\/div>","protected":false},"excerpt":{"rendered":"<p>Derni\u00e8re machine HIFU Focused Ultrasound Derni\u00e8re 7D 9D 10D 11D Hifu Body Minceur Lifting Face Winkle Removal HIFU (Ultrason Focus\u00e9 \u00e0 Haute Intensit\u00e9) Utilisez l'ultrason \u00e0 haute \u00e9nergie se concentrant sur la position de traitement, de sorte que le tissu de la peau cr\u00e9e le thermique et fait des cellules de frottement \u00e0 grande vitesse pour stimuler le collag\u00e8ne. Un tel effet thermique ne blessera pas l'\u00e9piderme, parce que le traitement [&hellip;]<\/p>","protected":false},"featured_media":2953,"comment_status":"open","ping_status":"closed","template":"","meta":[],"product_cat":[30],"product_tag":[],"class_list":["post-2941","product","type-product","status-publish","has-post-thumbnail","hentry","product_cat-11d-hifu"],"_links":{"self":[{"href":"https:\/\/www.mlkjlasers.com\/fr\/wp-json\/wp\/v2\/product\/2941","targetHints":{"allow":["GET"]}}],"collection":[{"href":"https:\/\/www.mlkjlasers.com\/fr\/wp-json\/wp\/v2\/product"}],"about":[{"href":"https:\/\/www.mlkjlasers.com\/fr\/wp-json\/wp\/v2\/types\/product"}],"replies":[{"embeddable":true,"href":"https:\/\/www.mlkjlasers.com\/fr\/wp-json\/wp\/v2\/comments?post=2941"}],"wp:featuredmedia":[{"embeddable":true,"href":"https:\/\/www.mlkjlasers.com\/fr\/wp-json\/wp\/v2\/media\/2953"}],"wp:attachment":[{"href":"https:\/\/www.mlkjlasers.com\/fr\/wp-json\/wp\/v2\/media?parent=2941"}],"wp:term":[{"taxonomy":"product_cat","embeddable":true,"href":"https:\/\/www.mlkjlasers.com\/fr\/wp-json\/wp\/v2\/product_cat?post=2941"},{"taxonomy":"product_tag","embeddable":true,"href":"https:\/\/www.mlkjlasers.com\/fr\/wp-json\/wp\/v2\/product_tag?post=2941"}],"curies":[{"name":"wp","href":"https:\/\/api.w.org\/{rel}","templated":true}]}}