{"id":2958,"date":"2024-02-28T17:02:20","date_gmt":"2024-02-28T09:02:20","guid":{"rendered":"https:\/\/mlkjlasers.com\/?post_type=product&#038;p=2958"},"modified":"2024-02-29T16:46:35","modified_gmt":"2024-02-29T08:46:35","slug":"laser-q-swithced-nanosecond-short-pulse-755-532-1064-vascular-therapy-scar-repair-picosecond-laser-tattoo-removal-machine","status":"publish","type":"product","link":"https:\/\/www.mlkjlasers.com\/fr\/product\/laser-q-swithced-nanosecond-short-pulse-755-532-1064-vascular-therapy-scar-repair-picosecond-laser-tattoo-removal-machine\/","title":{"rendered":"Laser Q-switched nanoseconde court impulsion 755 532 1064 th\u00e9rapie vasculaire cicatrice r\u00e9paration picoseconde laser machine d'enl\u00e8vement du tatouage"},"content":{"rendered":"<p><img fetchpriority=\"high\" decoding=\"async\" class=\"size-full wp-image-2986 aligncenter\" src=\"https:\/\/mlkjlasers.com\/wp-content\/uploads\/2024\/02\/1-2.jpg\" alt=\"\" width=\"1920\" height=\"1080\" srcset=\"https:\/\/www.mlkjlasers.com\/wp-content\/uploads\/2024\/02\/1-2.jpg 1920w, https:\/\/www.mlkjlasers.com\/wp-content\/uploads\/2024\/02\/1-2-300x169.jpg 300w, https:\/\/www.mlkjlasers.com\/wp-content\/uploads\/2024\/02\/1-2-1024x576.jpg 1024w, https:\/\/www.mlkjlasers.com\/wp-content\/uploads\/2024\/02\/1-2-768x432.jpg 768w, https:\/\/www.mlkjlasers.com\/wp-content\/uploads\/2024\/02\/1-2-1536x864.jpg 1536w, https:\/\/www.mlkjlasers.com\/wp-content\/uploads\/2024\/02\/1-2-600x338.jpg 600w\" sizes=\"(max-width: 1920px) 100vw, 1920px\" \/> <img decoding=\"async\" class=\"size-full wp-image-2987 aligncenter\" src=\"https:\/\/mlkjlasers.com\/wp-content\/uploads\/2024\/02\/2-2.jpg\" alt=\"\" width=\"1920\" height=\"1080\" srcset=\"https:\/\/www.mlkjlasers.com\/wp-content\/uploads\/2024\/02\/2-2.jpg 1920w, https:\/\/www.mlkjlasers.com\/wp-content\/uploads\/2024\/02\/2-2-300x169.jpg 300w, https:\/\/www.mlkjlasers.com\/wp-content\/uploads\/2024\/02\/2-2-1024x576.jpg 1024w, https:\/\/www.mlkjlasers.com\/wp-content\/uploads\/2024\/02\/2-2-768x432.jpg 768w, https:\/\/www.mlkjlasers.com\/wp-content\/uploads\/2024\/02\/2-2-1536x864.jpg 1536w, https:\/\/www.mlkjlasers.com\/wp-content\/uploads\/2024\/02\/2-2-600x338.jpg 600w\" sizes=\"(max-width: 1920px) 100vw, 1920px\" \/><\/p>\n<p>&nbsp;<\/p>\n<p><span class=\"src\" data-group=\"0-0\">Laser \u00e0 impulsion courte: dur\u00e9e \u2264 nanosecondes (10e-6 secondes) <\/span><span class=\"src\" data-group=\"1-0\">Caract\u00e9ristiques : <\/span><\/p>\n<p><span class=\"src\" data-group=\"2-0\">\u2460  En utilisant l'effet m\u00e9canique de soufflage de pression acoustique de la lumi\u00e8re, une seule dur\u00e9e d'\u00e9mission est courte, haute \u00e9nergie, puissance de pointe; <\/span><\/p>\n<p><span class=\"src\" data-group=\"3-0\">\u2461  La largeur d'impulsion n'est g\u00e9n\u00e9ralement pas r\u00e9glable; <\/span><span class=\"src\" data-group=\"4-0\">\u2462  L'impulsion courte est r\u00e9alis\u00e9e par la technologie Q-commutation<\/span><\/p>\n<p>&nbsp;<\/p>\n<p><img decoding=\"async\" class=\"size-full wp-image-2988 aligncenter\" src=\"https:\/\/mlkjlasers.com\/wp-content\/uploads\/2024\/02\/3-2.jpg\" alt=\"\" width=\"1920\" height=\"1080\" srcset=\"https:\/\/www.mlkjlasers.com\/wp-content\/uploads\/2024\/02\/3-2.jpg 1920w, https:\/\/www.mlkjlasers.com\/wp-content\/uploads\/2024\/02\/3-2-300x169.jpg 300w, https:\/\/www.mlkjlasers.com\/wp-content\/uploads\/2024\/02\/3-2-1024x576.jpg 1024w, https:\/\/www.mlkjlasers.com\/wp-content\/uploads\/2024\/02\/3-2-768x432.jpg 768w, https:\/\/www.mlkjlasers.com\/wp-content\/uploads\/2024\/02\/3-2-1536x864.jpg 1536w, https:\/\/www.mlkjlasers.com\/wp-content\/uploads\/2024\/02\/3-2-600x338.jpg 600w\" sizes=\"(max-width: 1920px) 100vw, 1920px\" \/> <img loading=\"lazy\" decoding=\"async\" class=\"size-full wp-image-2990 aligncenter\" src=\"https:\/\/mlkjlasers.com\/wp-content\/uploads\/2024\/02\/5-3.jpg\" alt=\"\" width=\"1920\" height=\"1080\" srcset=\"https:\/\/www.mlkjlasers.com\/wp-content\/uploads\/2024\/02\/5-3.jpg 1920w, https:\/\/www.mlkjlasers.com\/wp-content\/uploads\/2024\/02\/5-3-300x169.jpg 300w, https:\/\/www.mlkjlasers.com\/wp-content\/uploads\/2024\/02\/5-3-1024x576.jpg 1024w, https:\/\/www.mlkjlasers.com\/wp-content\/uploads\/2024\/02\/5-3-768x432.jpg 768w, https:\/\/www.mlkjlasers.com\/wp-content\/uploads\/2024\/02\/5-3-1536x864.jpg 1536w, https:\/\/www.mlkjlasers.com\/wp-content\/uploads\/2024\/02\/5-3-600x338.jpg 600w\" sizes=\"(max-width: 1920px) 100vw, 1920px\" \/><\/p>\n<p>&nbsp;<\/p>\n<p>Informations sur le produit<br \/>\nAvec 7 bras de guidage, la lumi\u00e8re est plus sym\u00e9trique!<br \/>\nLa densit\u00e9 \u00e9nerg\u00e9tique (J\/cm2) est le param\u00e8tre d\u00e9cisif de la th\u00e9rapie laser \u00e0 commutation Q.<br \/>\nLe laser Q-commut\u00e9 ne peut g\u00e9n\u00e9ralement pas ajuster la largeur d'impulsion, d\u00e9finir la m\u00eame valeur d'\u00e9nergie lumineuse (mJ), si plus la zone d'action est petite (plus le diam\u00e8tre du point est petit), plus la densit\u00e9 d'\u00e9nergie est grande, plus la r\u00e9action cutan\u00e9e est intense, ce qui est la signification de &#8220; focalisation&#8221;<\/p>\n<p>Caract\u00e9ristiques :<br \/>\n1. Haute performance: Le syst\u00e8me laser Ruby a une sortie d'\u00e9nergie \u00e9lev\u00e9e et une densit\u00e9 de puissance \u00e9lev\u00e9e, permettant une chirurgie et un traitement rapides et efficaces.<br \/>\n2. S\u00e9curit\u00e9: Le syst\u00e8me utilise la technologie laser avanc\u00e9e pour contr\u00f4ler avec pr\u00e9cision la profondeur et l'intensit\u00e9 du faisceau laser, minimisant les dommages au tissu environnant.<br \/>\n3. Multifonctionnel: Le syst\u00e8me laser Ruby peut \u00eatre utilis\u00e9 pour une vari\u00e9t\u00e9 de chirurgies et de traitements, y compris l'enl\u00e8vement de la peau, le traitement des maladies vasculaires, la r\u00e9paration des cicatrices, etc.<br \/>\n4. Haute pr\u00e9cision: Le syst\u00e8me a des fonctions de positionnement et de contr\u00f4le de faisceau laser de haute pr\u00e9cision, peut manipuler avec pr\u00e9cision le tissu cible, am\u00e9liorer le taux de succ\u00e8s de la chirurgie et de l'effet de traitement.<br \/>\n5. Portabilit\u00e9: Le syst\u00e8me laser Ruby adopte une conception compacte, facile \u00e0 transporter et \u00e0 d\u00e9placer, adapt\u00e9e \u00e0 diff\u00e9rents environnements cliniques.<\/p>\n<p>755 waveleng ce utilis\u00e9 pour blanchir et jaunir rapidement enlever les pigments de poussi\u00e8re, et facilement restaurer votre peau blanche<br \/>\nLe laser picoseconde de 532 nm a le meilleur effet sur les tatouages jaunes, suivis des tatouages rouges. Le laser picoseconde de 1064 nm fonctionne mieux pour les tatouages noirs.<br \/>\n532 Longueur d'onde est utilis\u00e9 pour traiter les taches \u00e9pidermiques telles que les freches, les taches de caf\u00e9, les taches de photo-vieillissement, les marques d'acn\u00e9 et les rides, ainsi que les tatouages rouges et jaunes.<br \/>\n1064 utilis\u00e9 pour traiter les taches cutan\u00e9es telles que brun-cyanmoles, Otamoles, chloasma, pigmentation-tion, blanchiment et \u00e9claircissement pour enlever jaune, noir et bleu tatouages peuvent \u00eatre lav\u00e9s, utilis\u00e9 pour traiter l'acn\u00e9, r\u00e9duire les pores et tightenskin, pour atteindre l'effet du rajeunissement de la peau.<\/p>\n<p>&nbsp;<\/p>\n<p><img loading=\"lazy\" decoding=\"async\" class=\"size-full wp-image-2989 aligncenter\" src=\"https:\/\/mlkjlasers.com\/wp-content\/uploads\/2024\/02\/4-2.jpg\" alt=\"\" width=\"1920\" height=\"1080\" srcset=\"https:\/\/www.mlkjlasers.com\/wp-content\/uploads\/2024\/02\/4-2.jpg 1920w, https:\/\/www.mlkjlasers.com\/wp-content\/uploads\/2024\/02\/4-2-300x169.jpg 300w, https:\/\/www.mlkjlasers.com\/wp-content\/uploads\/2024\/02\/4-2-1024x576.jpg 1024w, https:\/\/www.mlkjlasers.com\/wp-content\/uploads\/2024\/02\/4-2-768x432.jpg 768w, https:\/\/www.mlkjlasers.com\/wp-content\/uploads\/2024\/02\/4-2-1536x864.jpg 1536w, https:\/\/www.mlkjlasers.com\/wp-content\/uploads\/2024\/02\/4-2-600x338.jpg 600w\" sizes=\"(max-width: 1920px) 100vw, 1920px\" \/> <img loading=\"lazy\" decoding=\"async\" class=\"size-full wp-image-2992 aligncenter\" src=\"https:\/\/mlkjlasers.com\/wp-content\/uploads\/2024\/02\/7-1.jpg\" alt=\"\" width=\"1920\" height=\"1080\" srcset=\"https:\/\/www.mlkjlasers.com\/wp-content\/uploads\/2024\/02\/7-1.jpg 1920w, https:\/\/www.mlkjlasers.com\/wp-content\/uploads\/2024\/02\/7-1-300x169.jpg 300w, https:\/\/www.mlkjlasers.com\/wp-content\/uploads\/2024\/02\/7-1-1024x576.jpg 1024w, https:\/\/www.mlkjlasers.com\/wp-content\/uploads\/2024\/02\/7-1-768x432.jpg 768w, https:\/\/www.mlkjlasers.com\/wp-content\/uploads\/2024\/02\/7-1-1536x864.jpg 1536w, https:\/\/www.mlkjlasers.com\/wp-content\/uploads\/2024\/02\/7-1-600x338.jpg 600w\" sizes=\"(max-width: 1920px) 100vw, 1920px\" \/> <img loading=\"lazy\" decoding=\"async\" class=\"size-full wp-image-2993 aligncenter\" src=\"https:\/\/mlkjlasers.com\/wp-content\/uploads\/2024\/02\/8-1.jpg\" alt=\"\" width=\"1920\" height=\"1080\" srcset=\"https:\/\/www.mlkjlasers.com\/wp-content\/uploads\/2024\/02\/8-1.jpg 1920w, https:\/\/www.mlkjlasers.com\/wp-content\/uploads\/2024\/02\/8-1-300x169.jpg 300w, https:\/\/www.mlkjlasers.com\/wp-content\/uploads\/2024\/02\/8-1-1024x576.jpg 1024w, https:\/\/www.mlkjlasers.com\/wp-content\/uploads\/2024\/02\/8-1-768x432.jpg 768w, https:\/\/www.mlkjlasers.com\/wp-content\/uploads\/2024\/02\/8-1-1536x864.jpg 1536w, https:\/\/www.mlkjlasers.com\/wp-content\/uploads\/2024\/02\/8-1-600x338.jpg 600w\" sizes=\"(max-width: 1920px) 100vw, 1920px\" \/><\/p>\n<p>&nbsp;<\/p>","protected":false},"excerpt":{"rendered":"<p>&nbsp; Laser \u00e0 impulsion courte: dur\u00e9e \u2264 nanosecondes (10e-6 secondes) \u2460  En utilisant l'effet m\u00e9canique de soufflage de pression acoustique de la lumi\u00e8re, une seule dur\u00e9e d'\u00e9mission est courte, haute \u00e9nergie, puissance de pointe;  \u2461  La largeur d'impulsion n'est g\u00e9n\u00e9ralement pas r\u00e9glable;  \u2462  L'impulsion courte est r\u00e9alis\u00e9e par la technologie de commutation Q &nbsp;  &nbsp; Informations sur le produit Avec 7 bras l\u00e9gers de guidage, le [&hellip;]<\/p>","protected":false},"featured_media":2985,"comment_status":"open","ping_status":"closed","template":"","meta":[],"product_cat":[23],"product_tag":[],"class_list":["post-2958","product","type-product","status-publish","has-post-thumbnail","hentry","product_cat-picosecond-laser"],"_links":{"self":[{"href":"https:\/\/www.mlkjlasers.com\/fr\/wp-json\/wp\/v2\/product\/2958","targetHints":{"allow":["GET"]}}],"collection":[{"href":"https:\/\/www.mlkjlasers.com\/fr\/wp-json\/wp\/v2\/product"}],"about":[{"href":"https:\/\/www.mlkjlasers.com\/fr\/wp-json\/wp\/v2\/types\/product"}],"replies":[{"embeddable":true,"href":"https:\/\/www.mlkjlasers.com\/fr\/wp-json\/wp\/v2\/comments?post=2958"}],"wp:featuredmedia":[{"embeddable":true,"href":"https:\/\/www.mlkjlasers.com\/fr\/wp-json\/wp\/v2\/media\/2985"}],"wp:attachment":[{"href":"https:\/\/www.mlkjlasers.com\/fr\/wp-json\/wp\/v2\/media?parent=2958"}],"wp:term":[{"taxonomy":"product_cat","embeddable":true,"href":"https:\/\/www.mlkjlasers.com\/fr\/wp-json\/wp\/v2\/product_cat?post=2958"},{"taxonomy":"product_tag","embeddable":true,"href":"https:\/\/www.mlkjlasers.com\/fr\/wp-json\/wp\/v2\/product_tag?post=2958"}],"curies":[{"name":"wp","href":"https:\/\/api.w.org\/{rel}","templated":true}]}}