{"id":2998,"date":"2024-03-01T10:09:26","date_gmt":"2024-03-01T02:09:26","guid":{"rendered":"https:\/\/mlkjlasers.com\/?post_type=product&#038;p=2998"},"modified":"2026-01-27T13:53:21","modified_gmt":"2026-01-27T05:53:21","slug":"ems-body-sculpting-machine-body-sculpting-slimming-machine-building-lifting-body-sculpting-slimming-machine","status":"publish","type":"product","link":"https:\/\/www.mlkjlasers.com\/fr\/product\/ems-body-sculpting-machine-body-sculpting-slimming-machine-building-lifting-body-sculpting-slimming-machine\/","title":{"rendered":"Machine de perte de poids de sculpture de corps de formation de machine minceur de sculpture de muscle de 2026"},"content":{"rendered":"<p><span style=\"font-size: 14pt;\"><img fetchpriority=\"high\" decoding=\"async\" class=\"aligncenter size-full wp-image-3701\" src=\"https:\/\/www.mlkjlasers.com\/wp-content\/uploads\/2026\/01\/pro-1.jpg\" alt=\"\" width=\"1080\" height=\"1080\" \/><\/span><\/p>\n<p><span style=\"font-size: 14pt;\"><b>Construire Muscle<\/b><\/span><br \/>\n<span style=\"font-size: 14pt;\">Les muscles se contractent 30 000 fois \u00e0 une fr\u00e9quence et une intensit\u00e9 \u00e9lev\u00e9es, ce qui permet d\u2019entra\u00eener et d\u2019augmenter la densit\u00e9 et le volume musculaires.<\/span><br \/>\n<span style=\"font-size: 14pt;\"><b>R\u00e9duire les graisses<\/b><\/span><br \/>\n<span style=\"font-size: 14pt;\">La contraction finale des muscles n\u00e9cessite une grande quantit\u00e9 d'approvisionnement en \u00e9nergie, de sorte que les cellules graisseuses \u00e0 c\u00f4t\u00e9 des muscles sont \u00e9galement consomm\u00e9es, conduisant \u00e0 une apoptose naturelle et \u00e0 une r\u00e9duction efficace des graisses.<\/span><br \/>\n<span style=\"font-size: 14pt;\"><b>Sculpture musculaire<\/b><\/span><br \/>\n<span style=\"font-size: 14pt;\">Exercier les muscles abdominaux et glut\u00e9aux, entra\u00eener les muscles obliques de l'abdomen et fa\u00e7onner la ligne de sir\u00e8ne.<\/span><\/p>\n<p><span style=\"font-size: 14pt;\"><img decoding=\"async\" class=\"aligncenter size-full wp-image-3706\" src=\"https:\/\/www.mlkjlasers.com\/wp-content\/uploads\/2026\/01\/pro-6.jpg\" alt=\"\" width=\"1080\" height=\"1080\" \/><\/span><\/p>\n<p><span style=\"font-size: 14pt;\">Fonctionnalit\u00e9 multi-mode &#8211; Diff\u00e9rents niveaux d'intensit\u00e9 pour un traitement personnalis\u00e9.<\/span><br \/>\n<span style=\"font-size: 14pt;\">Rapide &amp; R\u00e9sultats visibles &#8211; Sentez la diff\u00e9rence en quelques s\u00e9ances.<\/span><br \/>\n<span style=\"font-size: 14pt;\">S\u00e9curit\u00e9 &amp; Non-invasif &#8211; Pas d'op\u00e9ration, pas d'arr\u00eat, pas de douleur.<\/span><br \/>\n<span style=\"font-size: 14pt;\">Utilisation du corps entier &#8211; Fonctionne sur les abdominaux, les bras, les cuisses, les glutes et plus encore.<\/span><br \/>\n<span style=\"font-size: 14pt;\">Vertical &amp; Facile \u00e0 utiliser &#8211; Parfait pour les salons ou les cliniques.<\/span><\/p>\n<p><span style=\"font-size: 14pt;\"><img decoding=\"async\" class=\"aligncenter size-full wp-image-3767\" src=\"https:\/\/www.mlkjlasers.com\/wp-content\/uploads\/2026\/01\/pro-14.jpg\" alt=\"\" width=\"1920\" height=\"1080\" srcset=\"https:\/\/www.mlkjlasers.com\/wp-content\/uploads\/2026\/01\/pro-14.jpg 1920w, https:\/\/www.mlkjlasers.com\/wp-content\/uploads\/2026\/01\/pro-14-300x169.jpg 300w, https:\/\/www.mlkjlasers.com\/wp-content\/uploads\/2026\/01\/pro-14-1024x576.jpg 1024w, https:\/\/www.mlkjlasers.com\/wp-content\/uploads\/2026\/01\/pro-14-768x432.jpg 768w, https:\/\/www.mlkjlasers.com\/wp-content\/uploads\/2026\/01\/pro-14-1536x864.jpg 1536w, https:\/\/www.mlkjlasers.com\/wp-content\/uploads\/2026\/01\/pro-14-18x10.jpg 18w, https:\/\/www.mlkjlasers.com\/wp-content\/uploads\/2026\/01\/pro-14-600x338.jpg 600w\" sizes=\"(max-width: 1920px) 100vw, 1920px\" \/><\/span><\/p>\n<p><span style=\"font-size: 14pt;\">Affichage poign\u00e9e<\/span><\/p>\n<p><span style=\"font-size: 14pt;\"><img loading=\"lazy\" decoding=\"async\" class=\"aligncenter size-full wp-image-3777\" src=\"https:\/\/www.mlkjlasers.com\/wp-content\/uploads\/2026\/01\/pro-25.jpg\" alt=\"\" width=\"1920\" height=\"1080\" srcset=\"https:\/\/www.mlkjlasers.com\/wp-content\/uploads\/2026\/01\/pro-25.jpg 1920w, https:\/\/www.mlkjlasers.com\/wp-content\/uploads\/2026\/01\/pro-25-300x169.jpg 300w, https:\/\/www.mlkjlasers.com\/wp-content\/uploads\/2026\/01\/pro-25-1024x576.jpg 1024w, https:\/\/www.mlkjlasers.com\/wp-content\/uploads\/2026\/01\/pro-25-768x432.jpg 768w, https:\/\/www.mlkjlasers.com\/wp-content\/uploads\/2026\/01\/pro-25-1536x864.jpg 1536w, https:\/\/www.mlkjlasers.com\/wp-content\/uploads\/2026\/01\/pro-25-18x10.jpg 18w, https:\/\/www.mlkjlasers.com\/wp-content\/uploads\/2026\/01\/pro-25-600x338.jpg 600w\" sizes=\"(max-width: 1920px) 100vw, 1920px\" \/><\/span><\/p>\n<p><span style=\"font-size: 14pt;\">La machine utilise un champ \u00e9lectromagn\u00e9tique concentr\u00e9 avec une intensit\u00e9 s\u00fbre pour traverser le corps et interagir avec les neurones moteurs. Il est con\u00e7u pour stimuler et contracter continuellement le muscle, ce qui est id\u00e9al pour <b>profond\u00e9ment remodeler<\/b> la structure interne du muscle.<\/span><\/p>\n<p><span style=\"font-size: 14pt;\"><img loading=\"lazy\" decoding=\"async\" class=\"aligncenter size-full wp-image-3776\" src=\"https:\/\/www.mlkjlasers.com\/wp-content\/uploads\/2026\/01\/pro-24.jpg\" alt=\"\" width=\"1920\" height=\"2000\" srcset=\"https:\/\/www.mlkjlasers.com\/wp-content\/uploads\/2026\/01\/pro-24.jpg 1920w, https:\/\/www.mlkjlasers.com\/wp-content\/uploads\/2026\/01\/pro-24-288x300.jpg 288w, https:\/\/www.mlkjlasers.com\/wp-content\/uploads\/2026\/01\/pro-24-983x1024.jpg 983w, https:\/\/www.mlkjlasers.com\/wp-content\/uploads\/2026\/01\/pro-24-768x800.jpg 768w, https:\/\/www.mlkjlasers.com\/wp-content\/uploads\/2026\/01\/pro-24-1475x1536.jpg 1475w, https:\/\/www.mlkjlasers.com\/wp-content\/uploads\/2026\/01\/pro-24-12x12.jpg 12w, https:\/\/www.mlkjlasers.com\/wp-content\/uploads\/2026\/01\/pro-24-600x625.jpg 600w\" sizes=\"(max-width: 1920px) 100vw, 1920px\" \/><\/span><\/p>\n<div><span style=\"font-size: 14pt;\">\u2022 16 Tesla \u00c9nergie \u00e9lectromagn\u00e9tique haute intensit\u00e9 <\/span><br \/>\n<span style=\"font-size: 14pt;\">Jusqu\u2019\u00e0 16% de croissance musculaire et 19% de r\u00e9duction des graisses <\/span><br \/>\n<span style=\"font-size: 14pt;\">Equivalent \u00e0 20 000 sit-ups ou 50 000 contractions musculaires par s\u00e9ance <\/span><br \/>\n<span style=\"font-size: 14pt;\">Capacit\u00e9 de sculpture double - traiter deux zones simultan\u00e9ment sur les m\u00eames individus ou diff\u00e9rents<\/span><\/div>\n<div><span style=\"font-size: 14pt;\"><img loading=\"lazy\" decoding=\"async\" class=\"aligncenter size-full wp-image-3770\" src=\"https:\/\/www.mlkjlasers.com\/wp-content\/uploads\/2026\/01\/pro-18.jpg\" alt=\"\" width=\"1920\" height=\"2000\" srcset=\"https:\/\/www.mlkjlasers.com\/wp-content\/uploads\/2026\/01\/pro-18.jpg 1920w, https:\/\/www.mlkjlasers.com\/wp-content\/uploads\/2026\/01\/pro-18-288x300.jpg 288w, https:\/\/www.mlkjlasers.com\/wp-content\/uploads\/2026\/01\/pro-18-983x1024.jpg 983w, https:\/\/www.mlkjlasers.com\/wp-content\/uploads\/2026\/01\/pro-18-768x800.jpg 768w, https:\/\/www.mlkjlasers.com\/wp-content\/uploads\/2026\/01\/pro-18-1475x1536.jpg 1475w, https:\/\/www.mlkjlasers.com\/wp-content\/uploads\/2026\/01\/pro-18-12x12.jpg 12w, https:\/\/www.mlkjlasers.com\/wp-content\/uploads\/2026\/01\/pro-18-600x625.jpg 600w\" sizes=\"(max-width: 1920px) 100vw, 1920px\" \/><\/span><\/div>\n<div><span style=\"font-size: 14pt;\">Caract\u00e9ristiques de la machine<\/span><br \/>\n<span style=\"font-size: 14pt;\">1. Bon r\u00e9sultat \u2014<b> 30 minutes de traitement = 20000 entra\u00eenements<\/b>augmenter de 16% le muscle et r\u00e9duire de 21% la graisse apr\u00e8s environ 2-4 courses<\/span><\/p>\n<div><span style=\"font-size: 14pt;\">2.Non-invasif, aucun effet secondaire et indolore<\/span><\/div>\n<div><span style=\"font-size: 14pt;\">3.<b> 16 Tesla haute intensit\u00e9<\/b>- couvrir les grands muscles squelettiques et remodeler sa structure int\u00e9rieure.<\/span><br \/>\n<span style=\"font-size: 14pt;\">4. 5 applicateurs magn\u00e9tiques - d\u00e9composer les d\u00e9p\u00f4ts de graisse et augmenter le ton musculaire et la force<\/span><\/div>\n<div><span style=\"font-size: 14pt;\">5. Cibler 5 parties du corps - abdomen, bras, hanches, cordon du jambon, cuisses<\/span><\/div>\n<div><span style=\"font-size: 14pt;\">6. Formation progressive d'\u00e9tape - am\u00e9liorer la sensation et l'effet de l'exercice r\u00e9el<\/span><\/div>\n<\/div>\n<div><span style=\"font-size: 14pt;\"><img loading=\"lazy\" decoding=\"async\" class=\"aligncenter size-full wp-image-3774\" src=\"https:\/\/www.mlkjlasers.com\/wp-content\/uploads\/2026\/01\/pro-22.jpg\" alt=\"\" width=\"1920\" height=\"1080\" srcset=\"https:\/\/www.mlkjlasers.com\/wp-content\/uploads\/2026\/01\/pro-22.jpg 1920w, https:\/\/www.mlkjlasers.com\/wp-content\/uploads\/2026\/01\/pro-22-300x169.jpg 300w, https:\/\/www.mlkjlasers.com\/wp-content\/uploads\/2026\/01\/pro-22-1024x576.jpg 1024w, https:\/\/www.mlkjlasers.com\/wp-content\/uploads\/2026\/01\/pro-22-768x432.jpg 768w, https:\/\/www.mlkjlasers.com\/wp-content\/uploads\/2026\/01\/pro-22-1536x864.jpg 1536w, https:\/\/www.mlkjlasers.com\/wp-content\/uploads\/2026\/01\/pro-22-18x10.jpg 18w, https:\/\/www.mlkjlasers.com\/wp-content\/uploads\/2026\/01\/pro-22-600x338.jpg 600w\" sizes=\"(max-width: 1920px) 100vw, 1920px\" \/><\/span><\/div>\n<div><span style=\"font-size: 14pt;\"><img loading=\"lazy\" decoding=\"async\" class=\"aligncenter size-full wp-image-3766\" src=\"https:\/\/www.mlkjlasers.com\/wp-content\/uploads\/2026\/01\/pro-13.jpg\" alt=\"\" width=\"1080\" height=\"1080\" srcset=\"https:\/\/www.mlkjlasers.com\/wp-content\/uploads\/2026\/01\/pro-13.jpg 1080w, https:\/\/www.mlkjlasers.com\/wp-content\/uploads\/2026\/01\/pro-13-300x300.jpg 300w, https:\/\/www.mlkjlasers.com\/wp-content\/uploads\/2026\/01\/pro-13-1024x1024.jpg 1024w, https:\/\/www.mlkjlasers.com\/wp-content\/uploads\/2026\/01\/pro-13-150x150.jpg 150w, https:\/\/www.mlkjlasers.com\/wp-content\/uploads\/2026\/01\/pro-13-768x768.jpg 768w, https:\/\/www.mlkjlasers.com\/wp-content\/uploads\/2026\/01\/pro-13-12x12.jpg 12w, https:\/\/www.mlkjlasers.com\/wp-content\/uploads\/2026\/01\/pro-13-600x600.jpg 600w, https:\/\/www.mlkjlasers.com\/wp-content\/uploads\/2026\/01\/pro-13-100x100.jpg 100w\" sizes=\"(max-width: 1080px) 100vw, 1080px\" \/><\/span><\/div>\n<div><span style=\"font-size: 14pt;\">Dans le travail quotidien, lorsque la poign\u00e9e agit sur diff\u00e9rentes parties de diff\u00e9rents clients, diff\u00e9rents param\u00e8tres sont n\u00e9cessaires. Chaque poign\u00e9e peut ajuster les param\u00e8tres ind\u00e9pendamment, r\u00e9pondant parfaitement aux diff\u00e9rentes exigences \u00e9nerg\u00e9tiques de diff\u00e9rentes pi\u00e8ces lorsque les poign\u00e9es fonctionnent en m\u00eame temps.<\/span><\/div>\n<div><span style=\"font-size: 14pt;\"><img loading=\"lazy\" decoding=\"async\" class=\"aligncenter size-full wp-image-3755\" src=\"https:\/\/www.mlkjlasers.com\/wp-content\/uploads\/2026\/01\/pro-2.jpg\" alt=\"\" width=\"1080\" height=\"1080\" srcset=\"https:\/\/www.mlkjlasers.com\/wp-content\/uploads\/2026\/01\/pro-2.jpg 1080w, https:\/\/www.mlkjlasers.com\/wp-content\/uploads\/2026\/01\/pro-2-300x300.jpg 300w, https:\/\/www.mlkjlasers.com\/wp-content\/uploads\/2026\/01\/pro-2-1024x1024.jpg 1024w, https:\/\/www.mlkjlasers.com\/wp-content\/uploads\/2026\/01\/pro-2-150x150.jpg 150w, https:\/\/www.mlkjlasers.com\/wp-content\/uploads\/2026\/01\/pro-2-768x768.jpg 768w, https:\/\/www.mlkjlasers.com\/wp-content\/uploads\/2026\/01\/pro-2-12x12.jpg 12w, https:\/\/www.mlkjlasers.com\/wp-content\/uploads\/2026\/01\/pro-2-600x600.jpg 600w, https:\/\/www.mlkjlasers.com\/wp-content\/uploads\/2026\/01\/pro-2-100x100.jpg 100w\" sizes=\"(max-width: 1080px) 100vw, 1080px\" \/><\/span><\/div>\n<div><\/div>\n<div><span style=\"font-size: 14pt;\"><img loading=\"lazy\" decoding=\"async\" class=\"aligncenter size-full wp-image-3756\" src=\"https:\/\/www.mlkjlasers.com\/wp-content\/uploads\/2026\/01\/pro-3.jpg\" alt=\"\" width=\"1080\" height=\"1080\" srcset=\"https:\/\/www.mlkjlasers.com\/wp-content\/uploads\/2026\/01\/pro-3.jpg 1080w, https:\/\/www.mlkjlasers.com\/wp-content\/uploads\/2026\/01\/pro-3-300x300.jpg 300w, https:\/\/www.mlkjlasers.com\/wp-content\/uploads\/2026\/01\/pro-3-1024x1024.jpg 1024w, https:\/\/www.mlkjlasers.com\/wp-content\/uploads\/2026\/01\/pro-3-150x150.jpg 150w, https:\/\/www.mlkjlasers.com\/wp-content\/uploads\/2026\/01\/pro-3-768x768.jpg 768w, https:\/\/www.mlkjlasers.com\/wp-content\/uploads\/2026\/01\/pro-3-12x12.jpg 12w, https:\/\/www.mlkjlasers.com\/wp-content\/uploads\/2026\/01\/pro-3-600x600.jpg 600w, https:\/\/www.mlkjlasers.com\/wp-content\/uploads\/2026\/01\/pro-3-100x100.jpg 100w\" sizes=\"(max-width: 1080px) 100vw, 1080px\" \/><\/span><\/div>\n<div>\n<p><span style=\"font-size: 14pt;\"><b>Affichage d'\u00e9cran: \u00e9cran tactile haute d\u00e9finition de 14 pouces<\/b><\/span><\/p>\n<div><span style=\"font-size: 14pt;\">\u221a L'interface est plus claire<br \/>\n\u221a L'op\u00e9ration est plus lisse<br \/>\n\u221a Le toucher est plus confortable<\/span><\/div>\n<div><span style=\"font-size: 14pt;\"><img loading=\"lazy\" decoding=\"async\" class=\"aligncenter size-full wp-image-3735\" src=\"https:\/\/www.mlkjlasers.com\/wp-content\/uploads\/2026\/01\/\u4fbf\u643a\u53cc-7.jpg\" alt=\"\" width=\"1920\" height=\"1080\" srcset=\"https:\/\/www.mlkjlasers.com\/wp-content\/uploads\/2026\/01\/\u4fbf\u643a\u53cc-7.jpg 1920w, https:\/\/www.mlkjlasers.com\/wp-content\/uploads\/2026\/01\/\u4fbf\u643a\u53cc-7-300x169.jpg 300w, https:\/\/www.mlkjlasers.com\/wp-content\/uploads\/2026\/01\/\u4fbf\u643a\u53cc-7-1024x576.jpg 1024w, https:\/\/www.mlkjlasers.com\/wp-content\/uploads\/2026\/01\/\u4fbf\u643a\u53cc-7-768x432.jpg 768w, https:\/\/www.mlkjlasers.com\/wp-content\/uploads\/2026\/01\/\u4fbf\u643a\u53cc-7-1536x864.jpg 1536w, https:\/\/www.mlkjlasers.com\/wp-content\/uploads\/2026\/01\/\u4fbf\u643a\u53cc-7-18x10.jpg 18w, https:\/\/www.mlkjlasers.com\/wp-content\/uploads\/2026\/01\/\u4fbf\u643a\u53cc-7-600x338.jpg 600w\" sizes=\"(max-width: 1920px) 100vw, 1920px\" \/><\/span><\/div>\n<div><span style=\"font-size: 14pt;\"><img loading=\"lazy\" decoding=\"async\" class=\"aligncenter size-full wp-image-3775\" src=\"https:\/\/www.mlkjlasers.com\/wp-content\/uploads\/2026\/01\/pro-23.jpg\" alt=\"\" width=\"1920\" height=\"1080\" srcset=\"https:\/\/www.mlkjlasers.com\/wp-content\/uploads\/2026\/01\/pro-23.jpg 1920w, https:\/\/www.mlkjlasers.com\/wp-content\/uploads\/2026\/01\/pro-23-300x169.jpg 300w, https:\/\/www.mlkjlasers.com\/wp-content\/uploads\/2026\/01\/pro-23-1024x576.jpg 1024w, https:\/\/www.mlkjlasers.com\/wp-content\/uploads\/2026\/01\/pro-23-768x432.jpg 768w, https:\/\/www.mlkjlasers.com\/wp-content\/uploads\/2026\/01\/pro-23-1536x864.jpg 1536w, https:\/\/www.mlkjlasers.com\/wp-content\/uploads\/2026\/01\/pro-23-18x10.jpg 18w, https:\/\/www.mlkjlasers.com\/wp-content\/uploads\/2026\/01\/pro-23-600x338.jpg 600w\" sizes=\"(max-width: 1920px) 100vw, 1920px\" \/><\/span><\/div>\n<\/div>\n<div><\/div>\n<div><span style=\"font-size: 14pt;\"><strong><span style=\"color: #0000ff;\"><span class=\"src\" data-group=\"0-0\">Contactez-nous ! <\/span><span class=\"src\" data-group=\"1-0\">Obtenez plus d'informations. <\/span><\/span><\/strong><\/span><\/div>\n<div><span style=\"font-size: 14pt;\"><strong><span class=\"src\" style=\"color: #0000ff;\" data-group=\"2-0\">Nous sommes toujours l\u00e0 pour vous aider et vous proposer des solutions. <\/span><\/strong><\/span><\/div>\n<div><\/div>\n<div><span style=\"font-size: 14pt;\"><strong><span class=\"src\" style=\"color: #0000ff;\" data-group=\"4-0\"> Tel: +86 15965364558 <\/span><\/strong><\/span><\/div>\n<div><span style=\"font-size: 14pt;\"><strong><span class=\"src\" style=\"color: #0000ff;\" data-group=\"5-0\">E-mail: sale@mingliangkj.com<\/span><\/strong><\/span><\/div>\n<div><\/div>","protected":false},"excerpt":{"rendered":"<p>Les muscles se contractent 30 000 fois \u00e0 une fr\u00e9quence et une intensit\u00e9 \u00e9lev\u00e9es, ce qui permet d\u2019entra\u00eener et d\u2019augmenter la densit\u00e9 et le volume musculaires. La contraction finale des muscles n\u00e9cessite une grande quantit\u00e9 d'approvisionnement en \u00e9nergie, de sorte que les cellules graisseuses \u00e0 c\u00f4t\u00e9 des muscles sont \u00e9galement consomm\u00e9es, conduisant \u00e0 une apoptose naturelle et \u00e0 une r\u00e9duction efficace des graisses. Sculpture musculaire [&hellip;]<\/p>","protected":false},"featured_media":3765,"comment_status":"open","ping_status":"closed","template":"","meta":[],"product_cat":[28],"product_tag":[],"class_list":["post-2998","product","type-product","status-publish","has-post-thumbnail","hentry","product_cat-slimming-machine"],"_links":{"self":[{"href":"https:\/\/www.mlkjlasers.com\/fr\/wp-json\/wp\/v2\/product\/2998","targetHints":{"allow":["GET"]}}],"collection":[{"href":"https:\/\/www.mlkjlasers.com\/fr\/wp-json\/wp\/v2\/product"}],"about":[{"href":"https:\/\/www.mlkjlasers.com\/fr\/wp-json\/wp\/v2\/types\/product"}],"replies":[{"embeddable":true,"href":"https:\/\/www.mlkjlasers.com\/fr\/wp-json\/wp\/v2\/comments?post=2998"}],"wp:featuredmedia":[{"embeddable":true,"href":"https:\/\/www.mlkjlasers.com\/fr\/wp-json\/wp\/v2\/media\/3765"}],"wp:attachment":[{"href":"https:\/\/www.mlkjlasers.com\/fr\/wp-json\/wp\/v2\/media?parent=2998"}],"wp:term":[{"taxonomy":"product_cat","embeddable":true,"href":"https:\/\/www.mlkjlasers.com\/fr\/wp-json\/wp\/v2\/product_cat?post=2998"},{"taxonomy":"product_tag","embeddable":true,"href":"https:\/\/www.mlkjlasers.com\/fr\/wp-json\/wp\/v2\/product_tag?post=2998"}],"curies":[{"name":"wp","href":"https:\/\/api.w.org\/{rel}","templated":true}]}}