{"id":660,"date":"2023-06-05T16:57:34","date_gmt":"2023-06-05T08:57:34","guid":{"rendered":"https:\/\/mingliang.leadsclouds.com\/?post_type=product&#038;p=660"},"modified":"2026-01-28T10:22:58","modified_gmt":"2026-01-28T02:22:58","slug":"portable-microneedle-980","status":"publish","type":"product","link":"https:\/\/www.mlkjlasers.com\/fr\/product\/portable-microneedle-980\/","title":{"rendered":"https:\/\/www.mlkjlasers.com\/tr\/2026\/02\/03\/mlkj-unveils-new-commercial-diode-laser-hair-removal-machine-the-v36-3-2\/#respond"},"content":{"rendered":"<table class=\"alignleft\" style=\"border-collapse: collapse; width: 100%; height: 168px;\">\n<tbody>\n<tr style=\"height: 24px;\">\n<td style=\"width: 50%; height: 24px;\"><span style=\"font-family: helvetica, arial, sans-serif; color: #000000; font-size: 14pt;\"><b>Laser portable \u00e0 diode Microneedle 980<\/b><\/span><\/td>\n<td style=\"width: 50%; height: 24px;\"><span style=\"font-family: helvetica, arial, sans-serif; color: #000000; font-size: 14pt;\">Num\u00e9ro de mod\u00e8le: Microneedling 980NM<\/span><\/td>\n<\/tr>\n<tr style=\"height: 24px;\">\n<td style=\"width: 50%; height: 24px;\"><span style=\"font-family: helvetica, arial, sans-serif; color: #000000; font-size: 14pt;\">Style:Portable<\/span><\/td>\n<td style=\"width: 50%; height: 24px;\"><span style=\"font-family: helvetica, arial, sans-serif; color: #000000; font-size: 14pt;\">Taille de l'\u00e9cran: \u00e9cran tactile de couleur r\u00e9elle de 10,4 pouces<\/span><\/td>\n<\/tr>\n<tr style=\"height: 24px;\">\n<td style=\"width: 50%; height: 24px;\"><span style=\"font-family: helvetica, arial, sans-serif; color: #000000; font-size: 14pt;\">Fonction: R\u00e9duire les rides Cicatrices<\/span><\/td>\n<td style=\"width: 50%; height: 24px;\"><span style=\"font-family: helvetica, arial, sans-serif; color: #000000; font-size: 14pt;\">R\u00e9sultat total:10 \u00e0 120mi\/pin adiustable<\/span><\/td>\n<\/tr>\n<tr style=\"height: 24px;\">\n<td style=\"width: 50%; height: 24px;\"><span style=\"font-family: helvetica, arial, sans-serif; color: #000000; font-size: 14pt;\">Profondeur: 0-4.0 r\u00e9glable<\/span><\/td>\n<td style=\"width: 50%; height: 24px;\"><span style=\"font-family: helvetica, arial, sans-serif; color: #000000; font-size: 14pt;\">RF: 10-150 r\u00e9glable<\/span><\/td>\n<\/tr>\n<tr style=\"height: 24px;\">\n<td style=\"width: 50%; height: 24px;\"><span style=\"font-family: helvetica, arial, sans-serif; color: #000000; font-size: 14pt;\">Traitement: induction automatique sous vide, manuel<\/span><\/td>\n<td style=\"width: 50%; height: 24px;\"><span style=\"font-family: helvetica, arial, sans-serif; color: #000000; font-size: 14pt;\">Tension: AC220V \/ 110V 50HZ \/ 60HZ<\/span><\/td>\n<\/tr>\n<tr style=\"height: 24px;\">\n<td style=\"width: 50%; height: 24px;\"><span style=\"font-family: helvetica, arial, sans-serif; color: #000000; font-size: 14pt;\">D\u00e9mence de la machine: L * W * H: 280 * 240 * 300mm<\/span><\/td>\n<td style=\"width: 50%; height: 24px;\"><span style=\"font-family: helvetica, arial, sans-serif; color: #000000; font-size: 14pt;\">Paquet: Bo\u00eete en aluminium<\/span><\/td>\n<\/tr>\n<tr style=\"height: 24px;\">\n<td style=\"width: 50%; height: 24px;\"><span style=\"font-family: helvetica, arial, sans-serif; color: #000000; font-size: 14pt;\">Service \u00e0 la client\u00e8le: Pi\u00e8ces d\u00e9tach\u00e9es gratuites, support technique vid\u00e9o, support en ligne<\/span><\/td>\n<td style=\"width: 50%; height: 24px;\"><span style=\"font-family: helvetica, arial, sans-serif; color: #000000; font-size: 14pt;\">Garantie: 1 an pour la machine et demi-an pour la poign\u00e9e<\/span><\/td>\n<\/tr>\n<\/tbody>\n<\/table>\n<div class=\"se4_tit\" style=\"text-align: left;\"><\/div>\n<div class=\"des\" style=\"text-align: left;\">\n<div class=\"des_item\">\n<div class=\"des_detail\">\n<div class=\"J_module\">\n<div class=\"icbu-pc-images magic-0\">\n<div class=\"flex-layout-v\">\n<div class=\"flex-layout-h magic-0\">\n<div class=\"magic-1\"><\/div>\n<\/div>\n<\/div>\n<div><\/div>\n<\/div>\n<\/div>\n<div class=\"J_module\">\n<div class=\"detail-decorate-json-renderer-container\">\n<div class=\"magic-3\">\n<div class=\"magic-4\">\n<div class=\"magic-5\">\n<div><\/div>\n<div><\/div>\n<div class=\"magic-6\">\n<p>&nbsp;<\/p>\n<p>&nbsp;<\/p>\n<p><span style=\"font-size: 14pt;\"><img fetchpriority=\"high\" decoding=\"async\" class=\"\" src=\"https:\/\/sc04.alicdn.com\/kf\/Hb8b5e85ea91d45ef8bdde700da07170aw\/252086154\/Hb8b5e85ea91d45ef8bdde700da07170aw.jpg\" width=\"1554\" height=\"1122\" \/><\/span><\/p>\n<p><span class=\"magic-11\" style=\"font-size: 14pt;\">1. Anti-rides, rassurant la peau, am\u00e9liorent les pseudo-rides, dissolvant la graisse, fa\u00e7onnant et levant. <\/span><\/p>\n<p><span class=\"magic-11\" style=\"font-size: 14pt;\">2. Am\u00e9liorez rapidement le sympt\u00f4me ennuyeux et sans lustre, am\u00e9liorez la peau s\u00e8che et les teints moyeux, \u00e9clairez la peau et rendez-la plus tendre.<\/span><\/p>\n<p><span class=\"magic-11\" style=\"font-size: 14pt;\">3. Promouvoir activement la circulation de la lymphe faciale, r\u00e9soudre le probl\u00e8me de l'\u0153d\u00e8me de la peau. <\/span><\/p>\n<p><span class=\"magic-11\" style=\"font-size: 14pt;\">4. Levant et serrant la peau, r\u00e9solvant efficacement le probl\u00e8me du fl\u00e9chissement facial, fa\u00e7onnant le visage d\u00e9licat, r\u00e9parant les vergetures. <\/span><\/p>\n<p><span class=\"magic-11\" style=\"font-size: 14pt;\">5. Retirer le bord noir de l'\u0153il, les sacs oculaires et les rides autour de l'\u0153il. R\u00e9duction des pores, r\u00e9paration de la cicatrice blain, calmant la peau.<\/span><\/p>\n<\/div>\n<\/div>\n<\/div>\n<\/div>\n<\/div>\n<\/div>\n<div class=\"J_module\">\n<div class=\"icbu-pc-images magic-0\">\n<div class=\"flex-layout-v\">\n<div class=\"flex-layout-h magic-0\">\n<div class=\"magic-10\"><img decoding=\"async\" class=\"\" src=\"https:\/\/sc04.alicdn.com\/kf\/Hd4e8e4265ae94e6e9ccfd635cf074d24U\/252086154\/Hd4e8e4265ae94e6e9ccfd635cf074d24U.jpg\" width=\"1559\" height=\"1782\" \/><\/div>\n<\/div>\n<\/div>\n<\/div>\n<\/div>\n<div class=\"J_module\">\n<div class=\"detail-decorate-json-renderer-container\">\n<div class=\"magic-3\">\n<div class=\"magic-4\">\n<div class=\"magic-5\">\n<div class=\"magic-6\">\n<p><span class=\"magic-8\" style=\"font-family: helvetica, arial, sans-serif; color: #000000; font-size: 14pt;\"><b>2 en 1 980nm diode laser micro aiguille<\/b><\/span><\/p>\n<div><span class=\"magic-9\" style=\"font-family: helvetica, arial, sans-serif; color: #000000; font-size: 14pt;\">Le faisceau laser de 1.980nm est concentr\u00e9 sur une plage de diam\u00e8tre de 0,2-0,5mm, afin de permettre une \u00e9nergie plus concentr\u00e9e pour atteindre le tissu cible, tout en \u00e9vitant de br\u00fbler le tissu de la peau environnant L'irradiation transcutan\u00e9e (avec une p\u00e9n\u00e9tration de 1 \u00e0 2 mm dans le tissu) provoque l'absorption s\u00e9lective du tissu par l'h\u00e9moglobine (l'h\u00e9moglobine est la cible principale du laser) <\/span><\/div>\n<div><span class=\"magic-9\" style=\"font-family: helvetica, arial, sans-serif; color: #000000; font-size: 14pt;\">2. Le traitement de microneedling de RF utilise les aiguilles de sulftrafine et l'\u00e9nergie de radiofr\u00e9quence (RF) pour p\u00e9n\u00e9trer la couche sup\u00e9rieure de la peau. Cela permet la r\u00e9g\u00e9n\u00e9ration de l'\u00e9lastine et du collag\u00e8ne dans les zones trait\u00e9es, ce qui donne une apparence revitalis\u00e9e de la peau.<\/span><\/div>\n<\/div>\n<\/div>\n<\/div>\n<\/div>\n<\/div>\n<\/div>\n<div class=\"J_module\">\n<div class=\"icbu-pc-images magic-0\">\n<div>\n<div class=\"flex-layout-v\">\n<div class=\"flex-layout-h magic-0\">\n<div class=\"magic-12\"><span style=\"font-family: helvetica, arial, sans-serif; color: #000000; font-size: 14pt;\"><img decoding=\"async\" class=\"magic-13 alignleft\" src=\"https:\/\/sc04.alicdn.com\/kf\/Hfd0c3bfa095c4231835fcc8749feb1b9N\/252086154\/Hfd0c3bfa095c4231835fcc8749feb1b9N.jpg\" width=\"1562\" height=\"1562\" data-src=\"\/\/sc04.alicdn.com\/kf\/Hfd0c3bfa095c4231835fcc8749feb1b9N\/252086154\/Hfd0c3bfa095c4231835fcc8749feb1b9N.jpg\" \/><\/span><\/div>\n<div class=\"magic-14\"><span style=\"font-family: helvetica, arial, sans-serif; color: #000000; font-size: 14pt;\"><img loading=\"lazy\" decoding=\"async\" class=\"magic-15\" src=\"https:\/\/sc04.alicdn.com\/kf\/H63b4fd714d704086a06436049985b6fcj\/252086154\/H63b4fd714d704086a06436049985b6fcj.jpg\" width=\"1560\" height=\"1560\" data-src=\"\/\/sc04.alicdn.com\/kf\/H63b4fd714d704086a06436049985b6fcj\/252086154\/H63b4fd714d704086a06436049985b6fcj.jpg\" \/><\/span><\/div>\n<\/div>\n<\/div>\n<\/div>\n<\/div>\n<\/div>\n<div class=\"J_module\">\n<div id=\"ali-anchor-AliMagic-bqw1j4\" class=\"magic-16\" data-section=\"AliMagic-bqw1j4\" data-section-title=\"RF Microneedling Handle Display\"><span style=\"font-size: 14pt;\"><strong><span style=\"font-family: helvetica, arial, sans-serif; color: #000000;\">Affichage de poign\u00e9e RF Microneedling<\/span><\/strong><\/span><\/div>\n<\/div>\n<div class=\"J_module\">\n<div class=\"icbu-pc-images magic-0\">\n<div>\n<div class=\"flex-layout-v\">\n<div class=\"flex-layout-h magic-0\">\n<div class=\"magic-17\"><span style=\"font-family: helvetica, arial, sans-serif; color: #000000; font-size: 14pt;\"><img loading=\"lazy\" decoding=\"async\" class=\"magic-18 alignnone\" src=\"https:\/\/sc04.alicdn.com\/kf\/H154ddd392cfd42e68914023c0cbadef6r\/252086154\/H154ddd392cfd42e68914023c0cbadef6r.jpg\" width=\"1567\" height=\"1744\" data-src=\"\/\/sc04.alicdn.com\/kf\/H154ddd392cfd42e68914023c0cbadef6r\/252086154\/H154ddd392cfd42e68914023c0cbadef6r.jpg\" \/><\/span><\/div>\n<\/div>\n<div><\/div>\n<\/div>\n<\/div>\n<\/div>\n<\/div>\n<div class=\"J_module\">\n<div class=\"detail-decorate-json-renderer-container\">\n<div class=\"magic-3\">\n<div class=\"magic-4\">\n<div class=\"magic-5\">\n<div class=\"magic-6\"><span class=\"magic-9\" style=\"font-family: helvetica, arial, sans-serif; color: #000000; font-size: 14pt;\">La machine Exfu RF Microneedling peut serrer la peau et assurer la fermet\u00e9 par coagulation des tissus mous. Cela permet la r\u00e9g\u00e9n\u00e9ration de l'\u00e9lastine et du collag\u00e8ne dans les zones trait\u00e9es, ce qui donne une apparence revitalis\u00e9e de la peau.<\/span><\/div>\n<div>\n<div class=\"J_module\">\n<div class=\"icbu-pc-images magic-0\">\n<div><\/div>\n<div><span style=\"font-size: 14pt;\"><b style=\"color: #000000; font-family: helvetica, arial, sans-serif;\">Comment traiter pour la revitalisation de la peau?<\/b><\/span><\/div>\n<\/div>\n<\/div>\n<div class=\"J_module\">\n<div class=\"detail-decorate-json-renderer-container\">\n<div class=\"magic-3\">\n<div class=\"magic-4\">\n<div class=\"magic-5\">\n<div><\/div>\n<div class=\"magic-6\"><span class=\"magic-9\" style=\"font-family: helvetica, arial, sans-serif; color: #000000; font-size: 14pt;\">R\u00e9veillez votre peau&#8217; collag\u00e8ne naturel &amp; production d'\u00e9lastine. Le traitement de microaiguillage de fr\u00e9quence utilise des aiguilles ultrafines et de l'\u00e9nergie de radiofr\u00e9quence (RF) pour p\u00e9n\u00e9trer la couche sup\u00e9rieure de la peau et d\u00e9clencher le corps &#8217; s processus de gu\u00e9rison naturel pour r\u00e9g\u00e9n\u00e9rer le nouveau collag\u00e8ne et l'\u00e9lastine. Contrairement \u00e0 d'autres traitements de revitalisation de la peau, ces traitements peuvent \u00eatre effectu\u00e9s sur tous les types de peau, n'importe o\u00f9 sur le corps et \u00e0 tout moment de l'ann\u00e9e.<\/span><\/div>\n<\/div>\n<\/div>\n<\/div>\n<\/div>\n<\/div>\n<\/div>\n<div><\/div>\n<\/div>\n<\/div>\n<\/div>\n<\/div>\n<\/div>\n<div class=\"J_module\">\n<div class=\"icbu-pc-images magic-0\">\n<div>\n<div class=\"flex-layout-v\">\n<div class=\"flex-layout-h magic-0\">\n<div class=\"magic-19\"><span style=\"font-family: helvetica, arial, sans-serif; color: #000000; font-size: 14pt;\"><img loading=\"lazy\" decoding=\"async\" class=\"magic-20 alignnone\" src=\"https:\/\/sc04.alicdn.com\/kf\/H166086f7a74342b09575d7831c0b64f19\/252086154\/H166086f7a74342b09575d7831c0b64f19.jpg\" width=\"1559\" height=\"1559\" data-src=\"\/\/sc04.alicdn.com\/kf\/H166086f7a74342b09575d7831c0b64f19\/252086154\/H166086f7a74342b09575d7831c0b64f19.jpg\" \/><\/span><\/div>\n<\/div>\n<\/div>\n<\/div>\n<\/div>\n<\/div>\n<div class=\"J_module\">\n<div class=\"detail-decorate-json-renderer-container\">\n<div class=\"magic-3\">\n<div class=\"magic-4\">\n<div class=\"magic-5\">\n<div class=\"magic-6\"><\/div>\n<\/div>\n<div>\n<h4 style=\"text-align: left;\"><span style=\"font-family: helvetica, arial, sans-serif; color: #000000; font-size: 14pt;\"><img loading=\"lazy\" decoding=\"async\" class=\"alignnone\" src=\"https:\/\/www.exfulaser.com\/uploads\/20221125\/%E5%9B%BE%E5%B1%82-213.jpg\" alt=\"\" width=\"1680\" height=\"413\" \/><\/span><\/h4>\n<\/div>\n<\/div>\n<\/div>\n<\/div>\n<\/div>\n<div class=\"J_module\">\n<div class=\"detail-decorate-json-renderer-container\">\n<div class=\"magic-3\">\n<div class=\"magic-4\">\n<div class=\"magic-5\">\n<div class=\"magic-6\">\n<p><span class=\"magic-9\" style=\"font-family: helvetica, arial, sans-serif; color: #000000; font-size: 14pt;\"><b>Quelles sont les zones de traitement ? <\/b><\/span><\/p>\n<div><span class=\"magic-9\" style=\"font-family: helvetica, arial, sans-serif; color: #000000; font-size: 14pt;\">Le visage et le corps peuvent \u00eatre trait\u00e9s. La zone trait\u00e9e comme suit: visage complet\/front\/pieds de corbeau\/joue sup\u00e9rieure\/yeux inf\u00e9rieurs\/inf\u00e9rieur\/joue\/nez\/sup\u00e9rieur &amp; L\u00e8vre inf\u00e9rieure\/menton\/m\u00e2choire\/cou\/d\u00e9colletage\/coudes\/abdomen<\/span><\/div>\n<div><\/div>\n<div><span style=\"font-size: 14pt;\"><strong><span style=\"color: #000000; font-family: helvetica, arial, sans-serif;\">Affichage de poign\u00e9e laser de diode 980nm<\/span><\/strong><\/span><\/div>\n<\/div>\n<\/div>\n<\/div>\n<\/div>\n<\/div>\n<\/div>\n<div class=\"J_module\">\n<div data-section=\"AliMagic-r0ip19\" data-section-title=\"980nm Diode Laser Handle display\"><\/div>\n<\/div>\n<div class=\"J_module\">\n<div class=\"icbu-pc-images magic-0\">\n<div>\n<div class=\"flex-layout-v\">\n<div class=\"flex-layout-h magic-0\">\n<div class=\"magic-21\"><span style=\"font-family: helvetica, arial, sans-serif; color: #000000; font-size: 14pt;\"><img loading=\"lazy\" decoding=\"async\" class=\"magic-22 alignnone\" src=\"https:\/\/sc04.alicdn.com\/kf\/H57ad29db6f494a7eba3d2f89125e44dfP\/252086154\/H57ad29db6f494a7eba3d2f89125e44dfP.jpg\" width=\"1562\" height=\"1063\" data-src=\"\/\/sc04.alicdn.com\/kf\/H57ad29db6f494a7eba3d2f89125e44dfP\/252086154\/H57ad29db6f494a7eba3d2f89125e44dfP.jpg\" \/><\/span><\/div>\n<\/div>\n<\/div>\n<div><\/div>\n<\/div>\n<\/div>\n<\/div>\n<div class=\"J_module\">\n<div class=\"detail-decorate-json-renderer-container\">\n<div class=\"magic-3\">\n<div class=\"magic-4\">\n<div class=\"magic-5\">\n<div class=\"magic-6\">\n<div class=\"magic-25\"><span class=\"magic-9\" style=\"color: #000000; font-family: helvetica, arial, sans-serif; font-size: 14pt;\"><b class=\"magic-26\">Enl\u00e8vement de veine araign\u00e9e 980 Diode Laser vasculaire Machin<\/b><\/span><\/div>\n<div class=\"magic-25\"><span class=\"magic-9\" style=\"color: #000000; font-family: helvetica, arial, sans-serif; font-size: 14pt;\"><b class=\"magic-26\">Laser diode 980nm r\u00e9paration et suppression nais gris<\/b><\/span><\/div>\n<\/div>\n<div><\/div>\n<\/div>\n<\/div>\n<\/div>\n<\/div>\n<\/div>\n<div class=\"J_module\">\n<div class=\"icbu-pc-images magic-0\">\n<div>\n<div class=\"flex-layout-v\">\n<div class=\"flex-layout-h magic-0\">\n<div class=\"magic-27\"><span style=\"font-family: helvetica, arial, sans-serif; color: #000000; font-size: 14pt;\"><img loading=\"lazy\" decoding=\"async\" class=\"magic-28 alignnone\" src=\"https:\/\/sc04.alicdn.com\/kf\/H24211fab3e594d65a7c17f7a36aa70899\/252086154\/H24211fab3e594d65a7c17f7a36aa70899.jpg\" width=\"1588\" height=\"2035\" data-src=\"\/\/sc04.alicdn.com\/kf\/H24211fab3e594d65a7c17f7a36aa70899\/252086154\/H24211fab3e594d65a7c17f7a36aa70899.jpg\" \/><\/span><\/div>\n<div><\/div>\n<\/div>\n<\/div>\n<\/div>\n<\/div>\n<\/div>\n<div class=\"J_module\">\n<div class=\"detail-decorate-json-renderer-container\">\n<div class=\"magic-3\">\n<div class=\"magic-4\">\n<div class=\"magic-5\">\n<div class=\"magic-6\"><span class=\"magic-8\" style=\"font-family: helvetica, arial, sans-serif; color: #000000; font-size: 14pt;\"><b>Caract\u00e9ristiques de la machine: <\/b><\/span><\/div>\n<div class=\"magic-6\"><span class=\"magic-9\" style=\"font-family: helvetica, arial, sans-serif; color: #000000; font-size: 14pt;\">* Pas de pi\u00e8ces consommables, la machine peut fonctionner 24 heures par jour. <\/span><\/div>\n<div class=\"magic-6\"><span class=\"magic-9\" style=\"font-family: helvetica, arial, sans-serif; color: #000000; font-size: 14pt;\">* Ne pas endommager l'\u00e9piderme du tout. <\/span><\/div>\n<div class=\"magic-6\"><span class=\"magic-9\" style=\"font-family: helvetica, arial, sans-serif; color: #000000; font-size: 14pt;\">* Sans douleur, non invasif, pas de temps d'arr\u00eat. <\/span><\/div>\n<div class=\"magic-6\"><span class=\"magic-9\" style=\"font-family: helvetica, arial, sans-serif; color: #000000; font-size: 14pt;\">* Conception portable, facile pour le transport. <\/span><\/div>\n<div class=\"magic-6\"><span class=\"magic-9\" style=\"font-family: helvetica, arial, sans-serif; color: #000000; font-size: 14pt;\">* Top \u00e9quip\u00e9 de rechange, laser 980nm avec 4 anneaux pour ajuster la taille spot or micro aiguille machine avec 4 t\u00eates pour la resurfacing de la peau. <\/span><\/div>\n<div class=\"magic-6\"><span class=\"magic-9\" style=\"font-family: helvetica, arial, sans-serif; color: #000000; font-size: 14pt;\">* Plusieurs langues peuvent \u00eatre s\u00e9lectionn\u00e9es, nous pouvons faire le logo gratuit selon vos exigences.<\/span><\/div>\n<div><\/div>\n<\/div>\n<\/div>\n<\/div>\n<\/div>\n<\/div>\n<div class=\"J_module\">\n<div class=\"icbu-pc-images magic-0\">\n<div>\n<div class=\"flex-layout-v\">\n<div class=\"flex-layout-h magic-0\">\n<div class=\"magic-21\"><span style=\"font-family: helvetica, arial, sans-serif; color: #000000; font-size: 14pt;\"><img loading=\"lazy\" decoding=\"async\" class=\"magic-22 alignnone\" src=\"https:\/\/sc04.alicdn.com\/kf\/Hb8c48007443e4bc6a50fc8ed220ca7000\/252086154\/Hb8c48007443e4bc6a50fc8ed220ca7000.jpg\" width=\"1603\" height=\"1091\" data-src=\"\/\/sc04.alicdn.com\/kf\/Hb8c48007443e4bc6a50fc8ed220ca7000\/252086154\/Hb8c48007443e4bc6a50fc8ed220ca7000.jpg\" \/><\/span><\/div>\n<\/div>\n<\/div>\n<\/div>\n<\/div>\n<\/div>\n<div class=\"J_module\">\n<div class=\"detail-decorate-json-renderer-container\">\n<div class=\"magic-3\">\n<div class=\"magic-4\">\n<div class=\"magic-5\">\n<div class=\"magic-6\">\n<div class=\"magic-25\"><span style=\"font-family: helvetica, arial, sans-serif; color: #000000; font-size: 14pt;\"><b><span class=\"magic-31\"> Conception d'allumage \u00e0 une cl\u00e9 <\/span><\/b><\/span><\/div>\n<\/div>\n<\/div>\n<\/div>\n<\/div>\n<\/div>\n<\/div>\n<div class=\"J_module\">\n<div data-section=\"AliMagic-whquon\" data-section-title=\"Screen Display\"><\/div>\n<div id=\"ali-anchor-AliMagic-whquon\" class=\"magic-16\" data-section=\"AliMagic-whquon\" data-section-title=\"Screen Display\"><span style=\"font-family: helvetica, arial, sans-serif; color: #000000; font-size: 14pt;\">Affichage \u00e9cran<\/span><\/div>\n<div data-section=\"AliMagic-whquon\" data-section-title=\"Screen Display\"><\/div>\n<\/div>\n<div class=\"J_module\">\n<div class=\"icbu-pc-images magic-0\">\n<div>\n<div class=\"flex-layout-v\">\n<div class=\"flex-layout-h magic-0\">\n<div class=\"magic-32\"><span style=\"font-family: helvetica, arial, sans-serif; color: #000000; font-size: 14pt;\"><img loading=\"lazy\" decoding=\"async\" class=\"magic-33 alignnone\" src=\"https:\/\/sc04.alicdn.com\/kf\/Ha927851f2e944ee683ef6c7b2d5de1a1f\/252086154\/Ha927851f2e944ee683ef6c7b2d5de1a1f.jpg\" width=\"1582\" height=\"1204\" data-src=\"\/\/sc04.alicdn.com\/kf\/Ha927851f2e944ee683ef6c7b2d5de1a1f\/252086154\/Ha927851f2e944ee683ef6c7b2d5de1a1f.jpg\" \/><\/span><\/div>\n<\/div>\n<\/div>\n<\/div>\n<\/div>\n<\/div>\n<div class=\"J_module\">\n<div class=\"detail-decorate-json-renderer-container\">\n<div class=\"magic-3\">\n<div class=\"magic-4\">\n<div class=\"magic-5\">\n<div data-spm-anchor-id=\"a2700.wholesale.0.i28.464341182zYuX6\"><\/div>\n<div class=\"magic-6\" data-spm-anchor-id=\"a2700.wholesale.0.i28.464341182zYuX6\"><span style=\"font-family: helvetica, arial, sans-serif; color: #000000; font-size: 14pt;\">1. grand \u00e9cran tactile de 14 pouces, humanis\u00e9 con\u00e7u <\/span><\/div>\n<div class=\"magic-6\" data-spm-anchor-id=\"a2700.wholesale.0.i28.464341182zYuX6\"><span style=\"font-family: helvetica, arial, sans-serif; color: #000000; font-size: 14pt;\">2. M\u00e2le\/femelle, parties du corps, 6 types de peau pour l'option. <\/span><br \/>\n<span style=\"font-family: helvetica, arial, sans-serif; color: #000000; font-size: 14pt;\">3. Anglais votre langue maternelle. <\/span><br \/>\n<span style=\"font-family: helvetica, arial, sans-serif; color: #000000; font-size: 14pt;\">4. Service de programme OEM gratuit (logo\/syst\u00e8me&#8230;)<\/span><\/div>\n<\/div>\n<\/div>\n<\/div>\n<\/div>\n<\/div>\n<\/div>\n<\/div>\n<\/div>\n<div style=\"text-align: left;\" data-spm-anchor-id=\"a2700.wholesale.0.i28.464341182zYuX6\"><\/div>\n<div style=\"text-align: left;\" data-spm-anchor-id=\"a2700.wholesale.0.i28.464341182zYuX6\"><\/div>\n<div style=\"text-align: left;\" data-spm-anchor-id=\"a2700.wholesale.0.i28.464341182zYuX6\"><span style=\"font-size: 14pt;\"><em><span style=\"color: #0000ff;\"><strong><span style=\"font-family: helvetica, arial, sans-serif;\">En savoir plus maintenant !<\/span><\/strong><\/span><\/em><\/span><\/div>\n<div style=\"text-align: left;\" data-spm-anchor-id=\"a2700.wholesale.0.i28.464341182zYuX6\"><\/div>","protected":false},"excerpt":{"rendered":"<div><span class=\"magic-9\" style=\"font-family: helvetica, arial, sans-serif; color: #000000;\">Le faisceau laser 980nm est concentr\u00e9 sur une plage de diam\u00e8tre de 0,2-0,5mm, afin de permettre une \u00e9nergie plus concentr\u00e9e pour atteindre le tissu cible, tout en \u00e9vitant de br\u00fbler le tissu de la peau environnant L'irradiation transcutan\u00e9e (avec une p\u00e9n\u00e9tration de 1 \u00e0 2 mm dans le tissu) provoque l'absorption s\u00e9lective du tissu par l'h\u00e9moglobine (l'h\u00e9moglobine est la cible principale du laser)<\/span><\/div>\n<div><\/div>\n<div><span class=\"magic-9\" style=\"font-family: helvetica, arial, sans-serif; color: #000000;\">Le traitement de microaiguillage RF utilise des aiguilles de sulftrafine et de l'\u00e9nergie radiofr\u00e9quence (RF) pour p\u00e9n\u00e9trer la couche sup\u00e9rieure de la peau. Cela permet la r\u00e9g\u00e9n\u00e9ration de l'\u00e9lastine et du collag\u00e8ne dans les zones trait\u00e9es, ce qui donne une apparence revitalis\u00e9e de la peau.<\/span><\/div>\n<div><\/div>\n<div>15 ans fabricant d'instruments de beaut\u00e9, peut fournir des services plus personnalis\u00e9s<\/div>","protected":false},"featured_media":662,"comment_status":"open","ping_status":"closed","template":"","meta":[],"product_cat":[25],"product_tag":[],"class_list":["post-660","product","type-product","status-publish","has-post-thumbnail","hentry","product_cat-micro-needle-microneedle-multi-function"],"_links":{"self":[{"href":"https:\/\/www.mlkjlasers.com\/fr\/wp-json\/wp\/v2\/product\/660","targetHints":{"allow":["GET"]}}],"collection":[{"href":"https:\/\/www.mlkjlasers.com\/fr\/wp-json\/wp\/v2\/product"}],"about":[{"href":"https:\/\/www.mlkjlasers.com\/fr\/wp-json\/wp\/v2\/types\/product"}],"replies":[{"embeddable":true,"href":"https:\/\/www.mlkjlasers.com\/fr\/wp-json\/wp\/v2\/comments?post=660"}],"wp:featuredmedia":[{"embeddable":true,"href":"https:\/\/www.mlkjlasers.com\/fr\/wp-json\/wp\/v2\/media\/662"}],"wp:attachment":[{"href":"https:\/\/www.mlkjlasers.com\/fr\/wp-json\/wp\/v2\/media?parent=660"}],"wp:term":[{"taxonomy":"product_cat","embeddable":true,"href":"https:\/\/www.mlkjlasers.com\/fr\/wp-json\/wp\/v2\/product_cat?post=660"},{"taxonomy":"product_tag","embeddable":true,"href":"https:\/\/www.mlkjlasers.com\/fr\/wp-json\/wp\/v2\/product_tag?post=660"}],"curies":[{"name":"wp","href":"https:\/\/api.w.org\/{rel}","templated":true}]}}