{"id":2320,"date":"2023-08-22T13:37:17","date_gmt":"2023-08-22T05:37:17","guid":{"rendered":"https:\/\/mlkjlasers.com\/?page_id=2320"},"modified":"2023-08-22T13:41:17","modified_gmt":"2023-08-22T05:41:17","slug":"privacy-policy","status":"publish","type":"page","link":"https:\/\/www.mlkjlasers.com\/it\/privacy-policy\/","title":{"rendered":"Informativa sulla privacy"},"content":{"rendered":"<div data-elementor-type=\"wp-page\" data-elementor-id=\"2320\" class=\"elementor elementor-2320\" data-elementor-post-type=\"page\">\n\t\t\t\t\t\t<section class=\"elementor-section elementor-top-section elementor-element elementor-element-777b5a7 elementor-section-boxed elementor-section-height-default elementor-section-height-default\" data-id=\"777b5a7\" data-element_type=\"section\">\n\t\t\t\t\t\t<div class=\"elementor-container elementor-column-gap-default\">\n\t\t\t\t\t<div class=\"elementor-column elementor-col-100 elementor-top-column elementor-element elementor-element-e53dd6c\" data-id=\"e53dd6c\" data-element_type=\"column\">\n\t\t\t<div class=\"elementor-widget-wrap elementor-element-populated\">\n\t\t\t\t\t\t<div class=\"elementor-element elementor-element-6f21634 elementor-widget elementor-widget-text-editor\" data-id=\"6f21634\" data-element_type=\"widget\" data-widget_type=\"text-editor.default\">\n\t\t\t\t<div class=\"elementor-widget-container\">\n\t\t\t\t\t\t\t\t\t<p><span style=\"font-size: 14pt\"><strong>1.Quali informazioni raccogliamo?<\/strong><\/span><br \/><span style=\"font-size: 14pt\">Raccogliere il cliente&#8217; nome, informazioni di contatto, contenuto del lavoro, merci che si desidera acquistare nel prossimo futuro, ecc.<\/span><\/p><p><span style=\"font-size: 14pt\"><strong>2.Come utilizziamo queste informazioni?<\/strong><\/span><br \/><span style=\"font-size: 14pt\">\u00a0Rispettiamo rigorosamente le leggi e i regolamenti e gli accordi con gli utenti e utilizziamo le informazioni raccolte per i seguenti scopi. Se utilizziamo le tue informazioni per pi\u00f9 dei seguenti scopi, ti spiegheremo di nuovo e otterremo il tuo consenso.<\/span><br \/><span style=\"font-size: 14pt\">Fornireti servizi che soddisfino le tue esigenze personali, come impostazioni linguistiche, impostazioni localizzazioni e servizi di assistenza personalizzati. Il dipartimento di sicurezza raccomanda pubblicit\u00e0, informazioni, ecc. Potresti essere interessato a valutare e migliorare l'efficacia della nostra pubblicit\u00e0 e di altre attivit\u00e0 promozionali. Si prega di partecipare al sondaggio sui nostri servizi.<\/span><\/p><p><span style=\"font-size: 14pt\"><strong>Condivideremo queste informazioni con franchisee o terzi?<\/strong><\/span><br \/><span style=\"font-size: 14pt\">Rispettiamo la tua privacy e lo scopo per cui i visitatori del nostro sito web ci forniscono informazioni. Non condivideremo, venderemo o noleggieremo le informazioni raccolte a terzi e non lo faremo in futuro.<\/span><br \/><span style=\"font-size: 14pt\">Se ci richiedi o ci invii informazioni inviando una e-mail o compilando il modulo di contatto tramite il &#8220; Invia a:&#8221; Possiamo salvare il tuo indirizzo email e qualsiasi altra informazione che possa fornire. Queste informazioni possono essere utilizzate in futuro per contattarti via e-mail, e-mail o telefono per trasmettere informazioni su soluzioni o servizi che riteniamo possano essere utili per te. L'email e altre informazioni fornite non saranno vendute a terzi.<\/span><\/p><p><span style=\"font-size: 14pt\"><strong>I clienti possono visualizzare o eliminare le informazioni che raccogliamo?<\/strong><\/span><br \/><span style=\"font-size: 14pt\">Vi forniamo convenienti opzioni di gestione delle informazioni in modo da poter fare scelte adeguate e gestire le vostre informazioni personali. Rispettiamo rigorosamente le leggi e i regolamenti per proteggere i segreti della tua comunicazione e fornirti servizi di comunicazione sicuri.<\/span><\/p><p><span style=\"font-size: 14pt\"><strong>5.Rispondere alle richieste legali<\/strong><\/span><br \/><span style=\"font-size: 14pt\">(1) Per motivi di sicurezza, potrebbe essere necessario presentare una richiesta per dimostrare la propria identit\u00e0. Potremmo chiederti di verificare la tua identit\u00e0 prima di elaborare la tua richiesta.<\/span><br \/><span style=\"font-size: 14pt\">(2) Risponderemo entro 30 giorni. Se non siete soddisfatti, potete anche avviare un reclamo tramite le informazioni di contatto del servizio clienti di questa politica sulla privacy.<\/span><br \/><span style=\"font-size: 14pt\">(3) Non saremo in grado di rispondere alla vostra richiesta in conformit\u00e0 con le leggi e i regolamenti nei seguenti casi:<\/span><br \/><span style=\"font-size: 14pt\">* Relativi alla sicurezza nazionale e alla sicurezza della difesa nazionale;<\/span><br \/><span style=\"font-size: 14pt\">* in relazione alla sicurezza pubblica, alla salute pubblica e ai principali interessi pubblici;<\/span><br \/><span style=\"font-size: 14pt\">* Relativi alle indagini penali, ai procedimenti penali, al processo e all'esecuzione della sentenza;<\/span><br \/><span style=\"font-size: 14pt\">Vi sono prove sufficienti a dimostrare che l'oggetto dei dati personali ha malizia soggettiva o abuso di diritti;<\/span><br \/><span style=\"font-size: 14pt\">Rispondere alla vostra richiesta causer\u00e0 gravi danni ai legittimi diritti e interessi di voi o di altri individui e organizzazioni;<\/span><br \/><span style=\"font-size: 14pt\">* I segreti commerciali.<\/span><\/p><p><span style=\"font-size: 14pt\"><strong>Come ti informeremo se modifichiamo le nostre pratiche sulla privacy?<\/strong><\/span><br \/><span style=\"font-size: 14pt\">Se tali modifiche comportano una sostanziale deroga ai tuoi diritti ai sensi della presente Informativa, ti informeremo delle modifiche tramite un avviso prominente sulla pagina, email o altri mezzi prima che le modifiche entreranno in vigore. In tali circostanze, continuando ad utilizzare i nostri servizi, accetti di essere vincolato dalla politica riveduta.<\/span><\/p><p><span style=\"font-size: 14pt\"><strong>7.Come contattarci?<\/strong><\/span><br \/><span style=\"font-size: 14pt\">Se hai domande, commenti o suggerimenti su questa politica sulla privacy, puoi contattarci tramite\u00a0<\/span><br \/><span style=\"font-size: 14pt\">Email: sale@mingliangkj.com\u00a0<\/span><br \/><span style=\"font-size: 14pt\">Numero: 8615965364558 (WhatsApp stesso numero), ecc.<\/span><\/p><p><span style=\"font-size: 14pt\"><strong>Quando entra in vigore la politica sulla privacy?<\/strong><\/span><br \/><span style=\"font-size: 14pt\">Il contenuto modificato o modificato entra in vigore 1 giorno dopo la sua notifica o pubblicazione. Se continui ad utilizzare uno dei nostri servizi o visiti i nostri siti web rilevanti dopo l'aggiornamento o la modifica della politica sulla privacy, riteniamo che significhi che hai letto, compreso e accettato pienamente la politica sulla privacy riveduta e ne sei vincolato.<\/span><\/p>\t\t\t\t\t\t\t\t<\/div>\n\t\t\t\t<\/div>\n\t\t\t\t\t<\/div>\n\t\t<\/div>\n\t\t\t\t\t<\/div>\n\t\t<\/section>\n\t\t\t\t<\/div>","protected":false},"excerpt":{"rendered":"<p>1.Quali informazioni raccogliamo? Raccogliere il cliente&#8217; nome, informazioni di contatto, contenuto del lavoro, merci che si desidera acquistare nel prossimo futuro, ecc 2. Come usiamo queste informazioni? Rispettiamo rigorosamente le leggi e i regolamenti e gli accordi con gli utenti e utilizziamo le informazioni raccolte per i seguenti scopi. Se utilizziamo le tue informazioni per pi\u00f9 di [&hellip;]<\/p>","protected":false},"author":167,"featured_media":0,"parent":0,"menu_order":11,"comment_status":"closed","ping_status":"closed","template":"elementor_header_footer","meta":{"footnotes":""},"class_list":["post-2320","page","type-page","status-publish","hentry"],"_links":{"self":[{"href":"https:\/\/www.mlkjlasers.com\/it\/wp-json\/wp\/v2\/pages\/2320","targetHints":{"allow":["GET"]}}],"collection":[{"href":"https:\/\/www.mlkjlasers.com\/it\/wp-json\/wp\/v2\/pages"}],"about":[{"href":"https:\/\/www.mlkjlasers.com\/it\/wp-json\/wp\/v2\/types\/page"}],"author":[{"embeddable":true,"href":"https:\/\/www.mlkjlasers.com\/it\/wp-json\/wp\/v2\/users\/167"}],"replies":[{"embeddable":true,"href":"https:\/\/www.mlkjlasers.com\/it\/wp-json\/wp\/v2\/comments?post=2320"}],"version-history":[{"count":7,"href":"https:\/\/www.mlkjlasers.com\/it\/wp-json\/wp\/v2\/pages\/2320\/revisions"}],"predecessor-version":[{"id":2328,"href":"https:\/\/www.mlkjlasers.com\/it\/wp-json\/wp\/v2\/pages\/2320\/revisions\/2328"}],"wp:attachment":[{"href":"https:\/\/www.mlkjlasers.com\/it\/wp-json\/wp\/v2\/media?parent=2320"}],"curies":[{"name":"wp","href":"https:\/\/api.w.org\/{rel}","templated":true}]}}