{"id":1835,"date":"2023-07-21T17:32:49","date_gmt":"2023-07-21T09:32:49","guid":{"rendered":"https:\/\/mlkjlasers.com\/?post_type=product&#038;p=1835"},"modified":"2026-01-29T16:14:36","modified_gmt":"2026-01-29T08:14:36","slug":"mlkj-medical-diode-laser-titanium-double-handle-hair-removal-machine-2-2-2","status":"publish","type":"product","link":"https:\/\/www.mlkjlasers.com\/it\/product\/mlkj-medical-diode-laser-titanium-double-handle-hair-removal-machine-2-2-2\/","title":{"rendered":"Prezzo di fabbrica! Dispositivo innovativo di rimozione dei peli 755nm 1064nm 808nm macchina per la rimozione dei peli del laser del diodo in vendita"},"content":{"rendered":"<table style=\"border-collapse: collapse; width: 100%; height: 174px;\">\n<tbody>\n<tr style=\"height: 16px;\">\n<td style=\"width: 44.9553%; height: 16px;\"><span style=\"font-family: helvetica, arial, sans-serif; color: #000000; font-size: 12pt;\">MLKJ macchina di depilazione laser a diodo\u00a0<\/span><\/td>\n<td style=\"width: 55.0447%; height: 16px;\"><span style=\"font-family: helvetica, arial, sans-serif; color: #000000; font-size: 12pt;\">Numero di modello: 4K V26<\/span><\/td>\n<\/tr>\n<tr style=\"height: 24px;\">\n<td style=\"width: 44.9553%; height: 24px;\"><span style=\"font-family: helvetica, arial, sans-serif; color: #000000; font-size: 12pt;\">Lunghezza d'onda: 808nm o 755 808 1064nm<\/span><\/td>\n<td style=\"width: 55.0447%; height: 24px;\"><span style=\"font-family: helvetica, arial, sans-serif; color: #000000; font-size: 12pt;\">Dimensione dello schermo: schermo tattile in stile 4K da 14 pollici<\/span><\/td>\n<\/tr>\n<tr style=\"height: 24px;\">\n<td style=\"width: 44.9553%; height: 24px;\"><span style=\"font-family: helvetica, arial, sans-serif; color: #000000; font-size: 12pt;\">Durata: 40 milioni di colpi<\/span><\/td>\n<td style=\"width: 55.0447%; height: 24px;\"><span style=\"font-family: helvetica, arial, sans-serif; color: #000000; font-size: 12pt;\">Durata dell'impulso: 10-300ms<\/span><\/td>\n<\/tr>\n<tr style=\"height: 24px;\">\n<td style=\"width: 44.9553%; height: 24px;\"><span style=\"font-family: helvetica, arial, sans-serif; color: #000000; font-size: 12pt;\">Striscia laser: 100w per ciascuno, barra laser coerente dell'America<\/span><\/td>\n<td style=\"width: 55.0447%; height: 24px;\"><span style=\"font-family: helvetica, arial, sans-serif; color: #000000; font-size: 12pt;\">Frequenza: 1-10hz<\/span><\/td>\n<\/tr>\n<tr style=\"height: 24px;\">\n<td style=\"width: 44.9553%; height: 24px;\"><span style=\"font-family: helvetica, arial, sans-serif; color: #000000; font-size: 12pt;\">Dimensione del punto: dimensione del punto 12x20mm o 12x35mm<\/span><\/td>\n<td style=\"width: 55.0447%; height: 24px;\"><span style=\"font-family: helvetica, arial, sans-serif; color: #000000; font-size: 12pt;\">Energia: 1-150J<\/span><\/td>\n<\/tr>\n<tr style=\"height: 24px;\">\n<td style=\"width: 44.9553%; height: 24px;\"><span style=\"font-family: helvetica, arial, sans-serif; color: #000000; font-size: 12pt;\">Sistema di raffreddamento: aria dell'acqua TEC<\/span><\/td>\n<td style=\"width: 55.0447%; height: 24px;\"><span style=\"font-family: helvetica, arial, sans-serif; color: #000000; font-size: 12pt;\">Potenza della macchina: 3500W<\/span><\/td>\n<\/tr>\n<tr style=\"height: 24px;\">\n<td style=\"width: 44.9553%; height: 24px;\"><span style=\"font-family: helvetica, arial, sans-serif; color: #000000; font-size: 12pt;\">Tensione: AC110V 60HZ \/ AC220V 50HZ<\/span><\/td>\n<td style=\"width: 55.0447%; height: 24px;\"><span style=\"font-family: helvetica, arial, sans-serif; color: #000000; font-size: 12pt;\">Dimensioni della macchina: 1000mm * 480mm * 5200mm<\/span><\/td>\n<\/tr>\n<tr style=\"height: 14px;\">\n<td style=\"width: 44.9553%; height: 14px;\"><span style=\"font-family: helvetica, arial, sans-serif; color: #000000; font-size: 12pt;\">Pacchetto: Scatola di alluminio<\/span><\/td>\n<td style=\"width: 55.0447%; height: 14px;\"><span style=\"font-family: helvetica, arial, sans-serif; color: #000000; font-size: 12pt;\">Garanzia di servizio: 2 anni di garanzia<\/span><\/td>\n<\/tr>\n<\/tbody>\n<\/table>\n<div><img fetchpriority=\"high\" decoding=\"async\" class=\"aligncenter wp-image-3868\" src=\"https:\/\/www.mlkjlasers.com\/wp-content\/uploads\/2026\/01\/V26-1200W-\u6d77\u62a5-4.jpg\" alt=\"\" width=\"1920\" height=\"1152\" srcset=\"https:\/\/www.mlkjlasers.com\/wp-content\/uploads\/2026\/01\/V26-1200W-\u6d77\u62a5-4.jpg 750w, https:\/\/www.mlkjlasers.com\/wp-content\/uploads\/2026\/01\/V26-1200W-\u6d77\u62a5-4-300x180.jpg 300w, https:\/\/www.mlkjlasers.com\/wp-content\/uploads\/2026\/01\/V26-1200W-\u6d77\u62a5-4-18x12.jpg 18w, https:\/\/www.mlkjlasers.com\/wp-content\/uploads\/2026\/01\/V26-1200W-\u6d77\u62a5-4-600x360.jpg 600w\" sizes=\"(max-width: 1920px) 100vw, 1920px\" \/><\/div>\n<div><\/div>\n<div><\/div>\n<div><span style=\"color: #000000; font-family: helvetica, arial, sans-serif; font-size: 12pt;\">Siamo orgogliosi di presentare la maniglia laser a diodo all'avanguardia, una soluzione senza pari per l'epilazione indolore e permanente. Attraverso un meticoloso design scientifico, il nostro raggio laser ad alta energia penetra senza sforzo nella pelle, mirando con precisione al follicolo piloso durante il trattamento. Sfruttando il potere dell'assorbimento della melanina, l'uscita laser cancella efficacemente il follicolo piloso, garantendo risultati duraturi che vi lasceranno stupiti.<\/span><\/div>\n<div><\/div>\n<div><img decoding=\"async\" class=\"aligncenter wp-image-3866\" src=\"https:\/\/www.mlkjlasers.com\/wp-content\/uploads\/2026\/01\/V26-1200W-\u6d77\u62a5-2.jpg\" alt=\"\" width=\"1920\" height=\"1280\" srcset=\"https:\/\/www.mlkjlasers.com\/wp-content\/uploads\/2026\/01\/V26-1200W-\u6d77\u62a5-2.jpg 750w, https:\/\/www.mlkjlasers.com\/wp-content\/uploads\/2026\/01\/V26-1200W-\u6d77\u62a5-2-300x200.jpg 300w, https:\/\/www.mlkjlasers.com\/wp-content\/uploads\/2026\/01\/V26-1200W-\u6d77\u62a5-2-18x12.jpg 18w, https:\/\/www.mlkjlasers.com\/wp-content\/uploads\/2026\/01\/V26-1200W-\u6d77\u62a5-2-600x400.jpg 600w\" sizes=\"(max-width: 1920px) 100vw, 1920px\" \/><\/div>\n<div><\/div>\n<p><span style=\"font-family: helvetica, arial, sans-serif;\">Una delle caratteristiche chiave che distingue la nostra tecnologia \u00e8 l'uso di una larghezza di impulso laser pi\u00f9 breve del corpo umano. Sentire il tempo. Ci\u00f2 significa che il trattamento \u00e8 rapido, e con ogni scatto di luce che \u00e8 finito in un istante, si&#8217; Non noter\u00f2 quasi alcun disagio. S\u00ec, avete letto giusto: la depilazione indolore \u00e8 ora una realt\u00e0, rivoluzionando il modo in cui approcciamo i trattamenti cosmetici e migliorando il comfort dei nostri clienti.<\/span><\/p>\n<p><span style=\"font-family: helvetica, arial, sans-serif;\">Maniglia laser a diodo \u00e8 progettato con versatilit\u00e0 in mente. Pu\u00f2 rimuovere efficacemente i capelli di diversi colori, spessori e tonalit\u00e0, rendendolo la soluzione perfetta per un'ampia gamma di tipi di pelle e esigenze di depilazione. Abbracciando l'innovazione al suo centro, la nostra testa laser unica vanta una superficie pi\u00f9 grande, consentendo una depilazione del 40% pi\u00f9 veloce rispetto ad altre tecnologie sul mercato.<\/span><\/p>\n<p><span style=\"font-family: helvetica, arial, sans-serif;\"> <img decoding=\"async\" class=\"aligncenter wp-image-3870\" src=\"https:\/\/www.mlkjlasers.com\/wp-content\/uploads\/2026\/01\/V26-1200W-\u6d77\u62a5-6.jpg\" alt=\"\" width=\"1920\" height=\"1280\" srcset=\"https:\/\/www.mlkjlasers.com\/wp-content\/uploads\/2026\/01\/V26-1200W-\u6d77\u62a5-6.jpg 750w, https:\/\/www.mlkjlasers.com\/wp-content\/uploads\/2026\/01\/V26-1200W-\u6d77\u62a5-6-300x200.jpg 300w, https:\/\/www.mlkjlasers.com\/wp-content\/uploads\/2026\/01\/V26-1200W-\u6d77\u62a5-6-18x12.jpg 18w, https:\/\/www.mlkjlasers.com\/wp-content\/uploads\/2026\/01\/V26-1200W-\u6d77\u62a5-6-600x400.jpg 600w\" sizes=\"(max-width: 1920px) 100vw, 1920px\" \/><\/span><\/p>\n<p>&nbsp;<\/p>\n<p><span style=\"font-family: helvetica, arial, sans-serif;\">La dimensione del punto \u00e8 12*20mm 12*35mm, perfetto per la depilazione su tutte le parti del corpo, con un piano di trattamento di 3-5 sessioni, rendendo il processo essenzialmente permanente<\/span><\/p>\n<p><span style=\"font-family: helvetica, arial, sans-serif; font-size: 14pt;\"><strong>Tecnologia di raffreddamento<\/strong><\/span><br \/>\n<span style=\"font-family: helvetica, arial, sans-serif;\">Queste macchine utilizzano tecnologia di raffreddamento avanzata e funzionano a una bassa temperatura di -31 \u00b0 C, offrendo ai pazienti un comfort senza pari durante la depilazione. Una volta accenso, il dispositivo fornisce un raffreddamento istantaneo, garantendo un'esperienza indolore. Inoltre, il raffreddamento continuo durante tutto il trattamento riduce al minimo eventuali rischi per la pelle mantenendo efficacemente il calore. I pazienti possono ora godere di una procedura completamente indolore, fresca e confortevole che stabilisce un nuovo standard per il trattamento di depilazione.<\/span><\/p>\n<p><span style=\"font-family: helvetica, arial, sans-serif;\"><img loading=\"lazy\" decoding=\"async\" class=\"aligncenter wp-image-1823\" src=\"https:\/\/mlkjlasers.com\/wp-content\/uploads\/2023\/07\/\u767d\u8272V19_06.jpg\" alt=\"\" width=\"1920\" height=\"1024\" srcset=\"https:\/\/www.mlkjlasers.com\/wp-content\/uploads\/2023\/07\/\u767d\u8272V19_06.jpg 1200w, https:\/\/www.mlkjlasers.com\/wp-content\/uploads\/2023\/07\/\u767d\u8272V19_06-300x160.jpg 300w, https:\/\/www.mlkjlasers.com\/wp-content\/uploads\/2023\/07\/\u767d\u8272V19_06-1024x546.jpg 1024w, https:\/\/www.mlkjlasers.com\/wp-content\/uploads\/2023\/07\/\u767d\u8272V19_06-768x410.jpg 768w, https:\/\/www.mlkjlasers.com\/wp-content\/uploads\/2023\/07\/\u767d\u8272V19_06-600x320.jpg 600w\" sizes=\"(max-width: 1920px) 100vw, 1920px\" \/><\/span><\/p>\n<p><span style=\"font-family: helvetica, arial, sans-serif; font-size: 14pt;\"><strong>Opzioni di trattamento intensivo<\/strong><\/span><\/p>\n<p><span style=\"font-family: helvetica, arial, sans-serif;\">Oltre a fornire una soluzione completa di depilazione per tutte le parti del corpo, queste innovative macchine possono anche essere accoppiate con teste di trattamento dei peli del naso. <\/span><\/p>\n<p><span style=\"font-family: helvetica, arial, sans-serif;\">Questa funzione consente ai professionisti di lavorare anche con le aree pi\u00f9 piccole, come dita, orecchie e capelli del naso, estendendo cos\u00ec la portata dei loro servizi.<\/span><\/p>\n<p><img loading=\"lazy\" decoding=\"async\" class=\"aligncenter wp-image-3867\" src=\"https:\/\/www.mlkjlasers.com\/wp-content\/uploads\/2026\/01\/V26-1200W-\u6d77\u62a5-3.jpg\" alt=\"\" width=\"1920\" height=\"1280\" srcset=\"https:\/\/www.mlkjlasers.com\/wp-content\/uploads\/2026\/01\/V26-1200W-\u6d77\u62a5-3.jpg 750w, https:\/\/www.mlkjlasers.com\/wp-content\/uploads\/2026\/01\/V26-1200W-\u6d77\u62a5-3-300x200.jpg 300w, https:\/\/www.mlkjlasers.com\/wp-content\/uploads\/2026\/01\/V26-1200W-\u6d77\u62a5-3-18x12.jpg 18w, https:\/\/www.mlkjlasers.com\/wp-content\/uploads\/2026\/01\/V26-1200W-\u6d77\u62a5-3-600x400.jpg 600w\" sizes=\"(max-width: 1920px) 100vw, 1920px\" \/><\/p>\n<p>&nbsp;<\/p>\n<h3 class=\"contents\" style=\"text-align: left;\"><span style=\"font-family: helvetica, arial, sans-serif; color: #000000; font-size: 14pt;\">Prima e dopo<\/span><\/h3>\n<p><span style=\"font-family: helvetica, arial, sans-serif;\"><img loading=\"lazy\" decoding=\"async\" class=\"aligncenter wp-image-1853\" src=\"https:\/\/mlkjlasers.com\/wp-content\/uploads\/2023\/07\/\u8131\u6bdb-1.jpg\" alt=\"\" width=\"1920\" height=\"1271\" srcset=\"https:\/\/www.mlkjlasers.com\/wp-content\/uploads\/2023\/07\/\u8131\u6bdb-1.jpg 751w, https:\/\/www.mlkjlasers.com\/wp-content\/uploads\/2023\/07\/\u8131\u6bdb-1-300x199.jpg 300w, https:\/\/www.mlkjlasers.com\/wp-content\/uploads\/2023\/07\/\u8131\u6bdb-1-600x397.jpg 600w\" sizes=\"(max-width: 1920px) 100vw, 1920px\" \/><\/span><\/p>\n<p><span style=\"font-family: helvetica, arial, sans-serif; font-size: 14pt;\"><strong>Oltre alle sue caratteristiche all'avanguardia, il nostro manico laser a diodi vanta uno schermo da 14 pollici che offre un'esperienza touch intelligente.<\/strong> <\/span><\/p>\n<p><span style=\"font-family: helvetica, arial, sans-serif;\">\u00c8 altamente personalizzabile, con sei diversi stili di pelle tra cui scegliere, soddisfando le diverse preferenze dei nostri utenti. <\/span><\/p>\n<p><span style=\"font-family: helvetica, arial, sans-serif;\">Il funzionamento del dispositivo \u00e8 facile, e forniamo competenze operative complete e servizi didattici per garantire che si ottiene il massimo da questa notevole tecnologia.<\/span><\/p>\n<p><img loading=\"lazy\" decoding=\"async\" class=\"aligncenter wp-image-3869\" src=\"https:\/\/www.mlkjlasers.com\/wp-content\/uploads\/2026\/01\/V26-1200W-\u6d77\u62a5-5.jpg\" alt=\"\" width=\"1920\" height=\"1152\" srcset=\"https:\/\/www.mlkjlasers.com\/wp-content\/uploads\/2026\/01\/V26-1200W-\u6d77\u62a5-5.jpg 750w, https:\/\/www.mlkjlasers.com\/wp-content\/uploads\/2026\/01\/V26-1200W-\u6d77\u62a5-5-300x180.jpg 300w, https:\/\/www.mlkjlasers.com\/wp-content\/uploads\/2026\/01\/V26-1200W-\u6d77\u62a5-5-18x12.jpg 18w, https:\/\/www.mlkjlasers.com\/wp-content\/uploads\/2026\/01\/V26-1200W-\u6d77\u62a5-5-600x360.jpg 600w\" sizes=\"(max-width: 1920px) 100vw, 1920px\" \/><\/p>\n<p>&nbsp;<\/p>\n<div class=\"des_detail\">\n<p><strong><span style=\"font-family: helvetica, arial, sans-serif;\">MLKJ \u00e8 una societ\u00e0 di 18 anni che integra la progettazione, lo sviluppo, la produzione e le vendite di strumenti di bellezza. <\/span><\/strong><\/p>\n<p><strong><span style=\"font-family: helvetica, arial, sans-serif;\">Abbiamo certificazioni professionali FDA e CE.<\/span><\/strong><\/p>\n<p><strong><span style=\"font-family: helvetica, arial, sans-serif;\">Fabbrica reale, processo di produzione reale, valutazione reale! <\/span><\/strong><\/p>\n<p><strong><span style=\"font-family: helvetica, arial, sans-serif;\">Benvenuti alla nostra azienda o visita video! <\/span><\/strong><\/p>\n<p><strong><span style=\"font-family: helvetica, arial, sans-serif;\">Solo scegliendo un vero partner si pu\u00f2 garantire la qualit\u00e0 del prodotto!<\/span><\/strong><\/p>\n<p><span style=\"font-size: 18pt; font-family: helvetica, arial, sans-serif; color: #0000ff;\"><a style=\"color: #0000ff;\" href=\"https:\/\/www.mlkjlasers.com\/it\/contact-us\/\" target=\"_blank\" rel=\"noopener\">Contattaci ora!<\/a><\/span><\/p>\n<p>&nbsp;<\/p>\n<\/div>","protected":false},"excerpt":{"rendered":"<p><span style=\"font-family: helvetica, arial, sans-serif;\">3 onde laser diodo 808nm 755nm 1064nm, tutto il tipo di pelle pu\u00f2 essere utilizzato<\/span><\/p>\n<p><span style=\"font-family: helvetica, arial, sans-serif;\">Unico sistema di raffreddamento Dual-TEC, pi\u00f9 efficace per garantire il lavoro della macchina, 24 ore senza tempo di fermo<\/span><\/p>\n<p><span style=\"font-family: helvetica, arial, sans-serif;\">Barre laser dorate da tedesco o USA imporved<\/span><\/p>\n<p><span style=\"font-family: helvetica, arial, sans-serif;\">40.000.000 di vita pi\u00f9 lunga Trattamento per la depilazione rapida e indolore<\/span><\/p>\n<p><span style=\"font-family: helvetica, arial, sans-serif;\">Epilazione permanente dopo 3-5 trattamenti<\/span><\/p>","protected":false},"featured_media":3878,"comment_status":"open","ping_status":"closed","template":"","meta":[],"product_cat":[15],"product_tag":[],"class_list":["post-1835","product","type-product","status-publish","has-post-thumbnail","hentry","product_cat-diode-laser-hair-removal-machine"],"_links":{"self":[{"href":"https:\/\/www.mlkjlasers.com\/it\/wp-json\/wp\/v2\/product\/1835","targetHints":{"allow":["GET"]}}],"collection":[{"href":"https:\/\/www.mlkjlasers.com\/it\/wp-json\/wp\/v2\/product"}],"about":[{"href":"https:\/\/www.mlkjlasers.com\/it\/wp-json\/wp\/v2\/types\/product"}],"replies":[{"embeddable":true,"href":"https:\/\/www.mlkjlasers.com\/it\/wp-json\/wp\/v2\/comments?post=1835"}],"wp:featuredmedia":[{"embeddable":true,"href":"https:\/\/www.mlkjlasers.com\/it\/wp-json\/wp\/v2\/media\/3878"}],"wp:attachment":[{"href":"https:\/\/www.mlkjlasers.com\/it\/wp-json\/wp\/v2\/media?parent=1835"}],"wp:term":[{"taxonomy":"product_cat","embeddable":true,"href":"https:\/\/www.mlkjlasers.com\/it\/wp-json\/wp\/v2\/product_cat?post=1835"},{"taxonomy":"product_tag","embeddable":true,"href":"https:\/\/www.mlkjlasers.com\/it\/wp-json\/wp\/v2\/product_tag?post=1835"}],"curies":[{"name":"wp","href":"https:\/\/api.w.org\/{rel}","templated":true}]}}