{"id":2085,"date":"2023-07-26T16:29:13","date_gmt":"2023-07-26T08:29:13","guid":{"rendered":"https:\/\/mlkjlasers.com\/?post_type=product&#038;p=2085"},"modified":"2026-01-27T16:47:45","modified_gmt":"2026-01-27T08:47:45","slug":"vertical-co2-fractional-laser","status":"publish","type":"product","link":"https:\/\/www.mlkjlasers.com\/it\/product\/vertical-co2-fractional-laser\/","title":{"rendered":"Verticale Frazionale CO2 Laser Machine Pi\u00f9 Pi\u00f9 Pi\u00f9 Pi\u00f9 Pi\u00f9 Pi\u00f9 Pi\u00f9 Pi\u00f9 Pi\u00f9 Pi\u00f9 Pi\u00f9 Pi\u00f9 Pi\u00f9 Pi\u00f9 Pi\u00f9 Pi\u00f9 Pi\u00f9 Pi\u00f9 Pi\u00f9 Pi\u00f9 Pi\u00f9 Pi\u00f9 Pi\u00f9 Pi\u00f9 Pi\u00f9 Pi\u00f9 Pi\u00f9 Pi\u00f9 Pi\u00f9 Pi\u00f9 Pi\u00f9 Pi\u00f9 Pi\u00f9 Pi\u00f9 Pi\u00f9 Pi\u00f9 Pi\u00f9 Pi\u00f9"},"content":{"rendered":"<div class=\"J_module\">\n<div class=\"icbu-pc-images magic-0\">\n<div>\n<div class=\"flex-layout-v\">\n<div class=\"flex-layout-h magic-0\">\n<div class=\"magic-1\"><span style=\"font-size: 14pt; font-family: helvetica, arial, sans-serif; color: #000000;\"><img fetchpriority=\"high\" decoding=\"async\" class=\"magic-2 alignleft\" src=\"https:\/\/sc04.alicdn.com\/kf\/Hc7c1540801cd44d890aeaa993a9a731a3\/252086154\/Hc7c1540801cd44d890aeaa993a9a731a3.jpg\" width=\"1356\" height=\"904\" data-src=\"\/\/sc04.alicdn.com\/kf\/Hc7c1540801cd44d890aeaa993a9a731a3\/252086154\/Hc7c1540801cd44d890aeaa993a9a731a3.jpg\" \/><\/span><\/div>\n<\/div>\n<\/div>\n<\/div>\n<\/div>\n<\/div>\n<div class=\"J_module\" style=\"text-align: left;\">\n<div id=\"ali-anchor-AliMagic-ifa1jx\" class=\"magic-3\" data-section=\"AliMagic-ifa1jx\" data-section-title=\"Products Description\"><\/div>\n<\/div>\n<div class=\"J_module\" style=\"text-align: left;\">\n<div class=\"detail-decorate-json-renderer-container\">\n<div class=\"magic-4\">\n<div class=\"magic-5\">\n<div class=\"magic-6\">\n<div class=\"magic-7\"><span style=\"font-size: 14pt; font-family: helvetica, arial, sans-serif; color: #000000;\"><b><span class=\"magic-8\"><span class=\"magic-9\">CO2 Frazionale LaserSystem.<\/span><span class=\"magic-10\"><span class=\"magic-9\">Ritorni la tua bella pelle!<\/span><\/span><\/span><\/b><\/span><\/div>\n<div><\/div>\n<\/div>\n<\/div>\n<\/div>\n<\/div>\n<\/div>\n<div class=\"J_module\" style=\"text-align: left;\">\n<div class=\"icbu-pc-images magic-0\">\n<div>\n<div class=\"flex-layout-v\">\n<div class=\"flex-layout-h magic-0\">\n<div class=\"magic-11\"><span style=\"font-size: 14pt; font-family: helvetica, arial, sans-serif; color: #000000;\"><img decoding=\"async\" class=\"magic-12 alignnone\" src=\"https:\/\/sc04.alicdn.com\/kf\/Hcd5f21fec2b444d5a69cfac84e6e440aj\/252086154\/Hcd5f21fec2b444d5a69cfac84e6e440aj.jpg\" width=\"1355\" height=\"1550\" data-src=\"\/\/sc04.alicdn.com\/kf\/Hcd5f21fec2b444d5a69cfac84e6e440aj\/252086154\/Hcd5f21fec2b444d5a69cfac84e6e440aj.jpg\" \/><\/span><\/div>\n<\/div>\n<\/div>\n<div><\/div>\n<\/div>\n<\/div>\n<\/div>\n<div class=\"J_module\" style=\"text-align: left;\">\n<div class=\"detail-decorate-json-renderer-container\">\n<div class=\"magic-4\">\n<div class=\"magic-5\">\n<div class=\"magic-6\">\n<div class=\"magic-7\"><span class=\"magic-13\" style=\"font-size: 14pt; font-family: helvetica, arial, sans-serif; color: #000000;\"><b>Modalit\u00e0 di funzionamento multiple<\/b><\/span><\/div>\n<div class=\"magic-7\"><span class=\"magic-13\" style=\"font-size: 14pt; font-family: helvetica, arial, sans-serif; color: #000000;\">Continuo, super impulso, frazionale diverse modalit\u00e0 di funzionamento<\/span><\/div>\n<div><\/div>\n<div class=\"magic-7\"><span class=\"magic-13\" style=\"font-size: 14pt; font-family: helvetica, arial, sans-serif; color: #000000;\"><b>Regolabile<\/b><\/span><\/div>\n<div class=\"magic-7\"><span class=\"magic-13\" style=\"font-size: 14pt; font-family: helvetica, arial, sans-serif; color: #000000;\">Il diametro e l'intervallo del punto focale sono regolabili<\/span><\/div>\n<div><\/div>\n<div class=\"magic-7\"><span class=\"magic-13\" style=\"font-size: 14pt; font-family: helvetica, arial, sans-serif; color: #000000;\"><b>Importazioni negli Stati Uniti<\/b><\/span><\/div>\n<div class=\"magic-7\"><span class=\"magic-13\" style=\"font-size: 14pt; font-family: helvetica, arial, sans-serif; color: #000000;\">Il miglior tubo laser RF USA, importato da CONHERENT, prestazioni stabili, alta efficacia <\/span><\/div>\n<div class=\"magic-7\"><span class=\"magic-13\" style=\"font-size: 14pt; font-family: helvetica, arial, sans-serif; color: #000000;\"><b>Semplice<\/b> Facile da smontare il pezzo e appendere nella macchina<\/span><\/div>\n<div><\/div>\n<\/div>\n<\/div>\n<\/div>\n<\/div>\n<\/div>\n<div class=\"J_module\" style=\"text-align: left;\">\n<div class=\"icbu-pc-images magic-0\">\n<div>\n<div class=\"flex-layout-v\">\n<div class=\"flex-layout-h magic-0\">\n<div class=\"magic-14\"><span style=\"font-size: 14pt; font-family: helvetica, arial, sans-serif; color: #000000;\"><img decoding=\"async\" class=\"magic-15 alignnone\" src=\"https:\/\/sc04.alicdn.com\/kf\/H13d8e5021a814b2799acda22438132f5B\/252086154\/H13d8e5021a814b2799acda22438132f5B.jpg\" width=\"1351\" height=\"1746\" data-src=\"\/\/sc04.alicdn.com\/kf\/H13d8e5021a814b2799acda22438132f5B\/252086154\/H13d8e5021a814b2799acda22438132f5B.jpg\" \/><\/span><\/div>\n<\/div>\n<\/div>\n<\/div>\n<\/div>\n<\/div>\n<div class=\"J_module\" style=\"text-align: left;\">\n<div class=\"icbu-pc-images magic-0\">\n<div>\n<div class=\"flex-layout-v\">\n<div class=\"flex-layout-h magic-0\">\n<div class=\"magic-16\"><span style=\"font-size: 14pt; font-family: helvetica, arial, sans-serif; color: #000000;\"><img loading=\"lazy\" decoding=\"async\" class=\"magic-17 alignnone\" src=\"https:\/\/sc04.alicdn.com\/kf\/H511979c8a40e45558f97ca54f2d09878n\/252086154\/H511979c8a40e45558f97ca54f2d09878n.jpg\" width=\"1351\" height=\"1851\" data-src=\"\/\/sc04.alicdn.com\/kf\/H511979c8a40e45558f97ca54f2d09878n\/252086154\/H511979c8a40e45558f97ca54f2d09878n.jpg\" \/><\/span><\/div>\n<\/div>\n<\/div>\n<div><\/div>\n<\/div>\n<\/div>\n<\/div>\n<div class=\"J_module\" style=\"text-align: left;\">\n<div class=\"detail-decorate-json-renderer-container\">\n<div class=\"magic-4\">\n<div class=\"magic-5\">\n<div class=\"magic-6\">\n<div class=\"magic-7\"><span class=\"magic-13\" style=\"font-size: 14pt; font-family: helvetica, arial, sans-serif; color: #000000;\"><b>leggero<\/b><\/span><\/div>\n<div class=\"magic-7\"><span class=\"magic-13\" style=\"font-size: 14pt; font-family: helvetica, arial, sans-serif; color: #000000;\">Nessuna pigmentazione e depigmentazione della pelle, non ha bisogno di consumabile extra<\/span><\/div>\n<div><\/div>\n<div class=\"magic-7\"><span class=\"magic-13\" style=\"font-size: 14pt; font-family: helvetica, arial, sans-serif; color: #000000;\"><b>Protezione della sicurezza<\/b><\/span><\/div>\n<div class=\"magic-7\"><span class=\"magic-13\" style=\"font-size: 14pt; font-family: helvetica, arial, sans-serif; color: #000000;\">Protezione di sicurezza con alam automatico <\/span><\/div>\n<div><\/div>\n<div class=\"magic-7\"><span class=\"magic-13\" style=\"font-size: 14pt; font-family: helvetica, arial, sans-serif; color: #000000;\"><b>Scorciatoia<\/b><\/span><\/div>\n<div class=\"magic-7\"><span class=\"magic-13\" style=\"font-size: 14pt; font-family: helvetica, arial, sans-serif; color: #000000;\">Trattamento facile e veloce, senza tempo di fermo<\/span><\/div>\n<div><\/div>\n<div class=\"magic-7\"><span class=\"magic-13\" style=\"font-size: 14pt; font-family: helvetica, arial, sans-serif; color: #000000;\"><b>Facile da usare<\/b><\/span><\/div>\n<div class=\"magic-7\"><span class=\"magic-13\" style=\"font-size: 14pt; font-family: helvetica, arial, sans-serif; color: #000000;\">Conduzione della luce del braccio giunto <\/span><\/div>\n<div><\/div>\n<div class=\"magic-7\"><span class=\"magic-13\" style=\"font-size: 14pt; font-family: helvetica, arial, sans-serif; color: #000000;\"><b>Ampia gamma di applicazioni<\/b><\/span><\/div>\n<div class=\"magic-7\"><span class=\"magic-13\" style=\"font-size: 14pt; font-family: helvetica, arial, sans-serif; color: #000000;\">Vari volumi di punti sono adatti per diverse aree del corpo<\/span><\/div>\n<\/div>\n<\/div>\n<\/div>\n<\/div>\n<\/div>\n<div class=\"J_module\" style=\"text-align: left;\">\n<div class=\"icbu-pc-images magic-0\">\n<div>\n<div class=\"flex-layout-v\">\n<div class=\"flex-layout-h magic-0\">\n<div class=\"magic-18\"><span style=\"font-size: 14pt; font-family: helvetica, arial, sans-serif; color: #000000;\"><img loading=\"lazy\" decoding=\"async\" class=\"magic-19 alignnone\" src=\"https:\/\/sc04.alicdn.com\/kf\/H3e3e18d7e43c4e6994adb599ace4a359I\/252086154\/H3e3e18d7e43c4e6994adb599ace4a359I.jpg\" width=\"1358\" height=\"1194\" data-src=\"\/\/sc04.alicdn.com\/kf\/H3e3e18d7e43c4e6994adb599ace4a359I\/252086154\/H3e3e18d7e43c4e6994adb599ace4a359I.jpg\" \/><\/span><\/div>\n<\/div>\n<\/div>\n<\/div>\n<\/div>\n<\/div>\n<div class=\"J_module\" style=\"text-align: left;\">\n<div class=\"icbu-pc-images magic-0\">\n<div>\n<div class=\"flex-layout-v\">\n<div class=\"flex-layout-h magic-0\">\n<div class=\"magic-20\"><span style=\"font-size: 14pt; font-family: helvetica, arial, sans-serif; color: #000000;\"><img loading=\"lazy\" decoding=\"async\" class=\"magic-21 alignnone\" src=\"https:\/\/sc04.alicdn.com\/kf\/H99fe27be7ace4abc8e39ca13613532575\/252086154\/H99fe27be7ace4abc8e39ca13613532575.jpg\" width=\"1346\" height=\"1958\" data-src=\"\/\/sc04.alicdn.com\/kf\/H99fe27be7ace4abc8e39ca13613532575\/252086154\/H99fe27be7ace4abc8e39ca13613532575.jpg\" \/><\/span><\/div>\n<div><span style=\"font-size: 14pt;\"><b class=\"magic-9\" style=\"color: #000000; font-family: helvetica, arial, sans-serif;\">Teste di scansione importate generalmente utilizzano per 3 &#8211; 5 anni, con basso tasso di guasto, scansione pi\u00f9 precisa e lunga vita utile.<\/b><\/span><\/div>\n<\/div>\n<\/div>\n<\/div>\n<\/div>\n<\/div>\n<div class=\"J_module\" style=\"text-align: left;\">\n<div class=\"detail-decorate-json-renderer-container\">\n<div class=\"magic-4\">\n<div class=\"magic-5\">\n<div class=\"magic-6\">\n<div class=\"magic-7\">\n<div><span class=\"magic-13\" style=\"color: #000000; font-size: 14pt; font-family: helvetica, arial, sans-serif;\">Il laser 40w ha alta potenza e energia sufficiente e pu\u00f2 lavorare continuamente per un lungo periodo di tempo.<br \/>\n<\/span><\/div>\n<div><span class=\"magic-13\" style=\"color: #000000; font-size: 14pt; font-family: helvetica, arial, sans-serif;\"><b class=\"magic-9\">Energia forte, emissione luminosa uniforme, scansione pi\u00f9 precisa, tasso di guasto inferiore e lunga durata di servizio.<\/b><\/span><\/div>\n<\/div>\n<\/div>\n<\/div>\n<\/div>\n<\/div>\n<\/div>\n<div class=\"J_module\" style=\"text-align: left;\">\n<div class=\"icbu-pc-images magic-0\">\n<div>\n<div class=\"flex-layout-v\">\n<div class=\"flex-layout-h magic-0\">\n<div><\/div>\n<\/div>\n<\/div>\n<\/div>\n<\/div>\n<\/div>\n<div class=\"J_module\" style=\"text-align: left;\">\n<div id=\"ali-anchor-AliMagic-hliqyf\" class=\"magic-3\" data-section=\"AliMagic-hliqyf\" data-section-title=\"Effect comparison\"><span style=\"font-size: 14pt; font-family: helvetica, arial, sans-serif; color: #000000;\"><strong>Confronto degli effetti<\/strong><\/span><\/div>\n<\/div>\n<div class=\"J_module\" style=\"text-align: left;\">\n<div class=\"icbu-pc-images magic-0\">\n<div>\n<div class=\"flex-layout-v\">\n<div class=\"flex-layout-h magic-0\">\n<div class=\"magic-24\"><span style=\"font-size: 14pt; font-family: helvetica, arial, sans-serif; color: #000000;\"><img loading=\"lazy\" decoding=\"async\" class=\"magic-25 alignnone\" src=\"https:\/\/sc04.alicdn.com\/kf\/H6014c423c1754706ab8679382b0299a8p\/252086154\/H6014c423c1754706ab8679382b0299a8p.jpg\" width=\"1349\" height=\"842\" data-src=\"\/\/sc04.alicdn.com\/kf\/H6014c423c1754706ab8679382b0299a8p\/252086154\/H6014c423c1754706ab8679382b0299a8p.jpg\" \/><\/span><\/div>\n<\/div>\n<\/div>\n<\/div>\n<\/div>\n<\/div>\n<div class=\"J_module\" style=\"text-align: left;\">\n<div class=\"icbu-pc-images magic-0\">\n<div>\n<div class=\"flex-layout-v\">\n<div class=\"flex-layout-h magic-0\">\n<div class=\"magic-26\"><span style=\"font-size: 14pt; font-family: helvetica, arial, sans-serif; color: #000000;\"><img loading=\"lazy\" decoding=\"async\" class=\"magic-27 alignnone\" src=\"https:\/\/sc04.alicdn.com\/kf\/H5976fe649456464898017a9262a460e3j\/252086154\/H5976fe649456464898017a9262a460e3j.jpg\" width=\"1360\" height=\"990\" data-src=\"\/\/sc04.alicdn.com\/kf\/H5976fe649456464898017a9262a460e3j\/252086154\/H5976fe649456464898017a9262a460e3j.jpg\" \/><\/span><\/div>\n<\/div>\n<\/div>\n<\/div>\n<\/div>\n<\/div>\n<div class=\"J_module\" style=\"text-align: left;\">\n<div class=\"detail-decorate-json-renderer-container\">\n<div class=\"magic-4\">\n<div class=\"magic-5\">\n<div class=\"magic-6\">\n<div class=\"magic-7\">\n<p><span class=\"magic-13\" style=\"font-size: 14pt; font-family: helvetica, arial, sans-serif; color: #000000;\">grande schermo touch a colori veri da 14 pollici<\/span><\/p>\n<div><span class=\"magic-13\" style=\"font-size: 14pt; font-family: helvetica, arial, sans-serif; color: #000000;\">Super cool touch Esperienza<\/span><\/div>\n<div><span class=\"magic-13\" style=\"font-size: 14pt; font-family: helvetica, arial, sans-serif; color: #000000;\">12 lingua per la tua scelta, pu\u00f2 essere aggiunta una lingua speciale<br \/>\n<\/span><\/div>\n<div><span class=\"magic-13\" style=\"font-size: 14pt; font-family: helvetica, arial, sans-serif; color: #000000;\">Servizio OEM sono accettati, come regolare il parametro, includono energia\/fre\/tempo ambito<br \/>\n<\/span><\/div>\n<div data-spm-anchor-id=\"a2700.wholesale.0.i36.304df5d1W3QwJB\"><span class=\"magic-13\" style=\"font-size: 14pt; font-family: helvetica, arial, sans-serif; color: #000000;\">12 tipi Modelli di output.<\/span><\/div>\n<\/div>\n<\/div>\n<\/div>\n<\/div>\n<\/div>\n<\/div>\n<div style=\"text-align: left;\" data-spm-anchor-id=\"a2700.wholesale.0.i36.304df5d1W3QwJB\"><\/div>\n<div class=\"J_module\">\n<div class=\"detail-decorate-json-renderer-container\">\n<div class=\"magic-4\">\n<div style=\"text-align: left;\" data-spm-anchor-id=\"a2700.wholesale.0.i36.304df5d1W3QwJB\"><\/div>\n<\/div>\n<\/div>\n<\/div>","protected":false},"excerpt":{"rendered":"<p>Il resurfacing di CO2 ablativo frazionale consegna il laser 10600nm in modo frazionale nella pelle, lasciando intatte le aree circostanti non trattate.<\/p>\n<p>Il laser crea punti termici microscopici sulla superficie e si svolge all'interno dei tessuti, offrendo migliorare il strettamento della pelle, macchie di et\u00e0, linee fine, cicatrici dell'acne, rimozione delle smagliature e ringiovanimento della vulva. Il tessuto non trattato aiuta ad accelerare il processo di guarigione e ringiovanire la pelle promuovendo la microcircolazione e la genesi delle nuove cellule.<\/p>\n<p>Stressamento della pelle;<br \/>\nAcne e rimozione delle cicatrici dell'acne;<br \/>\nCicatrici bruciate lisce e cicatrici chirurgiche, dermabrasione ecc-;<br \/>\nRimuovere i cloasmi intrattabili e la pigmentazione;<br \/>\nRecupero danni solari<\/p>","protected":false},"featured_media":2091,"comment_status":"open","ping_status":"closed","template":"","meta":[],"product_cat":[22],"product_tag":[],"class_list":["post-2085","product","type-product","status-publish","has-post-thumbnail","hentry","product_cat-co2-laser"],"_links":{"self":[{"href":"https:\/\/www.mlkjlasers.com\/it\/wp-json\/wp\/v2\/product\/2085","targetHints":{"allow":["GET"]}}],"collection":[{"href":"https:\/\/www.mlkjlasers.com\/it\/wp-json\/wp\/v2\/product"}],"about":[{"href":"https:\/\/www.mlkjlasers.com\/it\/wp-json\/wp\/v2\/types\/product"}],"replies":[{"embeddable":true,"href":"https:\/\/www.mlkjlasers.com\/it\/wp-json\/wp\/v2\/comments?post=2085"}],"wp:featuredmedia":[{"embeddable":true,"href":"https:\/\/www.mlkjlasers.com\/it\/wp-json\/wp\/v2\/media\/2091"}],"wp:attachment":[{"href":"https:\/\/www.mlkjlasers.com\/it\/wp-json\/wp\/v2\/media?parent=2085"}],"wp:term":[{"taxonomy":"product_cat","embeddable":true,"href":"https:\/\/www.mlkjlasers.com\/it\/wp-json\/wp\/v2\/product_cat?post=2085"},{"taxonomy":"product_tag","embeddable":true,"href":"https:\/\/www.mlkjlasers.com\/it\/wp-json\/wp\/v2\/product_tag?post=2085"}],"curies":[{"name":"wp","href":"https:\/\/api.w.org\/{rel}","templated":true}]}}