{"id":2107,"date":"2023-07-27T15:21:47","date_gmt":"2023-07-27T07:21:47","guid":{"rendered":"https:\/\/mlkjlasers.com\/?post_type=product&#038;p=2107"},"modified":"2026-01-27T10:39:05","modified_gmt":"2026-01-27T02:39:05","slug":"vertical-co2-fractional-laser-2","status":"publish","type":"product","link":"https:\/\/www.mlkjlasers.com\/it\/product\/vertical-co2-fractional-laser-2\/","title":{"rendered":"Macchina del laser frazionale del CO2 del serramento vaginale della rimozione della cicatrice del laser frazionale del CO2 portatile di 40W"},"content":{"rendered":"<div class=\"J_module\">\n<div class=\"icbu-pc-images magic-0\">\n<div class=\"flex-layout-v\"><span style=\"font-size: 14pt;\"><img fetchpriority=\"high\" decoding=\"async\" class=\"aligncenter wp-image-3659\" src=\"https:\/\/www.mlkjlasers.com\/wp-content\/uploads\/2026\/01\/co2-4.jpg\" alt=\"\" width=\"1920\" height=\"3086\" srcset=\"https:\/\/www.mlkjlasers.com\/wp-content\/uploads\/2026\/01\/co2-4.jpg 1200w, https:\/\/www.mlkjlasers.com\/wp-content\/uploads\/2026\/01\/co2-4-187x300.jpg 187w, https:\/\/www.mlkjlasers.com\/wp-content\/uploads\/2026\/01\/co2-4-637x1024.jpg 637w, https:\/\/www.mlkjlasers.com\/wp-content\/uploads\/2026\/01\/co2-4-768x1235.jpg 768w, https:\/\/www.mlkjlasers.com\/wp-content\/uploads\/2026\/01\/co2-4-956x1536.jpg 956w, https:\/\/www.mlkjlasers.com\/wp-content\/uploads\/2026\/01\/co2-4-600x965.jpg 600w\" sizes=\"(max-width: 1920px) 100vw, 1920px\" \/><\/span><\/div>\n<\/div>\n<\/div>\n<div class=\"J_module\">\n<div class=\"detail-decorate-json-renderer-container\">\n<div data-spm-anchor-id=\"a2700.wholesale.0.i36.304df5d1W3QwJB\"><span style=\"font-size: 14pt;\"><b> Safet, comodo, nessun laser di bellezza downtime<\/b> <\/span><\/div>\n<div data-spm-anchor-id=\"a2700.wholesale.0.i36.304df5d1W3QwJB\"><span style=\"font-size: 14pt;\">1. MLKJ CO2 macchina di bellezza laser frazionale uso USA importazione laser coerente, macchina di supporto <span style=\"color: #c4433c;\"><b>lavoro di lunga vita<\/b><\/span>, potenza di uscita costante. <\/span><\/div>\n<div data-spm-anchor-id=\"a2700.wholesale.0.i36.304df5d1W3QwJB\"><span style=\"font-size: 14pt;\">2. Corea importazione braccio guida leggero articolato, quasi nessuna perdita di energia, alto tasso di trasferimento di energia, <span style=\"color: #c4433c;\"><b>dopo l'uso a lungo termine, qualsiasi angolo 7 giunti, funzionamento conveniente e flessibile<\/b>.<\/span><\/span><\/div>\n<div data-spm-anchor-id=\"a2700.wholesale.0.i36.304df5d1W3QwJB\"><span style=\"font-size: 14pt;\"> 3. Modalit\u00e0 di lavoro: frazionale, taglio, ginecologia<b> <span style=\"color: #c4433c;\">Sistema 3 in 1<\/span><\/b>, consente funzioni multiple come ringiovanimento della pelle, acne, rimozione delle rughe, riparazione delle cicatrici, taglio dell'epidermide, cura vaginale, contrazione vaginale, ecc. <\/span><\/div>\n<div data-spm-anchor-id=\"a2700.wholesale.0.i36.304df5d1W3QwJB\"><span style=\"font-size: 14pt;\">4. Professionale 70W <span style=\"color: #c4433c;\"><b>nucleo laser medico<\/b>.<\/span> Al fine di prevenire danni accidentali del laser, l'interno \u00e8 dotato di dispositivi di protezione, che supportano il lavoro di lunga vita del laser.<\/span><\/div>\n<div data-spm-anchor-id=\"a2700.wholesale.0.i36.304df5d1W3QwJB\"><span style=\"font-size: 14pt;\"><img decoding=\"async\" class=\"aligncenter wp-image-3667\" src=\"https:\/\/www.mlkjlasers.com\/wp-content\/uploads\/2026\/01\/co2-12.jpg\" alt=\"\" width=\"1920\" height=\"1920\" srcset=\"https:\/\/www.mlkjlasers.com\/wp-content\/uploads\/2026\/01\/co2-12.jpg 1080w, https:\/\/www.mlkjlasers.com\/wp-content\/uploads\/2026\/01\/co2-12-300x300.jpg 300w, https:\/\/www.mlkjlasers.com\/wp-content\/uploads\/2026\/01\/co2-12-1024x1024.jpg 1024w, https:\/\/www.mlkjlasers.com\/wp-content\/uploads\/2026\/01\/co2-12-150x150.jpg 150w, https:\/\/www.mlkjlasers.com\/wp-content\/uploads\/2026\/01\/co2-12-768x768.jpg 768w, https:\/\/www.mlkjlasers.com\/wp-content\/uploads\/2026\/01\/co2-12-600x600.jpg 600w, https:\/\/www.mlkjlasers.com\/wp-content\/uploads\/2026\/01\/co2-12-100x100.jpg 100w\" sizes=\"(max-width: 1920px) 100vw, 1920px\" \/><\/span><\/div>\n<div data-spm-anchor-id=\"a2700.wholesale.0.i36.304df5d1W3QwJB\"><span style=\"font-size: 14pt;\"><b>Rimozione delle cicatrici dell'acne<\/b><\/span><br \/>\n<span style=\"font-size: 14pt;\">Riduce efficacemente le cicatrici dell'acne promuovendo la produzione di collagene e la rigenerazione della pelle.<\/span><br \/>\n<span style=\"font-size: 14pt;\">Riduzione delle rughe e anti-invecchiamento<\/span><br \/>\n<span style=\"font-size: 14pt;\">Riduce al minimo le linee fine e le rughe strengendo la pelle e stimolando la crescita di nuovo collagene.<\/span><br \/>\n<span style=\"font-size: 14pt;\"><b>Trattamento della pigmentazione<\/b><\/span><br \/>\n<span style=\"font-size: 14pt;\">Obiettivi e scompone lesioni pigmentate come macchie di et\u00e0, macchie solari e melasma.<\/span><br \/>\n<span style=\"font-size: 14pt;\"><b>Rimozione Stretch Mark<\/b><\/span><br \/>\n<span style=\"font-size: 14pt;\">Migliora l'elasticit\u00e0 e la consistenza della pelle stimolando la riparazione profonda dei tessuti, riducendo efficacemente le smagliature.<\/span><br \/>\n<span style=\"font-size: 14pt;\"><b>Stressamento e resurfacing della pelle<\/b><\/span><br \/>\n<span style=\"font-size: 14pt;\">Migliora la fermezza e la morbidezza della pelle rimuovendo gli strati della pelle danneggiati e promuovendo il rinnovamento cellulare.<\/span><br \/>\n<span style=\"font-size: 14pt;\"><b>Cicatrici e Trattamento dei Marchi Chirurgici<\/b><\/span><br \/>\n<span style=\"font-size: 14pt;\">Riduce la visibilit\u00e0 di cicatrici chirurgiche, lesioni e keloidi attraverso l'ablazione laser precisa e la guarigione.<\/span><\/div>\n<div data-spm-anchor-id=\"a2700.wholesale.0.i36.304df5d1W3QwJB\"><span style=\"font-size: 14pt;\"><img decoding=\"async\" class=\"aligncenter wp-image-3669\" src=\"https:\/\/www.mlkjlasers.com\/wp-content\/uploads\/2026\/01\/co2-14.jpg\" alt=\"\" width=\"1920\" height=\"1451\" srcset=\"https:\/\/www.mlkjlasers.com\/wp-content\/uploads\/2026\/01\/co2-14.jpg 1200w, https:\/\/www.mlkjlasers.com\/wp-content\/uploads\/2026\/01\/co2-14-300x227.jpg 300w, https:\/\/www.mlkjlasers.com\/wp-content\/uploads\/2026\/01\/co2-14-1024x774.jpg 1024w, https:\/\/www.mlkjlasers.com\/wp-content\/uploads\/2026\/01\/co2-14-768x580.jpg 768w, https:\/\/www.mlkjlasers.com\/wp-content\/uploads\/2026\/01\/co2-14-600x454.jpg 600w\" sizes=\"(max-width: 1920px) 100vw, 1920px\" \/><\/span><\/div>\n<div data-spm-anchor-id=\"a2700.wholesale.0.i36.304df5d1W3QwJB\"><span style=\"font-size: 14pt;\"><b>Sei teste<\/b> Forniamo 6 teste di trattamento, <b><span style=\"color: #085275;\">Una testa di scansione importata dalla Germania<\/span><\/b> <span style=\"color: #06515d;\"><b>Due teste di taglio Tre teste di trattamento private<\/b><\/span><br \/>\nLa testa di scansione \u00e8 utilizzata per la pelle tenera, per ridurre i pori, per rimuovere striae gravidarum e cloasma<br \/>\nLa testa di taglio viene utilizzata per rimuovere il sarcoma\/nevus<br \/>\nLa testa privata viene utilizzata per stringere la vagina, la vulva tenera, la vulva tenera<\/span><\/div>\n<div data-spm-anchor-id=\"a2700.wholesale.0.i36.304df5d1W3QwJB\"><span style=\"font-size: 14pt;\"><img loading=\"lazy\" decoding=\"async\" class=\"aligncenter wp-image-3671\" src=\"https:\/\/www.mlkjlasers.com\/wp-content\/uploads\/2026\/01\/co2-16.jpg\" alt=\"\" width=\"1920\" height=\"1963\" srcset=\"https:\/\/www.mlkjlasers.com\/wp-content\/uploads\/2026\/01\/co2-16.jpg 1200w, https:\/\/www.mlkjlasers.com\/wp-content\/uploads\/2026\/01\/co2-16-293x300.jpg 293w, https:\/\/www.mlkjlasers.com\/wp-content\/uploads\/2026\/01\/co2-16-1001x1024.jpg 1001w, https:\/\/www.mlkjlasers.com\/wp-content\/uploads\/2026\/01\/co2-16-768x785.jpg 768w, https:\/\/www.mlkjlasers.com\/wp-content\/uploads\/2026\/01\/co2-16-600x614.jpg 600w\" sizes=\"(max-width: 1920px) 100vw, 1920px\" \/><\/span><\/div>\n<div data-spm-anchor-id=\"a2700.wholesale.0.i36.304df5d1W3QwJB\">\n<p><span style=\"font-size: 14pt;\"> Il laser frazionato MLKJ utilizza componenti principali importati e pi\u00f9 su una singola tecnologia, la grafica \u00e8 pi\u00f9 standard, i puntini sono pi\u00f9 piccoli e la disposizione \u00e8 pi\u00f9 uniforme, risultati clinici migliori, ogni minuscola colonna frazionata riepitelizza tipicamente entro un giorno. <\/span><\/p>\n<div><span style=\"font-size: 14pt;\"><b><span style=\"color: #c4433c;\">Ci\u00f2 riduce al minimo il rischio di cicatrici, infezioni o cambiamenti di pigmentazione a lungo termine.<\/span><\/b><\/span><\/div>\n<div><span style=\"font-size: 14pt;\"><img loading=\"lazy\" decoding=\"async\" class=\"aligncenter wp-image-3673\" src=\"https:\/\/www.mlkjlasers.com\/wp-content\/uploads\/2026\/01\/co2-18.jpg\" alt=\"\" width=\"1920\" height=\"2203\" srcset=\"https:\/\/www.mlkjlasers.com\/wp-content\/uploads\/2026\/01\/co2-18.jpg 1200w, https:\/\/www.mlkjlasers.com\/wp-content\/uploads\/2026\/01\/co2-18-261x300.jpg 261w, https:\/\/www.mlkjlasers.com\/wp-content\/uploads\/2026\/01\/co2-18-892x1024.jpg 892w, https:\/\/www.mlkjlasers.com\/wp-content\/uploads\/2026\/01\/co2-18-768x881.jpg 768w, https:\/\/www.mlkjlasers.com\/wp-content\/uploads\/2026\/01\/co2-18-600x689.jpg 600w\" sizes=\"(max-width: 1920px) 100vw, 1920px\" \/><\/span><\/div>\n<div><span style=\"font-size: 14pt;\"><b>Resurfacing della pelle di alta precisione <\/b><\/span><br \/>\n<span style=\"font-size: 14pt;\">Fornisce precisi raggi laser per colpire la pelle danneggiata, promuovendo la guarigione naturale e il collagene<\/span><br \/>\n<span style=\"font-size: 14pt;\">rigenerazione.<\/span><br \/>\n<span style=\"font-size: 14pt;\"><b>Modalit\u00e0 di trattamento multifunzionale<\/b><\/span><br \/>\n<span style=\"font-size: 14pt;\">Livelli di energia regolabili e modelli di scansione per trattamenti personalizzati, comprese le cicatrici,<\/span><br \/>\n<span style=\"font-size: 14pt;\">rughe, pigmentazione, stimola la produzione di collagene per il ringiovanimento della pelle a lungo termine, riducendo le linee fine, le cicatrici dell'acne e i danni del sole.<\/span><br \/>\n<span style=\"font-size: 14pt;\"><b>Sistema di raffreddamento innovativo<\/b><\/span><br \/>\n<span style=\"font-size: 14pt;\">Assicura il comfort del paziente durante i trattamenti proteggendo la pelle&#8217; superficie da danni termici.<\/span><br \/>\n<span style=\"font-size: 14pt;\"><b>Interfaccia user friendly<\/b><\/span><br \/>\n<span style=\"font-size: 14pt;\">Interfaccia touchscreen intuitiva per un facile utilizzo, adatta sia per professionisti esperti che per principianti.<\/span><br \/>\n<span style=\"font-size: 14pt;\"><b>Sicuro e certificato<\/b><\/span><br \/>\n<span style=\"font-size: 14pt;\">Approvato CE, garantendo elevati standard di sicurezza e prestazioni per tutti i tipi di pelle.<\/span><\/div>\n<div><span style=\"font-size: 14pt;\"><img loading=\"lazy\" decoding=\"async\" class=\"aligncenter size-full wp-image-3674\" src=\"https:\/\/www.mlkjlasers.com\/wp-content\/uploads\/2026\/01\/co2-19.jpg\" alt=\"\" width=\"1920\" height=\"1080\" srcset=\"https:\/\/www.mlkjlasers.com\/wp-content\/uploads\/2026\/01\/co2-19.jpg 1920w, https:\/\/www.mlkjlasers.com\/wp-content\/uploads\/2026\/01\/co2-19-300x169.jpg 300w, https:\/\/www.mlkjlasers.com\/wp-content\/uploads\/2026\/01\/co2-19-1024x576.jpg 1024w, https:\/\/www.mlkjlasers.com\/wp-content\/uploads\/2026\/01\/co2-19-768x432.jpg 768w, https:\/\/www.mlkjlasers.com\/wp-content\/uploads\/2026\/01\/co2-19-1536x864.jpg 1536w, https:\/\/www.mlkjlasers.com\/wp-content\/uploads\/2026\/01\/co2-19-600x338.jpg 600w\" sizes=\"(max-width: 1920px) 100vw, 1920px\" \/><\/span><\/div>\n<div><span style=\"font-size: 14pt;\">Effetto del trattamento<\/span><\/div>\n<div><span style=\"font-size: 14pt;\"><img loading=\"lazy\" decoding=\"async\" class=\"aligncenter wp-image-3672\" src=\"https:\/\/www.mlkjlasers.com\/wp-content\/uploads\/2026\/01\/co2-17.jpg\" alt=\"\" width=\"1920\" height=\"1373\" srcset=\"https:\/\/www.mlkjlasers.com\/wp-content\/uploads\/2026\/01\/co2-17.jpg 1200w, https:\/\/www.mlkjlasers.com\/wp-content\/uploads\/2026\/01\/co2-17-300x215.jpg 300w, https:\/\/www.mlkjlasers.com\/wp-content\/uploads\/2026\/01\/co2-17-1024x732.jpg 1024w, https:\/\/www.mlkjlasers.com\/wp-content\/uploads\/2026\/01\/co2-17-768x549.jpg 768w, https:\/\/www.mlkjlasers.com\/wp-content\/uploads\/2026\/01\/co2-17-600x429.jpg 600w\" sizes=\"(max-width: 1920px) 100vw, 1920px\" \/><\/span><\/div>\n<div><span style=\"font-size: 14pt;\"> Per ulteriori informazioni su questa macchina, si prega di inviare una richiesta e contattarci, <span style=\"color: #c4433c;\"><b>Servizio online 24 ore su 24.<\/b><\/span><\/span><\/div>\n<\/div>\n<div data-spm-anchor-id=\"a2700.wholesale.0.i36.304df5d1W3QwJB\"><\/div>\n<\/div>\n<\/div>","protected":false},"excerpt":{"rendered":"<p><span style=\"font-family: helvetica, arial, sans-serif;\">1) Rimuovere l'acne, la cicatrice dell'acne, la cicatrice e cos\u00ec via; <\/span><\/p>\n<p><span style=\"font-family: helvetica, arial, sans-serif;\">2) Dispel rughe intorno agli occhi, corvo&#8217; s-piedi, e rughe formate dalla mancanza di acqua; <\/span><\/p>\n<p><span style=\"font-family: helvetica, arial, sans-serif;\">3) ridurre efficacemente le rughe sul viso, sulla fronte, sulle articolazioni e striae gravidarum; <\/span><\/p>\n<p><span style=\"font-family: helvetica, arial, sans-serif;\">4) Dispel freckle, nevus zygomaticus e altre macchie formate da cambiamenti patologici ipercromici; <\/span><\/p>\n<p><span style=\"font-family: helvetica, arial, sans-serif;\">5) Tendere la pelle e sollevare la faccia; <\/span><\/p>\n<p><span style=\"font-family: helvetica, arial, sans-serif;\">6) Rimuovere striae gravidarum e altre cicatrici profonde <\/span><\/p>\n<p><span style=\"font-family: helvetica, arial, sans-serif;\">7) rimozione del sarcoma<\/span><\/p>\n<p><span style=\"font-family: helvetica, arial, sans-serif;\">8) funzione di serratura vaginale facoltativa\u00a0<\/span><\/p>","protected":false},"featured_media":3656,"comment_status":"open","ping_status":"closed","template":"","meta":[],"product_cat":[22],"product_tag":[],"class_list":["post-2107","product","type-product","status-publish","has-post-thumbnail","hentry","product_cat-co2-laser"],"_links":{"self":[{"href":"https:\/\/www.mlkjlasers.com\/it\/wp-json\/wp\/v2\/product\/2107","targetHints":{"allow":["GET"]}}],"collection":[{"href":"https:\/\/www.mlkjlasers.com\/it\/wp-json\/wp\/v2\/product"}],"about":[{"href":"https:\/\/www.mlkjlasers.com\/it\/wp-json\/wp\/v2\/types\/product"}],"replies":[{"embeddable":true,"href":"https:\/\/www.mlkjlasers.com\/it\/wp-json\/wp\/v2\/comments?post=2107"}],"wp:featuredmedia":[{"embeddable":true,"href":"https:\/\/www.mlkjlasers.com\/it\/wp-json\/wp\/v2\/media\/3656"}],"wp:attachment":[{"href":"https:\/\/www.mlkjlasers.com\/it\/wp-json\/wp\/v2\/media?parent=2107"}],"wp:term":[{"taxonomy":"product_cat","embeddable":true,"href":"https:\/\/www.mlkjlasers.com\/it\/wp-json\/wp\/v2\/product_cat?post=2107"},{"taxonomy":"product_tag","embeddable":true,"href":"https:\/\/www.mlkjlasers.com\/it\/wp-json\/wp\/v2\/product_tag?post=2107"}],"curies":[{"name":"wp","href":"https:\/\/api.w.org\/{rel}","templated":true}]}}