{"id":2163,"date":"2023-08-01T09:19:35","date_gmt":"2023-08-01T01:19:35","guid":{"rendered":"https:\/\/mlkjlasers.com\/?post_type=product&#038;p=2163"},"modified":"2026-01-23T13:54:51","modified_gmt":"2026-01-23T05:54:51","slug":"q-switched-nd-yag-laser-tattoo-removal-machine","status":"publish","type":"product","link":"https:\/\/www.mlkjlasers.com\/it\/product\/q-switched-nd-yag-laser-tattoo-removal-machine\/","title":{"rendered":"Macchina di rimozione del tatuaggio del laser Nd Yag Q-commutata di rimozione del tatuaggio del laser Picosecond"},"content":{"rendered":"<div class=\"J_module\">\n<div class=\"icbu-pc-images magic-0\">\n<div class=\"flex-layout-v\">\n<div class=\"flex-layout-h magic-0\">\n<div class=\"magic-1\"><\/div>\n<div class=\"magic-1\"><span style=\"color: #000000; font-family: helvetica, arial, sans-serif; font-size: 14pt;\"><img fetchpriority=\"high\" decoding=\"async\" class=\"magic-2 aligncenter\" src=\"https:\/\/sc04.alicdn.com\/kf\/H153b63e9a4d1430ea58d382a21a00b81i\/201077653\/H153b63e9a4d1430ea58d382a21a00b81i.jpg\" width=\"1594\" height=\"706\" data-src=\"\/\/sc04.alicdn.com\/kf\/H153b63e9a4d1430ea58d382a21a00b81i\/201077653\/H153b63e9a4d1430ea58d382a21a00b81i.jpg\" \/><\/span><\/div>\n<\/div>\n<\/div>\n<\/div>\n<\/div>\n<div class=\"J_module\">\n<div class=\"detail-decorate-json-renderer-container\">\n<div class=\"magic-3\">\n<div class=\"magic-4\">\n<div class=\"magic-5\">\n<div class=\"magic-6\">\n<div><\/div>\n<\/div>\n<div><span style=\"color: #000000; font-family: helvetica, arial, sans-serif; font-size: 14pt;\">Sei un salone di bellezza? Distributore? O una societ\u00e0 commerciale?<\/span><\/div>\n<div class=\"magic-6\">\n<div class=\"magic-7\"><\/div>\n<div class=\"magic-7\"><span style=\"color: #000000; font-family: helvetica, arial, sans-serif; font-size: 14pt;\"><b><span class=\"magic-9\">Hai bisogno di OEM o ODM per i prodotti?<\/span><\/b><\/span><\/div>\n<div class=\"magic-7\"><span style=\"color: #000000; font-family: helvetica, arial, sans-serif; font-size: 14pt;\">La nostra fabbrica fornisce OEM &amp; amp; Servizi ODM.<\/span><\/div>\n<div class=\"magic-7\"><span style=\"color: #000000; font-family: helvetica, arial, sans-serif; font-size: 14pt;\"><b><span class=\"magic-9\">Si prega di inviarci la richiesta per conoscere i prezzi pi\u00f9 recenti, 24h on line!<\/span><\/b><\/span><\/div>\n<\/div>\n<\/div>\n<\/div>\n<\/div>\n<\/div>\n<\/div>\n<div class=\"magic-10\" data-section=\"AliMagic-vqm1z1\" data-section-title=\"Product Information\"><\/div>\n<div data-section=\"AliMagic-vqm1z1\" data-section-title=\"Product Information\"><\/div>\n<div class=\"J_module\">\n<div class=\"icbu-pc-images magic-0\">\n<div>\n<div class=\"flex-layout-v\">\n<div class=\"flex-layout-h magic-0\">\n<div class=\"magic-11\"><span style=\"color: #000000; font-family: helvetica, arial, sans-serif; font-size: 14pt;\"><img decoding=\"async\" class=\"magic-12 aligncenter\" src=\"https:\/\/sc04.alicdn.com\/kf\/Hfdde0b4367c841ba8c4c189758bf5509a\/201077653\/Hfdde0b4367c841ba8c4c189758bf5509a.jpg\" alt=\"\" width=\"1566\" height=\"921\" data-src=\"\/\/sc04.alicdn.com\/kf\/Hfdde0b4367c841ba8c4c189758bf5509a\/201077653\/Hfdde0b4367c841ba8c4c189758bf5509a.jpg\" \/><\/span><\/div>\n<\/div>\n<\/div>\n<\/div>\n<\/div>\n<\/div>\n<div class=\"J_module\">\n<div class=\"icbu-pc-images magic-0\">\n<div>\n<div class=\"flex-layout-v\">\n<div class=\"flex-layout-h magic-0\">\n<div class=\"magic-13\"><span style=\"color: #000000; font-family: helvetica, arial, sans-serif; font-size: 14pt;\"><img decoding=\"async\" class=\"magic-14 aligncenter\" src=\"https:\/\/sc04.alicdn.com\/kf\/H56eb6dd3d00e400ea57ef01a283882f3U\/201077653\/H56eb6dd3d00e400ea57ef01a283882f3U.jpg\" width=\"1584\" height=\"1234\" data-src=\"\/\/sc04.alicdn.com\/kf\/H56eb6dd3d00e400ea57ef01a283882f3U\/201077653\/H56eb6dd3d00e400ea57ef01a283882f3U.jpg\" \/><\/span><\/div>\n<\/div>\n<\/div>\n<\/div>\n<\/div>\n<\/div>\n<div class=\"J_module\">\n<div class=\"detail-decorate-json-renderer-container\">\n<div class=\"magic-3\">\n<div class=\"magic-4\">\n<div class=\"magic-5\">\n<div class=\"magic-6\">\n<p><span class=\"magic-15\" style=\"color: #000000; font-family: helvetica, arial, sans-serif; font-size: 14pt;\"><span class=\"magic-8\"><b class=\"magic-16\"><span class=\"magic-16\">Qualit\u00e0 artigianale, riflettere i dettagli estremi <\/span><\/b><\/span><\/span><\/p>\n<div><span class=\"magic-8\" style=\"color: #000000; font-family: helvetica, arial, sans-serif; font-size: 14pt;\"><b>Progettazione razionale <\/b><\/span><\/div>\n<div><span class=\"magic-8\" style=\"color: #000000; font-family: helvetica, arial, sans-serif; font-size: 14pt;\">1. Il prodotto ha un aspetto nuovo ed \u00e8 principalmente venduto come modello caldo <\/span><\/div>\n<div><span class=\"magic-8\" style=\"color: #000000; font-family: helvetica, arial, sans-serif; font-size: 14pt;\">2. staffa maniglia regolabile, forte e durevole <\/span><\/div>\n<div><span class=\"magic-8\" style=\"color: #000000; font-family: helvetica, arial, sans-serif; font-size: 14pt;\">3. Maniglia antiscivolo, design ergonomico <\/span><\/div>\n<div><span class=\"magic-8\" style=\"color: #000000; font-family: helvetica, arial, sans-serif; font-size: 14pt;\">4. tubo di collegamento del trattamento esteso<\/span><\/div>\n<\/div>\n<\/div>\n<\/div>\n<div><\/div>\n<\/div>\n<\/div>\n<\/div>\n<div class=\"J_module\">\n<div class=\"icbu-pc-images magic-0\">\n<div>\n<div class=\"flex-layout-v\">\n<div class=\"flex-layout-h magic-0\">\n<div class=\"magic-17\"><\/div>\n<div class=\"magic-17\"><span style=\"color: #000000; font-family: helvetica, arial, sans-serif; font-size: 14pt;\"><img loading=\"lazy\" decoding=\"async\" class=\"magic-18 aligncenter\" src=\"https:\/\/sc04.alicdn.com\/kf\/Hfbb2f24ff848486c9c9d30d522d4208ab\/201077653\/Hfbb2f24ff848486c9c9d30d522d4208ab.jpg\" width=\"1539\" height=\"1539\" data-src=\"\/\/sc04.alicdn.com\/kf\/Hfbb2f24ff848486c9c9d30d522d4208ab\/201077653\/Hfbb2f24ff848486c9c9d30d522d4208ab.jpg\" \/><\/span><\/div>\n<div class=\"magic-19\"><\/div>\n<\/div>\n<\/div>\n<\/div>\n<\/div>\n<\/div>\n<div class=\"J_module\">\n<div class=\"detail-decorate-json-renderer-container\">\n<div class=\"magic-3\">\n<div class=\"magic-4\">\n<div class=\"magic-5\">\n<div><\/div>\n<div class=\"magic-6\"><span style=\"font-size: 14pt;\"><span class=\"magic-8\" style=\"color: #000000; font-family: helvetica, arial, sans-serif;\"><b class=\"magic-20\"><span class=\"magic-16\">Dimensione pi\u00f9 piccola<\/span> <\/b><br \/>\n<\/span><span style=\"font-family: helvetica, arial, sans-serif;\">Dimensione pi\u00f9 piccola 1. Adottare componenti principali di attrezzature mediche. Le dimensioni della macchina sono pi\u00f9 piccole. <\/span><span style=\"font-family: helvetica, arial, sans-serif;\">2. Trasporto transfrontaliero inferiore rispetto alle macchine ordinarie. <\/span><span style=\"font-family: helvetica, arial, sans-serif;\">3. La maniglia \u00e8 pi\u00f9 piccola e pi\u00f9 conveniente da usare<\/span><\/span><\/p>\n<div>\n<div><\/div>\n<\/div>\n<\/div>\n<\/div>\n<\/div>\n<\/div>\n<\/div>\n<\/div>\n<div class=\"J_module\">\n<div class=\"icbu-pc-images magic-0\">\n<div>\n<div class=\"flex-layout-v\">\n<div class=\"flex-layout-h magic-0\">\n<div class=\"magic-21\"><span style=\"color: #000000; font-family: helvetica, arial, sans-serif; font-size: 14pt;\"><img loading=\"lazy\" decoding=\"async\" class=\"magic-22 aligncenter\" src=\"https:\/\/sc04.alicdn.com\/kf\/Hac1ea86853e74444ac97c981943bc883R\/201077653\/Hac1ea86853e74444ac97c981943bc883R.png\" width=\"1559\" height=\"1559\" data-src=\"\/\/sc04.alicdn.com\/kf\/Hac1ea86853e74444ac97c981943bc883R\/201077653\/Hac1ea86853e74444ac97c981943bc883R.png\" \/><\/span><\/div>\n<\/div>\n<\/div>\n<\/div>\n<\/div>\n<\/div>\n<div class=\"J_module\">\n<div id=\"ali-anchor-AliMagic-mrz24u\" class=\"magic-10\" data-section=\"AliMagic-mrz24u\" data-section-title=\"About Handle\"><\/div>\n<\/div>\n<div class=\"J_module\">\n<div class=\"icbu-pc-images magic-0\">\n<div>\n<div class=\"flex-layout-v\">\n<div class=\"flex-layout-h magic-0\">\n<div class=\"magic-21\"><span style=\"color: #000000; font-family: helvetica, arial, sans-serif; font-size: 14pt;\"><img loading=\"lazy\" decoding=\"async\" class=\"magic-22 aligncenter\" src=\"https:\/\/sc04.alicdn.com\/kf\/Hae0e2ad7c5114325b8e680d60a90906ej\/201077653\/Hae0e2ad7c5114325b8e680d60a90906ej.jpg\" width=\"1561\" height=\"1561\" data-src=\"\/\/sc04.alicdn.com\/kf\/Hae0e2ad7c5114325b8e680d60a90906ej\/201077653\/Hae0e2ad7c5114325b8e680d60a90906ej.jpg\" \/><\/span><\/div>\n<\/div>\n<\/div>\n<\/div>\n<\/div>\n<\/div>\n<div class=\"J_module\">\n<div class=\"detail-decorate-json-renderer-container\">\n<div class=\"magic-3\">\n<div class=\"magic-4\">\n<div class=\"magic-5\">\n<div class=\"magic-6\">\n<div>\n<p><span style=\"font-family: helvetica, arial, sans-serif; font-size: 14pt;\">5 teste di trattamento, disegno di filo esterno staccabile e rotabile <\/span><\/p>\n<p><span style=\"font-family: helvetica, arial, sans-serif; font-size: 14pt;\">1. 532: Rimuovere tatuaggi colorati. <\/span><\/p>\n<p><span style=\"font-family: helvetica, arial, sans-serif; font-size: 14pt;\">2. 755 testa di nido d'ape: usato per rimuovere macchie di et\u00e0, frecce e cloasma. piccoli danni alla pelle <\/span><\/p>\n<p><span style=\"font-family: helvetica, arial, sans-serif; font-size: 14pt;\">3. Parametro regolabile 1064: per la rimozione del tatuaggio, cancellazione delle sopracciglia <\/span><\/p>\n<p><span style=\"font-family: helvetica, arial, sans-serif; font-size: 14pt;\">4. Parametro non regolabile 1064: utilizzato per rimuovere tatuaggi e cancellare sopracciglia <\/span><\/p>\n<p><span style=\"font-family: helvetica, arial, sans-serif; font-size: 14pt;\">5. 1320: trattamento di grande area, grande punto, velocit\u00e0 di fasttreatment e buon effetto<\/span><\/p>\n<div><\/div>\n<\/div>\n<\/div>\n<\/div>\n<\/div>\n<\/div>\n<\/div>\n<\/div>\n<div class=\"J_module\">\n<div class=\"icbu-pc-images magic-0\">\n<div>\n<div class=\"flex-layout-v\">\n<div class=\"flex-layout-h magic-0\">\n<div class=\"magic-23\"><span style=\"color: #000000; font-family: helvetica, arial, sans-serif; font-size: 14pt;\"><img loading=\"lazy\" decoding=\"async\" class=\"magic-24 aligncenter\" src=\"https:\/\/sc04.alicdn.com\/kf\/Hec55127115274ca6aaacae52ebf9154fz\/201077653\/Hec55127115274ca6aaacae52ebf9154fz.jpg\" width=\"1587\" height=\"560\" data-src=\"\/\/sc04.alicdn.com\/kf\/Hec55127115274ca6aaacae52ebf9154fz\/201077653\/Hec55127115274ca6aaacae52ebf9154fz.jpg\" \/><\/span><\/div>\n<\/div>\n<\/div>\n<\/div>\n<\/div>\n<\/div>\n<div class=\"J_module\">\n<div class=\"detail-decorate-json-renderer-container\">\n<div class=\"magic-3\">\n<div class=\"magic-4\">\n<div class=\"magic-5\">\n<div class=\"magic-6\">\n<p>&nbsp;<\/p>\n<p><span class=\"magic-8\" style=\"color: #000000; font-family: helvetica, arial, sans-serif; font-size: 14pt;\"><b>La massima energia, il miglior effetto <\/b><\/span><\/p>\n<div><span class=\"magic-8\" style=\"color: #000000; font-family: helvetica, arial, sans-serif; font-size: 14pt;\">1. I dati di laboratorio mostrano che l'asta laser raggiunge 2000mj. <\/span><\/div>\n<div><span class=\"magic-8\" style=\"color: #000000; font-family: helvetica, arial, sans-serif; font-size: 14pt;\">2. Calcolo preciso del valore laser <\/span><\/div>\n<div><span class=\"magic-8\" style=\"color: #000000; font-family: helvetica, arial, sans-serif; font-size: 14pt;\">3. La distanza di mira della luce indicatore \u00e8 6-10cm<\/span><\/div>\n<div><\/div>\n<\/div>\n<\/div>\n<\/div>\n<\/div>\n<\/div>\n<\/div>\n<div class=\"J_module\">\n<div class=\"icbu-pc-images magic-0\">\n<div>\n<div class=\"flex-layout-v\">\n<div class=\"flex-layout-h magic-0\">\n<div class=\"magic-11\"><span style=\"color: #000000; font-family: helvetica, arial, sans-serif; font-size: 14pt;\"><img loading=\"lazy\" decoding=\"async\" class=\"magic-12 aligncenter\" src=\"https:\/\/sc04.alicdn.com\/kf\/H2d1d4dbf954d4b40a3c6d6d3765d48c83\/201077653\/H2d1d4dbf954d4b40a3c6d6d3765d48c83.jpg\" width=\"1557\" height=\"916\" data-src=\"\/\/sc04.alicdn.com\/kf\/H2d1d4dbf954d4b40a3c6d6d3765d48c83\/201077653\/H2d1d4dbf954d4b40a3c6d6d3765d48c83.jpg\" \/><\/span><\/div>\n<div><span style=\"color: #000000; font-family: helvetica, arial, sans-serif; font-size: 14pt;\">Meccanismo a cassetta Q-switch in pietra importato, l'intero laser solido, senza sostituire Q-switch.<\/span><\/div>\n<\/div>\n<\/div>\n<\/div>\n<\/div>\n<\/div>\n<div class=\"J_module\">\n<div class=\"detail-decorate-json-renderer-container\">\n<div class=\"magic-3\">\n<div class=\"magic-4\">\n<div class=\"magic-5\">\n<div class=\"magic-6\">\n<div><span class=\"magic-8\" style=\"color: #000000; font-family: helvetica, arial, sans-serif; font-size: 14pt;\"><b>Rimozione del tatuaggio. Rimuovere i pigmenti del tatuaggio nero, blu, marrone e rosso sulle sopracciglia, sulla linea degli occhi, sulla linea delle labbra e su altre parti del corpo Rimuovere il segno di nascita, l'otas nevus e la macchia dermica.<\/b> Una soluzione alla avariet\u00e0 dei problemi della pelle.<\/span><\/div>\n<div><\/div>\n<\/div>\n<\/div>\n<\/div>\n<\/div>\n<\/div>\n<\/div>\n<div class=\"J_module\">\n<div class=\"icbu-pc-images magic-0\">\n<div>\n<div class=\"flex-layout-v\">\n<div class=\"flex-layout-h magic-0\">\n<div class=\"magic-25\"><span style=\"color: #000000; font-family: helvetica, arial, sans-serif; font-size: 14pt;\"><img loading=\"lazy\" decoding=\"async\" class=\"magic-26 aligncenter\" src=\"https:\/\/sc04.alicdn.com\/kf\/HTB19sJsXIfrK1RjSszcq6xGGFXaR\/201077653\/HTB19sJsXIfrK1RjSszcq6xGGFXaR.jpg\" width=\"1557\" height=\"809\" data-src=\"\/\/sc04.alicdn.com\/kf\/HTB19sJsXIfrK1RjSszcq6xGGFXaR\/201077653\/HTB19sJsXIfrK1RjSszcq6xGGFXaR.jpg\" \/><\/span><\/div>\n<\/div>\n<\/div>\n<\/div>\n<\/div>\n<\/div>\n<div class=\"J_module\">\n<div id=\"ali-anchor-AliMagic-iv9uij\" class=\"magic-10\" data-section=\"AliMagic-iv9uij\" data-section-title=\"Screen Display\"><\/div>\n<\/div>\n<div class=\"J_module\">\n<div class=\"icbu-pc-images magic-0\">\n<div>\n<div class=\"flex-layout-v\">\n<div class=\"flex-layout-h magic-0\">\n<div class=\"magic-34\"><span style=\"color: #000000; font-family: helvetica, arial, sans-serif; font-size: 14pt;\"><img loading=\"lazy\" decoding=\"async\" class=\"magic-35 aligncenter\" src=\"https:\/\/sc04.alicdn.com\/kf\/Hbc837a1d73274b2cba11b04c00e271abd\/201077653\/Hbc837a1d73274b2cba11b04c00e271abd.jpg\" width=\"1589\" height=\"1207\" data-src=\"\/\/sc04.alicdn.com\/kf\/Hbc837a1d73274b2cba11b04c00e271abd\/201077653\/Hbc837a1d73274b2cba11b04c00e271abd.jpg\" data-spm-anchor-id=\"a2700.wholesale.0.i55.5f0f3c62M7tBsi\" \/><\/span><\/div>\n<\/div>\n<\/div>\n<\/div>\n<\/div>\n<\/div>\n<div class=\"J_module\">\n<div class=\"detail-decorate-json-renderer-container\">\n<div class=\"magic-3\">\n<div class=\"magic-4\">\n<div class=\"magic-5\">\n<div class=\"magic-6\" data-spm-anchor-id=\"a2700.wholesale.0.i54.5f0f3c62M7tBsi\"><span class=\"magic-8\" style=\"color: #000000; font-family: helvetica, arial, sans-serif; font-size: 14pt;\">&#8211; grande schermo touch a colori veri da 10 pollici<br \/>\n&#8211; Stampa qualsiasi colore. Stampa il tuo<b> logo<\/b> sulla macchina.<br \/>\n&#8211; Aggiungi qualsiasi <b>lingua<\/b> nel sistema della macchina.<br \/>\n&#8211; Design esclusivo <b>conchiglia macchina <\/b>per voi, forma il vostro marchio nel mercato.<br \/>\n&#8211; Progettazione nuova <b>interfaccia e sistema<\/b> della macchina, renderlo pi\u00f9 conveniente a voi e ai vostri clienti.<\/span><\/div>\n<\/div>\n<\/div>\n<\/div>\n<\/div>\n<\/div>\n<div data-spm-anchor-id=\"a2700.wholesale.0.i54.5f0f3c62M7tBsi\"><\/div>\n<div data-spm-anchor-id=\"a2700.wholesale.0.i54.5f0f3c62M7tBsi\"><\/div>\n<div data-spm-anchor-id=\"a2700.wholesale.0.i54.5f0f3c62M7tBsi\"><span style=\"font-size: 14pt;\"><em><strong><span style=\"font-family: helvetica, arial, sans-serif;\"><span class=\"src\" data-group=\"0-0\">18 anni di fabbricazione professionale di euqipment di bellezza in varie funzioni.<\/span><span class=\"src\" data-group=\"0-1\"> Servizio di formazione individuale. Contattaci ora!<\/span><\/span><\/strong><\/em><\/span><\/div>\n<div data-spm-anchor-id=\"a2700.wholesale.0.i54.5f0f3c62M7tBsi\"><\/div>\n<div data-spm-anchor-id=\"a2700.wholesale.0.i54.5f0f3c62M7tBsi\"><\/div>","protected":false},"excerpt":{"rendered":"<p><span style=\"font-family: helvetica, arial, sans-serif;\">* Il pi\u00f9 nuovo laser portatile picosecond, oltre alle teste laser normali, aggiunge anche teste laser picosecond di 755nm, che possono ottenere uno strato pi\u00f9 profondo della pelle e fare un effetto molto buono per tutti i tipi di frecce: come il cloasma, il pigmento dell'et\u00e0, ecc.<\/span><\/p>\n<p><span style=\"font-family: helvetica, arial, sans-serif;\">* 1064nm, testa 532nm pu\u00f2 fare rimozione tatuaggio, rimozione eyeline, ecc.<\/span><\/p>\n<p><span style=\"font-family: helvetica, arial, sans-serif;\">* 1320nm pu\u00f2 fare sbiancamento della pelle della bambola nera.<\/span><\/p>\n<p><span style=\"font-family: helvetica, arial, sans-serif;\">* Nessun danno alla pelle e al follicolo piloso; nessun rischio di cicatrici. trattamento indolore, poco effetto collaterale.<\/span><\/p>\n<p><span style=\"font-family: helvetica, arial, sans-serif;\">*<span class=\"src\" data-group=\"0-0\">15 anni di fabbricazione professionale di euqipment di bellezza in varie funzioni.<\/span><span class=\"src\" data-group=\"0-1\"> Servizio di formazione individuale.<\/span><\/span><\/p>","protected":false},"featured_media":2185,"comment_status":"open","ping_status":"closed","template":"","meta":[],"product_cat":[24],"product_tag":[],"class_list":["post-2163","product","type-product","status-publish","has-post-thumbnail","hentry","product_cat-nd-yag-laser"],"_links":{"self":[{"href":"https:\/\/www.mlkjlasers.com\/it\/wp-json\/wp\/v2\/product\/2163","targetHints":{"allow":["GET"]}}],"collection":[{"href":"https:\/\/www.mlkjlasers.com\/it\/wp-json\/wp\/v2\/product"}],"about":[{"href":"https:\/\/www.mlkjlasers.com\/it\/wp-json\/wp\/v2\/types\/product"}],"replies":[{"embeddable":true,"href":"https:\/\/www.mlkjlasers.com\/it\/wp-json\/wp\/v2\/comments?post=2163"}],"wp:featuredmedia":[{"embeddable":true,"href":"https:\/\/www.mlkjlasers.com\/it\/wp-json\/wp\/v2\/media\/2185"}],"wp:attachment":[{"href":"https:\/\/www.mlkjlasers.com\/it\/wp-json\/wp\/v2\/media?parent=2163"}],"wp:term":[{"taxonomy":"product_cat","embeddable":true,"href":"https:\/\/www.mlkjlasers.com\/it\/wp-json\/wp\/v2\/product_cat?post=2163"},{"taxonomy":"product_tag","embeddable":true,"href":"https:\/\/www.mlkjlasers.com\/it\/wp-json\/wp\/v2\/product_tag?post=2163"}],"curies":[{"name":"wp","href":"https:\/\/api.w.org\/{rel}","templated":true}]}}