{"id":222,"date":"2023-05-29T16:11:20","date_gmt":"2023-05-29T08:11:20","guid":{"rendered":"https:\/\/mingliang.leadsclouds.com\/?post_type=product&#038;p=222"},"modified":"2026-01-28T10:38:26","modified_gmt":"2026-01-28T02:38:26","slug":"nd-yag-laser-tattoo-removal","status":"publish","type":"product","link":"https:\/\/www.mlkjlasers.com\/it\/product\/nd-yag-laser-tattoo-removal\/","title":{"rendered":"ND YAG rimozione del tatuaggio laser Q ha commutato la macchina di rimozione del tatuaggio dell'attrezzatura di bellezza del laser del ringiovanimento della pelle"},"content":{"rendered":"<table style=\"border-collapse: collapse; width: 100%; height: 120px;\">\n<tbody>\n<tr style=\"height: 24px;\">\n<td style=\"width: 50%; height: 24px;\"><span style=\"font-family: helvetica, arial, sans-serif; color: #000000; font-size: 14pt;\"><b>ND YAG laser tattoo rimozione macchina<\/b><\/span><\/td>\n<td style=\"width: 50%; height: 24px;\"><span style=\"font-family: helvetica, arial, sans-serif; color: #000000; font-size: 14pt;\">Numero di modello: LA<\/span><\/td>\n<\/tr>\n<tr style=\"height: 24px;\">\n<td style=\"width: 50%; height: 24px;\"><span style=\"font-family: helvetica, arial, sans-serif; color: #000000; font-size: 14pt;\">lunghezza d'onda (luce): 532nm e 1064nm<\/span><\/td>\n<td style=\"width: 50%; height: 24px;\"><span style=\"font-family: helvetica, arial, sans-serif; color: #000000; font-size: 14pt;\">colpi: 1.500.000<\/span><\/td>\n<\/tr>\n<tr style=\"height: 24px;\">\n<td style=\"width: 50%; height: 24px;\"><span style=\"font-family: helvetica, arial, sans-serif; color: #000000; font-size: 14pt;\">Funzione: rimozione del tatuaggio, sbiancamento della pelle, ringiovanimento della pelle<\/span><\/td>\n<td style=\"width: 50%; height: 24px;\"><span style=\"font-family: helvetica, arial, sans-serif; color: #000000; font-size: 14pt;\">Dimensione dello schermo: schermo touch LCD 8.4<\/span><\/td>\n<\/tr>\n<tr style=\"height: 24px;\">\n<td style=\"width: 50%; height: 24px;\"><span style=\"font-family: helvetica, arial, sans-serif; color: #000000; font-size: 14pt;\">Punto di luce: regolabile 1-7mm<\/span><\/td>\n<td style=\"width: 50%; height: 24px;\"><span style=\"font-family: helvetica, arial, sans-serif; color: #000000; font-size: 14pt;\">Frequenza: 1-20Hz<\/span><\/td>\n<\/tr>\n<tr style=\"height: 24px;\">\n<td style=\"width: 50%; height: 24px;\"><span style=\"font-family: helvetica, arial, sans-serif; color: #000000; font-size: 14pt;\">Pacchetto: Scatola di alluminio<\/span><\/td>\n<td style=\"width: 50%; height: 24px;\"><span style=\"font-family: helvetica, arial, sans-serif; color: #000000; font-size: 14pt;\">Garanzia: 2 anni<\/span><\/td>\n<\/tr>\n<\/tbody>\n<\/table>\n<div class=\"l right\"><\/div>\n<div class=\"des2\">\n<div class=\"des_box1\">\n<div class=\"des\">\n<p><span style=\"font-family: helvetica, arial, sans-serif; color: #000000; font-size: 14pt;\"><img fetchpriority=\"high\" decoding=\"async\" class=\"size-full wp-image-2826 alignnone\" src=\"https:\/\/mlkjlasers.com\/wp-content\/uploads\/2023\/05\/LA1-\u8be6\u60c5-1-1-scaled.jpg\" alt=\"\" width=\"2560\" height=\"1440\" srcset=\"https:\/\/www.mlkjlasers.com\/wp-content\/uploads\/2023\/05\/LA1-\u8be6\u60c5-1-1-scaled.jpg 2560w, https:\/\/www.mlkjlasers.com\/wp-content\/uploads\/2023\/05\/LA1-\u8be6\u60c5-1-1-300x169.jpg 300w, https:\/\/www.mlkjlasers.com\/wp-content\/uploads\/2023\/05\/LA1-\u8be6\u60c5-1-1-1024x576.jpg 1024w, https:\/\/www.mlkjlasers.com\/wp-content\/uploads\/2023\/05\/LA1-\u8be6\u60c5-1-1-768x432.jpg 768w, https:\/\/www.mlkjlasers.com\/wp-content\/uploads\/2023\/05\/LA1-\u8be6\u60c5-1-1-1536x864.jpg 1536w, https:\/\/www.mlkjlasers.com\/wp-content\/uploads\/2023\/05\/LA1-\u8be6\u60c5-1-1-2048x1152.jpg 2048w, https:\/\/www.mlkjlasers.com\/wp-content\/uploads\/2023\/05\/LA1-\u8be6\u60c5-1-1-600x337.jpg 600w\" sizes=\"(max-width: 2560px) 100vw, 2560px\" \/><\/span><\/p>\n<p><span style=\"font-family: helvetica, arial, sans-serif; color: #000000; font-size: 14pt;\">Questo prodotto utilizza laser ad alta energia per penetrare nella pelle, decomporre le particelle di pigmento in minuscole particelle, che vengono metabolizzate dal corpo, in modo da raggiungere l'effetto di rimozione del tatuaggio. I tatuaggi di diversi colori richiedono diverse lunghezze d'onda di luce laser perch\u00e9 diversi pigmenti colorati assorbono la luce laser a diverse lunghezze d'onda. Ad esempio, un tatuaggio nero pu\u00f2 utilizzare un laser Nd: YAG a 1064nm, mentre un tatuaggio verde richiede un laser a 532nm.<\/span><\/p>\n<p><span style=\"font-size: 14pt;\"><img decoding=\"async\" class=\"size-full wp-image-2827 aligncenter\" src=\"https:\/\/mlkjlasers.com\/wp-content\/uploads\/2023\/05\/LA1-\u8be6\u60c5-2-1-scaled.jpg\" alt=\"\" width=\"2560\" height=\"1440\" srcset=\"https:\/\/www.mlkjlasers.com\/wp-content\/uploads\/2023\/05\/LA1-\u8be6\u60c5-2-1-scaled.jpg 2560w, https:\/\/www.mlkjlasers.com\/wp-content\/uploads\/2023\/05\/LA1-\u8be6\u60c5-2-1-300x169.jpg 300w, https:\/\/www.mlkjlasers.com\/wp-content\/uploads\/2023\/05\/LA1-\u8be6\u60c5-2-1-1024x576.jpg 1024w, https:\/\/www.mlkjlasers.com\/wp-content\/uploads\/2023\/05\/LA1-\u8be6\u60c5-2-1-768x432.jpg 768w, https:\/\/www.mlkjlasers.com\/wp-content\/uploads\/2023\/05\/LA1-\u8be6\u60c5-2-1-1536x864.jpg 1536w, https:\/\/www.mlkjlasers.com\/wp-content\/uploads\/2023\/05\/LA1-\u8be6\u60c5-2-1-2048x1152.jpg 2048w, https:\/\/www.mlkjlasers.com\/wp-content\/uploads\/2023\/05\/LA1-\u8be6\u60c5-2-1-600x337.jpg 600w\" sizes=\"(max-width: 2560px) 100vw, 2560px\" \/><\/span><\/p>\n<p>&nbsp;<\/p>\n<p><span style=\"font-family: helvetica, arial, sans-serif; color: #000000; font-size: 14pt;\"><strong>1. Principalmente uso:<\/strong><\/span><\/p>\n<p><span style=\"font-family: helvetica, arial, sans-serif; color: #000000; font-size: 14pt;\">1). ND YAG laser: rimozione del tatuaggio\/ricamo degli occhi\/linee degli occhi\/frecce e sbiancamento della pelle.<\/span><\/p>\n<p><span style=\"font-family: helvetica, arial, sans-serif; color: #000000; font-size: 14pt;\">2). 1064nm lunghezza d'onda: sbarazzarsi di frecce e macchia marrone gialla, tatuaggio sopracciglia, tatuaggio linee occhio fallito, tatuaggio, segno di nascita e Nevus di Ota, pigmentazione e macchia di et\u00e0, nevus in nero e blu, rosso scarlatto, caff\u00e8 profondo e ecc colore profondo.<\/span><\/p>\n<p><span style=\"font-family: helvetica, arial, sans-serif; color: #000000; font-size: 14pt;\">3). Lunghezza d'onda 532nm: sbarazzarsi delle frecce, del tatuaggio delle sopracciglia, del tatuaggio fallito della linea degli occhi, del tatuaggio, della linea delle labbra, del pigmento, della telangiectasia in rosso poco profondo, marrone e rosa ed ecc. colore chiaro. rimozione del pigmento.<\/span><\/p>\n<p><span style=\"font-family: helvetica, arial, sans-serif; color: #000000; font-size: 14pt;\">4). 1320nm: Professionale per il ringiovanimento della pelle e la pulizia profonda del viso, la rimozione della testa nera, il rafforzamento e lo sbiancamento della pelle, il ringiovanimento della pelle.<\/span><\/p>\n<\/div>\n<\/div>\n<\/div>\n<p>&nbsp;<\/p>\n<p><span style=\"font-size: 14pt;\"><img decoding=\"async\" class=\"size-full wp-image-2828 aligncenter\" src=\"https:\/\/mlkjlasers.com\/wp-content\/uploads\/2023\/05\/LA1-\u8be6\u60c5-3-1-scaled.jpg\" alt=\"\" width=\"2560\" height=\"1440\" srcset=\"https:\/\/www.mlkjlasers.com\/wp-content\/uploads\/2023\/05\/LA1-\u8be6\u60c5-3-1-scaled.jpg 2560w, https:\/\/www.mlkjlasers.com\/wp-content\/uploads\/2023\/05\/LA1-\u8be6\u60c5-3-1-300x169.jpg 300w, https:\/\/www.mlkjlasers.com\/wp-content\/uploads\/2023\/05\/LA1-\u8be6\u60c5-3-1-1024x576.jpg 1024w, https:\/\/www.mlkjlasers.com\/wp-content\/uploads\/2023\/05\/LA1-\u8be6\u60c5-3-1-768x432.jpg 768w, https:\/\/www.mlkjlasers.com\/wp-content\/uploads\/2023\/05\/LA1-\u8be6\u60c5-3-1-1536x864.jpg 1536w, https:\/\/www.mlkjlasers.com\/wp-content\/uploads\/2023\/05\/LA1-\u8be6\u60c5-3-1-2048x1152.jpg 2048w, https:\/\/www.mlkjlasers.com\/wp-content\/uploads\/2023\/05\/LA1-\u8be6\u60c5-3-1-600x337.jpg 600w\" sizes=\"(max-width: 2560px) 100vw, 2560px\" \/><\/span><\/p>\n<div class=\"des2\">\n<div class=\"des_box1\">\n<div class=\"des\">\n<p>&nbsp;<\/p>\n<p><span style=\"font-family: helvetica, arial, sans-serif; font-size: 14pt;\"><b><span class=\"magic-17\">2. Sulla maniglia: 5 teste di trattamento, disegno di filo esterno staccabile e rotabile <\/span><\/b><\/span><\/p>\n<p><span style=\"font-family: helvetica, arial, sans-serif; font-size: 14pt;\">1. 532: Rimuovere tatuaggi colorati. <\/span><\/p>\n<p><span style=\"font-family: helvetica, arial, sans-serif; font-size: 14pt;\">2. 755 testa di nido d'ape: usato per rimuovere macchie di et\u00e0, frecce e cloasma. piccoli danni alla pelle <\/span><\/p>\n<p><span style=\"font-family: helvetica, arial, sans-serif; font-size: 14pt;\">3. Parametro regolabile 1064: per la rimozione del tatuaggio, cancellazione delle sopracciglia <\/span><\/p>\n<p><span style=\"font-family: helvetica, arial, sans-serif; font-size: 14pt;\">4. Parametro non regolabile 1064: utilizzato per rimuovere tatuaggi e cancellare sopracciglia <\/span><\/p>\n<p><span style=\"font-family: helvetica, arial, sans-serif; font-size: 14pt;\">5. 1320: trattamento di grande area, grande punto, velocit\u00e0 di trattamento veloce e buon effetto<\/span><\/p>\n<p><span style=\"font-size: 14pt;\"><img loading=\"lazy\" decoding=\"async\" class=\"size-full wp-image-2829 alignnone\" src=\"https:\/\/mlkjlasers.com\/wp-content\/uploads\/2023\/05\/LA1-\u8be6\u60c5-4-1-scaled.jpg\" alt=\"\" width=\"2560\" height=\"1440\" srcset=\"https:\/\/www.mlkjlasers.com\/wp-content\/uploads\/2023\/05\/LA1-\u8be6\u60c5-4-1-scaled.jpg 2560w, https:\/\/www.mlkjlasers.com\/wp-content\/uploads\/2023\/05\/LA1-\u8be6\u60c5-4-1-300x169.jpg 300w, https:\/\/www.mlkjlasers.com\/wp-content\/uploads\/2023\/05\/LA1-\u8be6\u60c5-4-1-1024x576.jpg 1024w, https:\/\/www.mlkjlasers.com\/wp-content\/uploads\/2023\/05\/LA1-\u8be6\u60c5-4-1-768x432.jpg 768w, https:\/\/www.mlkjlasers.com\/wp-content\/uploads\/2023\/05\/LA1-\u8be6\u60c5-4-1-1536x864.jpg 1536w, https:\/\/www.mlkjlasers.com\/wp-content\/uploads\/2023\/05\/LA1-\u8be6\u60c5-4-1-2048x1152.jpg 2048w, https:\/\/www.mlkjlasers.com\/wp-content\/uploads\/2023\/05\/LA1-\u8be6\u60c5-4-1-600x337.jpg 600w\" sizes=\"(max-width: 2560px) 100vw, 2560px\" \/><\/span><\/p>\n<div><span class=\"magic-17\" style=\"font-family: helvetica, arial, sans-serif; font-size: 14pt;\"><span class=\"magic-14\">Meccanismo a cassetta Q-switch in pietra importato, l'intero laser solido, senza sostituire Q-switch.<br \/>\n<\/span><\/span><\/div>\n<div><span class=\"magic-17\" style=\"font-family: helvetica, arial, sans-serif; font-size: 14pt;\"><span class=\"magic-14\">\u00a0<\/span><\/span><\/div>\n<p><span class=\"magic-17\" style=\"font-family: helvetica, arial, sans-serif; font-size: 14pt;\"><span class=\"magic-14\"><b data-spm-anchor-id=\"a2700.wholesale.0.i87.10456c16QWoCVL\">Rimozione del tatuaggio. Rimuovere i pigmenti del tatuaggio nero, blu, marrone e rosso sulle sopracciglia, sulla linea degli occhi, sulla linea delle labbra e su altre parti del corpo Rimuovere il segno di nascita, l'otas nevus e la macchia dermica.<\/b><br \/>\n<\/span><\/span><\/p>\n<div><span class=\"magic-17\" style=\"font-family: helvetica, arial, sans-serif; font-size: 14pt;\"><span class=\"magic-14\"><b>\u00a0<\/b><\/span><\/span><\/div>\n<div data-spm-anchor-id=\"a2700.wholesale.0.i86.10456c16QWoCVL\"><span class=\"magic-17\" style=\"font-family: helvetica, arial, sans-serif; font-size: 14pt;\"><span class=\"magic-14\">Una soluzione alla avariet\u00e0 dei problemi della pelle.<\/span><\/span><\/div>\n<div class=\"des_detail\">\n<div class=\"img_b\">\n<p><span style=\"font-family: helvetica, arial, sans-serif; color: #000000; font-size: 14pt;\"><img loading=\"lazy\" decoding=\"async\" class=\"alignnone size-full wp-image-2830\" src=\"https:\/\/mlkjlasers.com\/wp-content\/uploads\/2023\/05\/LA1-\u8be6\u60c5-5-1-scaled.jpg\" alt=\"\" width=\"2560\" height=\"1440\" srcset=\"https:\/\/www.mlkjlasers.com\/wp-content\/uploads\/2023\/05\/LA1-\u8be6\u60c5-5-1-scaled.jpg 2560w, https:\/\/www.mlkjlasers.com\/wp-content\/uploads\/2023\/05\/LA1-\u8be6\u60c5-5-1-300x169.jpg 300w, https:\/\/www.mlkjlasers.com\/wp-content\/uploads\/2023\/05\/LA1-\u8be6\u60c5-5-1-1024x576.jpg 1024w, https:\/\/www.mlkjlasers.com\/wp-content\/uploads\/2023\/05\/LA1-\u8be6\u60c5-5-1-768x432.jpg 768w, https:\/\/www.mlkjlasers.com\/wp-content\/uploads\/2023\/05\/LA1-\u8be6\u60c5-5-1-1536x864.jpg 1536w, https:\/\/www.mlkjlasers.com\/wp-content\/uploads\/2023\/05\/LA1-\u8be6\u60c5-5-1-2048x1152.jpg 2048w, https:\/\/www.mlkjlasers.com\/wp-content\/uploads\/2023\/05\/LA1-\u8be6\u60c5-5-1-600x337.jpg 600w\" sizes=\"(max-width: 2560px) 100vw, 2560px\" \/><\/span><\/p>\n<p><span style=\"font-size: 14pt;\"><img loading=\"lazy\" decoding=\"async\" class=\"alignnone size-full wp-image-2831\" src=\"https:\/\/mlkjlasers.com\/wp-content\/uploads\/2023\/05\/LA1-\u8be6\u60c5-6-1-scaled.jpg\" alt=\"\" width=\"2560\" height=\"1440\" srcset=\"https:\/\/www.mlkjlasers.com\/wp-content\/uploads\/2023\/05\/LA1-\u8be6\u60c5-6-1-scaled.jpg 2560w, https:\/\/www.mlkjlasers.com\/wp-content\/uploads\/2023\/05\/LA1-\u8be6\u60c5-6-1-300x169.jpg 300w, https:\/\/www.mlkjlasers.com\/wp-content\/uploads\/2023\/05\/LA1-\u8be6\u60c5-6-1-1024x576.jpg 1024w, https:\/\/www.mlkjlasers.com\/wp-content\/uploads\/2023\/05\/LA1-\u8be6\u60c5-6-1-768x432.jpg 768w, https:\/\/www.mlkjlasers.com\/wp-content\/uploads\/2023\/05\/LA1-\u8be6\u60c5-6-1-1536x864.jpg 1536w, https:\/\/www.mlkjlasers.com\/wp-content\/uploads\/2023\/05\/LA1-\u8be6\u60c5-6-1-2048x1152.jpg 2048w, https:\/\/www.mlkjlasers.com\/wp-content\/uploads\/2023\/05\/LA1-\u8be6\u60c5-6-1-600x337.jpg 600w\" sizes=\"(max-width: 2560px) 100vw, 2560px\" \/><\/span><\/p>\n<p><span style=\"font-family: helvetica, arial, sans-serif; color: #000000; font-size: 14pt;\"><strong>3. Schermo dell'interfaccia:<\/strong><\/span><\/p>\n<div class=\"des_detail\">\n<p style=\"text-align: left;\"><span style=\"font-family: helvetica, arial, sans-serif; color: #000000; font-size: 14pt;\">\u00bb\u00bbSchermo professionale, facile da usare \u00bb\u00bbInglese e qualsiasi lingua \u00bb\u00bbOEM \u00e8 avialalbe \u00bb\u00bbLogo personalizzabile gratuito<\/span><\/p>\n<p>&nbsp;<\/p>\n<\/div>\n<p><span style=\"font-size: 14pt;\"><img loading=\"lazy\" decoding=\"async\" class=\"size-full wp-image-2832 aligncenter\" src=\"https:\/\/mlkjlasers.com\/wp-content\/uploads\/2023\/05\/LA1-\u8be6\u60c5-7-1-scaled.jpg\" alt=\"\" width=\"2560\" height=\"1440\" srcset=\"https:\/\/www.mlkjlasers.com\/wp-content\/uploads\/2023\/05\/LA1-\u8be6\u60c5-7-1-scaled.jpg 2560w, https:\/\/www.mlkjlasers.com\/wp-content\/uploads\/2023\/05\/LA1-\u8be6\u60c5-7-1-300x169.jpg 300w, https:\/\/www.mlkjlasers.com\/wp-content\/uploads\/2023\/05\/LA1-\u8be6\u60c5-7-1-1024x576.jpg 1024w, https:\/\/www.mlkjlasers.com\/wp-content\/uploads\/2023\/05\/LA1-\u8be6\u60c5-7-1-768x432.jpg 768w, https:\/\/www.mlkjlasers.com\/wp-content\/uploads\/2023\/05\/LA1-\u8be6\u60c5-7-1-1536x864.jpg 1536w, https:\/\/www.mlkjlasers.com\/wp-content\/uploads\/2023\/05\/LA1-\u8be6\u60c5-7-1-2048x1152.jpg 2048w, https:\/\/www.mlkjlasers.com\/wp-content\/uploads\/2023\/05\/LA1-\u8be6\u60c5-7-1-600x337.jpg 600w\" sizes=\"(max-width: 2560px) 100vw, 2560px\" \/><\/span><\/p>\n<p>&nbsp;<\/p>\n<p><span style=\"font-family: helvetica, arial, sans-serif; font-size: 14pt;\"><b data-spm-anchor-id=\"a2700.wholesale.0.i90.10456c16QWoCVL\">Nessuna preoccupazione per la garanzia e il servizio dopo la vendita <\/b>Tutte le macchine hanno una garanzia di due anni e manutenzione a vita, si ottiene servizio online 24 ore su 24 da un team post-vendita professionale. Ogni volta che si ottiene qualsiasi problema, \u00e8 possibile contattare il nostro team post-vendita, e il problema sar\u00e0 risolto nel tempo pi\u00f9 veloce. <\/span><\/p>\n<p><span style=\"font-family: helvetica, arial, sans-serif; font-size: 14pt;\"><b>Formazione gratuita su tutte le macchine <\/b>Riceverai la formazione gratuita e il certificato di formazione. Ottieni corsi di formazione completi e facili da capire. Anche estetici professionisti forniranno una guida online. Il tuo business di bellezza diventer\u00e0 pi\u00f9 facile. <\/span><\/p>\n<p>&nbsp;<\/p>\n<p><span style=\"font-size: 14pt;\"><img loading=\"lazy\" decoding=\"async\" class=\"size-full wp-image-2833 aligncenter\" src=\"https:\/\/mlkjlasers.com\/wp-content\/uploads\/2023\/05\/LA1-\u8be6\u60c5-8-1-scaled.jpg\" alt=\"\" width=\"2560\" height=\"1440\" srcset=\"https:\/\/www.mlkjlasers.com\/wp-content\/uploads\/2023\/05\/LA1-\u8be6\u60c5-8-1-scaled.jpg 2560w, https:\/\/www.mlkjlasers.com\/wp-content\/uploads\/2023\/05\/LA1-\u8be6\u60c5-8-1-300x169.jpg 300w, https:\/\/www.mlkjlasers.com\/wp-content\/uploads\/2023\/05\/LA1-\u8be6\u60c5-8-1-1024x576.jpg 1024w, https:\/\/www.mlkjlasers.com\/wp-content\/uploads\/2023\/05\/LA1-\u8be6\u60c5-8-1-768x432.jpg 768w, https:\/\/www.mlkjlasers.com\/wp-content\/uploads\/2023\/05\/LA1-\u8be6\u60c5-8-1-1536x864.jpg 1536w, https:\/\/www.mlkjlasers.com\/wp-content\/uploads\/2023\/05\/LA1-\u8be6\u60c5-8-1-2048x1152.jpg 2048w, https:\/\/www.mlkjlasers.com\/wp-content\/uploads\/2023\/05\/LA1-\u8be6\u60c5-8-1-600x337.jpg 600w\" sizes=\"(max-width: 2560px) 100vw, 2560px\" \/><\/span><\/p>\n<\/div>\n<\/div>\n<\/div>\n<\/div>\n<\/div>","protected":false},"excerpt":{"rendered":"<p>Il dispositivo picosecondo \u00e8 un dispositivo laser a doppia lunghezza d'onda che tratta le lesioni pigmentate della derme e dell'epiderme. Ha i seguenti vantaggi: Meno rischio di effetti collaterali del trattamento; Adatto per toni di pelle scuri e chiari, non facile da trasformare in nero; Entrambi gli effetti terapeuticiMultifunzionalit\u00e0 per la cura della pelle e il ringiovanimento; Breve periodo di recupero, pu\u00f2 tornare rapidamente al normale lavoro e riposo, lieve e non irritante, adatto per la pelle sensibile, il numero di trattamenti \u00e8 inferiore al laser tradizionale.<\/p>","protected":false},"featured_media":1979,"comment_status":"open","ping_status":"closed","template":"","meta":[],"product_cat":[24],"product_tag":[],"class_list":["post-222","product","type-product","status-publish","has-post-thumbnail","hentry","product_cat-nd-yag-laser"],"_links":{"self":[{"href":"https:\/\/www.mlkjlasers.com\/it\/wp-json\/wp\/v2\/product\/222","targetHints":{"allow":["GET"]}}],"collection":[{"href":"https:\/\/www.mlkjlasers.com\/it\/wp-json\/wp\/v2\/product"}],"about":[{"href":"https:\/\/www.mlkjlasers.com\/it\/wp-json\/wp\/v2\/types\/product"}],"replies":[{"embeddable":true,"href":"https:\/\/www.mlkjlasers.com\/it\/wp-json\/wp\/v2\/comments?post=222"}],"wp:featuredmedia":[{"embeddable":true,"href":"https:\/\/www.mlkjlasers.com\/it\/wp-json\/wp\/v2\/media\/1979"}],"wp:attachment":[{"href":"https:\/\/www.mlkjlasers.com\/it\/wp-json\/wp\/v2\/media?parent=222"}],"wp:term":[{"taxonomy":"product_cat","embeddable":true,"href":"https:\/\/www.mlkjlasers.com\/it\/wp-json\/wp\/v2\/product_cat?post=222"},{"taxonomy":"product_tag","embeddable":true,"href":"https:\/\/www.mlkjlasers.com\/it\/wp-json\/wp\/v2\/product_tag?post=222"}],"curies":[{"name":"wp","href":"https:\/\/api.w.org\/{rel}","templated":true}]}}