{"id":2238,"date":"2023-08-04T11:31:56","date_gmt":"2023-08-04T03:31:56","guid":{"rendered":"https:\/\/mlkjlasers.com\/?post_type=product&#038;p=2238"},"modified":"2026-02-28T11:56:02","modified_gmt":"2026-02-28T03:56:02","slug":"exfu-icello-diode-laser-machine-2","status":"publish","type":"product","link":"https:\/\/www.mlkjlasers.com\/it\/product\/exfu-icello-diode-laser-machine-2\/","title":{"rendered":"High Power 1800w Machine Diode Laser Hair Removal Machine Exfu ICELLO"},"content":{"rendered":"<table style=\"border-collapse: collapse; width: 100%; height: 192px;\">\n<tbody>\n<tr style=\"height: 24px;\">\n<td style=\"width: 50%; height: 24px;\"><span style=\"font-size: 14pt; font-family: helvetica, arial, sans-serif;\"><b>Macchina di depilazione laser diodo<\/b><\/span><\/td>\n<td style=\"width: 50%; height: 24px;\"><span style=\"font-size: 14pt; font-family: helvetica, arial, sans-serif;\">Numero di modello: EXFU ICELLO<\/span><\/td>\n<\/tr>\n<tr style=\"height: 24px;\">\n<td style=\"width: 50%; height: 24px;\"><span style=\"font-size: 14pt; font-family: helvetica, arial, sans-serif;\">Lunghezza d'onda: 808nm o 755 808 1064nm<\/span><\/td>\n<td style=\"width: 50%; height: 24px;\"><span style=\"font-size: 14pt; font-family: helvetica, arial, sans-serif;\">Dimensione dello schermo: schermo tattile in stile 4K da 14 pollici<\/span><\/td>\n<\/tr>\n<tr style=\"height: 24px;\">\n<td style=\"width: 50%; height: 24px;\"><span style=\"font-size: 14pt; font-family: helvetica, arial, sans-serif;\">Durata: 40 milioni di colpi<\/span><\/td>\n<td style=\"width: 50%; height: 24px;\"><span style=\"font-size: 14pt; font-family: helvetica, arial, sans-serif;\">Durata dell'impulso: 10-300ms<\/span><\/td>\n<\/tr>\n<tr style=\"height: 24px;\">\n<td style=\"width: 50%; height: 24px;\"><span style=\"font-size: 14pt; font-family: helvetica, arial, sans-serif;\">Striscia laser: 120w per ciascuno, barra laser coerente dell'America<\/span><\/td>\n<td style=\"width: 50%; height: 24px;\"><span style=\"font-size: 14pt; font-family: helvetica, arial, sans-serif;\">Frequenza: 1-10hz<\/span><\/td>\n<\/tr>\n<tr style=\"height: 24px;\">\n<td style=\"width: 50%; height: 24px;\"><span style=\"font-size: 14pt; font-family: helvetica, arial, sans-serif;\">Dimensione del punto: dimensione del punto 12x24mm o 12x36mm<\/span><\/td>\n<td style=\"width: 50%; height: 24px;\"><span style=\"font-size: 14pt; font-family: helvetica, arial, sans-serif;\">Energia: 1-150J<\/span><\/td>\n<\/tr>\n<tr style=\"height: 24px;\">\n<td style=\"width: 50%; height: 24px;\"><span style=\"font-size: 14pt; font-family: helvetica, arial, sans-serif;\">Sistema di raffreddamento: circuito dell'acqua del compressore<\/span><\/td>\n<td style=\"width: 50%; height: 24px;\"><span style=\"font-size: 14pt; font-family: helvetica, arial, sans-serif;\">Potenza della macchina: 3500W<\/span><\/td>\n<\/tr>\n<tr style=\"height: 24px;\">\n<td style=\"width: 50%; height: 24px;\"><span style=\"font-size: 14pt; font-family: helvetica, arial, sans-serif;\">Tensione: AC110V 60HZ \/ AC220V 50HZ<\/span><\/td>\n<td style=\"width: 50%; height: 24px;\"><span style=\"font-size: 14pt; font-family: helvetica, arial, sans-serif;\">Dimensioni della macchina: 480mm * 400mm * 1300mm<\/span><\/td>\n<\/tr>\n<tr style=\"height: 24px;\">\n<td style=\"width: 50%; height: 24px;\"><span style=\"font-size: 14pt; font-family: helvetica, arial, sans-serif;\">Pacchetto: Scatola di alluminio<\/span><\/td>\n<td style=\"width: 50%; height: 24px;\"><span style=\"font-size: 14pt; font-family: helvetica, arial, sans-serif;\">Garanzia di servizio: garanzia a vita<\/span><\/td>\n<\/tr>\n<\/tbody>\n<\/table>\n<div class=\"se4_tit\">\n<div class=\"r left\"><\/div>\n<div class=\"l right\" style=\"text-align: left;\">\n<p><span style=\"font-size: 14pt; font-family: helvetica, arial, sans-serif;\"><img fetchpriority=\"high\" decoding=\"async\" class=\"aligncenter wp-image-2396 size-full\" src=\"https:\/\/www.mlkjlasers.com\/wp-content\/uploads\/2023\/09\/Hd476199b9cf44b38b64099a3367bf0d5P.jpg\" alt=\"\" width=\"1920\" height=\"850\" srcset=\"https:\/\/www.mlkjlasers.com\/wp-content\/uploads\/2023\/09\/Hd476199b9cf44b38b64099a3367bf0d5P.jpg 1920w, https:\/\/www.mlkjlasers.com\/wp-content\/uploads\/2023\/09\/Hd476199b9cf44b38b64099a3367bf0d5P-300x133.jpg 300w, https:\/\/www.mlkjlasers.com\/wp-content\/uploads\/2023\/09\/Hd476199b9cf44b38b64099a3367bf0d5P-1024x453.jpg 1024w, https:\/\/www.mlkjlasers.com\/wp-content\/uploads\/2023\/09\/Hd476199b9cf44b38b64099a3367bf0d5P-768x340.jpg 768w, https:\/\/www.mlkjlasers.com\/wp-content\/uploads\/2023\/09\/Hd476199b9cf44b38b64099a3367bf0d5P-1536x680.jpg 1536w, https:\/\/www.mlkjlasers.com\/wp-content\/uploads\/2023\/09\/Hd476199b9cf44b38b64099a3367bf0d5P-600x266.jpg 600w\" sizes=\"(max-width: 1920px) 100vw, 1920px\" \/><\/span><\/p>\n<\/div>\n<\/div>\n<div class=\"se4_tit\">\n<div class=\"l right\" style=\"text-align: left;\">\n<div class=\"J_module\">\n<div class=\"icbu-pc-images magic-1\">\n<div class=\"flex-layout-v\">\n<div class=\"flex-layout-h magic-1\">\n<div class=\"magic-2\">\n<div class=\"J_module\">\n<div class=\"icbu-pc-images magic-1\">\n<div class=\"flex-layout-v\">\n<div class=\"flex-layout-h magic-1\">\n<div><\/div>\n<div class=\"magic-24\"><strong><span style=\"font-family: helvetica, arial, sans-serif; font-size: 14pt;\">MLKJ Migliore macchina di depilazione laser commerciale.<\/span><\/strong><br \/>\n<span style=\"font-family: helvetica, arial, sans-serif; font-size: 14pt;\">Secondo il principio della fototermodinamica selettiva, la lunghezza d'onda del laser, l'energia e la larghezza dell'impulso possono essere regolate correttamente per far passare il laser attraverso la superficie della pelle al follicolo piloso della radice. L'energia luminosa viene assorbita e convertita in energia termica che distrugge il tessuto del follicolo piloso, rendendo cos\u00ec i capelli incapaci di rigenerarsi, rendendo i laser MLKJ; tecnologia brevettata indolore e permanente<\/span><br \/>\n<span style=\"font-family: helvetica, arial, sans-serif; font-size: 14pt;\">Il dispositivo di depilazione laser \u00e8 un metodo di trattamento non invasivo, dopo il trattamento non avr\u00e0 un certo danno alla pelle circostante, non influenzer\u00e0 la vita normale e il lavoro.<\/span><\/div>\n<div><img decoding=\"async\" class=\"aligncenter size-full wp-image-2230\" src=\"https:\/\/www.mlkjlasers.com\/wp-content\/uploads\/2023\/05\/\u5143\u5b87\u5b99\u5c4f\u5e55.jpg\" alt=\"\" width=\"2000\" height=\"720\" srcset=\"https:\/\/www.mlkjlasers.com\/wp-content\/uploads\/2023\/05\/\u5143\u5b87\u5b99\u5c4f\u5e55.jpg 2000w, https:\/\/www.mlkjlasers.com\/wp-content\/uploads\/2023\/05\/\u5143\u5b87\u5b99\u5c4f\u5e55-300x108.jpg 300w, https:\/\/www.mlkjlasers.com\/wp-content\/uploads\/2023\/05\/\u5143\u5b87\u5b99\u5c4f\u5e55-1024x369.jpg 1024w, https:\/\/www.mlkjlasers.com\/wp-content\/uploads\/2023\/05\/\u5143\u5b87\u5b99\u5c4f\u5e55-768x276.jpg 768w, https:\/\/www.mlkjlasers.com\/wp-content\/uploads\/2023\/05\/\u5143\u5b87\u5b99\u5c4f\u5e55-1536x553.jpg 1536w, https:\/\/www.mlkjlasers.com\/wp-content\/uploads\/2023\/05\/\u5143\u5b87\u5b99\u5c4f\u5e55-600x216.jpg 600w\" sizes=\"(max-width: 2000px) 100vw, 2000px\" \/><\/div>\n<\/div>\n<\/div>\n<\/div>\n<div><\/div>\n<\/div>\n<\/div>\n<\/div>\n<\/div>\n<\/div>\n<\/div>\n<div class=\"J_module\">\n<div class=\"detail-decorate-json-renderer-container\">\n<div class=\"magic-4\">\n<div class=\"magic-7\">\n<div class=\"magic-8\">\n<div class=\"magic-9\">\n<div><span style=\"font-size: 14pt; font-family: helvetica, arial, sans-serif;\"><span class=\"magic-10\">\u2714  FDA<\/span>\u00a0<span class=\"magic-13\">&amp; CE medico <\/span><span class=\"magic-10\">macchina certificata<\/span><\/span><\/div>\n<div><span style=\"font-size: 14pt; font-family: helvetica, arial, sans-serif;\"><span class=\"magic-10\">\u2714<span class=\"magic-12\">3 in 1 <\/span>Tre tecnologie laser in una macchina<br \/>\n\u2714  Alessandrita<\/span><span class=\"magic-10\">E\uff0c\u4e0a\u5e1d<\/span><span class=\"magic-10\">Laser de e Nd:YAG \u2013<span class=\"magic-12\"> tratta tutti i tipi di pelle<\/span><br \/>\n\u2714<span class=\"magic-12\">Facile <\/span>per operare<br \/>\n\u2714  Formazione online disponibile<br \/>\n\u2714<span class=\"magic-12\">50 milioni di colpi <\/span>per pezzo di mano!<\/span><\/span><\/div>\n<\/div>\n<\/div>\n<\/div>\n<\/div>\n<\/div>\n<\/div>\n<div class=\"J_module\">\n<div data-section=\"AliMagic-1av7nm\" data-section-title=\"Handle display\"><\/div>\n<\/div>\n<\/div>\n<div data-section=\"AliMagic-1av7nm\" data-section-title=\"Handle display\"><img decoding=\"async\" class=\"aligncenter size-full wp-image-2229\" src=\"https:\/\/www.mlkjlasers.com\/wp-content\/uploads\/2023\/05\/\u5143\u5b87\u5b99\u9759\u97f3.jpg\" alt=\"\" width=\"1920\" height=\"1040\" srcset=\"https:\/\/www.mlkjlasers.com\/wp-content\/uploads\/2023\/05\/\u5143\u5b87\u5b99\u9759\u97f3.jpg 1920w, https:\/\/www.mlkjlasers.com\/wp-content\/uploads\/2023\/05\/\u5143\u5b87\u5b99\u9759\u97f3-300x163.jpg 300w, https:\/\/www.mlkjlasers.com\/wp-content\/uploads\/2023\/05\/\u5143\u5b87\u5b99\u9759\u97f3-1024x555.jpg 1024w, https:\/\/www.mlkjlasers.com\/wp-content\/uploads\/2023\/05\/\u5143\u5b87\u5b99\u9759\u97f3-768x416.jpg 768w, https:\/\/www.mlkjlasers.com\/wp-content\/uploads\/2023\/05\/\u5143\u5b87\u5b99\u9759\u97f3-1536x832.jpg 1536w, https:\/\/www.mlkjlasers.com\/wp-content\/uploads\/2023\/05\/\u5143\u5b87\u5b99\u9759\u97f3-600x325.jpg 600w\" sizes=\"(max-width: 1920px) 100vw, 1920px\" \/><\/div>\n<div class=\"l right\" style=\"text-align: left;\">\n<div class=\"J_module\">\n<div data-section=\"AliMagic-1av7nm\" data-section-title=\"Handle display\"><\/div>\n<div id=\"ali-anchor-AliMagic-1av7nm\" class=\"magic-0\" data-section=\"AliMagic-1av7nm\" data-section-title=\"Handle display\"><span style=\"font-size: 14pt; font-family: helvetica, arial, sans-serif;\"><strong>Display maniglia<\/strong><\/span><\/div>\n<div data-section=\"AliMagic-1av7nm\" data-section-title=\"Handle display\"><\/div>\n<\/div>\n<div class=\"J_module\">\n<div class=\"icbu-pc-images magic-1\">\n<div>\n<div class=\"flex-layout-v\">\n<div class=\"flex-layout-h magic-1\">\n<div class=\"magic-14\"><\/div>\n<div class=\"magic-14\"><\/div>\n<div class=\"magic-14\"><span style=\"font-size: 14pt; font-family: helvetica, arial, sans-serif;\"><img loading=\"lazy\" decoding=\"async\" class=\"aligncenter wp-image-1765\" src=\"https:\/\/mlkjlasers.com\/wp-content\/uploads\/2023\/07\/\u53cc\u624b\u67c4\u5e26\u9f3b\u6bdb\u5934-V19\u533b\u7597\u6b3e\u5ba3\u4f20\u518c7-10.jpg\" alt=\"\" width=\"1920\" height=\"1080\" srcset=\"https:\/\/www.mlkjlasers.com\/wp-content\/uploads\/2023\/07\/\u53cc\u624b\u67c4\u5e26\u9f3b\u6bdb\u5934-V19\u533b\u7597\u6b3e\u5ba3\u4f20\u518c7-10.jpg 1200w, https:\/\/www.mlkjlasers.com\/wp-content\/uploads\/2023\/07\/\u53cc\u624b\u67c4\u5e26\u9f3b\u6bdb\u5934-V19\u533b\u7597\u6b3e\u5ba3\u4f20\u518c7-10-300x169.jpg 300w, https:\/\/www.mlkjlasers.com\/wp-content\/uploads\/2023\/07\/\u53cc\u624b\u67c4\u5e26\u9f3b\u6bdb\u5934-V19\u533b\u7597\u6b3e\u5ba3\u4f20\u518c7-10-1024x576.jpg 1024w, https:\/\/www.mlkjlasers.com\/wp-content\/uploads\/2023\/07\/\u53cc\u624b\u67c4\u5e26\u9f3b\u6bdb\u5934-V19\u533b\u7597\u6b3e\u5ba3\u4f20\u518c7-10-768x432.jpg 768w, https:\/\/www.mlkjlasers.com\/wp-content\/uploads\/2023\/07\/\u53cc\u624b\u67c4\u5e26\u9f3b\u6bdb\u5934-V19\u533b\u7597\u6b3e\u5ba3\u4f20\u518c7-10-600x338.jpg 600w\" sizes=\"(max-width: 1920px) 100vw, 1920px\" \/><\/span><\/div>\n<div class=\"magic-14\"><\/div>\n<\/div>\n<\/div>\n<\/div>\n<div>\n<div class=\"J_module\">\n<div class=\"icbu-pc-images magic-1\">\n<div class=\"flex-layout-v\">\n<div class=\"flex-layout-h magic-1\">\n<div class=\"magic-2\">\n<div class=\"J_module\">\n<div class=\"detail-decorate-json-renderer-container\">\n<div class=\"magic-4\">\n<div class=\"magic-7\">\n<div class=\"magic-8\">\n<div class=\"magic-9\" data-spm-anchor-id=\"a2700.wholesale.0.i36.51814b4b15mO1L\"><span class=\"magic-10\" style=\"font-size: 14pt; font-family: helvetica, arial, sans-serif;\">1. Senza dolore. La punta del pezzo si raffredda a -32C \u00b0, rende il trattamento comodo ed efficace<\/span><\/div>\n<div class=\"magic-9\" data-spm-anchor-id=\"a2700.wholesale.0.i36.51814b4b15mO1L\"><span class=\"magic-10\" style=\"font-size: 14pt; font-family: helvetica, arial, sans-serif;\">2.Early risultati del trattamento.2-3 sessioni di trattamento possono mostrare risultati permanenti <\/span><\/div>\n<div class=\"magic-9\" data-spm-anchor-id=\"a2700.wholesale.0.i36.51814b4b15mO1L\"><span class=\"magic-10\" style=\"font-size: 14pt; font-family: helvetica, arial, sans-serif;\">3.Virtualmente senza dolore contattato con zaffiro incomparabile comodo e sicurezza<\/span><\/div>\n<div data-spm-anchor-id=\"a2700.wholesale.0.i36.51814b4b15mO1L\"><span style=\"font-family: helvetica, arial, sans-serif; font-size: 14pt;\">4.Facial Punta Migliorato Reach. Trattare facilmente le aree che sono normalmente difficili da raggiungere, tra cui le orecchie, le narici e la glabella.<\/span><\/div>\n<\/div>\n<\/div>\n<\/div>\n<\/div>\n<\/div>\n<\/div>\n<\/div>\n<\/div>\n<\/div>\n<\/div>\n<\/div>\n<div>\n<div class=\"flex-layout-v\">\n<div class=\"flex-layout-h magic-1\">\n<div class=\"magic-14\"><span style=\"font-size: 14pt; font-family: helvetica, arial, sans-serif;\"><img loading=\"lazy\" decoding=\"async\" class=\"aligncenter wp-image-1768\" src=\"https:\/\/mlkjlasers.com\/wp-content\/uploads\/2023\/07\/\u53cc\u624b\u67c4\u5e26\u9f3b\u6bdb\u5934-V19\u533b\u7597\u6b3e\u5ba3\u4f20\u518c7-9.jpg\" alt=\"\" width=\"1920\" height=\"1080\" srcset=\"https:\/\/www.mlkjlasers.com\/wp-content\/uploads\/2023\/07\/\u53cc\u624b\u67c4\u5e26\u9f3b\u6bdb\u5934-V19\u533b\u7597\u6b3e\u5ba3\u4f20\u518c7-9.jpg 1200w, https:\/\/www.mlkjlasers.com\/wp-content\/uploads\/2023\/07\/\u53cc\u624b\u67c4\u5e26\u9f3b\u6bdb\u5934-V19\u533b\u7597\u6b3e\u5ba3\u4f20\u518c7-9-300x169.jpg 300w, https:\/\/www.mlkjlasers.com\/wp-content\/uploads\/2023\/07\/\u53cc\u624b\u67c4\u5e26\u9f3b\u6bdb\u5934-V19\u533b\u7597\u6b3e\u5ba3\u4f20\u518c7-9-1024x576.jpg 1024w, https:\/\/www.mlkjlasers.com\/wp-content\/uploads\/2023\/07\/\u53cc\u624b\u67c4\u5e26\u9f3b\u6bdb\u5934-V19\u533b\u7597\u6b3e\u5ba3\u4f20\u518c7-9-768x432.jpg 768w, https:\/\/www.mlkjlasers.com\/wp-content\/uploads\/2023\/07\/\u53cc\u624b\u67c4\u5e26\u9f3b\u6bdb\u5934-V19\u533b\u7597\u6b3e\u5ba3\u4f20\u518c7-9-600x338.jpg 600w\" sizes=\"(max-width: 1920px) 100vw, 1920px\" \/><\/span><\/div>\n<div><\/div>\n<\/div>\n<\/div>\n<\/div>\n<\/div>\n<\/div>\n<div class=\"J_module\">\n<div class=\"icbu-pc-images magic-1\">\n<div class=\"flex-layout-v\">\n<div class=\"flex-layout-h magic-1\">\n<div class=\"magic-16\"><span style=\"font-size: 14pt; font-family: helvetica, arial, sans-serif;\">Prezzo della macchina di depilazione laser 755\/808\/1064nm.<\/span><br \/>\n<span style=\"font-size: 14pt; font-family: helvetica, arial, sans-serif;\">&gt; &gt; 808 singola onda o 755nm\/808nm\/1064nm lunghezze d'onda triple perfette<\/span><br \/>\n<span style=\"font-size: 14pt; font-family: helvetica, arial, sans-serif;\">&gt; &gt; America Emittore importato, energia forte<\/span><br \/>\n<span style=\"font-size: 14pt; font-family: helvetica, arial, sans-serif;\">&gt; &gt; 10\/12 pezzi o 16 pezzi Germania Dilas barre laser originali, la potenza 1200W\/1800W \u00e8 in grado di soddisfare tutte le esigenze di depilazione su tutto il corpo<\/span><\/div>\n<div><\/div>\n<\/div>\n<div>\n<div class=\"J_module\">\n<div class=\"icbu-pc-images magic-1\">\n<div>\n<div class=\"flex-layout-v\">\n<div class=\"flex-layout-h magic-1\">\n<div class=\"magic-18\"><\/div>\n<\/div>\n<\/div>\n<\/div>\n<\/div>\n<\/div>\n<div class=\"J_module\">\n<div class=\"detail-decorate-json-renderer-container\">\n<div class=\"magic-4\">\n<div class=\"magic-7\">\n<div class=\"magic-8\">\n<div><img loading=\"lazy\" decoding=\"async\" class=\"aligncenter size-full wp-image-2299\" src=\"https:\/\/www.mlkjlasers.com\/wp-content\/uploads\/2023\/08\/3\u4e2d\u95f4\u6a2a\u5e45-1920X600.png\" alt=\"\" width=\"1920\" height=\"600\" srcset=\"https:\/\/www.mlkjlasers.com\/wp-content\/uploads\/2023\/08\/3\u4e2d\u95f4\u6a2a\u5e45-1920X600.png 1920w, https:\/\/www.mlkjlasers.com\/wp-content\/uploads\/2023\/08\/3\u4e2d\u95f4\u6a2a\u5e45-1920X600-300x94.png 300w, https:\/\/www.mlkjlasers.com\/wp-content\/uploads\/2023\/08\/3\u4e2d\u95f4\u6a2a\u5e45-1920X600-1024x320.png 1024w, https:\/\/www.mlkjlasers.com\/wp-content\/uploads\/2023\/08\/3\u4e2d\u95f4\u6a2a\u5e45-1920X600-768x240.png 768w, https:\/\/www.mlkjlasers.com\/wp-content\/uploads\/2023\/08\/3\u4e2d\u95f4\u6a2a\u5e45-1920X600-1536x480.png 1536w, https:\/\/www.mlkjlasers.com\/wp-content\/uploads\/2023\/08\/3\u4e2d\u95f4\u6a2a\u5e45-1920X600-600x188.png 600w\" sizes=\"(max-width: 1920px) 100vw, 1920px\" \/><\/div>\n<div><\/div>\n<div class=\"magic-9\"><span style=\"font-family: helvetica, arial, sans-serif; font-size: 14pt;\">&gt; &gt; Frequenza rapida 1-10Hz e dimensioni del punto 15x25mm garantiscono un trattamento pi\u00f9 veloce, liscio ed efficace<\/span><br \/>\n<span style=\"font-family: helvetica, arial, sans-serif; font-size: 14pt;\">&gt; &gt; Sistema di raffreddamento touch zaffiro super garantisce trattamento indolore e confortevole<\/span><br \/>\n<span style=\"font-family: helvetica, arial, sans-serif; font-size: 14pt;\">&gt; &gt; L'Italia ha importato pompa d'acqua inossidabile, pu\u00f2 mantenere la macchina lavorando a lungo tempo senza fermarsi. Assicurarsi che il calore sia stato rimosso molto rapidamente<\/span><br \/>\n<span style=\"font-family: helvetica, arial, sans-serif; font-size: 14pt;\">&gt; &gt; Doppio filtro per mantenere la qualit\u00e0 dell'acqua<\/span><br \/>\n<span style=\"font-family: helvetica, arial, sans-serif; font-size: 14pt;\">&gt; &gt; Raffreddamento del compressore Raffreddamento dell'aria Raffreddamento dell'acqua Raffreddamento del semiconduttore, mantenere la temperatura dell'acqua -32 \u2103 tutto il tempo<\/span><\/div>\n<\/div>\n<\/div>\n<\/div>\n<div class=\"magic-4\">\n<div><\/div>\n<div><span style=\"font-size: 14pt; font-family: helvetica, arial, sans-serif;\"><strong>MLKJ LASER Tecnologia all'avanguardia, t<\/strong>lui\u00a0<strong>rumore di funzionamento<\/strong>\u00a0\u00e8 molto basso, sotto\u00a0<strong>60<\/strong>\u00a0decibel.<\/span><\/div>\n<div><\/div>\n<\/div>\n<div class=\"magic-4\">\n<div><\/div>\n<div class=\"magic-7\">\n<div class=\"magic-8\">\n<div><span style=\"font-size: 14pt; font-family: helvetica, arial, sans-serif;\"><img loading=\"lazy\" decoding=\"async\" class=\"wp-image-1932 aligncenter\" src=\"https:\/\/mlkjlasers.com\/wp-content\/uploads\/2023\/07\/\u8131\u6bdb\u8fc7\u7a0b\u56fe.jpg\" alt=\"\" width=\"1569\" height=\"629\" srcset=\"https:\/\/www.mlkjlasers.com\/wp-content\/uploads\/2023\/07\/\u8131\u6bdb\u8fc7\u7a0b\u56fe.jpg 840w, https:\/\/www.mlkjlasers.com\/wp-content\/uploads\/2023\/07\/\u8131\u6bdb\u8fc7\u7a0b\u56fe-300x120.jpg 300w, https:\/\/www.mlkjlasers.com\/wp-content\/uploads\/2023\/07\/\u8131\u6bdb\u8fc7\u7a0b\u56fe-768x308.jpg 768w, https:\/\/www.mlkjlasers.com\/wp-content\/uploads\/2023\/07\/\u8131\u6bdb\u8fc7\u7a0b\u56fe-600x241.jpg 600w\" sizes=\"(max-width: 1569px) 100vw, 1569px\" \/><\/span><\/div>\n<div class=\"magic-9\">\n<div><\/div>\n<\/div>\n<\/div>\n<\/div>\n<\/div>\n<\/div>\n<\/div>\n<\/div>\n<div class=\"flex-layout-h magic-1\">\n<div><span style=\"font-size: 14pt; font-family: helvetica, arial, sans-serif;\"><img loading=\"lazy\" decoding=\"async\" class=\"magic-23 aligncenter\" src=\"https:\/\/sc04.alicdn.com\/kf\/H8fb22db20fa24727a7b7781a7ff90a2eO\/200225979\/H8fb22db20fa24727a7b7781a7ff90a2eO.jpg\" width=\"1552\" height=\"300\" data-src=\"\/\/sc04.alicdn.com\/kf\/H8fb22db20fa24727a7b7781a7ff90a2eO\/200225979\/H8fb22db20fa24727a7b7781a7ff90a2eO.jpg\" \/><\/span><\/div>\n<div><\/div>\n<\/div>\n<\/div>\n<\/div>\n<\/div>\n<\/div>\n<\/div>\n<div class=\"des_detail\">\n<div class=\"des_detail\">\n<h4 style=\"text-align: left;\"><span style=\"font-size: 14pt; font-family: helvetica, arial, sans-serif;\">Schermo 4K da 14 pollici, esperienza touch intelligente<\/span><\/h4>\n<pre style=\"text-align: left;\"><span style=\"font-size: 14pt; font-family: helvetica, arial, sans-serif;\">* 6 stili di pelle tra cui scegliere\n * Facile da usare fornendo competenze operative \/ servizi di insegnamento\n * Il logo e la lingua gratuiti possono essere personalizzati sullo schermo\r\n<\/span><\/pre>\n<div class=\"img_b\">\n<p><span style=\"font-size: 14pt; font-family: helvetica, arial, sans-serif;\"><img loading=\"lazy\" decoding=\"async\" class=\"aligncenter wp-image-2247\" src=\"https:\/\/mlkjlasers.com\/wp-content\/uploads\/2023\/08\/photobank.jpg\" alt=\"\" width=\"1920\" height=\"1280\" srcset=\"https:\/\/www.mlkjlasers.com\/wp-content\/uploads\/2023\/08\/photobank.jpg 1200w, https:\/\/www.mlkjlasers.com\/wp-content\/uploads\/2023\/08\/photobank-300x200.jpg 300w, https:\/\/www.mlkjlasers.com\/wp-content\/uploads\/2023\/08\/photobank-1024x683.jpg 1024w, https:\/\/www.mlkjlasers.com\/wp-content\/uploads\/2023\/08\/photobank-768x512.jpg 768w, https:\/\/www.mlkjlasers.com\/wp-content\/uploads\/2023\/08\/photobank-600x400.jpg 600w\" sizes=\"(max-width: 1920px) 100vw, 1920px\" \/><\/span><\/p>\n<p><span style=\"font-size: 14pt;\"><strong>Prima e dopo<\/strong><\/span><\/p>\n<\/div>\n<p>&nbsp;<\/p>\n<\/div>\n<\/div>\n<p><img loading=\"lazy\" decoding=\"async\" class=\"aligncenter size-full wp-image-3106\" src=\"https:\/\/www.mlkjlasers.com\/wp-content\/uploads\/2024\/06\/8.jpg\" alt=\"\" width=\"1920\" height=\"1080\" srcset=\"https:\/\/www.mlkjlasers.com\/wp-content\/uploads\/2024\/06\/8.jpg 1920w, https:\/\/www.mlkjlasers.com\/wp-content\/uploads\/2024\/06\/8-300x169.jpg 300w, https:\/\/www.mlkjlasers.com\/wp-content\/uploads\/2024\/06\/8-1024x576.jpg 1024w, https:\/\/www.mlkjlasers.com\/wp-content\/uploads\/2024\/06\/8-768x432.jpg 768w, https:\/\/www.mlkjlasers.com\/wp-content\/uploads\/2024\/06\/8-1536x864.jpg 1536w, https:\/\/www.mlkjlasers.com\/wp-content\/uploads\/2024\/06\/8-600x338.jpg 600w\" sizes=\"(max-width: 1920px) 100vw, 1920px\" \/><\/p>\n<p><span style=\"font-size: 14pt; font-family: helvetica, arial, sans-serif; color: #000000;\">Produttore di strumenti di bellezza per 15 anni, hanno certificati FDA, CE, ISO13485.<\/span><br \/>\n<span style=\"font-size: 14pt; font-family: helvetica, arial, sans-serif; color: #000000;\">Ci impegniamo a rendere il vostro business di bellezza pi\u00f9 facile!<\/span><br \/>\n<span style=\"font-family: helvetica, arial, sans-serif; font-size: 14pt;\"><a href=\"https:\/\/www.mlkjlasers.com\/it\/contact-us\/\"><span style=\"color: #0000ff;\">Benvenuti a contattarci per pi\u00f9 soluzioni di cooperazione!<\/span><\/a><\/span><\/p>\n<p>&nbsp;<\/p>","protected":false},"excerpt":{"rendered":"<p><span style=\"font-family: helvetica, arial, sans-serif; font-size: 14pt;\">MLKJ Migliore macchina di depilazione laser commerciale.<\/span><\/p>\n<p><span style=\"font-size: 14pt; font-family: helvetica, arial, sans-serif; color: #000000;\">Produttore di strumenti di bellezza per 15 anni, hanno certificati FDA, CE, ISO13485.<\/span><\/p>\n<p><span style=\"font-size: 14pt; font-family: helvetica, arial, sans-serif; color: #000000;\">Ci impegniamo a rendere il vostro business di bellezza pi\u00f9 facile!<\/span><\/p>\n<p><span style=\"font-family: helvetica, arial, sans-serif; font-size: 14pt;\"><a href=\"https:\/\/www.mlkjlasers.com\/it\/contact-us\/\"><span style=\"color: #0000ff;\">Benvenuti a contattarci per pi\u00f9 soluzioni di cooperazione!<\/span><\/a><\/span><\/p>","protected":false},"featured_media":2243,"comment_status":"open","ping_status":"closed","template":"","meta":[],"product_cat":[15],"product_tag":[],"class_list":["post-2238","product","type-product","status-publish","has-post-thumbnail","hentry","product_cat-diode-laser-hair-removal-machine"],"_links":{"self":[{"href":"https:\/\/www.mlkjlasers.com\/it\/wp-json\/wp\/v2\/product\/2238","targetHints":{"allow":["GET"]}}],"collection":[{"href":"https:\/\/www.mlkjlasers.com\/it\/wp-json\/wp\/v2\/product"}],"about":[{"href":"https:\/\/www.mlkjlasers.com\/it\/wp-json\/wp\/v2\/types\/product"}],"replies":[{"embeddable":true,"href":"https:\/\/www.mlkjlasers.com\/it\/wp-json\/wp\/v2\/comments?post=2238"}],"wp:featuredmedia":[{"embeddable":true,"href":"https:\/\/www.mlkjlasers.com\/it\/wp-json\/wp\/v2\/media\/2243"}],"wp:attachment":[{"href":"https:\/\/www.mlkjlasers.com\/it\/wp-json\/wp\/v2\/media?parent=2238"}],"wp:term":[{"taxonomy":"product_cat","embeddable":true,"href":"https:\/\/www.mlkjlasers.com\/it\/wp-json\/wp\/v2\/product_cat?post=2238"},{"taxonomy":"product_tag","embeddable":true,"href":"https:\/\/www.mlkjlasers.com\/it\/wp-json\/wp\/v2\/product_tag?post=2238"}],"curies":[{"name":"wp","href":"https:\/\/api.w.org\/{rel}","templated":true}]}}