{"id":2334,"date":"2023-08-28T09:23:34","date_gmt":"2023-08-28T01:23:34","guid":{"rendered":"https:\/\/mlkjlasers.com\/?post_type=product&#038;p=2334"},"modified":"2026-01-27T15:14:58","modified_gmt":"2026-01-27T07:14:58","slug":"new-technology-fat-removal-ems-body-tightening-machines-lose-weight-machine-sculpting-ems-body-device-stimulator","status":"publish","type":"product","link":"https:\/\/www.mlkjlasers.com\/it\/product\/new-technology-fat-removal-ems-body-tightening-machines-lose-weight-machine-sculpting-ems-body-device-stimulator\/","title":{"rendered":"Perdere peso portatile 4 maniglie 16 Tesla muscolo costruzione stimolatore grasso scultura macchina"},"content":{"rendered":"<div class=\"J_module\">\n<div class=\"icbu-pc-images magic-0\">\n<div>\n<div class=\"flex-layout-v\">\n<div class=\"flex-layout-h magic-0\">\n<div class=\"magic-1\"><span style=\"color: #000000; font-size: 14pt; font-family: helvetica, arial, sans-serif;\"><img fetchpriority=\"high\" decoding=\"async\" class=\"size-full wp-image-3747\" src=\"https:\/\/www.mlkjlasers.com\/wp-content\/uploads\/2026\/01\/\u4fbf\u643a\u56db-7.jpg\" alt=\"\" width=\"1920\" height=\"1080\" srcset=\"https:\/\/www.mlkjlasers.com\/wp-content\/uploads\/2026\/01\/\u4fbf\u643a\u56db-7.jpg 1920w, https:\/\/www.mlkjlasers.com\/wp-content\/uploads\/2026\/01\/\u4fbf\u643a\u56db-7-300x169.jpg 300w, https:\/\/www.mlkjlasers.com\/wp-content\/uploads\/2026\/01\/\u4fbf\u643a\u56db-7-1024x576.jpg 1024w, https:\/\/www.mlkjlasers.com\/wp-content\/uploads\/2026\/01\/\u4fbf\u643a\u56db-7-768x432.jpg 768w, https:\/\/www.mlkjlasers.com\/wp-content\/uploads\/2026\/01\/\u4fbf\u643a\u56db-7-1536x864.jpg 1536w, https:\/\/www.mlkjlasers.com\/wp-content\/uploads\/2026\/01\/\u4fbf\u643a\u56db-7-18x10.jpg 18w, https:\/\/www.mlkjlasers.com\/wp-content\/uploads\/2026\/01\/\u4fbf\u643a\u56db-7-600x338.jpg 600w\" sizes=\"(max-width: 1920px) 100vw, 1920px\" \/><\/span><\/div>\n<\/div>\n<\/div>\n<\/div>\n<\/div>\n<\/div>\n<div class=\"J_module\">\n<div class=\"detail-decorate-json-renderer-container\">\n<div class=\"magic-3\">\n<div class=\"magic-4\">\n<div class=\"magic-5\">\n<div class=\"magic-6\">\n<div class=\"magic-7\" style=\"text-align: left;\"><span style=\"font-size: 14pt;\"><b>Costruire muscoli<\/b><\/span><br \/>\n<span style=\"font-size: 14pt;\">I muscoli si contraggono 30.000 volte ad alta frequenza e intensit\u00e0, permettendo l\u2019allenamento e l\u2019aumento della densit\u00e0 e del volume muscolare.<\/span><br \/>\n<span style=\"font-size: 14pt;\"><b>Ridurre il grasso<\/b><\/span><br \/>\n<span style=\"font-size: 14pt;\">La contrazione finale dei muscoli richiede una grande quantit\u00e0 di rifornimento energetico, quindi anche le cellule grasse accanto ai muscoli vengono consumate, portando all'apottosi naturale e alla riduzione efficace del grasso.<\/span><br \/>\n<span style=\"font-size: 14pt;\"><b>Scultura muscolare<\/b><\/span><br \/>\n<span style=\"font-size: 14pt;\">Esercizio dei muscoli addominali e glutei, allenare i muscoli oblichi dell'addome, e modellare la linea sirena.<\/span><\/div>\n<div style=\"text-align: left;\"><span style=\"font-size: 14pt;\"><img decoding=\"async\" class=\"aligncenter size-full wp-image-3750\" src=\"https:\/\/www.mlkjlasers.com\/wp-content\/uploads\/2026\/01\/\u4fbf\u643a\u56db-11.jpg\" alt=\"\" width=\"1920\" height=\"1080\" srcset=\"https:\/\/www.mlkjlasers.com\/wp-content\/uploads\/2026\/01\/\u4fbf\u643a\u56db-11.jpg 1920w, https:\/\/www.mlkjlasers.com\/wp-content\/uploads\/2026\/01\/\u4fbf\u643a\u56db-11-300x169.jpg 300w, https:\/\/www.mlkjlasers.com\/wp-content\/uploads\/2026\/01\/\u4fbf\u643a\u56db-11-1024x576.jpg 1024w, https:\/\/www.mlkjlasers.com\/wp-content\/uploads\/2026\/01\/\u4fbf\u643a\u56db-11-768x432.jpg 768w, https:\/\/www.mlkjlasers.com\/wp-content\/uploads\/2026\/01\/\u4fbf\u643a\u56db-11-1536x864.jpg 1536w, https:\/\/www.mlkjlasers.com\/wp-content\/uploads\/2026\/01\/\u4fbf\u643a\u56db-11-18x10.jpg 18w, https:\/\/www.mlkjlasers.com\/wp-content\/uploads\/2026\/01\/\u4fbf\u643a\u56db-11-600x338.jpg 600w\" sizes=\"(max-width: 1920px) 100vw, 1920px\" \/><\/span><\/div>\n<div><\/div>\n<div class=\"magic-7\"><span class=\"magic-8\" style=\"color: #000000; font-size: 14pt; font-family: helvetica, arial, sans-serif;\">Super facile da perdere peso! <\/span><\/div>\n<div class=\"magic-7\"><span class=\"magic-8\" style=\"color: #000000; font-size: 14pt; font-family: helvetica, arial, sans-serif;\"> Tutto quello di cui hai bisogno \u00e8 una macchina di modellazione muscolare RF ad alta resistenza<\/span><\/div>\n<\/div>\n<div><span style=\"font-size: 14pt;\"><img decoding=\"async\" class=\"size-full wp-image-3749 alignleft\" src=\"https:\/\/www.mlkjlasers.com\/wp-content\/uploads\/2026\/01\/\u4fbf\u643a\u56db-10.jpg\" alt=\"\" width=\"1920\" height=\"1080\" srcset=\"https:\/\/www.mlkjlasers.com\/wp-content\/uploads\/2026\/01\/\u4fbf\u643a\u56db-10.jpg 1920w, https:\/\/www.mlkjlasers.com\/wp-content\/uploads\/2026\/01\/\u4fbf\u643a\u56db-10-300x169.jpg 300w, https:\/\/www.mlkjlasers.com\/wp-content\/uploads\/2026\/01\/\u4fbf\u643a\u56db-10-1024x576.jpg 1024w, https:\/\/www.mlkjlasers.com\/wp-content\/uploads\/2026\/01\/\u4fbf\u643a\u56db-10-768x432.jpg 768w, https:\/\/www.mlkjlasers.com\/wp-content\/uploads\/2026\/01\/\u4fbf\u643a\u56db-10-1536x864.jpg 1536w, https:\/\/www.mlkjlasers.com\/wp-content\/uploads\/2026\/01\/\u4fbf\u643a\u56db-10-18x10.jpg 18w, https:\/\/www.mlkjlasers.com\/wp-content\/uploads\/2026\/01\/\u4fbf\u643a\u56db-10-600x338.jpg 600w\" sizes=\"(max-width: 1920px) 100vw, 1920px\" \/><\/span><\/div>\n<\/div>\n<\/div>\n<\/div>\n<\/div>\n<\/div>\n<div class=\"J_module\">\n<div class=\"icbu-pc-images magic-0\">\n<div>\n<div class=\"flex-layout-v\">\n<div class=\"flex-layout-h magic-0\">\n<div class=\"magic-9\"><span style=\"font-size: 14pt;\"><b style=\"color: #000000; font-family: helvetica, arial, sans-serif;\">Come funziona questa macchina?<\/b><\/span><\/div>\n<\/div>\n<\/div>\n<\/div>\n<\/div>\n<\/div>\n<div class=\"J_module\">\n<div class=\"detail-decorate-json-renderer-container\">\n<div class=\"magic-3\">\n<div class=\"magic-4\">\n<div class=\"magic-5\">\n<div class=\"magic-6\" style=\"text-align: left;\"><span class=\"magic-11\" style=\"color: #000000; font-size: 14pt; font-family: helvetica, arial, sans-serif;\">Adotta elettromagnetico pulsato ad alta intensit\u00e0 per costruire muscoli e toni per l'addome, le braccia, le gambe e i glutei.<br \/>\n<\/span><\/div>\n<div style=\"text-align: left;\"><span style=\"font-size: 14pt;\">Nel lavoro quotidiano, quando la maniglia agisce su diverse parti di diversi clienti, sono necessari diversi parametri. Ogni maniglia pu\u00f2 regolare i parametri in modo indipendente, soddisfando perfettamente le diverse esigenze energetiche di diverse parti quando le maniglie lavorano allo stesso tempo.<\/span><\/div>\n<div><span style=\"font-size: 14pt;\"><img loading=\"lazy\" decoding=\"async\" class=\"aligncenter size-full wp-image-3751\" src=\"https:\/\/www.mlkjlasers.com\/wp-content\/uploads\/2026\/01\/\u4fbf\u643a\u56db-12.jpg\" alt=\"\" width=\"1920\" height=\"1080\" srcset=\"https:\/\/www.mlkjlasers.com\/wp-content\/uploads\/2026\/01\/\u4fbf\u643a\u56db-12.jpg 1920w, https:\/\/www.mlkjlasers.com\/wp-content\/uploads\/2026\/01\/\u4fbf\u643a\u56db-12-300x169.jpg 300w, https:\/\/www.mlkjlasers.com\/wp-content\/uploads\/2026\/01\/\u4fbf\u643a\u56db-12-1024x576.jpg 1024w, https:\/\/www.mlkjlasers.com\/wp-content\/uploads\/2026\/01\/\u4fbf\u643a\u56db-12-768x432.jpg 768w, https:\/\/www.mlkjlasers.com\/wp-content\/uploads\/2026\/01\/\u4fbf\u643a\u56db-12-1536x864.jpg 1536w, https:\/\/www.mlkjlasers.com\/wp-content\/uploads\/2026\/01\/\u4fbf\u643a\u56db-12-18x10.jpg 18w, https:\/\/www.mlkjlasers.com\/wp-content\/uploads\/2026\/01\/\u4fbf\u643a\u56db-12-600x338.jpg 600w\" sizes=\"(max-width: 1920px) 100vw, 1920px\" \/><\/span><\/div>\n<\/div>\n<div style=\"text-align: left;\"><span style=\"font-size: 14pt;\">Funzionalit\u00e0 multi-modalit\u00e0 &#8211; Vari livelli di intensit\u00e0 per un trattamento personalizzato.<\/span><br \/>\n<span style=\"font-size: 14pt;\">Veloce &amp; Risultati visibili &#8211; Senti la differenza in poche sessioni.<\/span><br \/>\n<span style=\"font-size: 14pt;\">Sicurezza &amp; Non invasivo &#8211; Nessun intervento chirurgico, nessun arresto, nessun dolore.<\/span><br \/>\n<span style=\"font-size: 14pt;\">Uso del corpo intero &#8211; Funziona sugli addominali, le braccia, le cosce, i glutei e altro ancora.<\/span><br \/>\n<span style=\"font-size: 14pt;\">Portabile &amp; Facile da usare &#8211; Perfetto per saloni, cliniche o uso domestico.<\/span><\/div>\n<div><span style=\"font-size: 14pt;\"><img loading=\"lazy\" decoding=\"async\" class=\"aligncenter size-full wp-image-3753\" src=\"https:\/\/www.mlkjlasers.com\/wp-content\/uploads\/2026\/01\/\u4fbf\u643a\u56db-14.jpg\" alt=\"\" width=\"1920\" height=\"1080\" srcset=\"https:\/\/www.mlkjlasers.com\/wp-content\/uploads\/2026\/01\/\u4fbf\u643a\u56db-14.jpg 1920w, https:\/\/www.mlkjlasers.com\/wp-content\/uploads\/2026\/01\/\u4fbf\u643a\u56db-14-300x169.jpg 300w, https:\/\/www.mlkjlasers.com\/wp-content\/uploads\/2026\/01\/\u4fbf\u643a\u56db-14-1024x576.jpg 1024w, https:\/\/www.mlkjlasers.com\/wp-content\/uploads\/2026\/01\/\u4fbf\u643a\u56db-14-768x432.jpg 768w, https:\/\/www.mlkjlasers.com\/wp-content\/uploads\/2026\/01\/\u4fbf\u643a\u56db-14-1536x864.jpg 1536w, https:\/\/www.mlkjlasers.com\/wp-content\/uploads\/2026\/01\/\u4fbf\u643a\u56db-14-18x10.jpg 18w, https:\/\/www.mlkjlasers.com\/wp-content\/uploads\/2026\/01\/\u4fbf\u643a\u56db-14-600x338.jpg 600w\" sizes=\"(max-width: 1920px) 100vw, 1920px\" \/><\/span><\/div>\n<div>\n<article class=\"4ever-article\"><strong><span style=\"font-size: 14pt;\" data-type=\"text\">Punti di vendita del dispositivo dimagrimento magnetico a 4 maniglie<\/span><\/strong><\/article>\n<article class=\"4ever-article\"><span style=\"font-size: 14pt;\">1.Quattro maniglie che lavorano contemporaneamente - raddoppia l'efficienza Trattare pi\u00f9 aree contemporaneamente (ad esempio, addome cosce braccia glutei). Risparmia tempo per sessione e migliora il fatturato dei clienti, perfetto per cliniche occupate.<\/span><\/article>\n<article><\/article>\n<article class=\"4ever-article\"><span style=\"font-size: 14pt;\">2. controllo indipendente - trattamenti su misura Ogni maniglia funziona in modo indipendente con impostazioni regolabili per intensit\u00e0 e modalit\u00e0. Personalizzato per diverse aree del corpo e obiettivi: riduzione del grasso, tonificazione o costruzione muscolare.<\/span><\/article>\n<article><\/article>\n<article class=\"4ever-article\"><span style=\"font-size: 14pt;\">3.Full-Body Contouring - Un dispositivo, la soluzione totale copre addome, braccia, cosce, glutei e altro ancora. Offre una soluzione di scultura completa per aumentare la soddisfazione e la ritenzione dei clienti.<\/span><\/article>\n<article><\/article>\n<article class=\"4ever-article\"><span style=\"font-size: 14pt;\">4.Efficient &amp; Una sessione \u00e8 rivolta a pi\u00f9 zone: meno sforzo manuale, pi\u00f9 automazione. Aumenta l'efficienza del personale e riduce i costi operativi.<\/span><\/article>\n<article><\/article>\n<article class=\"4ever-article\"><span style=\"font-size: 14pt;\">5.Dual-Person Use - Massimizzare i ricavi Due clienti possono essere trattati allo stesso tempo. Ideale per orari di punta, pacchetti promozionali o trattamenti di coppia \/ gruppo.<\/span><\/article>\n<article><\/article>\n<article class=\"4ever-article\"><span style=\"font-size: 14pt;\">6. High-Tech Appeal - Premium Customer Experience Design elegante con effetti LED e controlli touch screen migliora il valore percepito. Proieziona un'immagine moderna e professionale che eleva il posizionamento del tuo marchio.<\/span><\/article>\n<\/div>\n<\/div>\n<\/div>\n<\/div>\n<\/div>\n<div class=\"J_module\">\n<div class=\"detail-decorate-json-renderer-container\">\n<div class=\"magic-3\">\n<div class=\"magic-4\">\n<div class=\"magic-5\">\n<div class=\"magic-6\">\n<div class=\"magic-7\"><\/div>\n<\/div>\n<\/div>\n<\/div>\n<\/div>\n<\/div>\n<\/div>\n<div class=\"J_module\">\n<div class=\"icbu-pc-images magic-0\">\n<div class=\"flex-layout-v\">\n<div class=\"flex-layout-h magic-0\">\n<div class=\"magic-23\"><\/div>\n<\/div>\n<\/div>\n<\/div>\n<\/div>\n<div class=\"J_module\">\n<div class=\"icbu-pc-images magic-0\">\n<div>\n<div class=\"flex-layout-v\">\n<div class=\"flex-layout-h magic-0\">\n<div class=\"magic-24\"><\/div>\n<\/div>\n<\/div>\n<\/div>\n<\/div>\n<\/div>\n<div class=\"J_module\">\n<div class=\"detail-decorate-json-renderer-container\">\n<div class=\"magic-3\">\n<div class=\"magic-4\">\n<div class=\"magic-5\">\n<div class=\"magic-6\">\n<div class=\"magic-7\">\n<div><span style=\"font-size: 14pt;\"><img loading=\"lazy\" decoding=\"async\" class=\"aligncenter size-full wp-image-3752\" src=\"https:\/\/www.mlkjlasers.com\/wp-content\/uploads\/2026\/01\/\u4fbf\u643a\u56db-13.jpg\" alt=\"\" width=\"1920\" height=\"1080\" srcset=\"https:\/\/www.mlkjlasers.com\/wp-content\/uploads\/2026\/01\/\u4fbf\u643a\u56db-13.jpg 1920w, https:\/\/www.mlkjlasers.com\/wp-content\/uploads\/2026\/01\/\u4fbf\u643a\u56db-13-300x169.jpg 300w, https:\/\/www.mlkjlasers.com\/wp-content\/uploads\/2026\/01\/\u4fbf\u643a\u56db-13-1024x576.jpg 1024w, https:\/\/www.mlkjlasers.com\/wp-content\/uploads\/2026\/01\/\u4fbf\u643a\u56db-13-768x432.jpg 768w, https:\/\/www.mlkjlasers.com\/wp-content\/uploads\/2026\/01\/\u4fbf\u643a\u56db-13-1536x864.jpg 1536w, https:\/\/www.mlkjlasers.com\/wp-content\/uploads\/2026\/01\/\u4fbf\u643a\u56db-13-18x10.jpg 18w, https:\/\/www.mlkjlasers.com\/wp-content\/uploads\/2026\/01\/\u4fbf\u643a\u56db-13-600x338.jpg 600w\" sizes=\"(max-width: 1920px) 100vw, 1920px\" \/><\/span><\/div>\n<div class=\"magic-7\"><\/div>\n<div style=\"text-align: left;\"><span style=\"font-size: 14pt;\"><b style=\"color: #000000; font-family: helvetica, arial, sans-serif; text-align: left;\">rimozione grasso<\/b><\/span><\/div>\n<\/div>\n<\/div>\n<\/div>\n<\/div>\n<\/div>\n<\/div>\n<\/div>\n<div class=\"J_module\">\n<div class=\"detail-decorate-json-renderer-container\">\n<div class=\"magic-3\">\n<div class=\"magic-4\">\n<div class=\"magic-5\">\n<div class=\"magic-6\" style=\"text-align: left;\"><span style=\"color: #000000; font-size: 14pt; font-family: helvetica, arial, sans-serif;\">Il muscolo-costruzione migliorare il rilascio di epinefrina, che porta un effetto ovvio che porta alla lipolisi supramassima nelle cellule grasse.<\/span><\/div>\n<div class=\"magic-6\" style=\"text-align: left;\"><span style=\"color: #000000; font-size: 14pt; font-family: helvetica, arial, sans-serif;\"><b>Circolazione del miglioramento linfatico<\/b><\/span><br \/>\n<span style=\"color: #000000; font-size: 14pt; font-family: helvetica, arial, sans-serif;\">Le onde elettromagnetiche stimolano l'emoglobina, aumentano il flusso sanguigno, la circolazione linfatica. La procedura aumenta che le cellule grasse morte vengono eliminate in modo naturale.<\/span><\/div>\n<div class=\"magic-6\" style=\"text-align: left;\"><span style=\"color: #000000; font-size: 14pt; font-family: helvetica, arial, sans-serif;\"><b>Alta intensit\u00e0<\/b><\/span><br \/>\n<span style=\"color: #000000; font-size: 14pt; font-family: helvetica, arial, sans-serif;\">Tesla basato su energia magnetica ad alta intensit\u00e0, che potrebbe coprire i grandi muscoli scheletrici del corpo umano, e questo alto livello di energia consente la risposta muscolare con una profonda rimodellazione della sua struttura interna.<\/span><\/div>\n<\/div>\n<\/div>\n<\/div>\n<\/div>\n<\/div>\n<div class=\"J_module\">\n<div class=\"detail-decorate-json-renderer-container\">\n<div class=\"magic-3\">\n<div class=\"magic-4\">\n<div class=\"magic-5\">\n<div class=\"magic-6\"><span style=\"font-size: 14pt;\"><img loading=\"lazy\" decoding=\"async\" class=\"aligncenter size-full wp-image-3748\" src=\"https:\/\/www.mlkjlasers.com\/wp-content\/uploads\/2026\/01\/\u4fbf\u643a\u56db-8.jpg\" alt=\"\" width=\"1920\" height=\"1080\" srcset=\"https:\/\/www.mlkjlasers.com\/wp-content\/uploads\/2026\/01\/\u4fbf\u643a\u56db-8.jpg 1920w, https:\/\/www.mlkjlasers.com\/wp-content\/uploads\/2026\/01\/\u4fbf\u643a\u56db-8-300x169.jpg 300w, https:\/\/www.mlkjlasers.com\/wp-content\/uploads\/2026\/01\/\u4fbf\u643a\u56db-8-1024x576.jpg 1024w, https:\/\/www.mlkjlasers.com\/wp-content\/uploads\/2026\/01\/\u4fbf\u643a\u56db-8-768x432.jpg 768w, https:\/\/www.mlkjlasers.com\/wp-content\/uploads\/2026\/01\/\u4fbf\u643a\u56db-8-1536x864.jpg 1536w, https:\/\/www.mlkjlasers.com\/wp-content\/uploads\/2026\/01\/\u4fbf\u643a\u56db-8-18x10.jpg 18w, https:\/\/www.mlkjlasers.com\/wp-content\/uploads\/2026\/01\/\u4fbf\u643a\u56db-8-600x338.jpg 600w\" sizes=\"(max-width: 1920px) 100vw, 1920px\" \/><\/span><\/div>\n<div><span style=\"font-size: 14pt;\"><b class=\"magic-19\" style=\"color: #000000; font-family: helvetica, arial, sans-serif;\"><span class=\"magic-11\"><span class=\"magic-20\">14K schermo HD, maschio e femmina parametri di sistema preset pi\u00f9 conveniente<\/span><\/span><\/b><\/span><\/div>\n<\/div>\n<\/div>\n<\/div>\n<\/div>\n<\/div>\n<div class=\"J_module\">\n<div id=\"ali-anchor-AliMagic-3dz5fi\" class=\"magic-15\" data-section=\"AliMagic-3dz5fi\" data-section-title=\"Packing &amp; Delivery\">\n<div class=\"magic-7\"><span style=\"color: #000000; font-size: 14pt; font-family: helvetica, arial, sans-serif;\"><b class=\"magic-19\"><span class=\"magic-11\"><span class=\"magic-20\">Innovativo design di avvio con un solo clic<\/span><\/span><\/b><\/span><\/div>\n<div><img loading=\"lazy\" decoding=\"async\" class=\"aligncenter size-full wp-image-3735\" src=\"https:\/\/www.mlkjlasers.com\/wp-content\/uploads\/2026\/01\/\u4fbf\u643a\u53cc-7.jpg\" alt=\"\" width=\"1920\" height=\"1080\" srcset=\"https:\/\/www.mlkjlasers.com\/wp-content\/uploads\/2026\/01\/\u4fbf\u643a\u53cc-7.jpg 1920w, https:\/\/www.mlkjlasers.com\/wp-content\/uploads\/2026\/01\/\u4fbf\u643a\u53cc-7-300x169.jpg 300w, https:\/\/www.mlkjlasers.com\/wp-content\/uploads\/2026\/01\/\u4fbf\u643a\u53cc-7-1024x576.jpg 1024w, https:\/\/www.mlkjlasers.com\/wp-content\/uploads\/2026\/01\/\u4fbf\u643a\u53cc-7-768x432.jpg 768w, https:\/\/www.mlkjlasers.com\/wp-content\/uploads\/2026\/01\/\u4fbf\u643a\u53cc-7-1536x864.jpg 1536w, https:\/\/www.mlkjlasers.com\/wp-content\/uploads\/2026\/01\/\u4fbf\u643a\u53cc-7-18x10.jpg 18w, https:\/\/www.mlkjlasers.com\/wp-content\/uploads\/2026\/01\/\u4fbf\u643a\u53cc-7-600x338.jpg 600w\" sizes=\"(max-width: 1920px) 100vw, 1920px\" \/><\/div>\n<\/div>\n<\/div>\n<div class=\"J_module\">\n<div class=\"icbu-pc-images magic-0\">\n<div>\n<div class=\"flex-layout-v\">\n<div class=\"flex-layout-h magic-0\">\n<div class=\"magic-45\"><\/div>\n<\/div>\n<\/div>\n<\/div>\n<\/div>\n<\/div>\n<div class=\"J_module\">\n<div class=\"detail-decorate-json-renderer-container\">\n<div class=\"magic-3\">\n<div class=\"magic-4\">\n<div class=\"magic-5\">\n<div class=\"magic-6\">\n<p class=\"magic-38\" style=\"text-align: center;\" data-spm-anchor-id=\"a2700.wholesale.0.i46.521e26ba3HtoMY\"><span style=\"font-size: 14pt; color: #000000; font-family: helvetica, arial, sans-serif;\"><b><u>Imballaggio e consegna<\/u><\/b><br \/>\n<b>Imballaggio:<\/b> Scatola in alluminio stabile con schiuma.<br \/>\n<b>Consegna:<\/b> 3 giorni lavorativi, tramite DHL, UPS, TNT, FedEx, ecc servizio porta a porta.<br \/>\nPrima della consegna, i nostri ingegneri proveranno ogni dettaglio della macchina, assicurando che il nostro cliente possa ottenere la macchina pi\u00f9 perfetta da noi.\u00a0\u00a0<\/span><\/p>\n<\/div>\n<p data-spm-anchor-id=\"a2700.wholesale.0.i46.521e26ba3HtoMY\">\n<\/div>\n<\/div>\n<\/div>\n<\/div>\n<\/div>","protected":false},"excerpt":{"rendered":"<p><span class=\"\" title=\"Questo script \u00e8 stato scritto da un numero di operazioni, questo script \u00e8 completamente gratuito, per l&#039;uso individuale di studio e ricerca, proibisce la vendita indietro, il profitto e altri comportamenti, la violazione dell&#039;ego.\">Stimulatore muscolare di bellezza slim Ems<\/span><\/p>\n<p><span class=\"\" title=\"Questo script \u00e8 stato scritto da un numero di operazioni, questo script \u00e8 completamente gratuito, per l&#039;uso individuale di studio e ricerca, proibisce la vendita indietro, il profitto e altri comportamenti, la violazione dell&#039;ego.\">Ems che modellano la macchina di scultura<\/span><\/p>\n<p><span class=\"\" title=\"Questo script \u00e8 stato scritto da un numero di operazioni, questo script \u00e8 completamente gratuito, per l&#039;uso individuale di studio e ricerca, proibisce la vendita indietro, il profitto e altri comportamenti, la violazione dell&#039;ego.\">Ems modellare scultura<\/span><\/p>\n<p><span class=\"\" title=\"Questo script \u00e8 stato scritto da un numero di operazioni, questo script \u00e8 completamente gratuito, per l&#039;uso individuale di studio e ricerca, proibisce la vendita indietro, il profitto e altri comportamenti, la violazione dell&#039;ego.\">Sistema di dimagrimento Ems Dispositivo Ems<\/span><\/p>\n<p><span class=\"\" title=\"Questo script \u00e8 stato scritto da un numero di operazioni, questo script \u00e8 completamente gratuito, per l&#039;uso individuale di studio e ricerca, proibisce la vendita indietro, il profitto e altri comportamenti, la violazione dell&#039;ego.\">Ems modellare scultura rimozione del grasso<\/span><\/p>","protected":false},"featured_media":3743,"comment_status":"open","ping_status":"closed","template":"","meta":[],"product_cat":[28],"product_tag":[],"class_list":["post-2334","product","type-product","status-publish","has-post-thumbnail","hentry","product_cat-slimming-machine"],"_links":{"self":[{"href":"https:\/\/www.mlkjlasers.com\/it\/wp-json\/wp\/v2\/product\/2334","targetHints":{"allow":["GET"]}}],"collection":[{"href":"https:\/\/www.mlkjlasers.com\/it\/wp-json\/wp\/v2\/product"}],"about":[{"href":"https:\/\/www.mlkjlasers.com\/it\/wp-json\/wp\/v2\/types\/product"}],"replies":[{"embeddable":true,"href":"https:\/\/www.mlkjlasers.com\/it\/wp-json\/wp\/v2\/comments?post=2334"}],"wp:featuredmedia":[{"embeddable":true,"href":"https:\/\/www.mlkjlasers.com\/it\/wp-json\/wp\/v2\/media\/3743"}],"wp:attachment":[{"href":"https:\/\/www.mlkjlasers.com\/it\/wp-json\/wp\/v2\/media?parent=2334"}],"wp:term":[{"taxonomy":"product_cat","embeddable":true,"href":"https:\/\/www.mlkjlasers.com\/it\/wp-json\/wp\/v2\/product_cat?post=2334"},{"taxonomy":"product_tag","embeddable":true,"href":"https:\/\/www.mlkjlasers.com\/it\/wp-json\/wp\/v2\/product_tag?post=2334"}],"curies":[{"name":"wp","href":"https:\/\/api.w.org\/{rel}","templated":true}]}}