{"id":2448,"date":"2023-09-25T17:08:03","date_gmt":"2023-09-25T09:08:03","guid":{"rendered":"https:\/\/mlkjlasers.com\/?post_type=product&#038;p=2448"},"modified":"2026-01-23T15:07:50","modified_gmt":"2026-01-23T07:07:50","slug":"rf-rolling-fat-removal-3d-negative-pressure-weight-loss-treatment-machine","status":"publish","type":"product","link":"https:\/\/www.mlkjlasers.com\/it\/product\/rf-rolling-fat-removal-3d-negative-pressure-weight-loss-treatment-machine\/","title":{"rendered":"RF rotolamento rimozione di grasso 3D pressione negativa perdita di peso macchina di trattamento"},"content":{"rendered":"<p>RF rotolamento rimozione di grasso 3D pressione negativa perdita di peso macchina di trattamento<\/p>\n<p><img fetchpriority=\"high\" decoding=\"async\" class=\"alignnone size-full wp-image-2457\" src=\"https:\/\/mlkjlasers.com\/wp-content\/uploads\/2023\/09\/1.jpg\" alt=\"\" width=\"1920\" height=\"1080\" srcset=\"https:\/\/www.mlkjlasers.com\/wp-content\/uploads\/2023\/09\/1.jpg 1920w, https:\/\/www.mlkjlasers.com\/wp-content\/uploads\/2023\/09\/1-300x169.jpg 300w, https:\/\/www.mlkjlasers.com\/wp-content\/uploads\/2023\/09\/1-1024x576.jpg 1024w, https:\/\/www.mlkjlasers.com\/wp-content\/uploads\/2023\/09\/1-768x432.jpg 768w, https:\/\/www.mlkjlasers.com\/wp-content\/uploads\/2023\/09\/1-1536x864.jpg 1536w, https:\/\/www.mlkjlasers.com\/wp-content\/uploads\/2023\/09\/1-600x338.jpg 600w\" sizes=\"(max-width: 1920px) 100vw, 1920px\" \/><\/p>\n<p><img decoding=\"async\" class=\"alignnone size-full wp-image-2458\" src=\"https:\/\/mlkjlasers.com\/wp-content\/uploads\/2023\/09\/2.jpg\" alt=\"\" width=\"1920\" height=\"1080\" srcset=\"https:\/\/www.mlkjlasers.com\/wp-content\/uploads\/2023\/09\/2.jpg 1920w, https:\/\/www.mlkjlasers.com\/wp-content\/uploads\/2023\/09\/2-300x169.jpg 300w, https:\/\/www.mlkjlasers.com\/wp-content\/uploads\/2023\/09\/2-1024x576.jpg 1024w, https:\/\/www.mlkjlasers.com\/wp-content\/uploads\/2023\/09\/2-768x432.jpg 768w, https:\/\/www.mlkjlasers.com\/wp-content\/uploads\/2023\/09\/2-1536x864.jpg 1536w, https:\/\/www.mlkjlasers.com\/wp-content\/uploads\/2023\/09\/2-600x338.jpg 600w\" sizes=\"(max-width: 1920px) 100vw, 1920px\" \/> <img decoding=\"async\" class=\"alignnone size-full wp-image-2459\" src=\"https:\/\/mlkjlasers.com\/wp-content\/uploads\/2023\/09\/3.jpg\" alt=\"\" width=\"1920\" height=\"1608\" srcset=\"https:\/\/www.mlkjlasers.com\/wp-content\/uploads\/2023\/09\/3.jpg 1920w, https:\/\/www.mlkjlasers.com\/wp-content\/uploads\/2023\/09\/3-300x251.jpg 300w, https:\/\/www.mlkjlasers.com\/wp-content\/uploads\/2023\/09\/3-1024x858.jpg 1024w, https:\/\/www.mlkjlasers.com\/wp-content\/uploads\/2023\/09\/3-768x643.jpg 768w, https:\/\/www.mlkjlasers.com\/wp-content\/uploads\/2023\/09\/3-1536x1286.jpg 1536w, https:\/\/www.mlkjlasers.com\/wp-content\/uploads\/2023\/09\/3-600x503.jpg 600w\" sizes=\"(max-width: 1920px) 100vw, 1920px\" \/><\/p>\n<p>&nbsp;<\/p>\n<p>* Bellezza facciale e anti-invecchiamento: attraverso la testa di operazione facciale, pu\u00f2 rivitalizzare i fibroblasti umani per generare collagene, fibre elastiche, acido ialuronico e altre sostanze e ripristinare la vitalit\u00e0 della pelle; Pu\u00f2 risolvere la pelle giallastra del viso, il contorno non \u00e8 chiaro, la mancanza di elasticit\u00e0, la pelle sciolta, le rughe, il doppio mento e la depressione facciale.<\/p>\n<p>* Slim body Shaping: Per la decomposizione degli adipociti, decompongono i lipidi, in energia muscolare, riducono il volume di grasso, per stringere la pelle, effetto di forma. Pu\u00f2 risolvere l'accumulo di cellulite, l'obesit\u00e0 corporea, il tessuto della pelle arancione, l'edema dell'umidit\u00e0 e ecc.<\/p>\n<p>Vantaggi e caratteristiche<br \/>\n1. La maniglia del corpo \u00e8 dotata di uno schermo touch da 2,8 pollici, che \u00e8 pi\u00f9 facile da controllare e regolare.<br \/>\n2. Nessuna necessit\u00e0 di massaggio laborioso estetista, operazione semplice \u00e8 sicura.<br \/>\n3. Attrazione di pressione negativa di conversione di frequenza: la propriet\u00e0 fisica pura non ha alcun danno alla pelle, il miglior effetto \u00e8 il pi\u00f9 profondo.<br \/>\n4. Rullo di potenza bidirezionale: la superficie di contatto \u00e8 pi\u00f9 ampia, l'area di funzione \u00e8 pi\u00f9 grande, la profondit\u00e0 della funzione \u00e8 pi\u00f9 profonda.<br \/>\n5. Collet esclusivo personale: profondit\u00e0 dell'effetto tridimensionale, profondit\u00e0 di stimolazione della velocit\u00e0 infinitamente variabile intelligente \u00e8 diversa.<\/p>\n<p><img loading=\"lazy\" decoding=\"async\" class=\"alignnone size-full wp-image-2461\" src=\"https:\/\/mlkjlasers.com\/wp-content\/uploads\/2023\/09\/5.jpg\" alt=\"\" width=\"1920\" height=\"1080\" srcset=\"https:\/\/www.mlkjlasers.com\/wp-content\/uploads\/2023\/09\/5.jpg 1920w, https:\/\/www.mlkjlasers.com\/wp-content\/uploads\/2023\/09\/5-300x169.jpg 300w, https:\/\/www.mlkjlasers.com\/wp-content\/uploads\/2023\/09\/5-1024x576.jpg 1024w, https:\/\/www.mlkjlasers.com\/wp-content\/uploads\/2023\/09\/5-768x432.jpg 768w, https:\/\/www.mlkjlasers.com\/wp-content\/uploads\/2023\/09\/5-1536x864.jpg 1536w, https:\/\/www.mlkjlasers.com\/wp-content\/uploads\/2023\/09\/5-600x338.jpg 600w\" sizes=\"(max-width: 1920px) 100vw, 1920px\" \/><\/p>\n<p>&nbsp;<\/p>\n<p>Cavitazione 80K: sulla base dell'uso di onde ad ultrasuoni a bassa frequenza, crea un fenomeno chiamato &#8220; cavitazione&#8221; nel corpo. La cavitazione si verifica quando le onde ad ultrasuoni causano la formazione e l'implosione di minuscole bolle nel liquido che circonda le cellule adipose, causandole la rottura. Pu\u00f2 essere efficace per ridurre l'aspetto della cellulite, tonificare e rafforzare la pelle e ridurre la circonferenza delle aree trattate.<\/p>\n<p>RF multipolare: utilizza le onde elettromagnetiche applicate alla pelle e le onde penetrano nella pelle; superfici e raggiungono gli strati pi\u00f9 profondi, causando ai tessuti di vibrare e generare calore. Stimola cos\u00ec la scomposizione delle cellule grasse<\/p>\n<p>Vacuum RF: combina le tecnologie sia dell'aspirazione al vuoto che della tecnologia RF. L'aspirazione al vuoto viene utilizzata per massaggiare e manipolare la pelle, mentre la tecnologia RF viene utilizzata per riscaldare gli strati profondi della pelle, promuovendo la produzione di collagene e la scomposizione delle cellule grasse.<\/p>\n<p>&nbsp;<\/p>\n<p>&nbsp;<\/p>\n<p><img loading=\"lazy\" decoding=\"async\" class=\"alignnone size-full wp-image-2462\" src=\"https:\/\/mlkjlasers.com\/wp-content\/uploads\/2023\/09\/6.jpg\" alt=\"\" width=\"1920\" height=\"1608\" srcset=\"https:\/\/www.mlkjlasers.com\/wp-content\/uploads\/2023\/09\/6.jpg 1920w, https:\/\/www.mlkjlasers.com\/wp-content\/uploads\/2023\/09\/6-300x251.jpg 300w, https:\/\/www.mlkjlasers.com\/wp-content\/uploads\/2023\/09\/6-1024x858.jpg 1024w, https:\/\/www.mlkjlasers.com\/wp-content\/uploads\/2023\/09\/6-768x643.jpg 768w, https:\/\/www.mlkjlasers.com\/wp-content\/uploads\/2023\/09\/6-1536x1286.jpg 1536w, https:\/\/www.mlkjlasers.com\/wp-content\/uploads\/2023\/09\/6-600x503.jpg 600w\" sizes=\"(max-width: 1920px) 100vw, 1920px\" \/> <img loading=\"lazy\" decoding=\"async\" class=\"alignnone size-full wp-image-2463\" src=\"https:\/\/mlkjlasers.com\/wp-content\/uploads\/2023\/09\/7.jpg\" alt=\"\" width=\"1920\" height=\"1080\" srcset=\"https:\/\/www.mlkjlasers.com\/wp-content\/uploads\/2023\/09\/7.jpg 1920w, https:\/\/www.mlkjlasers.com\/wp-content\/uploads\/2023\/09\/7-300x169.jpg 300w, https:\/\/www.mlkjlasers.com\/wp-content\/uploads\/2023\/09\/7-1024x576.jpg 1024w, https:\/\/www.mlkjlasers.com\/wp-content\/uploads\/2023\/09\/7-768x432.jpg 768w, https:\/\/www.mlkjlasers.com\/wp-content\/uploads\/2023\/09\/7-1536x864.jpg 1536w, https:\/\/www.mlkjlasers.com\/wp-content\/uploads\/2023\/09\/7-600x338.jpg 600w\" sizes=\"(max-width: 1920px) 100vw, 1920px\" \/> <img loading=\"lazy\" decoding=\"async\" class=\"alignnone size-full wp-image-2464\" src=\"https:\/\/mlkjlasers.com\/wp-content\/uploads\/2023\/09\/8.jpg\" alt=\"\" width=\"1920\" height=\"1080\" srcset=\"https:\/\/www.mlkjlasers.com\/wp-content\/uploads\/2023\/09\/8.jpg 1920w, https:\/\/www.mlkjlasers.com\/wp-content\/uploads\/2023\/09\/8-300x169.jpg 300w, https:\/\/www.mlkjlasers.com\/wp-content\/uploads\/2023\/09\/8-1024x576.jpg 1024w, https:\/\/www.mlkjlasers.com\/wp-content\/uploads\/2023\/09\/8-768x432.jpg 768w, https:\/\/www.mlkjlasers.com\/wp-content\/uploads\/2023\/09\/8-1536x864.jpg 1536w, https:\/\/www.mlkjlasers.com\/wp-content\/uploads\/2023\/09\/8-600x338.jpg 600w\" sizes=\"(max-width: 1920px) 100vw, 1920px\" \/> <img loading=\"lazy\" decoding=\"async\" class=\"alignnone size-full wp-image-2465\" src=\"https:\/\/mlkjlasers.com\/wp-content\/uploads\/2023\/09\/9.jpg\" alt=\"\" width=\"1920\" height=\"1245\" srcset=\"https:\/\/www.mlkjlasers.com\/wp-content\/uploads\/2023\/09\/9.jpg 1920w, https:\/\/www.mlkjlasers.com\/wp-content\/uploads\/2023\/09\/9-300x195.jpg 300w, https:\/\/www.mlkjlasers.com\/wp-content\/uploads\/2023\/09\/9-1024x664.jpg 1024w, https:\/\/www.mlkjlasers.com\/wp-content\/uploads\/2023\/09\/9-768x498.jpg 768w, https:\/\/www.mlkjlasers.com\/wp-content\/uploads\/2023\/09\/9-1536x996.jpg 1536w, https:\/\/www.mlkjlasers.com\/wp-content\/uploads\/2023\/09\/9-600x389.jpg 600w\" sizes=\"(max-width: 1920px) 100vw, 1920px\" \/><\/p>\n<p>&nbsp;<\/p>","protected":false},"excerpt":{"rendered":"<p>La macchina di trattamento della perdita di peso a pressione negativa 3D di rimozione del grasso di rotolamento RF  * Bellezza facciale e anti-invecchiamento: attraverso la testa di operazione facciale, pu\u00f2 rivitalizzare i fibroblasti umani per generare collagene, fibre elastiche, acido ialuronico e altre sostanze e ripristinare la vitalit\u00e0 della pelle; Pu\u00f2 risolvere la pelle giallastra del viso, il contorno non \u00e8 chiaro, la mancanza di elasticit\u00e0, la pelle sciolta, [&hellip;]<\/p>","protected":false},"featured_media":3493,"comment_status":"open","ping_status":"closed","template":"","meta":[],"product_cat":[28],"product_tag":[],"class_list":["post-2448","product","type-product","status-publish","has-post-thumbnail","hentry","product_cat-slimming-machine"],"_links":{"self":[{"href":"https:\/\/www.mlkjlasers.com\/it\/wp-json\/wp\/v2\/product\/2448","targetHints":{"allow":["GET"]}}],"collection":[{"href":"https:\/\/www.mlkjlasers.com\/it\/wp-json\/wp\/v2\/product"}],"about":[{"href":"https:\/\/www.mlkjlasers.com\/it\/wp-json\/wp\/v2\/types\/product"}],"replies":[{"embeddable":true,"href":"https:\/\/www.mlkjlasers.com\/it\/wp-json\/wp\/v2\/comments?post=2448"}],"wp:featuredmedia":[{"embeddable":true,"href":"https:\/\/www.mlkjlasers.com\/it\/wp-json\/wp\/v2\/media\/3493"}],"wp:attachment":[{"href":"https:\/\/www.mlkjlasers.com\/it\/wp-json\/wp\/v2\/media?parent=2448"}],"wp:term":[{"taxonomy":"product_cat","embeddable":true,"href":"https:\/\/www.mlkjlasers.com\/it\/wp-json\/wp\/v2\/product_cat?post=2448"},{"taxonomy":"product_tag","embeddable":true,"href":"https:\/\/www.mlkjlasers.com\/it\/wp-json\/wp\/v2\/product_tag?post=2448"}],"curies":[{"name":"wp","href":"https:\/\/api.w.org\/{rel}","templated":true}]}}