{"id":261,"date":"2023-05-29T16:47:00","date_gmt":"2023-05-29T08:47:00","guid":{"rendered":"https:\/\/mingliang.leadsclouds.com\/?post_type=product&#038;p=261"},"modified":"2026-01-20T16:26:13","modified_gmt":"2026-01-20T08:26:13","slug":"e808v17-2in1","status":"publish","type":"product","link":"https:\/\/www.mlkjlasers.com\/it\/product\/e808v17-2in1\/","title":{"rendered":"Elight laser diodo laser V17 2in1"},"content":{"rendered":"<table style=\"border-collapse: collapse; width: 100%; height: 168px;\">\n<tbody>\n<tr style=\"height: 24px;\">\n<td style=\"width: 50%; height: 24px;\"><span style=\"font-family: helvetica, arial, sans-serif; color: #000000;\"><b>Elight laser diodo laser V17 2in1<\/b><\/span><\/td>\n<td style=\"width: 50%; height: 24px;\"><span style=\"font-family: helvetica, arial, sans-serif; color: #000000;\">Numero di modello: 2in1 V17<\/span><\/td>\n<\/tr>\n<tr style=\"height: 24px;\">\n<td style=\"width: 50%; height: 24px;\"><span style=\"font-family: helvetica, arial, sans-serif; color: #000000;\">Lunghezza d'onda (Elight IPL): 420nm\/510nm\/560nm\/585nm\/640nm\/690nm\/755nm<\/span><\/td>\n<td style=\"width: 50%; height: 24px;\"><span style=\"font-family: helvetica, arial, sans-serif; color: #000000;\">Lunghezza d'onda (laser a diodo): 755nm 808nm 1064nm<\/span><\/td>\n<\/tr>\n<tr style=\"height: 24px;\">\n<td style=\"width: 50%; height: 24px;\"><span style=\"font-family: helvetica, arial, sans-serif; color: #000000;\">Dimensione dello schermo: schermo touch a colori reali da 14 pollici<\/span><\/td>\n<td style=\"width: 50%; height: 24px;\"><span style=\"font-family: helvetica, arial, sans-serif; color: #000000;\">Durata dell'impulso: 10-300ms<\/span><\/td>\n<\/tr>\n<tr style=\"height: 24px;\">\n<td style=\"width: 50%; height: 24px;\"><span style=\"font-family: helvetica, arial, sans-serif; color: #000000;\">Frequenza: 1-10hz<\/span><\/td>\n<td style=\"width: 50%; height: 24px;\"><span style=\"font-family: helvetica, arial, sans-serif; color: #000000;\">Dimensione del punto (Elight): 15 * 50mm<\/span><\/td>\n<\/tr>\n<tr style=\"height: 24px;\">\n<td style=\"width: 50%; height: 24px;\"><span style=\"font-family: helvetica, arial, sans-serif; color: #000000;\">Dimensione del punto (laser a diodo): 12 * 20mm &amp; amp; 12 * 35 millimetri<\/span><\/td>\n<td style=\"width: 50%; height: 24px;\"><span style=\"font-family: helvetica, arial, sans-serif; color: #000000;\">Energia: 1-150J\/cm2<\/span><\/td>\n<\/tr>\n<tr style=\"height: 24px;\">\n<td style=\"width: 50%; height: 24px;\"><span style=\"font-family: helvetica, arial, sans-serif; color: #000000;\">Raffreddamento: TEC di raffreddamento dell'aria di raffreddamento ad acqua &lt; br&gt; Raffreddamento del condensatore<\/span><\/td>\n<td style=\"width: 50%; height: 24px;\"><span style=\"font-family: helvetica, arial, sans-serif; color: #000000;\">Tensione: AC220V \/ 110V 50HZ \/ 60HZ<\/span><\/td>\n<\/tr>\n<tr style=\"height: 24px;\">\n<td style=\"width: 50%; height: 24px;\"><span style=\"font-family: helvetica, arial, sans-serif; color: #000000;\">Demenza della macchina: scatola di alluminio<\/span><\/td>\n<td style=\"width: 50%; height: 24px;\"><span style=\"font-family: helvetica, arial, sans-serif; color: #000000;\">Garanzia: 2 anni<\/span><\/td>\n<\/tr>\n<\/tbody>\n<\/table>\n<div class=\"des2\">\n<div class=\"des_box1\">\n<div class=\"des_detail\">\n<div class=\"des_detail\">\n<p>&nbsp;<\/p>\n<p><span style=\"font-family: helvetica, arial, sans-serif; color: #000000;\"><img fetchpriority=\"high\" decoding=\"async\" class=\"aligncenter wp-image-1941\" src=\"https:\/\/mlkjlasers.com\/wp-content\/uploads\/2023\/05\/v17\u4e8c\u5408\u4e00\u8be6\u60c5\u9875_02.jpg\" alt=\"\" width=\"1920\" height=\"1281\" srcset=\"https:\/\/www.mlkjlasers.com\/wp-content\/uploads\/2023\/05\/v17\u4e8c\u5408\u4e00\u8be6\u60c5\u9875_02.jpg 790w, https:\/\/www.mlkjlasers.com\/wp-content\/uploads\/2023\/05\/v17\u4e8c\u5408\u4e00\u8be6\u60c5\u9875_02-300x200.jpg 300w, https:\/\/www.mlkjlasers.com\/wp-content\/uploads\/2023\/05\/v17\u4e8c\u5408\u4e00\u8be6\u60c5\u9875_02-768x512.jpg 768w, https:\/\/www.mlkjlasers.com\/wp-content\/uploads\/2023\/05\/v17\u4e8c\u5408\u4e00\u8be6\u60c5\u9875_02-600x400.jpg 600w\" sizes=\"(max-width: 1920px) 100vw, 1920px\" \/><\/span><\/p>\n<p>&nbsp;<\/p>\n<p><span style=\"font-family: helvetica, arial, sans-serif; color: #000000;\">Macchina di combinazione multifunzionale economica, maniglie laser a diodo Elight\/IPL in una macchina<\/span><br \/>\n<span style=\"font-family: helvetica, arial, sans-serif; color: #000000;\">Salone multifunzionale preferito Ipl elight pelle tenera e rimuovere macchina di depilazione laser a diodo di frecce<\/span><\/p>\n<p><span style=\"font-family: helvetica, arial, sans-serif; color: #000000;\"><img decoding=\"async\" class=\"aligncenter wp-image-1943\" src=\"https:\/\/mlkjlasers.com\/wp-content\/uploads\/2023\/05\/v17\u4e8c\u5408\u4e00\u8be6\u60c5\u9875_04.jpg\" alt=\"\" width=\"1920\" height=\"1976\" srcset=\"https:\/\/www.mlkjlasers.com\/wp-content\/uploads\/2023\/05\/v17\u4e8c\u5408\u4e00\u8be6\u60c5\u9875_04.jpg 790w, https:\/\/www.mlkjlasers.com\/wp-content\/uploads\/2023\/05\/v17\u4e8c\u5408\u4e00\u8be6\u60c5\u9875_04-292x300.jpg 292w, https:\/\/www.mlkjlasers.com\/wp-content\/uploads\/2023\/05\/v17\u4e8c\u5408\u4e00\u8be6\u60c5\u9875_04-768x790.jpg 768w, https:\/\/www.mlkjlasers.com\/wp-content\/uploads\/2023\/05\/v17\u4e8c\u5408\u4e00\u8be6\u60c5\u9875_04-600x617.jpg 600w\" sizes=\"(max-width: 1920px) 100vw, 1920px\" \/><\/span><\/p>\n<p>&nbsp;<\/p>\n<p><span style=\"font-family: helvetica, arial, sans-serif; color: #000000;\">Maniglia laser a diodo per depilazione permanente e indolore del viso e del corpo con testa di trattamento grande e piccola.<\/span><br \/>\n<span style=\"font-family: helvetica, arial, sans-serif; color: #000000;\">Ora la tecnologia con alta potenza e pulso breve assicurano che: prima che il corpo sente il dolore, il colpo di luce era finito. L'intero processo \u00e8 molto confortevole, non sentire dolore. Di solito 3-5 sessioni possono raggiungere la depilazione permanente.<\/span><\/p>\n<p>&nbsp;<\/p>\n<p><span style=\"font-family: helvetica, arial, sans-serif; color: #000000;\"><img decoding=\"async\" class=\"aligncenter\" src=\"https:\/\/cdn.cloudbf.com\/thumb\/format\/mini_xsize\/files\/28\/img\/2021\/12\/20\/v17-5_1LoKen.png.webp\" width=\"1564\" height=\"1503\" \/><\/span><\/p>\n<p><span style=\"font-family: helvetica, arial, sans-serif; color: #000000;\">Maniglia laser a diodo, il fascio laser ad alta energia penetra istantaneamente nella pelle e raggiunge il follicolo piloso durante il trattamento, la luce di uscita \u00e8 assorbita dalla melanina nel follicolo piloso, distruggendo cos\u00ec il follicolo piloso e raggiungendo la depilazione permanente. La larghezza dell'impulso laser \u00e8 impostata pi\u00f9 breve del tempo che il corpo umano&#8217; Tempo di sensazione, un singolo colpo di luce \u00e8 finito, ma il corpo umano \u00e8 caduto indolore, quindi potrebbe raggiungere la sensazione di trattamento indolore, per migliorare il cliente&#8217; esperienza confortevole.<\/span><\/p>\n<p>&nbsp;<\/p>\n<p><span style=\"font-family: helvetica, arial, sans-serif; color: #000000;\"><img loading=\"lazy\" decoding=\"async\" class=\"aligncenter wp-image-1931\" src=\"https:\/\/mlkjlasers.com\/wp-content\/uploads\/2023\/07\/\u5bf9\u6bd4-1024x393.jpg\" alt=\"\" width=\"1920\" height=\"738\" srcset=\"https:\/\/www.mlkjlasers.com\/wp-content\/uploads\/2023\/07\/\u5bf9\u6bd4-1024x393.jpg 1024w, https:\/\/www.mlkjlasers.com\/wp-content\/uploads\/2023\/07\/\u5bf9\u6bd4-300x115.jpg 300w, https:\/\/www.mlkjlasers.com\/wp-content\/uploads\/2023\/07\/\u5bf9\u6bd4-768x295.jpg 768w, https:\/\/www.mlkjlasers.com\/wp-content\/uploads\/2023\/07\/\u5bf9\u6bd4-600x231.jpg 600w, https:\/\/www.mlkjlasers.com\/wp-content\/uploads\/2023\/07\/\u5bf9\u6bd4.jpg 1200w\" sizes=\"(max-width: 1920px) 100vw, 1920px\" \/><\/span><\/p>\n<\/div>\n<\/div>\n<p><span style=\"font-size: 14pt; font-family: helvetica, arial, sans-serif; color: #000000;\"><strong>Elight per la rimozione dei peli ringiovanimento della pelle<\/strong><\/span><\/p>\n<div class=\"des\">\n<div class=\"des_detail\">\n<div class=\"des_detail\">\n<p><span style=\"font-family: helvetica, arial, sans-serif; color: #000000;\"><img loading=\"lazy\" decoding=\"async\" class=\"aligncenter\" src=\"https:\/\/cdn.cloudbf.com\/thumb\/format\/mini_xsize\/files\/28\/img\/2021\/12\/20\/v17-9_ja6G3P.png.webp\" width=\"1586\" height=\"1264\" \/><\/span><span style=\"font-family: helvetica, arial, sans-serif; color: #000000;\">1. Lampada del Regno Unito, colpi pi\u00f9 di 300.000 volte<\/span><br \/>\n<span style=\"font-family: helvetica, arial, sans-serif; color: #000000;\">2. 7 filtro, potrebbe fare pi\u00f9 funzione<\/span><br \/>\n<span style=\"font-family: helvetica, arial, sans-serif; color: #000000;\">3. Grandi dimensioni del punto 15*35mm, per il trattamento veloce<\/span><br \/>\n<span style=\"font-family: helvetica, arial, sans-serif; color: #000000;\">4. Il raffreddamento super riduce il doloroso, rende i pazienti pi\u00f9 comodi<\/span><\/p>\n<p><img loading=\"lazy\" decoding=\"async\" class=\"aligncenter wp-image-1944\" src=\"https:\/\/mlkjlasers.com\/wp-content\/uploads\/2023\/05\/v17\u4e8c\u5408\u4e00\u8be6\u60c5\u9875_05-e1690185469102.jpg\" alt=\"\" width=\"1920\" height=\"1496\" srcset=\"https:\/\/www.mlkjlasers.com\/wp-content\/uploads\/2023\/05\/v17\u4e8c\u5408\u4e00\u8be6\u60c5\u9875_05-e1690185469102.jpg 784w, https:\/\/www.mlkjlasers.com\/wp-content\/uploads\/2023\/05\/v17\u4e8c\u5408\u4e00\u8be6\u60c5\u9875_05-e1690185469102-300x234.jpg 300w, https:\/\/www.mlkjlasers.com\/wp-content\/uploads\/2023\/05\/v17\u4e8c\u5408\u4e00\u8be6\u60c5\u9875_05-e1690185469102-768x599.jpg 768w, https:\/\/www.mlkjlasers.com\/wp-content\/uploads\/2023\/05\/v17\u4e8c\u5408\u4e00\u8be6\u60c5\u9875_05-e1690185469102-600x468.jpg 600w\" sizes=\"(max-width: 1920px) 100vw, 1920px\" \/><\/p>\n<p><span style=\"font-family: helvetica, arial, sans-serif; color: #000000;\"><strong>\u00a0E-luce IPL per la rimozione dei peli\/ringiovanimento della pelle\/lavoro vascolare\/trattamento della pigmentazione\/acne clearance&#8230; &#8230; &#8230;<\/strong><\/span><\/p>\n<p><span style=\"font-family: helvetica, arial, sans-serif; color: #000000;\">* L'assorbimento di energia non \u00e8 influenzato dalla barriera del pigmento.<\/span><br \/>\n<span style=\"font-family: helvetica, arial, sans-serif; color: #000000;\">* Pu\u00f2 essere utilizzato sulla pelle scura e sui capelli fini chiari<\/span><br \/>\n<span style=\"font-family: helvetica, arial, sans-serif; color: #000000;\">* La luce pulsata a bassa energia riduce il rischio di ustioni cutanee e sensazione di dolore.<\/span><br \/>\n<span style=\"font-family: helvetica, arial, sans-serif; color: #000000;\">* Elimina gli effetti collaterali causati dal surriscaldamento dell'energia della luce.<\/span><br \/>\n<span style=\"font-family: helvetica, arial, sans-serif; color: #000000;\">* Dispositivo di sicurezza unico, protezione sicura della pelle.<\/span><br \/>\n<span style=\"font-family: helvetica, arial, sans-serif; color: #000000;\">* La testa di trattamento \u00e8 collegata direttamente alla pelle, non c'\u00e8 bisogno di misurare la distanza dalla pelle, facile da padroneggiare.<\/span><br \/>\n<span style=\"font-family: helvetica, arial, sans-serif; color: #000000;\">* Tecnologia di raffreddamento della pelle, rendendo clinica pi\u00f9 sicura e confortevole.<\/span><\/p>\n<p><span style=\"font-family: helvetica, arial, sans-serif; color: #000000;\"><img loading=\"lazy\" decoding=\"async\" class=\"aligncenter\" src=\"https:\/\/cdn.cloudbf.com\/thumb\/format\/mini_xsize\/files\/28\/img\/2021\/12\/28\/ipl-a6_12_mna3y7.jpg.webp\" width=\"1557\" height=\"948\" \/><\/span><\/p>\n<p><span style=\"font-family: helvetica, arial, sans-serif; color: #000000;\"><img loading=\"lazy\" decoding=\"async\" class=\"aligncenter\" src=\"https:\/\/cdn.cloudbf.com\/thumb\/format\/mini_xsize\/files\/28\/img\/2023\/06\/26\/v17_03_XVyBgD.jpg.webp\" alt=\"\" width=\"1554\" height=\"1039\" \/><\/span><\/p>\n<p style=\"text-align: left;\"><span style=\"font-family: helvetica, arial, sans-serif; color: #000000;\">Vantaggio<\/span><br \/>\n<span style=\"font-family: helvetica, arial, sans-serif; color: #000000;\">Un minuto di raffreddamento<\/span><br \/>\n<span style=\"font-family: helvetica, arial, sans-serif; color: #000000;\">Veloce, indolore, rimozione permanente dei peli Basso rumore del sistema e forte effetto di raffreddamento<\/span><br \/>\n<span style=\"font-family: helvetica, arial, sans-serif; color: #000000;\">24 ore di lavoro continuo<\/span><br \/>\n<span style=\"font-family: helvetica, arial, sans-serif; color: #000000;\">Ridurre il tempo di preparazione<\/span><br \/>\n<span style=\"font-family: helvetica, arial, sans-serif; color: #000000;\">Espandi la tua base di pazienti<\/span><br \/>\n<span style=\"font-family: helvetica, arial, sans-serif; color: #000000;\">Aumentare il profitto Adatto per il trattamento di tutte le parti del corpo<\/span><\/p>\n<p><img loading=\"lazy\" decoding=\"async\" class=\"aligncenter wp-image-1940\" src=\"https:\/\/mlkjlasers.com\/wp-content\/uploads\/2023\/05\/v17\u4e8c\u5408\u4e00\u8be6\u60c5\u9875_01.jpg\" alt=\"\" width=\"1920\" height=\"1281\" srcset=\"https:\/\/www.mlkjlasers.com\/wp-content\/uploads\/2023\/05\/v17\u4e8c\u5408\u4e00\u8be6\u60c5\u9875_01.jpg 790w, https:\/\/www.mlkjlasers.com\/wp-content\/uploads\/2023\/05\/v17\u4e8c\u5408\u4e00\u8be6\u60c5\u9875_01-300x200.jpg 300w, https:\/\/www.mlkjlasers.com\/wp-content\/uploads\/2023\/05\/v17\u4e8c\u5408\u4e00\u8be6\u60c5\u9875_01-768x512.jpg 768w, https:\/\/www.mlkjlasers.com\/wp-content\/uploads\/2023\/05\/v17\u4e8c\u5408\u4e00\u8be6\u60c5\u9875_01-600x400.jpg 600w\" sizes=\"(max-width: 1920px) 100vw, 1920px\" \/><\/p>\n<div class=\"img_b\">\n<p><span style=\"font-family: helvetica, arial, sans-serif; color: #000000;\"><img loading=\"lazy\" decoding=\"async\" class=\"aligncenter\" src=\"https:\/\/www.exfulaser.com\/uploads\/20230130\/%E5%B1%8F%E5%B9%95.jpg\" alt=\"\" width=\"1553\" height=\"1197\" \/><\/span><\/p>\n<p><span style=\"color: #000000; font-family: helvetica, arial, sans-serif; font-size: 14pt;\"><strong>Schermo 4K da 14 pollici, esperienza touch intelligente<\/strong><\/span><br \/>\n<span style=\"color: #000000; font-family: helvetica, arial, sans-serif;\">* Preimpostazioni di trattamento personalizzabili<\/span><br \/>\n<span style=\"color: #000000; font-family: helvetica, arial, sans-serif;\">* Con maschio e femmina, 6 stili della pelle da scegliere<\/span><br \/>\n<span style=\"color: #000000; font-family: helvetica, arial, sans-serif;\">* Facile da usare fornendo competenze operative \/ servizi di insegnamento<\/span><br \/>\n<span style=\"color: #000000; font-family: helvetica, arial, sans-serif;\">* Il logo e la lingua gratuiti possono essere personalizzati sullo schermo<\/span><\/p>\n<p>&nbsp;<\/p>\n<\/div>\n<\/div>\n<\/div>\n<p><span style=\"font-size: 14pt; color: #0000ff;\"><a style=\"color: #0000ff;\" href=\"https:\/\/www.mlkjlasers.com\/it\/contact-us\/\"><em><span style=\"font-family: helvetica, arial, sans-serif;\">Scopri di pi\u00f9 sui dettagli del prodotto!<\/span><\/em><\/a><\/span><br \/>\n<span style=\"color: #0000ff;\"><a style=\"color: #0000ff;\" href=\"https:\/\/www.mlkjlasers.com\/it\/contact-us\/\"><span style=\"font-size: 14pt;\"><em><span style=\"font-family: helvetica, arial, sans-serif;\">Chiedi prezzi!<\/span><\/em><\/span><\/a><\/span><br \/>\n<span style=\"color: #0000ff;\"><a style=\"color: #0000ff;\" href=\"https:\/\/www.mlkjlasers.com\/it\/contact-us\/\"><span style=\"font-size: 14pt;\"><em><span style=\"font-family: helvetica, arial, sans-serif;\">Diventa un agente!<\/span><\/em><\/span><\/a><\/span><br \/>\n<span style=\"color: #0000ff;\"><a style=\"color: #0000ff;\" href=\"https:\/\/www.mlkjlasers.com\/it\/contact-us\/\"><span style=\"font-size: 14pt;\"><em><span style=\"font-family: helvetica, arial, sans-serif;\">Benvenuti a chiedere!<\/span><\/em><\/span><\/a><\/span><\/p>\n<p>&nbsp;<\/p>\n<\/div>\n<\/div>\n<\/div>","protected":false},"excerpt":{"rendered":"<p>Maniglia laser a diodo, il fascio laser ad alta energia penetra istantaneamente nella pelle e raggiunge il follicolo piloso durante il trattamento, la luce di uscita \u00e8 assorbita dalla melanina nel follicolo piloso, distruggendo cos\u00ec il follicolo piloso e raggiungendo la depilazione permanente. La larghezza dell'impulso laser \u00e8 impostata pi\u00f9 breve del tempo che il corpo umano&#8217; Tempo di sensazione, un singolo colpo di luce \u00e8 finito, ma il corpo umano \u00e8 caduto indolore, quindi potrebbe raggiungere la sensazione di trattamento indolore, per migliorare il cliente&#8217; esperienza confortevole.<\/p>\n<p>E-luce IPL per la rimozione dei peli\/ringiovanimento della pelle\/lavoro vascolare\/trattamento della pigmentazione\/acne clearance&#8230;<br \/>\n* L'assorbimento di energia non \u00e8 influenzato dalla barriera del pigmento.<br \/>\n* Pu\u00f2 essere utilizzato sulla pelle scura e sui capelli fini chiari<br \/>\n* La luce pulsata a bassa energia riduce il rischio di ustioni cutanee e sensazione di dolore.<\/p>","protected":false},"featured_media":1951,"comment_status":"open","ping_status":"closed","template":"","meta":[],"product_cat":[29],"product_tag":[],"class_list":["post-261","product","type-product","status-publish","has-post-thumbnail","hentry","product_cat-multifunction-beauty-machine"],"_links":{"self":[{"href":"https:\/\/www.mlkjlasers.com\/it\/wp-json\/wp\/v2\/product\/261","targetHints":{"allow":["GET"]}}],"collection":[{"href":"https:\/\/www.mlkjlasers.com\/it\/wp-json\/wp\/v2\/product"}],"about":[{"href":"https:\/\/www.mlkjlasers.com\/it\/wp-json\/wp\/v2\/types\/product"}],"replies":[{"embeddable":true,"href":"https:\/\/www.mlkjlasers.com\/it\/wp-json\/wp\/v2\/comments?post=261"}],"wp:featuredmedia":[{"embeddable":true,"href":"https:\/\/www.mlkjlasers.com\/it\/wp-json\/wp\/v2\/media\/1951"}],"wp:attachment":[{"href":"https:\/\/www.mlkjlasers.com\/it\/wp-json\/wp\/v2\/media?parent=261"}],"wp:term":[{"taxonomy":"product_cat","embeddable":true,"href":"https:\/\/www.mlkjlasers.com\/it\/wp-json\/wp\/v2\/product_cat?post=261"},{"taxonomy":"product_tag","embeddable":true,"href":"https:\/\/www.mlkjlasers.com\/it\/wp-json\/wp\/v2\/product_tag?post=261"}],"curies":[{"name":"wp","href":"https:\/\/api.w.org\/{rel}","templated":true}]}}