{"id":2713,"date":"2023-11-15T14:54:18","date_gmt":"2023-11-15T06:54:18","guid":{"rendered":"https:\/\/mlkjlasers.com\/?post_type=product&#038;p=2713"},"modified":"2026-01-24T10:17:12","modified_gmt":"2026-01-24T02:17:12","slug":"q-switched-nd-yag-laser-tattoo-removal-machine-2","status":"publish","type":"product","link":"https:\/\/www.mlkjlasers.com\/it\/product\/q-switched-nd-yag-laser-tattoo-removal-machine-2\/","title":{"rendered":"Pico Laser rimozione tatuaggio Q-commutato Nd Yag macchina laser"},"content":{"rendered":"<div class=\"J_module\">\n<div class=\"icbu-pc-images magic-0\">\n<div class=\"flex-layout-v\">\n<div class=\"flex-layout-h magic-0\">\n<div><span style=\"font-size: 14pt;\"><img fetchpriority=\"high\" decoding=\"async\" class=\"aligncenter size-full wp-image-3487\" src=\"https:\/\/www.mlkjlasers.com\/wp-content\/uploads\/2026\/01\/ND-LA3\u6d77\u62a5.jpg\" alt=\"\" width=\"1920\" height=\"300\" srcset=\"https:\/\/www.mlkjlasers.com\/wp-content\/uploads\/2026\/01\/ND-LA3\u6d77\u62a5.jpg 1920w, https:\/\/www.mlkjlasers.com\/wp-content\/uploads\/2026\/01\/ND-LA3\u6d77\u62a5-300x47.jpg 300w, https:\/\/www.mlkjlasers.com\/wp-content\/uploads\/2026\/01\/ND-LA3\u6d77\u62a5-1024x160.jpg 1024w, https:\/\/www.mlkjlasers.com\/wp-content\/uploads\/2026\/01\/ND-LA3\u6d77\u62a5-768x120.jpg 768w, https:\/\/www.mlkjlasers.com\/wp-content\/uploads\/2026\/01\/ND-LA3\u6d77\u62a5-1536x240.jpg 1536w, https:\/\/www.mlkjlasers.com\/wp-content\/uploads\/2026\/01\/ND-LA3\u6d77\u62a5-600x94.jpg 600w\" sizes=\"(max-width: 1920px) 100vw, 1920px\" \/><\/span><\/div>\n<div class=\"magic-1\">\n<p><span style=\"font-family: Arial; font-size: 14pt;\">1. Funzione: rimozione del tatuaggio, rimozione permanente del makup, rimozione del nevus, rimozione del nevus dell'ota, trattamento di peeling del carbonio;<\/span><\/p>\n<p><span style=\"font-size: 14pt;\"><span style=\"font-family: Arial;\" data-spm-anchor-id=\"a2700.pc-decorate.0.i6.3eba3333s30LTF\">2. Sonde: 6 sonde <\/span><span style=\"font-family: Arial;\">Regolabile 1064\/532nm: pu\u00f2 regolare la dimensione del punto, pi\u00f9 facile per il trattamento di grande area; <\/span><span style=\"font-family: Arial;\">1064\/532nm fisso: pu\u00f2&#8217; t regolare la dimensione del punto;<\/span><span style=\"font-family: Arial;\">755\/1320nm: ringiovanimento della pelle.<\/span><\/span><\/p>\n<div><span style=\"font-family: Arial; font-size: 14pt;\">3.Frequenza: 1-20HZ;<\/span><\/div>\n<\/div>\n<div class=\"magic-1\"><\/div>\n<div class=\"magic-1\"><\/div>\n<\/div>\n<\/div>\n<\/div>\n<\/div>\n<div class=\"J_module\">\n<div class=\"icbu-pc-images magic-0\">\n<div class=\"flex-layout-v\">\n<div class=\"flex-layout-h magic-0\">\n<div class=\"magic-11\"><span style=\"color: #000000; font-family: helvetica, arial, sans-serif; font-size: 14pt;\"><img decoding=\"async\" class=\"aligncenter size-full wp-image-3532\" src=\"https:\/\/www.mlkjlasers.com\/wp-content\/uploads\/2026\/01\/LA3\u8be6\u60c5\u98751_01.jpg\" alt=\"\" width=\"2344\" height=\"1329\" srcset=\"https:\/\/www.mlkjlasers.com\/wp-content\/uploads\/2026\/01\/LA3\u8be6\u60c5\u98751_01.jpg 2344w, https:\/\/www.mlkjlasers.com\/wp-content\/uploads\/2026\/01\/LA3\u8be6\u60c5\u98751_01-300x170.jpg 300w, https:\/\/www.mlkjlasers.com\/wp-content\/uploads\/2026\/01\/LA3\u8be6\u60c5\u98751_01-1024x581.jpg 1024w, https:\/\/www.mlkjlasers.com\/wp-content\/uploads\/2026\/01\/LA3\u8be6\u60c5\u98751_01-768x435.jpg 768w, https:\/\/www.mlkjlasers.com\/wp-content\/uploads\/2026\/01\/LA3\u8be6\u60c5\u98751_01-1536x871.jpg 1536w, https:\/\/www.mlkjlasers.com\/wp-content\/uploads\/2026\/01\/LA3\u8be6\u60c5\u98751_01-2048x1161.jpg 2048w, https:\/\/www.mlkjlasers.com\/wp-content\/uploads\/2026\/01\/LA3\u8be6\u60c5\u98751_01-600x340.jpg 600w\" sizes=\"(max-width: 2344px) 100vw, 2344px\" \/><\/span><\/div>\n<div><\/div>\n<\/div>\n<\/div>\n<\/div>\n<\/div>\n<div class=\"J_module\">\n<div class=\"detail-decorate-json-renderer-container\">\n<div class=\"magic-3\">\n<div class=\"magic-4\">\n<div class=\"magic-5\">\n<div class=\"magic-6\">\n<p><span style=\"font-size: 14pt;\"><span class=\"magic-15\" style=\"color: #000000; font-family: helvetica, arial, sans-serif;\"><span class=\"magic-8\"><b class=\"magic-16\"><span class=\"magic-16\">Qualit\u00e0 artigianale, riflettere i dettagli estremi <\/span><\/b><\/span><\/span><span class=\"magic-8\" style=\"color: #000000; font-family: helvetica, arial, sans-serif;\"><b>Progettazione razionale <\/b><\/span><\/span><\/p>\n<div><span class=\"magic-8\" style=\"color: #000000; font-family: helvetica, arial, sans-serif; font-size: 14pt;\">1. Il prodotto ha un aspetto nuovo ed \u00e8 principalmente venduto come modello caldo <\/span><\/div>\n<div><span class=\"magic-8\" style=\"color: #000000; font-family: helvetica, arial, sans-serif; font-size: 14pt;\">2. staffa maniglia regolabile, forte e durevole <\/span><\/div>\n<div><span class=\"magic-8\" style=\"color: #000000; font-family: helvetica, arial, sans-serif; font-size: 14pt;\">3. Maniglia antiscivolo, design ergonomico <\/span><\/div>\n<div><span class=\"magic-8\" style=\"color: #000000; font-family: helvetica, arial, sans-serif; font-size: 14pt;\">4. tubo di collegamento del trattamento esteso<\/span><\/div>\n<div><\/div>\n<\/div>\n<div><span style=\"font-size: 14pt;\"><img decoding=\"async\" class=\"aligncenter size-full wp-image-3523\" src=\"https:\/\/www.mlkjlasers.com\/wp-content\/uploads\/2026\/01\/LA3\u8be6\u60c5\u98751_10.jpg\" alt=\"\" width=\"2344\" height=\"1656\" srcset=\"https:\/\/www.mlkjlasers.com\/wp-content\/uploads\/2026\/01\/LA3\u8be6\u60c5\u98751_10.jpg 2344w, https:\/\/www.mlkjlasers.com\/wp-content\/uploads\/2026\/01\/LA3\u8be6\u60c5\u98751_10-300x212.jpg 300w, https:\/\/www.mlkjlasers.com\/wp-content\/uploads\/2026\/01\/LA3\u8be6\u60c5\u98751_10-1024x723.jpg 1024w, https:\/\/www.mlkjlasers.com\/wp-content\/uploads\/2026\/01\/LA3\u8be6\u60c5\u98751_10-768x543.jpg 768w, https:\/\/www.mlkjlasers.com\/wp-content\/uploads\/2026\/01\/LA3\u8be6\u60c5\u98751_10-1536x1085.jpg 1536w, https:\/\/www.mlkjlasers.com\/wp-content\/uploads\/2026\/01\/LA3\u8be6\u60c5\u98751_10-2048x1447.jpg 2048w, https:\/\/www.mlkjlasers.com\/wp-content\/uploads\/2026\/01\/LA3\u8be6\u60c5\u98751_10-600x424.jpg 600w\" sizes=\"(max-width: 2344px) 100vw, 2344px\" \/><\/span><\/div>\n<\/div>\n<\/div>\n<div><\/div>\n<\/div>\n<\/div>\n<\/div>\n<div class=\"J_module\">\n<div class=\"icbu-pc-images magic-0\">\n<div class=\"flex-layout-v\">\n<div class=\"flex-layout-h magic-0\">\n<div class=\"magic-19\"><span style=\"font-size: 14pt;\"><b class=\"magic-20\" style=\"color: #000000; font-family: helvetica, arial, sans-serif;\"><span class=\"magic-16\">Dimensione pi\u00f9 piccola<\/span><\/b><\/span><\/div>\n<\/div>\n<\/div>\n<\/div>\n<\/div>\n<div class=\"J_module\">\n<div class=\"detail-decorate-json-renderer-container\">\n<div class=\"magic-3\">\n<div class=\"magic-4\">\n<div class=\"magic-5\">\n<div class=\"magic-6\"><span style=\"font-family: helvetica, arial, sans-serif; font-size: 14pt;\">Dimensione pi\u00f9 piccola 1. Adottare componenti principali di attrezzature mediche. Le dimensioni della macchina sono pi\u00f9 piccole. <\/span><\/div>\n<div class=\"magic-6\"><span style=\"font-family: helvetica, arial, sans-serif; font-size: 14pt;\">2. Trasporto transfrontaliero inferiore rispetto alle macchine ordinarie. <\/span><\/div>\n<div class=\"magic-6\">\n<p><span style=\"font-family: helvetica, arial, sans-serif; font-size: 14pt;\">3. La maniglia \u00e8 pi\u00f9 piccola e pi\u00f9 conveniente da usare<\/span><\/p>\n<p><span style=\"font-size: 14pt;\"><img loading=\"lazy\" decoding=\"async\" class=\"aligncenter size-full wp-image-3529\" src=\"https:\/\/www.mlkjlasers.com\/wp-content\/uploads\/2026\/01\/LA3\u8be6\u60c5\u98751_04.jpg\" alt=\"\" width=\"2344\" height=\"1434\" srcset=\"https:\/\/www.mlkjlasers.com\/wp-content\/uploads\/2026\/01\/LA3\u8be6\u60c5\u98751_04.jpg 2344w, https:\/\/www.mlkjlasers.com\/wp-content\/uploads\/2026\/01\/LA3\u8be6\u60c5\u98751_04-300x184.jpg 300w, https:\/\/www.mlkjlasers.com\/wp-content\/uploads\/2026\/01\/LA3\u8be6\u60c5\u98751_04-1024x626.jpg 1024w, https:\/\/www.mlkjlasers.com\/wp-content\/uploads\/2026\/01\/LA3\u8be6\u60c5\u98751_04-768x470.jpg 768w, https:\/\/www.mlkjlasers.com\/wp-content\/uploads\/2026\/01\/LA3\u8be6\u60c5\u98751_04-1536x940.jpg 1536w, https:\/\/www.mlkjlasers.com\/wp-content\/uploads\/2026\/01\/LA3\u8be6\u60c5\u98751_04-2048x1253.jpg 2048w, https:\/\/www.mlkjlasers.com\/wp-content\/uploads\/2026\/01\/LA3\u8be6\u60c5\u98751_04-600x367.jpg 600w\" sizes=\"(max-width: 2344px) 100vw, 2344px\" \/><\/span><\/p>\n<div>\n<p><span style=\"font-size: 14pt;\"><strong style=\"font-family: helvetica, arial, sans-serif;\">5 teste di trattamento, disegno di filo esterno staccabile e rotabile<\/strong><\/span><\/p>\n<\/div>\n<\/div>\n<\/div>\n<\/div>\n<\/div>\n<\/div>\n<\/div>\n<div class=\"J_module\">\n<div class=\"detail-decorate-json-renderer-container\">\n<div class=\"magic-3\">\n<div class=\"magic-4\">\n<div class=\"magic-5\">\n<div class=\"magic-6\">\n<p><span style=\"font-family: helvetica, arial, sans-serif; font-size: 14pt;\">1. <strong>532:<\/strong> Rimuovere tatuaggi colorati. <\/span><\/p>\n<p><span style=\"font-family: helvetica, arial, sans-serif; font-size: 14pt;\">2. <strong>755:<\/strong> testa di nido d'ape: usato per rimuovere macchie di et\u00e0, frecce e cloasma. piccoli danni alla pelle <\/span><\/p>\n<p><span style=\"font-family: helvetica, arial, sans-serif; font-size: 14pt;\">3. <strong>Parametro regolabile 1064:<\/strong> per rimozione tatuaggio, cancellazione sopracciglia <\/span><\/p>\n<p><span style=\"font-family: helvetica, arial, sans-serif; font-size: 14pt;\">4. <strong>Parametro non regolabile 1064:<\/strong> usato per rimuovere tatuaggi e cancellare sopracciglia <\/span><\/p>\n<p><span style=\"font-family: helvetica, arial, sans-serif; font-size: 14pt;\">5. <strong>1320:<\/strong> trattamento di grande area, grande punto, velocit\u00e0 di trattamento rapido e buon effetto<\/span><\/p>\n<div><span style=\"font-size: 14pt;\"><img loading=\"lazy\" decoding=\"async\" class=\"aligncenter size-full wp-image-3530\" src=\"https:\/\/www.mlkjlasers.com\/wp-content\/uploads\/2026\/01\/LA3\u8be6\u60c5\u98751_03.jpg\" alt=\"\" width=\"2344\" height=\"2064\" srcset=\"https:\/\/www.mlkjlasers.com\/wp-content\/uploads\/2026\/01\/LA3\u8be6\u60c5\u98751_03.jpg 2344w, https:\/\/www.mlkjlasers.com\/wp-content\/uploads\/2026\/01\/LA3\u8be6\u60c5\u98751_03-300x264.jpg 300w, https:\/\/www.mlkjlasers.com\/wp-content\/uploads\/2026\/01\/LA3\u8be6\u60c5\u98751_03-1024x902.jpg 1024w, https:\/\/www.mlkjlasers.com\/wp-content\/uploads\/2026\/01\/LA3\u8be6\u60c5\u98751_03-768x676.jpg 768w, https:\/\/www.mlkjlasers.com\/wp-content\/uploads\/2026\/01\/LA3\u8be6\u60c5\u98751_03-1536x1353.jpg 1536w, https:\/\/www.mlkjlasers.com\/wp-content\/uploads\/2026\/01\/LA3\u8be6\u60c5\u98751_03-2048x1803.jpg 2048w, https:\/\/www.mlkjlasers.com\/wp-content\/uploads\/2026\/01\/LA3\u8be6\u60c5\u98751_03-600x528.jpg 600w\" sizes=\"(max-width: 2344px) 100vw, 2344px\" \/><\/span><\/div>\n<\/div>\n<\/div>\n<\/div>\n<\/div>\n<\/div>\n<\/div>\n<div class=\"J_module\">\n<div class=\"icbu-pc-images magic-0\">\n<div>\n<div class=\"flex-layout-v\">\n<div class=\"flex-layout-h magic-0\">\n<div><span style=\"font-size: 14pt;\"><b style=\"color: #000000; font-family: helvetica, arial, sans-serif;\">La massima energia, il miglior effetto<\/b><\/span><\/div>\n<\/div>\n<\/div>\n<\/div>\n<\/div>\n<\/div>\n<div class=\"J_module\">\n<div class=\"detail-decorate-json-renderer-container\">\n<div class=\"magic-3\">\n<div class=\"magic-4\">\n<div class=\"magic-5\">\n<div class=\"magic-6\">\n<div><span class=\"magic-8\" style=\"color: #000000; font-family: helvetica, arial, sans-serif; font-size: 14pt;\">1. I dati di laboratorio mostrano che l'asta laser raggiunge 2000mj. <\/span><\/div>\n<div><span class=\"magic-8\" style=\"color: #000000; font-family: helvetica, arial, sans-serif; font-size: 14pt;\">2. Calcolo preciso del valore laser <\/span><\/div>\n<div><span class=\"magic-8\" style=\"color: #000000; font-family: helvetica, arial, sans-serif; font-size: 14pt;\">3. La distanza di mira della luce indicatore \u00e8 6-10cm<\/span><\/div>\n<div><span style=\"font-size: 14pt;\"><img loading=\"lazy\" decoding=\"async\" class=\"aligncenter size-full wp-image-3525\" src=\"https:\/\/www.mlkjlasers.com\/wp-content\/uploads\/2026\/01\/LA3\u8be6\u60c5\u98751_08.jpg\" alt=\"\" width=\"2344\" height=\"1800\" srcset=\"https:\/\/www.mlkjlasers.com\/wp-content\/uploads\/2026\/01\/LA3\u8be6\u60c5\u98751_08.jpg 2344w, https:\/\/www.mlkjlasers.com\/wp-content\/uploads\/2026\/01\/LA3\u8be6\u60c5\u98751_08-300x230.jpg 300w, https:\/\/www.mlkjlasers.com\/wp-content\/uploads\/2026\/01\/LA3\u8be6\u60c5\u98751_08-1024x786.jpg 1024w, https:\/\/www.mlkjlasers.com\/wp-content\/uploads\/2026\/01\/LA3\u8be6\u60c5\u98751_08-768x590.jpg 768w, https:\/\/www.mlkjlasers.com\/wp-content\/uploads\/2026\/01\/LA3\u8be6\u60c5\u98751_08-1536x1180.jpg 1536w, https:\/\/www.mlkjlasers.com\/wp-content\/uploads\/2026\/01\/LA3\u8be6\u60c5\u98751_08-2048x1573.jpg 2048w, https:\/\/www.mlkjlasers.com\/wp-content\/uploads\/2026\/01\/LA3\u8be6\u60c5\u98751_08-600x461.jpg 600w\" sizes=\"(max-width: 2344px) 100vw, 2344px\" \/><\/span><\/div>\n<\/div>\n<\/div>\n<\/div>\n<\/div>\n<\/div>\n<\/div>\n<div class=\"J_module\">\n<div class=\"icbu-pc-images magic-0\">\n<div>\n<div class=\"flex-layout-v\">\n<div class=\"flex-layout-h magic-0\">\n<div class=\"magic-11\"><\/div>\n<\/div>\n<\/div>\n<\/div>\n<\/div>\n<\/div>\n<div class=\"J_module\">\n<div class=\"detail-decorate-json-renderer-container\">\n<div class=\"magic-3\">\n<div class=\"magic-4\">\n<div class=\"magic-5\">\n<div class=\"magic-6\">\n<p><span style=\"color: #000000; font-family: helvetica, arial, sans-serif; font-size: 14pt;\">Meccanismo a cassetta Q-switch in pietra importato, l'intero laser solido, senza sostituire Q-switch.<\/span><\/p>\n<div><span class=\"magic-8\" style=\"color: #000000; font-family: helvetica, arial, sans-serif; font-size: 14pt;\"><b>Rimozione del tatuaggio. Rimuovere i pigmenti del tatuaggio nero, blu, marrone e rosso sulle sopracciglia, sulla linea degli occhi, sulla linea delle labbra e su altre parti del corpo Rimuovere il segno di nascita, l'otas nevus e la macchia dermica.<\/b> Una soluzione alla avariet\u00e0 dei problemi della pelle.<\/span><\/div>\n<div><span style=\"font-size: 14pt;\"><img loading=\"lazy\" decoding=\"async\" class=\"aligncenter size-full wp-image-3522\" src=\"https:\/\/www.mlkjlasers.com\/wp-content\/uploads\/2026\/01\/LA3\u8be6\u60c5\u98751_11.jpg\" alt=\"\" width=\"2344\" height=\"2151\" srcset=\"https:\/\/www.mlkjlasers.com\/wp-content\/uploads\/2026\/01\/LA3\u8be6\u60c5\u98751_11.jpg 2344w, https:\/\/www.mlkjlasers.com\/wp-content\/uploads\/2026\/01\/LA3\u8be6\u60c5\u98751_11-300x275.jpg 300w, https:\/\/www.mlkjlasers.com\/wp-content\/uploads\/2026\/01\/LA3\u8be6\u60c5\u98751_11-1024x940.jpg 1024w, https:\/\/www.mlkjlasers.com\/wp-content\/uploads\/2026\/01\/LA3\u8be6\u60c5\u98751_11-768x705.jpg 768w, https:\/\/www.mlkjlasers.com\/wp-content\/uploads\/2026\/01\/LA3\u8be6\u60c5\u98751_11-1536x1410.jpg 1536w, https:\/\/www.mlkjlasers.com\/wp-content\/uploads\/2026\/01\/LA3\u8be6\u60c5\u98751_11-2048x1879.jpg 2048w, https:\/\/www.mlkjlasers.com\/wp-content\/uploads\/2026\/01\/LA3\u8be6\u60c5\u98751_11-600x551.jpg 600w\" sizes=\"(max-width: 2344px) 100vw, 2344px\" \/><\/span><\/div>\n<\/div>\n<\/div>\n<div><\/div>\n<\/div>\n<\/div>\n<\/div>\n<\/div>\n<div class=\"J_module\">\n<div class=\"icbu-pc-images magic-0\">\n<div class=\"flex-layout-v\">\n<div class=\"flex-layout-h magic-0\">\n<div class=\"magic-32\"><\/div>\n<\/div>\n<\/div>\n<\/div>\n<\/div>\n<div class=\"J_module\">\n<div class=\"detail-decorate-json-renderer-container\">\n<div class=\"magic-3\">\n<div class=\"magic-4\">\n<div class=\"magic-5\">\n<div class=\"magic-6\" data-spm-anchor-id=\"a2700.wholesale.0.i54.5f0f3c62M7tBsi\"><span class=\"magic-8\" style=\"color: #000000; font-family: helvetica, arial, sans-serif; font-size: 14pt;\">&#8211; grande schermo touch a colori veri da 12 pollici<br \/>\n&#8211; Stampa qualsiasi colore. Stampa il tuo<b> logo<\/b> sulla macchina.<br \/>\n&#8211; Aggiungi qualsiasi <b>lingua<\/b> nel sistema della macchina.<br \/>\n&#8211; Design esclusivo <b>conchiglia macchina <\/b>per voi, forma il vostro marchio nel mercato.<br \/>\n&#8211; Progettazione nuova <b>interfaccia e sistema<\/b> della macchina, renderlo pi\u00f9 conveniente a voi e ai vostri clienti.<\/span><\/div>\n<div data-spm-anchor-id=\"a2700.wholesale.0.i54.5f0f3c62M7tBsi\"><span style=\"font-size: 14pt;\"><img loading=\"lazy\" decoding=\"async\" class=\"aligncenter size-full wp-image-3528\" src=\"https:\/\/www.mlkjlasers.com\/wp-content\/uploads\/2026\/01\/LA3\u8be6\u60c5\u98751_05-scaled.jpg\" alt=\"\" width=\"2209\" height=\"2560\" srcset=\"https:\/\/www.mlkjlasers.com\/wp-content\/uploads\/2026\/01\/LA3\u8be6\u60c5\u98751_05-scaled.jpg 2209w, https:\/\/www.mlkjlasers.com\/wp-content\/uploads\/2026\/01\/LA3\u8be6\u60c5\u98751_05-259x300.jpg 259w, https:\/\/www.mlkjlasers.com\/wp-content\/uploads\/2026\/01\/LA3\u8be6\u60c5\u98751_05-883x1024.jpg 883w, https:\/\/www.mlkjlasers.com\/wp-content\/uploads\/2026\/01\/LA3\u8be6\u60c5\u98751_05-768x890.jpg 768w, https:\/\/www.mlkjlasers.com\/wp-content\/uploads\/2026\/01\/LA3\u8be6\u60c5\u98751_05-1325x1536.jpg 1325w, https:\/\/www.mlkjlasers.com\/wp-content\/uploads\/2026\/01\/LA3\u8be6\u60c5\u98751_05-1767x2048.jpg 1767w, https:\/\/www.mlkjlasers.com\/wp-content\/uploads\/2026\/01\/LA3\u8be6\u60c5\u98751_05-600x695.jpg 600w\" sizes=\"(max-width: 2209px) 100vw, 2209px\" \/><\/span><\/div>\n<\/div>\n<\/div>\n<\/div>\n<\/div>\n<\/div>\n<div data-spm-anchor-id=\"a2700.wholesale.0.i54.5f0f3c62M7tBsi\"><span style=\"font-size: 14pt;\"><img loading=\"lazy\" decoding=\"async\" class=\"aligncenter size-full wp-image-3531\" src=\"https:\/\/www.mlkjlasers.com\/wp-content\/uploads\/2026\/01\/LA3\u8be6\u60c5\u98751_02.jpg\" alt=\"\" width=\"2344\" height=\"1385\" srcset=\"https:\/\/www.mlkjlasers.com\/wp-content\/uploads\/2026\/01\/LA3\u8be6\u60c5\u98751_02.jpg 2344w, https:\/\/www.mlkjlasers.com\/wp-content\/uploads\/2026\/01\/LA3\u8be6\u60c5\u98751_02-300x177.jpg 300w, https:\/\/www.mlkjlasers.com\/wp-content\/uploads\/2026\/01\/LA3\u8be6\u60c5\u98751_02-1024x605.jpg 1024w, https:\/\/www.mlkjlasers.com\/wp-content\/uploads\/2026\/01\/LA3\u8be6\u60c5\u98751_02-768x454.jpg 768w, https:\/\/www.mlkjlasers.com\/wp-content\/uploads\/2026\/01\/LA3\u8be6\u60c5\u98751_02-1536x908.jpg 1536w, https:\/\/www.mlkjlasers.com\/wp-content\/uploads\/2026\/01\/LA3\u8be6\u60c5\u98751_02-2048x1210.jpg 2048w, https:\/\/www.mlkjlasers.com\/wp-content\/uploads\/2026\/01\/LA3\u8be6\u60c5\u98751_02-600x355.jpg 600w\" sizes=\"(max-width: 2344px) 100vw, 2344px\" \/><\/span><\/div>\n<div data-spm-anchor-id=\"a2700.wholesale.0.i54.5f0f3c62M7tBsi\"><strong><span style=\"font-size: 14pt; font-family: arial, helvetica, sans-serif;\">5 teste di trattamento <\/span><span style=\"font-size: 14pt; font-family: arial, helvetica, sans-serif;\">Una soluzione a una variet\u00e0 di problemi della pelle<\/span><\/strong><br \/>\n<span style=\"font-size: 14pt; font-family: arial, helvetica, sans-serif;\">532: Rimuovere tatuaggi colorati.<\/span><br \/>\n<span style=\"font-size: 14pt; font-family: arial, helvetica, sans-serif;\">755 testa di nido d'ape: usato per rimuovere macchie di et\u00e0, frecce e cloasma. piccoli danni alla pelle<\/span><br \/>\n<span style=\"font-size: 14pt; font-family: arial, helvetica, sans-serif;\">Parametro regolabile 1064: per rimozione tatuaggio, cancellazione sopracciglia<\/span><br \/>\n<span style=\"font-size: 14pt; font-family: arial, helvetica, sans-serif;\">Parametro non regolabile 1064: utilizzato per rimuovere tatuaggi e cancellare sopracciglia<\/span><br \/>\n<span style=\"font-size: 14pt; font-family: arial, helvetica, sans-serif;\">1320: trattamento di grande area, grande punto, velocit\u00e0 di trattamento rapida e buon effetto<\/span><\/div>\n<div data-spm-anchor-id=\"a2700.wholesale.0.i54.5f0f3c62M7tBsi\"><img loading=\"lazy\" decoding=\"async\" class=\"aligncenter size-full wp-image-3526\" src=\"https:\/\/www.mlkjlasers.com\/wp-content\/uploads\/2026\/01\/LA3\u8be6\u60c5\u98751_07.jpg\" alt=\"\" width=\"2344\" height=\"1461\" srcset=\"https:\/\/www.mlkjlasers.com\/wp-content\/uploads\/2026\/01\/LA3\u8be6\u60c5\u98751_07.jpg 2344w, https:\/\/www.mlkjlasers.com\/wp-content\/uploads\/2026\/01\/LA3\u8be6\u60c5\u98751_07-300x187.jpg 300w, https:\/\/www.mlkjlasers.com\/wp-content\/uploads\/2026\/01\/LA3\u8be6\u60c5\u98751_07-1024x638.jpg 1024w, https:\/\/www.mlkjlasers.com\/wp-content\/uploads\/2026\/01\/LA3\u8be6\u60c5\u98751_07-768x479.jpg 768w, https:\/\/www.mlkjlasers.com\/wp-content\/uploads\/2026\/01\/LA3\u8be6\u60c5\u98751_07-1536x957.jpg 1536w, https:\/\/www.mlkjlasers.com\/wp-content\/uploads\/2026\/01\/LA3\u8be6\u60c5\u98751_07-2048x1277.jpg 2048w, https:\/\/www.mlkjlasers.com\/wp-content\/uploads\/2026\/01\/LA3\u8be6\u60c5\u98751_07-600x374.jpg 600w\" sizes=\"(max-width: 2344px) 100vw, 2344px\" \/><\/div>\n<div data-spm-anchor-id=\"a2700.wholesale.0.i54.5f0f3c62M7tBsi\"><img loading=\"lazy\" decoding=\"async\" class=\"aligncenter size-full wp-image-3524\" src=\"https:\/\/www.mlkjlasers.com\/wp-content\/uploads\/2026\/01\/LA3\u8be6\u60c5\u98751_09.jpg\" alt=\"\" width=\"2344\" height=\"1428\" srcset=\"https:\/\/www.mlkjlasers.com\/wp-content\/uploads\/2026\/01\/LA3\u8be6\u60c5\u98751_09.jpg 2344w, https:\/\/www.mlkjlasers.com\/wp-content\/uploads\/2026\/01\/LA3\u8be6\u60c5\u98751_09-300x183.jpg 300w, https:\/\/www.mlkjlasers.com\/wp-content\/uploads\/2026\/01\/LA3\u8be6\u60c5\u98751_09-1024x624.jpg 1024w, https:\/\/www.mlkjlasers.com\/wp-content\/uploads\/2026\/01\/LA3\u8be6\u60c5\u98751_09-768x468.jpg 768w, https:\/\/www.mlkjlasers.com\/wp-content\/uploads\/2026\/01\/LA3\u8be6\u60c5\u98751_09-1536x936.jpg 1536w, https:\/\/www.mlkjlasers.com\/wp-content\/uploads\/2026\/01\/LA3\u8be6\u60c5\u98751_09-2048x1248.jpg 2048w, https:\/\/www.mlkjlasers.com\/wp-content\/uploads\/2026\/01\/LA3\u8be6\u60c5\u98751_09-600x366.jpg 600w\" sizes=\"(max-width: 2344px) 100vw, 2344px\" \/><\/div>\n<div data-spm-anchor-id=\"a2700.wholesale.0.i54.5f0f3c62M7tBsi\"><span style=\"font-size: 14pt;\"><em><strong><span style=\"font-family: helvetica, arial, sans-serif;\"><span class=\"src\" data-group=\"0-0\">18 anni di fabbricazione professionale di euqipment di bellezza in varie funzioni.<\/span><span class=\"src\" data-group=\"0-1\"> Servizio di formazione individuale. Contattaci ora!<\/span><\/span><\/strong><\/em><\/span><\/div>\n<div data-spm-anchor-id=\"a2700.wholesale.0.i54.5f0f3c62M7tBsi\"><\/div>\n<div data-spm-anchor-id=\"a2700.wholesale.0.i54.5f0f3c62M7tBsi\"><\/div>","protected":false},"excerpt":{"rendered":"<p><span style=\"font-family: helvetica, arial, sans-serif;\">* Il pi\u00f9 nuovo laser portatile picosecond, oltre alle teste laser normali, aggiunge anche teste laser picosecond di 755nm, che possono ottenere uno strato pi\u00f9 profondo della pelle e fare un effetto molto buono per tutti i tipi di frecce: come il cloasma, il pigmento dell'et\u00e0, ecc.<\/span><\/p>\n<p><span style=\"font-family: helvetica, arial, sans-serif;\">* 1064nm, testa 532nm pu\u00f2 fare rimozione tatuaggio, rimozione eyeline, ecc.<\/span><\/p>\n<p><span style=\"font-family: helvetica, arial, sans-serif;\">* 1320nm pu\u00f2 fare sbiancamento della pelle della bambola nera.<\/span><\/p>\n<p><span style=\"font-family: helvetica, arial, sans-serif;\">* Nessun danno alla pelle e al follicolo piloso; nessun rischio di cicatrici. trattamento indolore, poco effetto collaterale.<\/span><\/p>\n<p><span style=\"font-family: helvetica, arial, sans-serif;\">*<span class=\"src\" data-group=\"0-0\">15 anni di fabbricazione professionale di euqipment di bellezza in varie funzioni.<\/span><span class=\"src\" data-group=\"0-1\"> Servizio di formazione individuale.<\/span><\/span><\/p>","protected":false},"featured_media":3481,"comment_status":"open","ping_status":"closed","template":"","meta":[],"product_cat":[23],"product_tag":[],"class_list":["post-2713","product","type-product","status-publish","has-post-thumbnail","hentry","product_cat-picosecond-laser"],"_links":{"self":[{"href":"https:\/\/www.mlkjlasers.com\/it\/wp-json\/wp\/v2\/product\/2713","targetHints":{"allow":["GET"]}}],"collection":[{"href":"https:\/\/www.mlkjlasers.com\/it\/wp-json\/wp\/v2\/product"}],"about":[{"href":"https:\/\/www.mlkjlasers.com\/it\/wp-json\/wp\/v2\/types\/product"}],"replies":[{"embeddable":true,"href":"https:\/\/www.mlkjlasers.com\/it\/wp-json\/wp\/v2\/comments?post=2713"}],"wp:featuredmedia":[{"embeddable":true,"href":"https:\/\/www.mlkjlasers.com\/it\/wp-json\/wp\/v2\/media\/3481"}],"wp:attachment":[{"href":"https:\/\/www.mlkjlasers.com\/it\/wp-json\/wp\/v2\/media?parent=2713"}],"wp:term":[{"taxonomy":"product_cat","embeddable":true,"href":"https:\/\/www.mlkjlasers.com\/it\/wp-json\/wp\/v2\/product_cat?post=2713"},{"taxonomy":"product_tag","embeddable":true,"href":"https:\/\/www.mlkjlasers.com\/it\/wp-json\/wp\/v2\/product_tag?post=2713"}],"curies":[{"name":"wp","href":"https:\/\/api.w.org\/{rel}","templated":true}]}}