{"id":275,"date":"2023-05-29T16:57:17","date_gmt":"2023-05-29T08:57:17","guid":{"rendered":"https:\/\/mingliang.leadsclouds.com\/?post_type=product&#038;p=275"},"modified":"2026-01-23T16:35:53","modified_gmt":"2026-01-23T08:35:53","slug":"exfu-violin","status":"publish","type":"product","link":"https:\/\/www.mlkjlasers.com\/it\/product\/exfu-violin\/","title":{"rendered":"Macchina portatile di depilazione laser a diodo di alta potenza 1200w 1800w super veloce con 3 onde 755\/808\/1064nm"},"content":{"rendered":"<div class=\"se3_item\">\n<table style=\"border-collapse: collapse; width: 100%; height: 192px;\">\n<tbody>\n<tr style=\"height: 24px;\">\n<td style=\"width: 50%; height: 24px;\"><span style=\"font-family: helvetica, arial, sans-serif; font-size: 12pt;\"><b>EXFU VIOLIN<\/b><\/span><\/td>\n<td style=\"width: 50%; height: 24px;\"><span style=\"font-family: helvetica, arial, sans-serif; font-size: 12pt;\">Numero di modello: EXFU VIOLIN<\/span><\/td>\n<\/tr>\n<tr style=\"height: 24px;\">\n<td style=\"width: 50%; height: 24px;\"><span style=\"font-family: helvetica, arial, sans-serif; font-size: 12pt;\">Lunghezza d'onda: 808nm o 755 808 1064nm<\/span><\/td>\n<td style=\"width: 50%; height: 24px;\"><span style=\"font-family: helvetica, arial, sans-serif; font-size: 12pt;\">Dimensione dello schermo: schermo touch in stile 4K da 12 pollici<\/span><\/td>\n<\/tr>\n<tr style=\"height: 24px;\">\n<td style=\"width: 50%; height: 24px;\"><span style=\"font-family: helvetica, arial, sans-serif; font-size: 12pt;\">Durata: 40 milioni di colpi<\/span><\/td>\n<td style=\"width: 50%; height: 24px;\"><span style=\"font-family: helvetica, arial, sans-serif; font-size: 12pt;\">Durata dell'impulso: 10-300ms<\/span><\/td>\n<\/tr>\n<tr style=\"height: 24px;\">\n<td style=\"width: 50%; height: 24px;\"><span style=\"font-family: helvetica, arial, sans-serif; font-size: 12pt;\">Striscia laser: 100w per ciascuno, barra laser coerente dell'America<\/span><\/td>\n<td style=\"width: 50%; height: 24px;\"><span style=\"font-family: helvetica, arial, sans-serif; font-size: 12pt;\">Frequenza: 1-10hz<\/span><\/td>\n<\/tr>\n<tr style=\"height: 24px;\">\n<td style=\"width: 50%; height: 24px;\"><span style=\"font-family: helvetica, arial, sans-serif; font-size: 12pt;\">Dimensione del punto: 12&#215; Dimensione del punto 24 mm o 12,36 mm<\/span><\/td>\n<td style=\"width: 50%; height: 24px;\"><span style=\"font-family: helvetica, arial, sans-serif; font-size: 12pt;\">Energia: 1-150J<\/span><\/td>\n<\/tr>\n<tr style=\"height: 24px;\">\n<td style=\"width: 50%; height: 24px;\"><span style=\"font-family: helvetica, arial, sans-serif; font-size: 12pt;\">Sistema di raffreddamento: circuito dell'acqua del compressore<\/span><\/td>\n<td style=\"width: 50%; height: 24px;\"><span style=\"font-family: helvetica, arial, sans-serif; font-size: 12pt;\">Potenza della macchina: 2000W<\/span><\/td>\n<\/tr>\n<tr style=\"height: 24px;\">\n<td style=\"width: 50%; height: 24px;\"><span style=\"font-family: helvetica, arial, sans-serif; font-size: 12pt;\">Tensione: AC110V 60HZ \/ AC220V 50HZ<\/span><\/td>\n<td style=\"width: 50%; height: 24px;\"><span style=\"font-family: helvetica, arial, sans-serif; font-size: 12pt;\">Demenza della macchina: 380mm * 535mm * 350mm<\/span><\/td>\n<\/tr>\n<tr style=\"height: 24px;\">\n<td style=\"width: 50%; height: 24px;\"><span style=\"font-family: helvetica, arial, sans-serif; font-size: 12pt;\">Pacchetto: Scatola di alluminio<\/span><\/td>\n<td style=\"width: 50%; height: 24px;\"><span style=\"font-family: helvetica, arial, sans-serif; font-size: 12pt;\">Mandato di arresto: 2 anni per la macchina e 1 anno per la maniglia<\/span><\/td>\n<\/tr>\n<\/tbody>\n<\/table>\n<\/div>\n<div class=\"se3_item\">\n<div class=\"se4_tit\">\n<div class=\"r left\"><\/div>\n<div class=\"r left\"><\/div>\n<div class=\"r left\"><span style=\"font-family: helvetica, arial, sans-serif; font-size: 12pt;\"><img fetchpriority=\"high\" decoding=\"async\" class=\"aligncenter wp-image-3506 size-full\" src=\"https:\/\/www.mlkjlasers.com\/wp-content\/uploads\/2026\/01\/banner.jpg\" alt=\"\" width=\"1920\" height=\"1080\" srcset=\"https:\/\/www.mlkjlasers.com\/wp-content\/uploads\/2026\/01\/banner.jpg 1920w, https:\/\/www.mlkjlasers.com\/wp-content\/uploads\/2026\/01\/banner-300x169.jpg 300w, https:\/\/www.mlkjlasers.com\/wp-content\/uploads\/2026\/01\/banner-1024x576.jpg 1024w, https:\/\/www.mlkjlasers.com\/wp-content\/uploads\/2026\/01\/banner-768x432.jpg 768w, https:\/\/www.mlkjlasers.com\/wp-content\/uploads\/2026\/01\/banner-1536x864.jpg 1536w, https:\/\/www.mlkjlasers.com\/wp-content\/uploads\/2026\/01\/banner-600x338.jpg 600w\" sizes=\"(max-width: 1920px) 100vw, 1920px\" \/><\/span><\/div>\n<div class=\"r left\"><\/div>\n<div class=\"r left\"><span style=\"font-family: helvetica, arial, sans-serif; font-size: 12pt;\">Attraverso la progettazione scientifica della maniglia laser a diodo, il raggio laser ad alta energia penetra istantaneamente nella pelle e raggiunge il follicolo piloso durante il trattamento, la luce di uscita \u00e8 assorbita dalla melanina nel follicolo piloso, distruggendo cos\u00ec il follicolo piloso e raggiungendo la depilazione permanente. La larghezza dell'impulso laser \u00e8 impostata pi\u00f9 breve del tempo che il corpo umano&#8217; Tempo di sensazione, un singolo colpo di luce \u00e8 finito, ma il corpo umano \u00e8 caduto indolore, quindi potrebbe raggiungere la sensazione di trattamento indolore, per migliorare il cliente&#8217; esperienza confortevole.<\/span><\/div>\n<\/div>\n<div class=\"des1\" style=\"text-align: left;\">\n<div><img decoding=\"async\" class=\"aligncenter wp-image-1768\" src=\"https:\/\/www.mlkjlasers.com\/wp-content\/uploads\/2023\/07\/\u53cc\u624b\u67c4\u5e26\u9f3b\u6bdb\u5934-V19\u533b\u7597\u6b3e\u5ba3\u4f20\u518c7-9.jpg\" alt=\"\" width=\"1920\" height=\"1080\" srcset=\"https:\/\/www.mlkjlasers.com\/wp-content\/uploads\/2023\/07\/\u53cc\u624b\u67c4\u5e26\u9f3b\u6bdb\u5934-V19\u533b\u7597\u6b3e\u5ba3\u4f20\u518c7-9.jpg 1200w, https:\/\/www.mlkjlasers.com\/wp-content\/uploads\/2023\/07\/\u53cc\u624b\u67c4\u5e26\u9f3b\u6bdb\u5934-V19\u533b\u7597\u6b3e\u5ba3\u4f20\u518c7-9-300x169.jpg 300w, https:\/\/www.mlkjlasers.com\/wp-content\/uploads\/2023\/07\/\u53cc\u624b\u67c4\u5e26\u9f3b\u6bdb\u5934-V19\u533b\u7597\u6b3e\u5ba3\u4f20\u518c7-9-1024x576.jpg 1024w, https:\/\/www.mlkjlasers.com\/wp-content\/uploads\/2023\/07\/\u53cc\u624b\u67c4\u5e26\u9f3b\u6bdb\u5934-V19\u533b\u7597\u6b3e\u5ba3\u4f20\u518c7-9-768x432.jpg 768w, https:\/\/www.mlkjlasers.com\/wp-content\/uploads\/2023\/07\/\u53cc\u624b\u67c4\u5e26\u9f3b\u6bdb\u5934-V19\u533b\u7597\u6b3e\u5ba3\u4f20\u518c7-9-600x338.jpg 600w\" sizes=\"(max-width: 1920px) 100vw, 1920px\" \/><\/div>\n<div class=\"l left\"><\/div>\n<div class=\"l left\"><span style=\"font-family: helvetica, arial, sans-serif; font-size: 12pt;\">Tre lunghezze d'onda<\/span><\/div>\n<div class=\"r right\">\n<p><span style=\"font-family: helvetica, arial, sans-serif; font-size: 12pt;\">Tecnologie di depilazione a diodo 755nm 808nm 1064nm in una maniglia<\/span><\/p>\n<\/div>\n<\/div>\n<div class=\"des2\">\n<div class=\"des_box1\">\n<p>&nbsp;<\/p>\n<p>&nbsp;<\/p>\n<p style=\"text-align: left;\"><span style=\"font-family: helvetica, arial, sans-serif; font-size: 12pt;\"><img decoding=\"async\" class=\"aligncenter\" src=\"https:\/\/www.exfulaser.com\/uploads\/20221125\/2in1808-22_04.png\" alt=\"\" \/><\/span><\/p>\n<p>&nbsp;<\/p>\n<p style=\"text-align: left;\"><span style=\"font-family: helvetica, arial, sans-serif; font-size: 12pt;\"><img decoding=\"async\" src=\"https:\/\/www.exfulaser.com\/uploads\/20221125\/2in1808-33_08.png\" alt=\"\" \/><\/span><\/p>\n<p>&nbsp;<\/p>\n<p style=\"text-align: left;\"><span style=\"font-family: helvetica, arial, sans-serif; font-size: 12pt;\"><strong>Riduzione del dolore<\/strong><\/span><\/p>\n<p style=\"text-align: left;\"><span style=\"font-family: helvetica, arial, sans-serif; font-size: 12pt;\">Il comfort del paziente raffreddando continuamente la pelle, il dolore e il disagio sono significativamente ridotti.<\/span><\/p>\n<p class=\"tit_p contents\" style=\"text-align: left;\"><span style=\"font-family: helvetica, arial, sans-serif; font-size: 12pt;\">Ora la tecnologia con alta potenza e pulso breve assicura che: prima che il corpo sente il dolore, il colpo di luce era finito. Tutto il processo \u00e8 molto comodo, non sentire dolore. Di solito, 3-5 sessioni possono raggiungere la depilazione permanente.<\/span><\/p>\n<div class=\"des_detail\">\n<div class=\"des_detail\">\n<h3 style=\"text-align: left;\"><span style=\"font-family: helvetica, arial, sans-serif; font-size: 12pt;\">Sistema di controllo intelligente<\/span><\/h3>\n<h4 style=\"text-align: left;\"><span style=\"font-family: helvetica, arial, sans-serif; font-size: 12pt;\">Schermo 4K da 12 pollici, esperienza touch intelligente<\/span><br \/>\n<span style=\"font-family: helvetica, arial, sans-serif; font-size: 12pt;\">* Preimpostazioni di trattamento personalizzabili<\/span><br \/>\n<span style=\"font-family: helvetica, arial, sans-serif; font-size: 12pt;\">* Con maschio e femmina, 6 stili della pelle da scegliere<\/span><br \/>\n<span style=\"font-family: helvetica, arial, sans-serif; font-size: 12pt;\">* Facile da operare, fornire competenze operative e servizi di insegnamento<\/span><br \/>\n<span style=\"font-family: helvetica, arial, sans-serif; font-size: 12pt;\">* il logo e la lingua possono essere personalizzati sullo schermo<\/span><\/h4>\n<div class=\"img_b\">\n<p><span style=\"font-family: helvetica, arial, sans-serif; font-size: 12pt;\"><img decoding=\"async\" class=\"aligncenter wp-image-3507 size-full\" src=\"https:\/\/www.mlkjlasers.com\/wp-content\/uploads\/2026\/01\/\u5c4f\u5e55\u6d77\u62a5.jpg\" alt=\"\" width=\"1920\" height=\"1080\" srcset=\"https:\/\/www.mlkjlasers.com\/wp-content\/uploads\/2026\/01\/\u5c4f\u5e55\u6d77\u62a5.jpg 1920w, https:\/\/www.mlkjlasers.com\/wp-content\/uploads\/2026\/01\/\u5c4f\u5e55\u6d77\u62a5-300x169.jpg 300w, https:\/\/www.mlkjlasers.com\/wp-content\/uploads\/2026\/01\/\u5c4f\u5e55\u6d77\u62a5-1024x576.jpg 1024w, https:\/\/www.mlkjlasers.com\/wp-content\/uploads\/2026\/01\/\u5c4f\u5e55\u6d77\u62a5-768x432.jpg 768w, https:\/\/www.mlkjlasers.com\/wp-content\/uploads\/2026\/01\/\u5c4f\u5e55\u6d77\u62a5-1536x864.jpg 1536w, https:\/\/www.mlkjlasers.com\/wp-content\/uploads\/2026\/01\/\u5c4f\u5e55\u6d77\u62a5-600x338.jpg 600w\" sizes=\"(max-width: 1920px) 100vw, 1920px\" \/><\/span><\/p>\n<p style=\"text-align: left;\"><span style=\"font-family: helvetica, arial, sans-serif; font-size: 12pt;\">EXFU VIOLIN il mondo&#8217; s tecnologia di depilazione permanente pi\u00f9 avanzata e indolore. Per diversi tipi di pelle rimozione del colore dei capelli, capelli di diverso spessore, capelli di diverse tonalit\u00e0, ecc.; La maniglia adotta un design laser unico, la testa del laser \u00e8 pi\u00f9 grande, in modo da poter coprire pi\u00f9 superficie, la depilazione del 40% pi\u00f9 veloce degli altri.\u00a0<\/span><\/p>\n<p style=\"text-align: left;\"><span style=\"font-family: helvetica, arial, sans-serif; font-size: 12pt;\">4 onde 755 808 940 1064nm, che ha un'ampia gamma di applicabilit\u00e0 per diversi tipi di depilazione, abbiamo certificati FDA, CE, ISO13485, e siamo sempre alla ricerca di nuova ispirazione innovativa per portare prodotti pi\u00f9 affidabili ai nostri partner e clienti.<\/span><\/p>\n<p><img loading=\"lazy\" decoding=\"async\" class=\"aligncenter size-full wp-image-3505\" src=\"https:\/\/www.mlkjlasers.com\/wp-content\/uploads\/2026\/01\/3-2.jpg\" alt=\"\" width=\"1920\" height=\"1080\" srcset=\"https:\/\/www.mlkjlasers.com\/wp-content\/uploads\/2026\/01\/3-2.jpg 1920w, https:\/\/www.mlkjlasers.com\/wp-content\/uploads\/2026\/01\/3-2-300x169.jpg 300w, https:\/\/www.mlkjlasers.com\/wp-content\/uploads\/2026\/01\/3-2-1024x576.jpg 1024w, https:\/\/www.mlkjlasers.com\/wp-content\/uploads\/2026\/01\/3-2-768x432.jpg 768w, https:\/\/www.mlkjlasers.com\/wp-content\/uploads\/2026\/01\/3-2-1536x864.jpg 1536w, https:\/\/www.mlkjlasers.com\/wp-content\/uploads\/2026\/01\/3-2-600x338.jpg 600w\" sizes=\"(max-width: 1920px) 100vw, 1920px\" \/><\/p>\n<\/div>\n<\/div>\n<\/div>\n<p><span style=\"font-family: helvetica, arial, sans-serif; font-size: 12pt;\">Prima e dopo<\/span><\/p>\n<\/div>\n<\/div>\n<\/div>\n<p><img loading=\"lazy\" decoding=\"async\" class=\"aligncenter size-full wp-image-3106\" src=\"https:\/\/www.mlkjlasers.com\/wp-content\/uploads\/2024\/06\/8.jpg\" alt=\"\" width=\"1920\" height=\"1080\" srcset=\"https:\/\/www.mlkjlasers.com\/wp-content\/uploads\/2024\/06\/8.jpg 1920w, https:\/\/www.mlkjlasers.com\/wp-content\/uploads\/2024\/06\/8-300x169.jpg 300w, https:\/\/www.mlkjlasers.com\/wp-content\/uploads\/2024\/06\/8-1024x576.jpg 1024w, https:\/\/www.mlkjlasers.com\/wp-content\/uploads\/2024\/06\/8-768x432.jpg 768w, https:\/\/www.mlkjlasers.com\/wp-content\/uploads\/2024\/06\/8-1536x864.jpg 1536w, https:\/\/www.mlkjlasers.com\/wp-content\/uploads\/2024\/06\/8-600x338.jpg 600w\" sizes=\"(max-width: 1920px) 100vw, 1920px\" \/><\/p>\n<table class=\"alignleft\" style=\"border-collapse: collapse; width: 100%; height: 168px;\">\n<tbody>\n<tr style=\"height: 24px;\">\n<td style=\"width: 50%; height: 24px;\"><span style=\"font-family: helvetica, arial, sans-serif; font-size: 12pt;\">Vantaggio<\/span><\/td>\n<td style=\"width: 50%; height: 24px;\"><span style=\"font-family: helvetica, arial, sans-serif; font-size: 12pt;\">Raffreddamento minuto<\/span><\/td>\n<\/tr>\n<tr style=\"height: 24px;\">\n<td style=\"width: 50%; height: 24px;\"><span style=\"font-family: helvetica, arial, sans-serif; font-size: 12pt;\">Veloce, indolore, rimozione permanente dei peli<\/span><\/td>\n<td style=\"width: 50%; height: 24px;\"><span style=\"font-family: helvetica, arial, sans-serif; font-size: 12pt;\">Basso rumore del sistema e forte effetto di raffreddamento<\/span><\/td>\n<\/tr>\n<tr style=\"height: 24px;\">\n<td style=\"width: 50%; height: 24px;\"><span style=\"font-family: helvetica, arial, sans-serif; font-size: 12pt;\">24 ore di lavoro continuo<\/span><\/td>\n<td style=\"width: 50%; height: 24px;\"><span style=\"font-family: helvetica, arial, sans-serif; font-size: 12pt;\">Nessuna necessit\u00e0 di anestesia locale<\/span><\/td>\n<\/tr>\n<tr style=\"height: 24px;\">\n<td style=\"width: 50%; height: 24px;\"><span style=\"font-family: helvetica, arial, sans-serif; font-size: 12pt;\">Ridurre il tempo di preparazione<\/span><\/td>\n<td style=\"width: 50%; height: 24px;\"><span style=\"font-family: helvetica, arial, sans-serif; font-size: 12pt;\">Costi di spedizione pi\u00f9 bassi, prestazioni di costo pi\u00f9 elevate<\/span><\/td>\n<\/tr>\n<tr style=\"height: 24px;\">\n<td style=\"width: 50%; height: 24px;\"><span style=\"font-family: helvetica, arial, sans-serif; font-size: 12pt;\">Espandi la tua base di pazienti<\/span><\/td>\n<td style=\"width: 50%; height: 24px;\"><span style=\"font-family: helvetica, arial, sans-serif; font-size: 12pt;\">Aumenta il tuo profitto<\/span><\/td>\n<\/tr>\n<tr style=\"height: 24px;\">\n<td style=\"width: 50%; height: 24px;\"><span style=\"font-family: helvetica, arial, sans-serif; font-size: 12pt;\">Adatto per il trattamento di tutte le parti del corpo<\/span><\/td>\n<td style=\"width: 50%; height: 24px;\"><span style=\"font-family: helvetica, arial, sans-serif; font-size: 12pt;\">Aumenta il tuo profitto<\/span><\/td>\n<\/tr>\n<tr style=\"height: 24px;\">\n<td style=\"width: 50%; height: 24px;\"><span style=\"font-family: helvetica, arial, sans-serif; font-size: 12pt;\">Pu\u00f2 essere utilizzato anche a casa<\/span><\/td>\n<td style=\"width: 50%; height: 24px;\"><span style=\"font-family: helvetica, arial, sans-serif; font-size: 12pt;\">Portabile e compatto, pu\u00f2 essere portato alla porta per il trattamento del cliente<\/span><\/td>\n<\/tr>\n<\/tbody>\n<\/table>\n<div class=\"des_detail\" style=\"text-align: left;\">\n<h3><\/h3>\n<h3><\/h3>\n<\/div>\n<h3><\/h3>\n<div class=\"des_detail\" style=\"text-align: left;\">\n<p>&nbsp;<\/p>\n<p>&nbsp;<\/p>\n<p>&nbsp;<\/p>\n<p><span style=\"font-family: helvetica, arial, sans-serif; font-size: 12pt;\">Dimensione del punto 12x24mm Dimensione del punto, per migliorare l'assorbimento di energia al follicolo bersaglio.<\/span><br \/>\n<span style=\"font-family: helvetica, arial, sans-serif; font-size: 12pt;\">L'unico laser con tecnologia unica e dedicata per ridurre il dolore, migliorare l'efficacia, la sicurezza.<\/span><\/p>\n<p>&nbsp;<\/p>\n<\/div>\n<div class=\"des_detail\">\n<h3 style=\"text-align: left;\"><span style=\"font-family: helvetica, arial, sans-serif; font-size: 12pt;\">Versatile<\/span><\/h3>\n<h4 style=\"text-align: left;\"><span style=\"font-family: helvetica, arial, sans-serif; font-size: 12pt;\">Le teste laser EXFU VIOLIN consentono la riduzione permanente dei capelli da tutte le aree del corpo. La sua tecnologia avanzata riduce il dolore aumentando al contempo l'efficacia, consentendo trattamenti veloci e comodi per pazienti e professionisti.<\/span><\/h4>\n<div class=\"des_detail\" style=\"text-align: left;\">\n<p><span style=\"font-family: helvetica, arial, sans-serif; font-size: 12pt;\"><img loading=\"lazy\" decoding=\"async\" class=\"aligncenter\" src=\"https:\/\/www.exfulaser.com\/uploads\/20221125\/%E6%95%88%E6%9E%9C.png\" alt=\"\" width=\"1604\" height=\"252\" \/><\/span><\/p>\n<p><span style=\"font-family: helvetica, arial, sans-serif; font-size: 12pt;\">\u2460  Il laser agisce selettivamente sulla melanina nel follicolo piloso, distruggendo l'area di crescita dei capelli<\/span><\/p>\n<p><span style=\"font-family: helvetica, arial, sans-serif; font-size: 12pt;\">\u2461  Effetto di depilazione dopo 1-3 trattamenti: perdita naturale dei capelli, prevenire la rigenerazione e raggiungere lo scopo della depilazione<\/span><\/p>\n<p><span style=\"font-family: helvetica, arial, sans-serif; font-size: 12pt;\">\u2462  Effetto di depilazione dopo 3-5 trattamenti: la depilazione stimola anche la rigenerazione del collagene, riduce i pori e rende la pelle salda e liscia<\/span><\/p>\n<p>&nbsp;<\/p>\n<\/div>\n<\/div>","protected":false},"excerpt":{"rendered":"<p>raffreddamento TEC: ventilatore del serbatoio dell'acqua TEC di 600W, TEC assicura che la macchina possa lavorare continuamente per 24 ore senza alcun problema e la temperatura dell'acqua \u00e8 controllata tra 22&#8211; 24 C 2)<br \/>\nAlimentazione: alimentazione ad alta potenza 2000W per garantire una buona e stabile potenza di uscita della macchina<br \/>\nFiltro: doppio filtro per garantire una buona qualit\u00e0 dell'acqua e la circolazione dell'acqua<br \/>\n* La macchina&#8217; Struttura interna interamente metallica, il design della struttura interna \u00e8 maturo e ragionevole, per garantire il buon funzionamento della macchina * Tecnologia Exfu \u2122 - raffreddamento a contatto integrato, fornisce protezione epidermica per le aree di trattamento che richiedono precisione e maggiore fluenza.<\/p>","protected":false},"featured_media":3504,"comment_status":"open","ping_status":"closed","template":"","meta":[],"product_cat":[15],"product_tag":[],"class_list":["post-275","product","type-product","status-publish","has-post-thumbnail","hentry","product_cat-diode-laser-hair-removal-machine"],"_links":{"self":[{"href":"https:\/\/www.mlkjlasers.com\/it\/wp-json\/wp\/v2\/product\/275","targetHints":{"allow":["GET"]}}],"collection":[{"href":"https:\/\/www.mlkjlasers.com\/it\/wp-json\/wp\/v2\/product"}],"about":[{"href":"https:\/\/www.mlkjlasers.com\/it\/wp-json\/wp\/v2\/types\/product"}],"replies":[{"embeddable":true,"href":"https:\/\/www.mlkjlasers.com\/it\/wp-json\/wp\/v2\/comments?post=275"}],"wp:featuredmedia":[{"embeddable":true,"href":"https:\/\/www.mlkjlasers.com\/it\/wp-json\/wp\/v2\/media\/3504"}],"wp:attachment":[{"href":"https:\/\/www.mlkjlasers.com\/it\/wp-json\/wp\/v2\/media?parent=275"}],"wp:term":[{"taxonomy":"product_cat","embeddable":true,"href":"https:\/\/www.mlkjlasers.com\/it\/wp-json\/wp\/v2\/product_cat?post=275"},{"taxonomy":"product_tag","embeddable":true,"href":"https:\/\/www.mlkjlasers.com\/it\/wp-json\/wp\/v2\/product_tag?post=275"}],"curies":[{"name":"wp","href":"https:\/\/api.w.org\/{rel}","templated":true}]}}