{"id":2890,"date":"2024-01-19T14:00:16","date_gmt":"2024-01-19T06:00:16","guid":{"rendered":"https:\/\/mlkjlasers.com\/?post_type=product&#038;p=2890"},"modified":"2026-01-23T15:05:25","modified_gmt":"2026-01-23T07:05:25","slug":"80k-cavitation-vacuum-machine-rf-roller-massage-body-shaping-slimming-machine-cavitation-vacuum-rf-machine","status":"publish","type":"product","link":"https:\/\/www.mlkjlasers.com\/it\/product\/80k-cavitation-vacuum-machine-rf-roller-massage-body-shaping-slimming-machine-cavitation-vacuum-rf-machine\/","title":{"rendered":"80K cavitazione vuoto macchina rf massaggio rullo corpo modellazione dimagrimento macchina cavitazione vuoto rf macchina"},"content":{"rendered":"<p><img fetchpriority=\"high\" decoding=\"async\" class=\"aligncenter wp-image-2891\" src=\"https:\/\/mlkjlasers.com\/wp-content\/uploads\/2024\/01\/1.jpg\" alt=\"\" width=\"1920\" height=\"1080\" srcset=\"https:\/\/www.mlkjlasers.com\/wp-content\/uploads\/2024\/01\/1.jpg 1920w, https:\/\/www.mlkjlasers.com\/wp-content\/uploads\/2024\/01\/1-300x169.jpg 300w, https:\/\/www.mlkjlasers.com\/wp-content\/uploads\/2024\/01\/1-1024x576.jpg 1024w, https:\/\/www.mlkjlasers.com\/wp-content\/uploads\/2024\/01\/1-768x432.jpg 768w, https:\/\/www.mlkjlasers.com\/wp-content\/uploads\/2024\/01\/1-1536x864.jpg 1536w, https:\/\/www.mlkjlasers.com\/wp-content\/uploads\/2024\/01\/1-600x338.jpg 600w\" sizes=\"(max-width: 1920px) 100vw, 1920px\" \/><\/p>\n<p><img decoding=\"async\" class=\"aligncenter wp-image-2892\" src=\"https:\/\/mlkjlasers.com\/wp-content\/uploads\/2024\/01\/2.jpg\" alt=\"\" width=\"1920\" height=\"1080\" srcset=\"https:\/\/www.mlkjlasers.com\/wp-content\/uploads\/2024\/01\/2.jpg 1920w, https:\/\/www.mlkjlasers.com\/wp-content\/uploads\/2024\/01\/2-300x169.jpg 300w, https:\/\/www.mlkjlasers.com\/wp-content\/uploads\/2024\/01\/2-1024x576.jpg 1024w, https:\/\/www.mlkjlasers.com\/wp-content\/uploads\/2024\/01\/2-768x432.jpg 768w, https:\/\/www.mlkjlasers.com\/wp-content\/uploads\/2024\/01\/2-1536x864.jpg 1536w, https:\/\/www.mlkjlasers.com\/wp-content\/uploads\/2024\/01\/2-600x338.jpg 600w\" sizes=\"(max-width: 1920px) 100vw, 1920px\" \/><\/p>\n<p>&nbsp;<\/p>\n<p><span class=\"magic-9\"><b class=\"magic-10\" data-spm-anchor-id=\"a2700.wholesale.0.i89.7c517cf3tiIswF\">Cavitazione 80K: <\/b>Sulla base dell\u2019uso di onde ad ultrasuoni a bassa frequenza, crea un fenomeno chiamato \u201ccavitazione\u201d nel corpo. La cavitazione si verifica quando le onde ad ultrasuoni causano la formazione e l'implosione di minuscole bolle nel liquido che circonda le cellule adipose, causandole la rottura. Pu\u00f2 essere efficace per ridurre l'aspetto della cellulite, tonificare e rafforzare la pelle e ridurre la circonferenza delle aree trattate. <\/span><\/p>\n<div data-spm-anchor-id=\"a2700.wholesale.0.i87.7c517cf3tiIswF\"><span class=\"magic-9\"><b class=\"magic-10\">RF multipolare: <\/b>Utilizza le onde elettromagnetiche che vengono applicate alla pelle, e le onde penetrano nella superficie della pelle e raggiungono gli strati pi\u00f9 profondi, facendo vibrare i tessuti e generare calore. Stimola cos\u00ec la scomposizione delle cellule grasse <\/span><\/div>\n<div data-spm-anchor-id=\"a2700.wholesale.0.i88.7c517cf3tiIswF\"><span class=\"magic-9\"><b class=\"magic-10\">RF vuoto: <\/b>Combina le tecnologie sia di aspirazione al vuoto che di tecnologia RF. L'aspirazione al vuoto viene utilizzata per massaggiare e manipolare la pelle, mentre la tecnologia RF viene utilizzata per riscaldare gli strati profondi della pelle, promuovendo la produzione di collagene e la scomposizione delle cellule grasse.<\/span><\/div>\n<div data-spm-anchor-id=\"a2700.wholesale.0.i88.7c517cf3tiIswF\"><\/div>\n<div data-spm-anchor-id=\"a2700.wholesale.0.i88.7c517cf3tiIswF\"><img decoding=\"async\" class=\"aligncenter wp-image-2893\" src=\"https:\/\/mlkjlasers.com\/wp-content\/uploads\/2024\/01\/3.jpg\" alt=\"\" width=\"1920\" height=\"1608\" srcset=\"https:\/\/www.mlkjlasers.com\/wp-content\/uploads\/2024\/01\/3.jpg 1920w, https:\/\/www.mlkjlasers.com\/wp-content\/uploads\/2024\/01\/3-300x251.jpg 300w, https:\/\/www.mlkjlasers.com\/wp-content\/uploads\/2024\/01\/3-1024x858.jpg 1024w, https:\/\/www.mlkjlasers.com\/wp-content\/uploads\/2024\/01\/3-768x643.jpg 768w, https:\/\/www.mlkjlasers.com\/wp-content\/uploads\/2024\/01\/3-1536x1286.jpg 1536w, https:\/\/www.mlkjlasers.com\/wp-content\/uploads\/2024\/01\/3-600x503.jpg 600w\" sizes=\"(max-width: 1920px) 100vw, 1920px\" \/><\/div>\n<div data-spm-anchor-id=\"a2700.wholesale.0.i88.7c517cf3tiIswF\"><\/div>\n<div data-spm-anchor-id=\"a2700.wholesale.0.i88.7c517cf3tiIswF\"><b class=\"magic-10\" data-spm-anchor-id=\"a2700.wholesale.0.i91.7c517cf3tiIswF\">Come funziona questa macchina?<br \/>\n<\/b>Attraverso la testa di operazione facciale, pu\u00f2 rivitalizzare i fibroblasti umani per generare collagene, fibre elastiche, acido ialuronico e altre sostanze e ripristinare la vitalit\u00e0 della pelle; Pu\u00f2 risolvere la pelle giallastra del viso, il contorno non \u00e8 chiaro, la mancanza di elasticit\u00e0, la pelle sciolta, le rughe, il doppio mento e la depressione facciale. Shaping corpo sottile: per la decomposizione degli adipociti, decomporre i lipidi, in energia muscolare, ridurre il volume di grasso, per stringere la pelle, effetto di forma. Pu\u00f2 risolvere l'accumulo di cellulite, l'obesit\u00e0 corporea, il tessuto della pelle arancione, l'edema dell'umidit\u00e0 e ecc.<\/p>\n<\/div>\n<div data-spm-anchor-id=\"a2700.wholesale.0.i88.7c517cf3tiIswF\"><\/div>\n<div data-spm-anchor-id=\"a2700.wholesale.0.i88.7c517cf3tiIswF\"><img loading=\"lazy\" decoding=\"async\" class=\"aligncenter wp-image-2897\" src=\"https:\/\/mlkjlasers.com\/wp-content\/uploads\/2024\/01\/7.jpg\" alt=\"\" width=\"1920\" height=\"1080\" srcset=\"https:\/\/www.mlkjlasers.com\/wp-content\/uploads\/2024\/01\/7.jpg 1920w, https:\/\/www.mlkjlasers.com\/wp-content\/uploads\/2024\/01\/7-300x169.jpg 300w, https:\/\/www.mlkjlasers.com\/wp-content\/uploads\/2024\/01\/7-1024x576.jpg 1024w, https:\/\/www.mlkjlasers.com\/wp-content\/uploads\/2024\/01\/7-768x432.jpg 768w, https:\/\/www.mlkjlasers.com\/wp-content\/uploads\/2024\/01\/7-1536x864.jpg 1536w, https:\/\/www.mlkjlasers.com\/wp-content\/uploads\/2024\/01\/7-600x338.jpg 600w\" sizes=\"(max-width: 1920px) 100vw, 1920px\" \/><\/div>\n<div data-spm-anchor-id=\"a2700.wholesale.0.i88.7c517cf3tiIswF\"><\/div>\n<div data-spm-anchor-id=\"a2700.wholesale.0.i88.7c517cf3tiIswF\"><b class=\"magic-10\">Vantaggi e caratteristiche<br \/>\n<\/b>1. La maniglia del corpo \u00e8 dotata di uno schermo touch da 2,8 pollici, che \u00e8 pi\u00f9 facile da controllare e regolare.<br \/>\n2. Nessuna necessit\u00e0 di massaggio laborioso estetista, operazione semplice \u00e8 sicura.<br \/>\n3. Attrazione di pressione negativa di conversione di frequenza: la propriet\u00e0 fisica pura non ha alcun danno alla pelle, il miglior effetto \u00e8 il<br \/>\npi\u00f9 in profondit\u00e0.<br \/>\n4. Rullo di potenza bidirezionale: la superficie di contatto \u00e8 pi\u00f9 ampia, l'area di funzione \u00e8 pi\u00f9 grande, la profondit\u00e0 della funzione \u00e8 pi\u00f9 profonda.<br \/>\n5. Collet esclusivo personale: profondit\u00e0 dell'effetto tridimensionale, profondit\u00e0 di stimolazione della velocit\u00e0 infinitamente variabile intelligente \u00e8 diversa.<\/div>\n<div data-spm-anchor-id=\"a2700.wholesale.0.i88.7c517cf3tiIswF\"><\/div>\n<div data-spm-anchor-id=\"a2700.wholesale.0.i88.7c517cf3tiIswF\"><img loading=\"lazy\" decoding=\"async\" class=\"aligncenter wp-image-2895\" src=\"https:\/\/mlkjlasers.com\/wp-content\/uploads\/2024\/01\/5.jpg\" alt=\"\" width=\"1920\" height=\"1080\" srcset=\"https:\/\/www.mlkjlasers.com\/wp-content\/uploads\/2024\/01\/5.jpg 1920w, https:\/\/www.mlkjlasers.com\/wp-content\/uploads\/2024\/01\/5-300x169.jpg 300w, https:\/\/www.mlkjlasers.com\/wp-content\/uploads\/2024\/01\/5-1024x576.jpg 1024w, https:\/\/www.mlkjlasers.com\/wp-content\/uploads\/2024\/01\/5-768x432.jpg 768w, https:\/\/www.mlkjlasers.com\/wp-content\/uploads\/2024\/01\/5-1536x864.jpg 1536w, https:\/\/www.mlkjlasers.com\/wp-content\/uploads\/2024\/01\/5-600x338.jpg 600w\" sizes=\"(max-width: 1920px) 100vw, 1920px\" \/><\/div>\n<div data-spm-anchor-id=\"a2700.wholesale.0.i88.7c517cf3tiIswF\"><\/div>\n<div data-spm-anchor-id=\"a2700.wholesale.0.i88.7c517cf3tiIswF\"><img loading=\"lazy\" decoding=\"async\" class=\"aligncenter wp-image-2896\" src=\"https:\/\/mlkjlasers.com\/wp-content\/uploads\/2024\/01\/6.jpg\" alt=\"\" width=\"1920\" height=\"1608\" srcset=\"https:\/\/www.mlkjlasers.com\/wp-content\/uploads\/2024\/01\/6.jpg 1920w, https:\/\/www.mlkjlasers.com\/wp-content\/uploads\/2024\/01\/6-300x251.jpg 300w, https:\/\/www.mlkjlasers.com\/wp-content\/uploads\/2024\/01\/6-1024x858.jpg 1024w, https:\/\/www.mlkjlasers.com\/wp-content\/uploads\/2024\/01\/6-768x643.jpg 768w, https:\/\/www.mlkjlasers.com\/wp-content\/uploads\/2024\/01\/6-1536x1286.jpg 1536w, https:\/\/www.mlkjlasers.com\/wp-content\/uploads\/2024\/01\/6-600x503.jpg 600w\" sizes=\"(max-width: 1920px) 100vw, 1920px\" \/><\/div>\n<div data-spm-anchor-id=\"a2700.wholesale.0.i88.7c517cf3tiIswF\"><\/div>\n<div data-spm-anchor-id=\"a2700.wholesale.0.i88.7c517cf3tiIswF\"><img loading=\"lazy\" decoding=\"async\" class=\"aligncenter wp-image-2894\" src=\"https:\/\/mlkjlasers.com\/wp-content\/uploads\/2024\/01\/4.jpg\" alt=\"\" width=\"1920\" height=\"1080\" srcset=\"https:\/\/www.mlkjlasers.com\/wp-content\/uploads\/2024\/01\/4.jpg 1920w, https:\/\/www.mlkjlasers.com\/wp-content\/uploads\/2024\/01\/4-300x169.jpg 300w, https:\/\/www.mlkjlasers.com\/wp-content\/uploads\/2024\/01\/4-1024x576.jpg 1024w, https:\/\/www.mlkjlasers.com\/wp-content\/uploads\/2024\/01\/4-768x432.jpg 768w, https:\/\/www.mlkjlasers.com\/wp-content\/uploads\/2024\/01\/4-1536x864.jpg 1536w, https:\/\/www.mlkjlasers.com\/wp-content\/uploads\/2024\/01\/4-600x338.jpg 600w\" sizes=\"(max-width: 1920px) 100vw, 1920px\" \/><\/div>\n<div data-spm-anchor-id=\"a2700.wholesale.0.i88.7c517cf3tiIswF\"><\/div>\n<div data-spm-anchor-id=\"a2700.wholesale.0.i88.7c517cf3tiIswF\">* schermo tattile da 14 pollici, facile da usare;<br \/>\n* Fornire l'aspetto del prodotto e servizi di personalizzazione del sistema operativo;<br \/>\n* Formazione sulla guida all'uso del prodotto;<br \/>\n* Guida all'aggiornamento del sistema, servizio di tracciamento esclusivo del servizio clienti!<\/div>\n<div data-spm-anchor-id=\"a2700.wholesale.0.i88.7c517cf3tiIswF\"><\/div>\n<div data-spm-anchor-id=\"a2700.wholesale.0.i88.7c517cf3tiIswF\"><img loading=\"lazy\" decoding=\"async\" class=\"aligncenter wp-image-2898\" src=\"https:\/\/mlkjlasers.com\/wp-content\/uploads\/2024\/01\/8.jpg\" alt=\"\" width=\"1920\" height=\"1080\" srcset=\"https:\/\/www.mlkjlasers.com\/wp-content\/uploads\/2024\/01\/8.jpg 1920w, https:\/\/www.mlkjlasers.com\/wp-content\/uploads\/2024\/01\/8-300x169.jpg 300w, https:\/\/www.mlkjlasers.com\/wp-content\/uploads\/2024\/01\/8-1024x576.jpg 1024w, https:\/\/www.mlkjlasers.com\/wp-content\/uploads\/2024\/01\/8-768x432.jpg 768w, https:\/\/www.mlkjlasers.com\/wp-content\/uploads\/2024\/01\/8-1536x864.jpg 1536w, https:\/\/www.mlkjlasers.com\/wp-content\/uploads\/2024\/01\/8-600x338.jpg 600w\" sizes=\"(max-width: 1920px) 100vw, 1920px\" \/><\/div>\n<div data-spm-anchor-id=\"a2700.wholesale.0.i88.7c517cf3tiIswF\"><\/div>\n<div data-spm-anchor-id=\"a2700.wholesale.0.i88.7c517cf3tiIswF\"><em><strong><span style=\"color: #0000ff;\">Pi\u00f9 dettagli del prodotto e metodi di applicazione, benvenuto a consultarci!<\/span><\/strong><\/em><br \/>\n<em><strong><span style=\"color: #0000ff;\">Servizio online 7 * 24 ore!<\/span><\/strong><\/em><\/div>\n<div data-spm-anchor-id=\"a2700.wholesale.0.i88.7c517cf3tiIswF\"><\/div>","protected":false},"excerpt":{"rendered":"<p>&nbsp; Cavitazione 80K: sulla base dell'uso di onde ad ultrasuoni a bassa frequenza, crea un fenomeno chiamato \"cavitazione\" nel corpo. La cavitazione si verifica quando le onde ad ultrasuoni causano la formazione e l'implosione di minuscole bolle nel liquido che circonda le cellule adipose, causandole la rottura. Pu\u00f2 essere efficace per ridurre l'aspetto di [&hellip;]<\/p>","protected":false},"featured_media":3492,"comment_status":"open","ping_status":"closed","template":"","meta":[],"product_cat":[28],"product_tag":[],"class_list":["post-2890","product","type-product","status-publish","has-post-thumbnail","hentry","product_cat-slimming-machine"],"_links":{"self":[{"href":"https:\/\/www.mlkjlasers.com\/it\/wp-json\/wp\/v2\/product\/2890","targetHints":{"allow":["GET"]}}],"collection":[{"href":"https:\/\/www.mlkjlasers.com\/it\/wp-json\/wp\/v2\/product"}],"about":[{"href":"https:\/\/www.mlkjlasers.com\/it\/wp-json\/wp\/v2\/types\/product"}],"replies":[{"embeddable":true,"href":"https:\/\/www.mlkjlasers.com\/it\/wp-json\/wp\/v2\/comments?post=2890"}],"wp:featuredmedia":[{"embeddable":true,"href":"https:\/\/www.mlkjlasers.com\/it\/wp-json\/wp\/v2\/media\/3492"}],"wp:attachment":[{"href":"https:\/\/www.mlkjlasers.com\/it\/wp-json\/wp\/v2\/media?parent=2890"}],"wp:term":[{"taxonomy":"product_cat","embeddable":true,"href":"https:\/\/www.mlkjlasers.com\/it\/wp-json\/wp\/v2\/product_cat?post=2890"},{"taxonomy":"product_tag","embeddable":true,"href":"https:\/\/www.mlkjlasers.com\/it\/wp-json\/wp\/v2\/product_tag?post=2890"}],"curies":[{"name":"wp","href":"https:\/\/api.w.org\/{rel}","templated":true}]}}