{"id":2941,"date":"2024-01-30T09:19:38","date_gmt":"2024-01-30T01:19:38","guid":{"rendered":"https:\/\/mlkjlasers.com\/?post_type=product&#038;p=2941"},"modified":"2026-01-21T08:59:37","modified_gmt":"2026-01-21T00:59:37","slug":"10d-focused-ultrasound-hifu-skin-rejuvenation-beauty-hifu-10d-hifu-machine-skin-tightening","status":"publish","type":"product","link":"https:\/\/www.mlkjlasers.com\/it\/product\/10d-focused-ultrasound-hifu-skin-rejuvenation-beauty-hifu-10d-hifu-machine-skin-tightening\/","title":{"rendered":"10D ha messo a fuoco l'ultrasuono del ringiovanimento della pelle della macchina Hifu della bellezza Hifu 10D che stringe la pelle"},"content":{"rendered":"<p><img fetchpriority=\"high\" decoding=\"async\" class=\"alignnone wp-image-2942\" src=\"https:\/\/mlkjlasers.com\/wp-content\/uploads\/2024\/01\/\u8be6\u60c5\u9875_01.jpg\" alt=\"\" width=\"1920\" height=\"3241\" srcset=\"https:\/\/www.mlkjlasers.com\/wp-content\/uploads\/2024\/01\/\u8be6\u60c5\u9875_01.jpg 750w, https:\/\/www.mlkjlasers.com\/wp-content\/uploads\/2024\/01\/\u8be6\u60c5\u9875_01-178x300.jpg 178w, https:\/\/www.mlkjlasers.com\/wp-content\/uploads\/2024\/01\/\u8be6\u60c5\u9875_01-607x1024.jpg 607w, https:\/\/www.mlkjlasers.com\/wp-content\/uploads\/2024\/01\/\u8be6\u60c5\u9875_01-600x1013.jpg 600w\" sizes=\"(max-width: 1920px) 100vw, 1920px\" \/><\/p>\n<div data-spm-anchor-id=\"a2700.wholesale.0.i82.36bff5dflxmUVP\"><\/div>\n<div data-spm-anchor-id=\"a2700.wholesale.0.i82.36bff5dflxmUVP\">Ultima macchina HIFU Focused Ultrasound<\/div>\n<div data-spm-anchor-id=\"a2700.wholesale.0.i83.36bff5dflxmUVP\">Rimozione dell'angolo di facelifting pi\u00f9 recente del corpo di Hifu 7D 9D 10D 11D<\/div>\n<div data-spm-anchor-id=\"a2700.wholesale.0.i83.36bff5dflxmUVP\"><\/div>\n<div data-spm-anchor-id=\"a2700.wholesale.0.i83.36bff5dflxmUVP\"><img decoding=\"async\" class=\"alignnone wp-image-2950\" src=\"https:\/\/mlkjlasers.com\/wp-content\/uploads\/2024\/01\/\u8be6\u60c5\u9875_09.jpg\" alt=\"\" width=\"1920\" height=\"1498\" srcset=\"https:\/\/www.mlkjlasers.com\/wp-content\/uploads\/2024\/01\/\u8be6\u60c5\u9875_09.jpg 750w, https:\/\/www.mlkjlasers.com\/wp-content\/uploads\/2024\/01\/\u8be6\u60c5\u9875_09-300x234.jpg 300w, https:\/\/www.mlkjlasers.com\/wp-content\/uploads\/2024\/01\/\u8be6\u60c5\u9875_09-600x468.jpg 600w\" sizes=\"(max-width: 1920px) 100vw, 1920px\" \/><\/div>\n<div data-spm-anchor-id=\"a2700.wholesale.0.i83.36bff5dflxmUVP\"><\/div>\n<div data-spm-anchor-id=\"a2700.wholesale.0.i83.36bff5dflxmUVP\">HIFU (Ultrasuoni ad alta intensit\u00e0 focalizzati) Utilizzare l'ultrasuono ad alta energia concentrandosi sulla posizione del trattamento, in modo che il tessuto della pelle crei il termico,<\/div>\n<div data-spm-anchor-id=\"a2700.wholesale.0.i83.36bff5dflxmUVP\">e fare cellule di attrito ad alta velocit\u00e0 per stimolare il collagene. Tale effetto termico non dannegger\u00e0 l'epidermide, perch\u00e9 il trattamento accede velocemente e direttamente all'epidermide.<\/div>\n<div data-spm-anchor-id=\"a2700.wholesale.0.i83.36bff5dflxmUVP\">sito di trattamento entro 0-0,5 secondi, senza toccare il tessuto circostante e pu\u00f2 essere trasmesso direttamente al sistema di membrana del tendine superficiale (SMAS),<\/div>\n<div data-spm-anchor-id=\"a2700.wholesale.0.i83.36bff5dflxmUVP\">cos\u00ec pu\u00f2 essere fatto pelle ferma tirando lo strato muscolare, faccia sottile fino all'effetto progressivo.<\/div>\n<div data-spm-anchor-id=\"a2700.wholesale.0.i83.36bff5dflxmUVP\"><\/div>\n<div data-spm-anchor-id=\"a2700.wholesale.0.i83.36bff5dflxmUVP\"><img decoding=\"async\" class=\"alignnone wp-image-2945\" src=\"https:\/\/mlkjlasers.com\/wp-content\/uploads\/2024\/01\/\u8be6\u60c5\u9875_04.jpg\" alt=\"\" width=\"1920\" height=\"2967\" srcset=\"https:\/\/www.mlkjlasers.com\/wp-content\/uploads\/2024\/01\/\u8be6\u60c5\u9875_04.jpg 750w, https:\/\/www.mlkjlasers.com\/wp-content\/uploads\/2024\/01\/\u8be6\u60c5\u9875_04-194x300.jpg 194w, https:\/\/www.mlkjlasers.com\/wp-content\/uploads\/2024\/01\/\u8be6\u60c5\u9875_04-663x1024.jpg 663w, https:\/\/www.mlkjlasers.com\/wp-content\/uploads\/2024\/01\/\u8be6\u60c5\u9875_04-600x927.jpg 600w\" sizes=\"(max-width: 1920px) 100vw, 1920px\" \/><\/div>\n<div data-spm-anchor-id=\"a2700.wholesale.0.i83.36bff5dflxmUVP\"><\/div>\n<div data-spm-anchor-id=\"a2700.wholesale.0.i83.36bff5dflxmUVP\">\n<div>Cartuccie L7-1.5mm, MF2.0mm, L7-3.0mm, L4-4.5mm,<\/div>\n<div data-spm-anchor-id=\"a2700.wholesale.0.i86.36bff5dflxmUVP\">MF6.0mm, MF9.0mm, MF13.0mm, DL1.5, DL3.0, DL4.5<\/div>\n<\/div>\n<div data-spm-anchor-id=\"a2700.wholesale.0.i86.36bff5dflxmUVP\"><\/div>\n<div data-spm-anchor-id=\"a2700.wholesale.0.i86.36bff5dflxmUVP\"><img loading=\"lazy\" decoding=\"async\" class=\"alignnone wp-image-2946\" src=\"https:\/\/mlkjlasers.com\/wp-content\/uploads\/2024\/01\/\u8be6\u60c5\u9875_05.jpg\" alt=\"\" width=\"1920\" height=\"2332\" srcset=\"https:\/\/www.mlkjlasers.com\/wp-content\/uploads\/2024\/01\/\u8be6\u60c5\u9875_05.jpg 750w, https:\/\/www.mlkjlasers.com\/wp-content\/uploads\/2024\/01\/\u8be6\u60c5\u9875_05-247x300.jpg 247w, https:\/\/www.mlkjlasers.com\/wp-content\/uploads\/2024\/01\/\u8be6\u60c5\u9875_05-600x729.jpg 600w\" sizes=\"(max-width: 1920px) 100vw, 1920px\" \/><\/div>\n<div data-spm-anchor-id=\"a2700.wholesale.0.i86.36bff5dflxmUVP\"><\/div>\n<div data-spm-anchor-id=\"a2700.wholesale.0.i86.36bff5dflxmUVP\"><img loading=\"lazy\" decoding=\"async\" class=\"alignnone wp-image-2944\" src=\"https:\/\/mlkjlasers.com\/wp-content\/uploads\/2024\/01\/\u8be6\u60c5\u9875_03.jpg\" alt=\"\" width=\"1920\" height=\"1905\" srcset=\"https:\/\/www.mlkjlasers.com\/wp-content\/uploads\/2024\/01\/\u8be6\u60c5\u9875_03.jpg 750w, https:\/\/www.mlkjlasers.com\/wp-content\/uploads\/2024\/01\/\u8be6\u60c5\u9875_03-300x298.jpg 300w, https:\/\/www.mlkjlasers.com\/wp-content\/uploads\/2024\/01\/\u8be6\u60c5\u9875_03-150x150.jpg 150w, https:\/\/www.mlkjlasers.com\/wp-content\/uploads\/2024\/01\/\u8be6\u60c5\u9875_03-600x595.jpg 600w, https:\/\/www.mlkjlasers.com\/wp-content\/uploads\/2024\/01\/\u8be6\u60c5\u9875_03-100x100.jpg 100w\" sizes=\"(max-width: 1920px) 100vw, 1920px\" \/><\/div>\n<div data-spm-anchor-id=\"a2700.wholesale.0.i86.36bff5dflxmUVP\"><\/div>\n<div data-spm-anchor-id=\"a2700.wholesale.0.i83.36bff5dflxmUVP\">\n<div data-spm-anchor-id=\"a2700.wholesale.0.i86.36bff5dflxmUVP\">* Un alto tasso di ripetizione di impulsi brevi vengono consegnati in profondit\u00e0 nel dermide, ottenendo un'alta potenza media e un accumulo di calore terapeuticamente efficace, praticamente senza dolore.<\/div>\n<div data-spm-anchor-id=\"a2700.wholesale.0.i86.36bff5dflxmUVP\">* L'ultima macchina ha un totale di 11 sonde, che sono completamente intagliate e anti-invecchiamento.<br \/>\n* Trattamento non chirurgico di sollevamento facciale, serramento e sistema di modellazione del contorno del corpo. L'ultima tecnologia ad ultrasuoni ad alta energia al mondo.<\/div>\n<div data-spm-anchor-id=\"a2700.wholesale.0.i86.36bff5dflxmUVP\"><\/div>\n<div data-spm-anchor-id=\"a2700.wholesale.0.i86.36bff5dflxmUVP\"><img loading=\"lazy\" decoding=\"async\" class=\"alignnone wp-image-2948\" src=\"https:\/\/mlkjlasers.com\/wp-content\/uploads\/2024\/01\/\u8be6\u60c5\u9875_07.jpg\" alt=\"\" width=\"1920\" height=\"1300\" srcset=\"https:\/\/www.mlkjlasers.com\/wp-content\/uploads\/2024\/01\/\u8be6\u60c5\u9875_07.jpg 750w, https:\/\/www.mlkjlasers.com\/wp-content\/uploads\/2024\/01\/\u8be6\u60c5\u9875_07-300x203.jpg 300w, https:\/\/www.mlkjlasers.com\/wp-content\/uploads\/2024\/01\/\u8be6\u60c5\u9875_07-600x406.jpg 600w\" sizes=\"(max-width: 1920px) 100vw, 1920px\" \/><\/div>\n<div data-spm-anchor-id=\"a2700.wholesale.0.i86.36bff5dflxmUVP\"><\/div>\n<div data-spm-anchor-id=\"a2700.wholesale.0.i86.36bff5dflxmUVP\">\n<p>1. Rimuovere le rughe intorno alla fronte, agli occhi, alla bocca, ecc.<\/p>\n<div>2. sollevamento e serrare entrambe le guance della pelle.<\/div>\n<div>3. Migliorare l'elasticit\u00e0 della pelle e modellare il contorno.<\/div>\n<div>4. Migliorare la linea della mascella, riducendo \"linee marionette\".<\/div>\n<div>5. Serrare il tessuto della pelle sulla fronte, sollevando le linee delle sopracciglia.<\/div>\n<div>6. Migliorare il teinto della pelle, rendendo la pelle delicata e luminosa.<\/div>\n<div>7. Corrisponde con la bellezza di iniezione come l'acido ialuronico, il collagene, per risolvere pi\u00f9 problema di invecchiamento.<\/div>\n<div data-spm-anchor-id=\"a2700.wholesale.0.i88.36bff5dflxmUVP\">8. Rimozione delle rughe del collo, proteggendo l'invecchiamento del collo.<\/div>\n<div data-spm-anchor-id=\"a2700.wholesale.0.i88.36bff5dflxmUVP\"><\/div>\n<div data-spm-anchor-id=\"a2700.wholesale.0.i88.36bff5dflxmUVP\"><img loading=\"lazy\" decoding=\"async\" class=\"alignnone wp-image-2947\" src=\"https:\/\/mlkjlasers.com\/wp-content\/uploads\/2024\/01\/\u8be6\u60c5\u9875_06.jpg\" alt=\"\" width=\"1920\" height=\"2112\" srcset=\"https:\/\/www.mlkjlasers.com\/wp-content\/uploads\/2024\/01\/\u8be6\u60c5\u9875_06.jpg 750w, https:\/\/www.mlkjlasers.com\/wp-content\/uploads\/2024\/01\/\u8be6\u60c5\u9875_06-273x300.jpg 273w, https:\/\/www.mlkjlasers.com\/wp-content\/uploads\/2024\/01\/\u8be6\u60c5\u9875_06-600x660.jpg 600w\" sizes=\"(max-width: 1920px) 100vw, 1920px\" \/><\/div>\n<\/div>\n<p><strong>Colore touch screen ringiovanimento della pelle<br \/>\n<\/strong>1. grande schermo tattile da 15,6 pollici, progettato umanizzato<br \/>\n2. Maschio\/femmina, parti del corpo, 6 tipi di pelle per l'opzione.<br \/>\n3. Inglese la tua lingua madre.<br \/>\n4. Servizio di programma OEM gratuito (logo\/sistema&#8230;)<\/p>\n<table class=\"cke_show_border\" style=\"width: 100.525%; height: 502px;\">\n<tbody>\n<tr style=\"height: 23px;\">\n<td style=\"width: 23.182%; height: 23px;\" colspan=\"1\" rowspan=\"1\">Nome del dispositivo<\/td>\n<td style=\"width: 215.953%; height: 23px;\" colspan=\"1\" rowspan=\"1\">EXFU Seiko HIFU<\/td>\n<\/tr>\n<tr style=\"height: 25px;\">\n<td style=\"width: 23.182%; height: 25px;\" colspan=\"1\" rowspan=\"1\">Tipo di articolo<\/td>\n<td style=\"width: 215.953%; height: 25px;\" colspan=\"1\" rowspan=\"1\">Macchina pieghevole doppio controllo 11DUltrasound<\/td>\n<\/tr>\n<tr style=\"height: 34px;\">\n<td style=\"width: 23.182%; height: 34px;\" colspan=\"1\" rowspan=\"1\">Tecnologia<\/td>\n<td style=\"width: 215.953%; height: 34px;\" colspan=\"1\" rowspan=\"1\">Ultrasuoni ad alta intensit\u00e0<\/td>\n<\/tr>\n<tr style=\"height: 37px;\">\n<td style=\"width: 23.182%; height: 37px;\" colspan=\"1\" rowspan=\"1\">Tensione di ingresso<\/td>\n<td style=\"width: 215.953%; height: 37px;\" colspan=\"1\" rowspan=\"1\">AC100V &#8211; 240V<\/td>\n<\/tr>\n<tr style=\"height: 38px;\">\n<td style=\"width: 23.182%; height: 38px;\" colspan=\"1\" rowspan=\"1\">Frequenza di uscita<\/td>\n<td style=\"width: 215.953%; height: 38px;\" colspan=\"1\" rowspan=\"1\">2-7MHz<\/td>\n<\/tr>\n<tr style=\"height: 38px;\">\n<td style=\"width: 23.182%; height: 38px;\" colspan=\"1\" rowspan=\"1\">Potenza massima<\/td>\n<td style=\"width: 215.953%; height: 38px;\" colspan=\"1\" rowspan=\"1\">200-400VA<\/td>\n<\/tr>\n<tr style=\"height: 51px;\">\n<td style=\"width: 23.182%; height: 51px;\" colspan=\"1\" rowspan=\"1\">Fusibile<\/td>\n<td style=\"width: 215.953%; height: 51px;\" colspan=\"1\" rowspan=\"1\">5A<\/td>\n<\/tr>\n<tr style=\"height: 38px;\">\n<td style=\"width: 23.182%; height: 38px;\" colspan=\"1\" rowspan=\"1\">Numero di maniglie<\/td>\n<td style=\"width: 215.953%; height: 38px;\" colspan=\"1\" rowspan=\"1\">2 Maniglie<\/td>\n<\/tr>\n<tr style=\"height: 36px;\">\n<td style=\"width: 23.182%; height: 36px;\" colspan=\"1\" rowspan=\"1\">Area di trattamento<\/td>\n<td style=\"width: 215.953%; height: 36px;\" colspan=\"1\" rowspan=\"1\">faccia,corpo,<\/td>\n<\/tr>\n<tr style=\"height: 51px;\">\n<td style=\"width: 23.182%; height: 102px;\" colspan=\"1\" rowspan=\"2\">Cartuccie<\/td>\n<td style=\"width: 215.953%; height: 51px;\" colspan=\"1\" rowspan=\"1\">L7-1.5mm, MF2.0mm, L7-3.0mm, L4-4.5mm,<\/td>\n<\/tr>\n<tr style=\"height: 51px;\">\n<td style=\"width: 215.953%; height: 51px;\" colspan=\"1\" rowspan=\"1\">MF6.0mm, MF9.0mm, MF13.0mm, DL1.5, DL3.0, DL4.5<\/td>\n<\/tr>\n<tr style=\"height: 51px;\">\n<td style=\"width: 23.182%; height: 51px;\" colspan=\"1\" rowspan=\"1\">Spari<\/td>\n<td style=\"width: 215.953%; height: 51px;\" colspan=\"1\" rowspan=\"1\">20000 colpi \/ cartuccia<\/td>\n<\/tr>\n<tr style=\"height: 19px;\">\n<td style=\"width: 23.182%; height: 19px;\" colspan=\"1\" rowspan=\"1\">Peso di imballaggio<\/td>\n<td style=\"width: 215.953%; height: 19px;\" colspan=\"1\" rowspan=\"1\">11 kg<\/td>\n<\/tr>\n<tr style=\"height: 10px;\">\n<td style=\"width: 23.182%; height: 10px;\" colspan=\"1\" rowspan=\"1\">Dimensione imballaggio<\/td>\n<td style=\"width: 215.953%; height: 10px;\" colspan=\"1\" rowspan=\"1\">550x430x180mm<\/td>\n<\/tr>\n<\/tbody>\n<\/table>\n<p><img loading=\"lazy\" decoding=\"async\" class=\"alignnone wp-image-2943\" src=\"https:\/\/mlkjlasers.com\/wp-content\/uploads\/2024\/01\/\u8be6\u60c5\u9875_02.jpg\" alt=\"\" width=\"1920\" height=\"924\" srcset=\"https:\/\/www.mlkjlasers.com\/wp-content\/uploads\/2024\/01\/\u8be6\u60c5\u9875_02.jpg 750w, https:\/\/www.mlkjlasers.com\/wp-content\/uploads\/2024\/01\/\u8be6\u60c5\u9875_02-300x144.jpg 300w, https:\/\/www.mlkjlasers.com\/wp-content\/uploads\/2024\/01\/\u8be6\u60c5\u9875_02-600x289.jpg 600w\" sizes=\"(max-width: 1920px) 100vw, 1920px\" \/><\/p>\n<p>1) 16 anni fabbrica produttore 100% buon feedback da tutti i clienti.<br \/>\n3) squadra post-vendita che pu\u00f2 risolvere facilmente i problemi. Servizio di programma OEM gratuito (logo\/sistema&#8230;)<\/p>\n<div data-spm-anchor-id=\"a2700.wholesale.0.i93.36bff5dflxmUVP\"><\/div>\n<div data-spm-anchor-id=\"a2700.wholesale.0.i93.36bff5dflxmUVP\"><span style=\"color: #339966; font-size: 14pt;\"><em><strong>Scopri di pi\u00f9 su attrezzature e conoscenze di bellezza, non esitate a contattarci!<\/strong><\/em><\/span><\/div>\n<div data-spm-anchor-id=\"a2700.wholesale.0.i93.36bff5dflxmUVP\"><\/div>\n<\/div>","protected":false},"excerpt":{"rendered":"<p>Ultima macchina HIFU Focused Ultrasound Nuovo 7D 9D 10D 11D Hifu Body Slimming Facelifting Winkle Removal HIFU (Ultrasuono focalizzato ad alta intensit\u00e0) Utilizzare l'ultrasuono ad alta energia concentrandosi sulla posizione del trattamento, in modo che il tessuto cutaneo crei il termico e faccia cellule di attrito ad alta velocit\u00e0 per stimolare il collagene. Tale effetto termico non dannegger\u00e0 l'epidermide, perch\u00e9 il trattamento [&hellip;]<\/p>","protected":false},"featured_media":2953,"comment_status":"open","ping_status":"closed","template":"","meta":[],"product_cat":[30],"product_tag":[],"class_list":["post-2941","product","type-product","status-publish","has-post-thumbnail","hentry","product_cat-11d-hifu"],"_links":{"self":[{"href":"https:\/\/www.mlkjlasers.com\/it\/wp-json\/wp\/v2\/product\/2941","targetHints":{"allow":["GET"]}}],"collection":[{"href":"https:\/\/www.mlkjlasers.com\/it\/wp-json\/wp\/v2\/product"}],"about":[{"href":"https:\/\/www.mlkjlasers.com\/it\/wp-json\/wp\/v2\/types\/product"}],"replies":[{"embeddable":true,"href":"https:\/\/www.mlkjlasers.com\/it\/wp-json\/wp\/v2\/comments?post=2941"}],"wp:featuredmedia":[{"embeddable":true,"href":"https:\/\/www.mlkjlasers.com\/it\/wp-json\/wp\/v2\/media\/2953"}],"wp:attachment":[{"href":"https:\/\/www.mlkjlasers.com\/it\/wp-json\/wp\/v2\/media?parent=2941"}],"wp:term":[{"taxonomy":"product_cat","embeddable":true,"href":"https:\/\/www.mlkjlasers.com\/it\/wp-json\/wp\/v2\/product_cat?post=2941"},{"taxonomy":"product_tag","embeddable":true,"href":"https:\/\/www.mlkjlasers.com\/it\/wp-json\/wp\/v2\/product_tag?post=2941"}],"curies":[{"name":"wp","href":"https:\/\/api.w.org\/{rel}","templated":true}]}}