{"id":2958,"date":"2024-02-28T17:02:20","date_gmt":"2024-02-28T09:02:20","guid":{"rendered":"https:\/\/mlkjlasers.com\/?post_type=product&#038;p=2958"},"modified":"2024-02-29T16:46:35","modified_gmt":"2024-02-29T08:46:35","slug":"laser-q-swithced-nanosecond-short-pulse-755-532-1064-vascular-therapy-scar-repair-picosecond-laser-tattoo-removal-machine","status":"publish","type":"product","link":"https:\/\/www.mlkjlasers.com\/it\/product\/laser-q-swithced-nanosecond-short-pulse-755-532-1064-vascular-therapy-scar-repair-picosecond-laser-tattoo-removal-machine\/","title":{"rendered":"Laser Q-switched nanosecond short pulse 755 532 1064 vascolare terapia cicatrice riparazione picosecond laser tattoo removal machine"},"content":{"rendered":"<p><img fetchpriority=\"high\" decoding=\"async\" class=\"size-full wp-image-2986 aligncenter\" src=\"https:\/\/mlkjlasers.com\/wp-content\/uploads\/2024\/02\/1-2.jpg\" alt=\"\" width=\"1920\" height=\"1080\" srcset=\"https:\/\/www.mlkjlasers.com\/wp-content\/uploads\/2024\/02\/1-2.jpg 1920w, https:\/\/www.mlkjlasers.com\/wp-content\/uploads\/2024\/02\/1-2-300x169.jpg 300w, https:\/\/www.mlkjlasers.com\/wp-content\/uploads\/2024\/02\/1-2-1024x576.jpg 1024w, https:\/\/www.mlkjlasers.com\/wp-content\/uploads\/2024\/02\/1-2-768x432.jpg 768w, https:\/\/www.mlkjlasers.com\/wp-content\/uploads\/2024\/02\/1-2-1536x864.jpg 1536w, https:\/\/www.mlkjlasers.com\/wp-content\/uploads\/2024\/02\/1-2-600x338.jpg 600w\" sizes=\"(max-width: 1920px) 100vw, 1920px\" \/> <img decoding=\"async\" class=\"size-full wp-image-2987 aligncenter\" src=\"https:\/\/mlkjlasers.com\/wp-content\/uploads\/2024\/02\/2-2.jpg\" alt=\"\" width=\"1920\" height=\"1080\" srcset=\"https:\/\/www.mlkjlasers.com\/wp-content\/uploads\/2024\/02\/2-2.jpg 1920w, https:\/\/www.mlkjlasers.com\/wp-content\/uploads\/2024\/02\/2-2-300x169.jpg 300w, https:\/\/www.mlkjlasers.com\/wp-content\/uploads\/2024\/02\/2-2-1024x576.jpg 1024w, https:\/\/www.mlkjlasers.com\/wp-content\/uploads\/2024\/02\/2-2-768x432.jpg 768w, https:\/\/www.mlkjlasers.com\/wp-content\/uploads\/2024\/02\/2-2-1536x864.jpg 1536w, https:\/\/www.mlkjlasers.com\/wp-content\/uploads\/2024\/02\/2-2-600x338.jpg 600w\" sizes=\"(max-width: 1920px) 100vw, 1920px\" \/><\/p>\n<p>&nbsp;<\/p>\n<p><span class=\"src\" data-group=\"0-0\">Laser a impulso breve: durata \u2264 nanosecondi (10e-6 secondi) <\/span><span class=\"src\" data-group=\"1-0\">Caratteristiche: <\/span><\/p>\n<p><span class=\"src\" data-group=\"2-0\">\u2460  Utilizzando l'effetto meccanico di esplosione a pressione acustica della luce, una singola durata di emissione \u00e8 breve, alta energia, potenza di picco; <\/span><\/p>\n<p><span class=\"src\" data-group=\"3-0\">\u2461  La larghezza dell'impulso non \u00e8 generalmente regolabile; <\/span><span class=\"src\" data-group=\"4-0\">\u2462  Il breve impulso \u00e8 realizzato con la tecnologia Q-switching<\/span><\/p>\n<p>&nbsp;<\/p>\n<p><img decoding=\"async\" class=\"size-full wp-image-2988 aligncenter\" src=\"https:\/\/mlkjlasers.com\/wp-content\/uploads\/2024\/02\/3-2.jpg\" alt=\"\" width=\"1920\" height=\"1080\" srcset=\"https:\/\/www.mlkjlasers.com\/wp-content\/uploads\/2024\/02\/3-2.jpg 1920w, https:\/\/www.mlkjlasers.com\/wp-content\/uploads\/2024\/02\/3-2-300x169.jpg 300w, https:\/\/www.mlkjlasers.com\/wp-content\/uploads\/2024\/02\/3-2-1024x576.jpg 1024w, https:\/\/www.mlkjlasers.com\/wp-content\/uploads\/2024\/02\/3-2-768x432.jpg 768w, https:\/\/www.mlkjlasers.com\/wp-content\/uploads\/2024\/02\/3-2-1536x864.jpg 1536w, https:\/\/www.mlkjlasers.com\/wp-content\/uploads\/2024\/02\/3-2-600x338.jpg 600w\" sizes=\"(max-width: 1920px) 100vw, 1920px\" \/> <img loading=\"lazy\" decoding=\"async\" class=\"size-full wp-image-2990 aligncenter\" src=\"https:\/\/mlkjlasers.com\/wp-content\/uploads\/2024\/02\/5-3.jpg\" alt=\"\" width=\"1920\" height=\"1080\" srcset=\"https:\/\/www.mlkjlasers.com\/wp-content\/uploads\/2024\/02\/5-3.jpg 1920w, https:\/\/www.mlkjlasers.com\/wp-content\/uploads\/2024\/02\/5-3-300x169.jpg 300w, https:\/\/www.mlkjlasers.com\/wp-content\/uploads\/2024\/02\/5-3-1024x576.jpg 1024w, https:\/\/www.mlkjlasers.com\/wp-content\/uploads\/2024\/02\/5-3-768x432.jpg 768w, https:\/\/www.mlkjlasers.com\/wp-content\/uploads\/2024\/02\/5-3-1536x864.jpg 1536w, https:\/\/www.mlkjlasers.com\/wp-content\/uploads\/2024\/02\/5-3-600x338.jpg 600w\" sizes=\"(max-width: 1920px) 100vw, 1920px\" \/><\/p>\n<p>&nbsp;<\/p>\n<p>Informazioni sul prodotto<br \/>\nCon 7 braccia guida, la luce \u00e8 pi\u00f9 simmetrica!<br \/>\nLa densit\u00e0 energetica (J\/cm2) \u00e8 il parametro decisivo della terapia laser Q-switched.<br \/>\nIl laser Q-commutato di solito non pu\u00f2 regolare la larghezza dell'impulso, impostare lo stesso valore di energia della luce (mJ), se pi\u00f9 piccola \u00e8 l'area di azione (pi\u00f9 piccolo \u00e8 il diametro del punto), maggiore \u00e8 la densit\u00e0 energetica, pi\u00f9 intensa \u00e8 la reazione cutanea, che \u00e8 il significato di &#8220; concentrarsi&#8221;<\/p>\n<p>Caratteristiche:<br \/>\n1. Alta prestazione: Il sistema laser Ruby ha un'alta potenza energetica e alta densit\u00e0 di potenza, consentendo chirurgia e trattamento rapidi ed efficaci.<br \/>\n2. Sicurezza: Il sistema utilizza tecnologia laser avanzata per controllare accuratamente la profondit\u00e0 e l'intensit\u00e0 del fascio laser, riducendo al minimo i danni al tessuto circostante.<br \/>\n3. Multifunzionale: il sistema laser del rubino pu\u00f2 essere utilizzato per una variet\u00e0 di interventi chirurgici e trattamenti, tra cui la rimozione della pelle, il trattamento delle malattie vascolari, la riparazione delle cicatrici, ecc.<br \/>\n4. Alta precisione: il sistema ha funzioni di posizionamento e controllo del fascio laser di alta precisione, pu\u00f2 gestire con precisione il tessuto bersaglio, migliorare il tasso di successo della chirurgia e dell'effetto del trattamento.<br \/>\n5. Portabilit\u00e0: il sistema del laser del rubino adotta un design compatto, facile da trasportare e spostare, adatto per diversi ambienti clinici.<\/p>\n<p>755 waveleng questo utilizzato per lo sbiancamento e l'ingiallimento rimuovere rapidamente i pigmenti di polvere e ripristinare facilmente la vostra pelle bianca<br \/>\nIl laser picosecond di 532 nm ha il miglior effetto sui tatuaggi gialli, seguiti dai tatuaggi rossi. Il laser picosecond a 1064 nm funziona meglio per tatuaggi neri.<br \/>\n532 Lunghezza d'onda \u00e8 utilizzato per trattare le macchie epidermiche come le frecce, macchie di caff\u00e8, macchie di foto-invecchiamento, segni di acne e rughe, cos\u00ec come tatuaggi rossi e gialli.<br \/>\n1064 utilizzato per trattare macchie dermiche come marrone-cyanmoles, Otamoles, chloasma, pigmentazione, sbiancamento e sbiancamento per rimuovere giallo, nero e blu tatuaggi possono essere lavati, utilizzati per trattare l'acne, ridurre i pori e tightenskin, per raggiungere l'effetto di ringiovanimento della pelle.<\/p>\n<p>&nbsp;<\/p>\n<p><img loading=\"lazy\" decoding=\"async\" class=\"size-full wp-image-2989 aligncenter\" src=\"https:\/\/mlkjlasers.com\/wp-content\/uploads\/2024\/02\/4-2.jpg\" alt=\"\" width=\"1920\" height=\"1080\" srcset=\"https:\/\/www.mlkjlasers.com\/wp-content\/uploads\/2024\/02\/4-2.jpg 1920w, https:\/\/www.mlkjlasers.com\/wp-content\/uploads\/2024\/02\/4-2-300x169.jpg 300w, https:\/\/www.mlkjlasers.com\/wp-content\/uploads\/2024\/02\/4-2-1024x576.jpg 1024w, https:\/\/www.mlkjlasers.com\/wp-content\/uploads\/2024\/02\/4-2-768x432.jpg 768w, https:\/\/www.mlkjlasers.com\/wp-content\/uploads\/2024\/02\/4-2-1536x864.jpg 1536w, https:\/\/www.mlkjlasers.com\/wp-content\/uploads\/2024\/02\/4-2-600x338.jpg 600w\" sizes=\"(max-width: 1920px) 100vw, 1920px\" \/> <img loading=\"lazy\" decoding=\"async\" class=\"size-full wp-image-2992 aligncenter\" src=\"https:\/\/mlkjlasers.com\/wp-content\/uploads\/2024\/02\/7-1.jpg\" alt=\"\" width=\"1920\" height=\"1080\" srcset=\"https:\/\/www.mlkjlasers.com\/wp-content\/uploads\/2024\/02\/7-1.jpg 1920w, https:\/\/www.mlkjlasers.com\/wp-content\/uploads\/2024\/02\/7-1-300x169.jpg 300w, https:\/\/www.mlkjlasers.com\/wp-content\/uploads\/2024\/02\/7-1-1024x576.jpg 1024w, https:\/\/www.mlkjlasers.com\/wp-content\/uploads\/2024\/02\/7-1-768x432.jpg 768w, https:\/\/www.mlkjlasers.com\/wp-content\/uploads\/2024\/02\/7-1-1536x864.jpg 1536w, https:\/\/www.mlkjlasers.com\/wp-content\/uploads\/2024\/02\/7-1-600x338.jpg 600w\" sizes=\"(max-width: 1920px) 100vw, 1920px\" \/> <img loading=\"lazy\" decoding=\"async\" class=\"size-full wp-image-2993 aligncenter\" src=\"https:\/\/mlkjlasers.com\/wp-content\/uploads\/2024\/02\/8-1.jpg\" alt=\"\" width=\"1920\" height=\"1080\" srcset=\"https:\/\/www.mlkjlasers.com\/wp-content\/uploads\/2024\/02\/8-1.jpg 1920w, https:\/\/www.mlkjlasers.com\/wp-content\/uploads\/2024\/02\/8-1-300x169.jpg 300w, https:\/\/www.mlkjlasers.com\/wp-content\/uploads\/2024\/02\/8-1-1024x576.jpg 1024w, https:\/\/www.mlkjlasers.com\/wp-content\/uploads\/2024\/02\/8-1-768x432.jpg 768w, https:\/\/www.mlkjlasers.com\/wp-content\/uploads\/2024\/02\/8-1-1536x864.jpg 1536w, https:\/\/www.mlkjlasers.com\/wp-content\/uploads\/2024\/02\/8-1-600x338.jpg 600w\" sizes=\"(max-width: 1920px) 100vw, 1920px\" \/><\/p>\n<p>&nbsp;<\/p>","protected":false},"excerpt":{"rendered":"<p>&nbsp; Laser a pulso breve: durata \u2264 nanosecondi (10e-6 secondi) \u2460  Utilizzando l'effetto meccanico di esplosione a pressione acustica della luce, una singola durata di emissione \u00e8 breve, alta energia, potenza di picco;  \u2461  La larghezza dell'impulso non \u00e8 generalmente regolabile;  \u2462  L'impulso corto \u00e8 realizzato dalla tecnologia di commutazione Q &nbsp; &nbsp; Informazioni sul prodotto Con 7 bracci leggeri di guida, il [&hellip;]<\/p>","protected":false},"featured_media":2985,"comment_status":"open","ping_status":"closed","template":"","meta":[],"product_cat":[23],"product_tag":[],"class_list":["post-2958","product","type-product","status-publish","has-post-thumbnail","hentry","product_cat-picosecond-laser"],"_links":{"self":[{"href":"https:\/\/www.mlkjlasers.com\/it\/wp-json\/wp\/v2\/product\/2958","targetHints":{"allow":["GET"]}}],"collection":[{"href":"https:\/\/www.mlkjlasers.com\/it\/wp-json\/wp\/v2\/product"}],"about":[{"href":"https:\/\/www.mlkjlasers.com\/it\/wp-json\/wp\/v2\/types\/product"}],"replies":[{"embeddable":true,"href":"https:\/\/www.mlkjlasers.com\/it\/wp-json\/wp\/v2\/comments?post=2958"}],"wp:featuredmedia":[{"embeddable":true,"href":"https:\/\/www.mlkjlasers.com\/it\/wp-json\/wp\/v2\/media\/2985"}],"wp:attachment":[{"href":"https:\/\/www.mlkjlasers.com\/it\/wp-json\/wp\/v2\/media?parent=2958"}],"wp:term":[{"taxonomy":"product_cat","embeddable":true,"href":"https:\/\/www.mlkjlasers.com\/it\/wp-json\/wp\/v2\/product_cat?post=2958"},{"taxonomy":"product_tag","embeddable":true,"href":"https:\/\/www.mlkjlasers.com\/it\/wp-json\/wp\/v2\/product_tag?post=2958"}],"curies":[{"name":"wp","href":"https:\/\/api.w.org\/{rel}","templated":true}]}}