{"id":2998,"date":"2024-03-01T10:09:26","date_gmt":"2024-03-01T02:09:26","guid":{"rendered":"https:\/\/mlkjlasers.com\/?post_type=product&#038;p=2998"},"modified":"2026-01-27T13:53:21","modified_gmt":"2026-01-27T05:53:21","slug":"ems-body-sculpting-machine-body-sculpting-slimming-machine-building-lifting-body-sculpting-slimming-machine","status":"publish","type":"product","link":"https:\/\/www.mlkjlasers.com\/it\/product\/ems-body-sculpting-machine-body-sculpting-slimming-machine-building-lifting-body-sculpting-slimming-machine\/","title":{"rendered":"2026 Scultura del corpo dimagrimento macchina di allenamento Scultura muscolare perdita di peso macchina"},"content":{"rendered":"<p><span style=\"font-size: 14pt;\"><img fetchpriority=\"high\" decoding=\"async\" class=\"aligncenter size-full wp-image-3701\" src=\"https:\/\/www.mlkjlasers.com\/wp-content\/uploads\/2026\/01\/pro-1.jpg\" alt=\"\" width=\"1080\" height=\"1080\" \/><\/span><\/p>\n<p><span style=\"font-size: 14pt;\"><b>Costruire muscoli<\/b><\/span><br \/>\n<span style=\"font-size: 14pt;\">I muscoli si contraggono 30.000 volte ad alta frequenza e intensit\u00e0, permettendo l\u2019allenamento e l\u2019aumento della densit\u00e0 e del volume muscolare.<\/span><br \/>\n<span style=\"font-size: 14pt;\"><b>Ridurre il grasso<\/b><\/span><br \/>\n<span style=\"font-size: 14pt;\">La contrazione finale dei muscoli richiede una grande quantit\u00e0 di rifornimento energetico, quindi anche le cellule grasse accanto ai muscoli vengono consumate, portando all'apottosi naturale e alla riduzione efficace del grasso.<\/span><br \/>\n<span style=\"font-size: 14pt;\"><b>Scultura muscolare<\/b><\/span><br \/>\n<span style=\"font-size: 14pt;\">Esercizio dei muscoli addominali e glutei, allenare i muscoli oblichi dell'addome, e modellare la linea sirena.<\/span><\/p>\n<p><span style=\"font-size: 14pt;\"><img decoding=\"async\" class=\"aligncenter size-full wp-image-3706\" src=\"https:\/\/www.mlkjlasers.com\/wp-content\/uploads\/2026\/01\/pro-6.jpg\" alt=\"\" width=\"1080\" height=\"1080\" \/><\/span><\/p>\n<p><span style=\"font-size: 14pt;\">Funzionalit\u00e0 multi-modalit\u00e0 &#8211; Vari livelli di intensit\u00e0 per un trattamento personalizzato.<\/span><br \/>\n<span style=\"font-size: 14pt;\">Veloce &amp; Risultati visibili &#8211; Senti la differenza in poche sessioni.<\/span><br \/>\n<span style=\"font-size: 14pt;\">Sicurezza &amp; Non invasivo &#8211; Nessun intervento chirurgico, nessun arresto, nessun dolore.<\/span><br \/>\n<span style=\"font-size: 14pt;\">Uso del corpo intero &#8211; Funziona sugli addominali, le braccia, le cosce, i glutei e altro ancora.<\/span><br \/>\n<span style=\"font-size: 14pt;\">Verticale &amp; Facile da usare &#8211; Perfetto per uso in saloni o cliniche.<\/span><\/p>\n<p><span style=\"font-size: 14pt;\"><img decoding=\"async\" class=\"aligncenter size-full wp-image-3767\" src=\"https:\/\/www.mlkjlasers.com\/wp-content\/uploads\/2026\/01\/pro-14.jpg\" alt=\"\" width=\"1920\" height=\"1080\" srcset=\"https:\/\/www.mlkjlasers.com\/wp-content\/uploads\/2026\/01\/pro-14.jpg 1920w, https:\/\/www.mlkjlasers.com\/wp-content\/uploads\/2026\/01\/pro-14-300x169.jpg 300w, https:\/\/www.mlkjlasers.com\/wp-content\/uploads\/2026\/01\/pro-14-1024x576.jpg 1024w, https:\/\/www.mlkjlasers.com\/wp-content\/uploads\/2026\/01\/pro-14-768x432.jpg 768w, https:\/\/www.mlkjlasers.com\/wp-content\/uploads\/2026\/01\/pro-14-1536x864.jpg 1536w, https:\/\/www.mlkjlasers.com\/wp-content\/uploads\/2026\/01\/pro-14-18x10.jpg 18w, https:\/\/www.mlkjlasers.com\/wp-content\/uploads\/2026\/01\/pro-14-600x338.jpg 600w\" sizes=\"(max-width: 1920px) 100vw, 1920px\" \/><\/span><\/p>\n<p><span style=\"font-size: 14pt;\">Display maniglia<\/span><\/p>\n<p><span style=\"font-size: 14pt;\"><img loading=\"lazy\" decoding=\"async\" class=\"aligncenter size-full wp-image-3777\" src=\"https:\/\/www.mlkjlasers.com\/wp-content\/uploads\/2026\/01\/pro-25.jpg\" alt=\"\" width=\"1920\" height=\"1080\" srcset=\"https:\/\/www.mlkjlasers.com\/wp-content\/uploads\/2026\/01\/pro-25.jpg 1920w, https:\/\/www.mlkjlasers.com\/wp-content\/uploads\/2026\/01\/pro-25-300x169.jpg 300w, https:\/\/www.mlkjlasers.com\/wp-content\/uploads\/2026\/01\/pro-25-1024x576.jpg 1024w, https:\/\/www.mlkjlasers.com\/wp-content\/uploads\/2026\/01\/pro-25-768x432.jpg 768w, https:\/\/www.mlkjlasers.com\/wp-content\/uploads\/2026\/01\/pro-25-1536x864.jpg 1536w, https:\/\/www.mlkjlasers.com\/wp-content\/uploads\/2026\/01\/pro-25-18x10.jpg 18w, https:\/\/www.mlkjlasers.com\/wp-content\/uploads\/2026\/01\/pro-25-600x338.jpg 600w\" sizes=\"(max-width: 1920px) 100vw, 1920px\" \/><\/span><\/p>\n<p><span style=\"font-size: 14pt;\">La macchina utilizza un campo elettromagnetico focalizzato con intensit\u00e0 sicura per passare attraverso il corpo e interagire con i neuroni motori. \u00c8 progettato per stimolare e contrarre continuamente il muscolo, che \u00e8 ideale per <b>profondamente rimodellando<\/b> La struttura interna del muscolo.<\/span><\/p>\n<p><span style=\"font-size: 14pt;\"><img loading=\"lazy\" decoding=\"async\" class=\"aligncenter size-full wp-image-3776\" src=\"https:\/\/www.mlkjlasers.com\/wp-content\/uploads\/2026\/01\/pro-24.jpg\" alt=\"\" width=\"1920\" height=\"2000\" srcset=\"https:\/\/www.mlkjlasers.com\/wp-content\/uploads\/2026\/01\/pro-24.jpg 1920w, https:\/\/www.mlkjlasers.com\/wp-content\/uploads\/2026\/01\/pro-24-288x300.jpg 288w, https:\/\/www.mlkjlasers.com\/wp-content\/uploads\/2026\/01\/pro-24-983x1024.jpg 983w, https:\/\/www.mlkjlasers.com\/wp-content\/uploads\/2026\/01\/pro-24-768x800.jpg 768w, https:\/\/www.mlkjlasers.com\/wp-content\/uploads\/2026\/01\/pro-24-1475x1536.jpg 1475w, https:\/\/www.mlkjlasers.com\/wp-content\/uploads\/2026\/01\/pro-24-12x12.jpg 12w, https:\/\/www.mlkjlasers.com\/wp-content\/uploads\/2026\/01\/pro-24-600x625.jpg 600w\" sizes=\"(max-width: 1920px) 100vw, 1920px\" \/><\/span><\/p>\n<div><span style=\"font-size: 14pt;\">16 Tesla Energia Elettromagnetica ad Alta Intensit\u00e0 <\/span><br \/>\n<span style=\"font-size: 14pt;\">\u2022 Fino al 16% di crescita muscolare e al 19% di riduzione del grasso <\/span><br \/>\n<span style=\"font-size: 14pt;\">Equivalente a 20.000 sit-up o 50.000 contrazioni muscolari per sessione <\/span><br \/>\n<span style=\"font-size: 14pt;\">Capacit\u00e0 di scultura doppia - trattare due aree contemporaneamente sullo stesso o diversi individui<\/span><\/div>\n<div><span style=\"font-size: 14pt;\"><img loading=\"lazy\" decoding=\"async\" class=\"aligncenter size-full wp-image-3770\" src=\"https:\/\/www.mlkjlasers.com\/wp-content\/uploads\/2026\/01\/pro-18.jpg\" alt=\"\" width=\"1920\" height=\"2000\" srcset=\"https:\/\/www.mlkjlasers.com\/wp-content\/uploads\/2026\/01\/pro-18.jpg 1920w, https:\/\/www.mlkjlasers.com\/wp-content\/uploads\/2026\/01\/pro-18-288x300.jpg 288w, https:\/\/www.mlkjlasers.com\/wp-content\/uploads\/2026\/01\/pro-18-983x1024.jpg 983w, https:\/\/www.mlkjlasers.com\/wp-content\/uploads\/2026\/01\/pro-18-768x800.jpg 768w, https:\/\/www.mlkjlasers.com\/wp-content\/uploads\/2026\/01\/pro-18-1475x1536.jpg 1475w, https:\/\/www.mlkjlasers.com\/wp-content\/uploads\/2026\/01\/pro-18-12x12.jpg 12w, https:\/\/www.mlkjlasers.com\/wp-content\/uploads\/2026\/01\/pro-18-600x625.jpg 600w\" sizes=\"(max-width: 1920px) 100vw, 1920px\" \/><\/span><\/div>\n<div><span style=\"font-size: 14pt;\">Caratteristiche della macchina<\/span><br \/>\n<span style=\"font-size: 14pt;\">1. Buon risultato \u2014<b> 30 minuti di trattamento = 20000 allenamenti<\/b>aumentare il 16% muscolare e ridurre il 21% di grasso dopo circa 2-4 corsi<\/span><\/p>\n<div><span style=\"font-size: 14pt;\">2.Non invasivo, senza effetti collaterali e indolore<\/span><\/div>\n<div><span style=\"font-size: 14pt;\">3.<b> 16 Tesla ad alta intensit\u00e0<\/b>\u2013 copre i grandi muscoli scheletrici e rimodellare la sua struttura interna.<\/span><br \/>\n<span style=\"font-size: 14pt;\">4. 5 applicatori magnetici - rompere i depositi di grasso e aumentare il tono muscolare e la forza<\/span><\/div>\n<div><span style=\"font-size: 14pt;\">5. Targeting 5 parti del corpo - addome, braccia, fianchi, muscolo, cosce<\/span><\/div>\n<div><span style=\"font-size: 14pt;\">6. allenamento progressivo passo - migliorare la sensazione e l'effetto dell'esercizio effettivo<\/span><\/div>\n<\/div>\n<div><span style=\"font-size: 14pt;\"><img loading=\"lazy\" decoding=\"async\" class=\"aligncenter size-full wp-image-3774\" src=\"https:\/\/www.mlkjlasers.com\/wp-content\/uploads\/2026\/01\/pro-22.jpg\" alt=\"\" width=\"1920\" height=\"1080\" srcset=\"https:\/\/www.mlkjlasers.com\/wp-content\/uploads\/2026\/01\/pro-22.jpg 1920w, https:\/\/www.mlkjlasers.com\/wp-content\/uploads\/2026\/01\/pro-22-300x169.jpg 300w, https:\/\/www.mlkjlasers.com\/wp-content\/uploads\/2026\/01\/pro-22-1024x576.jpg 1024w, https:\/\/www.mlkjlasers.com\/wp-content\/uploads\/2026\/01\/pro-22-768x432.jpg 768w, https:\/\/www.mlkjlasers.com\/wp-content\/uploads\/2026\/01\/pro-22-1536x864.jpg 1536w, https:\/\/www.mlkjlasers.com\/wp-content\/uploads\/2026\/01\/pro-22-18x10.jpg 18w, https:\/\/www.mlkjlasers.com\/wp-content\/uploads\/2026\/01\/pro-22-600x338.jpg 600w\" sizes=\"(max-width: 1920px) 100vw, 1920px\" \/><\/span><\/div>\n<div><span style=\"font-size: 14pt;\"><img loading=\"lazy\" decoding=\"async\" class=\"aligncenter size-full wp-image-3766\" src=\"https:\/\/www.mlkjlasers.com\/wp-content\/uploads\/2026\/01\/pro-13.jpg\" alt=\"\" width=\"1080\" height=\"1080\" srcset=\"https:\/\/www.mlkjlasers.com\/wp-content\/uploads\/2026\/01\/pro-13.jpg 1080w, https:\/\/www.mlkjlasers.com\/wp-content\/uploads\/2026\/01\/pro-13-300x300.jpg 300w, https:\/\/www.mlkjlasers.com\/wp-content\/uploads\/2026\/01\/pro-13-1024x1024.jpg 1024w, https:\/\/www.mlkjlasers.com\/wp-content\/uploads\/2026\/01\/pro-13-150x150.jpg 150w, https:\/\/www.mlkjlasers.com\/wp-content\/uploads\/2026\/01\/pro-13-768x768.jpg 768w, https:\/\/www.mlkjlasers.com\/wp-content\/uploads\/2026\/01\/pro-13-12x12.jpg 12w, https:\/\/www.mlkjlasers.com\/wp-content\/uploads\/2026\/01\/pro-13-600x600.jpg 600w, https:\/\/www.mlkjlasers.com\/wp-content\/uploads\/2026\/01\/pro-13-100x100.jpg 100w\" sizes=\"(max-width: 1080px) 100vw, 1080px\" \/><\/span><\/div>\n<div><span style=\"font-size: 14pt;\">Nel lavoro quotidiano, quando la maniglia agisce su diverse parti di diversi clienti, sono necessari diversi parametri. Ogni maniglia pu\u00f2 regolare i parametri in modo indipendente, soddisfando perfettamente le diverse esigenze energetiche di diverse parti quando le maniglie lavorano allo stesso tempo.<\/span><\/div>\n<div><span style=\"font-size: 14pt;\"><img loading=\"lazy\" decoding=\"async\" class=\"aligncenter size-full wp-image-3755\" src=\"https:\/\/www.mlkjlasers.com\/wp-content\/uploads\/2026\/01\/pro-2.jpg\" alt=\"\" width=\"1080\" height=\"1080\" srcset=\"https:\/\/www.mlkjlasers.com\/wp-content\/uploads\/2026\/01\/pro-2.jpg 1080w, https:\/\/www.mlkjlasers.com\/wp-content\/uploads\/2026\/01\/pro-2-300x300.jpg 300w, https:\/\/www.mlkjlasers.com\/wp-content\/uploads\/2026\/01\/pro-2-1024x1024.jpg 1024w, https:\/\/www.mlkjlasers.com\/wp-content\/uploads\/2026\/01\/pro-2-150x150.jpg 150w, https:\/\/www.mlkjlasers.com\/wp-content\/uploads\/2026\/01\/pro-2-768x768.jpg 768w, https:\/\/www.mlkjlasers.com\/wp-content\/uploads\/2026\/01\/pro-2-12x12.jpg 12w, https:\/\/www.mlkjlasers.com\/wp-content\/uploads\/2026\/01\/pro-2-600x600.jpg 600w, https:\/\/www.mlkjlasers.com\/wp-content\/uploads\/2026\/01\/pro-2-100x100.jpg 100w\" sizes=\"(max-width: 1080px) 100vw, 1080px\" \/><\/span><\/div>\n<div><\/div>\n<div><span style=\"font-size: 14pt;\"><img loading=\"lazy\" decoding=\"async\" class=\"aligncenter size-full wp-image-3756\" src=\"https:\/\/www.mlkjlasers.com\/wp-content\/uploads\/2026\/01\/pro-3.jpg\" alt=\"\" width=\"1080\" height=\"1080\" srcset=\"https:\/\/www.mlkjlasers.com\/wp-content\/uploads\/2026\/01\/pro-3.jpg 1080w, https:\/\/www.mlkjlasers.com\/wp-content\/uploads\/2026\/01\/pro-3-300x300.jpg 300w, https:\/\/www.mlkjlasers.com\/wp-content\/uploads\/2026\/01\/pro-3-1024x1024.jpg 1024w, https:\/\/www.mlkjlasers.com\/wp-content\/uploads\/2026\/01\/pro-3-150x150.jpg 150w, https:\/\/www.mlkjlasers.com\/wp-content\/uploads\/2026\/01\/pro-3-768x768.jpg 768w, https:\/\/www.mlkjlasers.com\/wp-content\/uploads\/2026\/01\/pro-3-12x12.jpg 12w, https:\/\/www.mlkjlasers.com\/wp-content\/uploads\/2026\/01\/pro-3-600x600.jpg 600w, https:\/\/www.mlkjlasers.com\/wp-content\/uploads\/2026\/01\/pro-3-100x100.jpg 100w\" sizes=\"(max-width: 1080px) 100vw, 1080px\" \/><\/span><\/div>\n<div>\n<p><span style=\"font-size: 14pt;\"><b>Display: schermo touch ad alta definizione da 14 pollici<\/b><\/span><\/p>\n<div><span style=\"font-size: 14pt;\">\u221a L'interfaccia \u00e8 pi\u00f9 chiara<br \/>\n\u221a L'operazione \u00e8 pi\u00f9 liscia<br \/>\n\u221a Il tocco \u00e8 pi\u00f9 comodo<\/span><\/div>\n<div><span style=\"font-size: 14pt;\"><img loading=\"lazy\" decoding=\"async\" class=\"aligncenter size-full wp-image-3735\" src=\"https:\/\/www.mlkjlasers.com\/wp-content\/uploads\/2026\/01\/\u4fbf\u643a\u53cc-7.jpg\" alt=\"\" width=\"1920\" height=\"1080\" srcset=\"https:\/\/www.mlkjlasers.com\/wp-content\/uploads\/2026\/01\/\u4fbf\u643a\u53cc-7.jpg 1920w, https:\/\/www.mlkjlasers.com\/wp-content\/uploads\/2026\/01\/\u4fbf\u643a\u53cc-7-300x169.jpg 300w, https:\/\/www.mlkjlasers.com\/wp-content\/uploads\/2026\/01\/\u4fbf\u643a\u53cc-7-1024x576.jpg 1024w, https:\/\/www.mlkjlasers.com\/wp-content\/uploads\/2026\/01\/\u4fbf\u643a\u53cc-7-768x432.jpg 768w, https:\/\/www.mlkjlasers.com\/wp-content\/uploads\/2026\/01\/\u4fbf\u643a\u53cc-7-1536x864.jpg 1536w, https:\/\/www.mlkjlasers.com\/wp-content\/uploads\/2026\/01\/\u4fbf\u643a\u53cc-7-18x10.jpg 18w, https:\/\/www.mlkjlasers.com\/wp-content\/uploads\/2026\/01\/\u4fbf\u643a\u53cc-7-600x338.jpg 600w\" sizes=\"(max-width: 1920px) 100vw, 1920px\" \/><\/span><\/div>\n<div><span style=\"font-size: 14pt;\"><img loading=\"lazy\" decoding=\"async\" class=\"aligncenter size-full wp-image-3775\" src=\"https:\/\/www.mlkjlasers.com\/wp-content\/uploads\/2026\/01\/pro-23.jpg\" alt=\"\" width=\"1920\" height=\"1080\" srcset=\"https:\/\/www.mlkjlasers.com\/wp-content\/uploads\/2026\/01\/pro-23.jpg 1920w, https:\/\/www.mlkjlasers.com\/wp-content\/uploads\/2026\/01\/pro-23-300x169.jpg 300w, https:\/\/www.mlkjlasers.com\/wp-content\/uploads\/2026\/01\/pro-23-1024x576.jpg 1024w, https:\/\/www.mlkjlasers.com\/wp-content\/uploads\/2026\/01\/pro-23-768x432.jpg 768w, https:\/\/www.mlkjlasers.com\/wp-content\/uploads\/2026\/01\/pro-23-1536x864.jpg 1536w, https:\/\/www.mlkjlasers.com\/wp-content\/uploads\/2026\/01\/pro-23-18x10.jpg 18w, https:\/\/www.mlkjlasers.com\/wp-content\/uploads\/2026\/01\/pro-23-600x338.jpg 600w\" sizes=\"(max-width: 1920px) 100vw, 1920px\" \/><\/span><\/div>\n<\/div>\n<div><\/div>\n<div><span style=\"font-size: 14pt;\"><strong><span style=\"color: #0000ff;\"><span class=\"src\" data-group=\"0-0\">Contattaci! <\/span><span class=\"src\" data-group=\"1-0\">Ottieni maggiori informazioni. <\/span><\/span><\/strong><\/span><\/div>\n<div><span style=\"font-size: 14pt;\"><strong><span class=\"src\" style=\"color: #0000ff;\" data-group=\"2-0\">Siamo sempre qui per aiutarvi e fornirvi soluzioni. <\/span><\/strong><\/span><\/div>\n<div><\/div>\n<div><span style=\"font-size: 14pt;\"><strong><span class=\"src\" style=\"color: #0000ff;\" data-group=\"4-0\"> Tel: +86 15965364558 <\/span><\/strong><\/span><\/div>\n<div><span style=\"font-size: 14pt;\"><strong><span class=\"src\" style=\"color: #0000ff;\" data-group=\"5-0\">E-mail: sale@mingliangkj.com<\/span><\/strong><\/span><\/div>\n<div><\/div>","protected":false},"excerpt":{"rendered":"<p>I muscoli si contraggono 30.000 volte ad alta frequenza e intensit\u00e0, permettendo l'allenamento e l'aumento della densit\u00e0 e del volume muscolare. La contrazione finale dei muscoli richiede una grande quantit\u00e0 di rifornimento energetico, quindi le cellule di grasso accanto ai muscoli vengono consumate anche, portando all'apoptosi naturale e alla riduzione efficace del grasso. Scultura muscolare [&hellip;]<\/p>","protected":false},"featured_media":3765,"comment_status":"open","ping_status":"closed","template":"","meta":[],"product_cat":[28],"product_tag":[],"class_list":["post-2998","product","type-product","status-publish","has-post-thumbnail","hentry","product_cat-slimming-machine"],"_links":{"self":[{"href":"https:\/\/www.mlkjlasers.com\/it\/wp-json\/wp\/v2\/product\/2998","targetHints":{"allow":["GET"]}}],"collection":[{"href":"https:\/\/www.mlkjlasers.com\/it\/wp-json\/wp\/v2\/product"}],"about":[{"href":"https:\/\/www.mlkjlasers.com\/it\/wp-json\/wp\/v2\/types\/product"}],"replies":[{"embeddable":true,"href":"https:\/\/www.mlkjlasers.com\/it\/wp-json\/wp\/v2\/comments?post=2998"}],"wp:featuredmedia":[{"embeddable":true,"href":"https:\/\/www.mlkjlasers.com\/it\/wp-json\/wp\/v2\/media\/3765"}],"wp:attachment":[{"href":"https:\/\/www.mlkjlasers.com\/it\/wp-json\/wp\/v2\/media?parent=2998"}],"wp:term":[{"taxonomy":"product_cat","embeddable":true,"href":"https:\/\/www.mlkjlasers.com\/it\/wp-json\/wp\/v2\/product_cat?post=2998"},{"taxonomy":"product_tag","embeddable":true,"href":"https:\/\/www.mlkjlasers.com\/it\/wp-json\/wp\/v2\/product_tag?post=2998"}],"curies":[{"name":"wp","href":"https:\/\/api.w.org\/{rel}","templated":true}]}}