{"id":3323,"date":"2026-01-06T10:13:24","date_gmt":"2026-01-06T02:13:24","guid":{"rendered":"https:\/\/www.mlkjlasers.com\/?post_type=product&#038;p=3323"},"modified":"2026-02-24T09:45:38","modified_gmt":"2026-02-24T01:45:38","slug":"2026-professional-three-wavelengths-755-808-1064-diode-laser-hair-removal-machine","status":"publish","type":"product","link":"https:\/\/www.mlkjlasers.com\/it\/product\/2026-professional-three-wavelengths-755-808-1064-diode-laser-hair-removal-machine\/","title":{"rendered":"2026 Professionale tre lunghezze d'onda 755 808 1064 macchina di depilazione laser a diodo"},"content":{"rendered":"<p><img fetchpriority=\"high\" decoding=\"async\" class=\"aligncenter size-full wp-image-3319\" src=\"https:\/\/www.mlkjlasers.com\/wp-content\/uploads\/2026\/01\/laser-equipment-1-1.jpg\" alt=\"\" width=\"1920\" height=\"1080\" srcset=\"https:\/\/www.mlkjlasers.com\/wp-content\/uploads\/2026\/01\/laser-equipment-1-1.jpg 1920w, https:\/\/www.mlkjlasers.com\/wp-content\/uploads\/2026\/01\/laser-equipment-1-1-300x169.jpg 300w, https:\/\/www.mlkjlasers.com\/wp-content\/uploads\/2026\/01\/laser-equipment-1-1-1024x576.jpg 1024w, https:\/\/www.mlkjlasers.com\/wp-content\/uploads\/2026\/01\/laser-equipment-1-1-768x432.jpg 768w, https:\/\/www.mlkjlasers.com\/wp-content\/uploads\/2026\/01\/laser-equipment-1-1-1536x864.jpg 1536w, https:\/\/www.mlkjlasers.com\/wp-content\/uploads\/2026\/01\/laser-equipment-1-1-600x338.jpg 600w\" sizes=\"(max-width: 1920px) 100vw, 1920px\" \/><\/p>\n<div><span style=\"font-size: 18pt; font-weight: bold;\">Vantaggi rispetto ad altri laser<\/span><\/div>\n<div><span style=\"font-size: 14pt;\">1) <span style=\"font-weight: bold; color: #993366;\">Laser a diodo 808nm <\/span>permette alla luce di penetrare pi\u00f9 profondamente nella pelle ed \u00e8 <span style=\"color: #993366; font-weight: bold;\">pi\u00f9 sicuro <\/span>rispetto ad altri laser perch\u00e9 pu\u00f2 evitare il pigmento della melanina nella pelle&#8217; s epidermide. <\/span><\/div>\n<div class=\"br-block\"><span style=\"font-size: 14pt;\">2) frequenza rapida 1-10Hz combinata con una dimensione del punto 12x20mm per risultati pi\u00f9 veloci, senza soluzioni di continuit\u00e0 ed efficaci, <span style=\"font-weight: bold; color: #993366;\">depilazione rapida <\/span>per il trattamento di grandi aree.<\/span><\/div>\n<div class=\"br-block\"><span style=\"font-size: 14pt;\">3) La potenza della macchina 2000W pu\u00f2 funzionare\u00a0<span style=\"color: #993366; font-weight: bold;\">continuamente per 24 ore<\/span> senza interruzioni, garantendo un funzionamento stabile in cliniche e saloni trafficati per garantire un'efficienza terapeutica ottimale.<\/span><\/div>\n<div class=\"br-block\"><span style=\"font-size: 14pt;\">4) Possiamo usarlo per\u00a0<span style=\"font-weight: bold; color: #993366;\">depilazione permanente<\/span> di tutti i peli di colore su tutti i 6 tipi di pelle, compresa la pelle abbronzata. <\/span><\/div>\n<div class=\"br-block\"><span style=\"font-size: 14pt;\">5) Sistema di base di dati facile da usare, in grado di condurre trattamenti in modalit\u00e0 maschili e femminili, comprese varie parti del corpo, assicurando\u00a0<span style=\"font-weight: bold; color: #993366;\">sicurezza<\/span> parametri per i nuovi arrivati.<\/span><\/div>\n<div><img decoding=\"async\" class=\"aligncenter size-full wp-image-3316\" src=\"https:\/\/www.mlkjlasers.com\/wp-content\/uploads\/2026\/01\/laser-equipment-7-1.jpg\" alt=\"\" width=\"1920\" height=\"1080\" srcset=\"https:\/\/www.mlkjlasers.com\/wp-content\/uploads\/2026\/01\/laser-equipment-7-1.jpg 1920w, https:\/\/www.mlkjlasers.com\/wp-content\/uploads\/2026\/01\/laser-equipment-7-1-300x169.jpg 300w, https:\/\/www.mlkjlasers.com\/wp-content\/uploads\/2026\/01\/laser-equipment-7-1-1024x576.jpg 1024w, https:\/\/www.mlkjlasers.com\/wp-content\/uploads\/2026\/01\/laser-equipment-7-1-768x432.jpg 768w, https:\/\/www.mlkjlasers.com\/wp-content\/uploads\/2026\/01\/laser-equipment-7-1-1536x864.jpg 1536w, https:\/\/www.mlkjlasers.com\/wp-content\/uploads\/2026\/01\/laser-equipment-7-1-600x338.jpg 600w\" sizes=\"(max-width: 1920px) 100vw, 1920px\" \/><\/div>\n<div>\n<div class=\"br-block\"><span style=\"font-size: 16px;\"><span style=\"font-size: 18pt; font-weight: bold;\">Sistema di raffreddamento TEC<\/span><br \/>\n<span style=\"font-size: 14pt;\">1) raffreddamento dell'aria raffreddamento dell'acqua alta potenza frigorifero termostatico semiconduttore maniglia chip TEC: -15 \u2103 a 5 \u2103.\u00a0<\/span><\/span><\/div>\n<div class=\"br-block\"><span style=\"font-size: 14pt;\">2) Il sistema di raffreddamento non solo rende il trattamento indolore e molto comodo per i clienti, ma assicura anche che la macchina funzioni continuamente 24 ore al giorno.<\/span><\/div>\n<div class=\"br-block\"><span style=\"font-size: 14pt;\">3) sistema di raffreddamento TEC mantiene la temperatura dell'acqua a una costante 26\u00baC-28\u00baC costantemente.<\/span><\/div>\n<div><img decoding=\"async\" class=\"aligncenter size-full wp-image-3315\" src=\"https:\/\/www.mlkjlasers.com\/wp-content\/uploads\/2026\/01\/laser-equipment-6-1.jpg\" alt=\"\" width=\"1920\" height=\"1080\" srcset=\"https:\/\/www.mlkjlasers.com\/wp-content\/uploads\/2026\/01\/laser-equipment-6-1.jpg 1920w, https:\/\/www.mlkjlasers.com\/wp-content\/uploads\/2026\/01\/laser-equipment-6-1-300x169.jpg 300w, https:\/\/www.mlkjlasers.com\/wp-content\/uploads\/2026\/01\/laser-equipment-6-1-1024x576.jpg 1024w, https:\/\/www.mlkjlasers.com\/wp-content\/uploads\/2026\/01\/laser-equipment-6-1-768x432.jpg 768w, https:\/\/www.mlkjlasers.com\/wp-content\/uploads\/2026\/01\/laser-equipment-6-1-1536x864.jpg 1536w, https:\/\/www.mlkjlasers.com\/wp-content\/uploads\/2026\/01\/laser-equipment-6-1-600x338.jpg 600w\" sizes=\"(max-width: 1920px) 100vw, 1920px\" \/><\/div>\n<div>\n<div class=\"br-block\"><span style=\"font-size: 16px;\"><span style=\"font-size: 18pt; font-weight: bold;\">schermo HD da 14 pollici<\/span><br \/>\n<span style=\"font-size: 14pt;\">1) Personalizza la tua esperienza: lo schermo ti consente di aggiungere il tuo logo unico senza sforzo.<\/span><br \/>\n<span style=\"font-size: 14pt;\">2) Supporto multilingue: schermo disponibile con 10 lingue diverse per l'adattabilit\u00e0 globale.<\/span><br \/>\n<span style=\"font-size: 14pt;\">3) Aree di trattamento selezionabili: scegli fra varie parti del corpo al tocco di un pulsante per iniziare il tuo trattamento personalizzato istantaneamente!<\/span><\/span><\/div>\n<div><img loading=\"lazy\" decoding=\"async\" class=\"aligncenter size-full wp-image-3313\" src=\"https:\/\/www.mlkjlasers.com\/wp-content\/uploads\/2026\/01\/laser-equipment-4-1.jpg\" alt=\"\" width=\"1920\" height=\"1080\" srcset=\"https:\/\/www.mlkjlasers.com\/wp-content\/uploads\/2026\/01\/laser-equipment-4-1.jpg 1920w, https:\/\/www.mlkjlasers.com\/wp-content\/uploads\/2026\/01\/laser-equipment-4-1-300x169.jpg 300w, https:\/\/www.mlkjlasers.com\/wp-content\/uploads\/2026\/01\/laser-equipment-4-1-1024x576.jpg 1024w, https:\/\/www.mlkjlasers.com\/wp-content\/uploads\/2026\/01\/laser-equipment-4-1-768x432.jpg 768w, https:\/\/www.mlkjlasers.com\/wp-content\/uploads\/2026\/01\/laser-equipment-4-1-1536x864.jpg 1536w, https:\/\/www.mlkjlasers.com\/wp-content\/uploads\/2026\/01\/laser-equipment-4-1-600x338.jpg 600w\" sizes=\"(max-width: 1920px) 100vw, 1920px\" \/><\/div>\n<div>\n<div><span style=\"font-size: 18pt; font-weight: bold;\">Maniglia ad alta potenza<\/span><br \/>\n<span style=\"font-size: 14pt;\">1) I ricambi del 90% del pezzo a mano sono di origine importati dalla Germania, dagli Stati Uniti e dal Giappone, assicurano prestazioni stabili della macchina, risultati sorprendenti e lunghi tempi di lavoro.\u00a0<\/span><br \/>\n<span style=\"font-size: 14pt;\">2) sistema di raffreddamento perfetto&#8212; la temperatura dello zaffiro si raffredda 0 ~ 3 \u00b0 C, i clienti si sentono comodi e indolori durante l'intero trattamento.\u00a0<\/span><br \/>\n<span style=\"font-size: 14pt;\">3) Men\u00f9 di trattamento semplice e amichevole, e sistema di protezione dell'allarme automatico del flusso d'acqua, del livello dell'acqua e della temperatura dell'acqua sul men\u00f9.<\/span><\/div>\n<\/div>\n<\/div>\n<div><\/div>\n<\/div>\n<div><img loading=\"lazy\" decoding=\"async\" class=\"aligncenter size-full wp-image-3311\" src=\"https:\/\/www.mlkjlasers.com\/wp-content\/uploads\/2026\/01\/laser-equipment-2-1.jpg\" alt=\"\" width=\"1920\" height=\"1080\" srcset=\"https:\/\/www.mlkjlasers.com\/wp-content\/uploads\/2026\/01\/laser-equipment-2-1.jpg 1920w, https:\/\/www.mlkjlasers.com\/wp-content\/uploads\/2026\/01\/laser-equipment-2-1-300x169.jpg 300w, https:\/\/www.mlkjlasers.com\/wp-content\/uploads\/2026\/01\/laser-equipment-2-1-1024x576.jpg 1024w, https:\/\/www.mlkjlasers.com\/wp-content\/uploads\/2026\/01\/laser-equipment-2-1-768x432.jpg 768w, https:\/\/www.mlkjlasers.com\/wp-content\/uploads\/2026\/01\/laser-equipment-2-1-1536x864.jpg 1536w, https:\/\/www.mlkjlasers.com\/wp-content\/uploads\/2026\/01\/laser-equipment-2-1-600x338.jpg 600w\" sizes=\"(max-width: 1920px) 100vw, 1920px\" \/><\/div>\n<div><\/div>\n<div>\n<div><span style=\"font-size: 18pt;\"><strong>Dettagli maniglia<\/strong><\/span><\/div>\n<div><span style=\"font-size: 14pt;\"><span style=\"font-weight: bold;\">Alex 755nm<\/span>Per capelli biondi e fini, affrontando questi tipi di sfida con facilit\u00e0 e finezza. Specificamente progettato per affrontare le sfide uniche dei capelli biondi e fini, il nostro laser 755nm garantisce risultati notevoli.<\/span><\/div>\n<div class=\"br-block\"><\/div>\n<div class=\"br-block\"><span style=\"font-size: 14pt;\"><span style=\"font-weight: bold;\">Velocit\u00e0 rapida 808nm<\/span>: La lunghezza d'onda standard dorata, perfettamente adatta per rimuovere i peli di tutti i tipi e le texture, soddisfacendo diverse esigenze di depilazione.<\/span><\/div>\n<div class=\"br-block\"><span style=\"font-size: 14pt;\"><span style=\"font-weight: bold;\">Impulso lungo 1064nm<\/span>Con un focus sulla penetrazione pi\u00f9 profonda, questa lunghezza d'onda \u00e8 progettata per la pelle scura e abbronzata, fornendo trattamenti sicuri ed efficaci per una gamma pi\u00f9 ampia di toni della pelle. Pelle scura e abbronzata.<\/span><\/div>\n<\/div>\n<div><img loading=\"lazy\" decoding=\"async\" class=\"aligncenter size-full wp-image-3317\" src=\"https:\/\/www.mlkjlasers.com\/wp-content\/uploads\/2026\/01\/laser-equipment-8-1.jpg\" alt=\"\" width=\"1920\" height=\"1080\" srcset=\"https:\/\/www.mlkjlasers.com\/wp-content\/uploads\/2026\/01\/laser-equipment-8-1.jpg 1920w, https:\/\/www.mlkjlasers.com\/wp-content\/uploads\/2026\/01\/laser-equipment-8-1-300x169.jpg 300w, https:\/\/www.mlkjlasers.com\/wp-content\/uploads\/2026\/01\/laser-equipment-8-1-1024x576.jpg 1024w, https:\/\/www.mlkjlasers.com\/wp-content\/uploads\/2026\/01\/laser-equipment-8-1-768x432.jpg 768w, https:\/\/www.mlkjlasers.com\/wp-content\/uploads\/2026\/01\/laser-equipment-8-1-1536x864.jpg 1536w, https:\/\/www.mlkjlasers.com\/wp-content\/uploads\/2026\/01\/laser-equipment-8-1-600x338.jpg 600w\" sizes=\"(max-width: 1920px) 100vw, 1920px\" \/><\/div>\n<div>\n<div><span style=\"font-weight: bold; font-size: 18pt;\">Vantaggio enorme<\/span><\/div>\n<div><span style=\"font-size: 14pt;\">&gt; &gt; Riconoscimento intelligente del colore della pelle &#8211; Il colore della pelle corrisponde automaticamente all'energia, riducendo il rischio di ustioni.<\/span><br \/>\n<span style=\"font-size: 14pt;\">&gt; &gt; 10 milioni di vite laser &#8211; calcolato sulla base del trattamento del corpo intero, pu\u00f2 servire 300 clienti.<\/span><br \/>\n<span style=\"font-size: 14pt;\">&gt; &gt; schermo touch ad alta definizione, che supporta la commutazione con un clic di interfacce linguistiche in vari paesi.<\/span><br \/>\n<span style=\"font-size: 14pt;\">&gt; &gt; Design maniglia leggero, presa per 30 minuti senza dolore.<\/span><br \/>\n<span style=\"font-size: 14pt;\">&gt; &gt; L'intera macchina ha superato FDA, CE, ISO e altre certificazioni ed \u00e8 esportata in 72 paesi senza barriere.<\/span><\/div>\n<div class=\"br-block\"><span style=\"font-size: 14pt;\">&gt; &gt; 1000W 1200w consente la depilazione completa su tutto il corpo.<br \/>\n&gt; &gt; 755nm\/808nm\/1064nm squisite lunghezze d'onda triple.<br \/>\n&gt; &gt; Impressionante longevit\u00e0, con una durata di vita superiore ai 40 milioni di scatti.<br \/>\n&gt; &gt; Pompa d'acqua Italia, garantendo un funzionamento continuo per 24 ore senza interruzioni.<\/span><\/div>\n<div><img loading=\"lazy\" decoding=\"async\" class=\"aligncenter size-full wp-image-3312\" src=\"https:\/\/www.mlkjlasers.com\/wp-content\/uploads\/2026\/01\/laser-equipment-3-1.jpg\" alt=\"\" width=\"1920\" height=\"1080\" srcset=\"https:\/\/www.mlkjlasers.com\/wp-content\/uploads\/2026\/01\/laser-equipment-3-1.jpg 1920w, https:\/\/www.mlkjlasers.com\/wp-content\/uploads\/2026\/01\/laser-equipment-3-1-300x169.jpg 300w, https:\/\/www.mlkjlasers.com\/wp-content\/uploads\/2026\/01\/laser-equipment-3-1-1024x576.jpg 1024w, https:\/\/www.mlkjlasers.com\/wp-content\/uploads\/2026\/01\/laser-equipment-3-1-768x432.jpg 768w, https:\/\/www.mlkjlasers.com\/wp-content\/uploads\/2026\/01\/laser-equipment-3-1-1536x864.jpg 1536w, https:\/\/www.mlkjlasers.com\/wp-content\/uploads\/2026\/01\/laser-equipment-3-1-600x338.jpg 600w\" sizes=\"(max-width: 1920px) 100vw, 1920px\" \/><\/div>\n<\/div>\n<p><span style=\"font-size: 18pt; font-weight: bold;\">La macchina di depilazione laser a diodo 755 808 1064nm \u00e8 principalmente per la depilazione professionale<\/span><\/p>\n<p><span style=\"font-size: 14pt;\">- Il 755nm principalmente per i capelli chiari sulla pelle bianca,<\/span><br \/>\n<span style=\"font-size: 14pt;\">- Il 808nm ha un buon risultato per tutti i tipi di pelle e colore dei capelli.<\/span><br \/>\n<span style=\"font-size: 14pt;\">- Il 1064nm fa un buon lavoro per la depilazione della pelle nera.<\/span><\/p>\n<h3 class=\"contents\"><span style=\"font-size: 18pt; font-family: georgia, palatino, serif;\">Prima e dopo<\/span><span style=\"font-size: 16px;\"> <img loading=\"lazy\" decoding=\"async\" class=\"aligncenter size-full wp-image-3106\" src=\"https:\/\/www.mlkjlasers.com\/wp-content\/uploads\/2024\/06\/8.jpg\" alt=\"\" width=\"1920\" height=\"1080\" srcset=\"https:\/\/www.mlkjlasers.com\/wp-content\/uploads\/2024\/06\/8.jpg 1920w, https:\/\/www.mlkjlasers.com\/wp-content\/uploads\/2024\/06\/8-300x169.jpg 300w, https:\/\/www.mlkjlasers.com\/wp-content\/uploads\/2024\/06\/8-1024x576.jpg 1024w, https:\/\/www.mlkjlasers.com\/wp-content\/uploads\/2024\/06\/8-768x432.jpg 768w, https:\/\/www.mlkjlasers.com\/wp-content\/uploads\/2024\/06\/8-1536x864.jpg 1536w, https:\/\/www.mlkjlasers.com\/wp-content\/uploads\/2024\/06\/8-600x338.jpg 600w\" sizes=\"(max-width: 1920px) 100vw, 1920px\" \/><\/span><\/h3>\n<p><span style=\"font-size: 14pt;\">\u00c8 adatto a tutti i tipi di pelle e capelli. Come rimuovere permanentemente i peli delle labbra, i peli della barba, i peli del petto, i peli delle ascelle, i peli degli arti e i peli indesiderati su qualsiasi parte del corpo.<\/span><\/p>\n<p><img loading=\"lazy\" decoding=\"async\" class=\"aligncenter wp-image-3107\" src=\"https:\/\/www.mlkjlasers.com\/wp-content\/uploads\/2024\/06\/9.jpg\" alt=\"\" width=\"1518\" height=\"854\" srcset=\"https:\/\/www.mlkjlasers.com\/wp-content\/uploads\/2024\/06\/9.jpg 1200w, https:\/\/www.mlkjlasers.com\/wp-content\/uploads\/2024\/06\/9-300x169.jpg 300w, https:\/\/www.mlkjlasers.com\/wp-content\/uploads\/2024\/06\/9-1024x576.jpg 1024w, https:\/\/www.mlkjlasers.com\/wp-content\/uploads\/2024\/06\/9-768x432.jpg 768w, https:\/\/www.mlkjlasers.com\/wp-content\/uploads\/2024\/06\/9-600x338.jpg 600w\" sizes=\"(max-width: 1518px) 100vw, 1518px\" \/><\/p>\n<p><span style=\"font-size: 14pt; font-family: helvetica, arial, sans-serif;\"><strong><a href=\"https:\/\/www.mlkjlasers.com\/it\/contact-us\/\" target=\"_blank\" rel=\"noopener\">Contattaci oggi! <\/a><\/strong><\/span><\/p>\n<p><span style=\"font-size: 14pt; font-family: helvetica, arial, sans-serif;\"><strong><a href=\"https:\/\/www.mlkjlasers.com\/it\/contact-us\/\" target=\"_blank\" rel=\"noopener\">[Phone Number]\uff1a+8618054417523<\/a><\/strong><\/span><\/p>\n<p>[Email\u00a0Address]:sale@mingliangkj.com<\/p>","protected":false},"excerpt":{"rendered":"<p>* 755nm 808nm 1064nm tecnologia laser a diodo, adatta a tutti i tipi di pelle.<\/p>\n<p>* promuove efficacemente l'accumulo di calore nei follicoli pilosi, c<span data-slate-fragment=\"JTVCJTdCJTIydHlwZSUyMiUzQSUyMnBhcmFncmFwaCUyMiUyQyUyMmNoaWxkcmVuJTIyJTNBJTVCJTdCJTIyaWQlMjIlM0ElMjJ6bExab0xiMG16JTIyJTJDJTIycGFyYUlkeCUyMiUzQTAlMkMlMjJzcmMlMjIlM0ElMjJzZWFtbGVzcyUyMGFuZCUyMGVmZmVjdGl2ZSUyMHJlc3VsdHMlMkMlQzIlQTBmYXN0JTIwaGFpciUyMHJlbW92YWwlMjBmb3IlMjBiaWclMjBhcmVhJTIwdHJlYXRtZW50LiUyMiUyQyUyMmRzdCUyMiUzQSUyMiVFNiU5NyVBMCVFNyVCQyU5RCVFNiU5QyU4OSVFNiU5NSU4OCVFNyU5QSU4NCVFNiU5NSU4OCVFNiU5RSU5QyVFRiVCQyU4QyVFNSVCRiVBQiVFOSU4MCU5RiVFOCU4NCVCMSVFNiVBRiU5QiVFRiVCQyU4QyVFOSU4MCU4MiVFNyU5NCVBOCVFNCVCQSU4RSVFNSVBNCVBNyVFOSU5RCVBMiVFNyVBNyVBRiVFNiVCMiVCQiVFNyU5NiU5NyVFMyU4MCU4MiUyMiUyQyUyMm1ldGFkYXRhJTIyJTNBJTIyJTIyJTJDJTIybWF0Y2hlcyUyMiUzQW51bGwlMkMlMjJ0cmFuc2xhdGVkQnklMjIlM0FudWxsJTJDJTIybWV0YURhdGElMjIlM0ElNUIlNUQlMkMlMjJ0ZXh0JTIyJTNBJTIyc2VhbWxlc3MlMjBhbmQlMjBlZmZlY3RpdmUlMjByZXN1bHRzJTJDJUMyJUEwZmFzdCUyMGhhaXIlMjByZW1vdmFsJTIwZm9yJTIwYmlnJTIwYXJlYSUyMHRyZWF0bWVudC4lMjIlN0QlNUQlN0QlNUQ=\">un raggiungere epilazione rapida.<\/span><\/p>\n<p>* 808nm diodo laser \u00e8 pi\u00f9 sicuro, con raffreddamento efficiente, punto di congelamento indolore e epilazione permanente indolore.<\/p>\n<p>* Sistema di raffreddamento tre-in-uno: sistema di raffreddamento dell'acqua di raffreddamento del compressore di raffreddamento a aria tre-in-uno. Capacit\u00e0 di lavoro 24 ore su 24.<\/p>","protected":false},"featured_media":3302,"comment_status":"open","ping_status":"closed","template":"","meta":[],"product_cat":[15],"product_tag":[],"class_list":["post-3323","product","type-product","status-publish","has-post-thumbnail","hentry","product_cat-diode-laser-hair-removal-machine"],"_links":{"self":[{"href":"https:\/\/www.mlkjlasers.com\/it\/wp-json\/wp\/v2\/product\/3323","targetHints":{"allow":["GET"]}}],"collection":[{"href":"https:\/\/www.mlkjlasers.com\/it\/wp-json\/wp\/v2\/product"}],"about":[{"href":"https:\/\/www.mlkjlasers.com\/it\/wp-json\/wp\/v2\/types\/product"}],"replies":[{"embeddable":true,"href":"https:\/\/www.mlkjlasers.com\/it\/wp-json\/wp\/v2\/comments?post=3323"}],"wp:featuredmedia":[{"embeddable":true,"href":"https:\/\/www.mlkjlasers.com\/it\/wp-json\/wp\/v2\/media\/3302"}],"wp:attachment":[{"href":"https:\/\/www.mlkjlasers.com\/it\/wp-json\/wp\/v2\/media?parent=3323"}],"wp:term":[{"taxonomy":"product_cat","embeddable":true,"href":"https:\/\/www.mlkjlasers.com\/it\/wp-json\/wp\/v2\/product_cat?post=3323"},{"taxonomy":"product_tag","embeddable":true,"href":"https:\/\/www.mlkjlasers.com\/it\/wp-json\/wp\/v2\/product_tag?post=3323"}],"curies":[{"name":"wp","href":"https:\/\/api.w.org\/{rel}","templated":true}]}}