{"id":2320,"date":"2023-08-22T13:37:17","date_gmt":"2023-08-22T05:37:17","guid":{"rendered":"https:\/\/mlkjlasers.com\/?page_id=2320"},"modified":"2023-08-22T13:41:17","modified_gmt":"2023-08-22T05:41:17","slug":"privacy-policy","status":"publish","type":"page","link":"https:\/\/www.mlkjlasers.com\/pl\/privacy-policy\/","title":{"rendered":"Polityka prywatno\u015bci"},"content":{"rendered":"<div data-elementor-type=\"wp-page\" data-elementor-id=\"2320\" class=\"elementor elementor-2320\" data-elementor-post-type=\"page\">\n\t\t\t\t\t\t<section class=\"elementor-section elementor-top-section elementor-element elementor-element-777b5a7 elementor-section-boxed elementor-section-height-default elementor-section-height-default\" data-id=\"777b5a7\" data-element_type=\"section\">\n\t\t\t\t\t\t<div class=\"elementor-container elementor-column-gap-default\">\n\t\t\t\t\t<div class=\"elementor-column elementor-col-100 elementor-top-column elementor-element elementor-element-e53dd6c\" data-id=\"e53dd6c\" data-element_type=\"column\">\n\t\t\t<div class=\"elementor-widget-wrap elementor-element-populated\">\n\t\t\t\t\t\t<div class=\"elementor-element elementor-element-6f21634 elementor-widget elementor-widget-text-editor\" data-id=\"6f21634\" data-element_type=\"widget\" data-widget_type=\"text-editor.default\">\n\t\t\t\t<div class=\"elementor-widget-container\">\n\t\t\t\t\t\t\t\t\t<p><span style=\"font-size: 14pt\"><strong>1.Jakie informacje zbieramy?<\/strong><\/span><br \/><span style=\"font-size: 14pt\">Zbierz klienta&#8217; nazwa, dane kontaktowe, zawarto\u015b\u0107 pracy, towary, kt\u00f3re chcesz kupi\u0107 w najbli\u017cszej przysz\u0142o\u015bci itp.<\/span><\/p><p><span style=\"font-size: 14pt\"><strong>2.Jak wykorzystujemy te informacje?<\/strong><\/span><br \/><span style=\"font-size: 14pt\">\u00a0\u015aci\u015ble przestrzegamy ustaw i przepis\u00f3w oraz um\u00f3w z u\u017cytkownikami i wykorzystujemy zebrane informacje do nast\u0119puj\u0105cych cel\u00f3w. Je\u015bli wykorzystujemy Twoje informacje do innych cel\u00f3w ni\u017c poni\u017csze, wyja\u015bnimy je ponownie i uzyskamy Twoj\u0105 zgod\u0119.<\/span><br \/><span style=\"font-size: 14pt\">Dostarczanie us\u0142ug, kt\u00f3re spe\u0142niaj\u0105 Twoje osobiste potrzeby, takie jak ustawienia j\u0119zykowe, ustawienia lokalizacji i spersonalizowane us\u0142ugi pomocy. Dzia\u0142 bezpiecze\u0144stwa poleca reklamy, informacje itp. Mo\u017cesz by\u0107 zainteresowany ocen\u0105 i popraw\u0105 skuteczno\u015bci naszych dzia\u0142a\u0144 reklamowych i innych dzia\u0142a\u0144 promocyjnych. Prosz\u0119 wzi\u0105\u0107 udzia\u0142 w ankiecie dotycz\u0105cej naszych us\u0142ug.<\/span><\/p><p><span style=\"font-size: 14pt\"><strong>Czy udost\u0119pnimy te informacje franczyzowcom lub stronom trzecim?<\/strong><\/span><br \/><span style=\"font-size: 14pt\">Szanujemy Twoj\u0105 prywatno\u015b\u0107 i cel, dla kt\u00f3rego odwiedzaj\u0105cy nasz\u0105 stron\u0119 internetow\u0105 dostarczaj\u0105 nam informacje. Nie b\u0119dziemy udost\u0119pnia\u0107, sprzedawa\u0107 ani wynajmowa\u0107 \u017cadnych zebranych informacji osobom trzecim i nie b\u0119dziemy tego robi\u0107 w przysz\u0142o\u015bci.<\/span><br \/><span style=\"font-size: 14pt\">Je\u015bli poprosisz lub przesy\u0142asz nam informacje wysy\u0142aj\u0105c e-mail lub wype\u0142niaj\u0105c formularz kontaktowy za po\u015brednictwem &#8220; Wy\u015blij na: &#8221; Mo\u017cemy zapisa\u0107 Tw\u00f3j adres e-mail i wszelkie inne informacje, kt\u00f3re mo\u017cesz poda\u0107. Informacje te mog\u0105 by\u0107 wykorzystywane w przysz\u0142o\u015bci do skontaktowania si\u0119 z Tob\u0105 za po\u015brednictwem poczty elektronicznej, poczty elektronicznej lub telefonu w celu przekazania informacji o rozwi\u0105zaniach lub us\u0142ugach, kt\u00f3re uwa\u017camy za korzystne dla Ciebie. E-mail i inne podane przez Ciebie informacje nie b\u0119d\u0105 sprzedawane \u017cadnej stronie trzeciej.<\/span><\/p><p><span style=\"font-size: 14pt\"><strong>Czy klienci mog\u0105 zobaczy\u0107 lub usun\u0105\u0107 informacje, kt\u00f3re zbieramy?<\/strong><\/span><br \/><span style=\"font-size: 14pt\">Oferujemy wygodne opcje zarz\u0105dzania informacjami, dzi\u0119ki czemu mo\u017cesz dokonywa\u0107 odpowiednich wybor\u00f3w i zarz\u0105dza\u0107 swoimi danymi osobowymi. \u015aci\u015ble przestrzegamy przepis\u00f3w i regulacji, aby chroni\u0107 Twoje tajemnice komunikacyjne i zapewnia\u0107 Ci bezpieczne us\u0142ugi komunikacyjne.<\/span><\/p><p><span style=\"font-size: 14pt\"><strong>5.Odpowiadanie na pro\u015bby prawne<\/strong><\/span><br \/><span style=\"font-size: 14pt\">(1) Dla bezpiecze\u0144stwa mo\u017ce by\u0107 konieczne z\u0142o\u017cenie wniosku o udowodnienie to\u017csamo\u015bci. Mo\u017cemy poprosi\u0107 Ci\u0119 o weryfikacj\u0119 Twojej to\u017csamo\u015bci przed przetwarzaniem Twojego wniosku.<\/span><br \/><span style=\"font-size: 14pt\">(2) Odpowiemy w ci\u0105gu 30 dni. Je\u015bli nie jeste\u015b zadowolony, mo\u017cesz r\u00f3wnie\u017c z\u0142o\u017cy\u0107 skarg\u0119 poprzez dane kontaktowe obs\u0142ugi klienta niniejszej polityki prywatno\u015bci.<\/span><br \/><span style=\"font-size: 14pt\">(3) Nie b\u0119dziemy w stanie odpowiedzie\u0107 na Twoj\u0105 pro\u015bb\u0119 zgodnie z ustawami i przepisami w nast\u0119puj\u0105cych przypadkach:<\/span><br \/><span style=\"font-size: 14pt\">* zwi\u0105zane z bezpiecze\u0144stwem narodowym i bezpiecze\u0144stwem obronnym narodowym;<\/span><br \/><span style=\"font-size: 14pt\">* zwi\u0105zane z bezpiecze\u0144stwem publicznym, zdrowiem publicznym i wa\u017cnymi interesami publicznymi;<\/span><br \/><span style=\"font-size: 14pt\">* zwi\u0105zane z dochodzeniem karnym, \u015bciganiem, procesem i wykonaniem wyroku;<\/span><br \/><span style=\"font-size: 14pt\">Istniej\u0105 wystarczaj\u0105ce dowody na to, \u017ce podmiot danych osobowych ma subiektywn\u0105 z\u0142o\u015bliwo\u015b\u0107 lub nadu\u017cycie praw;<\/span><br \/><span style=\"font-size: 14pt\">Odpowied\u017a na Pa\u0144stwa \u017c\u0105danie spowoduje powa\u017cne szkody dla uzasadnionych praw i interes\u00f3w Pa\u0144stwa lub innych os\u00f3b i organizacji;<\/span><br \/><span style=\"font-size: 14pt\">* Obejmuje tajemnice handlowe.<\/span><\/p><p><span style=\"font-size: 14pt\"><strong>Jak powiadomimy Ci\u0119, je\u015bli zmienimy nasze praktyki prywatno\u015bci?<\/strong><\/span><br \/><span style=\"font-size: 14pt\">Je\u015bli takie zmiany spowoduj\u0105 istotne odst\u0119pstwo od praw u\u017cytkownika wynikaj\u0105cych z niniejszej Polityki, powiadomimy u\u017cytkownika o zmianach poprzez wyra\u017ane powiadomienie na stronie, poczcie elektronicznej lub w inny spos\u00f3b przed wej\u015bciem zmian w \u017cycie. W takich okoliczno\u015bciach, nadal korzystaj\u0105c z naszych us\u0142ug, zgadzasz si\u0119 by\u0107 zwi\u0105zany zmienion\u0105 polityk\u0105.<\/span><\/p><p><span style=\"font-size: 14pt\"><strong>7.Jak si\u0119 z nami skontaktowa\u0107?<\/strong><\/span><br \/><span style=\"font-size: 14pt\">Je\u015bli masz jakiekolwiek pytania, komentarze lub sugestie dotycz\u0105ce niniejszej polityki prywatno\u015bci, mo\u017cesz skontaktowa\u0107 si\u0119 z nami przez\u00a0<\/span><br \/><span style=\"font-size: 14pt\">Email: sale@mingliangkj.com\u00a0<\/span><br \/><span style=\"font-size: 14pt\">Numer: 8615965364558 (ten sam numer WhatsApp), itp.<\/span><\/p><p><span style=\"font-size: 14pt\"><strong>8.Kiedy Polityka prywatno\u015bci wchodzi w \u017cycie?<\/strong><\/span><br \/><span style=\"font-size: 14pt\">Zmiany lub zmiany tre\u015bci wchodz\u0105 w \u017cycie 1 dzie\u0144 po ich powiadomieniu lub opublikowaniu. Je\u015bli nadal korzystasz z kt\u00f3rejkolwiek z naszych us\u0142ug lub odwiedzasz nasze odpowiednie strony internetowe po dostosowaniu lub zmianie polityki prywatno\u015bci, uwa\u017camy, \u017ce oznacza to, \u017ce w pe\u0142ni przeczyta\u0142e\u015b, zrozumia\u0142e\u015b i zaakceptowa\u0142e\u015b zmienion\u0105 polityk\u0119 prywatno\u015bci i jeste\u015b j\u0105 zobowi\u0105zany.<\/span><\/p>\t\t\t\t\t\t\t\t<\/div>\n\t\t\t\t<\/div>\n\t\t\t\t\t<\/div>\n\t\t<\/div>\n\t\t\t\t\t<\/div>\n\t\t<\/section>\n\t\t\t\t<\/div>","protected":false},"excerpt":{"rendered":"<p>1.Jakie informacje zbieramy? Zbierz klienta&#8217; nazwa, dane kontaktowe, zawarto\u015b\u0107 pracy, towary, kt\u00f3re chcesz kupi\u0107 w najbli\u017cszej przysz\u0142o\u015bci itp. \u015aci\u015ble przestrzegamy ustaw i przepis\u00f3w oraz um\u00f3w z u\u017cytkownikami i wykorzystujemy zebrane informacje do nast\u0119puj\u0105cych cel\u00f3w. Je\u015bli wykorzystujemy Twoje informacje na wi\u0119cej ni\u017c [&hellip;]<\/p>","protected":false},"author":167,"featured_media":0,"parent":0,"menu_order":11,"comment_status":"closed","ping_status":"closed","template":"elementor_header_footer","meta":{"footnotes":""},"class_list":["post-2320","page","type-page","status-publish","hentry"],"_links":{"self":[{"href":"https:\/\/www.mlkjlasers.com\/pl\/wp-json\/wp\/v2\/pages\/2320","targetHints":{"allow":["GET"]}}],"collection":[{"href":"https:\/\/www.mlkjlasers.com\/pl\/wp-json\/wp\/v2\/pages"}],"about":[{"href":"https:\/\/www.mlkjlasers.com\/pl\/wp-json\/wp\/v2\/types\/page"}],"author":[{"embeddable":true,"href":"https:\/\/www.mlkjlasers.com\/pl\/wp-json\/wp\/v2\/users\/167"}],"replies":[{"embeddable":true,"href":"https:\/\/www.mlkjlasers.com\/pl\/wp-json\/wp\/v2\/comments?post=2320"}],"version-history":[{"count":7,"href":"https:\/\/www.mlkjlasers.com\/pl\/wp-json\/wp\/v2\/pages\/2320\/revisions"}],"predecessor-version":[{"id":2328,"href":"https:\/\/www.mlkjlasers.com\/pl\/wp-json\/wp\/v2\/pages\/2320\/revisions\/2328"}],"wp:attachment":[{"href":"https:\/\/www.mlkjlasers.com\/pl\/wp-json\/wp\/v2\/media?parent=2320"}],"curies":[{"name":"wp","href":"https:\/\/api.w.org\/{rel}","templated":true}]}}