{"id":1855,"date":"2023-07-22T09:58:42","date_gmt":"2023-07-22T01:58:42","guid":{"rendered":"https:\/\/mlkjlasers.com\/?post_type=product&#038;p=1855"},"modified":"2026-01-26T09:23:22","modified_gmt":"2026-01-26T01:23:22","slug":"mlkj-medical-diode-laser-titanium-double-handle-hair-removal-machine-2-3","status":"publish","type":"product","link":"https:\/\/www.mlkjlasers.com\/pl\/product\/mlkj-medical-diode-laser-titanium-double-handle-hair-removal-machine-2-3\/","title":{"rendered":"Technologia depilacji laserowej diody zatwierdzona przez FDA Maszyna do depilacji laserowej diody 808\u00a0"},"content":{"rendered":"<table style=\"border-collapse: collapse; width: 100%; height: 174px;\">\n<tbody>\n<tr style=\"height: 16px;\">\n<td style=\"width: 44.9553%; height: 16px;\"><span style=\"font-family: helvetica, arial, sans-serif; color: #000000; font-size: 14pt;\">Maszyna do depilacji laserowej diody MLKJ\u00a0<\/span><\/td>\n<td style=\"width: 55.0447%; height: 16px;\"><span style=\"font-family: helvetica, arial, sans-serif; color: #000000; font-size: 14pt;\">Numer modelu: Laser diodowy V17<\/span><\/td>\n<\/tr>\n<tr style=\"height: 24px;\">\n<td style=\"width: 44.9553%; height: 24px;\"><span style=\"font-family: helvetica, arial, sans-serif; color: #000000; font-size: 14pt;\">D\u0142ugo\u015b\u0107 fali: 808nm lub 755 808 1064nm<\/span><\/td>\n<td style=\"width: 55.0447%; height: 24px;\"><span style=\"font-family: helvetica, arial, sans-serif; color: #000000; font-size: 14pt;\">Rozmiar ekranu: 12-calowy ekran dotykowy<\/span><\/td>\n<\/tr>\n<tr style=\"height: 24px;\">\n<td style=\"width: 44.9553%; height: 24px;\"><span style=\"font-family: helvetica, arial, sans-serif; color: #000000; font-size: 14pt;\">Do\u017cywotno\u015b\u0107: 40 milion\u00f3w strza\u0142\u00f3w<\/span><\/td>\n<td style=\"width: 55.0447%; height: 24px;\"><span style=\"font-family: helvetica, arial, sans-serif; color: #000000; font-size: 14pt;\">Czas trwania pulsu: 10-300ms<\/span><\/td>\n<\/tr>\n<tr style=\"height: 24px;\">\n<td style=\"width: 44.9553%; height: 24px;\"><span style=\"font-family: helvetica, arial, sans-serif; color: #000000; font-size: 14pt;\">Ta\u015bma laserowa: 100w dla ka\u017cdego, sp\u00f3jny pr\u0119t laserowy Ameryki<\/span><\/td>\n<td style=\"width: 55.0447%; height: 24px;\"><span style=\"font-family: helvetica, arial, sans-serif; color: #000000; font-size: 14pt;\">Cz\u0119stotliwo\u015b\u0107: 1-10 Hz<\/span><\/td>\n<\/tr>\n<tr style=\"height: 24px;\">\n<td style=\"width: 44.9553%; height: 24px;\"><span style=\"font-family: helvetica, arial, sans-serif; color: #000000; font-size: 14pt;\">Rozmiar miejsca: 12x20mm i 12x35mm rozmiar miejsca<\/span><\/td>\n<td style=\"width: 55.0447%; height: 24px;\"><span style=\"font-family: helvetica, arial, sans-serif; color: #000000; font-size: 14pt;\">Energia: 1-150J<\/span><\/td>\n<\/tr>\n<tr style=\"height: 24px;\">\n<td style=\"width: 44.9553%; height: 24px;\"><span style=\"font-family: helvetica, arial, sans-serif; color: #000000; font-size: 14pt;\">System ch\u0142odzenia: powietrze wodne TEC<\/span><\/td>\n<td style=\"width: 55.0447%; height: 24px;\"><span style=\"font-family: helvetica, arial, sans-serif; color: #000000; font-size: 14pt;\">Moc maszyny: 3000W<\/span><\/td>\n<\/tr>\n<tr style=\"height: 24px;\">\n<td style=\"width: 44.9553%; height: 24px;\"><span style=\"font-family: helvetica, arial, sans-serif; color: #000000; font-size: 14pt;\">Napi\u0119cie: AC110V 60HZ \/ AC220V 50HZ<\/span><\/td>\n<td style=\"width: 55.0447%; height: 24px;\"><span style=\"font-family: helvetica, arial, sans-serif; color: #000000; font-size: 14pt;\">Rozmiar maszyny: 1000 mm * 480 mm * 520 mm<\/span><\/td>\n<\/tr>\n<tr style=\"height: 14px;\">\n<td style=\"width: 44.9553%; height: 14px;\"><span style=\"font-family: helvetica, arial, sans-serif; color: #000000; font-size: 14pt;\">Opakowanie: Aluminiowe pude\u0142ko<\/span><\/td>\n<td style=\"width: 55.0447%; height: 14px;\"><span style=\"font-family: helvetica, arial, sans-serif; color: #000000; font-size: 14pt;\">Gwarancja serwisowa: 2 lata gwarancji<\/span><\/td>\n<\/tr>\n<\/tbody>\n<\/table>\n<div><\/div>\n<div><span style=\"font-size: 14pt;\"><img fetchpriority=\"high\" decoding=\"async\" class=\"aligncenter wp-image-3542\" src=\"https:\/\/www.mlkjlasers.com\/wp-content\/uploads\/2026\/01\/808V174K-\u5c4f\u8be6\u60c5\u98751.jpg\" alt=\"\" width=\"1920\" height=\"2442\" srcset=\"https:\/\/www.mlkjlasers.com\/wp-content\/uploads\/2026\/01\/808V174K-\u5c4f\u8be6\u60c5\u98751.jpg 750w, https:\/\/www.mlkjlasers.com\/wp-content\/uploads\/2026\/01\/808V174K-\u5c4f\u8be6\u60c5\u98751-236x300.jpg 236w, https:\/\/www.mlkjlasers.com\/wp-content\/uploads\/2026\/01\/808V174K-\u5c4f\u8be6\u60c5\u98751-600x763.jpg 600w\" sizes=\"(max-width: 1920px) 100vw, 1920px\" \/><\/span><\/div>\n<div><\/div>\n<div><\/div>\n<div><span style=\"font-family: helvetica, arial, sans-serif; font-size: 14pt;\"><strong>MLKJ edycja \u0142\u0105czy 3 d\u0142ugo\u015bci fali lasera w jednym innowacyjnym r\u0119czniku, jednocze\u015bnie ukierunkowanym na r\u00f3\u017cne g\u0142\u0119boko\u015bci tkanek, jak r\u00f3wnie\u017c struktury anatomiczne w mieszku w\u0142osowym.<\/strong><\/span><\/div>\n<div>\n<div>\n<div class=\"J_module\">\n<div class=\"detail-decorate-json-renderer-container\">\n<div class=\"magic-4\">\n<div class=\"magic-5\">\n<div class=\"magic-6\" data-spm-anchor-id=\"a2700.wholesale.0.i58.1c986547E0aT7y\">\n<div class=\"magic-7\">\n<div style=\"text-align: left;\"><\/div>\n<div style=\"text-align: left;\"><span class=\"magic-9\" style=\"font-family: helvetica, arial, sans-serif; color: #000000; font-size: 14pt;\">TEC\/Compressor to zaawansowana technologia, kt\u00f3ra ci\u0105gle ch\u0142odzi sk\u00f3r\u0119 i u\u0142atwia kontrolowan\u0105 temperatur\u0119 przez ca\u0142y okres leczenia. Arkusze TEC na uchwytzie minimalizuj\u0105 ryzyko dla nask\u00f3rki przy zachowaniu ciep\u0142a. Temperatura pozostaje kontrolowana i sta\u0142a, co przyczynia si\u0119 do efektywno\u015bci diody. Pacjenci mog\u0105 teraz cieszy\u0107 si\u0119 ca\u0142kowicie bezbolesnym, ch\u0142odnym i wygodnym do\u015bwiadczeniem przez ca\u0142\u0105 sesj\u0119.<\/span><\/div>\n<div><img decoding=\"async\" class=\"aligncenter wp-image-3547\" src=\"https:\/\/www.mlkjlasers.com\/wp-content\/uploads\/2026\/01\/808V174K-\u5c4f\u8be6\u60c5\u98756.jpg\" alt=\"\" width=\"1920\" height=\"1892\" srcset=\"https:\/\/www.mlkjlasers.com\/wp-content\/uploads\/2026\/01\/808V174K-\u5c4f\u8be6\u60c5\u98756.jpg 750w, https:\/\/www.mlkjlasers.com\/wp-content\/uploads\/2026\/01\/808V174K-\u5c4f\u8be6\u60c5\u98756-300x296.jpg 300w, https:\/\/www.mlkjlasers.com\/wp-content\/uploads\/2026\/01\/808V174K-\u5c4f\u8be6\u60c5\u98756-600x591.jpg 600w, https:\/\/www.mlkjlasers.com\/wp-content\/uploads\/2026\/01\/808V174K-\u5c4f\u8be6\u60c5\u98756-100x100.jpg 100w\" sizes=\"(max-width: 1920px) 100vw, 1920px\" \/><\/div>\n<\/div>\n<\/div>\n<\/div>\n<\/div>\n<\/div>\n<\/div>\n<\/div>\n<div class=\"text-title\">\n<div><\/div>\n<div class=\"magic-17\"><span class=\"magic-9\" style=\"color: #000000; font-family: helvetica, arial, sans-serif; font-size: 14pt;\" data-spm-anchor-id=\"a2700.wholesale.0.i63.1c986547E0aT7y\">Rozmiar plamy 12 * 20 mm lub 12 * 35 mm odpowiedni do usuwania w\u0142os\u00f3w wszystkich cz\u0119\u015bci<\/span><\/div>\n<\/div>\n<div class=\"text-content\">\n<div class=\"magic-17\" data-spm-anchor-id=\"a2700.wholesale.0.i64.1c986547E0aT7y\"><span class=\"magic-18\" style=\"color: #000000; font-family: helvetica, arial, sans-serif; font-size: 14pt;\"><b data-spm-anchor-id=\"a2700.wholesale.0.i66.1c986547E0aT7y\">3&#8212; 5 sesji uzyska\u0107 ca\u0142e \u017cycie efekt depilacji, trwa\u0142e depilacj\u0119<\/b><\/span><\/div>\n<div data-spm-anchor-id=\"a2700.wholesale.0.i64.1c986547E0aT7y\"><\/div>\n<div data-spm-anchor-id=\"a2700.wholesale.0.i64.1c986547E0aT7y\">\n<div class=\"magic-17\" data-spm-anchor-id=\"a2700.wholesale.0.i68.1c986547E0aT7y\"><span class=\"magic-35\" style=\"font-family: helvetica, arial, sans-serif; font-size: 14pt;\">* Bezpieczne, szybkie, <b>Bezbolesne<\/b>\uff0c<b>sta\u0142y<\/b><\/span><\/div>\n<div class=\"magic-17\" data-spm-anchor-id=\"a2700.wholesale.0.i68.1c986547E0aT7y\"><span class=\"magic-35\" style=\"font-family: helvetica, arial, sans-serif; font-size: 14pt;\">* Dla wszystkich usuwania w\u0142os\u00f3w sk\u00f3ry i stylu w\u0142os\u00f3w<\/span><\/div>\n<div>\n<div class=\"magic-17\"><span style=\"font-family: helvetica, arial, sans-serif; font-size: 14pt;\">* Brak przestoj\u00f3w<\/span><\/div>\n<div class=\"magic-17\" data-spm-anchor-id=\"a2700.wholesale.0.i67.1c986547E0aT7y\"><span style=\"font-family: helvetica, arial, sans-serif; font-size: 14pt;\">* Brak skutk\u00f3w ubocznych<\/span><\/div>\n<\/div>\n<\/div>\n<\/div>\n<\/div>\n<div><span style=\"font-size: 14pt;\"><img decoding=\"async\" class=\"aligncenter wp-image-3549\" src=\"https:\/\/www.mlkjlasers.com\/wp-content\/uploads\/2026\/01\/808V174K-\u5c4f\u8be6\u60c5\u98758.jpg\" alt=\"\" width=\"1920\" height=\"1426\" srcset=\"https:\/\/www.mlkjlasers.com\/wp-content\/uploads\/2026\/01\/808V174K-\u5c4f\u8be6\u60c5\u98758.jpg 750w, https:\/\/www.mlkjlasers.com\/wp-content\/uploads\/2026\/01\/808V174K-\u5c4f\u8be6\u60c5\u98758-300x223.jpg 300w, https:\/\/www.mlkjlasers.com\/wp-content\/uploads\/2026\/01\/808V174K-\u5c4f\u8be6\u60c5\u98758-600x446.jpg 600w\" sizes=\"(max-width: 1920px) 100vw, 1920px\" \/><\/span><\/div>\n<div><\/div>\n<div><span style=\"font-family: helvetica, arial, sans-serif; font-size: 14pt;\">\u0141\u0105cz\u0105c poziomy wch\u0142aniania i penetracji trzech r\u00f3\u017cnych d\u0142ugo\u015bci fal, wraz z pokryciem leczenia, komfortem i niskim poziomem konserwacji lasera diodowego, osi\u0105ga najbezpieczniejsze i najbardziej kompleksowe leczenie depilacji dost\u0119pne dzisiaj.<\/span><\/div>\n<div>\n<p><span style=\"font-family: helvetica, arial, sans-serif; font-size: 14pt;\"><strong>3 po\u0142\u0105czone d\u0142ugo\u015bci fali obejmuj\u0105ce optymalne spektrum leczenia<\/strong><\/span><br \/>\n<span style=\"font-family: helvetica, arial, sans-serif; font-size: 14pt;\"><strong>Praktycznie bezbolesne<\/strong><\/span><br \/>\n<span style=\"font-family: helvetica, arial, sans-serif; font-size: 14pt;\"><strong>Sprawdzony rekord bezpiecze\u0144stwa<\/strong><\/span><br \/>\n<span style=\"font-family: helvetica, arial, sans-serif; font-size: 14pt;\"><strong>Wszystkie rodzaje sk\u00f3ry, nawet opalona sk\u00f3ra<\/strong><\/span><\/p>\n<\/div>\n<div><span style=\"color: #000000; font-family: helvetica, arial, sans-serif; font-size: 14pt;\"><img loading=\"lazy\" decoding=\"async\" class=\"aligncenter wp-image-3545\" src=\"https:\/\/www.mlkjlasers.com\/wp-content\/uploads\/2026\/01\/808V174K-\u5c4f\u8be6\u60c5\u98754.jpg\" alt=\"\" width=\"1920\" height=\"2079\" srcset=\"https:\/\/www.mlkjlasers.com\/wp-content\/uploads\/2026\/01\/808V174K-\u5c4f\u8be6\u60c5\u98754.jpg 750w, https:\/\/www.mlkjlasers.com\/wp-content\/uploads\/2026\/01\/808V174K-\u5c4f\u8be6\u60c5\u98754-277x300.jpg 277w, https:\/\/www.mlkjlasers.com\/wp-content\/uploads\/2026\/01\/808V174K-\u5c4f\u8be6\u60c5\u98754-600x650.jpg 600w\" sizes=\"(max-width: 1920px) 100vw, 1920px\" \/><\/span><\/div>\n<div><\/div>\n<div><span style=\"font-family: helvetica, arial, sans-serif; font-size: 14pt;\"><strong>ALEX 755nm D\u0142ugo\u015b\u0107 fali: <\/strong><\/span><\/div>\n<div><span style=\"font-family: helvetica, arial, sans-serif; font-size: 14pt;\">Idealny dla szerokiej gamy rodzaj\u00f3w w\u0142os\u00f3w i kolor\u00f3w, zw\u0142aszcza jasnych i cienkich w\u0142os\u00f3w. Oferuje silne wch\u0142anianie energii przez chromofor melaniny. <\/span><\/div>\n<div><span style=\"font-family: helvetica, arial, sans-serif; font-size: 14pt;\">Celuje na wyp\u0142yw mieszk\u00f3w w\u0142osowych z wi\u0119ksz\u0105 powierzchniow\u0105 penetracj\u0105. Szczeg\u00f3lnie skuteczny dla w\u0142os\u00f3w w obszarach takich jak brwi i g\u00f3rna usta. <\/span><\/div>\n<div><\/div>\n<div><span style=\"font-family: helvetica, arial, sans-serif; font-size: 14pt;\"><strong>Pr\u0119dko\u015b\u0107 808nm D\u0142ugo\u015b\u0107 fali:<\/strong><\/span><\/div>\n<div><span style=\"font-family: helvetica, arial, sans-serif; font-size: 14pt;\"> Klasyczna d\u0142ugo\u015b\u0107 fali w depilacji laserowej (810nm). Oferuje g\u0142\u0119bok\u0105 penetracj\u0119 mieszk\u00f3w w\u0142osowych o wysokiej \u015bredniej mocy. <\/span><\/div>\n<div><span style=\"font-family: helvetica, arial, sans-serif; font-size: 14pt;\">Du\u017cy rozmiar plamy 3,5 cm pozwala na szybkie leczenie. Umiarkowanie wch\u0142ania melanin\u0119, dzi\u0119ki czemu jest bezpieczna dla ciemniejszych typ\u00f3w sk\u00f3ry. <\/span><\/div>\n<div><span style=\"font-family: helvetica, arial, sans-serif; font-size: 14pt;\">Celuje na bulge i \u017car\u00f3wka mieszk\u00f3w w\u0142osowych. Idealny do leczenia obszar\u00f3w takich jak r\u0119ce, nogi, policzki i broda. <\/span><\/div>\n<div><\/div>\n<div><span style=\"font-family: helvetica, arial, sans-serif; font-size: 14pt;\"><strong>DIODA LASER YAG 1064 dla ciemniejszej sk\u00f3ry: <\/strong><\/span><\/div>\n<div><span style=\"font-family: helvetica, arial, sans-serif; font-size: 14pt;\">U\u017cywa lasera diodowego opartego na d\u0142ugo\u015bci fali ND: YAG. Umiarkowanie wch\u0142ania energi\u0119 przez chromofor melaninowy, nadaj\u0105cy si\u0119 do ciemniejszych odcieni sk\u00f3ry. <\/span><\/div>\n<div><span style=\"font-family: helvetica, arial, sans-serif; font-size: 14pt;\">Optymalny wyb\u00f3r dla pacjent\u00f3w z ciemniejszymi odcieniami sk\u00f3ry.<\/span><\/div>\n<div>\n<div class=\"J_module\">\n<div class=\"detail-decorate-json-renderer-container\">\n<div class=\"magic-4\">\n<div class=\"magic-5\" data-spm-anchor-id=\"a2700.wholesale.0.i57.1c986547E0aT7y\">\n<div class=\"magic-6\"><span style=\"font-size: 14pt;\"><img loading=\"lazy\" decoding=\"async\" class=\"aligncenter wp-image-3544\" src=\"https:\/\/www.mlkjlasers.com\/wp-content\/uploads\/2026\/01\/808V174K-\u5c4f\u8be6\u60c5\u98753.jpg\" alt=\"\" width=\"1920\" height=\"2132\" srcset=\"https:\/\/www.mlkjlasers.com\/wp-content\/uploads\/2026\/01\/808V174K-\u5c4f\u8be6\u60c5\u98753.jpg 750w, https:\/\/www.mlkjlasers.com\/wp-content\/uploads\/2026\/01\/808V174K-\u5c4f\u8be6\u60c5\u98753-270x300.jpg 270w, https:\/\/www.mlkjlasers.com\/wp-content\/uploads\/2026\/01\/808V174K-\u5c4f\u8be6\u60c5\u98753-600x666.jpg 600w\" sizes=\"(max-width: 1920px) 100vw, 1920px\" \/><\/span><\/div>\n<\/div>\n<\/div>\n<\/div>\n<\/div>\n<\/div>\n<div><\/div>\n<div><span style=\"font-family: helvetica, arial, sans-serif; font-size: 14pt;\">* 12-calowy ekran dotykowy dostosowywalny<\/span><\/div>\n<div>\n<div class=\"J_module\">\n<div class=\"icbu-pc-images magic-1\">\n<div class=\"flex-layout-v\">\n<div class=\"flex-layout-h magic-1\">\n<div class=\"magic-27\" style=\"text-align: left;\">\n<div class=\"des_detail\">\n<div class=\"magic-17\"><span style=\"font-family: helvetica, arial, sans-serif; font-size: 14pt;\">* Z m\u0119\u017cczyzn\u0105 i kobiet\u0105, 6 styl\u00f3w sk\u00f3ry do wyboru<\/span><br \/>\n<span style=\"font-family: helvetica, arial, sans-serif; font-size: 14pt;\">* \u0141atwe w obs\u0142udze, zapewniaj\u0105ce umiej\u0119tno\u015bci operacyjne i us\u0142ugi nauczania<\/span><br \/>\n<span style=\"font-family: helvetica, arial, sans-serif; font-size: 14pt;\">* Darmowe logo i j\u0119zyk mog\u0105 by\u0107 dostosowane na ekranie<\/span><\/div>\n<\/div>\n<\/div>\n<\/div>\n<div class=\"flex-layout-h magic-1\">\n<div><span style=\"font-size: 14pt;\"><img loading=\"lazy\" decoding=\"async\" class=\"aligncenter wp-image-3543\" src=\"https:\/\/www.mlkjlasers.com\/wp-content\/uploads\/2026\/01\/808V174K-\u5c4f\u8be6\u60c5\u98752.jpg\" alt=\"\" width=\"1920\" height=\"1216\" srcset=\"https:\/\/www.mlkjlasers.com\/wp-content\/uploads\/2026\/01\/808V174K-\u5c4f\u8be6\u60c5\u98752.jpg 750w, https:\/\/www.mlkjlasers.com\/wp-content\/uploads\/2026\/01\/808V174K-\u5c4f\u8be6\u60c5\u98752-300x190.jpg 300w, https:\/\/www.mlkjlasers.com\/wp-content\/uploads\/2026\/01\/808V174K-\u5c4f\u8be6\u60c5\u98752-600x380.jpg 600w\" sizes=\"(max-width: 1920px) 100vw, 1920px\" \/><\/span><\/div>\n<\/div>\n<div><\/div>\n<\/div>\n<\/div>\n<\/div>\n<div class=\"J_module\">\n<div class=\"detail-decorate-json-renderer-container\">\n<div>\n<div>\n<div class=\"J_module\">\n<div class=\"detail-decorate-json-renderer-container\">\n<div class=\"magic-4\">\n<div class=\"magic-17\" style=\"text-align: left;\"><span style=\"font-size: 14pt; color: #000000; font-family: helvetica, arial, sans-serif;\"><strong><span class=\"magic-8\"><span class=\"magic-11\">Ch\u0142odzenie maszyny do depilacji laserowej diody 755 808 1064<\/span><\/span><\/strong><\/span><\/div>\n<div style=\"text-align: left;\"><\/div>\n<div class=\"magic-5\">\n<div class=\"magic-6\" data-spm-anchor-id=\"a2700.wholesale.0.i58.1c986547E0aT7y\">\n<div class=\"magic-7\">\n<div style=\"text-align: left;\" data-spm-anchor-id=\"a2700.wholesale.0.i60.1c986547E0aT7y\"><span style=\"font-family: helvetica, arial, sans-serif; color: #000000; font-size: 14pt;\"><span class=\"magic-9\">* w\u0142\u0105czy\u0107 maszyn\u0119, <\/span>natychmiastowe ch\u0142odzenie, natychmiastowe usuwanie w\u0142os\u00f3w <\/span><\/div>\n<div style=\"text-align: left;\"><span class=\"magic-9\" style=\"font-family: helvetica, arial, sans-serif; color: #000000; font-size: 14pt;\">* dobre ch\u0142odzenie d\u0142u\u017csza \u017cywotno\u015b\u0107 uchwytu<br \/>\n* prawdziwy bezbolesny efekt depilacji lodu<\/span><\/div>\n<\/div>\n<\/div>\n<\/div>\n<\/div>\n<\/div>\n<\/div>\n<\/div>\n<div class=\"text-content\">\n<div data-spm-anchor-id=\"a2700.wholesale.0.i64.1c986547E0aT7y\">\n<div>\n<div data-spm-anchor-id=\"a2700.wholesale.0.i67.1c986547E0aT7y\"><\/div>\n<div class=\"magic-17\" data-spm-anchor-id=\"a2700.wholesale.0.i67.1c986547E0aT7y\"><span style=\"color: #000000; font-family: helvetica, arial, sans-serif; font-size: 14pt;\">Przed i po<\/span><\/div>\n<div data-spm-anchor-id=\"a2700.wholesale.0.i67.1c986547E0aT7y\"><img loading=\"lazy\" decoding=\"async\" class=\"aligncenter wp-image-3548\" src=\"https:\/\/www.mlkjlasers.com\/wp-content\/uploads\/2026\/01\/808V174K-\u5c4f\u8be6\u60c5\u98757.jpg\" alt=\"\" width=\"1920\" height=\"1695\" srcset=\"https:\/\/www.mlkjlasers.com\/wp-content\/uploads\/2026\/01\/808V174K-\u5c4f\u8be6\u60c5\u98757.jpg 750w, https:\/\/www.mlkjlasers.com\/wp-content\/uploads\/2026\/01\/808V174K-\u5c4f\u8be6\u60c5\u98757-300x265.jpg 300w, https:\/\/www.mlkjlasers.com\/wp-content\/uploads\/2026\/01\/808V174K-\u5c4f\u8be6\u60c5\u98757-600x530.jpg 600w\" sizes=\"(max-width: 1920px) 100vw, 1920px\" \/><\/div>\n<div data-spm-anchor-id=\"a2700.wholesale.0.i67.1c986547E0aT7y\"><\/div>\n<\/div>\n<\/div>\n<\/div>\n<\/div>\n<\/div>\n<\/div>\n<\/div>\n<div class=\"des_box1\">\n<p>&nbsp;<\/p>\n<p style=\"text-align: center;\"><span style=\"color: #000000; font-family: helvetica, arial, sans-serif; font-size: 14pt;\"><strong>Mo\u017ce by\u0107 sparowany z g\u0142owic\u0105 do leczenia w\u0142os\u00f3w nosa!<\/strong><\/span><br \/>\n<span style=\"color: #000000; font-family: helvetica, arial, sans-serif; font-size: 14pt;\">Do depilacji ma\u0142ych cz\u0119\u015bci, takich jak palce, uszy, w\u0142osy na nosie itp.<\/span><\/p>\n<p>&nbsp;<\/p>\n<\/div>\n<p>&nbsp;<\/p>\n<p><span style=\"font-size: 14pt;\"><img loading=\"lazy\" decoding=\"async\" class=\"aligncenter wp-image-3546\" src=\"https:\/\/www.mlkjlasers.com\/wp-content\/uploads\/2026\/01\/808V174K-\u5c4f\u8be6\u60c5\u98755.jpg\" alt=\"\" width=\"1920\" height=\"1190\" srcset=\"https:\/\/www.mlkjlasers.com\/wp-content\/uploads\/2026\/01\/808V174K-\u5c4f\u8be6\u60c5\u98755.jpg 750w, https:\/\/www.mlkjlasers.com\/wp-content\/uploads\/2026\/01\/808V174K-\u5c4f\u8be6\u60c5\u98755-300x186.jpg 300w, https:\/\/www.mlkjlasers.com\/wp-content\/uploads\/2026\/01\/808V174K-\u5c4f\u8be6\u60c5\u98755-600x372.jpg 600w\" sizes=\"(max-width: 1920px) 100vw, 1920px\" \/><\/span><\/p>\n<div class=\"des_detail\">\n<div class=\"magic-17\">\n<div class=\"flex-layout-h magic-1\">\n<div class=\"magic-27\" style=\"text-align: left;\"><span style=\"font-family: helvetica, arial, sans-serif; font-size: 14pt; color: #000000;\"><strong>Szybko i wydajne<\/strong><\/span><\/div>\n<div><\/div>\n<\/div>\n<div><span style=\"font-family: helvetica, arial, sans-serif; font-size: 14pt;\">Po\u0142\u0105czenie tych diodowych d\u0142ugo\u015bci fal laserowych zapewnia kompleksowe i skuteczne rozwi\u0105zanie do usuwania w\u0142os\u00f3w w r\u00f3\u017cnych rodzajach w\u0142os\u00f3w i odcieniach sk\u00f3ry, zapewniaj\u0105c optymalne wyniki i bezpiecze\u0144stwo dla wszystkich pacjent\u00f3w.<\/span><\/div>\n<div class=\"flex-layout-h magic-1\">\n<div><\/div>\n<div class=\"magic-27\" style=\"text-align: left;\"><span style=\"font-family: helvetica, arial, sans-serif; font-size: 14pt;\"><span style=\"color: #000000;\">Dzi\u0119ki wi\u0119kszej konstrukcji g\u0142owicy laserowej te zaawansowane maszyny mog\u0105 pokry\u0107 wi\u0119ksz\u0105 powierzchni\u0119, <\/span><span style=\"color: #000000;\">dzi\u0119ki czemu proces depilacji jest o 40% szybszy ni\u017c konwencjonalne systemy. <\/span><\/span><\/div>\n<div><\/div>\n<div class=\"magic-27\" style=\"text-align: left;\"><span style=\"font-family: helvetica, arial, sans-serif; color: #000000; font-size: 14pt;\">Ta funkcja oszcz\u0119dzaj\u0105ca czas przynosi korzy\u015bci zar\u00f3wno klientom, jak i praktykom, umo\u017cliwiaj\u0105c bardziej efektywne planowanie i szybsze sesje.<\/span><\/div>\n<\/div>\n<\/div>\n<\/div>\n<p>&nbsp;<\/p>\n<p>&nbsp;<\/p>\n<div class=\"des_detail\">\n<p><span style=\"font-family: helvetica, arial, sans-serif; color: #000000; font-size: 14pt;\">FDA, CE, ISO13485 i zawsze szukamy nowych innowacyjnych inspiracji, aby zapewni\u0107 naszym partnerom i klientom bardziej niezawodne produkty.<\/span><\/p>\n<p><span style=\"font-size: 14pt; font-family: helvetica, arial, sans-serif; color: #0000ff;\"><a style=\"color: #0000ff;\" href=\"https:\/\/www.mlkjlasers.com\/pl\/contact-us\/\" target=\"_blank\" rel=\"noopener\">Skontaktuj si\u0119 z nami teraz!<\/a><\/span><\/p>\n<p>&nbsp;<\/p>\n<\/div>","protected":false},"excerpt":{"rendered":"<p><span class=\"src\" data-group=\"2-0\">Wysoka cz\u0119stotliwo\u015b\u0107 powtarzania kr\u00f3tkich puls\u00f3w jest dostarczana g\u0142\u0119boko do sk\u00f3ry, osi\u0105gaj\u0105c wysok\u0105 \u015bredni\u0105 moc i skuteczne terapeutycznie gromadzenie ciep\u0142a, praktycznie bez b\u00f3lu. <\/span><\/p>\n<p><span class=\"src\" data-group=\"4-0\">Laser ICE ch\u0142odzi powierzchni\u0119 sk\u00f3ry, zapobiegaj\u0105c powierzchniowym oparzeniom dla bezbolesnej depilacji. <\/span><\/p>\n<p><span class=\"src\" data-group=\"4-0\">Zobowi\u0105zanie FDA, CE i ISO. \u0141atwe w obs\u0142udze, zapewniaj\u0105ce umiej\u0119tno\u015bci operacyjne i us\u0142ugi nauczania. Darmowe logo i j\u0119zyk mo\u017cna dostosowa\u0107 na ekranie<\/span><\/p>","protected":false},"featured_media":3534,"comment_status":"open","ping_status":"closed","template":"","meta":[],"product_cat":[15],"product_tag":[],"class_list":["post-1855","product","type-product","status-publish","has-post-thumbnail","hentry","product_cat-diode-laser-hair-removal-machine"],"_links":{"self":[{"href":"https:\/\/www.mlkjlasers.com\/pl\/wp-json\/wp\/v2\/product\/1855","targetHints":{"allow":["GET"]}}],"collection":[{"href":"https:\/\/www.mlkjlasers.com\/pl\/wp-json\/wp\/v2\/product"}],"about":[{"href":"https:\/\/www.mlkjlasers.com\/pl\/wp-json\/wp\/v2\/types\/product"}],"replies":[{"embeddable":true,"href":"https:\/\/www.mlkjlasers.com\/pl\/wp-json\/wp\/v2\/comments?post=1855"}],"wp:featuredmedia":[{"embeddable":true,"href":"https:\/\/www.mlkjlasers.com\/pl\/wp-json\/wp\/v2\/media\/3534"}],"wp:attachment":[{"href":"https:\/\/www.mlkjlasers.com\/pl\/wp-json\/wp\/v2\/media?parent=1855"}],"wp:term":[{"taxonomy":"product_cat","embeddable":true,"href":"https:\/\/www.mlkjlasers.com\/pl\/wp-json\/wp\/v2\/product_cat?post=1855"},{"taxonomy":"product_tag","embeddable":true,"href":"https:\/\/www.mlkjlasers.com\/pl\/wp-json\/wp\/v2\/product_tag?post=1855"}],"curies":[{"name":"wp","href":"https:\/\/api.w.org\/{rel}","templated":true}]}}