{"id":2036,"date":"2023-07-25T16:22:01","date_gmt":"2023-07-25T08:22:01","guid":{"rendered":"https:\/\/mlkjlasers.com\/?post_type=product&#038;p=2036"},"modified":"2026-01-27T14:54:04","modified_gmt":"2026-01-27T06:54:04","slug":"4-handles-in-1-ems-body-sculpt-slimming-machine-2-2","status":"publish","type":"product","link":"https:\/\/www.mlkjlasers.com\/pl\/product\/4-handles-in-1-ems-body-sculpt-slimming-machine-2-2\/","title":{"rendered":"Profesjonalna przeno\u015bna maszyna do odchudzania Salon U\u017cyj dw\u00f3ch uchwyt\u00f3w Rze\u017aba Maszyna do odchudzania cia\u0142a"},"content":{"rendered":"<div class=\"se4_tit\"><span style=\"font-size: 14pt;\"><img fetchpriority=\"high\" decoding=\"async\" class=\"aligncenter size-full wp-image-3736\" src=\"https:\/\/www.mlkjlasers.com\/wp-content\/uploads\/2026\/01\/\u4fbf\u643a\u53cc-8.jpg\" alt=\"\" width=\"1920\" height=\"1080\" srcset=\"https:\/\/www.mlkjlasers.com\/wp-content\/uploads\/2026\/01\/\u4fbf\u643a\u53cc-8.jpg 1920w, https:\/\/www.mlkjlasers.com\/wp-content\/uploads\/2026\/01\/\u4fbf\u643a\u53cc-8-300x169.jpg 300w, https:\/\/www.mlkjlasers.com\/wp-content\/uploads\/2026\/01\/\u4fbf\u643a\u53cc-8-1024x576.jpg 1024w, https:\/\/www.mlkjlasers.com\/wp-content\/uploads\/2026\/01\/\u4fbf\u643a\u53cc-8-768x432.jpg 768w, https:\/\/www.mlkjlasers.com\/wp-content\/uploads\/2026\/01\/\u4fbf\u643a\u53cc-8-1536x864.jpg 1536w, https:\/\/www.mlkjlasers.com\/wp-content\/uploads\/2026\/01\/\u4fbf\u643a\u53cc-8-18x10.jpg 18w, https:\/\/www.mlkjlasers.com\/wp-content\/uploads\/2026\/01\/\u4fbf\u643a\u53cc-8-600x338.jpg 600w\" sizes=\"(max-width: 1920px) 100vw, 1920px\" \/><b>Budowa\u0107 mi\u0119\u015bnie<\/b><\/span><br \/>\n<span style=\"font-size: 14pt;\">Mi\u0119\u015bnie kurcz\u0105 si\u0119 30 000 razy przy wysokiej cz\u0119stotliwo\u015bci i intensywno\u015bci, co pozwala na trening i zwi\u0119kszenie g\u0119sto\u015bci i obj\u0119to\u015bci mi\u0119\u015bni.<\/span><br \/>\n<span style=\"font-size: 14pt;\"><b>Zmniejszy\u0107 T\u0142uszcz<\/b><\/span><br \/>\n<span style=\"font-size: 14pt;\">Ostateczne skurczenie mi\u0119\u015bni wymaga du\u017cej ilo\u015bci energii, wi\u0119c kom\u00f3rki t\u0142uszczowe obok mi\u0119\u015bni s\u0105 r\u00f3wnie\u017c spo\u017cywane, co prowadzi do naturalnej apoptozy i skutecznej redukcji t\u0142uszczu.<\/span><br \/>\n<span style=\"font-size: 14pt;\"><b>Rze\u017aba mi\u0119\u015bniowa<\/b><\/span><br \/>\n<span style=\"font-size: 14pt;\">\u0106wiczenia mi\u0119\u015bni brzucha i klatki, szkolenie mi\u0119\u015bni brzucha i kszta\u0142towanie linii syreny.<\/span><\/div>\n<div class=\"J_module\">\n<div class=\"icbu-pc-images magic-0\">\n<div>\n<div class=\"flex-layout-v\">\n<div class=\"flex-layout-h magic-0\">\n<div class=\"magic-1\"><\/div>\n<\/div>\n<\/div>\n<\/div>\n<\/div>\n<\/div>\n<div class=\"J_module\">\n<div class=\"detail-decorate-json-renderer-container\">\n<div class=\"magic-3\">\n<div class=\"magic-4\">\n<div class=\"magic-5\">\n<div class=\"magic-6\">\n<div class=\"magic-7\" style=\"text-align: left;\"><span style=\"font-size: 14pt;\"><img decoding=\"async\" class=\"aligncenter size-full wp-image-3739\" src=\"https:\/\/www.mlkjlasers.com\/wp-content\/uploads\/2026\/01\/\u4fbf\u643a\u53cc-11.jpg\" alt=\"\" width=\"1920\" height=\"1080\" srcset=\"https:\/\/www.mlkjlasers.com\/wp-content\/uploads\/2026\/01\/\u4fbf\u643a\u53cc-11.jpg 1920w, https:\/\/www.mlkjlasers.com\/wp-content\/uploads\/2026\/01\/\u4fbf\u643a\u53cc-11-300x169.jpg 300w, https:\/\/www.mlkjlasers.com\/wp-content\/uploads\/2026\/01\/\u4fbf\u643a\u53cc-11-1024x576.jpg 1024w, https:\/\/www.mlkjlasers.com\/wp-content\/uploads\/2026\/01\/\u4fbf\u643a\u53cc-11-768x432.jpg 768w, https:\/\/www.mlkjlasers.com\/wp-content\/uploads\/2026\/01\/\u4fbf\u643a\u53cc-11-1536x864.jpg 1536w, https:\/\/www.mlkjlasers.com\/wp-content\/uploads\/2026\/01\/\u4fbf\u643a\u53cc-11-18x10.jpg 18w, https:\/\/www.mlkjlasers.com\/wp-content\/uploads\/2026\/01\/\u4fbf\u643a\u53cc-11-600x338.jpg 600w\" sizes=\"(max-width: 1920px) 100vw, 1920px\" \/><\/span><\/div>\n<div><span style=\"font-size: 14pt;\">Funkcjonalno\u015b\u0107 wielotrybowa &#8211; R\u00f3\u017cne poziomy intensywno\u015bci do indywidualnego leczenia.<\/span><br \/>\n<span style=\"font-size: 14pt;\">Szybkie &amp; Widzialne wyniki &#8211; Poczu\u0107 r\u00f3\u017cnic\u0119 w zaledwie kilku sesjach.<\/span><br \/>\n<span style=\"font-size: 14pt;\">Bezpieczne &amp; Nieinwazyjne &#8211; Bez operacji, bez przestoj\u00f3w, bez b\u00f3lu.<\/span><br \/>\n<span style=\"font-size: 14pt;\">U\u017cywanie ca\u0142ego cia\u0142a &#8211; Dzia\u0142a na mi\u0119\u015bniach brzusznych, ramionach, udach, po\u015bladkach i innych.<\/span><br \/>\n<span style=\"font-size: 14pt;\">Przeno\u015bne &amp; \u0141atwe w u\u017cyciu &#8211; Idealny do u\u017cytku w salonach lub klinikach.<\/span><\/div>\n<div><span style=\"font-size: 14pt;\"><img decoding=\"async\" class=\"aligncenter size-full wp-image-3740\" src=\"https:\/\/www.mlkjlasers.com\/wp-content\/uploads\/2026\/01\/\u4fbf\u643a\u53cc-13.jpg\" alt=\"\" width=\"1920\" height=\"1080\" srcset=\"https:\/\/www.mlkjlasers.com\/wp-content\/uploads\/2026\/01\/\u4fbf\u643a\u53cc-13.jpg 1920w, https:\/\/www.mlkjlasers.com\/wp-content\/uploads\/2026\/01\/\u4fbf\u643a\u53cc-13-300x169.jpg 300w, https:\/\/www.mlkjlasers.com\/wp-content\/uploads\/2026\/01\/\u4fbf\u643a\u53cc-13-1024x576.jpg 1024w, https:\/\/www.mlkjlasers.com\/wp-content\/uploads\/2026\/01\/\u4fbf\u643a\u53cc-13-768x432.jpg 768w, https:\/\/www.mlkjlasers.com\/wp-content\/uploads\/2026\/01\/\u4fbf\u643a\u53cc-13-1536x864.jpg 1536w, https:\/\/www.mlkjlasers.com\/wp-content\/uploads\/2026\/01\/\u4fbf\u643a\u53cc-13-18x10.jpg 18w, https:\/\/www.mlkjlasers.com\/wp-content\/uploads\/2026\/01\/\u4fbf\u643a\u53cc-13-600x338.jpg 600w\" sizes=\"(max-width: 1920px) 100vw, 1920px\" \/><\/span><\/div>\n<div><span style=\"font-size: 14pt;\">Wy\u015bwietlacz uchwytu<\/span><\/div>\n<\/div>\n<\/div>\n<\/div>\n<\/div>\n<\/div>\n<\/div>\n<div class=\"J_module\">\n<div class=\"icbu-pc-images magic-0\">\n<div>\n<div class=\"flex-layout-v\">\n<div class=\"flex-layout-h magic-0\">\n<div class=\"magic-10\"><\/div>\n<\/div>\n<\/div>\n<\/div>\n<div><span style=\"font-size: 14pt;\"><img loading=\"lazy\" decoding=\"async\" class=\"aligncenter size-full wp-image-3741\" src=\"https:\/\/www.mlkjlasers.com\/wp-content\/uploads\/2026\/01\/\u4fbf\u643a\u53cc-15.jpg\" alt=\"\" width=\"1920\" height=\"1080\" srcset=\"https:\/\/www.mlkjlasers.com\/wp-content\/uploads\/2026\/01\/\u4fbf\u643a\u53cc-15.jpg 1920w, https:\/\/www.mlkjlasers.com\/wp-content\/uploads\/2026\/01\/\u4fbf\u643a\u53cc-15-300x169.jpg 300w, https:\/\/www.mlkjlasers.com\/wp-content\/uploads\/2026\/01\/\u4fbf\u643a\u53cc-15-1024x576.jpg 1024w, https:\/\/www.mlkjlasers.com\/wp-content\/uploads\/2026\/01\/\u4fbf\u643a\u53cc-15-768x432.jpg 768w, https:\/\/www.mlkjlasers.com\/wp-content\/uploads\/2026\/01\/\u4fbf\u643a\u53cc-15-1536x864.jpg 1536w, https:\/\/www.mlkjlasers.com\/wp-content\/uploads\/2026\/01\/\u4fbf\u643a\u53cc-15-18x10.jpg 18w, https:\/\/www.mlkjlasers.com\/wp-content\/uploads\/2026\/01\/\u4fbf\u643a\u53cc-15-600x338.jpg 600w\" sizes=\"(max-width: 1920px) 100vw, 1920px\" \/><\/span><\/div>\n<div>\n<div class=\"flex-layout-v\">\n<div class=\"flex-layout-h magic-0\">\n<div><\/div>\n<div><span style=\"font-family: helvetica, arial, sans-serif; color: #000000; font-size: 14pt;\"><b><span class=\"magic-16\">Jedna sesja (30 minut \/ leczenie, 4 leczenie w ci\u0105gu 2 tygodni)<br \/>\n<\/span><\/b><span class=\"magic-9\">1. 16 Intensywno\u015b\u0107 Tesla<br \/>\n2. Budowanie mi\u0119\u015bni o 16% \/ redukcja t\u0142uszczu o 19%<br \/>\n3. R\u00f3wnowa\u017cne 20,000 sit-ups \/ 50,000 skurczy mi\u0119\u015bni<br \/>\n4. Podw\u00f3jne rze\u017abienie dla tej samej \/ innej osoby w tym samym czasie<br \/>\n5. Trwa\u0142o\u015b\u0107 24\/7 z efektywno\u015bci\u0105 ch\u0142odzenia z recyklingu wody<br \/>\n6. Intuicyjny przyjazny dla u\u017cytkownika interfejs W \/ domy\u015blny &amp; program r\u0119czny<br \/>\n7. Nie wymaga operatora \/ przygotowa\u0144 \/ przestoj\u00f3w<\/span><\/span><\/div>\n<div><span style=\"font-size: 14pt;\"><img loading=\"lazy\" decoding=\"async\" class=\"aligncenter size-full wp-image-3742\" src=\"https:\/\/www.mlkjlasers.com\/wp-content\/uploads\/2026\/01\/\u4fbf\u643a\u53cc-17.jpg\" alt=\"\" width=\"1920\" height=\"1080\" srcset=\"https:\/\/www.mlkjlasers.com\/wp-content\/uploads\/2026\/01\/\u4fbf\u643a\u53cc-17.jpg 1920w, https:\/\/www.mlkjlasers.com\/wp-content\/uploads\/2026\/01\/\u4fbf\u643a\u53cc-17-300x169.jpg 300w, https:\/\/www.mlkjlasers.com\/wp-content\/uploads\/2026\/01\/\u4fbf\u643a\u53cc-17-1024x576.jpg 1024w, https:\/\/www.mlkjlasers.com\/wp-content\/uploads\/2026\/01\/\u4fbf\u643a\u53cc-17-768x432.jpg 768w, https:\/\/www.mlkjlasers.com\/wp-content\/uploads\/2026\/01\/\u4fbf\u643a\u53cc-17-1536x864.jpg 1536w, https:\/\/www.mlkjlasers.com\/wp-content\/uploads\/2026\/01\/\u4fbf\u643a\u53cc-17-18x10.jpg 18w, https:\/\/www.mlkjlasers.com\/wp-content\/uploads\/2026\/01\/\u4fbf\u643a\u53cc-17-600x338.jpg 600w\" sizes=\"(max-width: 1920px) 100vw, 1920px\" \/><\/span><\/div>\n<div><\/div>\n<\/div>\n<\/div>\n<div><span style=\"font-size: 14pt;\"><b class=\"magic-17\" style=\"color: #000000; font-family: helvetica, arial, sans-serif;\">Jak dzia\u0142a teslasculpt?<\/b><\/span><\/div>\n<\/div>\n<\/div>\n<\/div>\n<div class=\"J_module\">\n<div class=\"detail-decorate-json-renderer-container\">\n<div class=\"magic-3\">\n<div class=\"magic-4\">\n<div class=\"magic-5\">\n<div class=\"magic-6\">\n<div><span class=\"magic-9\" style=\"font-family: helvetica, arial, sans-serif; color: #000000; font-size: 14pt;\"> 1. Wysoko intensywny elektromagnetyczny sk\u0142ad przechodzi przez ubrania i sk\u00f3r\u0119 do cia\u0142a. <\/span><\/div>\n<div><span class=\"magic-9\" style=\"font-family: helvetica, arial, sans-serif; color: #000000; font-size: 14pt;\">2. Podobnie jak \u0107wiczenie wywo\u0142uje nerwy motoryczne i podnieca skurcz mi\u0119\u015bni. <\/span><\/div>\n<div><span class=\"magic-9\" style=\"font-family: helvetica, arial, sans-serif; color: #000000; font-size: 14pt;\">3. I b\u0119dziesz jak robi\u0107 intensywne \u0107wiczenia.<\/span><\/div>\n<div><span style=\"font-size: 14pt;\"><img loading=\"lazy\" decoding=\"async\" class=\"aligncenter size-full wp-image-3738\" src=\"https:\/\/www.mlkjlasers.com\/wp-content\/uploads\/2026\/01\/\u4fbf\u643a\u53cc-10.jpg\" alt=\"\" width=\"1920\" height=\"1080\" srcset=\"https:\/\/www.mlkjlasers.com\/wp-content\/uploads\/2026\/01\/\u4fbf\u643a\u53cc-10.jpg 1920w, https:\/\/www.mlkjlasers.com\/wp-content\/uploads\/2026\/01\/\u4fbf\u643a\u53cc-10-300x169.jpg 300w, https:\/\/www.mlkjlasers.com\/wp-content\/uploads\/2026\/01\/\u4fbf\u643a\u53cc-10-1024x576.jpg 1024w, https:\/\/www.mlkjlasers.com\/wp-content\/uploads\/2026\/01\/\u4fbf\u643a\u53cc-10-768x432.jpg 768w, https:\/\/www.mlkjlasers.com\/wp-content\/uploads\/2026\/01\/\u4fbf\u643a\u53cc-10-1536x864.jpg 1536w, https:\/\/www.mlkjlasers.com\/wp-content\/uploads\/2026\/01\/\u4fbf\u643a\u53cc-10-18x10.jpg 18w, https:\/\/www.mlkjlasers.com\/wp-content\/uploads\/2026\/01\/\u4fbf\u643a\u53cc-10-600x338.jpg 600w\" sizes=\"(max-width: 1920px) 100vw, 1920px\" \/><\/span><\/div>\n<div>\n<p><span style=\"font-size: 14pt;\"><b>Wy\u015bwietlacz ekranu: 14-calowy ekran dotykowy o wysokiej rozdzielczo\u015bci<\/b><\/span><\/p>\n<div><span style=\"font-size: 14pt;\">\u221a Interfejs jest jasniejszy<\/span><br \/>\n<span style=\"font-size: 14pt;\">\u221a Operacja jest g\u0142adkiej<\/span><br \/>\n<span style=\"font-size: 14pt;\">\u221a Dotyk jest bardziej wygodny<\/span><\/div>\n<\/div>\n<\/div>\n<div><span style=\"font-size: 14pt;\"><img loading=\"lazy\" decoding=\"async\" class=\"aligncenter size-full wp-image-3737\" src=\"https:\/\/www.mlkjlasers.com\/wp-content\/uploads\/2026\/01\/\u4fbf\u643a\u53cc-9.jpg\" alt=\"\" width=\"1920\" height=\"2000\" srcset=\"https:\/\/www.mlkjlasers.com\/wp-content\/uploads\/2026\/01\/\u4fbf\u643a\u53cc-9.jpg 1920w, https:\/\/www.mlkjlasers.com\/wp-content\/uploads\/2026\/01\/\u4fbf\u643a\u53cc-9-288x300.jpg 288w, https:\/\/www.mlkjlasers.com\/wp-content\/uploads\/2026\/01\/\u4fbf\u643a\u53cc-9-983x1024.jpg 983w, https:\/\/www.mlkjlasers.com\/wp-content\/uploads\/2026\/01\/\u4fbf\u643a\u53cc-9-768x800.jpg 768w, https:\/\/www.mlkjlasers.com\/wp-content\/uploads\/2026\/01\/\u4fbf\u643a\u53cc-9-1475x1536.jpg 1475w, https:\/\/www.mlkjlasers.com\/wp-content\/uploads\/2026\/01\/\u4fbf\u643a\u53cc-9-12x12.jpg 12w, https:\/\/www.mlkjlasers.com\/wp-content\/uploads\/2026\/01\/\u4fbf\u643a\u53cc-9-600x625.jpg 600w\" sizes=\"(max-width: 1920px) 100vw, 1920px\" \/><\/span><\/div>\n<\/div>\n<\/div>\n<\/div>\n<\/div>\n<\/div>\n<div class=\"J_module\">\n<div class=\"detail-decorate-json-renderer-container\">\n<div class=\"magic-3\">\n<div class=\"magic-4\">\n<div class=\"magic-5\">\n<div class=\"magic-6\">\n<div><strong style=\"font-size: 14pt;\">Efekt leczenia<\/strong><\/div>\n<\/div>\n<\/div>\n<\/div>\n<\/div>\n<\/div>\n<\/div>\n<div class=\"J_module\">\n<div class=\"icbu-pc-images magic-0\">\n<div class=\"flex-layout-v\">\n<div class=\"flex-layout-h magic-0\">\n<div><span style=\"font-family: helvetica, arial, sans-serif; font-size: 14pt;\"><strong><span class=\"magic-9\" style=\"color: #000000;\">Funkcja:<\/span><\/strong><span class=\"magic-9\" style=\"color: #000000;\">Utrata wagi, inne, napi\u0119cie sk\u00f3ry, zmniejszenie cellulitu<\/span><\/span><\/div>\n<div><span style=\"font-size: 14pt;\"><img loading=\"lazy\" decoding=\"async\" class=\"aligncenter size-full wp-image-3735\" src=\"https:\/\/www.mlkjlasers.com\/wp-content\/uploads\/2026\/01\/\u4fbf\u643a\u53cc-7.jpg\" alt=\"\" width=\"1920\" height=\"1080\" srcset=\"https:\/\/www.mlkjlasers.com\/wp-content\/uploads\/2026\/01\/\u4fbf\u643a\u53cc-7.jpg 1920w, https:\/\/www.mlkjlasers.com\/wp-content\/uploads\/2026\/01\/\u4fbf\u643a\u53cc-7-300x169.jpg 300w, https:\/\/www.mlkjlasers.com\/wp-content\/uploads\/2026\/01\/\u4fbf\u643a\u53cc-7-1024x576.jpg 1024w, https:\/\/www.mlkjlasers.com\/wp-content\/uploads\/2026\/01\/\u4fbf\u643a\u53cc-7-768x432.jpg 768w, https:\/\/www.mlkjlasers.com\/wp-content\/uploads\/2026\/01\/\u4fbf\u643a\u53cc-7-1536x864.jpg 1536w, https:\/\/www.mlkjlasers.com\/wp-content\/uploads\/2026\/01\/\u4fbf\u643a\u53cc-7-18x10.jpg 18w, https:\/\/www.mlkjlasers.com\/wp-content\/uploads\/2026\/01\/\u4fbf\u643a\u53cc-7-600x338.jpg 600w\" sizes=\"(max-width: 1920px) 100vw, 1920px\" \/><\/span><\/div>\n<div><\/div>\n<div class=\"magic-22\"><\/div>\n<div>\n<table style=\"border-collapse: collapse; width: 100%; height: 336px;\">\n<tbody>\n<tr style=\"height: 24px;\">\n<td style=\"width: 50%; height: 24px;\">\n<div class=\"magic-32\" data-spm-anchor-id=\"a2700.details.0.i38.2bca1f03jENnbH\"><span style=\"font-family: helvetica, arial, sans-serif; color: #000000; font-size: 14pt;\">Certyfikacja<\/span><\/div>\n<\/td>\n<td style=\"width: 50%; height: 24px;\">\n<div class=\"magic-33\"><span style=\"font-family: helvetica, arial, sans-serif; color: #000000; font-size: 14pt;\">MDRCE, CE, ISO13485, inne, ISO9001, MDDCe<\/span><\/div>\n<\/td>\n<\/tr>\n<tr style=\"height: 24px;\">\n<td style=\"width: 50%; height: 24px;\">\n<div class=\"magic-32\"><span style=\"font-family: helvetica, arial, sans-serif; color: #000000; font-size: 14pt;\">Funkcja<\/span><\/div>\n<\/td>\n<td style=\"width: 50%; height: 24px;\">\n<div class=\"magic-33\"><span style=\"font-family: helvetica, arial, sans-serif; color: #000000; font-size: 14pt;\">Utrata wagi, inne, napi\u0119cie sk\u00f3ry, zmniejszenie cellulitu<\/span><\/div>\n<\/td>\n<\/tr>\n<tr style=\"height: 24px;\">\n<td style=\"width: 50%; height: 24px;\">\n<div class=\"magic-32\"><span style=\"font-family: helvetica, arial, sans-serif; color: #000000; font-size: 14pt;\">Aplikacja<\/span><\/div>\n<\/td>\n<td style=\"width: 50%; height: 24px;\">\n<div class=\"magic-33\"><span style=\"font-family: helvetica, arial, sans-serif; color: #000000; font-size: 14pt;\">Dla komercyjnych<\/span><\/div>\n<\/td>\n<\/tr>\n<tr style=\"height: 48px;\">\n<td style=\"width: 50%; height: 48px;\">\n<div class=\"magic-32\"><span style=\"font-family: helvetica, arial, sans-serif; color: #000000; font-size: 14pt;\">Us\u0142uga posprzeda\u017cna<\/span><\/div>\n<\/td>\n<td style=\"width: 50%; height: 48px;\">\n<div class=\"magic-33\"><span style=\"font-family: helvetica, arial, sans-serif; color: #000000; font-size: 14pt;\">Bezp\u0142atne cz\u0119\u015bci zamienne, Wsparcie online, Instalacja w terenie, uruchomienie i szkolenie, Wsparcie techniczne wideo, inne, Serwis konserwacji i naprawy w terenie<\/span><\/div>\n<\/td>\n<\/tr>\n<tr style=\"height: 24px;\">\n<td style=\"width: 50%; height: 24px;\">\n<div class=\"magic-32\"><span style=\"font-family: helvetica, arial, sans-serif; color: #000000; font-size: 14pt;\">Funkcja<\/span><\/div>\n<\/td>\n<td style=\"width: 50%; height: 24px;\">\n<div class=\"magic-33\"><span style=\"font-family: helvetica, arial, sans-serif; color: #000000; font-size: 14pt;\">Utrata wagi, napi\u0119cie sk\u00f3ry, zmniejszenie cellulitu<\/span><\/div>\n<\/td>\n<\/tr>\n<tr style=\"height: 24px;\">\n<td style=\"width: 50%; height: 24px;\">\n<div class=\"magic-32\"><span style=\"font-family: helvetica, arial, sans-serif; color: #000000; font-size: 14pt;\">Funkcja<\/span><\/div>\n<\/td>\n<td style=\"width: 50%; height: 24px;\">\n<div class=\"magic-33\"><span style=\"font-family: helvetica, arial, sans-serif; color: #000000; font-size: 14pt;\">Odchudzanie cia\u0142a<\/span><\/div>\n<\/td>\n<\/tr>\n<tr style=\"height: 24px;\">\n<td style=\"width: 50%; height: 24px;\">\n<div class=\"magic-32\"><span style=\"font-family: helvetica, arial, sans-serif; color: #000000; font-size: 14pt;\">Technologia<\/span><\/div>\n<\/td>\n<td style=\"width: 50%; height: 24px;\">\n<div class=\"magic-33\"><span style=\"font-family: helvetica, arial, sans-serif; color: #000000; font-size: 14pt;\">Elektromagnety pulsowe wysokiej intensywno\u015bci<\/span><\/div>\n<\/td>\n<\/tr>\n<tr style=\"height: 24px;\">\n<td style=\"width: 50%; height: 24px;\">\n<div class=\"magic-32\" data-spm-anchor-id=\"a2700.details.0.i39.2bca1f03jENnbH\"><span style=\"font-family: helvetica, arial, sans-serif; color: #000000; font-size: 14pt;\">Uchwyty<\/span><\/div>\n<\/td>\n<td style=\"width: 50%; height: 24px;\">\n<div class=\"magic-33\" data-spm-anchor-id=\"a2700.details.0.i36.2bca1f03jENnbH\"><span style=\"font-family: helvetica, arial, sans-serif; color: #000000; font-size: 14pt;\">2 uchwyty<\/span><\/div>\n<\/td>\n<\/tr>\n<tr style=\"height: 24px;\">\n<td style=\"width: 50%; height: 24px;\"><span style=\"color: #000000; font-family: helvetica, arial, sans-serif; font-size: 14pt;\">Obszar docelowy: Ca\u0142e cia\u0142o<\/span><\/td>\n<td style=\"width: 50%; height: 24px;\"><span style=\"color: #000000; font-family: helvetica, arial, sans-serif; font-size: 14pt;\">Typ wtyczki: AU, Inne, Wielka Brytania, UE, Stany Zjednoczone, CN, JP, Za, To<\/span><\/td>\n<\/tr>\n<tr style=\"height: 24px;\">\n<td style=\"width: 50%; height: 24px;\"><span style=\"color: #000000; font-family: helvetica, arial, sans-serif; font-size: 14pt;\">Funkcja: Utrata masy cia\u0142a, stymulacja mi\u0119\u015bni<\/span><\/td>\n<td style=\"width: 50%; height: 24px;\"><span style=\"color: #000000; font-family: helvetica, arial, sans-serif; font-size: 14pt;\">Napi\u0119cie: 110V \/ 220V 50-60Hz<\/span><\/td>\n<\/tr>\n<tr style=\"height: 24px;\">\n<td style=\"width: 50%; height: 24px;\"><span style=\"color: #000000; font-family: helvetica, arial, sans-serif; font-size: 14pt;\">Czas trwania pulsu: 300PS<\/span><\/td>\n<td style=\"width: 50%; height: 24px;\"><span style=\"color: #000000; font-family: helvetica, arial, sans-serif; font-size: 14pt;\">Zastosowanie: Do cel\u00f3w komercyjnych<\/span><\/td>\n<\/tr>\n<tr style=\"height: 24px;\">\n<td style=\"width: 50%; height: 24px;\"><span style=\"color: #000000; font-family: helvetica, arial, sans-serif; font-size: 14pt;\">Rozmiar: 55X54X38cm<\/span><\/td>\n<td style=\"width: 50%; height: 24px;\"><span style=\"color: #000000; font-family: helvetica, arial, sans-serif; font-size: 14pt;\">Waga: 35 kg<\/span><\/td>\n<\/tr>\n<\/tbody>\n<\/table>\n<\/div>\n<\/div>\n<\/div>\n<\/div>\n<\/div>\n<p>&nbsp;<\/p>\n<p><span style=\"color: #000000; font-family: helvetica, arial, sans-serif; font-size: 14pt;\">MLKJ to 18-letnia firma integruj\u0105ca projektowanie, rozw\u00f3j, produkcj\u0119 i sprzeda\u017c instrument\u00f3w kosmetycznych.<\/span><br \/>\n<span style=\"color: #000000; font-family: helvetica, arial, sans-serif; font-size: 14pt;\">Prawdziwa fabryka, prawdziwy proces produkcji, prawdziwa ocena!<\/span><br \/>\n<span style=\"color: #000000; font-family: helvetica, arial, sans-serif; font-size: 14pt;\">Witamy w naszej firmie lub wizycie wideo!<\/span><br \/>\n<span style=\"color: #000000; font-family: helvetica, arial, sans-serif; font-size: 14pt;\">Tylko wtedy, gdy wybierzesz prawdziwego partnera, jako\u015b\u0107 produktu mo\u017ce by\u0107 zagwarantowana!<\/span><\/p>\n<p><span style=\"font-family: helvetica, arial, sans-serif; color: #000000; font-size: 14pt;\"><strong><a style=\"color: #000000;\" href=\"https:\/\/www.mlkjlasers.com\/pl\/contact-us\/\">Zapytaj o ceny ju\u017c teraz!<\/a><\/strong><\/span><\/p>\n<p>&nbsp;<\/p>","protected":false},"excerpt":{"rendered":"<p>Bardzo dobra obs\u0142uga i zadowolony z mojej maszyny. Na pewno ich ponownie u\u017cyj\u0119. Dzi\u0119kuj\u0119 Amber<\/p>","protected":false},"featured_media":3731,"comment_status":"open","ping_status":"closed","template":"","meta":[],"product_cat":[28],"product_tag":[],"class_list":["post-2036","product","type-product","status-publish","has-post-thumbnail","hentry","product_cat-slimming-machine"],"_links":{"self":[{"href":"https:\/\/www.mlkjlasers.com\/pl\/wp-json\/wp\/v2\/product\/2036","targetHints":{"allow":["GET"]}}],"collection":[{"href":"https:\/\/www.mlkjlasers.com\/pl\/wp-json\/wp\/v2\/product"}],"about":[{"href":"https:\/\/www.mlkjlasers.com\/pl\/wp-json\/wp\/v2\/types\/product"}],"replies":[{"embeddable":true,"href":"https:\/\/www.mlkjlasers.com\/pl\/wp-json\/wp\/v2\/comments?post=2036"}],"wp:featuredmedia":[{"embeddable":true,"href":"https:\/\/www.mlkjlasers.com\/pl\/wp-json\/wp\/v2\/media\/3731"}],"wp:attachment":[{"href":"https:\/\/www.mlkjlasers.com\/pl\/wp-json\/wp\/v2\/media?parent=2036"}],"wp:term":[{"taxonomy":"product_cat","embeddable":true,"href":"https:\/\/www.mlkjlasers.com\/pl\/wp-json\/wp\/v2\/product_cat?post=2036"},{"taxonomy":"product_tag","embeddable":true,"href":"https:\/\/www.mlkjlasers.com\/pl\/wp-json\/wp\/v2\/product_tag?post=2036"}],"curies":[{"name":"wp","href":"https:\/\/api.w.org\/{rel}","templated":true}]}}