{"id":213,"date":"2023-05-29T16:02:49","date_gmt":"2023-05-29T08:02:49","guid":{"rendered":"https:\/\/mingliang.leadsclouds.com\/?post_type=product&#038;p=213"},"modified":"2026-01-27T17:21:15","modified_gmt":"2026-01-27T09:21:15","slug":"picosecond-laser-tattoo-removal","status":"publish","type":"product","link":"https:\/\/www.mlkjlasers.com\/pl\/product\/picosecond-laser-tattoo-removal\/","title":{"rendered":"Maszyna do usuwania tatua\u017cu laserowego Picosecond na sprzeda\u017c Odm\u0142odzenie sk\u00f3ry Wybielanie sk\u00f3ry"},"content":{"rendered":"<div class=\"J_module\">\n<div class=\"icbu-pc-images magic-0\">\n<div>\n<div class=\"flex-layout-v\">\n<div class=\"flex-layout-h magic-0\">\n<div class=\"magic-1\"><span style=\"color: #000000; font-family: helvetica, arial, sans-serif;\"><img fetchpriority=\"high\" decoding=\"async\" class=\"magic-2 alignleft\" src=\"https:\/\/sc04.alicdn.com\/kf\/H448461831b8043888bd9dc8d38436560Z\/201077653\/H448461831b8043888bd9dc8d38436560Z.jpg\" width=\"1566\" height=\"2138\" data-src=\"\/\/sc04.alicdn.com\/kf\/H448461831b8043888bd9dc8d38436560Z\/201077653\/H448461831b8043888bd9dc8d38436560Z.jpg\" data-spm-anchor-id=\"a2700.details.0.i54.22f824bdtzFEzh\" \/><\/span><\/div>\n<\/div>\n<\/div>\n<\/div>\n<\/div>\n<\/div>\n<div class=\"J_module\" style=\"text-align: left;\">\n<div class=\"detail-decorate-json-renderer-container\">\n<div class=\"magic-3\">\n<div class=\"magic-4\">\n<div class=\"magic-5\">\n<div class=\"magic-6\">\n<div><\/div>\n<div><\/div>\n<div><\/div>\n<div><\/div>\n<div><\/div>\n<div><\/div>\n<div><\/div>\n<div><\/div>\n<div><\/div>\n<div><\/div>\n<div><\/div>\n<div><\/div>\n<div><\/div>\n<div><\/div>\n<div><\/div>\n<div><\/div>\n<div><\/div>\n<div><\/div>\n<div><\/div>\n<div><\/div>\n<div><\/div>\n<div><\/div>\n<div><\/div>\n<div><\/div>\n<div><\/div>\n<div><\/div>\n<div><\/div>\n<div><\/div>\n<div><\/div>\n<div><\/div>\n<div><\/div>\n<div><\/div>\n<div><\/div>\n<div><\/div>\n<div><\/div>\n<div><\/div>\n<div><\/div>\n<div><\/div>\n<div><\/div>\n<div><\/div>\n<div><\/div>\n<div><\/div>\n<div><\/div>\n<div><\/div>\n<div><\/div>\n<div><\/div>\n<div><\/div>\n<div><\/div>\n<div><\/div>\n<div><\/div>\n<div><\/div>\n<div><\/div>\n<div><\/div>\n<div><\/div>\n<div><\/div>\n<div><\/div>\n<div><\/div>\n<div><\/div>\n<div><\/div>\n<div><\/div>\n<div><\/div>\n<div><\/div>\n<div><\/div>\n<div><\/div>\n<div><\/div>\n<div><\/div>\n<div><\/div>\n<div><\/div>\n<div><span class=\"magic-7\" style=\"color: #000000; font-family: helvetica, arial, sans-serif;\"><span class=\"magic-8\"><b class=\"magic-7\"><span class=\"magic-9\">Zalety: <\/span><\/b><\/span><\/span><\/div>\n<div><span class=\"magic-7\" style=\"color: #000000; font-family: helvetica, arial, sans-serif;\"><span class=\"magic-10\"> 1. USA \/ Korea Po\u0142udniowa import 7 wsp\u00f3lne artyku\u0142owane rami\u0119 <\/span><\/span><\/div>\n<div><span class=\"magic-7\" style=\"color: #000000; font-family: helvetica, arial, sans-serif;\"><span class=\"magic-10\">2.300ps \/ 500ps, najnowsza technologia <\/span><\/span><\/div>\n<div><span class=\"magic-7\" style=\"color: #000000; font-family: helvetica, arial, sans-serif;\"><span class=\"magic-10\">3. R\u00f3\u017cnorodne d\u0142ugo\u015bci fali: <\/span><\/span><\/div>\n<div><span class=\"magic-7\" style=\"color: #000000; font-family: helvetica, arial, sans-serif;\"><span class=\"magic-11\">1064 nm:<\/span><span class=\"magic-10\">Sk\u00f3rne zmiany pigmentu i usuwanie tatua\u017cu ciemnego koloru <\/span><\/span><\/div>\n<div><span class=\"magic-7\" style=\"color: #000000; font-family: helvetica, arial, sans-serif;\"><span class=\"magic-11\">532 nm: <\/span><span class=\"magic-10\">Zmiany pigmentu nask\u00f3rnego, czerwony, \u017c\u00f3\u0142ty, usuwanie tatua\u017cu kawy <\/span><span class=\"magic-11\">585 nm:<\/span><span class=\"magic-10\">usuwanie niebieskiego i fioletowego tatua\u017cu <\/span><\/span><\/div>\n<div><span class=\"magic-7\" style=\"color: #000000; font-family: helvetica, arial, sans-serif;\"><span class=\"magic-11\">650 nm:<\/span><span class=\"magic-10\">Usuwanie zielonego tatua\u017cu <\/span><span class=\"magic-11\">755 nm:<\/span><span class=\"magic-10\">Obra\u017cenia pigmentowe nask\u00f3rnych<\/span><\/span><\/div>\n<\/div>\n<\/div>\n<\/div>\n<\/div>\n<\/div>\n<\/div>\n<div class=\"J_module\" style=\"text-align: left;\">\n<div class=\"icbu-pc-images magic-0\">\n<div>\n<div class=\"flex-layout-v\">\n<div class=\"flex-layout-h magic-0\">\n<div class=\"magic-12\"><span style=\"color: #000000; font-family: helvetica, arial, sans-serif;\"><img decoding=\"async\" class=\"magic-13 alignnone\" src=\"https:\/\/sc04.alicdn.com\/kf\/Hf1f2296332834b64a491abd32b25e7870\/201077653\/Hf1f2296332834b64a491abd32b25e7870.jpg\" width=\"1563\" height=\"1517\" data-src=\"\/\/sc04.alicdn.com\/kf\/Hf1f2296332834b64a491abd32b25e7870\/201077653\/Hf1f2296332834b64a491abd32b25e7870.jpg\" \/><\/span><\/div>\n<\/div>\n<div><\/div>\n<div><b class=\"magic-8\" style=\"color: #000000; font-family: helvetica, arial, sans-serif;\">Zastosowanie lasera picosecond:<\/b><\/div>\n<\/div>\n<\/div>\n<\/div>\n<\/div>\n<div class=\"J_module\" style=\"text-align: left;\">\n<div class=\"detail-decorate-json-renderer-container\">\n<div class=\"magic-3\">\n<div class=\"magic-4\">\n<div class=\"magic-5\">\n<div class=\"magic-6\">\n<div><\/div>\n<div><span class=\"magic-10\" style=\"color: #000000; font-family: helvetica, arial, sans-serif;\">G\u0142owa Honeycomb. Wysoka moc szczytowa 800-1200mj Wysoka energia pojedynczego impulsu oznacza siln\u0105 zdolno\u015b\u0107 do kruszenia pigmentu <\/span><\/div>\n<div><span class=\"magic-10\" style=\"color: #000000; font-family: helvetica, arial, sans-serif;\">B. Znacznie wi\u0119ksza moc Podw\u00f3jne \u015bwiat\u0142a podw\u00f3jne kije. <\/span><\/div>\n<div><span class=\"magic-10\" style=\"color: #000000; font-family: helvetica, arial, sans-serif;\">C. Regulowany rozmiar plamy 1-10mm. D. G\u0119sto\u015b\u0107 energii jest automatycznie regulowana z rozmiarem miejsca<\/span><\/div>\n<\/div>\n<\/div>\n<\/div>\n<\/div>\n<\/div>\n<\/div>\n<div class=\"J_module\" style=\"text-align: left;\">\n<div class=\"icbu-pc-images magic-0\">\n<div>\n<div class=\"flex-layout-v\">\n<div class=\"flex-layout-h magic-0\">\n<div class=\"magic-14\"><\/div>\n<div class=\"magic-14\"><span style=\"color: #000000; font-family: helvetica, arial, sans-serif;\"><img decoding=\"async\" class=\"magic-15 alignnone\" src=\"https:\/\/sc04.alicdn.com\/kf\/H47025a57b98148c1ab2ed58306169bb81\/201077653\/H47025a57b98148c1ab2ed58306169bb81.jpg\" width=\"1681\" height=\"1699\" data-src=\"\/\/sc04.alicdn.com\/kf\/H47025a57b98148c1ab2ed58306169bb81\/201077653\/H47025a57b98148c1ab2ed58306169bb81.jpg\" \/><\/span><\/div>\n<\/div>\n<\/div>\n<div><\/div>\n<div><b class=\"magic-8\" style=\"color: #000000; font-family: helvetica, arial, sans-serif;\">Cechy techniczne:<\/b><\/div>\n<\/div>\n<\/div>\n<\/div>\n<div class=\"J_module\" style=\"text-align: left;\">\n<div class=\"detail-decorate-json-renderer-container\">\n<div class=\"magic-3\">\n<div class=\"magic-4\">\n<div class=\"magic-5\">\n<div class=\"magic-6\">\n<div><span class=\"magic-10\" style=\"color: #000000; font-family: helvetica, arial, sans-serif;\">&gt;  &gt; Brak uszkodze\u0144 sk\u00f3ry i mieszk\u00f3w w\u0142osowych; Brak ryzyka blizn.<br \/>\n&gt;  &gt; Natychmiastowe wybuchowanie wysokiej technologii laserowej, mi\u0119dzynarodowy standard produkcji, rygorystyczne badania techniczne.<br \/>\n&gt;  &gt; Importowany kamienny mechanizm kasetowy Q-switch, ca\u0142y sta\u0142y laser, bez zast\u0105pienia Q-switch.<br \/>\n&gt;  &gt; Bezbolesne leczenie, niewiele skutk\u00f3w ubocznych.<br \/>\n&gt;  &gt; \u0141atwe w obs\u0142udze.<\/span><\/div>\n<\/div>\n<\/div>\n<\/div>\n<\/div>\n<\/div>\n<\/div>\n<div class=\"J_module\" style=\"text-align: left;\">\n<div class=\"icbu-pc-images magic-0\">\n<div>\n<div class=\"flex-layout-v\">\n<div class=\"flex-layout-h magic-0\">\n<div class=\"magic-18\"><span style=\"color: #000000; font-family: helvetica, arial, sans-serif;\"><img loading=\"lazy\" decoding=\"async\" class=\"magic-19\" src=\"https:\/\/sc02.alicdn.com\/kf\/HTB1Us.RgiCYBuNkHFCcq6AHtVXaw\/201077653\/HTB1Us.RgiCYBuNkHFCcq6AHtVXaw.jpg\" width=\"1573\" height=\"971\" data-src=\"\/\/sc02.alicdn.com\/kf\/HTB1Us.RgiCYBuNkHFCcq6AHtVXaw\/201077653\/HTB1Us.RgiCYBuNkHFCcq6AHtVXaw.jpg\" \/><\/span><\/div>\n<\/div>\n<\/div>\n<\/div>\n<\/div>\n<\/div>\n<div class=\"J_module\" style=\"text-align: left;\">\n<div class=\"detail-decorate-json-renderer-container\">\n<div class=\"magic-3\">\n<div class=\"magic-4\">\n<div class=\"magic-5\">\n<div class=\"magic-6\">\n<p><span class=\"magic-10\" style=\"color: #000000; font-family: helvetica, arial, sans-serif;\"><b>Uchwyty laserowe pikosekondowe:<\/b><\/span><\/p>\n<div><span class=\"magic-10\" style=\"color: #000000; font-family: helvetica, arial, sans-serif;\">&gt;  &gt; 755nm: Pico druga g\u0142owica laserowa, do usuwania plam wiekowych, usuwania pieg, chloasmy remvoal.<br \/>\n&gt;  &gt; 1064 nm i amp; 532nm do usuwania tatua\u017cu, oczyszczenia brwi itp.<br \/>\n&gt;  &gt; Nowa marka przewodnik \u015bwiat\u0142o rami\u0119 do tatua\u017cu laserowego usuwania maszyny, o bardziej delikatnym wygl\u0105dzie.<\/span><\/div>\n<\/div>\n<\/div>\n<\/div>\n<\/div>\n<\/div>\n<\/div>\n<div class=\"J_module\" style=\"text-align: left;\">\n<div class=\"icbu-pc-images magic-0\">\n<div>\n<div class=\"flex-layout-v\">\n<div class=\"flex-layout-h magic-0\">\n<div class=\"magic-20\"><span style=\"color: #000000; font-family: helvetica, arial, sans-serif;\"><img loading=\"lazy\" decoding=\"async\" class=\"magic-21\" src=\"https:\/\/sc04.alicdn.com\/kf\/H9af949599b4141ad9afc83c16c62d4efH\/201077653\/H9af949599b4141ad9afc83c16c62d4efH.jpg\" width=\"1561\" height=\"1080\" data-src=\"\/\/sc04.alicdn.com\/kf\/H9af949599b4141ad9afc83c16c62d4efH\/201077653\/H9af949599b4141ad9afc83c16c62d4efH.jpg\" \/><\/span><\/div>\n<\/div>\n<\/div>\n<\/div>\n<\/div>\n<\/div>\n<div class=\"J_module\" style=\"text-align: left;\">\n<div class=\"detail-decorate-json-renderer-container\">\n<div class=\"magic-3\">\n<div class=\"magic-4\">\n<div class=\"magic-5\">\n<div class=\"magic-6\"><span class=\"magic-10\" style=\"color: #000000; font-family: helvetica, arial, sans-serif;\"><span class=\"magic-8\"><b>Obszar obr\u00f3bki maszyny laserowej pico:<\/b><\/span> \u2022 Wszystkie kolorowe tatua\u017ce, usuwanie linii oczu i warg \u2022 Pigment nask\u00f3rki i sk\u00f3ry \u2022 Evus Ota, niebieski naevus, czarny nevus, plama kawowa Plaki starsze, piegi, plama opalenia s\u0142onecznego i chloasmaWybielanie sk\u00f3ry i usuwanie zmarszczek itp.<\/span><\/div>\n<div>\n<div class=\"magic-6\" data-spm-anchor-id=\"a2700.details.0.i53.22f824bdtzFEzh\"><span class=\"magic-10\" style=\"color: #000000; font-family: helvetica, arial, sans-serif;\"><b class=\"magic-8\">Uwagi dotycz\u0105ce leczenia pikosekundowego:<\/b> <\/span><\/div>\n<div class=\"magic-6\" data-spm-anchor-id=\"a2700.details.0.i53.22f824bdtzFEzh\"><span class=\"magic-10\" style=\"color: #000000; font-family: helvetica, arial, sans-serif;\">1. Je\u015bli plamy s\u0105 oddzielone, \u015bci\u015ble zabronione jest chwytanie ich r\u0119cznie i pozwolenie im spada\u0107 naturalnie. <\/span><\/div>\n<div class=\"magic-6\" data-spm-anchor-id=\"a2700.details.0.i53.22f824bdtzFEzh\"><span class=\"magic-10\" style=\"color: #000000; font-family: helvetica, arial, sans-serif;\">2. Na wczesnym etapie konieczne jest ci\u0105g\u0142e stosowanie 15 dni maski naprawczej medycznej. Pierwsze siedem dni zostan\u0105 opublikowane rano i wieczorem. Nast\u0119pnie codziennie nak\u0142adaj naklejk\u0119. Zaleca si\u0119 stosowanie go codziennie. <\/span><\/div>\n<div class=\"magic-6\" data-spm-anchor-id=\"a2700.details.0.i53.22f824bdtzFEzh\"><span class=\"magic-10\" style=\"color: #000000; font-family: helvetica, arial, sans-serif;\">3. Seria napraw musi by\u0107 u\u017cywana po ka\u017cdym leczeniu pieg. <\/span><\/div>\n<div class=\"magic-6\" data-spm-anchor-id=\"a2700.details.0.i53.22f824bdtzFEzh\"><span class=\"magic-10\" style=\"color: #000000; font-family: helvetica, arial, sans-serif;\">4. Ekspozycja na s\u0142o\u0144ce jest surowo zabroniona podczas ca\u0142ego okresu leczenia. U\u017cyj kremu przeciws\u0142onecznego SPF30 lub PA. <\/span><\/div>\n<div class=\"magic-6\" data-spm-anchor-id=\"a2700.details.0.i53.22f824bdtzFEzh\"><span class=\"magic-10\" style=\"color: #000000; font-family: helvetica, arial, sans-serif;\">5. Bardzo niewielu klient\u00f3w mo\u017ce mie\u0107 refluks pigmentu po leczeniu wczoraj w nocy. Nie wymaga specjalnego traktowania. Krem przeciws\u0142oneczny i nawil\u017caj\u0105cy s\u0105 wykonane, a pigment powoli metabolizuje si\u0119.<\/span><\/div>\n<\/div>\n<\/div>\n<\/div>\n<\/div>\n<\/div>\n<\/div>\n<div class=\"J_module\" style=\"text-align: left;\">\n<div class=\"icbu-pc-images magic-0\">\n<div>\n<div class=\"flex-layout-v\">\n<div class=\"flex-layout-h magic-0\">\n<div class=\"magic-22\"><span style=\"color: #000000; font-family: helvetica, arial, sans-serif;\"><img loading=\"lazy\" decoding=\"async\" class=\"magic-23\" src=\"https:\/\/sc04.alicdn.com\/kf\/HTB1BNxVJFXXXXXwXpXXq6xXFXXXt\/201077653\/HTB1BNxVJFXXXXXwXpXXq6xXFXXXt.jpg\" width=\"1568\" height=\"1272\" data-src=\"\/\/sc04.alicdn.com\/kf\/HTB1BNxVJFXXXXXwXpXXq6xXFXXXt\/201077653\/HTB1BNxVJFXXXXXwXpXXq6xXFXXXt.jpg\" \/><\/span><\/div>\n<\/div>\n<\/div>\n<\/div>\n<\/div>\n<\/div>\n<div class=\"J_module\" style=\"text-align: left;\">\n<div class=\"icbu-pc-images magic-0\">\n<div>\n<div class=\"flex-layout-v\">\n<div class=\"flex-layout-h magic-0\">\n<div class=\"magic-24\"><span style=\"color: #000000; font-family: helvetica, arial, sans-serif;\"><img loading=\"lazy\" decoding=\"async\" class=\"magic-25\" src=\"https:\/\/sc04.alicdn.com\/kf\/H7bf48451817146eb8859f68e5abcffd2p\/201077653\/H7bf48451817146eb8859f68e5abcffd2p.jpg\" width=\"1572\" height=\"957\" data-src=\"\/\/sc04.alicdn.com\/kf\/H7bf48451817146eb8859f68e5abcffd2p\/201077653\/H7bf48451817146eb8859f68e5abcffd2p.jpg\" \/><\/span><\/div>\n<\/div>\n<\/div>\n<\/div>\n<\/div>\n<\/div>\n<div class=\"J_module\" style=\"text-align: left;\">\n<div class=\"icbu-pc-images magic-0\">\n<div>\n<div class=\"flex-layout-v\">\n<div class=\"flex-layout-h magic-0\">\n<div class=\"magic-26\"><span style=\"color: #000000; font-family: helvetica, arial, sans-serif;\"><img loading=\"lazy\" decoding=\"async\" class=\"magic-27\" src=\"https:\/\/sc04.alicdn.com\/kf\/Hf05edce2867446ae9711364601b31739f\/201077653\/Hf05edce2867446ae9711364601b31739f.jpg\" width=\"1609\" height=\"1454\" data-src=\"\/\/sc04.alicdn.com\/kf\/Hf05edce2867446ae9711364601b31739f\/201077653\/Hf05edce2867446ae9711364601b31739f.jpg\" \/><\/span><\/div>\n<\/div>\n<\/div>\n<\/div>\n<\/div>\n<\/div>\n<div class=\"J_module\" style=\"text-align: left;\">\n<div class=\"ife-detail-decorate-table\">\n<table class=\"has-title is-zebra all magic-28\" style=\"width: 100.851%; height: 599px;\">\n<tbody>\n<tr>\n<td colspan=\"2\" rowspan=\"1\">\n<div class=\"magic-29\"><span style=\"color: #000000; font-family: helvetica, arial, sans-serif;\">Laserowe:<\/span><\/div>\n<\/td>\n<td colspan=\"3\" rowspan=\"1\">\n<div class=\"magic-32\"><span style=\"color: #000000; font-family: helvetica, arial, sans-serif;\">Picolaser<\/span><\/div>\n<\/td>\n<\/tr>\n<tr>\n<td colspan=\"2\" rowspan=\"1\">\n<div class=\"magic-29\"><span style=\"color: #000000; font-family: helvetica, arial, sans-serif;\">Tryb wyj\u015bciowy:<\/span><\/div>\n<\/td>\n<td colspan=\"3\" rowspan=\"1\">\n<div class=\"magic-32\"><span style=\"color: #000000; font-family: helvetica, arial, sans-serif;\">Aktywny Q<\/span><\/div>\n<\/td>\n<\/tr>\n<tr>\n<td colspan=\"2\" rowspan=\"1\">\n<div class=\"magic-29\"><span style=\"color: #000000; font-family: helvetica, arial, sans-serif;\">Pr\u0119t kryszta\u0142owy laserowy:<\/span><\/div>\n<\/td>\n<td colspan=\"3\" rowspan=\"1\">\n<div class=\"magic-32\"><span style=\"color: #000000; font-family: helvetica, arial, sans-serif;\">Podw\u00f3jna lampa podw\u00f3jna pr\u0119t<\/span><\/div>\n<\/td>\n<\/tr>\n<tr>\n<td colspan=\"2\" rowspan=\"1\">\n<div class=\"magic-29\"><span style=\"color: #000000; font-family: helvetica, arial, sans-serif;\">D\u0142ugo\u015b\u0107 fali:<\/span><\/div>\n<\/td>\n<td colspan=\"3\" rowspan=\"1\">\n<div class=\"magic-32\"><span style=\"color: #000000; font-family: helvetica, arial, sans-serif;\">d\u0142ugo\u015b\u0107 fali 1064nm &amp; 532 nm i amp; 755 nm<\/span><\/div>\n<\/td>\n<\/tr>\n<tr>\n<td colspan=\"2\" rowspan=\"1\">\n<div class=\"magic-29\"><span style=\"color: #000000; font-family: helvetica, arial, sans-serif;\">Ekran instrumentu:<\/span><\/div>\n<\/td>\n<td colspan=\"3\" rowspan=\"1\">\n<div class=\"magic-32\"><span style=\"color: #000000; font-family: helvetica, arial, sans-serif;\">12-calowy kolorowy ekran dotykowy<\/span><\/div>\n<\/td>\n<\/tr>\n<tr>\n<td colspan=\"2\" rowspan=\"1\">\n<div class=\"magic-29\"><span style=\"color: #000000; font-family: helvetica, arial, sans-serif;\">Szeroko\u015b\u0107 pulsu:<\/span><\/div>\n<\/td>\n<td colspan=\"3\" rowspan=\"1\">\n<div class=\"magic-32\"><span style=\"color: #000000; font-family: helvetica, arial, sans-serif;\">300ps-2ns<\/span><\/div>\n<\/td>\n<\/tr>\n<tr>\n<td colspan=\"2\" rowspan=\"1\">\n<div class=\"magic-29\"><span style=\"color: #000000; font-family: helvetica, arial, sans-serif;\">Rozmiar miejsca:<\/span><\/div>\n<\/td>\n<td colspan=\"3\" rowspan=\"1\">\n<div class=\"magic-32\"><span style=\"color: #000000; font-family: helvetica, arial, sans-serif;\">1-10 mm<\/span><\/div>\n<\/td>\n<\/tr>\n<tr>\n<td colspan=\"2\" rowspan=\"1\">\n<div class=\"magic-29\"><span style=\"color: #000000; font-family: helvetica, arial, sans-serif;\">Energia:<\/span><\/div>\n<\/td>\n<td colspan=\"3\" rowspan=\"1\">\n<div class=\"magic-32\"><span style=\"color: #000000; font-family: helvetica, arial, sans-serif;\">10-2000mj<\/span><\/div>\n<\/td>\n<\/tr>\n<tr>\n<td colspan=\"2\" rowspan=\"1\">\n<div class=\"magic-29\"><span style=\"color: #000000; font-family: helvetica, arial, sans-serif;\">Cz\u0119stotliwo\u015b\u0107:<\/span><\/div>\n<\/td>\n<td colspan=\"3\" rowspan=\"1\">\n<div class=\"magic-32\"><span style=\"color: #000000; font-family: helvetica, arial, sans-serif;\">1-10Hz (regulowalny)<\/span><\/div>\n<\/td>\n<\/tr>\n<tr>\n<td colspan=\"2\" rowspan=\"1\">\n<div class=\"magic-29\"><span style=\"color: #000000; font-family: helvetica, arial, sans-serif;\">Waga netto:<\/span><\/div>\n<\/td>\n<td colspan=\"3\" rowspan=\"1\">\n<div class=\"magic-32\"><span style=\"color: #000000; font-family: helvetica, arial, sans-serif;\">105 kg<\/span><\/div>\n<\/td>\n<\/tr>\n<tr>\n<td colspan=\"2\" rowspan=\"1\">\n<div class=\"magic-29\"><span style=\"color: #000000; font-family: helvetica, arial, sans-serif;\">Napi\u0119cie:<\/span><\/div>\n<\/td>\n<td colspan=\"3\" rowspan=\"1\">\n<div class=\"magic-32\"><span style=\"color: #000000; font-family: helvetica, arial, sans-serif;\">220V \/ 110V \/ 15A 50Hz (60Hz)<\/span><\/div>\n<\/td>\n<\/tr>\n<tr>\n<td colspan=\"2\" rowspan=\"1\">\n<div class=\"magic-29\"><span style=\"color: #000000; font-family: helvetica, arial, sans-serif;\">System ch\u0142odniczy:<\/span><\/div>\n<\/td>\n<td colspan=\"3\" rowspan=\"1\">\n<div class=\"magic-32\"><span style=\"color: #000000; font-family: helvetica, arial, sans-serif;\">Ch\u0142odzenie p\u00f3\u0142przewodnik\u00f3w wody wiatrowej<\/span><\/div>\n<\/td>\n<\/tr>\n<tr>\n<td colspan=\"2\" rowspan=\"1\">\n<div class=\"magic-29\"><span style=\"color: #000000; font-family: helvetica, arial, sans-serif;\">Ci\u0105g\u0142y czas pracy:<\/span><\/div>\n<\/td>\n<td colspan=\"3\" rowspan=\"1\">\n<div class=\"magic-32\"><span style=\"color: #000000; font-family: helvetica, arial, sans-serif;\">24 godziny<\/span><\/div>\n<\/td>\n<\/tr>\n<\/tbody>\n<\/table>\n<\/div>\n<\/div>\n<div class=\"J_module\">\n<div class=\"detail-decorate-json-renderer-container\">\n<div class=\"magic-3\">\n<div class=\"magic-4\">\n<div class=\"magic-5\">\n<div class=\"magic-6\" style=\"text-align: left;\" data-spm-anchor-id=\"a2700.details.0.i53.22f824bdtzFEzh\"><\/div>\n<\/div>\n<\/div>\n<\/div>\n<\/div>\n<\/div>","protected":false},"excerpt":{"rendered":"<p>Mo\u017cemy kontrolowa\u0107 g\u0142\u0119boko\u015b\u0107 penetracji od zaledwie kilku mikrometr\u00f3w g\u0142\u0119boko\u015bci (tylko tak g\u0142\u0119boko jak kilka arkuszy papieru) do znacznie g\u0142\u0119bszej za pomoc\u0105 drobnych kana\u0142\u00f3w termicznych.<\/p>\n<p>Ca\u0142kowicie bezpieczne i przetestowane przez setki kobiet na ca\u0142ym \u015bwiecie; idealna d\u0142ugo\u015b\u0107 fali jest wch\u0142aniana przez mikron b\u0142ony \u015bluzowej, aby unikn\u0105\u0107 uszkodze\u0144 termicznych przez g\u0142\u0119bok\u0105 tkank\u0119 lub narz\u0105d.<\/p>\n<p>Bezbolesne leczenie, pacjenci mog\u0105 tylko czu\u0107 ciep\u0142o \/ gor\u0105co wewn\u0105trz, nie mog\u0105 czu\u0107 \u017cadnego b\u00f3lu<\/p>","protected":false},"featured_media":221,"comment_status":"open","ping_status":"closed","template":"","meta":[],"product_cat":[23],"product_tag":[],"class_list":["post-213","product","type-product","status-publish","has-post-thumbnail","hentry","product_cat-picosecond-laser"],"_links":{"self":[{"href":"https:\/\/www.mlkjlasers.com\/pl\/wp-json\/wp\/v2\/product\/213","targetHints":{"allow":["GET"]}}],"collection":[{"href":"https:\/\/www.mlkjlasers.com\/pl\/wp-json\/wp\/v2\/product"}],"about":[{"href":"https:\/\/www.mlkjlasers.com\/pl\/wp-json\/wp\/v2\/types\/product"}],"replies":[{"embeddable":true,"href":"https:\/\/www.mlkjlasers.com\/pl\/wp-json\/wp\/v2\/comments?post=213"}],"wp:featuredmedia":[{"embeddable":true,"href":"https:\/\/www.mlkjlasers.com\/pl\/wp-json\/wp\/v2\/media\/221"}],"wp:attachment":[{"href":"https:\/\/www.mlkjlasers.com\/pl\/wp-json\/wp\/v2\/media?parent=213"}],"wp:term":[{"taxonomy":"product_cat","embeddable":true,"href":"https:\/\/www.mlkjlasers.com\/pl\/wp-json\/wp\/v2\/product_cat?post=213"},{"taxonomy":"product_tag","embeddable":true,"href":"https:\/\/www.mlkjlasers.com\/pl\/wp-json\/wp\/v2\/product_tag?post=213"}],"curies":[{"name":"wp","href":"https:\/\/api.w.org\/{rel}","templated":true}]}}