{"id":2163,"date":"2023-08-01T09:19:35","date_gmt":"2023-08-01T01:19:35","guid":{"rendered":"https:\/\/mlkjlasers.com\/?post_type=product&#038;p=2163"},"modified":"2026-01-23T13:54:51","modified_gmt":"2026-01-23T05:54:51","slug":"q-switched-nd-yag-laser-tattoo-removal-machine","status":"publish","type":"product","link":"https:\/\/www.mlkjlasers.com\/pl\/product\/q-switched-nd-yag-laser-tattoo-removal-machine\/","title":{"rendered":"Maszyna do usuwania tatua\u017cu laserowego Picosecond Q-Switched Nd Yag"},"content":{"rendered":"<div class=\"J_module\">\n<div class=\"icbu-pc-images magic-0\">\n<div class=\"flex-layout-v\">\n<div class=\"flex-layout-h magic-0\">\n<div class=\"magic-1\"><\/div>\n<div class=\"magic-1\"><span style=\"color: #000000; font-family: helvetica, arial, sans-serif; font-size: 14pt;\"><img fetchpriority=\"high\" decoding=\"async\" class=\"magic-2 aligncenter\" src=\"https:\/\/sc04.alicdn.com\/kf\/H153b63e9a4d1430ea58d382a21a00b81i\/201077653\/H153b63e9a4d1430ea58d382a21a00b81i.jpg\" width=\"1594\" height=\"706\" data-src=\"\/\/sc04.alicdn.com\/kf\/H153b63e9a4d1430ea58d382a21a00b81i\/201077653\/H153b63e9a4d1430ea58d382a21a00b81i.jpg\" \/><\/span><\/div>\n<\/div>\n<\/div>\n<\/div>\n<\/div>\n<div class=\"J_module\">\n<div class=\"detail-decorate-json-renderer-container\">\n<div class=\"magic-3\">\n<div class=\"magic-4\">\n<div class=\"magic-5\">\n<div class=\"magic-6\">\n<div><\/div>\n<\/div>\n<div><span style=\"color: #000000; font-family: helvetica, arial, sans-serif; font-size: 14pt;\">Jeste\u015b salonem pi\u0119kno\u015bci? Dystrybutor? A mo\u017ce firma handlowa?<\/span><\/div>\n<div class=\"magic-6\">\n<div class=\"magic-7\"><\/div>\n<div class=\"magic-7\"><span style=\"color: #000000; font-family: helvetica, arial, sans-serif; font-size: 14pt;\"><b><span class=\"magic-9\">Czy potrzebujesz OEM lub ODM dla produkt\u00f3w?<\/span><\/b><\/span><\/div>\n<div class=\"magic-7\"><span style=\"color: #000000; font-family: helvetica, arial, sans-serif; font-size: 14pt;\">Nasza fabryka zapewnia OEM &amp; amp; Us\u0142ugi ODM.<\/span><\/div>\n<div class=\"magic-7\"><span style=\"color: #000000; font-family: helvetica, arial, sans-serif; font-size: 14pt;\"><b><span class=\"magic-9\">Wy\u015blij nam zapytanie, aby pozna\u0107 najnowsze ceny, 24 godziny online!<\/span><\/b><\/span><\/div>\n<\/div>\n<\/div>\n<\/div>\n<\/div>\n<\/div>\n<\/div>\n<div class=\"magic-10\" data-section=\"AliMagic-vqm1z1\" data-section-title=\"Product Information\"><\/div>\n<div data-section=\"AliMagic-vqm1z1\" data-section-title=\"Product Information\"><\/div>\n<div class=\"J_module\">\n<div class=\"icbu-pc-images magic-0\">\n<div>\n<div class=\"flex-layout-v\">\n<div class=\"flex-layout-h magic-0\">\n<div class=\"magic-11\"><span style=\"color: #000000; font-family: helvetica, arial, sans-serif; font-size: 14pt;\"><img decoding=\"async\" class=\"magic-12 aligncenter\" src=\"https:\/\/sc04.alicdn.com\/kf\/Hfdde0b4367c841ba8c4c189758bf5509a\/201077653\/Hfdde0b4367c841ba8c4c189758bf5509a.jpg\" alt=\"\" width=\"1566\" height=\"921\" data-src=\"\/\/sc04.alicdn.com\/kf\/Hfdde0b4367c841ba8c4c189758bf5509a\/201077653\/Hfdde0b4367c841ba8c4c189758bf5509a.jpg\" \/><\/span><\/div>\n<\/div>\n<\/div>\n<\/div>\n<\/div>\n<\/div>\n<div class=\"J_module\">\n<div class=\"icbu-pc-images magic-0\">\n<div>\n<div class=\"flex-layout-v\">\n<div class=\"flex-layout-h magic-0\">\n<div class=\"magic-13\"><span style=\"color: #000000; font-family: helvetica, arial, sans-serif; font-size: 14pt;\"><img decoding=\"async\" class=\"magic-14 aligncenter\" src=\"https:\/\/sc04.alicdn.com\/kf\/H56eb6dd3d00e400ea57ef01a283882f3U\/201077653\/H56eb6dd3d00e400ea57ef01a283882f3U.jpg\" width=\"1584\" height=\"1234\" data-src=\"\/\/sc04.alicdn.com\/kf\/H56eb6dd3d00e400ea57ef01a283882f3U\/201077653\/H56eb6dd3d00e400ea57ef01a283882f3U.jpg\" \/><\/span><\/div>\n<\/div>\n<\/div>\n<\/div>\n<\/div>\n<\/div>\n<div class=\"J_module\">\n<div class=\"detail-decorate-json-renderer-container\">\n<div class=\"magic-3\">\n<div class=\"magic-4\">\n<div class=\"magic-5\">\n<div class=\"magic-6\">\n<p><span class=\"magic-15\" style=\"color: #000000; font-family: helvetica, arial, sans-serif; font-size: 14pt;\"><span class=\"magic-8\"><b class=\"magic-16\"><span class=\"magic-16\">Jako\u015b\u0107 rzemie\u015blnicza, odzwierciedlaj\u0105 ekstremalne szczeg\u00f3\u0142y <\/span><\/b><\/span><\/span><\/p>\n<div><span class=\"magic-8\" style=\"color: #000000; font-family: helvetica, arial, sans-serif; font-size: 14pt;\"><b>Racjonalny projekt <\/b><\/span><\/div>\n<div><span class=\"magic-8\" style=\"color: #000000; font-family: helvetica, arial, sans-serif; font-size: 14pt;\">1. Produkt ma nowy wygl\u0105d i jest sprzedawany g\u0142\u00f3wnie jako gor\u0105cy model <\/span><\/div>\n<div><span class=\"magic-8\" style=\"color: #000000; font-family: helvetica, arial, sans-serif; font-size: 14pt;\">2. Regulowany uchwyt uchwytu, mocny i trwa\u0142y <\/span><\/div>\n<div><span class=\"magic-8\" style=\"color: #000000; font-family: helvetica, arial, sans-serif; font-size: 14pt;\">3. Uchwyt antypo\u015blizgowy, konstrukcja ergonomiczna <\/span><\/div>\n<div><span class=\"magic-8\" style=\"color: #000000; font-family: helvetica, arial, sans-serif; font-size: 14pt;\">4. Rozszerzona rurka \u0142\u0105cz\u0105ca leczenie<\/span><\/div>\n<\/div>\n<\/div>\n<\/div>\n<div><\/div>\n<\/div>\n<\/div>\n<\/div>\n<div class=\"J_module\">\n<div class=\"icbu-pc-images magic-0\">\n<div>\n<div class=\"flex-layout-v\">\n<div class=\"flex-layout-h magic-0\">\n<div class=\"magic-17\"><\/div>\n<div class=\"magic-17\"><span style=\"color: #000000; font-family: helvetica, arial, sans-serif; font-size: 14pt;\"><img loading=\"lazy\" decoding=\"async\" class=\"magic-18 aligncenter\" src=\"https:\/\/sc04.alicdn.com\/kf\/Hfbb2f24ff848486c9c9d30d522d4208ab\/201077653\/Hfbb2f24ff848486c9c9d30d522d4208ab.jpg\" width=\"1539\" height=\"1539\" data-src=\"\/\/sc04.alicdn.com\/kf\/Hfbb2f24ff848486c9c9d30d522d4208ab\/201077653\/Hfbb2f24ff848486c9c9d30d522d4208ab.jpg\" \/><\/span><\/div>\n<div class=\"magic-19\"><\/div>\n<\/div>\n<\/div>\n<\/div>\n<\/div>\n<\/div>\n<div class=\"J_module\">\n<div class=\"detail-decorate-json-renderer-container\">\n<div class=\"magic-3\">\n<div class=\"magic-4\">\n<div class=\"magic-5\">\n<div><\/div>\n<div class=\"magic-6\"><span style=\"font-size: 14pt;\"><span class=\"magic-8\" style=\"color: #000000; font-family: helvetica, arial, sans-serif;\"><b class=\"magic-20\"><span class=\"magic-16\">Najmniejszy rozmiar<\/span> <\/b><br \/>\n<\/span><span style=\"font-family: helvetica, arial, sans-serif;\">Najmniejszy rozmiar 1. Przyjmij podstawowe komponenty sprz\u0119tu medycznego. Rozmiar maszyny jest mniejszy. <\/span><span style=\"font-family: helvetica, arial, sans-serif;\">2. Ni\u017cszy transport transgraniczny ni\u017c zwyk\u0142e maszyny. <\/span><span style=\"font-family: helvetica, arial, sans-serif;\">3. Uchwyt jest mniejszy i wygodniejszy w u\u017cyciu<\/span><\/span><\/p>\n<div>\n<div><\/div>\n<\/div>\n<\/div>\n<\/div>\n<\/div>\n<\/div>\n<\/div>\n<\/div>\n<div class=\"J_module\">\n<div class=\"icbu-pc-images magic-0\">\n<div>\n<div class=\"flex-layout-v\">\n<div class=\"flex-layout-h magic-0\">\n<div class=\"magic-21\"><span style=\"color: #000000; font-family: helvetica, arial, sans-serif; font-size: 14pt;\"><img loading=\"lazy\" decoding=\"async\" class=\"magic-22 aligncenter\" src=\"https:\/\/sc04.alicdn.com\/kf\/Hac1ea86853e74444ac97c981943bc883R\/201077653\/Hac1ea86853e74444ac97c981943bc883R.png\" width=\"1559\" height=\"1559\" data-src=\"\/\/sc04.alicdn.com\/kf\/Hac1ea86853e74444ac97c981943bc883R\/201077653\/Hac1ea86853e74444ac97c981943bc883R.png\" \/><\/span><\/div>\n<\/div>\n<\/div>\n<\/div>\n<\/div>\n<\/div>\n<div class=\"J_module\">\n<div id=\"ali-anchor-AliMagic-mrz24u\" class=\"magic-10\" data-section=\"AliMagic-mrz24u\" data-section-title=\"About Handle\"><\/div>\n<\/div>\n<div class=\"J_module\">\n<div class=\"icbu-pc-images magic-0\">\n<div>\n<div class=\"flex-layout-v\">\n<div class=\"flex-layout-h magic-0\">\n<div class=\"magic-21\"><span style=\"color: #000000; font-family: helvetica, arial, sans-serif; font-size: 14pt;\"><img loading=\"lazy\" decoding=\"async\" class=\"magic-22 aligncenter\" src=\"https:\/\/sc04.alicdn.com\/kf\/Hae0e2ad7c5114325b8e680d60a90906ej\/201077653\/Hae0e2ad7c5114325b8e680d60a90906ej.jpg\" width=\"1561\" height=\"1561\" data-src=\"\/\/sc04.alicdn.com\/kf\/Hae0e2ad7c5114325b8e680d60a90906ej\/201077653\/Hae0e2ad7c5114325b8e680d60a90906ej.jpg\" \/><\/span><\/div>\n<\/div>\n<\/div>\n<\/div>\n<\/div>\n<\/div>\n<div class=\"J_module\">\n<div class=\"detail-decorate-json-renderer-container\">\n<div class=\"magic-3\">\n<div class=\"magic-4\">\n<div class=\"magic-5\">\n<div class=\"magic-6\">\n<div>\n<p><span style=\"font-family: helvetica, arial, sans-serif; font-size: 14pt;\">5 g\u0142owic do obr\u00f3bki, od\u0142\u0105czalna i obrotowa konstrukcja drutu zewn\u0119trznego <\/span><\/p>\n<p><span style=\"font-family: helvetica, arial, sans-serif; font-size: 14pt;\">1. 532: Usu\u0144 kolorowe tatua\u017ce. <\/span><\/p>\n<p><span style=\"font-family: helvetica, arial, sans-serif; font-size: 14pt;\">2. 755 g\u0142owa p\u0142atka miodowa: u\u017cywana do usuwania plam wiekowych, pieg i chloazmy. niewielkie uszkodzenia sk\u00f3ry <\/span><\/p>\n<p><span style=\"font-family: helvetica, arial, sans-serif; font-size: 14pt;\">3. Regulowany parametr 1064: do usuwania tatua\u017cu, oczyszczania brwi <\/span><\/p>\n<p><span style=\"font-family: helvetica, arial, sans-serif; font-size: 14pt;\">4. Nieregulowany parametr 1064: u\u017cywany do usuwania tatua\u017cy i oczyszczania brwi <\/span><\/p>\n<p><span style=\"font-family: helvetica, arial, sans-serif; font-size: 14pt;\">5. 1320: obr\u00f3bka du\u017cego obszaru, du\u017ce miejsce, szybko\u015b\u0107 obr\u00f3bki i dobry efekt<\/span><\/p>\n<div><\/div>\n<\/div>\n<\/div>\n<\/div>\n<\/div>\n<\/div>\n<\/div>\n<\/div>\n<div class=\"J_module\">\n<div class=\"icbu-pc-images magic-0\">\n<div>\n<div class=\"flex-layout-v\">\n<div class=\"flex-layout-h magic-0\">\n<div class=\"magic-23\"><span style=\"color: #000000; font-family: helvetica, arial, sans-serif; font-size: 14pt;\"><img loading=\"lazy\" decoding=\"async\" class=\"magic-24 aligncenter\" src=\"https:\/\/sc04.alicdn.com\/kf\/Hec55127115274ca6aaacae52ebf9154fz\/201077653\/Hec55127115274ca6aaacae52ebf9154fz.jpg\" width=\"1587\" height=\"560\" data-src=\"\/\/sc04.alicdn.com\/kf\/Hec55127115274ca6aaacae52ebf9154fz\/201077653\/Hec55127115274ca6aaacae52ebf9154fz.jpg\" \/><\/span><\/div>\n<\/div>\n<\/div>\n<\/div>\n<\/div>\n<\/div>\n<div class=\"J_module\">\n<div class=\"detail-decorate-json-renderer-container\">\n<div class=\"magic-3\">\n<div class=\"magic-4\">\n<div class=\"magic-5\">\n<div class=\"magic-6\">\n<p>&nbsp;<\/p>\n<p><span class=\"magic-8\" style=\"color: #000000; font-family: helvetica, arial, sans-serif; font-size: 14pt;\"><b>Maksymalna energia, najlepszy efekt <\/b><\/span><\/p>\n<div><span class=\"magic-8\" style=\"color: #000000; font-family: helvetica, arial, sans-serif; font-size: 14pt;\">1. Dane laboratoryjne pokazuj\u0105, \u017ce pr\u0119t laserowy osi\u0105ga 2000mj. <\/span><\/div>\n<div><span class=\"magic-8\" style=\"color: #000000; font-family: helvetica, arial, sans-serif; font-size: 14pt;\">2. Dok\u0142adne obliczenie warto\u015bci lasera <\/span><\/div>\n<div><span class=\"magic-8\" style=\"color: #000000; font-family: helvetica, arial, sans-serif; font-size: 14pt;\">3. Odleg\u0142o\u015b\u0107 celowania \u015bwiat\u0142a wska\u017anika wynosi 6-10 cm<\/span><\/div>\n<div><\/div>\n<\/div>\n<\/div>\n<\/div>\n<\/div>\n<\/div>\n<\/div>\n<div class=\"J_module\">\n<div class=\"icbu-pc-images magic-0\">\n<div>\n<div class=\"flex-layout-v\">\n<div class=\"flex-layout-h magic-0\">\n<div class=\"magic-11\"><span style=\"color: #000000; font-family: helvetica, arial, sans-serif; font-size: 14pt;\"><img loading=\"lazy\" decoding=\"async\" class=\"magic-12 aligncenter\" src=\"https:\/\/sc04.alicdn.com\/kf\/H2d1d4dbf954d4b40a3c6d6d3765d48c83\/201077653\/H2d1d4dbf954d4b40a3c6d6d3765d48c83.jpg\" width=\"1557\" height=\"916\" data-src=\"\/\/sc04.alicdn.com\/kf\/H2d1d4dbf954d4b40a3c6d6d3765d48c83\/201077653\/H2d1d4dbf954d4b40a3c6d6d3765d48c83.jpg\" \/><\/span><\/div>\n<div><span style=\"color: #000000; font-family: helvetica, arial, sans-serif; font-size: 14pt;\">Importowany kamienny mechanizm kasetowy Q-switch, ca\u0142y sta\u0142y laser, bez zast\u0105pienia Q-switch.<\/span><\/div>\n<\/div>\n<\/div>\n<\/div>\n<\/div>\n<\/div>\n<div class=\"J_module\">\n<div class=\"detail-decorate-json-renderer-container\">\n<div class=\"magic-3\">\n<div class=\"magic-4\">\n<div class=\"magic-5\">\n<div class=\"magic-6\">\n<div><span class=\"magic-8\" style=\"color: #000000; font-family: helvetica, arial, sans-serif; font-size: 14pt;\"><b>Usuwanie tatua\u017cu. Usu\u0144 czarne, niebieskie, br\u0105zowe i czerwone pigmenty tatua\u017cu na brwi, linii oczu, linii ust i innych cz\u0119\u015bciach cia\u0142a Usu\u0144 znak urodzenia, otas nevus i plamk\u0119 sk\u00f3rn\u0105 Natychmiastowe wybuchowanie wysokiej technologii laserowej, mi\u0119dzynarodowy standard produkcji, \u015bci\u015ble testowane techniczne.<\/b> Rozwi\u0105zanie problem\u00f3w ze sk\u00f3r\u0105.<\/span><\/div>\n<div><\/div>\n<\/div>\n<\/div>\n<\/div>\n<\/div>\n<\/div>\n<\/div>\n<div class=\"J_module\">\n<div class=\"icbu-pc-images magic-0\">\n<div>\n<div class=\"flex-layout-v\">\n<div class=\"flex-layout-h magic-0\">\n<div class=\"magic-25\"><span style=\"color: #000000; font-family: helvetica, arial, sans-serif; font-size: 14pt;\"><img loading=\"lazy\" decoding=\"async\" class=\"magic-26 aligncenter\" src=\"https:\/\/sc04.alicdn.com\/kf\/HTB19sJsXIfrK1RjSszcq6xGGFXaR\/201077653\/HTB19sJsXIfrK1RjSszcq6xGGFXaR.jpg\" width=\"1557\" height=\"809\" data-src=\"\/\/sc04.alicdn.com\/kf\/HTB19sJsXIfrK1RjSszcq6xGGFXaR\/201077653\/HTB19sJsXIfrK1RjSszcq6xGGFXaR.jpg\" \/><\/span><\/div>\n<\/div>\n<\/div>\n<\/div>\n<\/div>\n<\/div>\n<div class=\"J_module\">\n<div id=\"ali-anchor-AliMagic-iv9uij\" class=\"magic-10\" data-section=\"AliMagic-iv9uij\" data-section-title=\"Screen Display\"><\/div>\n<\/div>\n<div class=\"J_module\">\n<div class=\"icbu-pc-images magic-0\">\n<div>\n<div class=\"flex-layout-v\">\n<div class=\"flex-layout-h magic-0\">\n<div class=\"magic-34\"><span style=\"color: #000000; font-family: helvetica, arial, sans-serif; font-size: 14pt;\"><img loading=\"lazy\" decoding=\"async\" class=\"magic-35 aligncenter\" src=\"https:\/\/sc04.alicdn.com\/kf\/Hbc837a1d73274b2cba11b04c00e271abd\/201077653\/Hbc837a1d73274b2cba11b04c00e271abd.jpg\" width=\"1589\" height=\"1207\" data-src=\"\/\/sc04.alicdn.com\/kf\/Hbc837a1d73274b2cba11b04c00e271abd\/201077653\/Hbc837a1d73274b2cba11b04c00e271abd.jpg\" data-spm-anchor-id=\"a2700.wholesale.0.i55.5f0f3c62M7tBsi\" \/><\/span><\/div>\n<\/div>\n<\/div>\n<\/div>\n<\/div>\n<\/div>\n<div class=\"J_module\">\n<div class=\"detail-decorate-json-renderer-container\">\n<div class=\"magic-3\">\n<div class=\"magic-4\">\n<div class=\"magic-5\">\n<div class=\"magic-6\" data-spm-anchor-id=\"a2700.wholesale.0.i54.5f0f3c62M7tBsi\"><span class=\"magic-8\" style=\"color: #000000; font-family: helvetica, arial, sans-serif; font-size: 14pt;\">&#8211; 10 calowy prawdziwy kolor du\u017cy ekran dotykowy<br \/>\n&#8211; Drukuj dowolny kolor. Wydrukuj sw\u00f3j<b> logo<\/b> na maszynie.<br \/>\n&#8211; Dodaj dowolny <b>j\u0119zyk<\/b> do systemu maszynowego.<br \/>\n&#8211; Design ekskluzywny <b>pow\u0142oka maszyny <\/b>dla Ciebie, tworzy\u0107 w\u0142asn\u0105 mark\u0119 na rynku.<br \/>\n&#8211; Nowy projekt <b>interfejs i system<\/b> maszyny, sprawiaj\u0105, \u017ce jest to najbardziej wygodne dla Ciebie i Twoich klient\u00f3w.<\/span><\/div>\n<\/div>\n<\/div>\n<\/div>\n<\/div>\n<\/div>\n<div data-spm-anchor-id=\"a2700.wholesale.0.i54.5f0f3c62M7tBsi\"><\/div>\n<div data-spm-anchor-id=\"a2700.wholesale.0.i54.5f0f3c62M7tBsi\"><\/div>\n<div data-spm-anchor-id=\"a2700.wholesale.0.i54.5f0f3c62M7tBsi\"><span style=\"font-size: 14pt;\"><em><strong><span style=\"font-family: helvetica, arial, sans-serif;\"><span class=\"src\" data-group=\"0-0\">18 lat profesjonalnej produkcji kosmetyki w r\u00f3\u017cnych funkcjach.<\/span><span class=\"src\" data-group=\"0-1\"> Us\u0142ugi szkoleniowe indywidualne. Skontaktuj si\u0119 z nami teraz!<\/span><\/span><\/strong><\/em><\/span><\/div>\n<div data-spm-anchor-id=\"a2700.wholesale.0.i54.5f0f3c62M7tBsi\"><\/div>\n<div data-spm-anchor-id=\"a2700.wholesale.0.i54.5f0f3c62M7tBsi\"><\/div>","protected":false},"excerpt":{"rendered":"<p><span style=\"font-family: helvetica, arial, sans-serif;\">* Najnowszy przeno\u015bny laser pikosekundowy, opr\u00f3cz normalnych g\u0142owic laserowych, dodaje r\u00f3wnie\u017c g\u0142owice laserowe pikosekundowe 755 nm, kt\u00f3re mog\u0105 uzyska\u0107 g\u0142\u0119bsz\u0105 warstw\u0119 sk\u00f3ry i bardzo dobrze dzia\u0142a\u0107 na wszystkie rodzaje pieg: takie jak chloazma, pigment wiekowy itp.<\/span><\/p>\n<p><span style=\"font-family: helvetica, arial, sans-serif;\">* 1064nm, g\u0142owa 532nm mo\u017ce wykonywa\u0107 usuwanie tatua\u017cu, usuwanie linii oczu itp.<\/span><\/p>\n<p><span style=\"font-family: helvetica, arial, sans-serif;\">* 1320nm mo\u017ce zrobi\u0107 bialenie sk\u00f3ry czarnej lalki.<\/span><\/p>\n<p><span style=\"font-family: helvetica, arial, sans-serif;\">* Brak uszkodze\u0144 sk\u00f3ry i mieszk\u00f3w w\u0142osowych; brak ryzyka blizn. Bezbolesne leczenie, niewiele skutk\u00f3w ubocznych.<\/span><\/p>\n<p><span style=\"font-family: helvetica, arial, sans-serif;\">*<span class=\"src\" data-group=\"0-0\">15 lat profesjonalnej produkcji kosmetyki w r\u00f3\u017cnych funkcjach.<\/span><span class=\"src\" data-group=\"0-1\"> Us\u0142ugi szkoleniowe indywidualne.<\/span><\/span><\/p>","protected":false},"featured_media":2185,"comment_status":"open","ping_status":"closed","template":"","meta":[],"product_cat":[24],"product_tag":[],"class_list":["post-2163","product","type-product","status-publish","has-post-thumbnail","hentry","product_cat-nd-yag-laser"],"_links":{"self":[{"href":"https:\/\/www.mlkjlasers.com\/pl\/wp-json\/wp\/v2\/product\/2163","targetHints":{"allow":["GET"]}}],"collection":[{"href":"https:\/\/www.mlkjlasers.com\/pl\/wp-json\/wp\/v2\/product"}],"about":[{"href":"https:\/\/www.mlkjlasers.com\/pl\/wp-json\/wp\/v2\/types\/product"}],"replies":[{"embeddable":true,"href":"https:\/\/www.mlkjlasers.com\/pl\/wp-json\/wp\/v2\/comments?post=2163"}],"wp:featuredmedia":[{"embeddable":true,"href":"https:\/\/www.mlkjlasers.com\/pl\/wp-json\/wp\/v2\/media\/2185"}],"wp:attachment":[{"href":"https:\/\/www.mlkjlasers.com\/pl\/wp-json\/wp\/v2\/media?parent=2163"}],"wp:term":[{"taxonomy":"product_cat","embeddable":true,"href":"https:\/\/www.mlkjlasers.com\/pl\/wp-json\/wp\/v2\/product_cat?post=2163"},{"taxonomy":"product_tag","embeddable":true,"href":"https:\/\/www.mlkjlasers.com\/pl\/wp-json\/wp\/v2\/product_tag?post=2163"}],"curies":[{"name":"wp","href":"https:\/\/api.w.org\/{rel}","templated":true}]}}