{"id":2334,"date":"2023-08-28T09:23:34","date_gmt":"2023-08-28T01:23:34","guid":{"rendered":"https:\/\/mlkjlasers.com\/?post_type=product&#038;p=2334"},"modified":"2026-01-27T15:14:58","modified_gmt":"2026-01-27T07:14:58","slug":"new-technology-fat-removal-ems-body-tightening-machines-lose-weight-machine-sculpting-ems-body-device-stimulator","status":"publish","type":"product","link":"https:\/\/www.mlkjlasers.com\/pl\/product\/new-technology-fat-removal-ems-body-tightening-machines-lose-weight-machine-sculpting-ems-body-device-stimulator\/","title":{"rendered":"Przeno\u015bna utrata wagi 4 uchwyty 16 Tesla Muscle Building Stimulator Maszyna do rze\u017abienia t\u0142uszczu"},"content":{"rendered":"<div class=\"J_module\">\n<div class=\"icbu-pc-images magic-0\">\n<div>\n<div class=\"flex-layout-v\">\n<div class=\"flex-layout-h magic-0\">\n<div class=\"magic-1\"><span style=\"color: #000000; font-size: 14pt; font-family: helvetica, arial, sans-serif;\"><img fetchpriority=\"high\" decoding=\"async\" class=\"size-full wp-image-3747\" src=\"https:\/\/www.mlkjlasers.com\/wp-content\/uploads\/2026\/01\/\u4fbf\u643a\u56db-7.jpg\" alt=\"\" width=\"1920\" height=\"1080\" srcset=\"https:\/\/www.mlkjlasers.com\/wp-content\/uploads\/2026\/01\/\u4fbf\u643a\u56db-7.jpg 1920w, https:\/\/www.mlkjlasers.com\/wp-content\/uploads\/2026\/01\/\u4fbf\u643a\u56db-7-300x169.jpg 300w, https:\/\/www.mlkjlasers.com\/wp-content\/uploads\/2026\/01\/\u4fbf\u643a\u56db-7-1024x576.jpg 1024w, https:\/\/www.mlkjlasers.com\/wp-content\/uploads\/2026\/01\/\u4fbf\u643a\u56db-7-768x432.jpg 768w, https:\/\/www.mlkjlasers.com\/wp-content\/uploads\/2026\/01\/\u4fbf\u643a\u56db-7-1536x864.jpg 1536w, https:\/\/www.mlkjlasers.com\/wp-content\/uploads\/2026\/01\/\u4fbf\u643a\u56db-7-18x10.jpg 18w, https:\/\/www.mlkjlasers.com\/wp-content\/uploads\/2026\/01\/\u4fbf\u643a\u56db-7-600x338.jpg 600w\" sizes=\"(max-width: 1920px) 100vw, 1920px\" \/><\/span><\/div>\n<\/div>\n<\/div>\n<\/div>\n<\/div>\n<\/div>\n<div class=\"J_module\">\n<div class=\"detail-decorate-json-renderer-container\">\n<div class=\"magic-3\">\n<div class=\"magic-4\">\n<div class=\"magic-5\">\n<div class=\"magic-6\">\n<div class=\"magic-7\" style=\"text-align: left;\"><span style=\"font-size: 14pt;\"><b>Budowa\u0107 mi\u0119\u015bnie<\/b><\/span><br \/>\n<span style=\"font-size: 14pt;\">Mi\u0119\u015bnie kurcz\u0105 si\u0119 30 000 razy przy wysokiej cz\u0119stotliwo\u015bci i intensywno\u015bci, co pozwala na trening i zwi\u0119kszenie g\u0119sto\u015bci i obj\u0119to\u015bci mi\u0119\u015bni.<\/span><br \/>\n<span style=\"font-size: 14pt;\"><b>Zmniejszy\u0107 T\u0142uszcz<\/b><\/span><br \/>\n<span style=\"font-size: 14pt;\">Ostateczne skurczenie mi\u0119\u015bni wymaga du\u017cej ilo\u015bci energii, wi\u0119c kom\u00f3rki t\u0142uszczowe obok mi\u0119\u015bni s\u0105 r\u00f3wnie\u017c spo\u017cywane, co prowadzi do naturalnej apoptozy i skutecznej redukcji t\u0142uszczu.<\/span><br \/>\n<span style=\"font-size: 14pt;\"><b>Rze\u017aba mi\u0119\u015bniowa<\/b><\/span><br \/>\n<span style=\"font-size: 14pt;\">\u0106wiczenia mi\u0119\u015bni brzucha i klatki, szkolenie mi\u0119\u015bni brzucha i kszta\u0142towanie linii syreny.<\/span><\/div>\n<div style=\"text-align: left;\"><span style=\"font-size: 14pt;\"><img decoding=\"async\" class=\"aligncenter size-full wp-image-3750\" src=\"https:\/\/www.mlkjlasers.com\/wp-content\/uploads\/2026\/01\/\u4fbf\u643a\u56db-11.jpg\" alt=\"\" width=\"1920\" height=\"1080\" srcset=\"https:\/\/www.mlkjlasers.com\/wp-content\/uploads\/2026\/01\/\u4fbf\u643a\u56db-11.jpg 1920w, https:\/\/www.mlkjlasers.com\/wp-content\/uploads\/2026\/01\/\u4fbf\u643a\u56db-11-300x169.jpg 300w, https:\/\/www.mlkjlasers.com\/wp-content\/uploads\/2026\/01\/\u4fbf\u643a\u56db-11-1024x576.jpg 1024w, https:\/\/www.mlkjlasers.com\/wp-content\/uploads\/2026\/01\/\u4fbf\u643a\u56db-11-768x432.jpg 768w, https:\/\/www.mlkjlasers.com\/wp-content\/uploads\/2026\/01\/\u4fbf\u643a\u56db-11-1536x864.jpg 1536w, https:\/\/www.mlkjlasers.com\/wp-content\/uploads\/2026\/01\/\u4fbf\u643a\u56db-11-18x10.jpg 18w, https:\/\/www.mlkjlasers.com\/wp-content\/uploads\/2026\/01\/\u4fbf\u643a\u56db-11-600x338.jpg 600w\" sizes=\"(max-width: 1920px) 100vw, 1920px\" \/><\/span><\/div>\n<div><\/div>\n<div class=\"magic-7\"><span class=\"magic-8\" style=\"color: #000000; font-size: 14pt; font-family: helvetica, arial, sans-serif;\">Super \u0142atwo schudn\u0105\u0107! <\/span><\/div>\n<div class=\"magic-7\"><span class=\"magic-8\" style=\"color: #000000; font-size: 14pt; font-family: helvetica, arial, sans-serif;\"> Wszystko, czego potrzebujesz, to maszyna do kszta\u0142towania mi\u0119\u015bni RF o wysokiej wytrzyma\u0142o\u015bci<\/span><\/div>\n<\/div>\n<div><span style=\"font-size: 14pt;\"><img decoding=\"async\" class=\"size-full wp-image-3749 alignleft\" src=\"https:\/\/www.mlkjlasers.com\/wp-content\/uploads\/2026\/01\/\u4fbf\u643a\u56db-10.jpg\" alt=\"\" width=\"1920\" height=\"1080\" srcset=\"https:\/\/www.mlkjlasers.com\/wp-content\/uploads\/2026\/01\/\u4fbf\u643a\u56db-10.jpg 1920w, https:\/\/www.mlkjlasers.com\/wp-content\/uploads\/2026\/01\/\u4fbf\u643a\u56db-10-300x169.jpg 300w, https:\/\/www.mlkjlasers.com\/wp-content\/uploads\/2026\/01\/\u4fbf\u643a\u56db-10-1024x576.jpg 1024w, https:\/\/www.mlkjlasers.com\/wp-content\/uploads\/2026\/01\/\u4fbf\u643a\u56db-10-768x432.jpg 768w, https:\/\/www.mlkjlasers.com\/wp-content\/uploads\/2026\/01\/\u4fbf\u643a\u56db-10-1536x864.jpg 1536w, https:\/\/www.mlkjlasers.com\/wp-content\/uploads\/2026\/01\/\u4fbf\u643a\u56db-10-18x10.jpg 18w, https:\/\/www.mlkjlasers.com\/wp-content\/uploads\/2026\/01\/\u4fbf\u643a\u56db-10-600x338.jpg 600w\" sizes=\"(max-width: 1920px) 100vw, 1920px\" \/><\/span><\/div>\n<\/div>\n<\/div>\n<\/div>\n<\/div>\n<\/div>\n<div class=\"J_module\">\n<div class=\"icbu-pc-images magic-0\">\n<div>\n<div class=\"flex-layout-v\">\n<div class=\"flex-layout-h magic-0\">\n<div class=\"magic-9\"><span style=\"font-size: 14pt;\"><b style=\"color: #000000; font-family: helvetica, arial, sans-serif;\">Jak dzia\u0142a ta maszyna?<\/b><\/span><\/div>\n<\/div>\n<\/div>\n<\/div>\n<\/div>\n<\/div>\n<div class=\"J_module\">\n<div class=\"detail-decorate-json-renderer-container\">\n<div class=\"magic-3\">\n<div class=\"magic-4\">\n<div class=\"magic-5\">\n<div class=\"magic-6\" style=\"text-align: left;\"><span class=\"magic-11\" style=\"color: #000000; font-size: 14pt; font-family: helvetica, arial, sans-serif;\">Przyjmuje wysok\u0105 intensywno\u015b\u0107 pulsowanego elektromagnetycznego do budowy mi\u0119\u015bni i ton\u00f3w dla brzucha, ramion, n\u00f3g i ty\u0142ek.<br \/>\n<\/span><\/div>\n<div style=\"text-align: left;\"><span style=\"font-size: 14pt;\">W codziennej pracy, gdy uchwyt dzia\u0142a na r\u00f3\u017cne cz\u0119\u015bci r\u00f3\u017cnych klient\u00f3w, wymagane s\u0105 r\u00f3\u017cne parametry. Ka\u017cdy uchwyt mo\u017ce niezale\u017cnie dostosowywa\u0107 parametry, doskonale spe\u0142niaj\u0105c r\u00f3\u017cne wymagania energetyczne r\u00f3\u017cnych cz\u0119\u015bci, gdy uchwyty pracuj\u0105 w tym samym czasie.<\/span><\/div>\n<div><span style=\"font-size: 14pt;\"><img loading=\"lazy\" decoding=\"async\" class=\"aligncenter size-full wp-image-3751\" src=\"https:\/\/www.mlkjlasers.com\/wp-content\/uploads\/2026\/01\/\u4fbf\u643a\u56db-12.jpg\" alt=\"\" width=\"1920\" height=\"1080\" srcset=\"https:\/\/www.mlkjlasers.com\/wp-content\/uploads\/2026\/01\/\u4fbf\u643a\u56db-12.jpg 1920w, https:\/\/www.mlkjlasers.com\/wp-content\/uploads\/2026\/01\/\u4fbf\u643a\u56db-12-300x169.jpg 300w, https:\/\/www.mlkjlasers.com\/wp-content\/uploads\/2026\/01\/\u4fbf\u643a\u56db-12-1024x576.jpg 1024w, https:\/\/www.mlkjlasers.com\/wp-content\/uploads\/2026\/01\/\u4fbf\u643a\u56db-12-768x432.jpg 768w, https:\/\/www.mlkjlasers.com\/wp-content\/uploads\/2026\/01\/\u4fbf\u643a\u56db-12-1536x864.jpg 1536w, https:\/\/www.mlkjlasers.com\/wp-content\/uploads\/2026\/01\/\u4fbf\u643a\u56db-12-18x10.jpg 18w, https:\/\/www.mlkjlasers.com\/wp-content\/uploads\/2026\/01\/\u4fbf\u643a\u56db-12-600x338.jpg 600w\" sizes=\"(max-width: 1920px) 100vw, 1920px\" \/><\/span><\/div>\n<\/div>\n<div style=\"text-align: left;\"><span style=\"font-size: 14pt;\">Funkcjonalno\u015b\u0107 wielotrybowa &#8211; R\u00f3\u017cne poziomy intensywno\u015bci do indywidualnego leczenia.<\/span><br \/>\n<span style=\"font-size: 14pt;\">Szybkie &amp; Widzialne wyniki &#8211; Poczu\u0107 r\u00f3\u017cnic\u0119 w zaledwie kilku sesjach.<\/span><br \/>\n<span style=\"font-size: 14pt;\">Bezpieczne &amp; Nieinwazyjne &#8211; Bez operacji, bez przestoj\u00f3w, bez b\u00f3lu.<\/span><br \/>\n<span style=\"font-size: 14pt;\">U\u017cywanie ca\u0142ego cia\u0142a &#8211; Dzia\u0142a na mi\u0119\u015bniach brzusznych, ramionach, udach, po\u015bladkach i innych.<\/span><br \/>\n<span style=\"font-size: 14pt;\">Przeno\u015bne &amp; \u0141atwe w u\u017cyciu &#8211; Idealny do salon\u00f3w, klinik lub u\u017cytku domowego.<\/span><\/div>\n<div><span style=\"font-size: 14pt;\"><img loading=\"lazy\" decoding=\"async\" class=\"aligncenter size-full wp-image-3753\" src=\"https:\/\/www.mlkjlasers.com\/wp-content\/uploads\/2026\/01\/\u4fbf\u643a\u56db-14.jpg\" alt=\"\" width=\"1920\" height=\"1080\" srcset=\"https:\/\/www.mlkjlasers.com\/wp-content\/uploads\/2026\/01\/\u4fbf\u643a\u56db-14.jpg 1920w, https:\/\/www.mlkjlasers.com\/wp-content\/uploads\/2026\/01\/\u4fbf\u643a\u56db-14-300x169.jpg 300w, https:\/\/www.mlkjlasers.com\/wp-content\/uploads\/2026\/01\/\u4fbf\u643a\u56db-14-1024x576.jpg 1024w, https:\/\/www.mlkjlasers.com\/wp-content\/uploads\/2026\/01\/\u4fbf\u643a\u56db-14-768x432.jpg 768w, https:\/\/www.mlkjlasers.com\/wp-content\/uploads\/2026\/01\/\u4fbf\u643a\u56db-14-1536x864.jpg 1536w, https:\/\/www.mlkjlasers.com\/wp-content\/uploads\/2026\/01\/\u4fbf\u643a\u56db-14-18x10.jpg 18w, https:\/\/www.mlkjlasers.com\/wp-content\/uploads\/2026\/01\/\u4fbf\u643a\u56db-14-600x338.jpg 600w\" sizes=\"(max-width: 1920px) 100vw, 1920px\" \/><\/span><\/div>\n<div>\n<article class=\"4ever-article\"><strong><span style=\"font-size: 14pt;\" data-type=\"text\">Punkty sprzeda\u017cy 4-uchwytu magnetycznego urz\u0105dzenia odchudzaj\u0105cego<\/span><\/strong><\/article>\n<article class=\"4ever-article\"><span style=\"font-size: 14pt;\">1. Cztery uchwyty pracuj\u0105ce jednocze\u015bnie - podw\u00f3jna wydajno\u015b\u0107 Traktuj kilka obszar\u00f3w naraz (np. brzuch, uda, ramiona, po\u015bladki). Oszcz\u0119d\u017a czas na sesj\u0119 i popraw obrotu klient\u00f3w \u2013 idealny dla zaj\u0119tych klinik.<\/span><\/article>\n<article><\/article>\n<article class=\"4ever-article\"><span style=\"font-size: 14pt;\">2. Niezale\u017cna kontrola - dostosowane do potrzeb zabiegi Ka\u017cda uchwyt dzia\u0142a niezale\u017cnie z regulowalnymi ustawieniami intensywno\u015bci i trybu. Dostosowane do r\u00f3\u017cnych obszar\u00f3w cia\u0142a i cel\u00f3w - redukcja t\u0142uszczu, tonizacja lub budowa mi\u0119\u015bni.<\/span><\/article>\n<article><\/article>\n<article class=\"4ever-article\"><span style=\"font-size: 14pt;\">3. Kontur ca\u0142ego cia\u0142a - jedno urz\u0105dzenie, ca\u0142kowite rozwi\u0105zanie obejmuje brzuch, ramiona, uda, po\u015bladki i wiele innych. Oferuje kompletne rozwi\u0105zanie rze\u017abiarskie w celu zwi\u0119kszenia satysfakcji i utrzymania klienta.<\/span><\/article>\n<article><\/article>\n<article class=\"4ever-article\"><span style=\"font-size: 14pt;\">4.Efektywny &amp; amp; Jedna sesja skierowana jest do wielu stref - mniej wysi\u0142ku r\u0119cznego, wi\u0119cej automatyzacji. Zwi\u0119ksza wydajno\u015b\u0107 personelu i zmniejsza koszty operacyjne.<\/span><\/article>\n<article><\/article>\n<article class=\"4ever-article\"><span style=\"font-size: 14pt;\">5.Dual-Person Use - Maksymalizuj przychody Dw\u00f3ch klient\u00f3w mo\u017cna traktowa\u0107 jednocze\u015bnie. Idealny na godziny szczytu, pakiety promocyjne lub zabiegi dla par \/ grup.<\/span><\/article>\n<article><\/article>\n<article class=\"4ever-article\"><span style=\"font-size: 14pt;\">6. High-Tech Appeal - Premium Customer Experience Elegancki design z efektami LED i kontrolami ekranu dotykowego zwi\u0119ksza postrzegan\u0105 warto\u015b\u0107. Projektuje nowoczesny, profesjonalny wizerunek, kt\u00f3ry podnosi pozycjonowanie marki.<\/span><\/article>\n<\/div>\n<\/div>\n<\/div>\n<\/div>\n<\/div>\n<div class=\"J_module\">\n<div class=\"detail-decorate-json-renderer-container\">\n<div class=\"magic-3\">\n<div class=\"magic-4\">\n<div class=\"magic-5\">\n<div class=\"magic-6\">\n<div class=\"magic-7\"><\/div>\n<\/div>\n<\/div>\n<\/div>\n<\/div>\n<\/div>\n<\/div>\n<div class=\"J_module\">\n<div class=\"icbu-pc-images magic-0\">\n<div class=\"flex-layout-v\">\n<div class=\"flex-layout-h magic-0\">\n<div class=\"magic-23\"><\/div>\n<\/div>\n<\/div>\n<\/div>\n<\/div>\n<div class=\"J_module\">\n<div class=\"icbu-pc-images magic-0\">\n<div>\n<div class=\"flex-layout-v\">\n<div class=\"flex-layout-h magic-0\">\n<div class=\"magic-24\"><\/div>\n<\/div>\n<\/div>\n<\/div>\n<\/div>\n<\/div>\n<div class=\"J_module\">\n<div class=\"detail-decorate-json-renderer-container\">\n<div class=\"magic-3\">\n<div class=\"magic-4\">\n<div class=\"magic-5\">\n<div class=\"magic-6\">\n<div class=\"magic-7\">\n<div><span style=\"font-size: 14pt;\"><img loading=\"lazy\" decoding=\"async\" class=\"aligncenter size-full wp-image-3752\" src=\"https:\/\/www.mlkjlasers.com\/wp-content\/uploads\/2026\/01\/\u4fbf\u643a\u56db-13.jpg\" alt=\"\" width=\"1920\" height=\"1080\" srcset=\"https:\/\/www.mlkjlasers.com\/wp-content\/uploads\/2026\/01\/\u4fbf\u643a\u56db-13.jpg 1920w, https:\/\/www.mlkjlasers.com\/wp-content\/uploads\/2026\/01\/\u4fbf\u643a\u56db-13-300x169.jpg 300w, https:\/\/www.mlkjlasers.com\/wp-content\/uploads\/2026\/01\/\u4fbf\u643a\u56db-13-1024x576.jpg 1024w, https:\/\/www.mlkjlasers.com\/wp-content\/uploads\/2026\/01\/\u4fbf\u643a\u56db-13-768x432.jpg 768w, https:\/\/www.mlkjlasers.com\/wp-content\/uploads\/2026\/01\/\u4fbf\u643a\u56db-13-1536x864.jpg 1536w, https:\/\/www.mlkjlasers.com\/wp-content\/uploads\/2026\/01\/\u4fbf\u643a\u56db-13-18x10.jpg 18w, https:\/\/www.mlkjlasers.com\/wp-content\/uploads\/2026\/01\/\u4fbf\u643a\u56db-13-600x338.jpg 600w\" sizes=\"(max-width: 1920px) 100vw, 1920px\" \/><\/span><\/div>\n<div class=\"magic-7\"><\/div>\n<div style=\"text-align: left;\"><span style=\"font-size: 14pt;\"><b style=\"color: #000000; font-family: helvetica, arial, sans-serif; text-align: left;\">usuwanie t\u0142uszczu<\/b><\/span><\/div>\n<\/div>\n<\/div>\n<\/div>\n<\/div>\n<\/div>\n<\/div>\n<\/div>\n<div class=\"J_module\">\n<div class=\"detail-decorate-json-renderer-container\">\n<div class=\"magic-3\">\n<div class=\"magic-4\">\n<div class=\"magic-5\">\n<div class=\"magic-6\" style=\"text-align: left;\"><span style=\"color: #000000; font-size: 14pt; font-family: helvetica, arial, sans-serif;\">Budowanie mi\u0119\u015bni poprawia uwalnianie adrenaliny, co przynosi oczywisty efekt, kt\u00f3ry prowadzi do nadmaksymalnej lipolizy w kom\u00f3rkach t\u0142uszczowych.<\/span><\/div>\n<div class=\"magic-6\" style=\"text-align: left;\"><span style=\"color: #000000; font-size: 14pt; font-family: helvetica, arial, sans-serif;\"><b>Cyrkulacja poprawy limfatycznej<\/b><\/span><br \/>\n<span style=\"color: #000000; font-size: 14pt; font-family: helvetica, arial, sans-serif;\">Fale elektromagnetyczne stymuluj\u0105 hemoglobin\u0119, zwi\u0119kszaj\u0105 przep\u0142yw krwi, kr\u0105\u017cenie limfatyczne. Procedura zwi\u0119ksza, \u017ce martwe kom\u00f3rki t\u0142uszczowe s\u0105 eliminowane w spos\u00f3b naturalny.<\/span><\/div>\n<div class=\"magic-6\" style=\"text-align: left;\"><span style=\"color: #000000; font-size: 14pt; font-family: helvetica, arial, sans-serif;\"><b>Wysoka intensywno\u015b\u0107<\/b><\/span><br \/>\n<span style=\"color: #000000; font-size: 14pt; font-family: helvetica, arial, sans-serif;\">Tesla oparta jest na wysokiej intensywno\u015bci energii magnetycznej, kt\u00f3ra mo\u017ce pokry\u0107 du\u017ce mi\u0119\u015bnie szkieletowe ludzkiego cia\u0142a, a ten wysoki poziom energii pozwala na reakcj\u0119 mi\u0119\u015bniow\u0105 dzi\u0119ki g\u0142\u0119bokiej przebudowie jego wewn\u0119trznej struktury.<\/span><\/div>\n<\/div>\n<\/div>\n<\/div>\n<\/div>\n<\/div>\n<div class=\"J_module\">\n<div class=\"detail-decorate-json-renderer-container\">\n<div class=\"magic-3\">\n<div class=\"magic-4\">\n<div class=\"magic-5\">\n<div class=\"magic-6\"><span style=\"font-size: 14pt;\"><img loading=\"lazy\" decoding=\"async\" class=\"aligncenter size-full wp-image-3748\" src=\"https:\/\/www.mlkjlasers.com\/wp-content\/uploads\/2026\/01\/\u4fbf\u643a\u56db-8.jpg\" alt=\"\" width=\"1920\" height=\"1080\" srcset=\"https:\/\/www.mlkjlasers.com\/wp-content\/uploads\/2026\/01\/\u4fbf\u643a\u56db-8.jpg 1920w, https:\/\/www.mlkjlasers.com\/wp-content\/uploads\/2026\/01\/\u4fbf\u643a\u56db-8-300x169.jpg 300w, https:\/\/www.mlkjlasers.com\/wp-content\/uploads\/2026\/01\/\u4fbf\u643a\u56db-8-1024x576.jpg 1024w, https:\/\/www.mlkjlasers.com\/wp-content\/uploads\/2026\/01\/\u4fbf\u643a\u56db-8-768x432.jpg 768w, https:\/\/www.mlkjlasers.com\/wp-content\/uploads\/2026\/01\/\u4fbf\u643a\u56db-8-1536x864.jpg 1536w, https:\/\/www.mlkjlasers.com\/wp-content\/uploads\/2026\/01\/\u4fbf\u643a\u56db-8-18x10.jpg 18w, https:\/\/www.mlkjlasers.com\/wp-content\/uploads\/2026\/01\/\u4fbf\u643a\u56db-8-600x338.jpg 600w\" sizes=\"(max-width: 1920px) 100vw, 1920px\" \/><\/span><\/div>\n<div><span style=\"font-size: 14pt;\"><b class=\"magic-19\" style=\"color: #000000; font-family: helvetica, arial, sans-serif;\"><span class=\"magic-11\"><span class=\"magic-20\">Ekran HD 14K, parametry systemu m\u0119skiego i kobiecego ustawione z g\u00f3ry bardziej wygodne<\/span><\/span><\/b><\/span><\/div>\n<\/div>\n<\/div>\n<\/div>\n<\/div>\n<\/div>\n<div class=\"J_module\">\n<div id=\"ali-anchor-AliMagic-3dz5fi\" class=\"magic-15\" data-section=\"AliMagic-3dz5fi\" data-section-title=\"Packing &amp; Delivery\">\n<div class=\"magic-7\"><span style=\"color: #000000; font-size: 14pt; font-family: helvetica, arial, sans-serif;\"><b class=\"magic-19\"><span class=\"magic-11\"><span class=\"magic-20\">Innowacyjny projekt start jednym klikni\u0119ciem<\/span><\/span><\/b><\/span><\/div>\n<div><img loading=\"lazy\" decoding=\"async\" class=\"aligncenter size-full wp-image-3735\" src=\"https:\/\/www.mlkjlasers.com\/wp-content\/uploads\/2026\/01\/\u4fbf\u643a\u53cc-7.jpg\" alt=\"\" width=\"1920\" height=\"1080\" srcset=\"https:\/\/www.mlkjlasers.com\/wp-content\/uploads\/2026\/01\/\u4fbf\u643a\u53cc-7.jpg 1920w, https:\/\/www.mlkjlasers.com\/wp-content\/uploads\/2026\/01\/\u4fbf\u643a\u53cc-7-300x169.jpg 300w, https:\/\/www.mlkjlasers.com\/wp-content\/uploads\/2026\/01\/\u4fbf\u643a\u53cc-7-1024x576.jpg 1024w, https:\/\/www.mlkjlasers.com\/wp-content\/uploads\/2026\/01\/\u4fbf\u643a\u53cc-7-768x432.jpg 768w, https:\/\/www.mlkjlasers.com\/wp-content\/uploads\/2026\/01\/\u4fbf\u643a\u53cc-7-1536x864.jpg 1536w, https:\/\/www.mlkjlasers.com\/wp-content\/uploads\/2026\/01\/\u4fbf\u643a\u53cc-7-18x10.jpg 18w, https:\/\/www.mlkjlasers.com\/wp-content\/uploads\/2026\/01\/\u4fbf\u643a\u53cc-7-600x338.jpg 600w\" sizes=\"(max-width: 1920px) 100vw, 1920px\" \/><\/div>\n<\/div>\n<\/div>\n<div class=\"J_module\">\n<div class=\"icbu-pc-images magic-0\">\n<div>\n<div class=\"flex-layout-v\">\n<div class=\"flex-layout-h magic-0\">\n<div class=\"magic-45\"><\/div>\n<\/div>\n<\/div>\n<\/div>\n<\/div>\n<\/div>\n<div class=\"J_module\">\n<div class=\"detail-decorate-json-renderer-container\">\n<div class=\"magic-3\">\n<div class=\"magic-4\">\n<div class=\"magic-5\">\n<div class=\"magic-6\">\n<p class=\"magic-38\" style=\"text-align: center;\" data-spm-anchor-id=\"a2700.wholesale.0.i46.521e26ba3HtoMY\"><span style=\"font-size: 14pt; color: #000000; font-family: helvetica, arial, sans-serif;\"><b><u>Pakowanie i dostawa<\/u><\/b><br \/>\n<b>Opakowanie:<\/b> Stabilne pude\u0142ko aluminiowe z piank\u0105.<br \/>\n<b>Dostawa:<\/b> 3 dni robocze, za po\u015brednictwem DHL, UPS, TNT, FedEx itp. Us\u0142uga od drzwi do drzwi.<br \/>\nPrzed dostaw\u0105 nasi in\u017cynierowie przetestuj\u0105 wszystkie szczeg\u00f3\u0142y maszyny, upewniaj\u0105c si\u0119, \u017ce nasz klient mo\u017ce uzyska\u0107 od nas najbardziej doskona\u0142\u0105 maszyn\u0119.\u00a0\u00a0<\/span><\/p>\n<\/div>\n<p data-spm-anchor-id=\"a2700.wholesale.0.i46.521e26ba3HtoMY\">\n<\/div>\n<\/div>\n<\/div>\n<\/div>\n<\/div>","protected":false},"excerpt":{"rendered":"<p><span class=\"\" title=\"Ten skrypt zosta\u0142 napisany przez operacyjny numer, Ten skrypt jest ca\u0142kowicie darmowy, dla indywidualnych nauk badawczych do u\u017cytku, zabrania odwrotnej sprzeda\u017cy, zysk\u00f3w i innych zachowa\u0144, naruszaj\u0105cych ego. Publiczny numer: operacyjny numer\">Smulny Beauty Ems stymulator mi\u0119\u015bni<\/span><\/p>\n<p><span class=\"\" title=\"Ten skrypt zosta\u0142 napisany przez operacyjny numer, Ten skrypt jest ca\u0142kowicie darmowy, dla indywidualnych nauk badawczych do u\u017cytku, zabrania odwrotnej sprzeda\u017cy, zysk\u00f3w i innych zachowa\u0144, naruszaj\u0105cych ego. Publiczny numer: operacyjny numer\">Ems kszta\u0142towanie rze\u017abiarska maszyna<\/span><\/p>\n<p><span class=\"\" title=\"Ten skrypt zosta\u0142 napisany przez operacyjny numer, Ten skrypt jest ca\u0142kowicie darmowy, dla indywidualnych nauk badawczych do u\u017cytku, zabrania odwrotnej sprzeda\u017cy, zysk\u00f3w i innych zachowa\u0144, naruszaj\u0105cych ego. Publiczny numer: operacyjny numer\">Ems kszta\u0142towanie rze\u017aby<\/span><\/p>\n<p><span class=\"\" title=\"Ten skrypt zosta\u0142 napisany przez operacyjny numer, Ten skrypt jest ca\u0142kowicie darmowy, dla indywidualnych nauk badawczych do u\u017cytku, zabrania odwrotnej sprzeda\u017cy, zysk\u00f3w i innych zachowa\u0144, naruszaj\u0105cych ego. Publiczny numer: operacyjny numer\">Ems System odchudzania Urz\u0105dzenie Ems<\/span><\/p>\n<p><span class=\"\" title=\"Ten skrypt zosta\u0142 napisany przez operacyjny numer, Ten skrypt jest ca\u0142kowicie darmowy, dla indywidualnych nauk badawczych do u\u017cytku, zabrania odwrotnej sprzeda\u017cy, zysk\u00f3w i innych zachowa\u0144, naruszaj\u0105cych ego. Publiczny numer: operacyjny numer\">Ems kszta\u0142towanie rze\u017aby usuwanie t\u0142uszczu<\/span><\/p>","protected":false},"featured_media":3743,"comment_status":"open","ping_status":"closed","template":"","meta":[],"product_cat":[28],"product_tag":[],"class_list":["post-2334","product","type-product","status-publish","has-post-thumbnail","hentry","product_cat-slimming-machine"],"_links":{"self":[{"href":"https:\/\/www.mlkjlasers.com\/pl\/wp-json\/wp\/v2\/product\/2334","targetHints":{"allow":["GET"]}}],"collection":[{"href":"https:\/\/www.mlkjlasers.com\/pl\/wp-json\/wp\/v2\/product"}],"about":[{"href":"https:\/\/www.mlkjlasers.com\/pl\/wp-json\/wp\/v2\/types\/product"}],"replies":[{"embeddable":true,"href":"https:\/\/www.mlkjlasers.com\/pl\/wp-json\/wp\/v2\/comments?post=2334"}],"wp:featuredmedia":[{"embeddable":true,"href":"https:\/\/www.mlkjlasers.com\/pl\/wp-json\/wp\/v2\/media\/3743"}],"wp:attachment":[{"href":"https:\/\/www.mlkjlasers.com\/pl\/wp-json\/wp\/v2\/media?parent=2334"}],"wp:term":[{"taxonomy":"product_cat","embeddable":true,"href":"https:\/\/www.mlkjlasers.com\/pl\/wp-json\/wp\/v2\/product_cat?post=2334"},{"taxonomy":"product_tag","embeddable":true,"href":"https:\/\/www.mlkjlasers.com\/pl\/wp-json\/wp\/v2\/product_tag?post=2334"}],"curies":[{"name":"wp","href":"https:\/\/api.w.org\/{rel}","templated":true}]}}