{"id":2351,"date":"2023-08-28T13:49:00","date_gmt":"2023-08-28T05:49:00","guid":{"rendered":"https:\/\/mlkjlasers.com\/?post_type=product&#038;p=2351"},"modified":"2026-01-27T16:31:00","modified_gmt":"2026-01-27T08:31:00","slug":"q-switched-nd-yag-picosecond-laser-tattoo-removal-machine","status":"publish","type":"product","link":"https:\/\/www.mlkjlasers.com\/pl\/product\/q-switched-nd-yag-picosecond-laser-tattoo-removal-machine\/","title":{"rendered":"Przeno\u015bna piel\u0119gnacja sk\u00f3ry Q prze\u0142\u0105czona ND YAG laserowa maszyna do usuwania tatua\u017cu do u\u017cytku w Beauty Saon"},"content":{"rendered":"<p><span style=\"font-size: 14pt;\"><img fetchpriority=\"high\" decoding=\"async\" class=\"wp-image-3825 alignleft\" src=\"https:\/\/www.mlkjlasers.com\/wp-content\/uploads\/2026\/01\/ND-LV3\u8be6\u60c5\u9875-1.jpg\" alt=\"\" width=\"1920\" height=\"911\" srcset=\"https:\/\/www.mlkjlasers.com\/wp-content\/uploads\/2026\/01\/ND-LV3\u8be6\u60c5\u9875-1.jpg 750w, https:\/\/www.mlkjlasers.com\/wp-content\/uploads\/2026\/01\/ND-LV3\u8be6\u60c5\u9875-1-300x142.jpg 300w, https:\/\/www.mlkjlasers.com\/wp-content\/uploads\/2026\/01\/ND-LV3\u8be6\u60c5\u9875-1-18x9.jpg 18w, https:\/\/www.mlkjlasers.com\/wp-content\/uploads\/2026\/01\/ND-LV3\u8be6\u60c5\u9875-1-600x285.jpg 600w\" sizes=\"(max-width: 1920px) 100vw, 1920px\" \/><span style=\"color: #000000; font-family: helvetica, arial, sans-serif; font-size: 14pt;\">Lasery Nd: YAG do usuwania tatua\u017cu laserowego (Q-Switched Nd: YAG)<\/span><\/span><\/p>\n<div class=\"J_module\" style=\"text-align: left;\">\n<div class=\"detail-decorate-json-renderer-container\">\n<p style=\"text-align: left;\"><span style=\"font-family: helvetica, arial, sans-serif; color: #000000; font-size: 14pt;\">Laser Nd: YAG Q-switched laser, co oznacza, \u017ce produkuje wyj\u0105tkowo kr\u00f3tkie, pot\u0119\u017cne impulsy energii, kt\u00f3re trwaj\u0105 maksymalnie kilka nanosekund. <\/span><\/p>\n<p style=\"text-align: left;\"><span style=\"font-family: helvetica, arial, sans-serif; color: #000000; font-size: 14pt;\">Kr\u00f3tko\u015b\u0107 pulsu jest niezb\u0119dna do usuwania tatua\u017cu, dzi\u0119ki czemu tusz tatua\u017cowy jest rozbity, podczas gdy otaczaj\u0105ca tkanka pozostaje nieszkodzona.<\/span><\/p>\n<p style=\"text-align: left;\"><span style=\"font-family: helvetica, arial, sans-serif; color: #000000; font-size: 14pt;\">Lasery Q-switched Nd: YAG s\u0105 doskona\u0142ym wyborem do usuwania tatua\u017cy, poniewa\u017c produkowana d\u0142ugo\u015b\u0107 fali 1064 nm jest dobrze wch\u0142aniana przez czarne tatua\u017ce i inne kolory tatua\u017cy.<\/span><\/p>\n<p><span style=\"font-size: 14pt;\"><img decoding=\"async\" class=\"aligncenter wp-image-3827\" src=\"https:\/\/www.mlkjlasers.com\/wp-content\/uploads\/2026\/01\/ND-LV3\u8be6\u60c5\u9875-3.jpg\" alt=\"\" width=\"1920\" height=\"1874\" srcset=\"https:\/\/www.mlkjlasers.com\/wp-content\/uploads\/2026\/01\/ND-LV3\u8be6\u60c5\u9875-3.jpg 750w, https:\/\/www.mlkjlasers.com\/wp-content\/uploads\/2026\/01\/ND-LV3\u8be6\u60c5\u9875-3-300x293.jpg 300w, https:\/\/www.mlkjlasers.com\/wp-content\/uploads\/2026\/01\/ND-LV3\u8be6\u60c5\u9875-3-12x12.jpg 12w, https:\/\/www.mlkjlasers.com\/wp-content\/uploads\/2026\/01\/ND-LV3\u8be6\u60c5\u9875-3-600x586.jpg 600w\" sizes=\"(max-width: 1920px) 100vw, 1920px\" \/><\/span><\/p>\n<p style=\"text-align: left;\"><span style=\"font-family: helvetica, arial, sans-serif; color: #000000; font-size: 14pt;\">Kiedy promie\u0144 1064 nm podwaja cz\u0119stotliwo\u015b\u0107, \u015bwiat\u0142o zaczyna porusza\u0107 si\u0119 przy drugiej d\u0142ugo\u015bci fali, 532 nm. <\/span><\/p>\n<p style=\"text-align: left;\"><span style=\"font-family: helvetica, arial, sans-serif; color: #000000; font-size: 14pt;\">D\u0142ugo\u015b\u0107 fali 532 nm jest bardzo skuteczna w czerwonym, r\u00f3\u017cowym, pomara\u0144czowym i innych jasnych kolorach.<\/span><\/p>\n<p style=\"text-align: left;\"><span style=\"font-family: helvetica, arial, sans-serif; color: #000000; font-size: 14pt;\">Razem dwie d\u0142ugo\u015bci fali lasera Nd: YAG mog\u0105 traktowa\u0107 niemal ca\u0142e spektrum kolor\u00f3w tatua\u017cu w celu jako\u015bciowego rozbi\u0119cia i usuwania tuszu <\/span><\/p>\n<p style=\"text-align: left;\"><span style=\"font-family: helvetica, arial, sans-serif; color: #000000; font-size: 14pt;\">\u2013 dlatego Q-switched Nd: YAG lasery s\u0105 narz\u0119dziem wyboru dla wi\u0119kszo\u015bci usuwania tatua\u017cy<\/span><\/p>\n<p><span style=\"font-size: 14pt;\"><img decoding=\"async\" class=\"aligncenter wp-image-3829\" src=\"https:\/\/www.mlkjlasers.com\/wp-content\/uploads\/2026\/01\/ND-LV3\u8be6\u60c5\u9875-5.jpg\" alt=\"\" width=\"1920\" height=\"1853\" srcset=\"https:\/\/www.mlkjlasers.com\/wp-content\/uploads\/2026\/01\/ND-LV3\u8be6\u60c5\u9875-5.jpg 750w, https:\/\/www.mlkjlasers.com\/wp-content\/uploads\/2026\/01\/ND-LV3\u8be6\u60c5\u9875-5-300x290.jpg 300w, https:\/\/www.mlkjlasers.com\/wp-content\/uploads\/2026\/01\/ND-LV3\u8be6\u60c5\u9875-5-12x12.jpg 12w, https:\/\/www.mlkjlasers.com\/wp-content\/uploads\/2026\/01\/ND-LV3\u8be6\u60c5\u9875-5-600x579.jpg 600w\" sizes=\"(max-width: 1920px) 100vw, 1920px\" \/><\/span><\/p>\n<p><span style=\"font-size: 14pt;\"><b class=\"magic-7\">Uchwyt: 4 miliony strza\u0142\u00f3w<br \/>\n<\/b>U\u017cywano unikalnej technologii Honeycomb Focused, aby utworzy\u0107 vakuolizacj\u0119 efektu sk\u00f3ry, kt\u00f3ra mo\u017ce chroni\u0107 sk\u00f3r\u0119 przed uszkodzeniami podczas leczenia. Systemy przep\u0142ywu wody i poziomu wody utrzymuj\u0105 cenne komponenty optyczne. zawsze w okre\u015blonym bezpiecznym stanie.<\/span><br \/>\n<span style=\"font-size: 14pt;\">Dost\u0119pne<\/span><br \/>\n<span style=\"font-size: 14pt;\"><b>&#8212; &#8212; 1064 NM<\/b><\/span><br \/>\n<span style=\"font-size: 14pt;\">Usuwanie pigmentu, usuwanie ciemnej bromy, usuwanie czarnego tatua\u017cu.<\/span><br \/>\n<span style=\"font-size: 14pt;\"><b>&#8212; &#8212; 755 NM<br \/>\n<\/b>Profesjonalny do usuwania pigmentu, twarzy speckleremoval.<\/span><br \/>\n<span style=\"font-size: 14pt;\"><b>&#8212; &#8212; 1320 NM<br \/>\n<\/b>Czarna lalka twarzy, odm\u0142odzenie sk\u00f3ry, kurczenie por\u00f3w.<\/span><br \/>\n<span style=\"font-size: 14pt;\"><b>&#8212; &#8212; 532 NM<br \/>\n<\/b>Usuwanie pigmentu, czerwony jasno br\u0105zowy zielony usuwanie tatua\u017cu.<\/span><\/p>\n<p><span style=\"font-size: 14pt;\"><img loading=\"lazy\" decoding=\"async\" class=\"aligncenter wp-image-3830\" src=\"https:\/\/www.mlkjlasers.com\/wp-content\/uploads\/2026\/01\/ND-LV3\u8be6\u60c5\u9875-6.jpg\" alt=\"\" width=\"1920\" height=\"1341\" srcset=\"https:\/\/www.mlkjlasers.com\/wp-content\/uploads\/2026\/01\/ND-LV3\u8be6\u60c5\u9875-6.jpg 750w, https:\/\/www.mlkjlasers.com\/wp-content\/uploads\/2026\/01\/ND-LV3\u8be6\u60c5\u9875-6-300x210.jpg 300w, https:\/\/www.mlkjlasers.com\/wp-content\/uploads\/2026\/01\/ND-LV3\u8be6\u60c5\u9875-6-18x12.jpg 18w, https:\/\/www.mlkjlasers.com\/wp-content\/uploads\/2026\/01\/ND-LV3\u8be6\u60c5\u9875-6-600x419.jpg 600w\" sizes=\"(max-width: 1920px) 100vw, 1920px\" \/><span style=\"font-family: helvetica, arial, sans-serif; color: #000000;\"><span class=\"magic-9\">1. Ci\u0105g\u0142y, super impuls, r\u00f3\u017cne tryby pracy u\u0142amkowe.<br \/>\n2. \u015arednica i odst\u0119p od miejsca ogniskowego s\u0105 regulowane.<br \/>\n3. Najlepsza rurka laserowa RF USA, stabilna wydajno\u015b\u0107, wysoka skuteczno\u015b\u0107.<\/span><\/span><\/span><\/p>\n<p><span style=\"font-family: helvetica, arial, sans-serif; font-size: 14pt; color: #000000;\"><span class=\"magic-9\">4. Brak pigmentacji i depigmentacji sk\u00f3ry, nie wymaga dodatkowych materia\u0142\u00f3w eksploatacyjnych.<br \/>\n5. Ochrona bezpiecze\u0144stwa z automatycznym alam.<br \/>\n6. \u0141atwe i szybkie leczenie, brak przestoj\u00f3w.<br \/>\n7. R\u00f3\u017cne obj\u0119to\u015bci punktowe nadaj\u0105 si\u0119 do r\u00f3\u017cnych obszar\u00f3w cia\u0142a.<\/span><\/span><\/p>\n<p><span style=\"font-size: 14pt;\"><img loading=\"lazy\" decoding=\"async\" class=\"aligncenter wp-image-3828\" src=\"https:\/\/www.mlkjlasers.com\/wp-content\/uploads\/2026\/01\/ND-LV3\u8be6\u60c5\u9875-4.jpg\" alt=\"\" width=\"1920\" height=\"1198\" srcset=\"https:\/\/www.mlkjlasers.com\/wp-content\/uploads\/2026\/01\/ND-LV3\u8be6\u60c5\u9875-4.jpg 750w, https:\/\/www.mlkjlasers.com\/wp-content\/uploads\/2026\/01\/ND-LV3\u8be6\u60c5\u9875-4-300x187.jpg 300w, https:\/\/www.mlkjlasers.com\/wp-content\/uploads\/2026\/01\/ND-LV3\u8be6\u60c5\u9875-4-18x12.jpg 18w, https:\/\/www.mlkjlasers.com\/wp-content\/uploads\/2026\/01\/ND-LV3\u8be6\u60c5\u9875-4-600x374.jpg 600w\" sizes=\"(max-width: 1920px) 100vw, 1920px\" \/><\/span><\/p>\n<\/div>\n<\/div>\n<div class=\"J_module\" style=\"text-align: left;\">\n<div class=\"detail-decorate-json-renderer-container\">\n<div class=\"magic-3\">\n<div class=\"magic-6\">\n<div class=\"magic-7\">\n<div class=\"magic-8\">\n<div><span style=\"color: #000000; font-family: helvetica, arial, sans-serif; font-size: 14pt;\">5 g\u0142owic Regulacja rozmiaru miejsca od 1 mm do 7 mm<\/span><\/div>\n<\/div>\n<\/div>\n<\/div>\n<\/div>\n<\/div>\n<\/div>\n<div class=\"J_module\" style=\"text-align: left;\">\n<div class=\"detail-decorate-json-renderer-container\">\n<div class=\"magic-3\">\n<div class=\"magic-6\">\n<div class=\"magic-7\">\n<div class=\"magic-8\">\n<p><span style=\"font-size: 14pt;\">Regulowana g\u0142owa 1064\/532 nm jest przeznaczona do usuwania tatua\u017cu \/ pigmentu o du\u017cej powierzchni;<\/span><\/p>\n<\/div>\n<div class=\"magic-8\"><span style=\"font-family: helvetica, arial, sans-serif; font-size: 14pt; color: #000000;\"><span class=\"magic-5\"> Sta\u0142a g\u0142owica 1064\/532 nm jest przeznaczona do ma\u0142ego obszaru lub specjalnego miejsca<\/span><\/span><\/div>\n<div><span style=\"font-size: 14pt;\"><img loading=\"lazy\" decoding=\"async\" class=\"aligncenter wp-image-3836\" src=\"https:\/\/www.mlkjlasers.com\/wp-content\/uploads\/2026\/01\/ND-LV3\u8be6\u60c5\u9875-12.jpg\" alt=\"\" width=\"1920\" height=\"1057\" srcset=\"https:\/\/www.mlkjlasers.com\/wp-content\/uploads\/2026\/01\/ND-LV3\u8be6\u60c5\u9875-12.jpg 750w, https:\/\/www.mlkjlasers.com\/wp-content\/uploads\/2026\/01\/ND-LV3\u8be6\u60c5\u9875-12-300x165.jpg 300w, https:\/\/www.mlkjlasers.com\/wp-content\/uploads\/2026\/01\/ND-LV3\u8be6\u60c5\u9875-12-18x10.jpg 18w, https:\/\/www.mlkjlasers.com\/wp-content\/uploads\/2026\/01\/ND-LV3\u8be6\u60c5\u9875-12-600x330.jpg 600w\" sizes=\"(max-width: 1920px) 100vw, 1920px\" \/><\/span><\/div>\n<\/div>\n<\/div>\n<\/div>\n<\/div>\n<\/div>\n<div class=\"J_module\" style=\"text-align: left;\">\n<div class=\"icbu-pc-images magic-0\">\n<div>\n<div class=\"flex-layout-v\">\n<div class=\"flex-layout-h magic-0\">\n<div class=\"magic-15\"><\/div>\n<div><\/div>\n<\/div>\n<\/div>\n<\/div>\n<\/div>\n<\/div>\n<div class=\"J_module\" style=\"text-align: left;\">\n<div class=\"detail-decorate-json-renderer-container\">\n<div class=\"magic-3\">\n<div class=\"magic-6\">\n<div class=\"magic-7\">\n<div class=\"magic-8\">\n<div><span class=\"magic-9\" style=\"font-family: helvetica, arial, sans-serif; font-size: 14pt; color: #000000;\">1. Ci\u0105g\u0142y, super impuls, r\u00f3\u017cne tryby pracy u\u0142amkowe.<br \/>\n2. \u015arednica i odst\u0119p od miejsca ogniskowego s\u0105 regulowane.<br \/>\n3. Najlepsza rurka laserowa RF USA, importowana z CONHERENT, stabilna wydajno\u015b\u0107, wysoka skuteczno\u015b\u0107.<br \/>\n4. Brak pigmentacji i depigmentacji sk\u00f3ry, nie wymaga dodatkowych materia\u0142\u00f3w eksploatacyjnych.<br \/>\n5. Ochrona bezpiecze\u0144stwa z automatycznym alam.<br \/>\n6. \u0141atwe i szybkie leczenie, brak przestoj\u00f3w.<br \/>\n7. R\u00f3\u017cne obj\u0119to\u015bci punktowe nadaj\u0105 si\u0119 do r\u00f3\u017cnych obszar\u00f3w cia\u0142a.<\/span><\/div>\n<div><span style=\"font-size: 14pt;\"><img loading=\"lazy\" decoding=\"async\" class=\"aligncenter wp-image-3831\" src=\"https:\/\/www.mlkjlasers.com\/wp-content\/uploads\/2026\/01\/ND-LV3\u8be6\u60c5\u9875-7.jpg\" alt=\"\" width=\"1920\" height=\"1288\" srcset=\"https:\/\/www.mlkjlasers.com\/wp-content\/uploads\/2026\/01\/ND-LV3\u8be6\u60c5\u9875-7.jpg 750w, https:\/\/www.mlkjlasers.com\/wp-content\/uploads\/2026\/01\/ND-LV3\u8be6\u60c5\u9875-7-300x201.jpg 300w, https:\/\/www.mlkjlasers.com\/wp-content\/uploads\/2026\/01\/ND-LV3\u8be6\u60c5\u9875-7-18x12.jpg 18w, https:\/\/www.mlkjlasers.com\/wp-content\/uploads\/2026\/01\/ND-LV3\u8be6\u60c5\u9875-7-600x402.jpg 600w\" sizes=\"(max-width: 1920px) 100vw, 1920px\" \/><\/span><\/div>\n<div>\n<p><span class=\"magic-7\" style=\"font-size: 14pt;\">Q switch Nd Yag Laser Tattoo Removal Machine Unikalne zalety<\/span><\/p>\n<div><span style=\"font-size: 14pt;\">\u2022 Niemcy zatwierdzone CE, zgodne z europejsk\u0105 norm\u0105 bezpiecze\u0144stwa<\/span><\/div>\n<div><span style=\"font-size: 14pt;\">\u2022 Do 10Hz dla szybszego usuwania tatua\u017cu<\/span><\/div>\n<div><span style=\"font-size: 14pt;\">\u2022 Promie\u0144 kierowania podczerwonego dla dok\u0142adnej pracy<\/span><\/div>\n<div><span style=\"font-size: 14pt;\">\u2022 \u017bywotno\u015b\u0107 lampy ponad 1 000 000 strza\u0142\u00f3w<\/span><\/div>\n<div data-spm-anchor-id=\"a2700.details-description.0.i1.d5cbbYb0bYb0Ce\"><span style=\"font-size: 14pt;\">\u2022 Obudowa ABS dla szybkich prac konserwacyjnych<\/span><\/div>\n<div data-spm-anchor-id=\"a2700.details-description.0.i1.d5cbbYb0bYb0Ce\"><span style=\"font-size: 14pt;\"><img loading=\"lazy\" decoding=\"async\" class=\"aligncenter wp-image-3832\" src=\"https:\/\/www.mlkjlasers.com\/wp-content\/uploads\/2026\/01\/ND-LV3\u8be6\u60c5\u9875-8.jpg\" alt=\"\" width=\"1920\" height=\"1144\" srcset=\"https:\/\/www.mlkjlasers.com\/wp-content\/uploads\/2026\/01\/ND-LV3\u8be6\u60c5\u9875-8.jpg 750w, https:\/\/www.mlkjlasers.com\/wp-content\/uploads\/2026\/01\/ND-LV3\u8be6\u60c5\u9875-8-300x179.jpg 300w, https:\/\/www.mlkjlasers.com\/wp-content\/uploads\/2026\/01\/ND-LV3\u8be6\u60c5\u9875-8-18x12.jpg 18w, https:\/\/www.mlkjlasers.com\/wp-content\/uploads\/2026\/01\/ND-LV3\u8be6\u60c5\u9875-8-600x358.jpg 600w\" sizes=\"(max-width: 1920px) 100vw, 1920px\" \/><\/span><\/div>\n<\/div>\n<\/div>\n<\/div>\n<\/div>\n<\/div>\n<\/div>\n<\/div>\n<div class=\"J_module\" style=\"text-align: left;\">\n<div class=\"icbu-pc-images magic-0\">\n<div class=\"flex-layout-v\"><\/div>\n<\/div>\n<\/div>\n<div class=\"J_module\" style=\"text-align: left;\">\n<div class=\"detail-decorate-json-renderer-container\">\n<div class=\"magic-3\">\n<div class=\"magic-6\">\n<div class=\"magic-7\">\n<div class=\"magic-8\"><span style=\"font-size: 14pt;\"><img loading=\"lazy\" decoding=\"async\" class=\"aligncenter wp-image-3833\" src=\"https:\/\/www.mlkjlasers.com\/wp-content\/uploads\/2026\/01\/ND-LV3\u8be6\u60c5\u9875-9.jpg\" alt=\"\" width=\"1920\" height=\"1505\" srcset=\"https:\/\/www.mlkjlasers.com\/wp-content\/uploads\/2026\/01\/ND-LV3\u8be6\u60c5\u9875-9.jpg 750w, https:\/\/www.mlkjlasers.com\/wp-content\/uploads\/2026\/01\/ND-LV3\u8be6\u60c5\u9875-9-300x235.jpg 300w, https:\/\/www.mlkjlasers.com\/wp-content\/uploads\/2026\/01\/ND-LV3\u8be6\u60c5\u9875-9-15x12.jpg 15w, https:\/\/www.mlkjlasers.com\/wp-content\/uploads\/2026\/01\/ND-LV3\u8be6\u60c5\u9875-9-600x470.jpg 600w\" sizes=\"(max-width: 1920px) 100vw, 1920px\" \/><\/span><\/div>\n<div><span style=\"font-size: 14pt;\"><img loading=\"lazy\" decoding=\"async\" class=\"aligncenter wp-image-3834\" src=\"https:\/\/www.mlkjlasers.com\/wp-content\/uploads\/2026\/01\/ND-LV3\u8be6\u60c5\u9875-10.jpg\" alt=\"\" width=\"1920\" height=\"991\" srcset=\"https:\/\/www.mlkjlasers.com\/wp-content\/uploads\/2026\/01\/ND-LV3\u8be6\u60c5\u9875-10.jpg 750w, https:\/\/www.mlkjlasers.com\/wp-content\/uploads\/2026\/01\/ND-LV3\u8be6\u60c5\u9875-10-300x155.jpg 300w, https:\/\/www.mlkjlasers.com\/wp-content\/uploads\/2026\/01\/ND-LV3\u8be6\u60c5\u9875-10-18x9.jpg 18w, https:\/\/www.mlkjlasers.com\/wp-content\/uploads\/2026\/01\/ND-LV3\u8be6\u60c5\u9875-10-600x310.jpg 600w\" sizes=\"(max-width: 1920px) 100vw, 1920px\" \/><\/span><\/div>\n<div><span style=\"font-size: 14pt;\">8,4 calowy prawdziwy kolor du\u017cy ekran dotykowy. Super fajne dotyk Do\u015bwiadczenie.<\/span><br \/>\n<span style=\"font-size: 14pt;\">Specjalny j\u0119zyk mo\u017cna doda\u0107 zgodnie z rzeczywistymi wymaganiami.<\/span><br \/>\n<span style=\"font-size: 14pt;\">Twoje logo mo\u017cna r\u00f3wnie\u017c doda\u0107 na ekranie laserowym diody.<\/span><\/div>\n<div><span style=\"font-size: 14pt;\"><img loading=\"lazy\" decoding=\"async\" class=\"aligncenter wp-image-3835\" src=\"https:\/\/www.mlkjlasers.com\/wp-content\/uploads\/2026\/01\/ND-LV3\u8be6\u60c5\u9875-11.jpg\" alt=\"\" width=\"1920\" height=\"748\" srcset=\"https:\/\/www.mlkjlasers.com\/wp-content\/uploads\/2026\/01\/ND-LV3\u8be6\u60c5\u9875-11.jpg 750w, https:\/\/www.mlkjlasers.com\/wp-content\/uploads\/2026\/01\/ND-LV3\u8be6\u60c5\u9875-11-300x117.jpg 300w, https:\/\/www.mlkjlasers.com\/wp-content\/uploads\/2026\/01\/ND-LV3\u8be6\u60c5\u9875-11-18x7.jpg 18w, https:\/\/www.mlkjlasers.com\/wp-content\/uploads\/2026\/01\/ND-LV3\u8be6\u60c5\u9875-11-600x234.jpg 600w\" sizes=\"(max-width: 1920px) 100vw, 1920px\" \/><\/span><\/div>\n<div><\/div>\n<\/div>\n<\/div>\n<\/div>\n<div><\/div>\n<\/div>\n<\/div>\n<div class=\"J_module\">\n<div class=\"icbu-pc-images magic-0\">\n<div>\n<div class=\"flex-layout-v\">\n<div class=\"flex-layout-h magic-0\" style=\"text-align: left;\">\n<div class=\"magic-19\"><\/div>\n<div><\/div>\n<div><\/div>\n<\/div>\n<div style=\"text-align: left;\"><span style=\"font-size: 14pt;\"><a href=\"https:\/\/www.mlkjlasers.com\/pl\/contact-us\/\"><span style=\"font-family: helvetica, arial, sans-serif; color: #3366ff;\">Wybierz 18 lat MLKJ Professional Beauty producenta instrument\u00f3w, aby u\u0142atwi\u0107 karier\u0119 pi\u0119kno\u015bci!<\/span><\/a><\/span><\/div>\n<div style=\"text-align: left;\"><\/div>\n<div class=\"flex-layout-h magic-0\" style=\"text-align: left;\">\n<div><\/div>\n<\/div>\n<div style=\"text-align: left;\"><\/div>\n<\/div>\n<\/div>\n<\/div>\n<\/div>","protected":false},"excerpt":{"rendered":"<p><span style=\"font-family: helvetica, arial, sans-serif;\">Lasery Q-switched Nd: YAG s\u0105 doskona\u0142ym wyborem do usuwania tatua\u017cy, poniewa\u017c produkowana d\u0142ugo\u015b\u0107 fali 1064 nm jest dobrze wch\u0142aniana przez czarne tatua\u017ce i inne kolory tatua\u017cy. <\/span><\/p>\n<p><span style=\"font-family: helvetica, arial, sans-serif;\">Kiedy promie\u0144 1064 nm podwaja cz\u0119stotliwo\u015b\u0107, \u015bwiat\u0142o zaczyna porusza\u0107 si\u0119 przy drugiej d\u0142ugo\u015bci fali, 532 nm. <\/span><\/p>\n<p><span style=\"font-family: helvetica, arial, sans-serif;\">D\u0142ugo\u015b\u0107 fali 532 nm jest bardzo skuteczna w czerwonym, r\u00f3\u017cowym, pomara\u0144czowym i innych jasnych kolorach.<\/span><\/p>","protected":false},"featured_media":3821,"comment_status":"open","ping_status":"closed","template":"","meta":[],"product_cat":[24],"product_tag":[],"class_list":["post-2351","product","type-product","status-publish","has-post-thumbnail","hentry","product_cat-nd-yag-laser"],"_links":{"self":[{"href":"https:\/\/www.mlkjlasers.com\/pl\/wp-json\/wp\/v2\/product\/2351","targetHints":{"allow":["GET"]}}],"collection":[{"href":"https:\/\/www.mlkjlasers.com\/pl\/wp-json\/wp\/v2\/product"}],"about":[{"href":"https:\/\/www.mlkjlasers.com\/pl\/wp-json\/wp\/v2\/types\/product"}],"replies":[{"embeddable":true,"href":"https:\/\/www.mlkjlasers.com\/pl\/wp-json\/wp\/v2\/comments?post=2351"}],"wp:featuredmedia":[{"embeddable":true,"href":"https:\/\/www.mlkjlasers.com\/pl\/wp-json\/wp\/v2\/media\/3821"}],"wp:attachment":[{"href":"https:\/\/www.mlkjlasers.com\/pl\/wp-json\/wp\/v2\/media?parent=2351"}],"wp:term":[{"taxonomy":"product_cat","embeddable":true,"href":"https:\/\/www.mlkjlasers.com\/pl\/wp-json\/wp\/v2\/product_cat?post=2351"},{"taxonomy":"product_tag","embeddable":true,"href":"https:\/\/www.mlkjlasers.com\/pl\/wp-json\/wp\/v2\/product_tag?post=2351"}],"curies":[{"name":"wp","href":"https:\/\/api.w.org\/{rel}","templated":true}]}}