{"id":275,"date":"2023-05-29T16:57:17","date_gmt":"2023-05-29T08:57:17","guid":{"rendered":"https:\/\/mingliang.leadsclouds.com\/?post_type=product&#038;p=275"},"modified":"2026-01-23T16:35:53","modified_gmt":"2026-01-23T08:35:53","slug":"exfu-violin","status":"publish","type":"product","link":"https:\/\/www.mlkjlasers.com\/pl\/product\/exfu-violin\/","title":{"rendered":"Przeno\u015bna maszyna do depilacji laserowej o wysokiej mocy 1200w 1800w Super szybka maszyna do depilacji laserowej z 3 falami 755\/808\/1064nm"},"content":{"rendered":"<div class=\"se3_item\">\n<table style=\"border-collapse: collapse; width: 100%; height: 192px;\">\n<tbody>\n<tr style=\"height: 24px;\">\n<td style=\"width: 50%; height: 24px;\"><span style=\"font-family: helvetica, arial, sans-serif; font-size: 12pt;\"><b>EXFU VIOLIN<\/b><\/span><\/td>\n<td style=\"width: 50%; height: 24px;\"><span style=\"font-family: helvetica, arial, sans-serif; font-size: 12pt;\">Numer modelu: EXFU VIOLIN<\/span><\/td>\n<\/tr>\n<tr style=\"height: 24px;\">\n<td style=\"width: 50%; height: 24px;\"><span style=\"font-family: helvetica, arial, sans-serif; font-size: 12pt;\">D\u0142ugo\u015b\u0107 fali: 808nm lub 755 808 1064nm<\/span><\/td>\n<td style=\"width: 50%; height: 24px;\"><span style=\"font-family: helvetica, arial, sans-serif; font-size: 12pt;\">Rozmiar ekranu: 12 calowy ekran dotykowy w stylu 4K<\/span><\/td>\n<\/tr>\n<tr style=\"height: 24px;\">\n<td style=\"width: 50%; height: 24px;\"><span style=\"font-family: helvetica, arial, sans-serif; font-size: 12pt;\">Do\u017cywotno\u015b\u0107: 40 milion\u00f3w strza\u0142\u00f3w<\/span><\/td>\n<td style=\"width: 50%; height: 24px;\"><span style=\"font-family: helvetica, arial, sans-serif; font-size: 12pt;\">Czas trwania pulsu: 10-300ms<\/span><\/td>\n<\/tr>\n<tr style=\"height: 24px;\">\n<td style=\"width: 50%; height: 24px;\"><span style=\"font-family: helvetica, arial, sans-serif; font-size: 12pt;\">Ta\u015bma laserowa: 100w dla ka\u017cdego, sp\u00f3jny pr\u0119t laserowy Ameryki<\/span><\/td>\n<td style=\"width: 50%; height: 24px;\"><span style=\"font-family: helvetica, arial, sans-serif; font-size: 12pt;\">Cz\u0119stotliwo\u015b\u0107: 1-10 Hz<\/span><\/td>\n<\/tr>\n<tr style=\"height: 24px;\">\n<td style=\"width: 50%; height: 24px;\"><span style=\"font-family: helvetica, arial, sans-serif; font-size: 12pt;\">Rozmiar miejsca: 12&#215; Rozmiar plamki 24 mm lub 12,36 mm<\/span><\/td>\n<td style=\"width: 50%; height: 24px;\"><span style=\"font-family: helvetica, arial, sans-serif; font-size: 12pt;\">Energia: 1-150J<\/span><\/td>\n<\/tr>\n<tr style=\"height: 24px;\">\n<td style=\"width: 50%; height: 24px;\"><span style=\"font-family: helvetica, arial, sans-serif; font-size: 12pt;\">Uk\u0142ad ch\u0142odzenia: Obw\u00f3d wodny spr\u0119\u017carki<\/span><\/td>\n<td style=\"width: 50%; height: 24px;\"><span style=\"font-family: helvetica, arial, sans-serif; font-size: 12pt;\">Moc maszyny: 2000W<\/span><\/td>\n<\/tr>\n<tr style=\"height: 24px;\">\n<td style=\"width: 50%; height: 24px;\"><span style=\"font-family: helvetica, arial, sans-serif; font-size: 12pt;\">Napi\u0119cie: AC110V 60HZ \/ AC220V 50HZ<\/span><\/td>\n<td style=\"width: 50%; height: 24px;\"><span style=\"font-family: helvetica, arial, sans-serif; font-size: 12pt;\">Demencja maszyny: 380 mm * 535 mm * 350 mm<\/span><\/td>\n<\/tr>\n<tr style=\"height: 24px;\">\n<td style=\"width: 50%; height: 24px;\"><span style=\"font-family: helvetica, arial, sans-serif; font-size: 12pt;\">Opakowanie: Aluminiowe pude\u0142ko<\/span><\/td>\n<td style=\"width: 50%; height: 24px;\"><span style=\"font-family: helvetica, arial, sans-serif; font-size: 12pt;\">nakaz aresztowania: 2 lata dla maszyny i 1 rok dla uchwytu<\/span><\/td>\n<\/tr>\n<\/tbody>\n<\/table>\n<\/div>\n<div class=\"se3_item\">\n<div class=\"se4_tit\">\n<div class=\"r left\"><\/div>\n<div class=\"r left\"><\/div>\n<div class=\"r left\"><span style=\"font-family: helvetica, arial, sans-serif; font-size: 12pt;\"><img fetchpriority=\"high\" decoding=\"async\" class=\"aligncenter wp-image-3506 size-full\" src=\"https:\/\/www.mlkjlasers.com\/wp-content\/uploads\/2026\/01\/banner.jpg\" alt=\"\" width=\"1920\" height=\"1080\" srcset=\"https:\/\/www.mlkjlasers.com\/wp-content\/uploads\/2026\/01\/banner.jpg 1920w, https:\/\/www.mlkjlasers.com\/wp-content\/uploads\/2026\/01\/banner-300x169.jpg 300w, https:\/\/www.mlkjlasers.com\/wp-content\/uploads\/2026\/01\/banner-1024x576.jpg 1024w, https:\/\/www.mlkjlasers.com\/wp-content\/uploads\/2026\/01\/banner-768x432.jpg 768w, https:\/\/www.mlkjlasers.com\/wp-content\/uploads\/2026\/01\/banner-1536x864.jpg 1536w, https:\/\/www.mlkjlasers.com\/wp-content\/uploads\/2026\/01\/banner-600x338.jpg 600w\" sizes=\"(max-width: 1920px) 100vw, 1920px\" \/><\/span><\/div>\n<div class=\"r left\"><\/div>\n<div class=\"r left\"><span style=\"font-family: helvetica, arial, sans-serif; font-size: 12pt;\">Dzi\u0119ki naukowej konstrukcji uchwytu laserowego diodowego, wysokoenergetyczny promie\u0144 laserowy natychmiast przenikaj\u0105 sk\u00f3r\u0119 i docieraj\u0105 do p\u0119cherzyka w\u0142osowego podczas leczenia, \u015bwiat\u0142o wyj\u015bciowe jest wch\u0142aniane przez melanin\u0119 w p\u0119cherzyku w\u0142osowym, niszcz\u0105c w ten spos\u00f3b p\u0119cherzyk w\u0142osowy i osi\u0105gaj\u0105c trwa\u0142e usuwanie w\u0142os\u00f3w. Szeroko\u015b\u0107 pulsu laserowego jest ustawiona kr\u00f3tsz\u0105 ni\u017c czas, kt\u00f3ry ludzkie cia\u0142o&#8217; Czas poczucia, jeden strza\u0142 \u015bwiat\u0142a si\u0119 sko\u0144czy\u0142, ale cia\u0142o ludzkie spad\u0142o bezbolesne, a nast\u0119pnie mog\u0142o osi\u0105gn\u0105\u0107 bezbolesne uczucie leczenia, aby poprawi\u0107 klienta &#8217; Komfortowe do\u015bwiadczenie.<\/span><\/div>\n<\/div>\n<div class=\"des1\" style=\"text-align: left;\">\n<div><img decoding=\"async\" class=\"aligncenter wp-image-1768\" src=\"https:\/\/www.mlkjlasers.com\/wp-content\/uploads\/2023\/07\/\u53cc\u624b\u67c4\u5e26\u9f3b\u6bdb\u5934-V19\u533b\u7597\u6b3e\u5ba3\u4f20\u518c7-9.jpg\" alt=\"\" width=\"1920\" height=\"1080\" srcset=\"https:\/\/www.mlkjlasers.com\/wp-content\/uploads\/2023\/07\/\u53cc\u624b\u67c4\u5e26\u9f3b\u6bdb\u5934-V19\u533b\u7597\u6b3e\u5ba3\u4f20\u518c7-9.jpg 1200w, https:\/\/www.mlkjlasers.com\/wp-content\/uploads\/2023\/07\/\u53cc\u624b\u67c4\u5e26\u9f3b\u6bdb\u5934-V19\u533b\u7597\u6b3e\u5ba3\u4f20\u518c7-9-300x169.jpg 300w, https:\/\/www.mlkjlasers.com\/wp-content\/uploads\/2023\/07\/\u53cc\u624b\u67c4\u5e26\u9f3b\u6bdb\u5934-V19\u533b\u7597\u6b3e\u5ba3\u4f20\u518c7-9-1024x576.jpg 1024w, https:\/\/www.mlkjlasers.com\/wp-content\/uploads\/2023\/07\/\u53cc\u624b\u67c4\u5e26\u9f3b\u6bdb\u5934-V19\u533b\u7597\u6b3e\u5ba3\u4f20\u518c7-9-768x432.jpg 768w, https:\/\/www.mlkjlasers.com\/wp-content\/uploads\/2023\/07\/\u53cc\u624b\u67c4\u5e26\u9f3b\u6bdb\u5934-V19\u533b\u7597\u6b3e\u5ba3\u4f20\u518c7-9-600x338.jpg 600w\" sizes=\"(max-width: 1920px) 100vw, 1920px\" \/><\/div>\n<div class=\"l left\"><\/div>\n<div class=\"l left\"><span style=\"font-family: helvetica, arial, sans-serif; font-size: 12pt;\">Trzy d\u0142ugo\u015bci fali<\/span><\/div>\n<div class=\"r right\">\n<p><span style=\"font-family: helvetica, arial, sans-serif; font-size: 12pt;\">755nm 808nm 1064nm diodowe technologie usuwania w\u0142os\u00f3w w jednym uchwytzie<\/span><\/p>\n<\/div>\n<\/div>\n<div class=\"des2\">\n<div class=\"des_box1\">\n<p>&nbsp;<\/p>\n<p>&nbsp;<\/p>\n<p style=\"text-align: left;\"><span style=\"font-family: helvetica, arial, sans-serif; font-size: 12pt;\"><img decoding=\"async\" class=\"aligncenter\" src=\"https:\/\/www.exfulaser.com\/uploads\/20221125\/2in1808-22_04.png\" alt=\"\" \/><\/span><\/p>\n<p>&nbsp;<\/p>\n<p style=\"text-align: left;\"><span style=\"font-family: helvetica, arial, sans-serif; font-size: 12pt;\"><img decoding=\"async\" src=\"https:\/\/www.exfulaser.com\/uploads\/20221125\/2in1808-33_08.png\" alt=\"\" \/><\/span><\/p>\n<p>&nbsp;<\/p>\n<p style=\"text-align: left;\"><span style=\"font-family: helvetica, arial, sans-serif; font-size: 12pt;\"><strong>Zmniejszony b\u00f3l<\/strong><\/span><\/p>\n<p style=\"text-align: left;\"><span style=\"font-family: helvetica, arial, sans-serif; font-size: 12pt;\">Pacjent comfortbale przez ci\u0105g\u0142e ch\u0142odzenie sk\u00f3ry, b\u00f3l i dyskomfort s\u0105 znacznie zmniejszone.<\/span><\/p>\n<p class=\"tit_p contents\" style=\"text-align: left;\"><span style=\"font-family: helvetica, arial, sans-serif; font-size: 12pt;\">Teraz technologia o wysokiej mocy i kr\u00f3tkim pulsie zapewnia, \u017ce: zanim cia\u0142o poczuje b\u00f3l, strza\u0142 \u015bwiat\u0142a si\u0119 sko\u0144czy\u0142. Ca\u0142y proces jest bardzo wygodny, nie czuje b\u00f3lu. Zazwyczaj 3-5 sesji mo\u017ce osi\u0105gn\u0105\u0107 trwa\u0142\u0105 depilacj\u0119.<\/span><\/p>\n<div class=\"des_detail\">\n<div class=\"des_detail\">\n<h3 style=\"text-align: left;\"><span style=\"font-family: helvetica, arial, sans-serif; font-size: 12pt;\">Inteligentny system sterowania<\/span><\/h3>\n<h4 style=\"text-align: left;\"><span style=\"font-family: helvetica, arial, sans-serif; font-size: 12pt;\">12-calowy ekran 4K, inteligentne do\u015bwiadczenie dotykowe<\/span><br \/>\n<span style=\"font-family: helvetica, arial, sans-serif; font-size: 12pt;\">* Dostosowalne ustawienia wst\u0119pne leczenia<\/span><br \/>\n<span style=\"font-family: helvetica, arial, sans-serif; font-size: 12pt;\">* Z m\u0119\u017cczyzn\u0105 i kobiet\u0105, 6 styl\u00f3w sk\u00f3ry do wyboru<\/span><br \/>\n<span style=\"font-family: helvetica, arial, sans-serif; font-size: 12pt;\">* \u0141atwe w obs\u0142udze, zapewniaj\u0105ce umiej\u0119tno\u015bci operacyjne i us\u0142ugi nauczania<\/span><br \/>\n<span style=\"font-family: helvetica, arial, sans-serif; font-size: 12pt;\">* logo i j\u0119zyk mog\u0105 by\u0107 dostosowane na ekranie<\/span><\/h4>\n<div class=\"img_b\">\n<p><span style=\"font-family: helvetica, arial, sans-serif; font-size: 12pt;\"><img decoding=\"async\" class=\"aligncenter wp-image-3507 size-full\" src=\"https:\/\/www.mlkjlasers.com\/wp-content\/uploads\/2026\/01\/\u5c4f\u5e55\u6d77\u62a5.jpg\" alt=\"\" width=\"1920\" height=\"1080\" srcset=\"https:\/\/www.mlkjlasers.com\/wp-content\/uploads\/2026\/01\/\u5c4f\u5e55\u6d77\u62a5.jpg 1920w, https:\/\/www.mlkjlasers.com\/wp-content\/uploads\/2026\/01\/\u5c4f\u5e55\u6d77\u62a5-300x169.jpg 300w, https:\/\/www.mlkjlasers.com\/wp-content\/uploads\/2026\/01\/\u5c4f\u5e55\u6d77\u62a5-1024x576.jpg 1024w, https:\/\/www.mlkjlasers.com\/wp-content\/uploads\/2026\/01\/\u5c4f\u5e55\u6d77\u62a5-768x432.jpg 768w, https:\/\/www.mlkjlasers.com\/wp-content\/uploads\/2026\/01\/\u5c4f\u5e55\u6d77\u62a5-1536x864.jpg 1536w, https:\/\/www.mlkjlasers.com\/wp-content\/uploads\/2026\/01\/\u5c4f\u5e55\u6d77\u62a5-600x338.jpg 600w\" sizes=\"(max-width: 1920px) 100vw, 1920px\" \/><\/span><\/p>\n<p style=\"text-align: left;\"><span style=\"font-family: helvetica, arial, sans-serif; font-size: 12pt;\">EXFU VIOLIN \u015bwiat&#8217; najbardziej zaawansowana i bezbolesna technologia depilacji trwa\u0142ej. Dla r\u00f3\u017cnych typ\u00f3w sk\u00f3ry usuwanie farby w\u0142os\u00f3w, w\u0142osy o r\u00f3\u017cnych grubo\u015bciach, w\u0142osy o r\u00f3\u017cnych odcieniach itp.; uchwyt przyjmuje unikaln\u0105 konstrukcj\u0119 laserow\u0105, g\u0142owica laserowa jest wi\u0119ksza, dzi\u0119ki czemu mo\u017ce pokry\u0107 wi\u0119cej powierzchni, 40% szybsze usuwanie w\u0142os\u00f3w ni\u017c inne.\u00a0<\/span><\/p>\n<p style=\"text-align: left;\"><span style=\"font-family: helvetica, arial, sans-serif; font-size: 12pt;\">4 fale 755 808 940 1064nm, kt\u00f3ra ma szeroki zakres zastosowania do r\u00f3\u017cnych rodzaj\u00f3w depilacji, mamy certyfikaty FDA, CE, ISO13485 i zawsze szukamy nowych innowacyjnych inspiracji, aby przynie\u015b\u0107 bardziej niezawodne produkty naszym partnerom i klientom.<\/span><\/p>\n<p><img loading=\"lazy\" decoding=\"async\" class=\"aligncenter size-full wp-image-3505\" src=\"https:\/\/www.mlkjlasers.com\/wp-content\/uploads\/2026\/01\/3-2.jpg\" alt=\"\" width=\"1920\" height=\"1080\" srcset=\"https:\/\/www.mlkjlasers.com\/wp-content\/uploads\/2026\/01\/3-2.jpg 1920w, https:\/\/www.mlkjlasers.com\/wp-content\/uploads\/2026\/01\/3-2-300x169.jpg 300w, https:\/\/www.mlkjlasers.com\/wp-content\/uploads\/2026\/01\/3-2-1024x576.jpg 1024w, https:\/\/www.mlkjlasers.com\/wp-content\/uploads\/2026\/01\/3-2-768x432.jpg 768w, https:\/\/www.mlkjlasers.com\/wp-content\/uploads\/2026\/01\/3-2-1536x864.jpg 1536w, https:\/\/www.mlkjlasers.com\/wp-content\/uploads\/2026\/01\/3-2-600x338.jpg 600w\" sizes=\"(max-width: 1920px) 100vw, 1920px\" \/><\/p>\n<\/div>\n<\/div>\n<\/div>\n<p><span style=\"font-family: helvetica, arial, sans-serif; font-size: 12pt;\">Przed i po<\/span><\/p>\n<\/div>\n<\/div>\n<\/div>\n<p><img loading=\"lazy\" decoding=\"async\" class=\"aligncenter size-full wp-image-3106\" src=\"https:\/\/www.mlkjlasers.com\/wp-content\/uploads\/2024\/06\/8.jpg\" alt=\"\" width=\"1920\" height=\"1080\" srcset=\"https:\/\/www.mlkjlasers.com\/wp-content\/uploads\/2024\/06\/8.jpg 1920w, https:\/\/www.mlkjlasers.com\/wp-content\/uploads\/2024\/06\/8-300x169.jpg 300w, https:\/\/www.mlkjlasers.com\/wp-content\/uploads\/2024\/06\/8-1024x576.jpg 1024w, https:\/\/www.mlkjlasers.com\/wp-content\/uploads\/2024\/06\/8-768x432.jpg 768w, https:\/\/www.mlkjlasers.com\/wp-content\/uploads\/2024\/06\/8-1536x864.jpg 1536w, https:\/\/www.mlkjlasers.com\/wp-content\/uploads\/2024\/06\/8-600x338.jpg 600w\" sizes=\"(max-width: 1920px) 100vw, 1920px\" \/><\/p>\n<table class=\"alignleft\" style=\"border-collapse: collapse; width: 100%; height: 168px;\">\n<tbody>\n<tr style=\"height: 24px;\">\n<td style=\"width: 50%; height: 24px;\"><span style=\"font-family: helvetica, arial, sans-serif; font-size: 12pt;\">Zalety<\/span><\/td>\n<td style=\"width: 50%; height: 24px;\"><span style=\"font-family: helvetica, arial, sans-serif; font-size: 12pt;\">Ch\u0142odzenie minutowe<\/span><\/td>\n<\/tr>\n<tr style=\"height: 24px;\">\n<td style=\"width: 50%; height: 24px;\"><span style=\"font-family: helvetica, arial, sans-serif; font-size: 12pt;\">Szybkie, bezbolesne, trwa\u0142e usuwanie w\u0142os\u00f3w<\/span><\/td>\n<td style=\"width: 50%; height: 24px;\"><span style=\"font-family: helvetica, arial, sans-serif; font-size: 12pt;\">Niski ha\u0142as systemu i silny efekt ch\u0142odzenia<\/span><\/td>\n<\/tr>\n<tr style=\"height: 24px;\">\n<td style=\"width: 50%; height: 24px;\"><span style=\"font-family: helvetica, arial, sans-serif; font-size: 12pt;\">24 godziny pracy ci\u0105g\u0142ej<\/span><\/td>\n<td style=\"width: 50%; height: 24px;\"><span style=\"font-family: helvetica, arial, sans-serif; font-size: 12pt;\">Brak potrzeby anestezii lokalnej<\/span><\/td>\n<\/tr>\n<tr style=\"height: 24px;\">\n<td style=\"width: 50%; height: 24px;\"><span style=\"font-family: helvetica, arial, sans-serif; font-size: 12pt;\">Skr\u00f3\u0107 czas przygotowania<\/span><\/td>\n<td style=\"width: 50%; height: 24px;\"><span style=\"font-family: helvetica, arial, sans-serif; font-size: 12pt;\">Ni\u017csze koszty wysy\u0142ki, wy\u017csza wydajno\u015b\u0107 kosztowa<\/span><\/td>\n<\/tr>\n<tr style=\"height: 24px;\">\n<td style=\"width: 50%; height: 24px;\"><span style=\"font-family: helvetica, arial, sans-serif; font-size: 12pt;\">Rozszerz swoj\u0105 baz\u0119 pacjent\u00f3w<\/span><\/td>\n<td style=\"width: 50%; height: 24px;\"><span style=\"font-family: helvetica, arial, sans-serif; font-size: 12pt;\">Zwi\u0119ksz sw\u00f3j zysk<\/span><\/td>\n<\/tr>\n<tr style=\"height: 24px;\">\n<td style=\"width: 50%; height: 24px;\"><span style=\"font-family: helvetica, arial, sans-serif; font-size: 12pt;\">Nadaje si\u0119 do leczenia wszystkich cz\u0119\u015bci cia\u0142a<\/span><\/td>\n<td style=\"width: 50%; height: 24px;\"><span style=\"font-family: helvetica, arial, sans-serif; font-size: 12pt;\">Zwi\u0119ksz sw\u00f3j zysk<\/span><\/td>\n<\/tr>\n<tr style=\"height: 24px;\">\n<td style=\"width: 50%; height: 24px;\"><span style=\"font-family: helvetica, arial, sans-serif; font-size: 12pt;\">Mo\u017ce by\u0107 u\u017cywany r\u00f3wnie\u017c w domu<\/span><\/td>\n<td style=\"width: 50%; height: 24px;\"><span style=\"font-family: helvetica, arial, sans-serif; font-size: 12pt;\">Przeno\u015bny i kompaktowy, mo\u017cna go przynie\u015b\u0107 do drzwi do leczenia klienta<\/span><\/td>\n<\/tr>\n<\/tbody>\n<\/table>\n<div class=\"des_detail\" style=\"text-align: left;\">\n<h3><\/h3>\n<h3><\/h3>\n<\/div>\n<h3><\/h3>\n<div class=\"des_detail\" style=\"text-align: left;\">\n<p>&nbsp;<\/p>\n<p>&nbsp;<\/p>\n<p>&nbsp;<\/p>\n<p><span style=\"font-family: helvetica, arial, sans-serif; font-size: 12pt;\">Rozmiar plamy 12x24mm Rozmiar plamy, w celu poprawy wch\u0142aniania energii w moczku docelowym.<\/span><br \/>\n<span style=\"font-family: helvetica, arial, sans-serif; font-size: 12pt;\">Jedyny laser z unikaln\u0105 i dedykowan\u0105 technologi\u0105 redukcji b\u00f3lu, zwi\u0119kszonej skuteczno\u015bci, bezpiecze\u0144stwa.<\/span><\/p>\n<p>&nbsp;<\/p>\n<\/div>\n<div class=\"des_detail\">\n<h3 style=\"text-align: left;\"><span style=\"font-family: helvetica, arial, sans-serif; font-size: 12pt;\">Uniwersalne<\/span><\/h3>\n<h4 style=\"text-align: left;\"><span style=\"font-family: helvetica, arial, sans-serif; font-size: 12pt;\">G\u0142owice laserowe EXFU VIOLIN umo\u017cliwiaj\u0105 trwa\u0142\u0105 redukcj\u0119 w\u0142os\u00f3w ze wszystkich obszar\u00f3w cia\u0142a. Jego zaawansowana technologia zmniejsza b\u00f3l, zwi\u0119kszaj\u0105c jednocze\u015bnie skuteczno\u015b\u0107, umo\u017cliwiaj\u0105c szybkie i wygodne leczenie dla pacjent\u00f3w i lekarzy.<\/span><\/h4>\n<div class=\"des_detail\" style=\"text-align: left;\">\n<p><span style=\"font-family: helvetica, arial, sans-serif; font-size: 12pt;\"><img loading=\"lazy\" decoding=\"async\" class=\"aligncenter\" src=\"https:\/\/www.exfulaser.com\/uploads\/20221125\/%E6%95%88%E6%9E%9C.png\" alt=\"\" width=\"1604\" height=\"252\" \/><\/span><\/p>\n<p><span style=\"font-family: helvetica, arial, sans-serif; font-size: 12pt;\">\u2460  Laser selektywnie dzia\u0142a na melanin\u0119 w p\u0119cherzyku w\u0142osowym, niszcz\u0105c obszar wzrostu w\u0142os\u00f3w<\/span><\/p>\n<p><span style=\"font-family: helvetica, arial, sans-serif; font-size: 12pt;\">\u2461  Efekt usuwania w\u0142os\u00f3w po 1-3 zabiegach: Naturalna wypadanie w\u0142os\u00f3w, zapobieganie regeneracji i osi\u0105gni\u0119cie celu usuwania w\u0142os\u00f3w<\/span><\/p>\n<p><span style=\"font-family: helvetica, arial, sans-serif; font-size: 12pt;\">\u2462  Efekt usuwania w\u0142os\u00f3w po 3-5 zabiegach: usuwanie w\u0142os\u00f3w stymuluje r\u00f3wnie\u017c regeneracj\u0119 kolagenu, kurczy pory i sprawia, \u017ce sk\u00f3ra jest twarda i g\u0142adka<\/span><\/p>\n<p>&nbsp;<\/p>\n<\/div>\n<\/div>","protected":false},"excerpt":{"rendered":"<p>Ch\u0142odzenie TEC: wentylator zbiornika wody TEC o mocy 600W, TEC zapewnia, \u017ce maszyna mo\u017ce pracowa\u0107 ci\u0105gle przez 24 godziny bez problemu, a temperatura wody jest kontrolowana mi\u0119dzy 22 &#8211; 24 C 2)<br \/>\nZasilanie: Zasilanie o wysokiej mocy 2000W w celu zapewnienia dobrej i stabilnej mocy wyj\u015bciowej maszyny<br \/>\nFiltr: Podw\u00f3jny filtr zapewniaj\u0105cy dobr\u0105 jako\u015b\u0107 wody i cyrkulacj\u0119 wody<br \/>\n* Maszyna&#8217; s ca\u0142kowicie metalowa struktura wewn\u0119trzna, konstrukcja struktury wewn\u0119trznej jest dojrza\u0142a i rozs\u0105dna, aby zapewni\u0107 dobr\u0105 prac\u0119 maszyny * Technologia Exfu \u2122 - Zintegrowane ch\u0142odzenie kontaktowe, zapewnia ochron\u0119 nask\u00f3rki w obszarach leczenia wymagaj\u0105cych precyzji i wy\u017cszej p\u0142ynno\u015bci.<\/p>","protected":false},"featured_media":3504,"comment_status":"open","ping_status":"closed","template":"","meta":[],"product_cat":[15],"product_tag":[],"class_list":["post-275","product","type-product","status-publish","has-post-thumbnail","hentry","product_cat-diode-laser-hair-removal-machine"],"_links":{"self":[{"href":"https:\/\/www.mlkjlasers.com\/pl\/wp-json\/wp\/v2\/product\/275","targetHints":{"allow":["GET"]}}],"collection":[{"href":"https:\/\/www.mlkjlasers.com\/pl\/wp-json\/wp\/v2\/product"}],"about":[{"href":"https:\/\/www.mlkjlasers.com\/pl\/wp-json\/wp\/v2\/types\/product"}],"replies":[{"embeddable":true,"href":"https:\/\/www.mlkjlasers.com\/pl\/wp-json\/wp\/v2\/comments?post=275"}],"wp:featuredmedia":[{"embeddable":true,"href":"https:\/\/www.mlkjlasers.com\/pl\/wp-json\/wp\/v2\/media\/3504"}],"wp:attachment":[{"href":"https:\/\/www.mlkjlasers.com\/pl\/wp-json\/wp\/v2\/media?parent=275"}],"wp:term":[{"taxonomy":"product_cat","embeddable":true,"href":"https:\/\/www.mlkjlasers.com\/pl\/wp-json\/wp\/v2\/product_cat?post=275"},{"taxonomy":"product_tag","embeddable":true,"href":"https:\/\/www.mlkjlasers.com\/pl\/wp-json\/wp\/v2\/product_tag?post=275"}],"curies":[{"name":"wp","href":"https:\/\/api.w.org\/{rel}","templated":true}]}}