{"id":2840,"date":"2023-12-13T11:23:21","date_gmt":"2023-12-13T03:23:21","guid":{"rendered":"https:\/\/mlkjlasers.com\/?post_type=product&#038;p=2840"},"modified":"2026-01-26T10:34:42","modified_gmt":"2026-01-26T02:34:42","slug":"professional-755-808-1064-diode-laser-hair-removal-nd-yag-q-switched-tattoo-removal-laser","status":"publish","type":"product","link":"https:\/\/www.mlkjlasers.com\/pl\/product\/professional-755-808-1064-diode-laser-hair-removal-nd-yag-q-switched-tattoo-removal-laser\/","title":{"rendered":"Profesjonalny 755 808 1064 diodowe laserowe usuwanie w\u0142os\u00f3w Nd yag q prze\u0142\u0105czony laser usuwania tatua\u017cu"},"content":{"rendered":"<p>&nbsp;<\/p>\n<p><img fetchpriority=\"high\" decoding=\"async\" class=\"aligncenter size-full wp-image-3557\" src=\"https:\/\/www.mlkjlasers.com\/wp-content\/uploads\/2026\/01\/D19-808ND-\u5207\u56fe_01.jpg\" alt=\"\" width=\"2400\" height=\"1350\" srcset=\"https:\/\/www.mlkjlasers.com\/wp-content\/uploads\/2026\/01\/D19-808ND-\u5207\u56fe_01.jpg 2400w, https:\/\/www.mlkjlasers.com\/wp-content\/uploads\/2026\/01\/D19-808ND-\u5207\u56fe_01-300x169.jpg 300w, https:\/\/www.mlkjlasers.com\/wp-content\/uploads\/2026\/01\/D19-808ND-\u5207\u56fe_01-1024x576.jpg 1024w, https:\/\/www.mlkjlasers.com\/wp-content\/uploads\/2026\/01\/D19-808ND-\u5207\u56fe_01-768x432.jpg 768w, https:\/\/www.mlkjlasers.com\/wp-content\/uploads\/2026\/01\/D19-808ND-\u5207\u56fe_01-1536x864.jpg 1536w, https:\/\/www.mlkjlasers.com\/wp-content\/uploads\/2026\/01\/D19-808ND-\u5207\u56fe_01-2048x1152.jpg 2048w, https:\/\/www.mlkjlasers.com\/wp-content\/uploads\/2026\/01\/D19-808ND-\u5207\u56fe_01-600x338.jpg 600w\" sizes=\"(max-width: 2400px) 100vw, 2400px\" \/><\/p>\n<p><span style=\"font-size: 18pt; font-family: arial, helvetica, sans-serif;\"><strong>Zalety:<\/strong><\/span><br \/>\n<span style=\"font-size: 14pt; font-family: arial, helvetica, sans-serif;\"><strong>Opisy maszyny wielofunkcyjnej diody laserowej 2 w 1 ND \/ 808nm, Maszyna zawiera 2 uchwyty:<\/strong><\/span><br \/>\n<span style=\"font-size: 14pt; font-family: arial, helvetica, sans-serif;\"><strong>1) ND yag uchwyt do usuwania tatua\u017cu, usuwania pigmentu, usuwania pieg, usuwania krtki, usuwania haftu brwi, czarnej lalki twarzy;<\/strong><\/span><br \/>\n<span style=\"font-size: 14pt; font-family: arial, helvetica, sans-serif;\"><strong>2) Uchwyt laserowy diodowy 808nm do trwa\u0142ej, szybkiej i bezbolesnej depilacji.<\/strong><\/span><\/p>\n<div><span style=\"font-size: 14pt; font-family: arial, helvetica, sans-serif;\"><strong>Laser diodowy 808nm: Odkryj szczyt wydajno\u015bci w trwa\u0142ej depilacji za pomoc\u0105 naszego najnowocze\u015bniejszego lasera diodowego 808nm, zaprojektowanego tak, aby \u0142atwo zaspokoi\u0107 wszystkie typy sk\u00f3ry i kolory w\u0142os\u00f3w. Do\u015bwiadcz rewolucji w usuwaniu w\u0142os\u00f3w dzi\u0119ki zabiegom, kt\u00f3re s\u0105 nie tylko szybkie, ale tak\u017ce praktycznie bezbolesne, zapewniaj\u0105c niezr\u00f3wnane rezultaty.<\/strong><\/span><\/div>\n<p>&nbsp;<\/p>\n<div><img decoding=\"async\" class=\"aligncenter size-full wp-image-3558\" src=\"https:\/\/www.mlkjlasers.com\/wp-content\/uploads\/2026\/01\/D19-808ND-\u5207\u56fe_02.jpg\" alt=\"\" width=\"2400\" height=\"1350\" srcset=\"https:\/\/www.mlkjlasers.com\/wp-content\/uploads\/2026\/01\/D19-808ND-\u5207\u56fe_02.jpg 2400w, https:\/\/www.mlkjlasers.com\/wp-content\/uploads\/2026\/01\/D19-808ND-\u5207\u56fe_02-300x169.jpg 300w, https:\/\/www.mlkjlasers.com\/wp-content\/uploads\/2026\/01\/D19-808ND-\u5207\u56fe_02-1024x576.jpg 1024w, https:\/\/www.mlkjlasers.com\/wp-content\/uploads\/2026\/01\/D19-808ND-\u5207\u56fe_02-768x432.jpg 768w, https:\/\/www.mlkjlasers.com\/wp-content\/uploads\/2026\/01\/D19-808ND-\u5207\u56fe_02-1536x864.jpg 1536w, https:\/\/www.mlkjlasers.com\/wp-content\/uploads\/2026\/01\/D19-808ND-\u5207\u56fe_02-2048x1152.jpg 2048w, https:\/\/www.mlkjlasers.com\/wp-content\/uploads\/2026\/01\/D19-808ND-\u5207\u56fe_02-600x338.jpg 600w\" sizes=\"(max-width: 2400px) 100vw, 2400px\" \/><\/div>\n<div class=\"magic-13\"><span style=\"font-family: arial, helvetica, sans-serif; font-size: 18pt; color: #000000;\"><b class=\"magic-14\"><span class=\"magic-15\" data-spm-anchor-id=\"a2700.wholesale.0.i85.410c572fClQ0UR\">Dla tej maszyny, ca\u0142kowicie ma 2 uchwyty:<\/span><\/b><\/span><\/div>\n<div class=\"magic-13\"><span style=\"font-family: arial, helvetica, sans-serif; font-size: 14pt; color: #000000;\"><b>1) Uchwyt laserowy diodowy, u\u017cywany do:<\/b><\/span><\/div>\n<div class=\"magic-13\"><span style=\"font-family: arial, helvetica, sans-serif; font-size: 14pt; color: #993300;\">Sta\u0142e usuwanie w\u0142os\u00f3w.<\/span><\/div>\n<div class=\"magic-13\"><span style=\"font-family: arial, helvetica, sans-serif; font-size: 14pt; color: #000000;\"><b>2) Uchwyt ND YAG, u\u017cywa\u0107 do:<\/b><\/span><\/div>\n<div class=\"magic-13\" data-spm-anchor-id=\"a2700.wholesale.0.i84.410c572fClQ0UR\"><span style=\"font-family: arial, helvetica, sans-serif; font-size: 14pt; color: #993300;\">Usuwanie tatua\u017cu, usuwanie tatua\u017cu na brwi, usuwanie linii ustnej, odm\u0142odzenie sk\u00f3ry, usuwanie znaku urodzenia, otasa nevus i plamy sk\u00f3rne.<\/span><\/div>\n<p><span style=\"color: #993366; font-family: arial, helvetica, sans-serif;\"><strong><span style=\"font-size: 14pt;\"><span class=\"magic-12\" data-spm-anchor-id=\"a2700.wholesale.0.i80.405d3809lncSnH\">1. Dioda laserowa techniczna, nadaje si\u0119 do wszystkich typ\u00f3w sk\u00f3ry i w\u0142os\u00f3w.<\/span><\/span><\/strong><\/span><\/p>\n<p><span style=\"color: #993366; font-family: arial, helvetica, sans-serif;\"><strong><span style=\"font-size: 14pt;\"><span class=\"magic-12\" data-spm-anchor-id=\"a2700.wholesale.0.i80.405d3809lncSnH\">2. Uchwyty: Rozmiar miejsca 12 * 20 mm, inne 12 * 35 mm<\/span><\/span><\/strong><\/span><\/p>\n<p><span style=\"color: #993366; font-family: arial, helvetica, sans-serif;\"><strong><span style=\"font-size: 14pt;\"><span class=\"magic-12\" data-spm-anchor-id=\"a2700.wholesale.0.i80.405d3809lncSnH\">3. Szybkie leczenie: cz\u0119stotliwo\u015b\u0107 1-10Hz, USA importowane pr\u0119ty laserowe.<\/span><\/span><\/strong><\/span><\/p>\n<p><span style=\"color: #993366; font-family: arial, helvetica, sans-serif;\"><strong><span class=\"magic-12\" style=\"font-size: 14pt;\">4.755 808 1064, dla wszystkich typ\u00f3w sk\u00f3ry<\/span><\/strong><\/span><\/p>\n<p>&nbsp;<\/p>\n<p><img decoding=\"async\" class=\"aligncenter size-full wp-image-3559\" src=\"https:\/\/www.mlkjlasers.com\/wp-content\/uploads\/2026\/01\/D19-808ND-\u5207\u56fe_03.jpg\" alt=\"\" width=\"2400\" height=\"1350\" srcset=\"https:\/\/www.mlkjlasers.com\/wp-content\/uploads\/2026\/01\/D19-808ND-\u5207\u56fe_03.jpg 2400w, https:\/\/www.mlkjlasers.com\/wp-content\/uploads\/2026\/01\/D19-808ND-\u5207\u56fe_03-300x169.jpg 300w, https:\/\/www.mlkjlasers.com\/wp-content\/uploads\/2026\/01\/D19-808ND-\u5207\u56fe_03-1024x576.jpg 1024w, https:\/\/www.mlkjlasers.com\/wp-content\/uploads\/2026\/01\/D19-808ND-\u5207\u56fe_03-768x432.jpg 768w, https:\/\/www.mlkjlasers.com\/wp-content\/uploads\/2026\/01\/D19-808ND-\u5207\u56fe_03-1536x864.jpg 1536w, https:\/\/www.mlkjlasers.com\/wp-content\/uploads\/2026\/01\/D19-808ND-\u5207\u56fe_03-2048x1152.jpg 2048w, https:\/\/www.mlkjlasers.com\/wp-content\/uploads\/2026\/01\/D19-808ND-\u5207\u56fe_03-600x338.jpg 600w\" sizes=\"(max-width: 2400px) 100vw, 2400px\" \/><\/p>\n<p><span style=\"font-family: arial, helvetica, sans-serif;\"><strong><span style=\"font-size: 14pt;\">1. Ci\u0105g\u0142y, super impuls, r\u00f3\u017cne tryby pracy u\u0142amkowe.<\/span><\/strong><\/span><br \/>\n<span style=\"font-family: arial, helvetica, sans-serif;\"><strong><span style=\"font-size: 14pt;\">2. \u015arednica i odst\u0119p od miejsca ogniskowego s\u0105 regulowane.<\/span><\/strong><\/span><br \/>\n<span style=\"font-family: arial, helvetica, sans-serif;\"><strong><span style=\"font-size: 14pt;\">3. Najlepsza rurka laserowa RF USA, importowana z CONHERENT, stabilna wydajno\u015b\u0107, wysoka skuteczno\u015b\u0107.<\/span><\/strong><\/span><br \/>\n<span style=\"font-family: arial, helvetica, sans-serif;\"><strong><span style=\"font-size: 14pt;\">4. Brak pigmentacji i depigmentacji sk\u00f3ry, nie wymaga dodatkowych materia\u0142\u00f3w eksploatacyjnych.<\/span><\/strong><\/span><br \/>\n<span style=\"font-family: arial, helvetica, sans-serif;\"><strong><span style=\"font-size: 14pt;\">5. Ochrona bezpiecze\u0144stwa z automatycznym alam.<\/span><\/strong><\/span><br \/>\n<span style=\"font-family: arial, helvetica, sans-serif;\"><strong><span style=\"font-size: 14pt;\">6. \u0141atwe i szybkie leczenie, brak przestoj\u00f3w.<\/span><\/strong><\/span><br \/>\n<span style=\"font-family: arial, helvetica, sans-serif;\"><strong><span style=\"font-size: 14pt;\">7. R\u00f3\u017cne obj\u0119to\u015bci punktowe nadaj\u0105 si\u0119 do r\u00f3\u017cnych obszar\u00f3w cia\u0142a.<\/span><\/strong><\/span><\/p>\n<p><img loading=\"lazy\" decoding=\"async\" class=\"aligncenter size-full wp-image-3567\" src=\"https:\/\/www.mlkjlasers.com\/wp-content\/uploads\/2026\/01\/D19-808ND-\u5207\u56fe_11.jpg\" alt=\"\" width=\"2400\" height=\"1350\" srcset=\"https:\/\/www.mlkjlasers.com\/wp-content\/uploads\/2026\/01\/D19-808ND-\u5207\u56fe_11.jpg 2400w, https:\/\/www.mlkjlasers.com\/wp-content\/uploads\/2026\/01\/D19-808ND-\u5207\u56fe_11-300x169.jpg 300w, https:\/\/www.mlkjlasers.com\/wp-content\/uploads\/2026\/01\/D19-808ND-\u5207\u56fe_11-1024x576.jpg 1024w, https:\/\/www.mlkjlasers.com\/wp-content\/uploads\/2026\/01\/D19-808ND-\u5207\u56fe_11-768x432.jpg 768w, https:\/\/www.mlkjlasers.com\/wp-content\/uploads\/2026\/01\/D19-808ND-\u5207\u56fe_11-1536x864.jpg 1536w, https:\/\/www.mlkjlasers.com\/wp-content\/uploads\/2026\/01\/D19-808ND-\u5207\u56fe_11-2048x1152.jpg 2048w, https:\/\/www.mlkjlasers.com\/wp-content\/uploads\/2026\/01\/D19-808ND-\u5207\u56fe_11-600x338.jpg 600w\" sizes=\"(max-width: 2400px) 100vw, 2400px\" \/><\/p>\n<div class=\"magic-7\"><span style=\"font-family: arial, helvetica, sans-serif; font-size: 14pt; color: #993300;\"><span class=\"magic-12\">Wysoka technologia laserowa, mi\u0119dzynarodowy standard produkcji, \u015bci\u015ble testowane technicznie.<\/span><\/span><\/div>\n<div class=\"magic-7\" data-spm-anchor-id=\"a2700.wholesale.0.i82.405d3809lncSnH\"><span style=\"font-family: arial, helvetica, sans-serif; font-size: 14pt; color: #993300;\"><span class=\"magic-12\" data-spm-anchor-id=\"a2700.wholesale.0.i83.405d3809lncSnH\">Importowany kamienny mechanizm kasetowy Q-switch, ca\u0142y sta\u0142y laser, bez zast\u0105pienia Q-switch.<\/span><\/span><\/div>\n<div data-spm-anchor-id=\"a2700.wholesale.0.i82.405d3809lncSnH\"><img loading=\"lazy\" decoding=\"async\" class=\"aligncenter size-full wp-image-3560\" src=\"https:\/\/www.mlkjlasers.com\/wp-content\/uploads\/2026\/01\/D19-808ND-\u5207\u56fe_04.jpg\" alt=\"\" width=\"2400\" height=\"1350\" srcset=\"https:\/\/www.mlkjlasers.com\/wp-content\/uploads\/2026\/01\/D19-808ND-\u5207\u56fe_04.jpg 2400w, https:\/\/www.mlkjlasers.com\/wp-content\/uploads\/2026\/01\/D19-808ND-\u5207\u56fe_04-300x169.jpg 300w, https:\/\/www.mlkjlasers.com\/wp-content\/uploads\/2026\/01\/D19-808ND-\u5207\u56fe_04-1024x576.jpg 1024w, https:\/\/www.mlkjlasers.com\/wp-content\/uploads\/2026\/01\/D19-808ND-\u5207\u56fe_04-768x432.jpg 768w, https:\/\/www.mlkjlasers.com\/wp-content\/uploads\/2026\/01\/D19-808ND-\u5207\u56fe_04-1536x864.jpg 1536w, https:\/\/www.mlkjlasers.com\/wp-content\/uploads\/2026\/01\/D19-808ND-\u5207\u56fe_04-2048x1152.jpg 2048w, https:\/\/www.mlkjlasers.com\/wp-content\/uploads\/2026\/01\/D19-808ND-\u5207\u56fe_04-600x338.jpg 600w\" sizes=\"(max-width: 2400px) 100vw, 2400px\" \/><\/div>\n<p>&nbsp;<\/p>\n<p><span style=\"font-family: arial, helvetica, sans-serif; font-size: 14pt;\"><strong><span style=\"color: #993366;\">5 g\u0142owic Regulacja rozmiaru miejsca od 1 mm do 7 mm<\/span><\/strong><\/span><\/p>\n<p><span style=\"font-family: arial, helvetica, sans-serif; font-size: 14pt;\"><strong><span style=\"color: #993366;\">755nm precyzyjny i g\u0142\u0119boki rozk\u0142ad pigment\u00f3w, u\u017cywany do usuwania r\u00f3\u017cnych plam i poprawy tekstury sk\u00f3ry<\/span><\/strong><\/span><\/p>\n<p><span style=\"font-family: arial, helvetica, sans-serif; font-size: 14pt;\"><strong><span style=\"color: #993366;\">Regulowana g\u0142owa 1064\/532 nm jest przeznaczona do usuwania tatua\u017cu \/ pigmentu o du\u017cej powierzchni;<\/span><\/strong><\/span><\/p>\n<p><span style=\"font-family: arial, helvetica, sans-serif; font-size: 14pt;\"><strong><span style=\"color: #993366;\">Sta\u0142a g\u0142owa 1064\/532 nm jest przeznaczona do usuwania tatua\u017cu \/ pigmentu w ma\u0142ym obszarze lub specjalnym miejscu;<\/span><\/strong><\/span><\/p>\n<div><span style=\"font-family: arial, helvetica, sans-serif; font-size: 14pt;\"><strong><span style=\"color: #993366;\">1320 nm g\u0142owa jest dla Black Doll Treatment do wybielania sk\u00f3ry, odm\u0142odzenia sk\u00f3ry.<\/span><\/strong><\/span><\/div>\n<div><img loading=\"lazy\" decoding=\"async\" class=\"aligncenter size-full wp-image-3561\" src=\"https:\/\/www.mlkjlasers.com\/wp-content\/uploads\/2026\/01\/D19-808ND-\u5207\u56fe_05.jpg\" alt=\"\" width=\"2400\" height=\"1350\" srcset=\"https:\/\/www.mlkjlasers.com\/wp-content\/uploads\/2026\/01\/D19-808ND-\u5207\u56fe_05.jpg 2400w, https:\/\/www.mlkjlasers.com\/wp-content\/uploads\/2026\/01\/D19-808ND-\u5207\u56fe_05-300x169.jpg 300w, https:\/\/www.mlkjlasers.com\/wp-content\/uploads\/2026\/01\/D19-808ND-\u5207\u56fe_05-1024x576.jpg 1024w, https:\/\/www.mlkjlasers.com\/wp-content\/uploads\/2026\/01\/D19-808ND-\u5207\u56fe_05-768x432.jpg 768w, https:\/\/www.mlkjlasers.com\/wp-content\/uploads\/2026\/01\/D19-808ND-\u5207\u56fe_05-1536x864.jpg 1536w, https:\/\/www.mlkjlasers.com\/wp-content\/uploads\/2026\/01\/D19-808ND-\u5207\u56fe_05-2048x1152.jpg 2048w, https:\/\/www.mlkjlasers.com\/wp-content\/uploads\/2026\/01\/D19-808ND-\u5207\u56fe_05-600x338.jpg 600w\" sizes=\"(max-width: 2400px) 100vw, 2400px\" \/><\/div>\n<p>&nbsp;<\/p>\n<p><span style=\"font-size: 14pt;\"><strong><span style=\"font-family: arial, helvetica, sans-serif;\">Poznaj nasze aplikacje leczenia:<\/span><\/strong><\/span><br \/>\n<span style=\"font-size: 14pt; font-family: arial, helvetica, sans-serif;\">Usuwanie w\u0142os\u00f3w: Do\u015bwiadcz szybkiej, bezb\u00f3lowej procedury, kt\u00f3ra jest pi\u0119knie dostosowana do wszystkich typ\u00f3w sk\u00f3ry.<\/span><br \/>\n<span style=\"font-size: 14pt; font-family: arial, helvetica, sans-serif;\">Usuwanie tatua\u017cu, usuwanie pigmentu, usuwanie pieg, usuwanie krtki, usuwanie haftu brwi, czarna lalka twarzy,<span style=\"color: #000000;\">usuwanie nevus, usuwanie znak\u00f3w urodzenia, odm\u0142odzenie sk\u00f3ry i wybielanie sk\u00f3ry.<\/span><\/span><span style=\"font-family: arial, helvetica, sans-serif; font-size: 14pt; color: #000000;\">\u00a0<\/span><\/p>\n<p>&nbsp;<\/p>\n<p><img loading=\"lazy\" decoding=\"async\" class=\"aligncenter size-full wp-image-3566\" src=\"https:\/\/www.mlkjlasers.com\/wp-content\/uploads\/2026\/01\/D19-808ND-\u5207\u56fe_10.jpg\" alt=\"\" width=\"2400\" height=\"1350\" srcset=\"https:\/\/www.mlkjlasers.com\/wp-content\/uploads\/2026\/01\/D19-808ND-\u5207\u56fe_10.jpg 2400w, https:\/\/www.mlkjlasers.com\/wp-content\/uploads\/2026\/01\/D19-808ND-\u5207\u56fe_10-300x169.jpg 300w, https:\/\/www.mlkjlasers.com\/wp-content\/uploads\/2026\/01\/D19-808ND-\u5207\u56fe_10-1024x576.jpg 1024w, https:\/\/www.mlkjlasers.com\/wp-content\/uploads\/2026\/01\/D19-808ND-\u5207\u56fe_10-768x432.jpg 768w, https:\/\/www.mlkjlasers.com\/wp-content\/uploads\/2026\/01\/D19-808ND-\u5207\u56fe_10-1536x864.jpg 1536w, https:\/\/www.mlkjlasers.com\/wp-content\/uploads\/2026\/01\/D19-808ND-\u5207\u56fe_10-2048x1152.jpg 2048w, https:\/\/www.mlkjlasers.com\/wp-content\/uploads\/2026\/01\/D19-808ND-\u5207\u56fe_10-600x338.jpg 600w\" sizes=\"(max-width: 2400px) 100vw, 2400px\" \/><\/p>\n<p><span style=\"font-family: arial, helvetica, sans-serif; font-size: 14pt; color: #000000;\">1) Du\u017cy rozmiar: u\u017cywany <b>14-calowy kolorowy ekran dotykowy.<\/b><br \/>\n2) Wiele j\u0119zyk\u00f3w: trzy rodzaje typ\u00f3w sk\u00f3ry, \u0142atwe w obs\u0142udze.<br \/>\n3) <b>Us\u0142uga OEM<\/b>: Twoje logo mo\u017ce by\u0107 dodane na ekranie maszyny za darmo, zaakceptuj sw\u00f3j specjalny j\u0119zyk.<\/span><\/p>\n<p>&nbsp;<\/p>\n<p><img loading=\"lazy\" decoding=\"async\" class=\"aligncenter size-full wp-image-3563\" src=\"https:\/\/www.mlkjlasers.com\/wp-content\/uploads\/2026\/01\/D19-808ND-\u5207\u56fe_07.jpg\" alt=\"\" width=\"2400\" height=\"1350\" srcset=\"https:\/\/www.mlkjlasers.com\/wp-content\/uploads\/2026\/01\/D19-808ND-\u5207\u56fe_07.jpg 2400w, https:\/\/www.mlkjlasers.com\/wp-content\/uploads\/2026\/01\/D19-808ND-\u5207\u56fe_07-300x169.jpg 300w, https:\/\/www.mlkjlasers.com\/wp-content\/uploads\/2026\/01\/D19-808ND-\u5207\u56fe_07-1024x576.jpg 1024w, https:\/\/www.mlkjlasers.com\/wp-content\/uploads\/2026\/01\/D19-808ND-\u5207\u56fe_07-768x432.jpg 768w, https:\/\/www.mlkjlasers.com\/wp-content\/uploads\/2026\/01\/D19-808ND-\u5207\u56fe_07-1536x864.jpg 1536w, https:\/\/www.mlkjlasers.com\/wp-content\/uploads\/2026\/01\/D19-808ND-\u5207\u56fe_07-2048x1152.jpg 2048w, https:\/\/www.mlkjlasers.com\/wp-content\/uploads\/2026\/01\/D19-808ND-\u5207\u56fe_07-600x338.jpg 600w\" sizes=\"(max-width: 2400px) 100vw, 2400px\" \/><\/p>\n<p><span style=\"font-size: 14pt; font-family: arial, helvetica, sans-serif;\"><strong>Przyjazny dla u\u017cytkownika interfejs: bezproblemowa nawigacja z intuicyjnym interfejsem ekranu dotykowego, zaprojektowanym w celu \u0142atwo\u015bci u\u017cytkowania<\/strong><\/span><br \/>\n<span style=\"font-size: 14pt; font-family: arial, helvetica, sans-serif;\"><strong>Zaawansowany system ch\u0142odzenia: Gwarantuje najwy\u017cszy komfort pacjenta i zapobiega przegrzaniu, zapewniaj\u0105c spokojne do\u015bwiadczenie<\/strong><\/span><br \/>\n<span style=\"font-size: 14pt; font-family: arial, helvetica, sans-serif;\"><strong>Wysoka wydajno\u015b\u0107: konsekwentnie zapewnia niezawodne, bezpieczne i wydajne wyniki dla ka\u017cdej sesji<\/strong><\/span><br \/>\n<span style=\"font-size: 14pt; font-family: arial, helvetica, sans-serif;\"><strong>Trwa\u0142a konstrukcja: wykonana z materia\u0142\u00f3w wysokiej jako\u015bci, aby zapewni\u0107 trwa\u0142\u0105 wydajno\u015b\u0107 i d\u0142ugowieczno\u015b\u0107<\/strong><\/span><\/p>\n<p><img loading=\"lazy\" decoding=\"async\" class=\"aligncenter size-full wp-image-3564\" src=\"https:\/\/www.mlkjlasers.com\/wp-content\/uploads\/2026\/01\/D19-808ND-\u5207\u56fe_08.jpg\" alt=\"\" width=\"2400\" height=\"1350\" srcset=\"https:\/\/www.mlkjlasers.com\/wp-content\/uploads\/2026\/01\/D19-808ND-\u5207\u56fe_08.jpg 2400w, https:\/\/www.mlkjlasers.com\/wp-content\/uploads\/2026\/01\/D19-808ND-\u5207\u56fe_08-300x169.jpg 300w, https:\/\/www.mlkjlasers.com\/wp-content\/uploads\/2026\/01\/D19-808ND-\u5207\u56fe_08-1024x576.jpg 1024w, https:\/\/www.mlkjlasers.com\/wp-content\/uploads\/2026\/01\/D19-808ND-\u5207\u56fe_08-768x432.jpg 768w, https:\/\/www.mlkjlasers.com\/wp-content\/uploads\/2026\/01\/D19-808ND-\u5207\u56fe_08-1536x864.jpg 1536w, https:\/\/www.mlkjlasers.com\/wp-content\/uploads\/2026\/01\/D19-808ND-\u5207\u56fe_08-2048x1152.jpg 2048w, https:\/\/www.mlkjlasers.com\/wp-content\/uploads\/2026\/01\/D19-808ND-\u5207\u56fe_08-600x338.jpg 600w\" sizes=\"(max-width: 2400px) 100vw, 2400px\" \/><\/p>\n<p>&nbsp;<\/p>\n<p><img loading=\"lazy\" decoding=\"async\" class=\"aligncenter size-full wp-image-3562\" src=\"https:\/\/www.mlkjlasers.com\/wp-content\/uploads\/2026\/01\/D19-808ND-\u5207\u56fe_06.jpg\" alt=\"\" width=\"2400\" height=\"1350\" srcset=\"https:\/\/www.mlkjlasers.com\/wp-content\/uploads\/2026\/01\/D19-808ND-\u5207\u56fe_06.jpg 2400w, https:\/\/www.mlkjlasers.com\/wp-content\/uploads\/2026\/01\/D19-808ND-\u5207\u56fe_06-300x169.jpg 300w, https:\/\/www.mlkjlasers.com\/wp-content\/uploads\/2026\/01\/D19-808ND-\u5207\u56fe_06-1024x576.jpg 1024w, https:\/\/www.mlkjlasers.com\/wp-content\/uploads\/2026\/01\/D19-808ND-\u5207\u56fe_06-768x432.jpg 768w, https:\/\/www.mlkjlasers.com\/wp-content\/uploads\/2026\/01\/D19-808ND-\u5207\u56fe_06-1536x864.jpg 1536w, https:\/\/www.mlkjlasers.com\/wp-content\/uploads\/2026\/01\/D19-808ND-\u5207\u56fe_06-2048x1152.jpg 2048w, https:\/\/www.mlkjlasers.com\/wp-content\/uploads\/2026\/01\/D19-808ND-\u5207\u56fe_06-600x338.jpg 600w\" sizes=\"(max-width: 2400px) 100vw, 2400px\" \/><\/p>\n<p><span style=\"font-size: 14pt; font-family: arial, helvetica, sans-serif;\">Najbardziej zaawansowana profesjonalna maszyna do urody 2 w 1, starannie zaprojektowana dla niezr\u00f3wnanej doskona\u0142o\u015bci estetycznej. Posiada niezwyk\u0142e mo\u017cliwo\u015bci w usuwaniu w\u0142os\u00f3w, usuwaniu tatua\u017cy, usuwaniu pigmentu, usuwaniu pieg, usuwaniu krtki, usuwaniu haftu brwi, czarnej lalce twarzy. Jest zaprojektowany w celu podniesienia us\u0142ug profesjonalnych salon\u00f3w, klinik pi\u0119kno\u015bci i uzdrowisk medycznych do nowych poziom\u00f3w z\u0142o\u017cono\u015bci i satysfakcji klient\u00f3w.<\/span><\/p>\n<p>&nbsp;<\/p>\n<p><img loading=\"lazy\" decoding=\"async\" class=\"aligncenter size-full wp-image-3565\" src=\"https:\/\/www.mlkjlasers.com\/wp-content\/uploads\/2026\/01\/D19-808ND-\u5207\u56fe_09.jpg\" alt=\"\" width=\"2400\" height=\"1350\" srcset=\"https:\/\/www.mlkjlasers.com\/wp-content\/uploads\/2026\/01\/D19-808ND-\u5207\u56fe_09.jpg 2400w, https:\/\/www.mlkjlasers.com\/wp-content\/uploads\/2026\/01\/D19-808ND-\u5207\u56fe_09-300x169.jpg 300w, https:\/\/www.mlkjlasers.com\/wp-content\/uploads\/2026\/01\/D19-808ND-\u5207\u56fe_09-1024x576.jpg 1024w, https:\/\/www.mlkjlasers.com\/wp-content\/uploads\/2026\/01\/D19-808ND-\u5207\u56fe_09-768x432.jpg 768w, https:\/\/www.mlkjlasers.com\/wp-content\/uploads\/2026\/01\/D19-808ND-\u5207\u56fe_09-1536x864.jpg 1536w, https:\/\/www.mlkjlasers.com\/wp-content\/uploads\/2026\/01\/D19-808ND-\u5207\u56fe_09-2048x1152.jpg 2048w, https:\/\/www.mlkjlasers.com\/wp-content\/uploads\/2026\/01\/D19-808ND-\u5207\u56fe_09-600x338.jpg 600w\" sizes=\"(max-width: 2400px) 100vw, 2400px\" \/><\/p>\n<p>&nbsp;<\/p>\n<p><span style=\"font-family: arial, helvetica, sans-serif;\"><strong>FDA, CE, ISO13485, ROHS zawsze szukamy nowych inspiracji innowacyjnych, aby zapewni\u0107 naszym partnerom i klientom bardziej niezawodne produkty.<\/strong><\/span><\/p>\n<p><span style=\"font-family: arial, helvetica, sans-serif;\"><strong><a href=\"https:\/\/www.mlkjlasers.com\/pl\/contact-us\/\" target=\"_blank\" rel=\"noopener\">Skontaktuj si\u0119 z nami ju\u017c dzisiaj!<\/a><\/strong><\/span><\/p>\n<p><span style=\"font-family: arial, helvetica, sans-serif;\"><strong><a href=\"https:\/\/www.mlkjlasers.com\/pl\/contact-us\/\" target=\"_blank\" rel=\"noopener\">[Phone\u00a0Number]\uff1a+8615965364558<\/a><\/strong><\/span><\/p>\n<p><span style=\"font-family: arial, helvetica, sans-serif;\">[Email\u00a0Address]:sale@mingliangkj.com<\/span><\/p>","protected":false},"excerpt":{"rendered":"<p>Profesjonalny 755 808 1064 diodowe laserowe usuwanie w\u0142os\u00f3w Nd yag q prze\u0142\u0105czony laser usuwania tatua\u017cu<\/p>","protected":false},"featured_media":3554,"comment_status":"open","ping_status":"closed","template":"","meta":[],"product_cat":[29],"product_tag":[],"class_list":["post-2840","product","type-product","status-publish","has-post-thumbnail","hentry","product_cat-multifunction-beauty-machine"],"_links":{"self":[{"href":"https:\/\/www.mlkjlasers.com\/pl\/wp-json\/wp\/v2\/product\/2840","targetHints":{"allow":["GET"]}}],"collection":[{"href":"https:\/\/www.mlkjlasers.com\/pl\/wp-json\/wp\/v2\/product"}],"about":[{"href":"https:\/\/www.mlkjlasers.com\/pl\/wp-json\/wp\/v2\/types\/product"}],"replies":[{"embeddable":true,"href":"https:\/\/www.mlkjlasers.com\/pl\/wp-json\/wp\/v2\/comments?post=2840"}],"wp:featuredmedia":[{"embeddable":true,"href":"https:\/\/www.mlkjlasers.com\/pl\/wp-json\/wp\/v2\/media\/3554"}],"wp:attachment":[{"href":"https:\/\/www.mlkjlasers.com\/pl\/wp-json\/wp\/v2\/media?parent=2840"}],"wp:term":[{"taxonomy":"product_cat","embeddable":true,"href":"https:\/\/www.mlkjlasers.com\/pl\/wp-json\/wp\/v2\/product_cat?post=2840"},{"taxonomy":"product_tag","embeddable":true,"href":"https:\/\/www.mlkjlasers.com\/pl\/wp-json\/wp\/v2\/product_tag?post=2840"}],"curies":[{"name":"wp","href":"https:\/\/api.w.org\/{rel}","templated":true}]}}