{"id":2890,"date":"2024-01-19T14:00:16","date_gmt":"2024-01-19T06:00:16","guid":{"rendered":"https:\/\/mlkjlasers.com\/?post_type=product&#038;p=2890"},"modified":"2026-01-23T15:05:25","modified_gmt":"2026-01-23T07:05:25","slug":"80k-cavitation-vacuum-machine-rf-roller-massage-body-shaping-slimming-machine-cavitation-vacuum-rf-machine","status":"publish","type":"product","link":"https:\/\/www.mlkjlasers.com\/pl\/product\/80k-cavitation-vacuum-machine-rf-roller-massage-body-shaping-slimming-machine-cavitation-vacuum-rf-machine\/","title":{"rendered":"80K kawitacja pr\u00f3\u017cniowa maszyna RF rolka masa\u017c kszta\u0142towanie cia\u0142a odchudzanie maszyna kawitacja pr\u00f3\u017cniowa RF maszyna"},"content":{"rendered":"<p><img fetchpriority=\"high\" decoding=\"async\" class=\"aligncenter wp-image-2891\" src=\"https:\/\/mlkjlasers.com\/wp-content\/uploads\/2024\/01\/1.jpg\" alt=\"\" width=\"1920\" height=\"1080\" srcset=\"https:\/\/www.mlkjlasers.com\/wp-content\/uploads\/2024\/01\/1.jpg 1920w, https:\/\/www.mlkjlasers.com\/wp-content\/uploads\/2024\/01\/1-300x169.jpg 300w, https:\/\/www.mlkjlasers.com\/wp-content\/uploads\/2024\/01\/1-1024x576.jpg 1024w, https:\/\/www.mlkjlasers.com\/wp-content\/uploads\/2024\/01\/1-768x432.jpg 768w, https:\/\/www.mlkjlasers.com\/wp-content\/uploads\/2024\/01\/1-1536x864.jpg 1536w, https:\/\/www.mlkjlasers.com\/wp-content\/uploads\/2024\/01\/1-600x338.jpg 600w\" sizes=\"(max-width: 1920px) 100vw, 1920px\" \/><\/p>\n<p><img decoding=\"async\" class=\"aligncenter wp-image-2892\" src=\"https:\/\/mlkjlasers.com\/wp-content\/uploads\/2024\/01\/2.jpg\" alt=\"\" width=\"1920\" height=\"1080\" srcset=\"https:\/\/www.mlkjlasers.com\/wp-content\/uploads\/2024\/01\/2.jpg 1920w, https:\/\/www.mlkjlasers.com\/wp-content\/uploads\/2024\/01\/2-300x169.jpg 300w, https:\/\/www.mlkjlasers.com\/wp-content\/uploads\/2024\/01\/2-1024x576.jpg 1024w, https:\/\/www.mlkjlasers.com\/wp-content\/uploads\/2024\/01\/2-768x432.jpg 768w, https:\/\/www.mlkjlasers.com\/wp-content\/uploads\/2024\/01\/2-1536x864.jpg 1536w, https:\/\/www.mlkjlasers.com\/wp-content\/uploads\/2024\/01\/2-600x338.jpg 600w\" sizes=\"(max-width: 1920px) 100vw, 1920px\" \/><\/p>\n<p>&nbsp;<\/p>\n<p><span class=\"magic-9\"><b class=\"magic-10\" data-spm-anchor-id=\"a2700.wholesale.0.i89.7c517cf3tiIswF\">Kawitacja 80K: <\/b>W oparciu o zastosowanie fal ultrad\u017awi\u0119kowych niskiej cz\u0119stotliwo\u015bci tworzy w organizmie zjawisko zwane \u201ekawitacj\u0105\u201d. Kawitacja wyst\u0119puje, gdy fale ultrad\u017awi\u0119kowe powoduj\u0105 powstawanie i implozj\u0119 drobnych ba\u0144ki w cieczy otaczaj\u0105cej kom\u00f3rki t\u0142uszczowe, powoduj\u0105c ich rozpad. Mo\u017ce by\u0107 skuteczny w zmniejszeniu pojawienia si\u0119 cellulitu, tonizowaniu i umocnieniu sk\u00f3ry oraz zmniejszeniu obwodu obszar\u00f3w leczonych. <\/span><\/p>\n<div data-spm-anchor-id=\"a2700.wholesale.0.i87.7c517cf3tiIswF\"><span class=\"magic-9\"><b class=\"magic-10\">Wielobiegunowe RF: <\/b>Wykorzystuje fale elektromagnetyczne, kt\u00f3re s\u0105 nak\u0142adane na sk\u00f3r\u0119, a fale przenikaj\u0105 powierzchni\u0119 sk\u00f3ry i osi\u0105gaj\u0105 g\u0142\u0119bsze warstwy, powoduj\u0105c wibracj\u0119 tkanek i wytwarzanie ciep\u0142a. Tym samym stymuluje rozk\u0142ad kom\u00f3rek t\u0142uszczowych <\/span><\/div>\n<div data-spm-anchor-id=\"a2700.wholesale.0.i88.7c517cf3tiIswF\"><span class=\"magic-9\"><b class=\"magic-10\">pr\u00f3\u017cniowe RF: <\/b>\u0141\u0105czy technologi\u0119 zar\u00f3wno zasysania pr\u00f3\u017cniowego, jak i technologi\u0119 RF. Asyanie pr\u00f3\u017cniowe jest u\u017cywane do masa\u017cu i manipulowania sk\u00f3r\u0105, podczas gdy technologia RF jest u\u017cywana do ogrzewania g\u0142\u0119bokich warstw sk\u00f3ry, sprzyjaj\u0105c produkcji kolagenu i rozpadowi kom\u00f3rek t\u0142uszczowych.<\/span><\/div>\n<div data-spm-anchor-id=\"a2700.wholesale.0.i88.7c517cf3tiIswF\"><\/div>\n<div data-spm-anchor-id=\"a2700.wholesale.0.i88.7c517cf3tiIswF\"><img decoding=\"async\" class=\"aligncenter wp-image-2893\" src=\"https:\/\/mlkjlasers.com\/wp-content\/uploads\/2024\/01\/3.jpg\" alt=\"\" width=\"1920\" height=\"1608\" srcset=\"https:\/\/www.mlkjlasers.com\/wp-content\/uploads\/2024\/01\/3.jpg 1920w, https:\/\/www.mlkjlasers.com\/wp-content\/uploads\/2024\/01\/3-300x251.jpg 300w, https:\/\/www.mlkjlasers.com\/wp-content\/uploads\/2024\/01\/3-1024x858.jpg 1024w, https:\/\/www.mlkjlasers.com\/wp-content\/uploads\/2024\/01\/3-768x643.jpg 768w, https:\/\/www.mlkjlasers.com\/wp-content\/uploads\/2024\/01\/3-1536x1286.jpg 1536w, https:\/\/www.mlkjlasers.com\/wp-content\/uploads\/2024\/01\/3-600x503.jpg 600w\" sizes=\"(max-width: 1920px) 100vw, 1920px\" \/><\/div>\n<div data-spm-anchor-id=\"a2700.wholesale.0.i88.7c517cf3tiIswF\"><\/div>\n<div data-spm-anchor-id=\"a2700.wholesale.0.i88.7c517cf3tiIswF\"><b class=\"magic-10\" data-spm-anchor-id=\"a2700.wholesale.0.i91.7c517cf3tiIswF\">Jak dzia\u0142a ta maszyna?<br \/>\n<\/b>Poprzez g\u0142ow\u0119 operacyjn\u0105 twarzy mo\u017ce rewitalizowa\u0107 ludzkie fibroblasty, aby generowa\u0107 kolagen, w\u0142\u00f3kna elastyczne, kwas hialuronowy i inne substancje oraz przywr\u00f3ci\u0107 witalno\u015b\u0107 sk\u00f3ry; Mo\u017ce rozwi\u0105za\u0107 \u017c\u00f3\u0142taw\u0105 nudno\u015b\u0107 sk\u00f3ry twarzy, kontur nie jest jasny, brak elastyczno\u015bci, lu\u017ano\u015b\u0107 sk\u00f3ry, zmarszczki, podw\u00f3jny podbrod i depresja twarzy. Szczu\u0142e kszta\u0142towanie cia\u0142a: Do rozk\u0142adu adipocyt\u00f3w, rozk\u0142adu lipid\u00f3w na energi\u0119 mi\u0119\u015bniow\u0105, zmniejszenia obj\u0119to\u015bci t\u0142uszczu, napi\u0119cia sk\u00f3ry, efektu kszta\u0142tu. Mo\u017ce rozwi\u0105za\u0107 akumulacj\u0119 cellulitu, oty\u0142o\u015b\u0107 cia\u0142a, tkank\u0119 sk\u00f3ry pomara\u0144czowej, obrz\u0119k wilgoci itp.<\/p>\n<\/div>\n<div data-spm-anchor-id=\"a2700.wholesale.0.i88.7c517cf3tiIswF\"><\/div>\n<div data-spm-anchor-id=\"a2700.wholesale.0.i88.7c517cf3tiIswF\"><img loading=\"lazy\" decoding=\"async\" class=\"aligncenter wp-image-2897\" src=\"https:\/\/mlkjlasers.com\/wp-content\/uploads\/2024\/01\/7.jpg\" alt=\"\" width=\"1920\" height=\"1080\" srcset=\"https:\/\/www.mlkjlasers.com\/wp-content\/uploads\/2024\/01\/7.jpg 1920w, https:\/\/www.mlkjlasers.com\/wp-content\/uploads\/2024\/01\/7-300x169.jpg 300w, https:\/\/www.mlkjlasers.com\/wp-content\/uploads\/2024\/01\/7-1024x576.jpg 1024w, https:\/\/www.mlkjlasers.com\/wp-content\/uploads\/2024\/01\/7-768x432.jpg 768w, https:\/\/www.mlkjlasers.com\/wp-content\/uploads\/2024\/01\/7-1536x864.jpg 1536w, https:\/\/www.mlkjlasers.com\/wp-content\/uploads\/2024\/01\/7-600x338.jpg 600w\" sizes=\"(max-width: 1920px) 100vw, 1920px\" \/><\/div>\n<div data-spm-anchor-id=\"a2700.wholesale.0.i88.7c517cf3tiIswF\"><\/div>\n<div data-spm-anchor-id=\"a2700.wholesale.0.i88.7c517cf3tiIswF\"><b class=\"magic-10\">Zalety i cechy<br \/>\n<\/b>1. Uchwyt nadwozia jest wyposa\u017cony w 2,8-calowy ekran dotykowy, kt\u00f3ry jest \u0142atwiejszy w sterowaniu i regulowaniu.<br \/>\n2. Nie ma potrzeby kosmetyk\u00f3w ci\u0119\u017ckiego masa\u017cu, prosta obs\u0142uga jest bezpieczna.<br \/>\n3. Przyci\u0105ganie ci\u015bnienia ujemnego konwersji cz\u0119stotliwo\u015bci: czyste w\u0142a\u015bciwo\u015bci fizyczne nie uszkodzaj\u0105 sk\u00f3ry, najlepszym efektem jest<br \/>\nnajbardziej g\u0142\u0119boko.<br \/>\n4. Dwukierunkowa rolka nap\u0119dowa: powierzchnia kontaktowa jest szersza, obszar funkcji jest wi\u0119kszy, g\u0142\u0119boko\u015b\u0107 funkcji jest g\u0142\u0119bsza.<br \/>\n5. Osobista ekskluzywna kolekcja: g\u0142\u0119boko\u015b\u0107 tr\u00f3jwymiarowa, inteligentna niesko\u0144czenie zmienna g\u0142\u0119boko\u015b\u0107 stymulacji pr\u0119dko\u015bci jest inna.<\/div>\n<div data-spm-anchor-id=\"a2700.wholesale.0.i88.7c517cf3tiIswF\"><\/div>\n<div data-spm-anchor-id=\"a2700.wholesale.0.i88.7c517cf3tiIswF\"><img loading=\"lazy\" decoding=\"async\" class=\"aligncenter wp-image-2895\" src=\"https:\/\/mlkjlasers.com\/wp-content\/uploads\/2024\/01\/5.jpg\" alt=\"\" width=\"1920\" height=\"1080\" srcset=\"https:\/\/www.mlkjlasers.com\/wp-content\/uploads\/2024\/01\/5.jpg 1920w, https:\/\/www.mlkjlasers.com\/wp-content\/uploads\/2024\/01\/5-300x169.jpg 300w, https:\/\/www.mlkjlasers.com\/wp-content\/uploads\/2024\/01\/5-1024x576.jpg 1024w, https:\/\/www.mlkjlasers.com\/wp-content\/uploads\/2024\/01\/5-768x432.jpg 768w, https:\/\/www.mlkjlasers.com\/wp-content\/uploads\/2024\/01\/5-1536x864.jpg 1536w, https:\/\/www.mlkjlasers.com\/wp-content\/uploads\/2024\/01\/5-600x338.jpg 600w\" sizes=\"(max-width: 1920px) 100vw, 1920px\" \/><\/div>\n<div data-spm-anchor-id=\"a2700.wholesale.0.i88.7c517cf3tiIswF\"><\/div>\n<div data-spm-anchor-id=\"a2700.wholesale.0.i88.7c517cf3tiIswF\"><img loading=\"lazy\" decoding=\"async\" class=\"aligncenter wp-image-2896\" src=\"https:\/\/mlkjlasers.com\/wp-content\/uploads\/2024\/01\/6.jpg\" alt=\"\" width=\"1920\" height=\"1608\" srcset=\"https:\/\/www.mlkjlasers.com\/wp-content\/uploads\/2024\/01\/6.jpg 1920w, https:\/\/www.mlkjlasers.com\/wp-content\/uploads\/2024\/01\/6-300x251.jpg 300w, https:\/\/www.mlkjlasers.com\/wp-content\/uploads\/2024\/01\/6-1024x858.jpg 1024w, https:\/\/www.mlkjlasers.com\/wp-content\/uploads\/2024\/01\/6-768x643.jpg 768w, https:\/\/www.mlkjlasers.com\/wp-content\/uploads\/2024\/01\/6-1536x1286.jpg 1536w, https:\/\/www.mlkjlasers.com\/wp-content\/uploads\/2024\/01\/6-600x503.jpg 600w\" sizes=\"(max-width: 1920px) 100vw, 1920px\" \/><\/div>\n<div data-spm-anchor-id=\"a2700.wholesale.0.i88.7c517cf3tiIswF\"><\/div>\n<div data-spm-anchor-id=\"a2700.wholesale.0.i88.7c517cf3tiIswF\"><img loading=\"lazy\" decoding=\"async\" class=\"aligncenter wp-image-2894\" src=\"https:\/\/mlkjlasers.com\/wp-content\/uploads\/2024\/01\/4.jpg\" alt=\"\" width=\"1920\" height=\"1080\" srcset=\"https:\/\/www.mlkjlasers.com\/wp-content\/uploads\/2024\/01\/4.jpg 1920w, https:\/\/www.mlkjlasers.com\/wp-content\/uploads\/2024\/01\/4-300x169.jpg 300w, https:\/\/www.mlkjlasers.com\/wp-content\/uploads\/2024\/01\/4-1024x576.jpg 1024w, https:\/\/www.mlkjlasers.com\/wp-content\/uploads\/2024\/01\/4-768x432.jpg 768w, https:\/\/www.mlkjlasers.com\/wp-content\/uploads\/2024\/01\/4-1536x864.jpg 1536w, https:\/\/www.mlkjlasers.com\/wp-content\/uploads\/2024\/01\/4-600x338.jpg 600w\" sizes=\"(max-width: 1920px) 100vw, 1920px\" \/><\/div>\n<div data-spm-anchor-id=\"a2700.wholesale.0.i88.7c517cf3tiIswF\"><\/div>\n<div data-spm-anchor-id=\"a2700.wholesale.0.i88.7c517cf3tiIswF\">* 14-calowy ekran dotykowy, \u0142atwy w obs\u0142udze;<br \/>\n* Zapewnienie us\u0142ug dostosowania wygl\u0105du produktu i systemu operacyjnego;<br \/>\n* szkolenie w zakresie wskaz\u00f3wek dotycz\u0105cych stosowania produktu;<br \/>\n* Wskaz\u00f3wki dotycz\u0105ce aktualizacji systemu, ekskluzywna us\u0142uga \u015bledzenia obs\u0142ugi klienta!<\/div>\n<div data-spm-anchor-id=\"a2700.wholesale.0.i88.7c517cf3tiIswF\"><\/div>\n<div data-spm-anchor-id=\"a2700.wholesale.0.i88.7c517cf3tiIswF\"><img loading=\"lazy\" decoding=\"async\" class=\"aligncenter wp-image-2898\" src=\"https:\/\/mlkjlasers.com\/wp-content\/uploads\/2024\/01\/8.jpg\" alt=\"\" width=\"1920\" height=\"1080\" srcset=\"https:\/\/www.mlkjlasers.com\/wp-content\/uploads\/2024\/01\/8.jpg 1920w, https:\/\/www.mlkjlasers.com\/wp-content\/uploads\/2024\/01\/8-300x169.jpg 300w, https:\/\/www.mlkjlasers.com\/wp-content\/uploads\/2024\/01\/8-1024x576.jpg 1024w, https:\/\/www.mlkjlasers.com\/wp-content\/uploads\/2024\/01\/8-768x432.jpg 768w, https:\/\/www.mlkjlasers.com\/wp-content\/uploads\/2024\/01\/8-1536x864.jpg 1536w, https:\/\/www.mlkjlasers.com\/wp-content\/uploads\/2024\/01\/8-600x338.jpg 600w\" sizes=\"(max-width: 1920px) 100vw, 1920px\" \/><\/div>\n<div data-spm-anchor-id=\"a2700.wholesale.0.i88.7c517cf3tiIswF\"><\/div>\n<div data-spm-anchor-id=\"a2700.wholesale.0.i88.7c517cf3tiIswF\"><em><strong><span style=\"color: #0000ff;\">Wi\u0119cej szczeg\u00f3\u0142\u00f3w produktu i metod zastosowania, zapraszamy do konsultacji z nami!<\/span><\/strong><\/em><br \/>\n<em><strong><span style=\"color: #0000ff;\">7 * 24 godziny us\u0142ugi online!<\/span><\/strong><\/em><\/div>\n<div data-spm-anchor-id=\"a2700.wholesale.0.i88.7c517cf3tiIswF\"><\/div>","protected":false},"excerpt":{"rendered":"<p>&nbsp; Kawitacja 80K: W oparciu o zastosowanie fal ultrad\u017awi\u0119kowych niskiej cz\u0119stotliwo\u015bci tworzy w organizmie zjawisko zwane \"kawitacj\u0105\". Kawitacja wyst\u0119puje, gdy fale ultrad\u017awi\u0119kowe powoduj\u0105 powstawanie i implozj\u0119 drobnych ba\u0144ki w cieczy otaczaj\u0105cej kom\u00f3rki t\u0142uszczowe, powoduj\u0105c ich rozpad. Mo\u017ce by\u0107 skuteczny w zmniejszeniu wygl\u0105du [&hellip;]<\/p>","protected":false},"featured_media":3492,"comment_status":"open","ping_status":"closed","template":"","meta":[],"product_cat":[28],"product_tag":[],"class_list":["post-2890","product","type-product","status-publish","has-post-thumbnail","hentry","product_cat-slimming-machine"],"_links":{"self":[{"href":"https:\/\/www.mlkjlasers.com\/pl\/wp-json\/wp\/v2\/product\/2890","targetHints":{"allow":["GET"]}}],"collection":[{"href":"https:\/\/www.mlkjlasers.com\/pl\/wp-json\/wp\/v2\/product"}],"about":[{"href":"https:\/\/www.mlkjlasers.com\/pl\/wp-json\/wp\/v2\/types\/product"}],"replies":[{"embeddable":true,"href":"https:\/\/www.mlkjlasers.com\/pl\/wp-json\/wp\/v2\/comments?post=2890"}],"wp:featuredmedia":[{"embeddable":true,"href":"https:\/\/www.mlkjlasers.com\/pl\/wp-json\/wp\/v2\/media\/3492"}],"wp:attachment":[{"href":"https:\/\/www.mlkjlasers.com\/pl\/wp-json\/wp\/v2\/media?parent=2890"}],"wp:term":[{"taxonomy":"product_cat","embeddable":true,"href":"https:\/\/www.mlkjlasers.com\/pl\/wp-json\/wp\/v2\/product_cat?post=2890"},{"taxonomy":"product_tag","embeddable":true,"href":"https:\/\/www.mlkjlasers.com\/pl\/wp-json\/wp\/v2\/product_tag?post=2890"}],"curies":[{"name":"wp","href":"https:\/\/api.w.org\/{rel}","templated":true}]}}