{"id":3006,"date":"2024-04-01T13:51:19","date_gmt":"2024-04-01T05:51:19","guid":{"rendered":"https:\/\/mlkjlasers.com\/?post_type=product&#038;p=3006"},"modified":"2026-01-20T15:53:26","modified_gmt":"2026-01-20T07:53:26","slug":"mlkj-medical-diode-laser-titanium-double-handle-hair-removal-machine-2-2-2-2","status":"publish","type":"product","link":"https:\/\/www.mlkjlasers.com\/pl\/product\/mlkj-medical-diode-laser-titanium-double-handle-hair-removal-machine-2-2-2-2\/","title":{"rendered":"Cena fabryczna! Maszyna do depilacji laserowej 755nm 808nm 1064nm Maszyna do depilacji laserowej diody 1800W Maszyna do depilacji laserowej V29"},"content":{"rendered":"<table style=\"border-collapse: collapse; width: 100%; height: 174px;\">\n<tbody>\n<tr style=\"height: 16px;\">\n<td style=\"width: 44.9553%; height: 16px;\"><span style=\"font-family: helvetica, arial, sans-serif; color: #000000; font-size: 12pt;\">Maszyna do depilacji laserowej diody MLKJ\u00a0<\/span><\/td>\n<td style=\"width: 55.0447%; height: 16px;\"><span style=\"font-family: helvetica, arial, sans-serif; color: #000000; font-size: 12pt;\">Numer modelu: 4K V29<\/span><\/td>\n<\/tr>\n<tr style=\"height: 24px;\">\n<td style=\"width: 44.9553%; height: 24px;\"><span style=\"font-family: helvetica, arial, sans-serif; color: #000000; font-size: 12pt;\">D\u0142ugo\u015b\u0107 fali: 808nm lub 755 808 1064nm<\/span><\/td>\n<td style=\"width: 55.0447%; height: 24px;\"><span style=\"font-family: helvetica, arial, sans-serif; color: #000000; font-size: 12pt;\">Rozmiar ekranu: 14 calowy ekran dotykowy w stylu 4K<\/span><\/td>\n<\/tr>\n<tr style=\"height: 24px;\">\n<td style=\"width: 44.9553%; height: 24px;\"><span style=\"font-family: helvetica, arial, sans-serif; color: #000000; font-size: 12pt;\">Do\u017cywotno\u015b\u0107: 40 milion\u00f3w strza\u0142\u00f3w<\/span><\/td>\n<td style=\"width: 55.0447%; height: 24px;\"><span style=\"font-family: helvetica, arial, sans-serif; color: #000000; font-size: 12pt;\">Czas trwania pulsu: 10-300ms<\/span><\/td>\n<\/tr>\n<tr style=\"height: 24px;\">\n<td style=\"width: 44.9553%; height: 24px;\"><span style=\"font-family: helvetica, arial, sans-serif; color: #000000; font-size: 12pt;\">Ta\u015bma laserowa: 100w dla ka\u017cdego, sp\u00f3jny pr\u0119t laserowy Ameryki<\/span><\/td>\n<td style=\"width: 55.0447%; height: 24px;\"><span style=\"font-family: helvetica, arial, sans-serif; color: #000000; font-size: 12pt;\">Cz\u0119stotliwo\u015b\u0107: 1-10 Hz<\/span><\/td>\n<\/tr>\n<tr style=\"height: 24px;\">\n<td style=\"width: 44.9553%; height: 24px;\"><span style=\"font-family: helvetica, arial, sans-serif; color: #000000; font-size: 12pt;\">Rozmiar miejsca: 12x20 mm lub 12x35 mm rozmiar miejsca<\/span><\/td>\n<td style=\"width: 55.0447%; height: 24px;\"><span style=\"font-family: helvetica, arial, sans-serif; color: #000000; font-size: 12pt;\">Energia: 1-150J<\/span><\/td>\n<\/tr>\n<tr style=\"height: 24px;\">\n<td style=\"width: 44.9553%; height: 24px;\"><span style=\"font-family: helvetica, arial, sans-serif; color: #000000; font-size: 12pt;\">System ch\u0142odzenia: powietrze wodne TEC<\/span><\/td>\n<td style=\"width: 55.0447%; height: 24px;\"><span style=\"font-family: helvetica, arial, sans-serif; color: #000000; font-size: 12pt;\">Moc maszyny: 3500W<\/span><\/td>\n<\/tr>\n<tr style=\"height: 24px;\">\n<td style=\"width: 44.9553%; height: 24px;\"><span style=\"font-family: helvetica, arial, sans-serif; color: #000000; font-size: 12pt;\">Napi\u0119cie: AC110V 60HZ \/ AC220V 50HZ<\/span><\/td>\n<td style=\"width: 55.0447%; height: 24px;\"><span style=\"font-family: helvetica, arial, sans-serif; color: #000000; font-size: 12pt;\">Rozmiar maszyny: 1000 mm * 480 mm * 5200 mm<\/span><\/td>\n<\/tr>\n<tr style=\"height: 14px;\">\n<td style=\"width: 44.9553%; height: 14px;\"><span style=\"font-family: helvetica, arial, sans-serif; color: #000000; font-size: 12pt;\">Opakowanie: Aluminiowe pude\u0142ko<\/span><\/td>\n<td style=\"width: 55.0447%; height: 14px;\"><span style=\"font-family: helvetica, arial, sans-serif; color: #000000; font-size: 12pt;\">Gwarancja serwisowa: 2 lata gwarancji<\/span><\/td>\n<\/tr>\n<\/tbody>\n<\/table>\n<div><\/div>\n<div><\/div>\n<div><span style=\"font-family: helvetica, arial, sans-serif; color: #000000; font-size: 12pt;\"><img fetchpriority=\"high\" decoding=\"async\" class=\"aligncenter wp-image-3007\" src=\"https:\/\/mlkjlasers.com\/wp-content\/uploads\/2024\/04\/1920X1080-\u6d77\u62a5.jpg\" alt=\"\" width=\"1920\" height=\"1080\" srcset=\"https:\/\/www.mlkjlasers.com\/wp-content\/uploads\/2024\/04\/1920X1080-\u6d77\u62a5.jpg 1920w, https:\/\/www.mlkjlasers.com\/wp-content\/uploads\/2024\/04\/1920X1080-\u6d77\u62a5-300x169.jpg 300w, https:\/\/www.mlkjlasers.com\/wp-content\/uploads\/2024\/04\/1920X1080-\u6d77\u62a5-1024x576.jpg 1024w, https:\/\/www.mlkjlasers.com\/wp-content\/uploads\/2024\/04\/1920X1080-\u6d77\u62a5-768x432.jpg 768w, https:\/\/www.mlkjlasers.com\/wp-content\/uploads\/2024\/04\/1920X1080-\u6d77\u62a5-1536x864.jpg 1536w, https:\/\/www.mlkjlasers.com\/wp-content\/uploads\/2024\/04\/1920X1080-\u6d77\u62a5-600x338.jpg 600w\" sizes=\"(max-width: 1920px) 100vw, 1920px\" \/><\/span><\/div>\n<div><\/div>\n<div><\/div>\n<div><\/div>\n<div><span style=\"color: #000000; font-family: helvetica, arial, sans-serif; font-size: 12pt;\">Z dum\u0105 mo\u017cemy przedstawi\u0107 nowoczesny uchwyt laserowy diodowy, niezr\u00f3wnane rozwi\u0105zanie do bezbolesnej i trwa\u0142ej depilacji w\u0142os\u00f3w. Dzi\u0119ki skrupulatnemu projektowaniu naukowemu, nasz wysokoenergetyczny promie\u0144 laserowy bez wysi\u0142ku przenika\u0142 sk\u00f3r\u0119, precyzyjnie kieruj\u0105c si\u0119 do p\u0119cherzyka w\u0142osowego podczas leczenia. Wykorzystuj\u0105c moc wch\u0142aniania melaniny, wyj\u015bcie laserowe skutecznie zniszcza p\u0119cherzyk w\u0142osowy, gwarantuj\u0105c d\u0142ugotrwa\u0142e wyniki, kt\u00f3re pozostawi\u0105 Ci\u0119 zaskoczonym.<\/span><\/div>\n<div><\/div>\n<div><span style=\"color: #000000; font-family: helvetica, arial, sans-serif; font-size: 12pt;\"><img decoding=\"async\" class=\"aligncenter wp-image-1831\" src=\"https:\/\/mlkjlasers.com\/wp-content\/uploads\/2023\/07\/V19-\u767d\u8272\u4e3b\u56fe3.jpg\" alt=\"\" width=\"1920\" height=\"1920\" srcset=\"https:\/\/www.mlkjlasers.com\/wp-content\/uploads\/2023\/07\/V19-\u767d\u8272\u4e3b\u56fe3.jpg 750w, https:\/\/www.mlkjlasers.com\/wp-content\/uploads\/2023\/07\/V19-\u767d\u8272\u4e3b\u56fe3-300x300.jpg 300w, https:\/\/www.mlkjlasers.com\/wp-content\/uploads\/2023\/07\/V19-\u767d\u8272\u4e3b\u56fe3-150x150.jpg 150w, https:\/\/www.mlkjlasers.com\/wp-content\/uploads\/2023\/07\/V19-\u767d\u8272\u4e3b\u56fe3-600x600.jpg 600w, https:\/\/www.mlkjlasers.com\/wp-content\/uploads\/2023\/07\/V19-\u767d\u8272\u4e3b\u56fe3-100x100.jpg 100w\" sizes=\"(max-width: 1920px) 100vw, 1920px\" \/><\/span><\/div>\n<div><\/div>\n<p><span style=\"font-family: helvetica, arial, sans-serif;\">Jedn\u0105 z kluczowych cech, kt\u00f3re wyr\u00f3\u017cniaj\u0105 nasz\u0105 technologi\u0119, jest zastosowanie szeroko\u015bci pulsu laserowego kr\u00f3tszej ni\u017c ludzkie cia\u0142o &#8217; Czucie czasu. Oznacza to, \u017ce leczenie jest szybkie, a ka\u017cdy strza\u0142 \u015bwietlny jest w chwili, ty&#8217; Nie zauwa\u017c\u0119 \u017cadnego dyskomfortu. Tak, dobrze przeczyta\u0142e\u015b \u2013 bezbolesna depilacja w\u0142os\u00f3w jest teraz rzeczywisto\u015bci\u0105, rewolucjonuj\u0105c\u0105 spos\u00f3b podej\u015bcia do zabieg\u00f3w kosmetycznych i zwi\u0119kszaj\u0105c\u0105 komfort naszych klient\u00f3w.<\/span><\/p>\n<p><span style=\"font-family: helvetica, arial, sans-serif;\">Uchwyt laserowy diodowy zosta\u0142 zaprojektowany z my\u015bl\u0105 o wszechstronno\u015bci. Mo\u017ce skutecznie usuwa\u0107 w\u0142osy o r\u00f3\u017cnych kolorach, grubo\u015bciach i odcieniach, dzi\u0119ki czemu jest idealnym rozwi\u0105zaniem dla szerokiej gamy typ\u00f3w sk\u00f3ry i potrzeb depilacji. Nasza unikalna g\u0142owica laserowa posiada wi\u0119ksz\u0105 powierzchni\u0119, umo\u017cliwiaj\u0105c o 40% szybsz\u0105 usuwanie w\u0142os\u00f3w w por\u00f3wnaniu do innych technologii na rynku.<\/span><\/p>\n<p><span style=\"font-family: helvetica, arial, sans-serif;\">\u00a0<\/span><\/p>\n<p><span style=\"font-family: helvetica, arial, sans-serif;\"><img decoding=\"async\" class=\"aligncenter wp-image-1847\" src=\"https:\/\/mlkjlasers.com\/wp-content\/uploads\/2023\/07\/V26-\u6d77\u62a51200_02.jpg\" alt=\"\" width=\"1920\" height=\"973\" srcset=\"https:\/\/www.mlkjlasers.com\/wp-content\/uploads\/2023\/07\/V26-\u6d77\u62a51200_02.jpg 1200w, https:\/\/www.mlkjlasers.com\/wp-content\/uploads\/2023\/07\/V26-\u6d77\u62a51200_02-300x152.jpg 300w, https:\/\/www.mlkjlasers.com\/wp-content\/uploads\/2023\/07\/V26-\u6d77\u62a51200_02-1024x519.jpg 1024w, https:\/\/www.mlkjlasers.com\/wp-content\/uploads\/2023\/07\/V26-\u6d77\u62a51200_02-768x389.jpg 768w, https:\/\/www.mlkjlasers.com\/wp-content\/uploads\/2023\/07\/V26-\u6d77\u62a51200_02-600x304.jpg 600w\" sizes=\"(max-width: 1920px) 100vw, 1920px\" \/><\/span><\/p>\n<p>&nbsp;<\/p>\n<p><span style=\"font-family: helvetica, arial, sans-serif;\">Rozmiar plamy wynosi 12 * 20 mm 12 * 35 mm, idealny do usuwania w\u0142os\u00f3w we wszystkich cz\u0119\u015bciach cia\u0142a, z planem leczenia 3-5 sesji, dzi\u0119ki czemu proces jest zasadniczo trwa\u0142y<\/span><\/p>\n<p>&nbsp;<\/p>\n<p><span style=\"font-family: helvetica, arial, sans-serif; font-size: 14pt;\"><strong>Technologia ch\u0142odzenia<\/strong><\/span><br \/>\n<span style=\"font-family: helvetica, arial, sans-serif;\">Maszyny te wykorzystuj\u0105 zaawansowan\u0105 technologi\u0119 ch\u0142odzenia i pracuj\u0105 w niskiej temperaturze -31 \u00b0 C, zapewniaj\u0105c pacjentom niezr\u00f3wnany komfort podczas depilacji. Po w\u0142\u0105czeniu urz\u0105dzenia zapewnia natychmiastowe ch\u0142odzenie, zapewniaj\u0105c bezbolesne do\u015bwiadczenie. Ponadto ci\u0105g\u0142e ch\u0142odzenie przez ca\u0142y okres leczenia minimalizuje ewentualne zagro\u017cenia dla sk\u00f3ry, a jednocze\u015bnie skutecznie utrzymuje ciep\u0142o. Pacjenci mog\u0105 teraz cieszy\u0107 si\u0119 ca\u0142kowicie bezbolesn\u0105, ch\u0142odn\u0105 i wygodn\u0105 procedur\u0105, kt\u00f3ra ustanawia nowy standard w leczeniu depilacji.<\/span><\/p>\n<p>&nbsp;<\/p>\n<p><span style=\"font-family: helvetica, arial, sans-serif;\"><img loading=\"lazy\" decoding=\"async\" class=\"aligncenter wp-image-1823\" src=\"https:\/\/mlkjlasers.com\/wp-content\/uploads\/2023\/07\/\u767d\u8272V19_06.jpg\" alt=\"\" width=\"1920\" height=\"1024\" srcset=\"https:\/\/www.mlkjlasers.com\/wp-content\/uploads\/2023\/07\/\u767d\u8272V19_06.jpg 1200w, https:\/\/www.mlkjlasers.com\/wp-content\/uploads\/2023\/07\/\u767d\u8272V19_06-300x160.jpg 300w, https:\/\/www.mlkjlasers.com\/wp-content\/uploads\/2023\/07\/\u767d\u8272V19_06-1024x546.jpg 1024w, https:\/\/www.mlkjlasers.com\/wp-content\/uploads\/2023\/07\/\u767d\u8272V19_06-768x410.jpg 768w, https:\/\/www.mlkjlasers.com\/wp-content\/uploads\/2023\/07\/\u767d\u8272V19_06-600x320.jpg 600w\" sizes=\"(max-width: 1920px) 100vw, 1920px\" \/><\/span><\/p>\n<p>&nbsp;<\/p>\n<p><span style=\"font-family: helvetica, arial, sans-serif; font-size: 14pt;\"><strong>Opcje intensywnego leczenia<\/strong><\/span><\/p>\n<p><span style=\"font-family: helvetica, arial, sans-serif;\">Opr\u00f3cz zapewnienia kompleksowego rozwi\u0105zania do usuwania w\u0142os\u00f3w dla wszystkich cz\u0119\u015bci cia\u0142a, te innowacyjne maszyny mog\u0105 by\u0107 r\u00f3wnie\u017c sparowane z g\u0142owicami do leczenia w\u0142os\u00f3w nosa. <\/span><\/p>\n<p><span style=\"font-family: helvetica, arial, sans-serif;\">Funkcja ta umo\u017cliwia praktykom prac\u0119 nawet z najmniejszymi obszarami, takimi jak palce, uszy i w\u0142osy nosa, rozszerzaj\u0105c tym samym zakres ich us\u0142ug.<\/span><\/p>\n<p>&nbsp;<\/p>\n<p><span style=\"font-family: helvetica, arial, sans-serif;\"> <img loading=\"lazy\" decoding=\"async\" class=\"aligncenter wp-image-1820\" src=\"https:\/\/mlkjlasers.com\/wp-content\/uploads\/2023\/07\/\u767d\u8272V19_09.jpg\" alt=\"\" width=\"1920\" height=\"1176\" srcset=\"https:\/\/www.mlkjlasers.com\/wp-content\/uploads\/2023\/07\/\u767d\u8272V19_09.jpg 1200w, https:\/\/www.mlkjlasers.com\/wp-content\/uploads\/2023\/07\/\u767d\u8272V19_09-300x184.jpg 300w, https:\/\/www.mlkjlasers.com\/wp-content\/uploads\/2023\/07\/\u767d\u8272V19_09-1024x627.jpg 1024w, https:\/\/www.mlkjlasers.com\/wp-content\/uploads\/2023\/07\/\u767d\u8272V19_09-768x470.jpg 768w, https:\/\/www.mlkjlasers.com\/wp-content\/uploads\/2023\/07\/\u767d\u8272V19_09-600x368.jpg 600w\" sizes=\"(max-width: 1920px) 100vw, 1920px\" \/><\/span><\/p>\n<p><img loading=\"lazy\" decoding=\"async\" class=\"aligncenter wp-image-3008\" src=\"https:\/\/mlkjlasers.com\/wp-content\/uploads\/2024\/04\/\u624b\u67c4\u53ca\u6548\u679c-2.jpg\" alt=\"\" width=\"1920\" height=\"1920\" srcset=\"https:\/\/www.mlkjlasers.com\/wp-content\/uploads\/2024\/04\/\u624b\u67c4\u53ca\u6548\u679c-2.jpg 750w, https:\/\/www.mlkjlasers.com\/wp-content\/uploads\/2024\/04\/\u624b\u67c4\u53ca\u6548\u679c-2-300x300.jpg 300w, https:\/\/www.mlkjlasers.com\/wp-content\/uploads\/2024\/04\/\u624b\u67c4\u53ca\u6548\u679c-2-150x150.jpg 150w, https:\/\/www.mlkjlasers.com\/wp-content\/uploads\/2024\/04\/\u624b\u67c4\u53ca\u6548\u679c-2-600x600.jpg 600w, https:\/\/www.mlkjlasers.com\/wp-content\/uploads\/2024\/04\/\u624b\u67c4\u53ca\u6548\u679c-2-100x100.jpg 100w\" sizes=\"(max-width: 1920px) 100vw, 1920px\" \/><\/p>\n<p>&nbsp;<\/p>\n<p><span style=\"font-family: helvetica, arial, sans-serif; font-size: 14pt;\"><strong>Opr\u00f3cz najnowocze\u015bniejszych cech, nasz uchwyt laserowy diodowy ma 14-calowy ekran, kt\u00f3ry oferuje inteligentne do\u015bwiadczenie dotykowe.<\/strong> <\/span><\/p>\n<p><span style=\"font-family: helvetica, arial, sans-serif;\">Jest wysoce dostosowywalny, z sze\u015bcioma r\u00f3\u017cnymi stylami sk\u00f3ry do wyboru, spe\u0142niaj\u0105c r\u00f3\u017cnorodne preferencje naszych u\u017cytkownik\u00f3w. <\/span><\/p>\n<p><span style=\"font-family: helvetica, arial, sans-serif;\">Obs\u0142uga urz\u0105dzenia jest \u0142atwa, a my zapewniamy kompleksowe umiej\u0119tno\u015bci operacyjne i us\u0142ugi nauczania, aby zapewni\u0107, \u017ce korzystasz jak najlepiej z tej niezwyk\u0142ej technologii.<\/span><\/p>\n<p><span style=\"font-family: helvetica, arial, sans-serif;\"> <img loading=\"lazy\" decoding=\"async\" class=\"aligncenter wp-image-1824\" src=\"https:\/\/mlkjlasers.com\/wp-content\/uploads\/2023\/07\/\u767d\u8272V19_05.jpg\" alt=\"\" width=\"1920\" height=\"955\" srcset=\"https:\/\/www.mlkjlasers.com\/wp-content\/uploads\/2023\/07\/\u767d\u8272V19_05.jpg 1200w, https:\/\/www.mlkjlasers.com\/wp-content\/uploads\/2023\/07\/\u767d\u8272V19_05-300x149.jpg 300w, https:\/\/www.mlkjlasers.com\/wp-content\/uploads\/2023\/07\/\u767d\u8272V19_05-1024x509.jpg 1024w, https:\/\/www.mlkjlasers.com\/wp-content\/uploads\/2023\/07\/\u767d\u8272V19_05-768x382.jpg 768w, https:\/\/www.mlkjlasers.com\/wp-content\/uploads\/2023\/07\/\u767d\u8272V19_05-600x299.jpg 600w\" sizes=\"(max-width: 1920px) 100vw, 1920px\" \/><\/span><\/p>\n<p>&nbsp;<\/p>\n<div class=\"des_detail\">\n<p><strong><span style=\"font-family: helvetica, arial, sans-serif;\">MLKJ to 16-letnia firma integruj\u0105ca projektowanie, rozw\u00f3j, produkcj\u0119 i sprzeda\u017c instrument\u00f3w kosmetycznych. <\/span><\/strong><\/p>\n<p><strong><span style=\"font-family: helvetica, arial, sans-serif;\">Posiadamy profesjonalne certyfikaty FDA i CE.<\/span><\/strong><\/p>\n<p><strong><span style=\"font-family: helvetica, arial, sans-serif;\">Prawdziwa fabryka, prawdziwy proces produkcji, prawdziwa ocena! <\/span><\/strong><\/p>\n<p><strong><span style=\"font-family: helvetica, arial, sans-serif;\">Witamy w naszej firmie lub wizycie wideo! <\/span><\/strong><\/p>\n<p><strong><span style=\"font-family: helvetica, arial, sans-serif;\">Tylko wtedy, gdy wybierzesz prawdziwego partnera, jako\u015b\u0107 produktu mo\u017ce by\u0107 zagwarantowana!<\/span><\/strong><\/p>\n<p><span style=\"font-size: 18pt; font-family: helvetica, arial, sans-serif; color: #0000ff;\"><a style=\"color: #0000ff;\" href=\"https:\/\/www.mlkjlasers.com\/pl\/contact-us\/\" target=\"_blank\" rel=\"noopener\">Skontaktuj si\u0119 z nami teraz!<\/a><\/span><\/p>\n<p>&nbsp;<\/p>\n<\/div>","protected":false},"excerpt":{"rendered":"<p><span style=\"font-family: helvetica, arial, sans-serif;\">Laser diodowy 3 fale 808nm 755nm 1064nm, mo\u017cna u\u017cywa\u0107 wszystkich typ\u00f3w sk\u00f3ry<\/span><\/p>\n<p><span style=\"font-family: helvetica, arial, sans-serif;\">Unikalny system ch\u0142odzenia Dual-TEC, najbardziej skuteczny w celu zapewnienia pracy maszyny, 24 godziny bez przestoj\u00f3w<\/span><\/p>\n<p><span style=\"font-family: helvetica, arial, sans-serif;\">Z\u0142ote pr\u0119ty laserowe z Niemiec lub USA imporved<\/span><\/p>\n<p><span style=\"font-family: helvetica, arial, sans-serif;\">40,000,000 d\u0142u\u017csza \u017cywotno\u015b\u0107 Leczenie do szybkiej i bezbolesnej depilacji<\/span><\/p>\n<p><span style=\"font-family: helvetica, arial, sans-serif;\">Sta\u0142e usuwanie w\u0142os\u00f3w po 3-5 zabiegach<\/span><\/p>","protected":false},"featured_media":3011,"comment_status":"open","ping_status":"closed","template":"","meta":[],"product_cat":[15],"product_tag":[],"class_list":["post-3006","product","type-product","status-publish","has-post-thumbnail","hentry","product_cat-diode-laser-hair-removal-machine"],"_links":{"self":[{"href":"https:\/\/www.mlkjlasers.com\/pl\/wp-json\/wp\/v2\/product\/3006","targetHints":{"allow":["GET"]}}],"collection":[{"href":"https:\/\/www.mlkjlasers.com\/pl\/wp-json\/wp\/v2\/product"}],"about":[{"href":"https:\/\/www.mlkjlasers.com\/pl\/wp-json\/wp\/v2\/types\/product"}],"replies":[{"embeddable":true,"href":"https:\/\/www.mlkjlasers.com\/pl\/wp-json\/wp\/v2\/comments?post=3006"}],"wp:featuredmedia":[{"embeddable":true,"href":"https:\/\/www.mlkjlasers.com\/pl\/wp-json\/wp\/v2\/media\/3011"}],"wp:attachment":[{"href":"https:\/\/www.mlkjlasers.com\/pl\/wp-json\/wp\/v2\/media?parent=3006"}],"wp:term":[{"taxonomy":"product_cat","embeddable":true,"href":"https:\/\/www.mlkjlasers.com\/pl\/wp-json\/wp\/v2\/product_cat?post=3006"},{"taxonomy":"product_tag","embeddable":true,"href":"https:\/\/www.mlkjlasers.com\/pl\/wp-json\/wp\/v2\/product_tag?post=3006"}],"curies":[{"name":"wp","href":"https:\/\/api.w.org\/{rel}","templated":true}]}}