{"id":3323,"date":"2026-01-06T10:13:24","date_gmt":"2026-01-06T02:13:24","guid":{"rendered":"https:\/\/www.mlkjlasers.com\/?post_type=product&#038;p=3323"},"modified":"2026-02-24T09:45:38","modified_gmt":"2026-02-24T01:45:38","slug":"2026-professional-three-wavelengths-755-808-1064-diode-laser-hair-removal-machine","status":"publish","type":"product","link":"https:\/\/www.mlkjlasers.com\/pl\/product\/2026-professional-three-wavelengths-755-808-1064-diode-laser-hair-removal-machine\/","title":{"rendered":"2026 Profesjonalna maszyna do depilacji laserowej diody 755 808 1064 o trzech d\u0142ugo\u015bciach fal"},"content":{"rendered":"<p><img fetchpriority=\"high\" decoding=\"async\" class=\"aligncenter size-full wp-image-3319\" src=\"https:\/\/www.mlkjlasers.com\/wp-content\/uploads\/2026\/01\/laser-equipment-1-1.jpg\" alt=\"\" width=\"1920\" height=\"1080\" srcset=\"https:\/\/www.mlkjlasers.com\/wp-content\/uploads\/2026\/01\/laser-equipment-1-1.jpg 1920w, https:\/\/www.mlkjlasers.com\/wp-content\/uploads\/2026\/01\/laser-equipment-1-1-300x169.jpg 300w, https:\/\/www.mlkjlasers.com\/wp-content\/uploads\/2026\/01\/laser-equipment-1-1-1024x576.jpg 1024w, https:\/\/www.mlkjlasers.com\/wp-content\/uploads\/2026\/01\/laser-equipment-1-1-768x432.jpg 768w, https:\/\/www.mlkjlasers.com\/wp-content\/uploads\/2026\/01\/laser-equipment-1-1-1536x864.jpg 1536w, https:\/\/www.mlkjlasers.com\/wp-content\/uploads\/2026\/01\/laser-equipment-1-1-600x338.jpg 600w\" sizes=\"(max-width: 1920px) 100vw, 1920px\" \/><\/p>\n<div><span style=\"font-size: 18pt; font-weight: bold;\">Zalety ni\u017c inne lasery<\/span><\/div>\n<div><span style=\"font-size: 14pt;\">1) <span style=\"font-weight: bold; color: #993366;\">Laser diodowy 808nm <\/span>umo\u017cliwia \u015bwiat\u0142o przenikanie g\u0142\u0119biej do sk\u00f3ry i jest <span style=\"color: #993366; font-weight: bold;\">bezpieczniejsze <\/span>ni\u017c inne lasery, poniewa\u017c mo\u017ce unikn\u0105\u0107 pigmentu melaniny w sk\u00f3rze&#8217; s nask\u00f3rka. <\/span><\/div>\n<div class=\"br-block\"><span style=\"font-size: 14pt;\">2) szybka cz\u0119stotliwo\u015b\u0107 1-10Hz w po\u0142\u0105czeniu z rozmiarem miejsca 12x20mm dla szybszych, bezproblemowych i skutecznych wynik\u00f3w, <span style=\"font-weight: bold; color: #993366;\">szybka depilacja w\u0142os\u00f3w <\/span>do leczenia du\u017cych obszar\u00f3w.<\/span><\/div>\n<div class=\"br-block\"><span style=\"font-size: 14pt;\">3) Moc maszyny 2000W mo\u017ce pracowa\u0107\u00a0<span style=\"color: #993366; font-weight: bold;\">ci\u0105gle przez 24 godziny<\/span> bez przerw, zapewnienie stabilnej pracy w ruchliwych klinikach i salonach w celu zapewnienia optymalnej efektywno\u015bci leczenia.<\/span><\/div>\n<div class=\"br-block\"><span style=\"font-size: 14pt;\">4) Mo\u017cemy go wykorzysta\u0107 do\u00a0<span style=\"font-weight: bold; color: #993366;\">sta\u0142e usuwanie w\u0142os\u00f3w<\/span> wszystkich kolorowych w\u0142os\u00f3w na wszystkich 6 typach sk\u00f3ry, w tym opalonej sk\u00f3ry. <\/span><\/div>\n<div class=\"br-block\"><span style=\"font-size: 14pt;\">5) Przyjazny dla u\u017cytkownika system bazy danych, zdolny do przeprowadzania zabieg\u00f3w w trybie m\u0119skim i kobiecym, w tym r\u00f3\u017cnych cz\u0119\u015bci cia\u0142a, zapewniaj\u0105c\u00a0<span style=\"font-weight: bold; color: #993366;\">bezpieczny<\/span> parametry dla nowicjuszy.<\/span><\/div>\n<div><img decoding=\"async\" class=\"aligncenter size-full wp-image-3316\" src=\"https:\/\/www.mlkjlasers.com\/wp-content\/uploads\/2026\/01\/laser-equipment-7-1.jpg\" alt=\"\" width=\"1920\" height=\"1080\" srcset=\"https:\/\/www.mlkjlasers.com\/wp-content\/uploads\/2026\/01\/laser-equipment-7-1.jpg 1920w, https:\/\/www.mlkjlasers.com\/wp-content\/uploads\/2026\/01\/laser-equipment-7-1-300x169.jpg 300w, https:\/\/www.mlkjlasers.com\/wp-content\/uploads\/2026\/01\/laser-equipment-7-1-1024x576.jpg 1024w, https:\/\/www.mlkjlasers.com\/wp-content\/uploads\/2026\/01\/laser-equipment-7-1-768x432.jpg 768w, https:\/\/www.mlkjlasers.com\/wp-content\/uploads\/2026\/01\/laser-equipment-7-1-1536x864.jpg 1536w, https:\/\/www.mlkjlasers.com\/wp-content\/uploads\/2026\/01\/laser-equipment-7-1-600x338.jpg 600w\" sizes=\"(max-width: 1920px) 100vw, 1920px\" \/><\/div>\n<div>\n<div class=\"br-block\"><span style=\"font-size: 16px;\"><span style=\"font-size: 18pt; font-weight: bold;\">System ch\u0142odzenia TEC<\/span><br \/>\n<span style=\"font-size: 14pt;\">1) Ch\u0142odzenie powietrzne Ch\u0142odzenie wodne wysokiej mocy termostatyczna lod\u00f3wka p\u00f3\u0142przewodnikowa Uchwyt uk\u0142adu TEC: -15 \u2103 do 5 \u2103.\u00a0<\/span><\/span><\/div>\n<div class=\"br-block\"><span style=\"font-size: 14pt;\">2) System ch\u0142odzenia nie tylko sprawia, \u017ce \u200b\u200bleczenie jest bezbolesne i bardzo wygodne dla klient\u00f3w, ale tak\u017ce zapewnia, \u017ce maszyna pracuje ci\u0105gle 24 godziny na dob\u0119.<\/span><\/div>\n<div class=\"br-block\"><span style=\"font-size: 14pt;\">3) System ch\u0142odzenia TEC utrzymuje temperatur\u0119 wody w sta\u0142ej temperaturze 26\u00baC-28\u00baC konsekwentnie.<\/span><\/div>\n<div><img decoding=\"async\" class=\"aligncenter size-full wp-image-3315\" src=\"https:\/\/www.mlkjlasers.com\/wp-content\/uploads\/2026\/01\/laser-equipment-6-1.jpg\" alt=\"\" width=\"1920\" height=\"1080\" srcset=\"https:\/\/www.mlkjlasers.com\/wp-content\/uploads\/2026\/01\/laser-equipment-6-1.jpg 1920w, https:\/\/www.mlkjlasers.com\/wp-content\/uploads\/2026\/01\/laser-equipment-6-1-300x169.jpg 300w, https:\/\/www.mlkjlasers.com\/wp-content\/uploads\/2026\/01\/laser-equipment-6-1-1024x576.jpg 1024w, https:\/\/www.mlkjlasers.com\/wp-content\/uploads\/2026\/01\/laser-equipment-6-1-768x432.jpg 768w, https:\/\/www.mlkjlasers.com\/wp-content\/uploads\/2026\/01\/laser-equipment-6-1-1536x864.jpg 1536w, https:\/\/www.mlkjlasers.com\/wp-content\/uploads\/2026\/01\/laser-equipment-6-1-600x338.jpg 600w\" sizes=\"(max-width: 1920px) 100vw, 1920px\" \/><\/div>\n<div>\n<div class=\"br-block\"><span style=\"font-size: 16px;\"><span style=\"font-size: 18pt; font-weight: bold;\">14-calowy ekran HD<\/span><br \/>\n<span style=\"font-size: 14pt;\">1) Dostosowa\u0107 swoje do\u015bwiadczenie: Ekran pozwala na \u0142atwe dodanie w\u0142asnego unikalnego logo.<\/span><br \/>\n<span style=\"font-size: 14pt;\">2) Wsparcie wieloj\u0119zyczne: Ekran dost\u0119pny w 10 r\u00f3\u017cnych j\u0119zykach dla globalnej adaptacyjno\u015bci.<\/span><br \/>\n<span style=\"font-size: 14pt;\">3) Wybrane obszary leczenia: Wybierz spo\u015br\u00f3d r\u00f3\u017cnych cz\u0119\u015bci cia\u0142a naciskiem przycisku, aby natychmiast rozpocz\u0105\u0107 spersonalizowane leczenie!<\/span><\/span><\/div>\n<div><img loading=\"lazy\" decoding=\"async\" class=\"aligncenter size-full wp-image-3313\" src=\"https:\/\/www.mlkjlasers.com\/wp-content\/uploads\/2026\/01\/laser-equipment-4-1.jpg\" alt=\"\" width=\"1920\" height=\"1080\" srcset=\"https:\/\/www.mlkjlasers.com\/wp-content\/uploads\/2026\/01\/laser-equipment-4-1.jpg 1920w, https:\/\/www.mlkjlasers.com\/wp-content\/uploads\/2026\/01\/laser-equipment-4-1-300x169.jpg 300w, https:\/\/www.mlkjlasers.com\/wp-content\/uploads\/2026\/01\/laser-equipment-4-1-1024x576.jpg 1024w, https:\/\/www.mlkjlasers.com\/wp-content\/uploads\/2026\/01\/laser-equipment-4-1-768x432.jpg 768w, https:\/\/www.mlkjlasers.com\/wp-content\/uploads\/2026\/01\/laser-equipment-4-1-1536x864.jpg 1536w, https:\/\/www.mlkjlasers.com\/wp-content\/uploads\/2026\/01\/laser-equipment-4-1-600x338.jpg 600w\" sizes=\"(max-width: 1920px) 100vw, 1920px\" \/><\/div>\n<div>\n<div><span style=\"font-size: 18pt; font-weight: bold;\">Uchwyt o wysokiej mocy<\/span><br \/>\n<span style=\"font-size: 14pt;\">1) 90% cz\u0119\u015bci zamiennych r\u0119cznego przedmiotu pochodzi z Niemiec, USA i Japonii, zapewnia stabiln\u0105 wydajno\u015b\u0107 maszyny, niesamowite wyniki i d\u0142ug\u0105 prac\u0119.\u00a0<\/span><br \/>\n<span style=\"font-size: 14pt;\">2) Doskona\u0142y system ch\u0142odzenia &#8212; temperatura szafiru och\u0142odza si\u0119 0 ~ 3 \u00b0 C, klienci czuj\u0105 si\u0119 komfortowo i bezbolesnie podczas ca\u0142ego leczenia.\u00a0<\/span><br \/>\n<span style=\"font-size: 14pt;\">3) Proste i przyjazne menu leczenia oraz automatyczny system ochrony alarmu przep\u0142ywu wody, poziomu wody i temperatury wody w menu.<\/span><\/div>\n<\/div>\n<\/div>\n<div><\/div>\n<\/div>\n<div><img loading=\"lazy\" decoding=\"async\" class=\"aligncenter size-full wp-image-3311\" src=\"https:\/\/www.mlkjlasers.com\/wp-content\/uploads\/2026\/01\/laser-equipment-2-1.jpg\" alt=\"\" width=\"1920\" height=\"1080\" srcset=\"https:\/\/www.mlkjlasers.com\/wp-content\/uploads\/2026\/01\/laser-equipment-2-1.jpg 1920w, https:\/\/www.mlkjlasers.com\/wp-content\/uploads\/2026\/01\/laser-equipment-2-1-300x169.jpg 300w, https:\/\/www.mlkjlasers.com\/wp-content\/uploads\/2026\/01\/laser-equipment-2-1-1024x576.jpg 1024w, https:\/\/www.mlkjlasers.com\/wp-content\/uploads\/2026\/01\/laser-equipment-2-1-768x432.jpg 768w, https:\/\/www.mlkjlasers.com\/wp-content\/uploads\/2026\/01\/laser-equipment-2-1-1536x864.jpg 1536w, https:\/\/www.mlkjlasers.com\/wp-content\/uploads\/2026\/01\/laser-equipment-2-1-600x338.jpg 600w\" sizes=\"(max-width: 1920px) 100vw, 1920px\" \/><\/div>\n<div><\/div>\n<div>\n<div><span style=\"font-size: 18pt;\"><strong>Szczeg\u00f3\u0142y uchwytu<\/strong><\/span><\/div>\n<div><span style=\"font-size: 14pt;\"><span style=\"font-weight: bold;\">Alex 755 nm<\/span>: Dla blondyn i delikatnych w\u0142os\u00f3w, radz\u0105c sobie z tymi trudnymi typami z \u0142atwo\u015bci\u0105 i delikatno\u015bci\u0105. Specjalnie zaprojektowany, aby sprosta\u0107 wyj\u0105tkowym wyzwaniom blondynki i cienkich w\u0142os\u00f3w, nasz laser 755nm zapewnia zauwa\u017calne wyniki.<\/span><\/div>\n<div class=\"br-block\"><\/div>\n<div class=\"br-block\"><span style=\"font-size: 14pt;\"><span style=\"font-weight: bold;\">Szybka pr\u0119dko\u015b\u0107 808nm<\/span>: Z\u0142ota standardowa d\u0142ugo\u015b\u0107 fali, idealnie nadaj\u0105ca si\u0119 do usuwania w\u0142os\u00f3w wszystkich rodzaj\u00f3w i tekstur, zaspokajaj\u0105c r\u00f3\u017cnorodne potrzeby usuwania w\u0142os\u00f3w.<\/span><\/div>\n<div class=\"br-block\"><span style=\"font-size: 14pt;\"><span style=\"font-weight: bold;\">D\u0142ugi impuls 1064nm<\/span>Skupiaj\u0105c si\u0119 na g\u0142\u0119bszej penetracji, ta d\u0142ugo\u015b\u0107 fali jest zaprojektowana dla ciemnej i opalonej sk\u00f3ry, zapewniaj\u0105c bezpieczne i skuteczne zabiegi dla szerszego zakresu odcieni sk\u00f3ry. Ciemna i opalona sk\u00f3ra.<\/span><\/div>\n<\/div>\n<div><img loading=\"lazy\" decoding=\"async\" class=\"aligncenter size-full wp-image-3317\" src=\"https:\/\/www.mlkjlasers.com\/wp-content\/uploads\/2026\/01\/laser-equipment-8-1.jpg\" alt=\"\" width=\"1920\" height=\"1080\" srcset=\"https:\/\/www.mlkjlasers.com\/wp-content\/uploads\/2026\/01\/laser-equipment-8-1.jpg 1920w, https:\/\/www.mlkjlasers.com\/wp-content\/uploads\/2026\/01\/laser-equipment-8-1-300x169.jpg 300w, https:\/\/www.mlkjlasers.com\/wp-content\/uploads\/2026\/01\/laser-equipment-8-1-1024x576.jpg 1024w, https:\/\/www.mlkjlasers.com\/wp-content\/uploads\/2026\/01\/laser-equipment-8-1-768x432.jpg 768w, https:\/\/www.mlkjlasers.com\/wp-content\/uploads\/2026\/01\/laser-equipment-8-1-1536x864.jpg 1536w, https:\/\/www.mlkjlasers.com\/wp-content\/uploads\/2026\/01\/laser-equipment-8-1-600x338.jpg 600w\" sizes=\"(max-width: 1920px) 100vw, 1920px\" \/><\/div>\n<div>\n<div><span style=\"font-weight: bold; font-size: 18pt;\">Ogromna przewaga<\/span><\/div>\n<div><span style=\"font-size: 14pt;\">&gt;  &gt; Inteligentne rozpoznawanie koloru sk\u00f3ry &#8211; kolor sk\u00f3ry automatycznie dopasowuje si\u0119 do energii, zmniejszaj\u0105c ryzyko oparze\u0144.<\/span><br \/>\n<span style=\"font-size: 14pt;\">&gt;  &gt; 10 milion\u00f3w \u017cywotno\u015bci lasera &#8211; obliczony na podstawie leczenia ca\u0142ego cia\u0142a, mo\u017ce obs\u0142ugiwa\u0107 300 klient\u00f3w.<\/span><br \/>\n<span style=\"font-size: 14pt;\">&gt;  &gt; Ekran dotykowy o wysokiej rozdzielczo\u015bci, obs\u0142uguj\u0105cy prze\u0142\u0105czanie interfejs\u00f3w j\u0119zykowych jednym klikni\u0119ciem w r\u00f3\u017cnych krajach.<\/span><br \/>\n<span style=\"font-size: 14pt;\">&gt;  &gt; Lekka konstrukcja uchwytu, uchwyt przez 30 minut bez b\u00f3lu.<\/span><br \/>\n<span style=\"font-size: 14pt;\">&gt;  &gt; Ca\u0142a maszyna przesz\u0142a certyfikaty FDA, CE, ISO i inne i jest eksportowana do 72 kraj\u00f3w bez barier.<\/span><\/div>\n<div class=\"br-block\"><span style=\"font-size: 14pt;\">&gt;  &gt; 1000W 1200w umo\u017cliwia kompleksow\u0105 depilacj\u0119 na ca\u0142ym ciele.<br \/>\n&gt;  &gt; 755nm \/ 808nm \/ 1064nm wyrafinowane potr\u00f3jne d\u0142ugo\u015bci fali.<br \/>\n&gt;  &gt; Imponuj\u0105ca d\u0142ugowieczno\u015b\u0107, z \u017cywotno\u015bci\u0105 przekraczaj\u0105c\u0105 40 milion\u00f3w strza\u0142\u00f3w.<br \/>\n&gt;  &gt; Pompa wodna W\u0142ochy, zapewniaj\u0105ca ci\u0105g\u0142\u0105 prac\u0119 przez 24 godziny bez przerw.<\/span><\/div>\n<div><img loading=\"lazy\" decoding=\"async\" class=\"aligncenter size-full wp-image-3312\" src=\"https:\/\/www.mlkjlasers.com\/wp-content\/uploads\/2026\/01\/laser-equipment-3-1.jpg\" alt=\"\" width=\"1920\" height=\"1080\" srcset=\"https:\/\/www.mlkjlasers.com\/wp-content\/uploads\/2026\/01\/laser-equipment-3-1.jpg 1920w, https:\/\/www.mlkjlasers.com\/wp-content\/uploads\/2026\/01\/laser-equipment-3-1-300x169.jpg 300w, https:\/\/www.mlkjlasers.com\/wp-content\/uploads\/2026\/01\/laser-equipment-3-1-1024x576.jpg 1024w, https:\/\/www.mlkjlasers.com\/wp-content\/uploads\/2026\/01\/laser-equipment-3-1-768x432.jpg 768w, https:\/\/www.mlkjlasers.com\/wp-content\/uploads\/2026\/01\/laser-equipment-3-1-1536x864.jpg 1536w, https:\/\/www.mlkjlasers.com\/wp-content\/uploads\/2026\/01\/laser-equipment-3-1-600x338.jpg 600w\" sizes=\"(max-width: 1920px) 100vw, 1920px\" \/><\/div>\n<\/div>\n<p><span style=\"font-size: 18pt; font-weight: bold;\">755 808 Maszyna do depilacji laserowej diody 1064nm jest g\u0142\u00f3wnie przeznaczona do profesjonalnej depilacji<\/span><\/p>\n<p><span style=\"font-size: 14pt;\">-755nm g\u0142\u00f3wnie dla jasnych w\u0142os\u00f3w na bia\u0142ej sk\u00f3rze,<\/span><br \/>\n<span style=\"font-size: 14pt;\">- 808nm maj\u0105 dobry wynik dla wszystkich typ\u00f3w sk\u00f3ry i koloru w\u0142os\u00f3w.<\/span><br \/>\n<span style=\"font-size: 14pt;\">1064nm wykonuje dobr\u0105 robot\u0119 w usuwaniu w\u0142os\u00f3w z czarnej sk\u00f3ry.<\/span><\/p>\n<h3 class=\"contents\"><span style=\"font-size: 18pt; font-family: georgia, palatino, serif;\">Przed i po<\/span><span style=\"font-size: 16px;\"> <img loading=\"lazy\" decoding=\"async\" class=\"aligncenter size-full wp-image-3106\" src=\"https:\/\/www.mlkjlasers.com\/wp-content\/uploads\/2024\/06\/8.jpg\" alt=\"\" width=\"1920\" height=\"1080\" srcset=\"https:\/\/www.mlkjlasers.com\/wp-content\/uploads\/2024\/06\/8.jpg 1920w, https:\/\/www.mlkjlasers.com\/wp-content\/uploads\/2024\/06\/8-300x169.jpg 300w, https:\/\/www.mlkjlasers.com\/wp-content\/uploads\/2024\/06\/8-1024x576.jpg 1024w, https:\/\/www.mlkjlasers.com\/wp-content\/uploads\/2024\/06\/8-768x432.jpg 768w, https:\/\/www.mlkjlasers.com\/wp-content\/uploads\/2024\/06\/8-1536x864.jpg 1536w, https:\/\/www.mlkjlasers.com\/wp-content\/uploads\/2024\/06\/8-600x338.jpg 600w\" sizes=\"(max-width: 1920px) 100vw, 1920px\" \/><\/span><\/h3>\n<p><span style=\"font-size: 14pt;\">Nadaje si\u0119 do wszystkich rodzaj\u00f3w sk\u00f3ry i w\u0142os\u00f3w. Takie jak trwale usuwa\u0107 w\u0142osy warg, w\u0142osy brody, w\u0142osy klatki piersiowej, w\u0142osy pachy, w\u0142osy ko\u0144czyn i niepo\u017c\u0105dane w\u0142osy na dowolnych cz\u0119\u015bciach cia\u0142a.<\/span><\/p>\n<p><img loading=\"lazy\" decoding=\"async\" class=\"aligncenter wp-image-3107\" src=\"https:\/\/www.mlkjlasers.com\/wp-content\/uploads\/2024\/06\/9.jpg\" alt=\"\" width=\"1518\" height=\"854\" srcset=\"https:\/\/www.mlkjlasers.com\/wp-content\/uploads\/2024\/06\/9.jpg 1200w, https:\/\/www.mlkjlasers.com\/wp-content\/uploads\/2024\/06\/9-300x169.jpg 300w, https:\/\/www.mlkjlasers.com\/wp-content\/uploads\/2024\/06\/9-1024x576.jpg 1024w, https:\/\/www.mlkjlasers.com\/wp-content\/uploads\/2024\/06\/9-768x432.jpg 768w, https:\/\/www.mlkjlasers.com\/wp-content\/uploads\/2024\/06\/9-600x338.jpg 600w\" sizes=\"(max-width: 1518px) 100vw, 1518px\" \/><\/p>\n<p><span style=\"font-size: 14pt; font-family: helvetica, arial, sans-serif;\"><strong><a href=\"https:\/\/www.mlkjlasers.com\/pl\/contact-us\/\" target=\"_blank\" rel=\"noopener\">Skontaktuj si\u0119 z nami ju\u017c dzisiaj! <\/a><\/strong><\/span><\/p>\n<p><span style=\"font-size: 14pt; font-family: helvetica, arial, sans-serif;\"><strong><a href=\"https:\/\/www.mlkjlasers.com\/pl\/contact-us\/\" target=\"_blank\" rel=\"noopener\">[Phone Number]\uff1a+8618054417523<\/a><\/strong><\/span><\/p>\n<p>[Email\u00a0Address]:sale@mingliangkj.com<\/p>","protected":false},"excerpt":{"rendered":"<p>* 755nm 808nm 1064nm diodowa technologia laserowa, odpowiednia dla wszystkich typ\u00f3w sk\u00f3ry.<\/p>\n<p>* Skutecznie sprzyja akumulacji ciep\u0142a w mieszkach w\u0142osowych, c<span data-slate-fragment=\"JTVCJTdCJTIydHlwZSUyMiUzQSUyMnBhcmFncmFwaCUyMiUyQyUyMmNoaWxkcmVuJTIyJTNBJTVCJTdCJTIyaWQlMjIlM0ElMjJ6bExab0xiMG16JTIyJTJDJTIycGFyYUlkeCUyMiUzQTAlMkMlMjJzcmMlMjIlM0ElMjJzZWFtbGVzcyUyMGFuZCUyMGVmZmVjdGl2ZSUyMHJlc3VsdHMlMkMlQzIlQTBmYXN0JTIwaGFpciUyMHJlbW92YWwlMjBmb3IlMjBiaWclMjBhcmVhJTIwdHJlYXRtZW50LiUyMiUyQyUyMmRzdCUyMiUzQSUyMiVFNiU5NyVBMCVFNyVCQyU5RCVFNiU5QyU4OSVFNiU5NSU4OCVFNyU5QSU4NCVFNiU5NSU4OCVFNiU5RSU5QyVFRiVCQyU4QyVFNSVCRiVBQiVFOSU4MCU5RiVFOCU4NCVCMSVFNiVBRiU5QiVFRiVCQyU4QyVFOSU4MCU4MiVFNyU5NCVBOCVFNCVCQSU4RSVFNSVBNCVBNyVFOSU5RCVBMiVFNyVBNyVBRiVFNiVCMiVCQiVFNyU5NiU5NyVFMyU4MCU4MiUyMiUyQyUyMm1ldGFkYXRhJTIyJTNBJTIyJTIyJTJDJTIybWF0Y2hlcyUyMiUzQW51bGwlMkMlMjJ0cmFuc2xhdGVkQnklMjIlM0FudWxsJTJDJTIybWV0YURhdGElMjIlM0ElNUIlNUQlMkMlMjJ0ZXh0JTIyJTNBJTIyc2VhbWxlc3MlMjBhbmQlMjBlZmZlY3RpdmUlMjByZXN1bHRzJTJDJUMyJUEwZmFzdCUyMGhhaXIlMjByZW1vdmFsJTIwZm9yJTIwYmlnJTIwYXJlYSUyMHRyZWF0bWVudC4lMjIlN0QlNUQlN0QlNUQ=\">osi\u0105gn\u0105\u0107 szybkie usuwanie w\u0142os\u00f3w.<\/span><\/p>\n<p>* Laser diodowy 808nm jest bezpieczniejszy, z wydajnym ch\u0142odzeniem, bezbolesnym punktem zamra\u017cania i trwa\u0142\u0105 bezbolesn\u0105 depilacj\u0105.<\/p>\n<p>* System ch\u0142odzenia trzy-w-jednym: ch\u0142odzenie powietrzem ch\u0142odzenie wod\u0105 spr\u0119\u017carka ch\u0142odzenia trzy-w-jednym systemie. 24-godzinna zdolno\u015b\u0107 pracy.<\/p>","protected":false},"featured_media":3302,"comment_status":"open","ping_status":"closed","template":"","meta":[],"product_cat":[15],"product_tag":[],"class_list":["post-3323","product","type-product","status-publish","has-post-thumbnail","hentry","product_cat-diode-laser-hair-removal-machine"],"_links":{"self":[{"href":"https:\/\/www.mlkjlasers.com\/pl\/wp-json\/wp\/v2\/product\/3323","targetHints":{"allow":["GET"]}}],"collection":[{"href":"https:\/\/www.mlkjlasers.com\/pl\/wp-json\/wp\/v2\/product"}],"about":[{"href":"https:\/\/www.mlkjlasers.com\/pl\/wp-json\/wp\/v2\/types\/product"}],"replies":[{"embeddable":true,"href":"https:\/\/www.mlkjlasers.com\/pl\/wp-json\/wp\/v2\/comments?post=3323"}],"wp:featuredmedia":[{"embeddable":true,"href":"https:\/\/www.mlkjlasers.com\/pl\/wp-json\/wp\/v2\/media\/3302"}],"wp:attachment":[{"href":"https:\/\/www.mlkjlasers.com\/pl\/wp-json\/wp\/v2\/media?parent=3323"}],"wp:term":[{"taxonomy":"product_cat","embeddable":true,"href":"https:\/\/www.mlkjlasers.com\/pl\/wp-json\/wp\/v2\/product_cat?post=3323"},{"taxonomy":"product_tag","embeddable":true,"href":"https:\/\/www.mlkjlasers.com\/pl\/wp-json\/wp\/v2\/product_tag?post=3323"}],"curies":[{"name":"wp","href":"https:\/\/api.w.org\/{rel}","templated":true}]}}