{"id":2320,"date":"2023-08-22T13:37:17","date_gmt":"2023-08-22T05:37:17","guid":{"rendered":"https:\/\/mlkjlasers.com\/?page_id=2320"},"modified":"2023-08-22T13:41:17","modified_gmt":"2023-08-22T05:41:17","slug":"privacy-policy","status":"publish","type":"page","link":"https:\/\/www.mlkjlasers.com\/pt\/privacy-policy\/","title":{"rendered":"Pol\u00edtica de Privacidade"},"content":{"rendered":"<div data-elementor-type=\"wp-page\" data-elementor-id=\"2320\" class=\"elementor elementor-2320\" data-elementor-post-type=\"page\">\n\t\t\t\t\t\t<section class=\"elementor-section elementor-top-section elementor-element elementor-element-777b5a7 elementor-section-boxed elementor-section-height-default elementor-section-height-default\" data-id=\"777b5a7\" data-element_type=\"section\">\n\t\t\t\t\t\t<div class=\"elementor-container elementor-column-gap-default\">\n\t\t\t\t\t<div class=\"elementor-column elementor-col-100 elementor-top-column elementor-element elementor-element-e53dd6c\" data-id=\"e53dd6c\" data-element_type=\"column\">\n\t\t\t<div class=\"elementor-widget-wrap elementor-element-populated\">\n\t\t\t\t\t\t<div class=\"elementor-element elementor-element-6f21634 elementor-widget elementor-widget-text-editor\" data-id=\"6f21634\" data-element_type=\"widget\" data-widget_type=\"text-editor.default\">\n\t\t\t\t<div class=\"elementor-widget-container\">\n\t\t\t\t\t\t\t\t\t<p><span style=\"font-size: 14pt\"><strong>1. Que informa\u00e7\u00e3o coletamos?<\/strong><\/span><br \/><span style=\"font-size: 14pt\">Recolhem o cliente nome, informa\u00e7\u00e3o de contato, conte\u00fado de trabalho, bens que voc\u00ea quer comprar no futuro pr\u00f3ximo, etc.<\/span><\/p><p><span style=\"font-size: 14pt\"><strong>2.Como usamos essa informa\u00e7\u00e3o?<\/strong><\/span><br \/><span style=\"font-size: 14pt\">\u00a0N\u00f3s respeitamos estritamente as leis, regulamentos e acordos com os usu\u00e1rios, e usamos a informa\u00e7\u00e3o coletada para os seguintes prop\u00f3sitos. Se usarmos sua informa\u00e7\u00e3o para mais do que os seguintes prop\u00f3sitos, explicaremos novamente e obteremos seu consentimento.<\/span><br \/><span style=\"font-size: 14pt\">Fornecer servi\u00e7os que satisfa\u00e7am suas necessidades pessoais, como configura\u00e7\u00f5es lingu\u00edsticas, configura\u00e7\u00f5es de localiza\u00e7\u00e3o e servi\u00e7os de ajuda personalizados. O departamento de seguran\u00e7a recomenda an\u00fancios, informa\u00e7\u00f5es, etc. Voc\u00ea pode estar interessado em avaliar e melhorar a efic\u00e1cia de nossa publicidade e outras atividades promocionais. Por favor, participem da pesquisa sobre nossos servi\u00e7os.<\/span><\/p><p><span style=\"font-size: 14pt\"><strong>3.Compartiremos essa informa\u00e7\u00e3o com os benefici\u00e1rios ou terceiros<\/strong><\/span><br \/><span style=\"font-size: 14pt\">N\u00f3s respeitamos sua privacidade e o prop\u00f3sito para o qual nossos visitantes nos fornecem informa\u00e7\u00f5es. N\u00e3o vamos compartilhar, vender ou alugar qualquer informa\u00e7\u00e3o coletada a qualquer terceiro, e n\u00e3o vamos faz\u00ea-lo no futuro.<\/span><br \/><span style=\"font-size: 14pt\">Se voc\u00ea solicitar ou nos enviar informa\u00e7\u00e3o enviando um email ou preenchendo o formul\u00e1rio de contato atrav\u00e9s do &#8220; Enviar para:&#8221; funciona, podemos guardar seu endere\u00e7o de correio e qualquer outra informa\u00e7\u00e3o que voc\u00ea possa fornecer. Essa informa\u00e7\u00e3o pode ser usada no futuro para contat\u00e1-la atrav\u00e9s de e-mail, e-mail ou telefone para transmitir informa\u00e7\u00f5es sobre solu\u00e7\u00f5es ou servi\u00e7os que achamos que podem ser ben\u00e9ficos para voc\u00ea. O email e outras informa\u00e7\u00f5es que voc\u00ea fornece n\u00e3o ser\u00e3o vendidas a nenhum terceiro.<\/span><\/p><p><span style=\"font-size: 14pt\"><strong>4.Os clientes podem ver ou eliminar a informa\u00e7\u00e3o que coletamos?<\/strong><\/span><br \/><span style=\"font-size: 14pt\">N\u00f3s fornecemos op\u00e7\u00f5es convenientes de gest\u00e3o de informa\u00e7\u00e3o para que voc\u00ea possa fazer escolhas adequadas e gerenciar sua informa\u00e7\u00e3o pessoal. N\u00f3s respeitamos estritamente as leis e regulamentos para proteger seus segredos de comunica\u00e7\u00e3o e fornecer servi\u00e7os de comunica\u00e7\u00e3o seguros.<\/span><\/p><p><span style=\"font-size: 14pt\"><strong>5.Respondendo a pedidos legais<\/strong><\/span><br \/><span style=\"font-size: 14pt\">(1) Para a seguran\u00e7a, voc\u00ea pode precisar fornecer um pedido para provar sua identidade. Podemos pedir que verifique sua identidade antes de processar seu pedido.<\/span><br \/><span style=\"font-size: 14pt\">(2) N\u00f3s responderemos dentro de 30 dias. Se voc\u00ea n\u00e3o estiver satisfeito, voc\u00ea tamb\u00e9m pode iniciar uma queixa atrav\u00e9s da informa\u00e7\u00e3o de contato do servi\u00e7o de cliente dessa pol\u00edtica de privacidade.<\/span><br \/><span style=\"font-size: 14pt\">(3) N\u00e3o seremos capazes de responder ao seu pedido de acordo com leis e regulamentos nos seguintes casos:<\/span><br \/><span style=\"font-size: 14pt\">* Relatado \u00e0 seguran\u00e7a nacional e \u00e0 defesa nacional;<\/span><br \/><span style=\"font-size: 14pt\">* Relatado \u00e0 seguran\u00e7a p\u00fablica, sa\u00fade p\u00fablica e grandes interesses p\u00fablicos;<\/span><br \/><span style=\"font-size: 14pt\">*Relatado \u00e0 investiga\u00e7\u00e3o penal, persegui\u00e7\u00e3o, julgamento e execu\u00e7\u00e3o de julgamento;<\/span><br \/><span style=\"font-size: 14pt\">*Existem evid\u00eancias suficientes para mostrar que o sujeito da informa\u00e7\u00e3o pessoal tem malic\u00eancia subjetiva ou abuso de direitos;<\/span><br \/><span style=\"font-size: 14pt\">* Respondendo ao seu pedido causar\u00e1 danos graves aos direitos e interesses leg\u00edtimos de voc\u00eas ou de outros indiv\u00edduos e organiza\u00e7\u00f5es;<\/span><br \/><span style=\"font-size: 14pt\">*Involhando segredos comerciais.<\/span><\/p><p><span style=\"font-size: 14pt\"><strong>6.Como vamos avis\u00e1-los se mudarmos nossas pr\u00e1ticas de privacidade?<\/strong><\/span><br \/><span style=\"font-size: 14pt\">Se essas mudan\u00e7as resultarem em uma derroga\u00e7\u00e3o material de seus direitos no \u00e2mbito desta Pol\u00edtica, vamos notificar as mudan\u00e7as por aviso prominente na p\u00e1gina, e-mail ou outros meios antes das mudan\u00e7as tornarem-se efetivas. Nestas circunst\u00e2ncias, ao continuar a usar nossos servi\u00e7os, voc\u00ea concorda em estar vinculado pela pol\u00edtica revista.<\/span><\/p><p><span style=\"font-size: 14pt\"><strong>7. Como nos contatar?<\/strong><\/span><br \/><span style=\"font-size: 14pt\">Se voc\u00ea tem alguma pergunta, coment\u00e1rios ou sugest\u00f5es sobre essa pol\u00edtica de privacidade, voc\u00ea pode nos contatar\u00a0<\/span><br \/><span style=\"font-size: 14pt\">Email: sale@mingliangkj.com\u00a0<\/span><br \/><span style=\"font-size: 14pt\">N\u00famero: 8615965364558 (o que \u00e9 o mesmo n\u00famero), etc.<\/span><\/p><p><span style=\"font-size: 14pt\"><strong>8.Quando a pol\u00edtica de privacidade entra em vigor?<\/strong><\/span><br \/><span style=\"font-size: 14pt\">O conte\u00fado ajustado ou alterado ter\u00e1 efeito um dia ap\u00f3s ser notificado ou publicado. Se voc\u00ea continuar a usar qualquer um de nossos servi\u00e7os ou visitar nossos sites relevantes ap\u00f3s o ajuste ou mudan\u00e7a da pol\u00edtica de privacidade, acreditamos que isso significa que voc\u00ea leu, entendeu e aceitou completamente a pol\u00edtica de privacidade revista e est\u00e1 vinculado por ela.<\/span><\/p>\t\t\t\t\t\t\t\t<\/div>\n\t\t\t\t<\/div>\n\t\t\t\t\t<\/div>\n\t\t<\/div>\n\t\t\t\t\t<\/div>\n\t\t<\/section>\n\t\t\t\t<\/div>","protected":false},"excerpt":{"rendered":"<p>1. Que informa\u00e7\u00e3o coletamos? Recolhem o cliente nome, informa\u00e7\u00e3o de contato, conte\u00fado de trabalho, bens que voc\u00ea quer comprar no futuro pr\u00f3ximo, etc. 2. Como usamos essa informa\u00e7\u00e3o? [UNK] N\u00f3s respeitamos estritamente as leis e regulamentos e acordos com os usu\u00e1rios, e usamos a informa\u00e7\u00e3o coletada para os seguintes prop\u00f3sitos. Se usarmos sua informa\u00e7\u00e3o para mais de [&hellip;]<\/p>","protected":false},"author":167,"featured_media":0,"parent":0,"menu_order":11,"comment_status":"closed","ping_status":"closed","template":"elementor_header_footer","meta":{"footnotes":""},"class_list":["post-2320","page","type-page","status-publish","hentry"],"_links":{"self":[{"href":"https:\/\/www.mlkjlasers.com\/pt\/wp-json\/wp\/v2\/pages\/2320","targetHints":{"allow":["GET"]}}],"collection":[{"href":"https:\/\/www.mlkjlasers.com\/pt\/wp-json\/wp\/v2\/pages"}],"about":[{"href":"https:\/\/www.mlkjlasers.com\/pt\/wp-json\/wp\/v2\/types\/page"}],"author":[{"embeddable":true,"href":"https:\/\/www.mlkjlasers.com\/pt\/wp-json\/wp\/v2\/users\/167"}],"replies":[{"embeddable":true,"href":"https:\/\/www.mlkjlasers.com\/pt\/wp-json\/wp\/v2\/comments?post=2320"}],"version-history":[{"count":7,"href":"https:\/\/www.mlkjlasers.com\/pt\/wp-json\/wp\/v2\/pages\/2320\/revisions"}],"predecessor-version":[{"id":2328,"href":"https:\/\/www.mlkjlasers.com\/pt\/wp-json\/wp\/v2\/pages\/2320\/revisions\/2328"}],"wp:attachment":[{"href":"https:\/\/www.mlkjlasers.com\/pt\/wp-json\/wp\/v2\/media?parent=2320"}],"curies":[{"name":"wp","href":"https:\/\/api.w.org\/{rel}","templated":true}]}}